{"id":859,"date":"2023-03-23T15:47:39","date_gmt":"2023-03-23T15:47:39","guid":{"rendered":"https:\/\/www.itba.edu.ar\/eventos\/?page_id=859"},"modified":"2026-03-27T14:07:45","modified_gmt":"2026-03-27T17:07:45","slug":"formulario-grado-jornadas-vocacionales","status":"publish","type":"page","link":"https:\/\/www.itba.edu.ar\/landing\/formulario-grado-jornadas-vocacionales\/","title":{"rendered":"Formulario grado jornadas vocacionales"},"content":{"rendered":"\n<div class=\"et_pb_section_0 et_pb_section et_section_regular et_block_section\"><div class=\"et_pb_row_0 et_pb_row et_block_row\"><div class=\"et_pb_column_0 et_pb_column et_pb_column_4_4 et-last-child et_block_column et_pb_css_mix_blend_mode_passthrough\"><div class=\"et_pb_text_0 et_pb_text et_pb_bg_layout_light et_pb_module et_block_module\"><div class=\"et_pb_text_inner\"><p>ELEG\u00cd TU VOCACI\u00d3N EL ITBA TE ACOMPA\u00d1A<\/p>\n<p>\u00a1Hola! te invitamos a participar de esta actividad. Una jornada de reflexi\u00f3n y b\u00fasqueda vocacional en donde te acompa\u00f1amos, orientamos y ayudamos a elegir tu futura carrera.<br \/>Complet\u00e1 el siguiente formulario con tus datos, seleccionando el horario en el que quer\u00e9s participar.<\/p>\n<\/div><\/div><div class=\"et_pb_code_0 et_pb_code et_pb_module\"><div class=\"et_pb_code_inner\"><!-- FORM: HEAD SECTION -->\n    <meta http-equiv=\"Content-Type\" content=\"text\/html; charset=utf-8\" \/>\n    <meta name=\"referrer\" content=\"no-referrer-when-downgrade\">\n    <!-- THIS SCRIPT NEEDS TO BE LOADED FIRST BEFORE wforms.js -->\n    <script type=\"text\/javascript\" data-for=\"FA__DOMContentLoadedEventDispatch\" src=\"https:\/\/www.tfaforms.com\/js\/FA__DOMContentLoadedEventDispatcher.js\" defer><\/script>\n            <script type=\"text\/javascript\">\n        document.addEventListener(\"FA__DOMContentLoaded\", function(){\n            const FORM_TIME_START = Math.floor((new Date).getTime()\/1000);\n            let formElement = document.getElementById(\"tfa_0\");\n            if (null === formElement) {\n                formElement = document.getElementById(\"0\");\n            }\n            let appendJsTimerElement = function(){\n                let formTimeDiff = Math.floor((new Date).getTime()\/1000) - FORM_TIME_START;\n                let cumulatedTimeElement = document.getElementById(\"tfa_dbCumulatedTime\");\n                if (null !== cumulatedTimeElement) {\n                    let cumulatedTime = parseInt(cumulatedTimeElement.value);\n                    if (null !== cumulatedTime && cumulatedTime > 0) {\n                        formTimeDiff += cumulatedTime;\n                    }\n                }\n                let jsTimeInput = document.createElement(\"input\");\n                jsTimeInput.setAttribute(\"type\", \"hidden\");\n                jsTimeInput.setAttribute(\"value\", formTimeDiff.toString());\n                jsTimeInput.setAttribute(\"name\", \"tfa_dbElapsedJsTime\");\n                jsTimeInput.setAttribute(\"id\", \"tfa_dbElapsedJsTime\");\n                jsTimeInput.setAttribute(\"autocomplete\", \"off\");\n                if (null !== formElement) {\n                    formElement.appendChild(jsTimeInput);\n                }\n            };\n            if (null !== formElement) {\n                if(formElement.addEventListener){\n                    formElement.addEventListener('submit', appendJsTimerElement, false);\n                } else if(formElement.attachEvent){\n                    formElement.attachEvent('onsubmit', appendJsTimerElement);\n                }\n            }\n        });\n    <\/script>\n\n    <link href=\"https:\/\/www.tfaforms.com\/dist\/form-builder\/5.0.0\/wforms-layout.css?v=1695833171\" rel=\"stylesheet\" type=\"text\/css\" \/>\n\n    <link href=\"https:\/\/www.tfaforms.com\/uploads\/themes\/theme-85838.css\" rel=\"stylesheet\" type=\"text\/css\" \/>\n    <link href=\"https:\/\/www.tfaforms.com\/dist\/form-builder\/5.0.0\/wforms-jsonly.css?v=1695833171\" rel=\"alternate stylesheet\" title=\"This stylesheet activated by javascript\" type=\"text\/css\" \/>\n    <script type=\"text\/javascript\" src=\"https:\/\/www.tfaforms.com\/wForms\/3.11\/js\/wforms.js?v=1695833171\"><\/script>\n    <script type=\"text\/javascript\">\n        wFORMS.behaviors.prefill.skip = false;\n    <\/script>\n        <script type=\"text\/javascript\" src=\"https:\/\/www.tfaforms.com\/wForms\/3.11\/js\/localization-es_AR.js?v=1695833171\"><\/script>\n\n<!-- FORM: BODY SECTION -->\n<div class=\"wFormContainer\" >\n    <div class=\"wFormHeader\"><\/div>\n    <style type=\"text\/css\"><\/style><div class=\"\"><div class=\"wForm\" id=\"5011525-WRPR\" dir=\"ltr\">\n<div class=\"codesection\" id=\"code-5011525\"><\/div>\n<form method=\"post\" action=\"https:\/\/www.tfaforms.com\/api_v2\/workflow\/processor\" class=\"hintsBelow labelsLeftAligned\" id=\"5011525\" role=\"form\">\n<div class=\"oneField field-container-D    \" id=\"tfa_1-D\">\n<label id=\"tfa_1-L\" class=\"label preField reqMark\" for=\"tfa_1\">Nombre<\/label><div class=\"inputWrapper\"><input aria-required=\"true\" type=\"text\" id=\"tfa_1\" name=\"tfa_1\" value=\"\" title=\"Nombre\" class=\"required\"><\/div>\n<\/div>\n<div class=\"oneField field-container-D    \" id=\"tfa_2-D\">\n<label id=\"tfa_2-L\" class=\"label preField reqMark\" for=\"tfa_2\">Apellido<\/label><div class=\"inputWrapper\"><input aria-required=\"true\" type=\"text\" id=\"tfa_2\" name=\"tfa_2\" value=\"\" title=\"Apellido\" class=\"required\"><\/div>\n<\/div>\n<div class=\"oneField field-container-D    \" id=\"tfa_4-D\">\n<label id=\"tfa_4-L\" class=\"label preField reqMark\" for=\"tfa_4\">Email<\/label><div class=\"inputWrapper\"><input aria-required=\"true\" type=\"text\" id=\"tfa_4\" name=\"tfa_4\" value=\"\" title=\"Email\" class=\"validate-email required\"><\/div>\n<\/div>\n<div class=\"oneField field-container-D    \" id=\"tfa_54-D\">\n<label id=\"tfa_54-L\" class=\"label preField reqMark\" for=\"tfa_54\">DNI<\/label><div class=\"inputWrapper\"><input aria-required=\"true\" type=\"text\" id=\"tfa_54\" name=\"tfa_54\" value=\"\" title=\"DNI\" class=\"required\"><\/div>\n<\/div>\n<div class=\"oneField field-container-D    \" id=\"tfa_3-D\">\n<label id=\"tfa_3-L\" class=\"label preField reqMark\" for=\"tfa_3\">Tel\u00e9fono Celular<\/label><div class=\"inputWrapper\"><input aria-required=\"true\" type=\"text\" id=\"tfa_3\" name=\"tfa_3\" value=\"\" title=\"Tel\u00e9fono Celular\" class=\"required\"><\/div>\n<\/div>\n<div class=\"oneField field-container-D    \" id=\"tfa_22-D\">\n<label id=\"tfa_22-L\" class=\"label preField \" for=\"tfa_22\">Colegio<\/label><div class=\"inputWrapper\"><input type=\"text\" id=\"tfa_22\" name=\"tfa_22\" value=\"\" title=\"Colegio\" class=\"\"><\/div>\n<\/div>\n<div class=\"oneField field-container-D    \" id=\"tfa_70-D\">\n<label id=\"tfa_70-L\" class=\"label preField \" for=\"tfa_70\">Provincia<\/label><div class=\"inputWrapper\"><select id=\"tfa_70\" name=\"tfa_70\" title=\"Provincia\" class=\"\"><option value=\"\">Selecciona por favor<\/option>\n<option value=\"tfa_71\" id=\"tfa_71\" class=\"\">AMBA<\/option>\n<option value=\"tfa_72\" id=\"tfa_72\" class=\"\">Buenos Aires<\/option>\n<option value=\"tfa_73\" id=\"tfa_73\" class=\"\">CABA<\/option>\n<option value=\"tfa_74\" id=\"tfa_74\" class=\"\">Catamarca<\/option>\n<option value=\"tfa_75\" id=\"tfa_75\" class=\"\">Chaco<\/option>\n<option value=\"tfa_76\" id=\"tfa_76\" class=\"\">Chubut<\/option>\n<option value=\"tfa_77\" id=\"tfa_77\" class=\"\">C\u00f3rdoba<\/option>\n<option value=\"tfa_78\" id=\"tfa_78\" class=\"\">Corrientes<\/option>\n<option value=\"tfa_79\" id=\"tfa_79\" class=\"\">Entre R\u00edos<\/option>\n<option value=\"tfa_80\" id=\"tfa_80\" class=\"\">Formosa<\/option>\n<option value=\"tfa_81\" id=\"tfa_81\" class=\"\">Jujuy<\/option>\n<option value=\"tfa_82\" id=\"tfa_82\" class=\"\">La Pampa<\/option>\n<option value=\"tfa_83\" id=\"tfa_83\" class=\"\">La Rioja<\/option>\n<option value=\"tfa_84\" id=\"tfa_84\" class=\"\">Mendoza<\/option>\n<option value=\"tfa_85\" id=\"tfa_85\" class=\"\">Misiones<\/option>\n<option value=\"tfa_86\" id=\"tfa_86\" class=\"\">Neuqu\u00e9n<\/option>\n<option value=\"tfa_87\" id=\"tfa_87\" class=\"\">R\u00edo Negro<\/option>\n<option value=\"tfa_88\" id=\"tfa_88\" class=\"\">Salta<\/option>\n<option value=\"tfa_89\" id=\"tfa_89\" class=\"\">San Juan<\/option>\n<option value=\"tfa_90\" id=\"tfa_90\" class=\"\">San Luis<\/option>\n<option value=\"tfa_91\" id=\"tfa_91\" class=\"\">Santa Cruz<\/option>\n<option value=\"tfa_92\" id=\"tfa_92\" class=\"\">Santa Fe<\/option>\n<option value=\"tfa_93\" id=\"tfa_93\" class=\"\">Santiago del Estero<\/option>\n<option value=\"tfa_94\" id=\"tfa_94\" class=\"\">Tierra del Fuego<\/option>\n<option value=\"tfa_95\" id=\"tfa_95\" class=\"\">Tucum\u00e1n<\/option><\/select><\/div>\n<\/div>\n<div class=\"oneField field-container-D    \" id=\"tfa_5-D\">\n<label id=\"tfa_5-L\" class=\"label preField \" for=\"tfa_5\">A\u00f1o de egreso del colegio secundario<\/label><div class=\"inputWrapper\"><select id=\"tfa_5\" name=\"tfa_5\" title=\"A\u00f1o de egreso del colegio secundario\" class=\"\"><option value=\"\">Selecciona por favor<\/option>\n<option value=\"tfa_6\" id=\"tfa_6\" class=\"\">2022<\/option>\n<option value=\"tfa_7\" id=\"tfa_7\" class=\"\">2023<\/option>\n<option value=\"tfa_8\" id=\"tfa_8\" class=\"\">2024<\/option>\n<option value=\"tfa_9\" id=\"tfa_9\" class=\"\">2025<\/option>\n<option value=\"tfa_10\" id=\"tfa_10\" class=\"\">2026<\/option>\n<option value=\"tfa_11\" id=\"tfa_11\" class=\"\">2027<\/option><\/select><\/div>\n<\/div>\n<div id=\"tfa_61\" class=\"section group\">\n<label class=\"label preField\" id=\"tfa_61-L\">Quiero asistir al&nbsp;<\/label><div class=\"oneField field-container-D  labelsHidden  \" id=\"tfa_64-D\" role=\"group\" aria-labelledby=\"tfa_64-L\" data-tfa-labelledby=\"-L tfa_64-L\">\n<label id=\"tfa_64-L\" class=\"label preField \" data-tfa-check-label-for=\"tfa_64\">D\u00eda 1<\/label><div class=\"inputWrapper\"><span id=\"tfa_64\" class=\"choices vertical \"><span class=\"oneChoice\"><input type=\"checkbox\" value=\"tfa_65\" class=\"\" id=\"tfa_65\" name=\"tfa_65\" aria-labelledby=\"tfa_65-L\" data-tfa-labelledby=\"tfa_64-L tfa_65-L\" data-tfa-parent-id=\"tfa_64\"><label class=\"label postField\" id=\"tfa_65-L\" for=\"tfa_65\"><span class=\"input-checkbox-faux\"><\/span>Virtual<\/label><\/span><\/span><\/div>\n<\/div>\n<div class=\"oneField field-container-D  labelsHidden  \" id=\"tfa_68-D\" role=\"group\" aria-labelledby=\"tfa_68-L\" data-tfa-labelledby=\"-L tfa_68-L\">\n<label id=\"tfa_68-L\" class=\"label preField \" data-tfa-check-label-for=\"tfa_68\">D\u00eda 2<\/label><div class=\"inputWrapper\"><span id=\"tfa_68\" class=\"choices vertical \"><span class=\"oneChoice\"><input type=\"checkbox\" value=\"tfa_69\" class=\"\" id=\"tfa_69\" name=\"tfa_69\" aria-labelledby=\"tfa_69-L\" data-tfa-labelledby=\"tfa_68-L tfa_69-L\" data-tfa-parent-id=\"tfa_68\"><label class=\"label postField\" id=\"tfa_69-L\" for=\"tfa_69\"><span class=\"input-checkbox-faux\"><\/span>Presencial (Cupo completo)<\/label><\/span><\/span><\/div>\n<\/div>\n<\/div>\n<div id=\"tfa_53\" class=\"section group\">\n<label class=\"label preField\" id=\"tfa_53-L\"><span style=\"text-align: justify; white-space: pre-wrap;\">Tengo inter\u00e9s en: (pod\u00e9s elegir varias opciones)<\/span><\/label><div class=\"oneField field-container-D  labelsRemoved  \" id=\"tfa_31-D\" role=\"group\" aria-labelledby=\"tfa_31-L\" data-tfa-labelledby=\"-L tfa_31-L\"><div class=\"inputWrapper\"><span id=\"tfa_31\" class=\"choices vertical \"><span class=\"oneChoice\"><input type=\"checkbox\" value=\"tfa_32\" class=\"\" id=\"tfa_32\" name=\"tfa_32\" aria-labelledby=\"tfa_32-L\" data-tfa-labelledby=\"tfa_31-L tfa_32-L\" data-tfa-parent-id=\"tfa_31\"><label class=\"label postField\" id=\"tfa_32-L\" for=\"tfa_32\"><span class=\"input-checkbox-faux\"><\/span>Bioingenier\u00eda<\/label><\/span><\/span><\/div><\/div>\n<div class=\"oneField field-container-D  labelsRemoved  \" id=\"tfa_39-D\" role=\"group\" aria-labelledby=\"tfa_39-L\" data-tfa-labelledby=\"-L tfa_39-L\"><div class=\"inputWrapper\"><span id=\"tfa_39\" class=\"choices vertical \"><span class=\"oneChoice\"><input type=\"checkbox\" value=\"tfa_40\" class=\"\" id=\"tfa_40\" name=\"tfa_40\" aria-labelledby=\"tfa_40-L\" data-tfa-labelledby=\"tfa_39-L tfa_40-L\" data-tfa-parent-id=\"tfa_39\"><label class=\"label postField\" id=\"tfa_40-L\" for=\"tfa_40\"><span class=\"input-checkbox-faux\"><\/span>Ingenier\u00eda Industrial<\/label><\/span><\/span><\/div><\/div>\n<div class=\"oneField field-container-D  labelsRemoved  \" id=\"tfa_33-D\" role=\"group\" aria-labelledby=\"tfa_33-L\" data-tfa-labelledby=\"-L tfa_33-L\"><div class=\"inputWrapper\"><span id=\"tfa_33\" class=\"choices vertical \"><span class=\"oneChoice\"><input type=\"checkbox\" value=\"tfa_34\" class=\"\" id=\"tfa_34\" name=\"tfa_34\" aria-labelledby=\"tfa_34-L\" data-tfa-labelledby=\"tfa_33-L tfa_34-L\" data-tfa-parent-id=\"tfa_33\"><label class=\"label postField\" id=\"tfa_34-L\" for=\"tfa_34\"><span class=\"input-checkbox-faux\"><\/span>Ingenier\u00eda en Petr\u00f3leo<\/label><\/span><\/span><\/div><\/div>\n<div class=\"oneField field-container-D  labelsRemoved  \" id=\"tfa_37-D\" role=\"group\" aria-labelledby=\"tfa_37-L\" data-tfa-labelledby=\"-L tfa_37-L\"><div class=\"inputWrapper\"><span id=\"tfa_37\" class=\"choices vertical \"><span class=\"oneChoice\"><input type=\"checkbox\" value=\"tfa_38\" class=\"\" id=\"tfa_38\" name=\"tfa_38\" aria-labelledby=\"tfa_38-L\" data-tfa-labelledby=\"tfa_37-L tfa_38-L\" data-tfa-parent-id=\"tfa_37\"><label class=\"label postField\" id=\"tfa_38-L\" for=\"tfa_38\"><span class=\"input-checkbox-faux\"><\/span>Ingenier\u00eda en Inform\u00e1tica<\/label><\/span><\/span><\/div><\/div>\n<div class=\"oneField field-container-D  labelsRemoved  \" id=\"tfa_41-D\" role=\"group\" aria-labelledby=\"tfa_41-L\" data-tfa-labelledby=\"-L tfa_41-L\"><div class=\"inputWrapper\"><span id=\"tfa_41\" class=\"choices vertical \"><span class=\"oneChoice\"><input type=\"checkbox\" value=\"tfa_42\" class=\"\" id=\"tfa_42\" name=\"tfa_42\" aria-labelledby=\"tfa_42-L\" data-tfa-labelledby=\"tfa_41-L tfa_42-L\" data-tfa-parent-id=\"tfa_41\"><label class=\"label postField\" id=\"tfa_42-L\" for=\"tfa_42\"><span class=\"input-checkbox-faux\"><\/span>Ingenier\u00eda Mec\u00e1nica<\/label><\/span><\/span><\/div><\/div>\n<div class=\"oneField field-container-D  labelsRemoved  \" id=\"tfa_43-D\" role=\"group\" aria-labelledby=\"tfa_43-L\" data-tfa-labelledby=\"-L tfa_43-L\"><div class=\"inputWrapper\"><span id=\"tfa_43\" class=\"choices vertical \"><span class=\"oneChoice\"><input type=\"checkbox\" value=\"tfa_44\" class=\"\" id=\"tfa_44\" name=\"tfa_44\" aria-labelledby=\"tfa_44-L\" data-tfa-labelledby=\"tfa_43-L tfa_44-L\" data-tfa-parent-id=\"tfa_43\"><label class=\"label postField\" id=\"tfa_44-L\" for=\"tfa_44\"><span class=\"input-checkbox-faux\"><\/span>Ingenier\u00eda Naval<\/label><\/span><\/span><\/div><\/div>\n<div class=\"oneField field-container-D  labelsRemoved  \" id=\"tfa_45-D\" role=\"group\" aria-labelledby=\"tfa_45-L\" data-tfa-labelledby=\"-L tfa_45-L\"><div class=\"inputWrapper\"><span id=\"tfa_45\" class=\"choices vertical \"><span class=\"oneChoice\"><input type=\"checkbox\" value=\"tfa_46\" class=\"\" id=\"tfa_46\" name=\"tfa_46\" aria-labelledby=\"tfa_46-L\" data-tfa-labelledby=\"tfa_45-L tfa_46-L\" data-tfa-parent-id=\"tfa_45\"><label class=\"label postField\" id=\"tfa_46-L\" for=\"tfa_46\"><span class=\"input-checkbox-faux\"><\/span>Ingenier\u00eda Qu\u00edmica<\/label><\/span><\/span><\/div><\/div>\n<div class=\"oneField field-container-D  labelsRemoved  \" id=\"tfa_35-D\" role=\"group\" aria-labelledby=\"tfa_35-L\" data-tfa-labelledby=\"-L tfa_35-L\"><div class=\"inputWrapper\"><span id=\"tfa_35\" class=\"choices vertical \"><span class=\"oneChoice\"><input type=\"checkbox\" value=\"tfa_36\" class=\"\" id=\"tfa_36\" name=\"tfa_36\" aria-labelledby=\"tfa_36-L\" data-tfa-labelledby=\"tfa_35-L tfa_36-L\" data-tfa-parent-id=\"tfa_35\"><label class=\"label postField\" id=\"tfa_36-L\" for=\"tfa_36\"><span class=\"input-checkbox-faux\"><\/span>Ingenier\u00eda Electr\u00f3nica<\/label><\/span><\/span><\/div><\/div>\n<div class=\"oneField field-container-D  labelsRemoved  \" id=\"tfa_98-D\" role=\"group\" aria-labelledby=\"tfa_98-L\" data-tfa-labelledby=\"-L tfa_98-L\"><div class=\"inputWrapper\"><span id=\"tfa_98\" class=\"choices vertical \"><span class=\"oneChoice\"><input type=\"checkbox\" value=\"tfa_99\" class=\"\" id=\"tfa_99\" name=\"tfa_99\" aria-labelledby=\"tfa_99-L\" data-tfa-labelledby=\"tfa_98-L tfa_99-L\" data-tfa-parent-id=\"tfa_98\"><label class=\"label postField\" id=\"tfa_99-L\" for=\"tfa_99\"><span class=\"input-checkbox-faux\"><\/span>Ingenier\u00eda Civil<\/label><\/span><\/span><\/div><\/div>\n<div class=\"oneField field-container-D  labelsRemoved  \" id=\"tfa_47-D\" role=\"group\" aria-labelledby=\"tfa_47-L\" data-tfa-labelledby=\"-L tfa_47-L\"><div class=\"inputWrapper\"><span id=\"tfa_47\" class=\"choices vertical \"><span class=\"oneChoice\"><input type=\"checkbox\" value=\"tfa_48\" class=\"\" id=\"tfa_48\" name=\"tfa_48\" aria-labelledby=\"tfa_48-L\" data-tfa-labelledby=\"tfa_47-L tfa_48-L\" data-tfa-parent-id=\"tfa_47\"><label class=\"label postField\" id=\"tfa_48-L\" for=\"tfa_48\"><span class=\"input-checkbox-faux\"><\/span>Licenciatura en Gesti\u00f3n de Negocios<\/label><\/span><\/span><\/div><\/div>\n<div class=\"oneField field-container-D  labelsRemoved  \" id=\"tfa_49-D\" role=\"group\" aria-labelledby=\"tfa_49-L\" data-tfa-labelledby=\"-L tfa_49-L\"><div class=\"inputWrapper\"><span id=\"tfa_49\" class=\"choices vertical \"><span class=\"oneChoice\"><input type=\"checkbox\" value=\"tfa_50\" class=\"\" id=\"tfa_50\" name=\"tfa_50\" aria-labelledby=\"tfa_50-L\" data-tfa-labelledby=\"tfa_49-L tfa_50-L\" data-tfa-parent-id=\"tfa_49\"><label class=\"label postField\" id=\"tfa_50-L\" for=\"tfa_50\"><span class=\"input-checkbox-faux\"><\/span>Licenciatura en Anal\u00edtica (Data Science)<\/label><\/span><\/span><\/div><\/div>\n<\/div>\n<div class=\"oneField field-container-D     wf-acl-hidden\" id=\"tfa_25-D\">\n<label id=\"tfa_25-L\" class=\"label preField \" for=\"tfa_25\"><a href=\"https:\/\/itba.lightning.force.com\/lightning\/setup\/ObjectManager\/CampaignMember\/FieldsAndRelationships\/00N5f00000bcNdQ\/view\" data-key=\"199:6431;a-00N5f00000bcNdQ\" data-aura-rendered-by=\"203:6431;a\" style=\"color: var(--lwc-brandTextLink,rgb(1, 118, 211)); font-family: -apple-system, BlinkMacSystemFont, &quot;Segoe UI&quot;, Roboto, Helvetica, Arial, sans-serif, &quot;Apple Color Emoji&quot;, &quot;Segoe UI Emoji&quot;, &quot;Segoe UI Symbol&quot;; font-size: 13px; white-space: pre-line;\"><span data-aura-rendered-by=\"206:6431;a\" class=\"uiOutputText\" data-aura-class=\"uiOutputText\">UTM - Campaign<\/span><\/a><\/label><div class=\"inputWrapper\"><input type=\"text\" id=\"tfa_25\" name=\"tfa_25\" value=\"\" title=\"UTM - Campaign\" class=\"\"><\/div>\n<\/div>\n<div class=\"oneField field-container-D     wf-acl-hidden\" id=\"tfa_26-D\">\n<label id=\"tfa_26-L\" class=\"label preField \" for=\"tfa_26\"><a href=\"https:\/\/itba.lightning.force.com\/lightning\/setup\/ObjectManager\/CampaignMember\/FieldsAndRelationships\/00N5f00000bcNdQ\/view\" data-key=\"199:6431;a-00N5f00000bcNdQ\" data-aura-rendered-by=\"203:6431;a\" style=\"color: var(--lwc-brandTextLink,rgb(1, 118, 211)); font-family: -apple-system, BlinkMacSystemFont, &quot;Segoe UI&quot;, Roboto, Helvetica, Arial, sans-serif, &quot;Apple Color Emoji&quot;, &quot;Segoe UI Emoji&quot;, &quot;Segoe UI Symbol&quot;; font-size: 13px; white-space: pre-line;\"><span data-aura-rendered-by=\"206:6431;a\" class=\"uiOutputText\" data-aura-class=\"uiOutputText\">UTM -&nbsp;<\/span><\/a>Content<\/label><div class=\"inputWrapper\"><input type=\"text\" id=\"tfa_26\" name=\"tfa_26\" value=\"\" title=\"UTM - Content\" class=\"\"><\/div>\n<\/div>\n<div class=\"oneField field-container-D     wf-acl-hidden\" id=\"tfa_27-D\">\n<label id=\"tfa_27-L\" class=\"label preField \" for=\"tfa_27\"><a href=\"https:\/\/itba.lightning.force.com\/lightning\/setup\/ObjectManager\/CampaignMember\/FieldsAndRelationships\/00N5f00000bcNdQ\/view\" data-key=\"199:6431;a-00N5f00000bcNdQ\" data-aura-rendered-by=\"203:6431;a\" style=\"color: var(--lwc-brandTextLink,rgb(1, 118, 211)); font-family: -apple-system, BlinkMacSystemFont, &quot;Segoe UI&quot;, Roboto, Helvetica, Arial, sans-serif, &quot;Apple Color Emoji&quot;, &quot;Segoe UI Emoji&quot;, &quot;Segoe UI Symbol&quot;; font-size: 13px; white-space: pre-line;\"><span data-aura-rendered-by=\"206:6431;a\" class=\"uiOutputText\" data-aura-class=\"uiOutputText\">UTM -&nbsp;<\/span><\/a>Medium<\/label><div class=\"inputWrapper\"><input type=\"text\" id=\"tfa_27\" name=\"tfa_27\" value=\"\" title=\"UTM - Medium\" class=\"\"><\/div>\n<\/div>\n<div class=\"oneField field-container-D     wf-acl-hidden\" id=\"tfa_28-D\">\n<label id=\"tfa_28-L\" class=\"label preField \" for=\"tfa_28\"><a href=\"https:\/\/itba.lightning.force.com\/lightning\/setup\/ObjectManager\/CampaignMember\/FieldsAndRelationships\/00N5f00000bcNdQ\/view\" data-key=\"199:6431;a-00N5f00000bcNdQ\" data-aura-rendered-by=\"203:6431;a\" style=\"color: var(--lwc-brandTextLink,rgb(1, 118, 211)); font-family: -apple-system, BlinkMacSystemFont, &quot;Segoe UI&quot;, Roboto, Helvetica, Arial, sans-serif, &quot;Apple Color Emoji&quot;, &quot;Segoe UI Emoji&quot;, &quot;Segoe UI Symbol&quot;; font-size: 13px; white-space: pre-line;\"><span data-aura-rendered-by=\"206:6431;a\" class=\"uiOutputText\" data-aura-class=\"uiOutputText\">UTM -&nbsp;<\/span><\/a>Source<\/label><div class=\"inputWrapper\"><input type=\"text\" id=\"tfa_28\" name=\"tfa_28\" value=\"\" title=\"UTM - Source\" class=\"\"><\/div>\n<\/div>\n<div class=\"oneField field-container-D     wf-acl-hidden\" id=\"tfa_29-D\">\n<label id=\"tfa_29-L\" class=\"label preField \" for=\"tfa_29\"><span id=\"docs-internal-guid-ae15088c-7fff-abf4-4465-68492f1faf28\"><p style=\"line-height:1.38;margin-top:0pt;margin-bottom:0pt;\" dir=\"ltr\"><\/p><\/span><a href=\"https:\/\/itba.lightning.force.com\/lightning\/setup\/ObjectManager\/CampaignMember\/FieldsAndRelationships\/00N5f00000bcNdQ\/view\" data-key=\"199:6431;a-00N5f00000bcNdQ\" data-aura-rendered-by=\"203:6431;a\" style=\"color: var(--lwc-brandTextLink,rgb(1, 118, 211)); font-family: -apple-system, BlinkMacSystemFont, &quot;Segoe UI&quot;, Roboto, Helvetica, Arial, sans-serif, &quot;Apple Color Emoji&quot;, &quot;Segoe UI Emoji&quot;, &quot;Segoe UI Symbol&quot;; font-size: 13px; white-space: pre-line;\"><span data-aura-rendered-by=\"206:6431;a\" class=\"uiOutputText\" data-aura-class=\"uiOutputText\">UTM -&nbsp;<\/span><\/a>Term<\/label><div class=\"inputWrapper\"><input type=\"text\" id=\"tfa_29\" name=\"tfa_29\" value=\"\" title=\"UTM - Term\" class=\"\"><\/div>\n<\/div>\n<div class=\"oneField field-container-D     wf-acl-hidden\" id=\"tfa_55-D\">\n<label id=\"tfa_55-L\" class=\"label preField \" for=\"tfa_55\">IDEvento<\/label><div class=\"inputWrapper\"><input type=\"text\" id=\"tfa_55\" name=\"tfa_55\" value=\"7015f000000mBW0AAM\" title=\"IDEvento\" class=\"\"><\/div>\n<\/div>\n<div class=\"oneField field-container-D     wf-acl-hidden\" id=\"tfa_96-D\">\n<label id=\"tfa_96-L\" class=\"label preField \" for=\"tfa_96\">FBCLID<\/label><div class=\"inputWrapper\"><input type=\"text\" id=\"tfa_96\" name=\"tfa_96\" value=\"\" title=\"FBCLID\" class=\"\"><\/div>\n<\/div>\n<div class=\"oneField field-container-D     wf-acl-hidden\" id=\"tfa_97-D\">\n<label id=\"tfa_97-L\" class=\"label preField \" for=\"tfa_97\">GCLID<\/label><div class=\"inputWrapper\"><input type=\"text\" id=\"tfa_97\" name=\"tfa_97\" value=\"\" title=\"GCLID\" class=\"\"><\/div>\n<\/div>\n<div class=\"actions\" id=\"5011525-A\" data-contentid=\"submit_button\"><input type=\"submit\" data-label=\"Inscribite\" class=\"primaryAction\" id=\"submit_button\" value=\"Inscribite\"><\/div>\n<div style=\"clear:both\"><\/div>\n<input type=\"hidden\" value=\"5011525\" name=\"tfa_dbFormId\" id=\"tfa_dbFormId\"><input type=\"hidden\" value=\"\" name=\"tfa_dbResponseId\" id=\"tfa_dbResponseId\"><input type=\"hidden\" value=\"901ce19028a5a6f1d0afda4ae116c4a6\" name=\"tfa_dbControl\" id=\"tfa_dbControl\"><input type=\"hidden\" value=\"\" name=\"tfa_dbWorkflowSessionUuid\" id=\"tfa_dbWorkflowSessionUuid\"><input type=\"hidden\" value=\"20\" name=\"tfa_dbVersionId\" id=\"tfa_dbVersionId\"><input type=\"hidden\" value=\"\" name=\"tfa_switchedoff\" id=\"tfa_switchedoff\">\n<\/form>\n<\/div><\/div><div class=\"wFormFooter\"><p class=\"supportInfo\"><a target=\"new\" class=\"contactInfoLink\" href=\"https:\/\/www.tfaforms.com\/forms\/help\/5011525\" data-testid=\"contact-info-link\" rel=\"noopener\">Contact Information<\/a><br><\/p><\/div>\n  <p class=\"supportInfo\" >\n      <\/p>\n <\/div>\n<\/div><\/div><\/div><\/div><\/div>\n","protected":false},"excerpt":{"rendered":"","protected":false},"author":1,"featured_media":0,"parent":0,"menu_order":0,"comment_status":"closed","ping_status":"closed","template":"","meta":{"_lmt_disableupdate":"","_lmt_disable":"","footnotes":""},"class_list":["post-859","page","type-page","status-publish","hentry"],"_links":{"self":[{"href":"https:\/\/www.itba.edu.ar\/landing\/wp-json\/wp\/v2\/pages\/859","targetHints":{"allow":["GET"]}}],"collection":[{"href":"https:\/\/www.itba.edu.ar\/landing\/wp-json\/wp\/v2\/pages"}],"about":[{"href":"https:\/\/www.itba.edu.ar\/landing\/wp-json\/wp\/v2\/types\/page"}],"author":[{"embeddable":true,"href":"https:\/\/www.itba.edu.ar\/landing\/wp-json\/wp\/v2\/users\/1"}],"replies":[{"embeddable":true,"href":"https:\/\/www.itba.edu.ar\/landing\/wp-json\/wp\/v2\/comments?post=859"}],"version-history":[{"count":2,"href":"https:\/\/www.itba.edu.ar\/landing\/wp-json\/wp\/v2\/pages\/859\/revisions"}],"predecessor-version":[{"id":1483468911,"href":"https:\/\/www.itba.edu.ar\/landing\/wp-json\/wp\/v2\/pages\/859\/revisions\/1483468911"}],"wp:attachment":[{"href":"https:\/\/www.itba.edu.ar\/landing\/wp-json\/wp\/v2\/media?parent=859"}],"curies":[{"name":"wp","href":"https:\/\/api.w.org\/{rel}","templated":true}]}}