{"id":3245,"date":"2025-06-27T12:51:15","date_gmt":"2025-06-27T12:51:15","guid":{"rendered":"https:\/\/www.itba.edu.ar\/eventos\/?page_id=3245"},"modified":"2026-03-27T14:46:25","modified_gmt":"2026-03-27T17:46:25","slug":"pagos_digitales_en_argentina","status":"publish","type":"page","link":"https:\/\/www.itba.edu.ar\/landing\/pagos_digitales_en_argentina\/","title":{"rendered":"Webinar: \u00ab\u00bbPagos Digitales en Argentina: De la revoluci\u00f3n fintech a un futuro con mayor descentralizaci\u00f3n, \u00bfes posible?"},"content":{"rendered":"\n<div class=\"et_pb_section_0 et_pb_section et_section_regular et_block_section\"><div class=\"et_pb_row_0 et_pb_row et_block_row\"><div class=\"et_pb_column_0 et_pb_column et_pb_column_4_4 et-last-child et_block_column et_pb_css_mix_blend_mode_passthrough\"><div class=\"et_pb_text_0 et_pb_text et_pb_bg_layout_light et_pb_module et_block_module\"><div class=\"et_pb_text_inner\"><h2><em><strong>\"Pagos Digitales en Argentina: Liderando la evoluci\u00f3n hacia un ecosistema m\u00e1s descentralizado\"<\/strong><\/em><\/h2>\n<h5>\u00a0<\/h5>\n<h5 style=\"text-align: left;\">La din\u00e1mica del sector fintech exige una evoluci\u00f3n digital constante. En este escenario en permanente transformaci\u00f3n, se necesitan profesionales con una mirada estrat\u00e9gica que integren tecnolog\u00eda, innovaci\u00f3n y negocios para liderar el futuro de los pagos digitales.<\/h5>\n<h6>\u00a0<\/h6>\n<h6><b><i>Speaker: Diego Demarco<br \/><\/i><\/b><b><i>Director Maestr\u00eda en Fintech (ITBA)<\/i><\/b><\/h6>\n<h6><b><i>\u00a0<\/i><\/b><\/h6>\n<h6><b><u>7 de octubre, 09.30 hs<\/p>\n<p><\/u><\/b><b><u><\/u><\/b>Modalidad virtual<\/h6>\n<h6><b><i>Inscribite en este link para participar:<\/i><\/b><\/h6>\n<\/div><\/div><div class=\"et_pb_code_0 et_pb_code et_pb_module\"><div class=\"et_pb_code_inner\"><!-- FORM: HEAD SECTION -->\n    <meta http-equiv=\"Content-Type\" content=\"text\/html; charset=utf-8\" \/>\n    <meta name=\"referrer\" content=\"no-referrer-when-downgrade\">\n    <!-- THIS SCRIPT NEEDS TO BE LOADED FIRST BEFORE wforms.js -->\n    <script type=\"text\/javascript\" data-for=\"FA__DOMContentLoadedEventDispatch\" src=\"https:\/\/www.tfaforms.com\/js\/FA__DOMContentLoadedEventDispatcher.js\" defer><\/script>\n            <script type=\"text\/javascript\">\n        document.addEventListener(\"FA__DOMContentLoaded\", function(){\n            const FORM_TIME_START = Math.floor((new Date).getTime()\/1000);\n            let formElement = document.getElementById(\"tfa_0\");\n            if (null === formElement) {\n                formElement = document.getElementById(\"0\");\n            }\n            let appendJsTimerElement = function(){\n                let formTimeDiff = Math.floor((new Date).getTime()\/1000) - FORM_TIME_START;\n                let cumulatedTimeElement = document.getElementById(\"tfa_dbCumulatedTime\");\n                if (null !== cumulatedTimeElement) {\n                    let cumulatedTime = parseInt(cumulatedTimeElement.value);\n                    if (null !== cumulatedTime && cumulatedTime > 0) {\n                        formTimeDiff += cumulatedTime;\n                    }\n                }\n                let jsTimeInput = document.createElement(\"input\");\n                jsTimeInput.setAttribute(\"type\", \"hidden\");\n                jsTimeInput.setAttribute(\"value\", formTimeDiff.toString());\n                jsTimeInput.setAttribute(\"name\", \"tfa_dbElapsedJsTime\");\n                jsTimeInput.setAttribute(\"id\", \"tfa_dbElapsedJsTime\");\n                jsTimeInput.setAttribute(\"autocomplete\", \"off\");\n                if (null !== formElement) {\n                    formElement.appendChild(jsTimeInput);\n                }\n            };\n            if (null !== formElement) {\n                if(formElement.addEventListener){\n                    formElement.addEventListener('submit', appendJsTimerElement, false);\n                } else if(formElement.attachEvent){\n                    formElement.attachEvent('onsubmit', appendJsTimerElement);\n                }\n            }\n        });\n    <\/script>\n\n    <link href=\"https:\/\/www.tfaforms.com\/dist\/form-builder\/5.0.0\/wforms-layout.css?v=1694787519\" rel=\"stylesheet\" type=\"text\/css\" \/>\n\n    <link href=\"https:\/\/www.tfaforms.com\/uploads\/themes\/theme-68007.css\" rel=\"stylesheet\" type=\"text\/css\" \/>\n    <link href=\"https:\/\/www.tfaforms.com\/dist\/form-builder\/5.0.0\/wforms-jsonly.css?v=1694787519\" rel=\"alternate stylesheet\" title=\"This stylesheet activated by javascript\" type=\"text\/css\" \/>\n    <script type=\"text\/javascript\" src=\"https:\/\/www.tfaforms.com\/wForms\/3.11\/js\/wforms.js?v=1694787519\"><\/script>\n    <script type=\"text\/javascript\">\n        wFORMS.behaviors.prefill.skip = false;\n    <\/script>\n        <script type=\"text\/javascript\" src=\"https:\/\/www.tfaforms.com\/wForms\/3.11\/js\/localization-es_AR.js?v=1694787519\"><\/script>\n\n<!-- FORM: BODY SECTION -->\n<div class=\"wFormContainer\" >\n    <div class=\"wFormHeader\"><\/div>\n    <style type=\"text\/css\"><\/style><div class=\"\"><div class=\"wForm\" id=\"5010907-WRPR\" dir=\"ltr\">\n<div class=\"codesection\" id=\"code-5010907\"><\/div>\n<form method=\"post\" action=\"https:\/\/www.tfaforms.com\/api_v2\/workflow\/processor\" class=\"hintsBelow labelsAbove\" id=\"5010907\" role=\"form\">\n<div class=\"oneField field-container-D    \" id=\"tfa_1-D\">\n<label id=\"tfa_1-L\" class=\"label preField reqMark\" for=\"tfa_1\">Nombre<\/label><br><div class=\"inputWrapper\"><input aria-required=\"true\" type=\"text\" id=\"tfa_1\" name=\"tfa_1\" value=\"\" title=\"Nombre\" class=\"required\"><\/div>\n<\/div>\n<div class=\"oneField field-container-D    \" id=\"tfa_2-D\">\n<label id=\"tfa_2-L\" class=\"label preField reqMark\" for=\"tfa_2\">Apellido<\/label><br><div class=\"inputWrapper\"><input aria-required=\"true\" type=\"text\" id=\"tfa_2\" name=\"tfa_2\" value=\"\" title=\"Apellido\" class=\"required\"><\/div>\n<\/div>\n<div class=\"oneField field-container-D    \" id=\"tfa_4-D\">\n<label id=\"tfa_4-L\" class=\"label preField reqMark\" for=\"tfa_4\">Email<\/label><br><div class=\"inputWrapper\"><input aria-required=\"true\" type=\"text\" id=\"tfa_4\" name=\"tfa_4\" value=\"\" title=\"Email\" class=\"validate-email required\"><\/div>\n<\/div>\n<div class=\"oneField field-container-D    \" id=\"tfa_70-D\">\n<label id=\"tfa_70-L\" class=\"label preField reqMark\" for=\"tfa_70\">Tel\u00e9fono Celular<\/label><br><div class=\"inputWrapper\"><input aria-required=\"true\" type=\"text\" id=\"tfa_70\" name=\"tfa_70\" value=\"\" title=\"Tel\u00e9fono Celular\" class=\"required\"><\/div>\n<\/div>\n<div class=\"oneField field-container-D    \" id=\"tfa_31-D\">\n<label id=\"tfa_31-L\" class=\"label preField reqMark\" for=\"tfa_31\">Industria<\/label><br><div class=\"inputWrapper\"><select aria-required=\"true\" id=\"tfa_31\" name=\"tfa_31\" title=\"Industria\" class=\"required\"><option value=\"\">Selecciona por favor<\/option>\n<option value=\"tfa_32\" id=\"tfa_32\" class=\"\">Aduana y Comercio exterior<\/option>\n<option value=\"tfa_33\" id=\"tfa_33\" class=\"\">Agencias de Marketing, Comunicaci\u00f3n, Dise\u00f1o<\/option>\n<option value=\"tfa_34\" id=\"tfa_34\" class=\"\">Agroindustria<\/option>\n<option value=\"tfa_35\" id=\"tfa_35\" class=\"\">Construcci\u00f3n<\/option>\n<option value=\"tfa_36\" id=\"tfa_36\" class=\"\">Consultor\u00eda<\/option>\n<option value=\"tfa_37\" id=\"tfa_37\" class=\"\">Desarrollo de tecnolog\u00eda<\/option>\n<option value=\"tfa_38\" id=\"tfa_38\" class=\"\">Farmacia \/ Bioqu\u00edmica<\/option>\n<option value=\"tfa_39\" id=\"tfa_39\" class=\"\">Funci\u00f3n p\u00fablica<\/option>\n<option value=\"tfa_40\" id=\"tfa_40\" class=\"\">Gastronom\u00eda y Turismo<\/option>\n<option value=\"tfa_41\" id=\"tfa_41\" class=\"\">Industria alimenticia<\/option>\n<option value=\"tfa_42\" id=\"tfa_42\" class=\"\">Industria automotriz<\/option>\n<option value=\"tfa_43\" id=\"tfa_43\" class=\"\">Industria metal\u00fargica<\/option>\n<option value=\"tfa_44\" id=\"tfa_44\" class=\"\">Industria textil<\/option>\n<option value=\"tfa_45\" id=\"tfa_45\" class=\"\">Log\u00edstica<\/option>\n<option value=\"tfa_46\" id=\"tfa_46\" class=\"\">Miner\u00eda, Petr\u00f3leo y Gas<\/option>\n<option value=\"tfa_47\" id=\"tfa_47\" class=\"\">Servicios administraci\u00f3n\/ Finanzas<\/option>\n<option value=\"tfa_48\" id=\"tfa_48\" class=\"\">Servicios legales<\/option>\n<option value=\"tfa_49\" id=\"tfa_49\" class=\"\">Servicios p\u00fablicos<\/option>\n<option value=\"tfa_50\" id=\"tfa_50\" class=\"\">Servicios salud<\/option>\n<option value=\"tfa_51\" id=\"tfa_51\" class=\"\">Telecomunicaciones<\/option>\n<option value=\"tfa_52\" id=\"tfa_52\" class=\"\">Transporte mar\u00edtimo y puertos<\/option>\n<option value=\"tfa_53\" id=\"tfa_53\" class=\"\">Transporte terrestre<\/option>\n<option value=\"tfa_54\" id=\"tfa_54\" class=\"\">Otro<\/option><\/select><\/div>\n<\/div>\n<div class=\"oneField field-container-D    \" id=\"tfa_55-D\">\n<label id=\"tfa_55-L\" class=\"label preField reqMark\" for=\"tfa_55\">Nivel de cargo<\/label><br><div class=\"inputWrapper\"><select aria-required=\"true\" id=\"tfa_55\" name=\"tfa_55\" title=\"Nivel de cargo\" class=\"required\"><option value=\"\">Selecciona por favor<\/option>\n<option value=\"tfa_56\" id=\"tfa_56\" class=\"\">CEO<\/option>\n<option value=\"tfa_57\" id=\"tfa_57\" class=\"\">Director<\/option>\n<option value=\"tfa_58\" id=\"tfa_58\" class=\"\">Gerente<\/option>\n<option value=\"tfa_59\" id=\"tfa_59\" class=\"\">Jefe<\/option>\n<option value=\"tfa_60\" id=\"tfa_60\" class=\"\">Coordinador<\/option>\n<option value=\"tfa_61\" id=\"tfa_61\" class=\"\">Analista<\/option>\n<option value=\"tfa_62\" id=\"tfa_62\" class=\"\">Joven profesional<\/option>\n<option value=\"tfa_63\" id=\"tfa_63\" class=\"\">Pasante<\/option>\n<option value=\"tfa_64\" id=\"tfa_64\" class=\"\">Voluntario<\/option>\n<option value=\"tfa_65\" id=\"tfa_65\" class=\"\">Rector<\/option>\n<option value=\"tfa_66\" id=\"tfa_66\" class=\"\">Director de Instituci\u00f3n Educativa<\/option>\n<option value=\"tfa_67\" id=\"tfa_67\" class=\"\">Docente<\/option>\n<option value=\"tfa_68\" id=\"tfa_68\" class=\"\">Otro<\/option>\n<option value=\"tfa_69\" id=\"tfa_69\" class=\"\">Orientador vocacional<\/option><\/select><\/div>\n<\/div>\n<input type=\"hidden\" id=\"tfa_12\" name=\"tfa_12\" value=\"701VJ00000at15BYAQ\" class=\"\"><div class=\"oneField field-container-D     wf-acl-hidden\" id=\"tfa_26-D\">\n<label id=\"tfa_26-L\" class=\"label preField \" for=\"tfa_26\"><a style=\"color: var(--lwc-brandTextLink,rgb(1, 118, 211)); font-family: -apple-system, BlinkMacSystemFont, \"Segoe UI\", Roboto, Helvetica, Arial, sans-serif, \"Apple Color Emoji\", \"Segoe UI Emoji\", \"Segoe UI Symbol\"; font-size: 13px; white-space: pre-line;\" data-aura-rendered-by=\"203:6431;a\" data-key=\"199:6431;a-00N5f00000bcNdQ\" href=\"https:\/\/itba.lightning.force.com\/lightning\/setup\/ObjectManager\/CampaignMember\/FieldsAndRelationships\/00N5f00000bcNdQ\/view\"><span data-aura-class=\"uiOutputText\" class=\"uiOutputText\" data-aura-rendered-by=\"206:6431;a\">UTM - Campaign<\/span><\/a><\/label><br><div class=\"inputWrapper\"><input type=\"text\" id=\"tfa_26\" name=\"tfa_26\" value=\"\" title=\"UTM - Campaign\" class=\"\"><\/div>\n<\/div>\n<div class=\"oneField field-container-D     wf-acl-hidden\" id=\"tfa_27-D\">\n<label id=\"tfa_27-L\" class=\"label preField \" for=\"tfa_27\"><a style=\"color: var(--lwc-brandTextLink,rgb(1, 118, 211)); font-family: -apple-system, BlinkMacSystemFont, \"Segoe UI\", Roboto, Helvetica, Arial, sans-serif, \"Apple Color Emoji\", \"Segoe UI Emoji\", \"Segoe UI Symbol\"; font-size: 13px; white-space: pre-line;\" data-aura-rendered-by=\"203:6431;a\" data-key=\"199:6431;a-00N5f00000bcNdQ\" href=\"https:\/\/itba.lightning.force.com\/lightning\/setup\/ObjectManager\/CampaignMember\/FieldsAndRelationships\/00N5f00000bcNdQ\/view\"><span data-aura-class=\"uiOutputText\" class=\"uiOutputText\" data-aura-rendered-by=\"206:6431;a\">UTM -\u00a0<\/span><\/a>Content<\/label><br><div class=\"inputWrapper\"><input type=\"text\" id=\"tfa_27\" name=\"tfa_27\" value=\"\" title=\"UTM - Content\" class=\"\"><\/div>\n<\/div>\n<div class=\"oneField field-container-D     wf-acl-hidden\" id=\"tfa_28-D\">\n<label id=\"tfa_28-L\" class=\"label preField \" for=\"tfa_28\"><a style=\"color: var(--lwc-brandTextLink,rgb(1, 118, 211)); font-family: -apple-system, BlinkMacSystemFont, \"Segoe UI\", Roboto, Helvetica, Arial, sans-serif, \"Apple Color Emoji\", \"Segoe UI Emoji\", \"Segoe UI Symbol\"; font-size: 13px; white-space: pre-line;\" data-aura-rendered-by=\"203:6431;a\" data-key=\"199:6431;a-00N5f00000bcNdQ\" href=\"https:\/\/itba.lightning.force.com\/lightning\/setup\/ObjectManager\/CampaignMember\/FieldsAndRelationships\/00N5f00000bcNdQ\/view\"><span data-aura-class=\"uiOutputText\" class=\"uiOutputText\" data-aura-rendered-by=\"206:6431;a\">UTM -\u00a0<\/span><\/a>Medium<\/label><br><div class=\"inputWrapper\"><input type=\"text\" id=\"tfa_28\" name=\"tfa_28\" value=\"\" title=\"UTM - Medium\" class=\"\"><\/div>\n<\/div>\n<div class=\"oneField field-container-D     wf-acl-hidden\" id=\"tfa_29-D\">\n<label id=\"tfa_29-L\" class=\"label preField \" for=\"tfa_29\"><a style=\"color: var(--lwc-brandTextLink,rgb(1, 118, 211)); font-family: -apple-system, BlinkMacSystemFont, \"Segoe UI\", Roboto, Helvetica, Arial, sans-serif, \"Apple Color Emoji\", \"Segoe UI Emoji\", \"Segoe UI Symbol\"; font-size: 13px; white-space: pre-line;\" data-aura-rendered-by=\"203:6431;a\" data-key=\"199:6431;a-00N5f00000bcNdQ\" href=\"https:\/\/itba.lightning.force.com\/lightning\/setup\/ObjectManager\/CampaignMember\/FieldsAndRelationships\/00N5f00000bcNdQ\/view\"><span data-aura-class=\"uiOutputText\" class=\"uiOutputText\" data-aura-rendered-by=\"206:6431;a\">UTM -\u00a0<\/span><\/a>Source<\/label><br><div class=\"inputWrapper\"><input type=\"text\" id=\"tfa_29\" name=\"tfa_29\" value=\"\" title=\"UTM - Source\" class=\"\"><\/div>\n<\/div>\n<div class=\"oneField field-container-D     wf-acl-hidden\" id=\"tfa_30-D\">\n<label id=\"tfa_30-L\" class=\"label preField \" for=\"tfa_30\"><a style=\"color: var(--lwc-brandTextLink,rgb(1, 118, 211)); font-family: -apple-system, BlinkMacSystemFont, \"Segoe UI\", Roboto, Helvetica, Arial, sans-serif, \"Apple Color Emoji\", \"Segoe UI Emoji\", \"Segoe UI Symbol\"; font-size: 13px; white-space: pre-line;\" data-aura-rendered-by=\"203:6431;a\" data-key=\"199:6431;a-00N5f00000bcNdQ\" href=\"https:\/\/itba.lightning.force.com\/lightning\/setup\/ObjectManager\/CampaignMember\/FieldsAndRelationships\/00N5f00000bcNdQ\/view\"><span data-aura-class=\"uiOutputText\" class=\"uiOutputText\" data-aura-rendered-by=\"206:6431;a\">UTM -\u00a0<\/span><\/a>Term<\/label><br><div class=\"inputWrapper\"><input type=\"text\" id=\"tfa_30\" name=\"tfa_30\" value=\"\" title=\"UTM - Term\" class=\"\"><\/div>\n<\/div>\n<div class=\"oneField field-container-D     wf-acl-hidden\" id=\"tfa_71-D\">\n<label id=\"tfa_71-L\" class=\"label preField \" for=\"tfa_71\">FBCLID<\/label><br><div class=\"inputWrapper\"><input type=\"text\" id=\"tfa_71\" name=\"tfa_71\" value=\"\" title=\"FBCLID\" class=\"\"><\/div>\n<\/div>\n<div class=\"oneField field-container-D     wf-acl-hidden\" id=\"tfa_72-D\">\n<label id=\"tfa_72-L\" class=\"label preField \" for=\"tfa_72\">GCLID<\/label><br><div class=\"inputWrapper\"><input type=\"text\" id=\"tfa_72\" name=\"tfa_72\" value=\"\" title=\"GCLID\" class=\"\"><\/div>\n<\/div>\n<div class=\"actions\" id=\"5010907-A\" data-contentid=\"submit_button\"><input type=\"submit\" data-label=\"Inscribirse\" class=\"primaryAction\" id=\"submit_button\" value=\"Inscribirse\"><\/div>\n<div style=\"clear:both\"><\/div>\n<input type=\"hidden\" value=\"5010907\" name=\"tfa_dbFormId\" id=\"tfa_dbFormId\"><input type=\"hidden\" value=\"\" name=\"tfa_dbResponseId\" id=\"tfa_dbResponseId\"><input type=\"hidden\" value=\"2089445380185862f5e77f1d444da431\" name=\"tfa_dbControl\" id=\"tfa_dbControl\"><input type=\"hidden\" value=\"\" name=\"tfa_dbWorkflowSessionUuid\" id=\"tfa_dbWorkflowSessionUuid\"><input type=\"hidden\" value=\"8\" name=\"tfa_dbVersionId\" id=\"tfa_dbVersionId\"><input type=\"hidden\" value=\"\" name=\"tfa_switchedoff\" id=\"tfa_switchedoff\">\n<\/form>\n<\/div><\/div><div class=\"wFormFooter\"><p class=\"supportInfo\"><a target=\"new\" class=\"contactInfoLink\" href=\"https:\/\/www.tfaforms.com\/forms\/help\/5010907\" data-testid=\"contact-info-link\">Contact Information<\/a><br><\/p><\/div>\n  <p class=\"supportInfo\" >\n      <\/p>\n <\/div><\/div><\/div><\/div><\/div><\/div>\n","protected":false},"excerpt":{"rendered":"","protected":false},"author":1,"featured_media":0,"parent":0,"menu_order":0,"comment_status":"closed","ping_status":"closed","template":"","meta":{"_lmt_disableupdate":"","_lmt_disable":"","footnotes":""},"class_list":["post-3245","page","type-page","status-publish","hentry"],"_links":{"self":[{"href":"https:\/\/www.itba.edu.ar\/landing\/wp-json\/wp\/v2\/pages\/3245","targetHints":{"allow":["GET"]}}],"collection":[{"href":"https:\/\/www.itba.edu.ar\/landing\/wp-json\/wp\/v2\/pages"}],"about":[{"href":"https:\/\/www.itba.edu.ar\/landing\/wp-json\/wp\/v2\/types\/page"}],"author":[{"embeddable":true,"href":"https:\/\/www.itba.edu.ar\/landing\/wp-json\/wp\/v2\/users\/1"}],"replies":[{"embeddable":true,"href":"https:\/\/www.itba.edu.ar\/landing\/wp-json\/wp\/v2\/comments?post=3245"}],"version-history":[{"count":2,"href":"https:\/\/www.itba.edu.ar\/landing\/wp-json\/wp\/v2\/pages\/3245\/revisions"}],"predecessor-version":[{"id":1483469124,"href":"https:\/\/www.itba.edu.ar\/landing\/wp-json\/wp\/v2\/pages\/3245\/revisions\/1483469124"}],"wp:attachment":[{"href":"https:\/\/www.itba.edu.ar\/landing\/wp-json\/wp\/v2\/media?parent=3245"}],"curies":[{"name":"wp","href":"https:\/\/api.w.org\/{rel}","templated":true}]}}