{"id":1483469805,"date":"2026-04-30T15:16:10","date_gmt":"2026-04-30T18:16:10","guid":{"rendered":"https:\/\/www.itba.edu.ar\/landing\/?page_id=1483469805"},"modified":"2026-05-05T10:30:22","modified_gmt":"2026-05-05T13:30:22","slug":"charla-aeroespacial","status":"publish","type":"page","link":"https:\/\/www.itba.edu.ar\/landing\/grado\/charla-aeroespacial\/","title":{"rendered":"Charla &#8211; Aeroespacial"},"content":{"rendered":"<div class=\"et_pb_section_0 et_pb_section et_section_regular et_block_section\" id=\"vanta-canva\"><\/div>\n\n<div class=\"et_pb_section_1 et_pb_section et_section_regular et_block_section\" id=\"vanta-canva\">\n<div class=\"et_pb_row_0 et_pb_row et_flex_row\">\n<div class=\"et_pb_column_0 et_pb_column et-last-child et_flex_column et_pb_css_mix_blend_mode_passthrough et_flex_column_24_24 et_flex_column_24_24_tablet et_flex_column_24_24_phone\">\n<div class=\"et_pb_text_0 et_pb_text et_pb_bg_layout_light et_pb_module et_block_module\"><div class=\"et_pb_text_inner\"><p><span style=\"color: #000000;\"><b>Del aula al espacio<\/b><\/span><\/p>\n<\/div><\/div>\n\n<div class=\"et_pb_text_1 et_pb_text et_pb_bg_layout_light et_pb_module et_block_module\"><div class=\"et_pb_text_inner\"><h2 style=\"text-align: left;\"><span style=\"color: #000000;\">Coheter\u00eda, sat\u00e9lites e innovaci\u00f3n con talento joven argentino<\/span><\/h2>\n<\/div><\/div>\n<\/div>\n<\/div>\n<\/div>\n\n<div class=\"et_pb_section_2 et_pb_section et_section_regular et_flex_section\" id=\"desafio\">\n<div class=\"et_pb_row_1 et_pb_row et_flex_row\">\n<div class=\"et_pb_column_1 et_pb_column et_flex_column et_pb_css_mix_blend_mode_passthrough et_flex_column_12_24 et_flex_column_12_24_tablet et_flex_column_24_24_phone\">\n<div class=\"et_pb_text_2 et_pb_text et_pb_bg_layout_light et_pb_module et_flex_module\"><div class=\"et_pb_text_inner\"><p dir=\"ltr\" style=\"line-height: 1.38; margin-top: 12pt; margin-bottom: 12pt;\"><span style=\"font-size: 11pt; font-family: 'DM Sans',sans-serif; color: #000000; background-color: transparent; font-weight: 400; font-style: normal; font-variant: normal; text-decoration: none; vertical-align: baseline; white-space: pre-wrap;\">Descubr\u00ed c\u00f3mo estudiantes y profesionales est\u00e1n llevando la ingenier\u00eda argentina m\u00e1s all\u00e1 de los l\u00edmites. En esta charla vas a conocer de primera mano c\u00f3mo se construye ese camino.<\/span><\/p>\n<ul>\n<li dir=\"ltr\" style=\"line-height: 1.38;\" role=\"presentation\"><span style=\"font-size: 11pt; font-family: 'DM Sans',sans-serif; color: #000000; background-color: transparent; font-weight: 400; font-style: normal; font-variant: normal; text-decoration: none; vertical-align: baseline; white-space: pre-wrap;\">Desarrollo de sat\u00e9lites y misiones espaciales<\/span><\/li>\n<li dir=\"ltr\" style=\"line-height: 1.38;\" role=\"presentation\"><span style=\"font-size: 11pt; font-family: 'DM Sans',sans-serif; color: #000000; background-color: transparent; font-weight: 400; font-style: normal; font-variant: normal; text-decoration: none; vertical-align: baseline; white-space: pre-wrap;\">Energ\u00eda solar aplicada al espacio<\/span><\/li>\n<li dir=\"ltr\" style=\"line-height: 1.38;\" role=\"presentation\"><span style=\"font-size: 11pt; font-family: 'DM Sans',sans-serif; color: #000000; background-color: transparent; font-weight: 400; font-style: normal; font-variant: normal; text-decoration: none; vertical-align: baseline; white-space: pre-wrap;\">Competencias internacionales<\/span><\/li>\n<li dir=\"ltr\" style=\"line-height: 1.38;\" role=\"presentation\"><span style=\"font-size: 11pt; font-family: 'DM Sans',sans-serif; color: #000000; background-color: transparent; font-weight: 400; font-style: normal; font-variant: normal; text-decoration: none; vertical-align: baseline; white-space: pre-wrap;\">Dise\u00f1o y lanzamiento de cohetes<\/span><\/li>\n<\/ul>\n<p dir=\"ltr\" style=\"line-height: 1.38; margin-top: 12pt; margin-bottom: 12pt;\"><span style=\"font-size: 11pt; font-family: 'DM Sans',sans-serif; color: #000000; background-color: transparent; font-weight: 400; font-style: normal; font-variant: normal; text-decoration: none; vertical-align: baseline; white-space: pre-wrap;\">A qui\u00e9n vas a escuchar:<\/span><span id=\"docs-internal-guid-e1d53b3e-7fff-5d82-e7b4-f73d2484f69f\"><\/span><\/p>\n<ul>\n<li dir=\"ltr\" style=\"line-height: 1.38;\" role=\"presentation\"><span style=\"font-size: 11pt; font-family: 'DM Sans',sans-serif; color: #000000; background-color: transparent; font-weight: 400; font-style: normal; font-variant: normal; text-decoration: none; vertical-align: baseline; white-space: pre-wrap;\">Referentes de la industria satelital<\/span><\/li>\n<li dir=\"ltr\" style=\"line-height: 1.38;\" role=\"presentation\"><span style=\"font-size: 11pt; font-family: 'DM Sans',sans-serif; color: #000000; background-color: transparent; font-weight: 400; font-style: normal; font-variant: normal; text-decoration: none; vertical-align: baseline; white-space: pre-wrap;\">Investigadores en tecnolog\u00eda espacial<\/span><\/li>\n<li dir=\"ltr\" style=\"line-height: 1.38;\" role=\"presentation\"><span style=\"font-size: 11pt; font-family: 'DM Sans',sans-serif; color: #000000; background-color: transparent; font-weight: 400; font-style: normal; font-variant: normal; text-decoration: none; vertical-align: baseline; white-space: pre-wrap;\">Equipos estudiantiles protagonistas a nivel internacional<\/span><\/li>\n<\/ul>\n<p><span style=\"font-weight: 400;\">\ud83d\udccd ITBA Sede Distrito Tecnol\u00f3gico - Los Patos 2802, CABA.<\/span><span style=\"font-weight: 400;\"><br \/><\/span><span style=\"font-weight: 400;\">\ud83d\udcc5 20 de mayo<\/span><span style=\"font-weight: 400;\"><br \/><\/span><span style=\"font-weight: 400;\">\u23f0 14:30hs<\/span><\/p>\n<p><span style=\"font-weight: 400;\"><\/span><\/p>\n<p><span style=\"font-weight: 400;\">Si te interesa la ingenier\u00eda, la tecnolog\u00eda o el espacio, \u00a1este es tu punto de partida!.<br \/><\/span><\/p>\n<p><span style=\"color: #0000ff;\"><a href=\"#form\" style=\"color: #0000ff;\"><strong>Inscribite completando el formulario \u2192<\/strong><\/a><\/span><\/p>\n<\/div><\/div>\n\n<div class=\"et_pb_row_2 et_pb_row et_pb_row_nested et_flex_row\">\n<div class=\"et_pb_column_2 et_pb_column et_flex_column et_pb_css_mix_blend_mode_passthrough et_flex_column_12_24 et_flex_column_12_24_tablet et_flex_column_24_24_phone\">\n<div class=\"et_pb_image_0 et_pb_image et_pb_module et_flex_module\"><span class=\"et_pb_image_wrap\"><img loading=\"lazy\" decoding=\"async\" src=\"https:\/\/landing-nv.s3.amazonaws.com\/wp-content\/uploads\/2026\/05\/Satellogic_Alan-Kharsansky-1.jpg\" alt=\"Alan Kharsansky\" title=\"Satellogic_Alan-Kharsansky-1\" width=\"1513\" height=\"1047\" srcset=\"https:\/\/landing-nv.s3.amazonaws.com\/wp-content\/uploads\/2026\/05\/Satellogic_Alan-Kharsansky-1.jpg 1513w, https:\/\/landing-nv.s3.amazonaws.com\/wp-content\/uploads\/2026\/05\/Satellogic_Alan-Kharsansky-1-1280x886.jpg 1280w, https:\/\/landing-nv.s3.amazonaws.com\/wp-content\/uploads\/2026\/05\/Satellogic_Alan-Kharsansky-1-980x678.jpg 980w, https:\/\/landing-nv.s3.amazonaws.com\/wp-content\/uploads\/2026\/05\/Satellogic_Alan-Kharsansky-1-480x332.jpg 480w\" sizes=\"(min-width: 0px) and (max-width: 480px) 480px, (min-width: 481px) and (max-width: 980px) 980px, (min-width: 981px) and (max-width: 1280px) 1280px, (min-width: 1281px) 1513px, 100vw\" class=\"wp-image-1483469831\" \/><\/span><\/div>\n\n<div class=\"et_pb_text_3 et_pb_text et_pb_bg_layout_light et_pb_module et_flex_module\"><div class=\"et_pb_text_inner\"><p><span id=\"docs-internal-guid-7c16df6e-7fff-128a-2214-990f5b2e8f57\"><span style=\"font-size: 11pt; font-family: 'DM Sans', sans-serif; color: #000000; font-weight: bold; font-variant: normal; white-space: pre-wrap;\">Alan Kharsansky<br \/><\/span><\/span><span style=\"font-size: 11pt; font-family: 'DM Sans', sans-serif; color: #808080; font-variant: normal; white-space: pre-wrap;\">CTO de Satellogic<\/span><span><span style=\"font-size: 11pt; font-family: 'DM Sans', sans-serif; color: #000000; font-weight: bold; font-variant: normal; white-space: pre-wrap;\"><\/span><\/span><\/p>\n<\/div><\/div>\n<\/div>\n\n<div class=\"et_pb_column_3 et_pb_column et-last-child et_flex_column et_pb_css_mix_blend_mode_passthrough et_flex_column_12_24 et_flex_column_12_24_tablet et_flex_column_24_24_phone\">\n<div class=\"et_pb_image_1 et_pb_image et_pb_module et_flex_module\"><span class=\"et_pb_image_wrap\"><img loading=\"lazy\" decoding=\"async\" src=\"https:\/\/landing-nv.s3.amazonaws.com\/wp-content\/uploads\/2026\/05\/Hernan-y-Javier_2.jpg\" title=\"Hern\u00e1n y Javier_2\" width=\"1513\" height=\"1047\" srcset=\"https:\/\/landing-nv.s3.amazonaws.com\/wp-content\/uploads\/2026\/05\/Hernan-y-Javier_2.jpg 1513w, https:\/\/landing-nv.s3.amazonaws.com\/wp-content\/uploads\/2026\/05\/Hernan-y-Javier_2-1280x886.jpg 1280w, https:\/\/landing-nv.s3.amazonaws.com\/wp-content\/uploads\/2026\/05\/Hernan-y-Javier_2-980x678.jpg 980w, https:\/\/landing-nv.s3.amazonaws.com\/wp-content\/uploads\/2026\/05\/Hernan-y-Javier_2-480x332.jpg 480w\" sizes=\"(min-width: 0px) and (max-width: 480px) 480px, (min-width: 481px) and (max-width: 980px) 980px, (min-width: 981px) and (max-width: 1280px) 1280px, (min-width: 1281px) 1513px, 100vw\" class=\"wp-image-1483469837\" alt=\"Hern\u00e1n y Javier\" \/><\/span><\/div>\n\n<div class=\"et_pb_text_4 et_pb_text et_pb_bg_layout_light et_pb_module et_flex_module\"><div class=\"et_pb_text_inner\"><p><span style=\"color: #000000; font-family: 'DM Sans', sans-serif; font-size: 11pt; font-weight: bold; white-space: pre-wrap;\">Hernan Socolovsky y Javier Garc\u00eda<br \/><span style=\"font-weight: 400; color: #808080;\">Investigadores ITBA<\/span><\/span><span><span style=\"font-size: 11pt; font-family: 'DM Sans', sans-serif; color: #000000; font-weight: bold; font-variant: normal; white-space: pre-wrap;\"><\/span><\/span><\/p>\n<\/div><\/div>\n<\/div>\n<\/div>\n\n<div class=\"et_pb_row_3 et_pb_row et_pb_row_nested et_flex_row\">\n<div class=\"et_pb_column_4 et_pb_column et_flex_column et_pb_css_mix_blend_mode_passthrough et_flex_column_12_24 et_flex_column_12_24_tablet et_flex_column_24_24_phone\">\n<div class=\"et_pb_image_2 et_pb_image et_pb_module et_flex_module\"><span class=\"et_pb_image_wrap\"><img loading=\"lazy\" decoding=\"async\" src=\"https:\/\/landing-nv.s3.amazonaws.com\/wp-content\/uploads\/2026\/05\/CANSAT.jpg\" alt=\"CANSAT\" title=\"CANSAT\" width=\"1513\" height=\"1047\" srcset=\"https:\/\/landing-nv.s3.amazonaws.com\/wp-content\/uploads\/2026\/05\/CANSAT.jpg 1513w, https:\/\/landing-nv.s3.amazonaws.com\/wp-content\/uploads\/2026\/05\/CANSAT-1280x886.jpg 1280w, https:\/\/landing-nv.s3.amazonaws.com\/wp-content\/uploads\/2026\/05\/CANSAT-980x678.jpg 980w, https:\/\/landing-nv.s3.amazonaws.com\/wp-content\/uploads\/2026\/05\/CANSAT-480x332.jpg 480w\" sizes=\"(min-width: 0px) and (max-width: 480px) 480px, (min-width: 481px) and (max-width: 980px) 980px, (min-width: 981px) and (max-width: 1280px) 1280px, (min-width: 1281px) 1513px, 100vw\" class=\"wp-image-1483469834\" \/><\/span><\/div>\n\n<div class=\"et_pb_text_5 et_pb_text et_pb_bg_layout_light et_pb_module et_flex_module\"><div class=\"et_pb_text_inner\"><p><span style=\"color: #000000; font-family: 'DM Sans', sans-serif; font-size: 11pt; font-weight: bold; white-space: pre-wrap;\">SEDS ITBA<br \/><\/span><span style=\"font-weight: 400;\">Equipo ganador CANSAT NASA<\/span><\/p>\n<p><span><span style=\"font-size: 11pt; font-family: 'DM Sans', sans-serif; color: #000000; font-weight: bold; font-variant: normal; white-space: pre-wrap;\"><\/span><\/span><\/p>\n<\/div><\/div>\n<\/div>\n\n<div class=\"et_pb_column_5 et_pb_column et-last-child et_flex_column et_pb_css_mix_blend_mode_passthrough et_flex_column_12_24 et_flex_column_12_24_tablet et_flex_column_24_24_phone\">\n<div class=\"et_pb_image_3 et_pb_image et_pb_module et_flex_module\"><span class=\"et_pb_image_wrap\"><img loading=\"lazy\" decoding=\"async\" src=\"https:\/\/landing-nv.s3.amazonaws.com\/wp-content\/uploads\/2026\/05\/Rocketry.jpg\" alt=\"Rocketry\" title=\"Rocketry\" width=\"1513\" height=\"1047\" srcset=\"https:\/\/landing-nv.s3.amazonaws.com\/wp-content\/uploads\/2026\/05\/Rocketry.jpg 1513w, https:\/\/landing-nv.s3.amazonaws.com\/wp-content\/uploads\/2026\/05\/Rocketry-1280x886.jpg 1280w, https:\/\/landing-nv.s3.amazonaws.com\/wp-content\/uploads\/2026\/05\/Rocketry-980x678.jpg 980w, https:\/\/landing-nv.s3.amazonaws.com\/wp-content\/uploads\/2026\/05\/Rocketry-480x332.jpg 480w\" sizes=\"(min-width: 0px) and (max-width: 480px) 480px, (min-width: 481px) and (max-width: 980px) 980px, (min-width: 981px) and (max-width: 1280px) 1280px, (min-width: 1281px) 1513px, 100vw\" class=\"wp-image-1483469832\" \/><\/span><\/div>\n\n<div class=\"et_pb_text_6 et_pb_text et_pb_bg_layout_light et_pb_module et_flex_module\"><div class=\"et_pb_text_inner\"><p dir=\"ltr\" style=\"line-height: 1.2; margin-top: 0pt; margin-bottom: 0pt;\"><span style=\"font-size: 11pt; font-family: 'DM Sans', sans-serif; color: #000000; font-weight: bold; font-variant: normal; white-space: pre-wrap;\">Rocketry ITBA<br \/><\/span><span style=\"font-weight: 400;\">Especialistas en coheter\u00eda<\/span><\/p>\n<p><span><span style=\"font-size: 11pt; font-family: 'DM Sans', sans-serif; color: #000000; font-weight: bold; font-variant: normal; white-space: pre-wrap;\"><\/span><\/span><\/p>\n<\/div><\/div>\n<\/div>\n<\/div>\n\n<div class=\"et_pb_row_4 et_pb_row et_pb_row_nested et_flex_row\">\n<div class=\"et_pb_column_6 et_pb_column et-last-child et_flex_column et_pb_css_mix_blend_mode_passthrough et_flex_column_24_24 et_flex_column_24_24_tablet et_flex_column_24_24_phone\">\n<div class=\"et_pb_video_0 et_pb_video et_pb_module et_flex_module\"><div class=\"et_pb_video_box\"><iframe loading=\"lazy\" title=\"Lanzamiento de la OATec 2026\" width=\"1080\" height=\"608\" src=\"https:\/\/www.youtube.com\/embed\/5Ek1QFVk0hs?feature=oembed\"  allow=\"accelerometer; autoplay; clipboard-write; encrypted-media; gyroscope; picture-in-picture; web-share\" referrerpolicy=\"strict-origin-when-cross-origin\" allowfullscreen><\/iframe><\/div><div class=\"et_pb_video_overlay\" style=\"background-image:url(https:\/\/landing-nv.s3.amazonaws.com\/wp-content\/uploads\/2026\/04\/oactec_frame.jpg)\"><div class=\"et_pb_video_overlay_hover\"><a class=\"et_pb_video_play\" href=\"#\"><\/a><\/div><\/div><\/div>\n<\/div>\n<\/div>\n<\/div>\n\n<div class=\"et_pb_column_7 et_pb_column et-last-child et_flex_column et_pb_css_mix_blend_mode_passthrough et_flex_column_12_24 et_flex_column_12_24_tablet et_flex_column_24_24_phone\">\n<div class=\"et_pb_row_5 et_pb_row et_pb_row_nested et_flex_row\">\n<div class=\"et_pb_column_8 et_pb_column et-last-child et_flex_column et_pb_css_mix_blend_mode_passthrough et_flex_column_24_24 et_flex_column_24_24_tablet et_flex_column_24_24_phone\">\n<div class=\"et_pb_code_0 et_pb_code et_pb_module\"><div class=\"et_pb_code_inner\"><iframe loading=\"lazy\" id= \"form\" src=\"https:\/\/docs.google.com\/forms\/d\/e\/1FAIpQLSc3fd9kvQWv71y3ImyPHmFvuZNtAv_wq4Tk5MNYXcQO4T8ffw\/viewform?embedded=true\" width=\"640\" height=\"1700\" frameborder=\"0\" marginheight=\"0\" marginwidth=\"0\">Cargando\u2026<\/iframe><\/div><\/div>\n<\/div>\n<\/div>\n<\/div>\n<\/div>\n<\/div>","protected":false},"excerpt":{"rendered":"","protected":false},"author":14,"featured_media":0,"parent":1483468298,"menu_order":0,"comment_status":"closed","ping_status":"closed","template":"","meta":{"_lmt_disableupdate":"no","_lmt_disable":"","footnotes":""},"class_list":["post-1483469805","page","type-page","status-publish","hentry"],"_links":{"self":[{"href":"https:\/\/www.itba.edu.ar\/landing\/wp-json\/wp\/v2\/pages\/1483469805","targetHints":{"allow":["GET"]}}],"collection":[{"href":"https:\/\/www.itba.edu.ar\/landing\/wp-json\/wp\/v2\/pages"}],"about":[{"href":"https:\/\/www.itba.edu.ar\/landing\/wp-json\/wp\/v2\/types\/page"}],"author":[{"embeddable":true,"href":"https:\/\/www.itba.edu.ar\/landing\/wp-json\/wp\/v2\/users\/14"}],"replies":[{"embeddable":true,"href":"https:\/\/www.itba.edu.ar\/landing\/wp-json\/wp\/v2\/comments?post=1483469805"}],"version-history":[{"count":19,"href":"https:\/\/www.itba.edu.ar\/landing\/wp-json\/wp\/v2\/pages\/1483469805\/revisions"}],"predecessor-version":[{"id":1483469841,"href":"https:\/\/www.itba.edu.ar\/landing\/wp-json\/wp\/v2\/pages\/1483469805\/revisions\/1483469841"}],"up":[{"embeddable":true,"href":"https:\/\/www.itba.edu.ar\/landing\/wp-json\/wp\/v2\/pages\/1483468298"}],"wp:attachment":[{"href":"https:\/\/www.itba.edu.ar\/landing\/wp-json\/wp\/v2\/media?parent=1483469805"}],"curies":[{"name":"wp","href":"https:\/\/api.w.org\/{rel}","templated":true}]}}