{"id":1483469243,"date":"2026-03-30T17:21:25","date_gmt":"2026-03-30T20:21:25","guid":{"rendered":"https:\/\/www.itba.edu.ar\/landing\/?page_id=1483469243"},"modified":"2026-04-07T13:04:24","modified_gmt":"2026-04-07T16:04:24","slug":"10-razones-para-elegir-tu-carrera-en-el-itba","status":"publish","type":"page","link":"https:\/\/www.itba.edu.ar\/landing\/grado\/10-razones-para-elegir-tu-carrera-en-el-itba\/","title":{"rendered":"10 razones para elegir tu carrera en el ITBA"},"content":{"rendered":"<div class=\"et_pb_section_0 et_pb_section et_section_regular et_flex_section\">\n<div class=\"et_pb_row_0 et_pb_row et_block_row\">\n<div class=\"et_pb_column_0 et_pb_column et_pb_column_4_4 et-last-child et_block_column et_pb_css_mix_blend_mode_passthrough\">\n<div class=\"et_pb_text_0 et_pb_text et_pb_bg_layout_light et_pb_module et_flex_module\"><div class=\"et_pb_text_inner\"><h1><b>10 razones para elegir<\/b><br \/>tu carrera en el <b>ITBA<\/b><\/h1>\n<\/div><\/div>\n<\/div>\n<\/div>\n<\/div>\n\n<div class=\"et_pb_section_1 et_pb_section et_section_regular et_flex_section\">\n<div class=\"et_pb_row_1 et_pb_row et_flex_row\">\n<div class=\"et_pb_column_1 et_pb_column et_flex_column et_pb_css_mix_blend_mode_passthrough et_flex_column_12_24 et_flex_column_12_24_tablet et_flex_column_24_24_phone\">\n<div class=\"et_pb_text_1 et_pb_text et_pb_bg_layout_light et_pb_module et_flex_module\"><div class=\"et_pb_text_inner\"><p><strong>Del 5 de mayo al 2 de julio<\/strong>, te invitamos a ser parte de un ciclo pensado especialmente para estudiantes del\u00a0\u00faltimo a\u00f1o del colegio secundario.<\/p>\n<p><span class=\"\">Cada <\/span><strong><span class=\"comment_message--boldStyle--MQOWZ\">charla virtual<\/span><\/strong><span class=\"\"> est\u00e1 liderada por el\/la director\/a, quien te va a contar -de primera mano- las 10 razones clave para elegir tu carrera: qu\u00e9 vas a aprender, d\u00f3nde vas a trabajar, qu\u00e9 desaf\u00edos te esperan y por qu\u00e9 esta propuesta puede ser para vos.<\/span><\/p>\n<\/div><\/div>\n<\/div>\n\n<div class=\"et_pb_column_2 et_pb_column et-last-child et_flex_column et_pb_css_mix_blend_mode_passthrough et_flex_column_12_24 et_flex_column_12_24_tablet et_flex_column_24_24_phone video-yt\"><span class=\"et-pb-background-video\"><\/span>\n<div class=\"et_pb_code_0 et_pb_code et_pb_module\"><div class=\"et_pb_code_inner\"><div class=\"custom-video\">\n  <video preload=\"metadata\">\n    <source src=\"https:\/\/landing-nv.s3.amazonaws.com\/wp-content\/uploads\/2026\/04\/10-Razones-para-estudiar-en-el-ITBA.mp4\" type=\"video\/mp4\">\n  <\/video>\n\n  <div class=\"play-btn\"><\/div>\n<\/div>\n\n<style>\n.custom-video {\n  position: relative;\n  cursor: pointer;\n  max-width: 100%;\n  overflow: hidden;\n}\n\n.custom-video video {\n  width: 100%;\n  height: auto;\n  display: block;\n}\n\n\/* Bot\u00f3n play *\/\n.play-btn {\n  position: absolute;\n  top: 50%;\n  left: 50%;\n  transform: translate(-50%, -50%);\n  width: 80px;\n  height: 80px;\n  background: rgba(0,0,0,0.6);\n  border-radius: 50%;\n}\n\n.play-btn:after {\n  content: '';\n  position: absolute;\n  left: 32px;\n  top: 22px;\n  border-style: solid;\n  border-width: 18px 0 18px 28px;\n  border-color: transparent transparent transparent white;\n}\n\n\/* Ocultar bot\u00f3n cuando reproduce *\/\n.custom-video.playing .play-btn {\n  display: none;\n}\n<\/style>\n\n<script>\ndocument.querySelectorAll('.custom-video').forEach(wrapper => {\n  const video = wrapper.querySelector('video');\n\n  wrapper.addEventListener('click', () => {\n    if (video.paused) {\n      video.play();\n      wrapper.classList.add('playing');\n    } else {\n      video.pause();\n      wrapper.classList.remove('playing');\n    }\n  });\n});\n<\/script><\/div><\/div>\n<\/div>\n<\/div>\n\n<div class=\"et_pb_row_2 et_pb_row et_flex_row\">\n<div class=\"et_pb_column_3 et_pb_column et_flex_column et_pb_css_mix_blend_mode_passthrough et_flex_column_12_24 et_flex_column_12_24_tablet et_flex_column_24_24_phone\">\n<div class=\"et_pb_text_2 et_pb_text et_pb_bg_layout_light et_pb_module et_flex_module\"><div class=\"et_pb_text_inner\"><p><strong>VAS A PODER<\/strong><\/p>\n<\/div><\/div>\n\n<div class=\"et_pb_text_3 et_pb_text et_pb_bg_layout_light et_pb_module et_flex_module\"><div class=\"et_pb_text_inner\"><ul>\n<li>Entender mejor de qu\u00e9 se trata la carrera de tu inter\u00e9s<\/li>\n<li>Escuchar a especialistas en la disciplina<\/li>\n<li>Empezar a construir tu camino profesional.<\/li>\n<\/ul>\n<\/div><\/div>\n<\/div>\n\n<div class=\"et_pb_column_4 et_pb_column et-last-child et_flex_column et_pb_css_mix_blend_mode_passthrough et_flex_column_12_24 et_flex_column_12_24_tablet et_flex_column_24_24_phone\">\n<div class=\"et_pb_text_4 et_pb_text et_pb_bg_layout_light et_pb_module et_flex_module\"><div class=\"et_pb_text_inner\"><p><strong>PENSADA PARA ORIENTARTE <\/strong><\/p>\n<\/div><\/div>\n\n<div class=\"et_pb_text_5 et_pb_text et_pb_bg_layout_light et_pb_module et_flex_module\"><div class=\"et_pb_text_inner\"><p><span>Cada charla est\u00e1\u00a0enfocada en preguntas frecuentes, que conectan lo que te gusta y te inspira: desde inteligencia artificial, negocios del futuro, desarrollo sostenible, hasta c\u00f3mo mejorar la vida de las personas a trav\u00e9s de la tecnolog\u00eda, la ciencia o la innovaci\u00f3n.<\/p>\n<\/div><\/div>\n<\/div>\n<\/div>\n<\/div>\n\n<div class=\"et_pb_section_2 et_pb_section et_section_regular et_flex_section\">\n<div class=\"et_pb_row_3 et_pb_row et_flex_row\">\n<div class=\"et_pb_column_5 et_pb_column et-last-child et_flex_column et_pb_css_mix_blend_mode_passthrough et_flex_column_24_24 et_flex_column_24_24_tablet et_flex_column_24_24_phone\">\n<div class=\"et_pb_text_6 et_pb_text et_pb_bg_layout_light et_pb_module et_flex_module\"><div class=\"et_pb_text_inner\"><p>Eleg\u00ed tu carrera e inscribite<\/p>\n<\/div><\/div>\n\n<div class=\"et_pb_icon_0 et_pb_icon et_pb_module et_flex_module\"><span class=\"et_pb_icon_wrap\"><span class=\"et-pb-icon\">\uf063<\/span><\/span><\/div>\n<\/div>\n<\/div>\n\n<div class=\"et_pb_row_4 et_pb_row et_flex_row\">\n<div class=\"et_pb_column_6 et_pb_column et_flex_column et_pb_css_mix_blend_mode_passthrough et_clickable et_flex_column_6_24 et_flex_column_12_24_tablet et_flex_column_24_24_phone\">\n<div class=\"et_pb_text_7 et_pb_text et_pb_bg_layout_light et_pb_module et_flex_module\"><div class=\"et_pb_text_inner\"><p>Licenciatura<\/p>\n<\/div><\/div>\n\n<div class=\"et_pb_text_8 et_pb_text et_pb_bg_layout_light et_pb_module et_flex_module titulo-card\"><div class=\"et_pb_text_inner\"><p>Ciencias del comportamiento<\/p>\n<\/div><\/div>\n\n<div class=\"et_pb_text_9 et_pb_text et_pb_bg_layout_light et_pb_module et_flex_module\"><div class=\"et_pb_text_inner\"><p>Charla virtual con la directora de la carrera.<\/p>\n<\/div><\/div>\n\n<ul class=\"et_pb_icon_list_0 et_pb_icon_list et_pb_module et_flex_module\">\n<li class=\"et_pb_icon_list_item_0 et_pb_icon_list_item et_pb_module et_flex_module\"><span class=\"et-pb-icon\">\uf073<\/span><div class=\"et_pb_icon_list_text\">05 - Mayo<\/div><\/li>\n\n<li class=\"et_pb_icon_list_item_1 et_pb_icon_list_item et_pb_module et_flex_module\"><span class=\"et-pb-icon\">}<\/span><div class=\"et_pb_icon_list_text\">17:30 hs<\/div><\/li>\n<\/ul>\n<\/div>\n\n<div class=\"et_pb_column_7 et_pb_column et_flex_column et_pb_css_mix_blend_mode_passthrough et_clickable et_flex_column_6_24 et_flex_column_12_24_tablet et_flex_column_24_24_phone\">\n<div class=\"et_pb_text_10 et_pb_text et_pb_bg_layout_light et_pb_module et_flex_module\"><div class=\"et_pb_text_inner\"><p>Ingenier\u00eda<\/p>\n<\/div><\/div>\n\n<div class=\"et_pb_text_11 et_pb_text et_pb_bg_layout_light et_pb_module et_flex_module titulo-card\"><div class=\"et_pb_text_inner\"><p>Qu\u00edmica<\/p>\n<\/div><\/div>\n\n<div class=\"et_pb_text_12 et_pb_text et_pb_bg_layout_light et_clickable et_pb_module et_flex_module\"><div class=\"et_pb_text_inner\"><p>Charla virtual con el director de la carrera.<\/p>\n<\/div><\/div>\n\n<ul class=\"et_pb_icon_list_1 et_pb_icon_list et_pb_module et_flex_module\">\n<li class=\"et_pb_icon_list_item_2 et_pb_icon_list_item et_pb_module et_flex_module\"><span class=\"et-pb-icon\">\uf073<\/span><div class=\"et_pb_icon_list_text\">06 - Mayo<\/div><\/li>\n\n<li class=\"et_pb_icon_list_item_3 et_pb_icon_list_item et_pb_module et_flex_module\"><span class=\"et-pb-icon\">}<\/span><div class=\"et_pb_icon_list_text\">17:30 hs<\/div><\/li>\n<\/ul>\n<\/div>\n\n<div class=\"et_pb_column_8 et_pb_column et_flex_column et_pb_css_mix_blend_mode_passthrough et_clickable et_flex_column_6_24 et_flex_column_12_24_tablet et_flex_column_24_24_phone\">\n<div class=\"et_pb_text_13 et_pb_text et_pb_bg_layout_light et_pb_module et_flex_module\"><div class=\"et_pb_text_inner\"><p>Ingenier\u00eda<\/p>\n<\/div><\/div>\n\n<div class=\"et_pb_text_14 et_pb_text et_pb_bg_layout_light et_pb_module et_flex_module titulo-card\"><div class=\"et_pb_text_inner\"><p>Civil<\/p>\n<\/div><\/div>\n\n<div class=\"et_pb_text_15 et_pb_text et_pb_bg_layout_light et_pb_module et_flex_module\"><div class=\"et_pb_text_inner\"><p>Charla virtual con el director de la carrera.<\/p>\n<\/div><\/div>\n\n<ul class=\"et_pb_icon_list_2 et_pb_icon_list et_pb_module et_flex_module\">\n<li class=\"et_pb_icon_list_item_4 et_pb_icon_list_item et_pb_module et_flex_module\"><span class=\"et-pb-icon\">\uf073<\/span><div class=\"et_pb_icon_list_text\">07 - Mayo<\/div><\/li>\n\n<li class=\"et_pb_icon_list_item_5 et_pb_icon_list_item et_pb_module et_flex_module\"><span class=\"et-pb-icon\">}<\/span><div class=\"et_pb_icon_list_text\">17:30 hs<\/div><\/li>\n<\/ul>\n<\/div>\n\n<div class=\"et_pb_column_9 et_pb_column et-last-child et_flex_column et_pb_css_mix_blend_mode_passthrough et_clickable et_flex_column_6_24 et_flex_column_12_24_tablet et_flex_column_24_24_phone\">\n<div class=\"et_pb_text_16 et_pb_text et_pb_bg_layout_light et_pb_module et_flex_module\"><div class=\"et_pb_text_inner\"><p>Ingenier\u00eda<\/p>\n<\/div><\/div>\n\n<div class=\"et_pb_text_17 et_pb_text et_pb_bg_layout_light et_pb_module et_flex_module titulo-card\"><div class=\"et_pb_text_inner\"><p>Inform\u00e1tica<\/p>\n<\/div><\/div>\n\n<div class=\"et_pb_text_18 et_pb_text et_pb_bg_layout_light et_pb_module et_flex_module\"><div class=\"et_pb_text_inner\"><p>Charla virtual con el director de la carrera.<\/p>\n<\/div><\/div>\n\n<ul class=\"et_pb_icon_list_3 et_pb_icon_list et_pb_module et_flex_module\">\n<li class=\"et_pb_icon_list_item_6 et_pb_icon_list_item et_pb_module et_flex_module\"><span class=\"et-pb-icon\">\uf073<\/span><div class=\"et_pb_icon_list_text\">12 - Mayo<\/div><\/li>\n\n<li class=\"et_pb_icon_list_item_7 et_pb_icon_list_item et_pb_module et_flex_module\"><span class=\"et-pb-icon\">}<\/span><div class=\"et_pb_icon_list_text\">17:30 hs<\/div><\/li>\n<\/ul>\n<\/div>\n<\/div>\n\n<div class=\"et_pb_row_5 et_pb_row et_flex_row\">\n<div class=\"et_pb_column_10 et_pb_column et_flex_column et_pb_css_mix_blend_mode_passthrough et_clickable et_flex_column_6_24 et_flex_column_12_24_tablet et_flex_column_24_24_phone\">\n<div class=\"et_pb_text_19 et_pb_text et_pb_bg_layout_light et_pb_module et_flex_module\"><div class=\"et_pb_text_inner\"><p>Licenciatura<\/p>\n<\/div><\/div>\n\n<div class=\"et_pb_text_20 et_pb_text et_pb_bg_layout_light et_clickable et_pb_module et_flex_module titulo-card\"><div class=\"et_pb_text_inner\"><p>Negocios y Tecnolog\u00eda<\/p>\n<\/div><\/div>\n\n<div class=\"et_pb_text_21 et_pb_text et_pb_bg_layout_light et_pb_module et_flex_module\"><div class=\"et_pb_text_inner\"><p>Charla virtual con el director de la carrera.<\/p>\n<\/div><\/div>\n\n<ul class=\"et_pb_icon_list_4 et_pb_icon_list et_pb_module et_flex_module\">\n<li class=\"et_pb_icon_list_item_8 et_pb_icon_list_item et_pb_module et_flex_module\"><span class=\"et-pb-icon\">\uf073<\/span><div class=\"et_pb_icon_list_text\">13 - Mayo<\/div><\/li>\n\n<li class=\"et_pb_icon_list_item_9 et_pb_icon_list_item et_pb_module et_flex_module\"><span class=\"et-pb-icon\">}<\/span><div class=\"et_pb_icon_list_text\">17:30 hs<\/div><\/li>\n<\/ul>\n<\/div>\n\n<div class=\"et_pb_column_11 et_pb_column et_flex_column et_pb_css_mix_blend_mode_passthrough et_clickable et_flex_column_6_24 et_flex_column_12_24_tablet et_flex_column_24_24_phone\">\n<div class=\"et_pb_text_22 et_pb_text et_pb_bg_layout_light et_pb_module et_flex_module\"><div class=\"et_pb_text_inner\"><p>Ingenier\u00eda<\/p>\n<\/div><\/div>\n\n<div class=\"et_pb_text_23 et_pb_text et_pb_bg_layout_light et_pb_module et_flex_module titulo-card\"><div class=\"et_pb_text_inner\"><p>Industrial<\/p>\n<\/div><\/div>\n\n<div class=\"et_pb_text_24 et_pb_text et_pb_bg_layout_light et_pb_module et_flex_module\"><div class=\"et_pb_text_inner\"><p>Charla virtual con el director de la carrera.<\/p>\n<\/div><\/div>\n\n<ul class=\"et_pb_icon_list_5 et_pb_icon_list et_pb_module et_flex_module\">\n<li class=\"et_pb_icon_list_item_10 et_pb_icon_list_item et_pb_module et_flex_module\"><span class=\"et-pb-icon\">\uf073<\/span><div class=\"et_pb_icon_list_text\">14 - Mayo<\/div><\/li>\n\n<li class=\"et_pb_icon_list_item_11 et_pb_icon_list_item et_pb_module et_flex_module\"><span class=\"et-pb-icon\">}<\/span><div class=\"et_pb_icon_list_text\">17:30 hs<\/div><\/li>\n<\/ul>\n<\/div>\n\n<div class=\"et_pb_column_12 et_pb_column et_flex_column et_pb_css_mix_blend_mode_passthrough et_clickable et_flex_column_6_24 et_flex_column_12_24_tablet et_flex_column_24_24_phone\">\n<div class=\"et_pb_text_25 et_pb_text et_pb_bg_layout_light et_pb_module et_flex_module\"><div class=\"et_pb_text_inner\"><p>Ingenier\u00eda<\/p>\n<\/div><\/div>\n\n<div class=\"et_pb_text_26 et_pb_text et_pb_bg_layout_light et_pb_module et_flex_module titulo-card\"><div class=\"et_pb_text_inner\"><p>Mec\u00e1nica<\/p>\n<\/div><\/div>\n\n<div class=\"et_pb_text_27 et_pb_text et_pb_bg_layout_light et_pb_module et_flex_module\"><div class=\"et_pb_text_inner\"><p>Charla virtual con el director de la carrera.<\/p>\n<\/div><\/div>\n\n<ul class=\"et_pb_icon_list_6 et_pb_icon_list et_pb_module et_flex_module\">\n<li class=\"et_pb_icon_list_item_12 et_pb_icon_list_item et_pb_module et_flex_module\"><span class=\"et-pb-icon\">\uf073<\/span><div class=\"et_pb_icon_list_text\">19 - Mayo<\/div><\/li>\n\n<li class=\"et_pb_icon_list_item_13 et_pb_icon_list_item et_pb_module et_flex_module\"><span class=\"et-pb-icon\">}<\/span><div class=\"et_pb_icon_list_text\">17:30 hs<\/div><\/li>\n<\/ul>\n<\/div>\n\n<div class=\"et_pb_column_13 et_pb_column et-last-child et_flex_column et_pb_css_mix_blend_mode_passthrough et_clickable et_flex_column_6_24 et_flex_column_12_24_tablet et_flex_column_24_24_phone\">\n<div class=\"et_pb_text_28 et_pb_text et_pb_bg_layout_light et_pb_module et_flex_module\"><div class=\"et_pb_text_inner\"><p>Ingenier\u00eda en<\/p>\n<\/div><\/div>\n\n<div class=\"et_pb_text_29 et_pb_text et_pb_bg_layout_light et_pb_module et_flex_module titulo-card\"><div class=\"et_pb_text_inner\"><p>Biotecnolog\u00eda<\/p>\n<\/div><\/div>\n\n<div class=\"et_pb_text_30 et_pb_text et_pb_bg_layout_light et_pb_module et_flex_module\"><div class=\"et_pb_text_inner\"><p>Charla virtual con el director de la carrera.<\/p>\n<\/div><\/div>\n\n<ul class=\"et_pb_icon_list_7 et_pb_icon_list et_pb_module et_flex_module\">\n<li class=\"et_pb_icon_list_item_14 et_pb_icon_list_item et_pb_module et_flex_module\"><span class=\"et-pb-icon\">\uf073<\/span><div class=\"et_pb_icon_list_text\">20 - Mayo<\/div><\/li>\n\n<li class=\"et_pb_icon_list_item_15 et_pb_icon_list_item et_pb_module et_flex_module\"><span class=\"et-pb-icon\">}<\/span><div class=\"et_pb_icon_list_text\">17:30 hs<\/div><\/li>\n<\/ul>\n<\/div>\n<\/div>\n\n<div class=\"et_pb_row_6 et_pb_row et_flex_row\">\n<div class=\"et_pb_column_14 et_pb_column et_flex_column et_pb_css_mix_blend_mode_passthrough et_clickable et_flex_column_6_24 et_flex_column_12_24_tablet et_flex_column_24_24_phone\">\n<div class=\"et_pb_text_31 et_pb_text et_pb_bg_layout_light et_pb_module et_flex_module\"><div class=\"et_pb_text_inner\"><p>Licenciatura<\/p>\n<\/div><\/div>\n\n<div class=\"et_pb_text_32 et_pb_text et_pb_bg_layout_light et_pb_module et_flex_module titulo-card\"><div class=\"et_pb_text_inner\"><p>Bioingenier\u00eda<\/p>\n<\/div><\/div>\n\n<div class=\"et_pb_text_33 et_pb_text et_pb_bg_layout_light et_pb_module et_flex_module\"><div class=\"et_pb_text_inner\"><p>Charla virtual con la directora de la carrera.<\/p>\n<\/div><\/div>\n\n<ul class=\"et_pb_icon_list_8 et_pb_icon_list et_pb_module et_flex_module\">\n<li class=\"et_pb_icon_list_item_16 et_pb_icon_list_item et_pb_module et_flex_module\"><span class=\"et-pb-icon\">\uf073<\/span><div class=\"et_pb_icon_list_text\">21 - Mayo<\/div><\/li>\n\n<li class=\"et_pb_icon_list_item_17 et_pb_icon_list_item et_pb_module et_flex_module\"><span class=\"et-pb-icon\">}<\/span><div class=\"et_pb_icon_list_text\">17:30 hs<\/div><\/li>\n<\/ul>\n<\/div>\n\n<div class=\"et_pb_column_15 et_pb_column et_flex_column et_pb_css_mix_blend_mode_passthrough et_clickable et_flex_column_6_24 et_flex_column_12_24_tablet et_flex_column_24_24_phone\">\n<div class=\"et_pb_text_34 et_pb_text et_pb_bg_layout_light et_pb_module et_flex_module\"><div class=\"et_pb_text_inner\"><p>Ingenier\u00eda<\/p>\n<\/div><\/div>\n\n<div class=\"et_pb_text_35 et_pb_text et_pb_bg_layout_light et_pb_module et_flex_module titulo-card\"><div class=\"et_pb_text_inner\"><p>Naval<\/p>\n<\/div><\/div>\n\n<div class=\"et_pb_text_36 et_pb_text et_pb_bg_layout_light et_pb_module et_flex_module\"><div class=\"et_pb_text_inner\"><p>Charla virtual con el director de la carrera.<\/p>\n<\/div><\/div>\n\n<ul class=\"et_pb_icon_list_9 et_pb_icon_list et_pb_module et_flex_module\">\n<li class=\"et_pb_icon_list_item_18 et_pb_icon_list_item et_pb_module et_flex_module\"><span class=\"et-pb-icon\">\uf073<\/span><div class=\"et_pb_icon_list_text\">26 - Mayo<\/div><\/li>\n\n<li class=\"et_pb_icon_list_item_19 et_pb_icon_list_item et_pb_module et_flex_module\"><span class=\"et-pb-icon\">}<\/span><div class=\"et_pb_icon_list_text\">17:30 hs<\/div><\/li>\n<\/ul>\n<\/div>\n\n<div class=\"et_pb_column_16 et_pb_column et_flex_column et_pb_css_mix_blend_mode_passthrough et_clickable et_flex_column_6_24 et_flex_column_12_24_tablet et_flex_column_24_24_phone\">\n<div class=\"et_pb_text_37 et_pb_text et_pb_bg_layout_light et_pb_module et_flex_module\"><div class=\"et_pb_text_inner\"><p>Ingenier\u00eda<\/p>\n<\/div><\/div>\n\n<div class=\"et_pb_text_38 et_pb_text et_pb_bg_layout_light et_pb_module et_flex_module titulo-card\"><div class=\"et_pb_text_inner\"><p>Petr\u00f3leo<\/p>\n<\/div><\/div>\n\n<div class=\"et_pb_text_39 et_pb_text et_pb_bg_layout_light et_pb_module et_flex_module\"><div class=\"et_pb_text_inner\"><p>Charla virtual con el director de la carrera.<\/p>\n<\/div><\/div>\n\n<ul class=\"et_pb_icon_list_10 et_pb_icon_list et_pb_module et_flex_module\">\n<li class=\"et_pb_icon_list_item_20 et_pb_icon_list_item et_pb_module et_flex_module\"><span class=\"et-pb-icon\">\uf073<\/span><div class=\"et_pb_icon_list_text\">27 - Mayo<\/div><\/li>\n\n<li class=\"et_pb_icon_list_item_21 et_pb_icon_list_item et_pb_module et_flex_module\"><span class=\"et-pb-icon\">}<\/span><div class=\"et_pb_icon_list_text\">17:30 hs<\/div><\/li>\n<\/ul>\n<\/div>\n\n<div class=\"et_pb_column_17 et_pb_column et-last-child et_flex_column et_pb_css_mix_blend_mode_passthrough et_clickable et_flex_column_6_24 et_flex_column_12_24_tablet et_flex_column_24_24_phone\">\n<div class=\"et_pb_text_40 et_pb_text et_pb_bg_layout_light et_pb_module et_flex_module\"><div class=\"et_pb_text_inner\"><p>Ingenier\u00eda<\/p>\n<\/div><\/div>\n\n<div class=\"et_pb_text_41 et_pb_text et_pb_bg_layout_light et_pb_module et_flex_module titulo-card\"><div class=\"et_pb_text_inner\"><p>Electr\u00f3nica<\/p>\n<\/div><\/div>\n\n<div class=\"et_pb_text_42 et_pb_text et_pb_bg_layout_light et_pb_module et_flex_module\"><div class=\"et_pb_text_inner\"><p>Charla virtual con el director de la carrera.<\/p>\n<\/div><\/div>\n\n<ul class=\"et_pb_icon_list_11 et_pb_icon_list et_pb_module et_flex_module\">\n<li class=\"et_pb_icon_list_item_22 et_pb_icon_list_item et_pb_module et_flex_module\"><span class=\"et-pb-icon\">\uf073<\/span><div class=\"et_pb_icon_list_text\">28 - Mayo<\/div><\/li>\n\n<li class=\"et_pb_icon_list_item_23 et_pb_icon_list_item et_pb_module et_flex_module\"><span class=\"et-pb-icon\">}<\/span><div class=\"et_pb_icon_list_text\">16:30 hs<\/div><\/li>\n<\/ul>\n<\/div>\n<\/div>\n\n<div class=\"et_pb_row_7 et_pb_row et_flex_row\">\n<div class=\"et_pb_column_18 et_pb_column et_flex_column et_pb_css_mix_blend_mode_passthrough et_clickable et_flex_column_6_24 et_flex_column_12_24_tablet et_flex_column_24_24_phone\">\n<div class=\"et_pb_text_43 et_pb_text et_pb_bg_layout_light et_pb_module et_flex_module\"><div class=\"et_pb_text_inner\"><p>Licenciatura<\/p>\n<\/div><\/div>\n\n<div class=\"et_pb_text_44 et_pb_text et_pb_bg_layout_light et_pb_module et_flex_module titulo-card\"><div class=\"et_pb_text_inner\"><p>Anal\u00edtica (Data Science)<\/p>\n<\/div><\/div>\n\n<div class=\"et_pb_text_45 et_pb_text et_pb_bg_layout_light et_pb_module et_flex_module\"><div class=\"et_pb_text_inner\"><p>Charla virtual con el director de la carrera.<\/p>\n<\/div><\/div>\n\n<ul class=\"et_pb_icon_list_12 et_pb_icon_list et_pb_module et_flex_module\">\n<li class=\"et_pb_icon_list_item_24 et_pb_icon_list_item et_pb_module et_flex_module\"><span class=\"et-pb-icon\">\uf073<\/span><div class=\"et_pb_icon_list_text\">02 - Junio<\/div><\/li>\n\n<li class=\"et_pb_icon_list_item_25 et_pb_icon_list_item et_pb_module et_flex_module\"><span class=\"et-pb-icon\">}<\/span><div class=\"et_pb_icon_list_text\">17:30 hs<\/div><\/li>\n<\/ul>\n<\/div>\n\n<div class=\"et_pb_column_19 et_pb_column et-last-child et_flex_column et_pb_column_empty et_pb_css_mix_blend_mode_passthrough et_flex_column_18_24 et_flex_column_18_24_tablet et_flex_column_18_24_phone\"><\/div>\n<\/div>\n<\/div>","protected":false},"excerpt":{"rendered":"","protected":false},"author":15,"featured_media":0,"parent":1483468298,"menu_order":0,"comment_status":"closed","ping_status":"closed","template":"","meta":{"_lmt_disableupdate":"no","_lmt_disable":"","footnotes":""},"class_list":["post-1483469243","page","type-page","status-publish","hentry"],"_links":{"self":[{"href":"https:\/\/www.itba.edu.ar\/landing\/wp-json\/wp\/v2\/pages\/1483469243","targetHints":{"allow":["GET"]}}],"collection":[{"href":"https:\/\/www.itba.edu.ar\/landing\/wp-json\/wp\/v2\/pages"}],"about":[{"href":"https:\/\/www.itba.edu.ar\/landing\/wp-json\/wp\/v2\/types\/page"}],"author":[{"embeddable":true,"href":"https:\/\/www.itba.edu.ar\/landing\/wp-json\/wp\/v2\/users\/15"}],"replies":[{"embeddable":true,"href":"https:\/\/www.itba.edu.ar\/landing\/wp-json\/wp\/v2\/comments?post=1483469243"}],"version-history":[{"count":31,"href":"https:\/\/www.itba.edu.ar\/landing\/wp-json\/wp\/v2\/pages\/1483469243\/revisions"}],"predecessor-version":[{"id":1483469451,"href":"https:\/\/www.itba.edu.ar\/landing\/wp-json\/wp\/v2\/pages\/1483469243\/revisions\/1483469451"}],"up":[{"embeddable":true,"href":"https:\/\/www.itba.edu.ar\/landing\/wp-json\/wp\/v2\/pages\/1483468298"}],"wp:attachment":[{"href":"https:\/\/www.itba.edu.ar\/landing\/wp-json\/wp\/v2\/media?parent=1483469243"}],"curies":[{"name":"wp","href":"https:\/\/api.w.org\/{rel}","templated":true}]}}