{"id":1483468529,"date":"2026-02-24T11:21:54","date_gmt":"2026-02-24T14:21:54","guid":{"rendered":"https:\/\/www.itba.edu.ar\/landing\/?page_id=1483468529"},"modified":"2026-03-27T15:04:49","modified_gmt":"2026-03-27T18:04:49","slug":"evento-lanzamiento-ing-en-biotecnologia","status":"publish","type":"page","link":"https:\/\/www.itba.edu.ar\/landing\/evento-lanzamiento-ing-en-biotecnologia\/","title":{"rendered":"EVENTO LANZAMIENTO: Ing. en Biotecnolog\u00eda"},"content":{"rendered":"\n<div class=\"et_pb_section_0 et_pb_section et_section_regular et_block_section section_has_divider et_pb_bottom_divider\" id=\"vanta-canva\"><div class=\"et_pb_row_0 et_pb_row et_block_row\"><div class=\"et_pb_column_0 et_pb_column et_pb_column_4_4 et-last-child et_block_column et_pb_css_mix_blend_mode_passthrough\"><div class=\"et_pb_text_0 et_pb_text et_pb_bg_layout_light et_pb_module et_block_module\"><div class=\"et_pb_text_inner\"><h1 style=\"color: blue;\">EVENTO LANZAMIENTO: Ing. en Biotecnolog\u00eda<\/h1>\n<\/div><\/div><div class=\"et_pb_code_0 et_pb_code et_pb_module\"><div class=\"et_pb_code_inner\"><script src=\"https:\/\/cdnjs.cloudflare.com\/ajax\/libs\/three.js\/r121\/three.min.js\"><\/script>\n<script src=\"https:\/\/cdn.jsdelivr.net\/npm\/vanta@latest\/dist\/vanta.fog.min.js\"><\/script>\n\n<script>\n\n  const bgfog = VANTA.FOG({\n  el: \"#vanta-canva\",\n  mouseControls: true,\n  touchControls: true,\n  gyroControls: false,\n highlightColor: 0x3BFFB6,\n  midtoneColor: 0x1FD1FF,\n  lowlightColor: 0x102A5C,\n  baseColor: 0xF4FBFF,\n  fogColor: 0xD6F2FF,\n  blurFactor: 0.9,\n  speed: 3.60,\n  zoom: 0.40\n})\n<\/script><\/div><\/div><\/div><\/div><div class=\"et_pb_bottom_inside_divider et-no-transition\"><\/div><\/div><div class=\"et_pb_section_1 et_pb_section et_section_regular et_block_section\"><\/div><div class=\"et_pb_section_2 et_pb_section et_section_regular et_block_section\"><div class=\"et_pb_row_1 et_pb_row et_block_row\"><div class=\"et_pb_column_1 et_pb_column et_pb_column_4_4 et-last-child et_block_column et_pb_css_mix_blend_mode_passthrough\"><div class=\"et_pb_text_1 et_pb_text et_pb_bg_layout_light et_pb_module et_block_module\"><div class=\"et_pb_text_inner\"><h5><span style=\"color: #0037a5;\"><span style=\"font-size: 87.64px;\">18 de Marzo<\/span><\/span><span style=\"font-size: 14px; color: #000000; font-family: 'Open Sans', Arial, sans-serif; font-weight: 500;\">\u00a0<\/span><\/h5>\n<\/div><\/div><\/div><\/div><div class=\"et_pb_row_2 et_pb_row et-vb-row--no-module et_block_row\"><div class=\"et_pb_column_2 et_pb_column et_pb_column_4_4 et-last-child et_block_column et_pb_column_empty et_pb_css_mix_blend_mode_passthrough\"><\/div><\/div><div class=\"et_pb_row_3 et_pb_row et_block_row\" id=\"desafio\"><div class=\"et_pb_column_3 et_pb_column et_pb_column_1_2 et_block_column et_pb_css_mix_blend_mode_passthrough\"><div class=\"et_pb_text_2 et_pb_text et_pb_bg_layout_light et_pb_module et_block_module\"><div class=\"et_pb_text_inner\"><h2 style=\"text-align: left;\"><strong>\u00bfQu\u00e9 tienen en com\u00fan tu ADN, un medicamento, el cuidado del ambiente y un arcoiris?<\/strong><\/h2>\n<h3><strong><\/strong>Que todas se conectan con nuestra nueva carrera de Ingenier\u00eda en Biotecnolog\u00eda.<\/h3>\n<p>&nbsp;<\/p>\n<p>El ITBA presenta una nueva ingenier\u00eda pensada para quienes buscan combinar ciencia, tecnolog\u00eda e impacto. Te invitamos el 18 de marzo a nuestra universidad para conocer c\u00f3mo es el proceso de trabajo de un ingeniero en Biotecnolog\u00eda y cu\u00e1l es su proyecci\u00f3n profesional.<\/p>\n<p>Biotecnolog\u00eda en el ITBA forma ingenieros preparados para liderar proyectos en farmac\u00e9utica, agroindustria, energ\u00eda, ambiente e I+D: es una disciplina estrat\u00e9gica para un mundo que necesita soluciones sostenibles en el mundo productivo.<\/p>\n<p><strong>Este evento est\u00e1 dirigido a:<\/strong><br \/>Sos orientador o docente que acompa\u00f1a los procesos de elecci\u00f3n de sus alumnos<br \/>Interesados en estudiar esta carrera<\/p>\n<p>Te esperamos para ser parte del evento lanzamiento de Ingenier\u00eda en Biotecnolog\u00eda en el ITBA, un espacio de intercambio entre academia, mundo productivo y colegios que proyectan el futuro de sus estudiantes.<\/p>\n<p>\ud83d\uddd3\ufe0f 18 de marzo<br \/>\u23f0 10:00 h<br \/>\ud83d\udccd ITBA Sede Distrito Tecnol\u00f3gico, CABA<\/p>\n<p><strong>Inscribite ahora y reserv\u00e1 tu lugar<\/strong><\/p>\n<\/div><\/div><div class=\"et_pb_text_3 et_pb_text et_pb_bg_layout_light et_pb_module et_block_module\"><div class=\"et_pb_text_inner\"><h2 style=\"text-align: left;\"><strong>\u00bfQu\u00e9 tienen en com\u00fan tu ADN, un medicamento, el cuidado del ambiente y un arcoiris?<\/strong><\/h2>\n<h3><strong><\/strong>Que todas se conectan con nuestra nueva carrera de Ingenier\u00eda en Biotecnolog\u00eda.<\/h3>\n<p>&nbsp;<\/p>\n<p><span>Conoc\u00e9 el proceso de trabajo y la proyecci\u00f3n profesional de los Ingenieros en Biotecnolog\u00eda. Una disciplina estrat\u00e9gica para soluciones sostenibles en el mundo productivo (farmac\u00e9utica, agroindustria, energ\u00eda, ambiente e I+D).<\/span><\/p>\n<p>&nbsp;<\/p>\n<p><strong>Dirigido a:<\/strong><br \/><strong>Orientadores y docentes:<\/strong> Que acompa\u00f1an la elecci\u00f3n de sus alumnos.<br \/><strong>Interesados<\/strong>: En estudiar esta carrera.<span>\u00a0<\/span><\/p>\n<p>\ud83d\uddd3\ufe0f 18 de marzo<br \/>\u23f0 10:00 h<br \/>\ud83d\udccd ITBA Sede Distrito Tecnol\u00f3gico, CABA<\/p>\n<p><strong>Inscribite ahora y reserv\u00e1 tu lugar<\/strong><\/p>\n<\/div><\/div><div class=\"et_pb_slider_0 et_pb_slider et_pb_slider_fullwidth_off et_pb_module et_block_module\"><div class=\"et_pb_slides\"><div class=\"et_pb_slide_0 et_pb_slide et_pb_media_alignment_center et_pb_bg_layout_dark et_pb_text_align_center\" data-slide-id=\"divi\/slide-0\"><div class=\"et_pb_container\"><div class=\"et_pb_slider_container_inner\"><div class=\"et_pb_slide_description\"><div class=\"et_pb_slide_content\"><p>.........................................................................<\/p>\n<p>.........................................................................<\/p>\n<p>.........................................................................<\/p>\n<p>&nbsp;<\/p>\n<\/div><\/div><\/div><\/div><\/div><div class=\"et_pb_slide_1 et_pb_slide et_pb_media_alignment_center et_pb_bg_layout_dark et_pb_text_align_center\" data-slide-id=\"divi\/slide-1\"><div class=\"et_pb_container\"><div class=\"et_pb_slider_container_inner\"><div class=\"et_pb_slide_description\"><\/div><\/div><\/div><\/div><div class=\"et_pb_slide_2 et_pb_slide et_pb_media_alignment_center et_pb_bg_layout_dark et_pb_text_align_center\" data-slide-id=\"divi\/slide-2\"><div class=\"et_pb_container\"><div class=\"et_pb_slider_container_inner\"><div class=\"et_pb_slide_description\"><\/div><\/div><\/div><\/div><\/div><\/div><\/div><div class=\"et_pb_column_4 et_pb_column et_pb_column_1_2 et-last-child et_block_column et_pb_css_mix_blend_mode_passthrough\"><div class=\"et_pb_text_4 et_pb_text et_pb_bg_layout_light et_pb_module et_block_module\"><div class=\"et_pb_text_inner\" data-et-mv-hidden-tablet=\"true\"><h2 style=\"text-align: left;\"><strong>\u00a1Inscribite!<\/strong><\/h2>\n<\/div><\/div><div class=\"et_pb_code_1 et_pb_code et_pb_module\"><div class=\"et_pb_code_inner\"><iframe loading=\"lazy\" src=\"https:\/\/docs.google.com\/forms\/d\/e\/1FAIpQLSeYZYj0K9aaskJydFcNa08cxfpJkArtO9IRuZzgIJcHYolk-g\/viewform?embedded=true\" width=\"640\" height=\"1832\" frameborder=\"0\" marginheight=\"0\" marginwidth=\"0\">Cargando\u2026<\/iframe><\/div><\/div><\/div><\/div><div class=\"et_pb_row_4 et_pb_row et_block_row\" id=\"desafio\"><div class=\"et_pb_column_5 et_pb_column et_pb_column_1_2 et_block_column et_pb_css_mix_blend_mode_passthrough et_animated\"><div class=\"et_pb_slider_1 et_pb_slider et_pb_slider_fullwidth_off et_pb_module et_block_module\"><div class=\"et_pb_slides\"><div class=\"et_pb_slide_3 et_pb_slide et_pb_media_alignment_center et_pb_bg_layout_dark et_pb_text_align_center\" data-slide-id=\"divi\/slide-3\"><div class=\"et_pb_container\"><div class=\"et_pb_slider_container_inner\"><div class=\"et_pb_slide_description\"><div class=\"et_pb_slide_content\"><p>.........................................................................<\/p>\n<p>.........................................................................<\/p>\n<p>.........................................................................<\/p>\n<p>&nbsp;<\/p>\n<\/div><\/div><\/div><\/div><\/div><div class=\"et_pb_slide_4 et_pb_slide et_pb_media_alignment_center et_pb_bg_layout_dark et_pb_text_align_center\" data-slide-id=\"divi\/slide-4\"><div class=\"et_pb_container\"><div class=\"et_pb_slider_container_inner\"><div class=\"et_pb_slide_description\"><\/div><\/div><\/div><\/div><div class=\"et_pb_slide_5 et_pb_slide et_pb_media_alignment_center et_pb_bg_layout_dark et_pb_text_align_center\" data-slide-id=\"divi\/slide-5\"><div class=\"et_pb_container\"><div class=\"et_pb_slider_container_inner\"><div class=\"et_pb_slide_description\"><\/div><\/div><\/div><\/div><\/div><\/div><\/div><div class=\"et_pb_column_6 et_pb_column et_pb_column_1_2 et-last-child et_block_column et_pb_column_empty et_pb_css_mix_blend_mode_passthrough\"><\/div><\/div><\/div><div class=\"et_pb_section_3 et_pb_section et_section_regular et_block_section\"><\/div>\n","protected":false},"excerpt":{"rendered":"","protected":false},"author":14,"featured_media":0,"parent":0,"menu_order":0,"comment_status":"closed","ping_status":"closed","template":"","meta":{"_lmt_disableupdate":"no","_lmt_disable":"","footnotes":""},"class_list":["post-1483468529","page","type-page","status-publish","hentry"],"_links":{"self":[{"href":"https:\/\/www.itba.edu.ar\/landing\/wp-json\/wp\/v2\/pages\/1483468529","targetHints":{"allow":["GET"]}}],"collection":[{"href":"https:\/\/www.itba.edu.ar\/landing\/wp-json\/wp\/v2\/pages"}],"about":[{"href":"https:\/\/www.itba.edu.ar\/landing\/wp-json\/wp\/v2\/types\/page"}],"author":[{"embeddable":true,"href":"https:\/\/www.itba.edu.ar\/landing\/wp-json\/wp\/v2\/users\/14"}],"replies":[{"embeddable":true,"href":"https:\/\/www.itba.edu.ar\/landing\/wp-json\/wp\/v2\/comments?post=1483468529"}],"version-history":[{"count":28,"href":"https:\/\/www.itba.edu.ar\/landing\/wp-json\/wp\/v2\/pages\/1483468529\/revisions"}],"predecessor-version":[{"id":1483469211,"href":"https:\/\/www.itba.edu.ar\/landing\/wp-json\/wp\/v2\/pages\/1483468529\/revisions\/1483469211"}],"wp:attachment":[{"href":"https:\/\/www.itba.edu.ar\/landing\/wp-json\/wp\/v2\/media?parent=1483468529"}],"curies":[{"name":"wp","href":"https:\/\/api.w.org\/{rel}","templated":true}]}}