{"id":6992,"date":"2017-09-20T09:43:12","date_gmt":"2017-09-20T12:43:12","guid":{"rendered":"https:\/\/www.itba.edu.ar\/intranet\/ti\/?page_id=6992"},"modified":"2017-10-09T17:55:13","modified_gmt":"2017-10-09T20:55:13","slug":"feedback-workspace","status":"publish","type":"page","link":"https:\/\/www.itba.edu.ar\/intranet\/ti\/feedback-workspace\/","title":{"rendered":"Feedback Workspace"},"content":{"rendered":"<p>[et_pb_section bb_built=\u00bb1&#8243;][et_pb_row][et_pb_column type=\u00bb4_4&#8243;][et_pb_contact_form _builder_version=\u00bb3.0.78&#8243; title=\u00bbFeedback Workspace\u00bb success_message=\u00bbMuchas Gracias por tu Feedback\u00bb submit_button_text=\u00bbEnviar\u00bb email=\u00bbayuda@itba.edu.ar, msanjurj@itba.edu.ar, hventura@itba.edu.ar\u00bb captcha=\u00bbon\u00bb use_redirect=\u00bbon\u00bb input_border_radius=\u00bb0&#8243; border_style=\u00bbsolid\u00bb custom_button=\u00bboff\u00bb button_letter_spacing=\u00bb0&#8243; button_icon_placement=\u00bbright\u00bb button_letter_spacing_hover=\u00bb0&#8243; redirect_url=\u00bb\/intranet\/ti\/7001-2\/\u00bb animation_style=\u00bbfade\u00bb text_orientation=\u00bbcenter\u00bb title_font=\u00bbSource Sans Pro Light||||\u00bb title_text_align=\u00bbcenter\u00bb title_font_size=\u00bb30&#8243; form_field_font=\u00bbSource Sans Pro Light||||\u00bb form_field_text_align=\u00bbcenter\u00bb form_field_font_size=\u00bb30&#8243;] [et_pb_contact_field field_title=\u00bbNombre y apellido\u00bb field_type=\u00bbinput\u00bb field_id=\u00bbNombre_y_apellido\u00bb required_mark=\u00bbon\u00bb fullwidth_field=\u00bboff\u00bb _builder_version=\u00bb3.0.78&#8243; checkbox_checked=\u00bboff\u00bb checkbox_options=\u00bb%91{%22value%22:%22Nombre%22,%22checked%22:0}%93&#8243; radio_options=\u00bb%91{%22value%22:%22Nombre%22,%22checked%22:0}%93&#8243; select_options=\u00bb%91{%22value%22:%22Nombre%22,%22checked%22:0}%93&#8243; min_length=\u00bb0&#8243; max_length=\u00bb0&#8243; allowed_symbols=\u00bball\u00bb conditional_logic=\u00bboff\u00bb conditional_logic_relation=\u00bboff\u00bb conditional_logic_rules=\u00bb%91{%22field%22:%22email%22,%22condition%22:%22is%22,%22value%22:%22%22}%93&#8243; use_background_color_gradient=\u00bboff\u00bb background_color_gradient_start=\u00bb#2b87da\u00bb background_color_gradient_end=\u00bb#29c4a9&#8243; background_color_gradient_type=\u00bblinear\u00bb background_color_gradient_direction=\u00bb180deg\u00bb background_color_gradient_direction_radial=\u00bbcenter\u00bb background_color_gradient_start_position=\u00bb0%\u00bb background_color_gradient_end_position=\u00bb100%\u00bb parallax=\u00bboff\u00bb parallax_method=\u00bbon\u00bb background_size=\u00bbcover\u00bb background_position=\u00bbcenter\u00bb background_repeat=\u00bbno-repeat\u00bb background_blend=\u00bbnormal\u00bb allow_player_pause=\u00bboff\u00bb text_orientation=\u00bbcenter\u00bb form_field_font_select=\u00bbdefault\u00bb form_field_font=\u00bb||||\u00bb form_field_text_align=\u00bbleft\u00bb use_border_color=\u00bboff\u00bb border_style=\u00bbsolid\u00bb \/][et_pb_contact_field field_title=\u00bbDirecci\u00f3n de correo electr\u00f3nico\u00bb field_type=\u00bbemail\u00bb field_id=\u00bbEmail\u00bb required_mark=\u00bboff\u00bb fullwidth_field=\u00bboff\u00bb _builder_version=\u00bb3.0.78&#8243; checkbox_checked=\u00bboff\u00bb checkbox_options=\u00bb%91{%22value%22:%22Direcci\u00f3n de correo electr\u00f3nico%22,%22checked%22:0}%93&#8243; radio_options=\u00bb%91{%22value%22:%22Direcci\u00f3n de correo electr\u00f3nico%22,%22checked%22:0}%93&#8243; select_options=\u00bb%91{%22value%22:%22Direcci\u00f3n de correo electr\u00f3nico%22,%22checked%22:0}%93&#8243; min_length=\u00bb0&#8243; max_length=\u00bb0&#8243; allowed_symbols=\u00bball\u00bb conditional_logic=\u00bboff\u00bb conditional_logic_relation=\u00bboff\u00bb conditional_logic_rules=\u00bb%91{%22field%22:%22nombre_y_apellido%22,%22condition%22:%22is%22,%22value%22:%22%22}%93&#8243; use_background_color_gradient=\u00bboff\u00bb background_color_gradient_start=\u00bb#2b87da\u00bb background_color_gradient_end=\u00bb#29c4a9&#8243; background_color_gradient_type=\u00bblinear\u00bb background_color_gradient_direction=\u00bb180deg\u00bb background_color_gradient_direction_radial=\u00bbcenter\u00bb background_color_gradient_start_position=\u00bb0%\u00bb background_color_gradient_end_position=\u00bb100%\u00bb parallax=\u00bboff\u00bb parallax_method=\u00bbon\u00bb background_size=\u00bbcover\u00bb background_position=\u00bbcenter\u00bb background_repeat=\u00bbno-repeat\u00bb background_blend=\u00bbnormal\u00bb allow_player_pause=\u00bboff\u00bb text_orientation=\u00bbleft\u00bb form_field_font_select=\u00bbdefault\u00bb form_field_font=\u00bb||||\u00bb form_field_text_align=\u00bbleft\u00bb use_border_color=\u00bboff\u00bb border_style=\u00bbsolid\u00bb \/][et_pb_contact_field field_title=\u00bbMensaje\u00bb field_type=\u00bbtext\u00bb field_id=\u00bbMensaje\u00bb required_mark=\u00bbon\u00bb fullwidth_field=\u00bbon\u00bb _builder_version=\u00bb3.0.78&#8243; checkbox_checked=\u00bboff\u00bb checkbox_options=\u00bb%91{%22value%22:%22Mensaje%22,%22checked%22:0}%93&#8243; radio_options=\u00bb%91{%22value%22:%22Mensaje%22,%22checked%22:0}%93&#8243; select_options=\u00bb%91{%22value%22:%22Mensaje%22,%22checked%22:0}%93&#8243; min_length=\u00bb0&#8243; max_length=\u00bb0&#8243; allowed_symbols=\u00bball\u00bb conditional_logic=\u00bboff\u00bb conditional_logic_relation=\u00bboff\u00bb conditional_logic_rules=\u00bb%91{%22field%22:%22nombre_y_apellido%22,%22condition%22:%22is%22,%22value%22:%22%22}%93&#8243; use_background_color_gradient=\u00bboff\u00bb background_color_gradient_start=\u00bb#2b87da\u00bb background_color_gradient_end=\u00bb#29c4a9&#8243; background_color_gradient_type=\u00bblinear\u00bb background_color_gradient_direction=\u00bb180deg\u00bb background_color_gradient_direction_radial=\u00bbcenter\u00bb background_color_gradient_start_position=\u00bb0%\u00bb background_color_gradient_end_position=\u00bb100%\u00bb parallax=\u00bboff\u00bb parallax_method=\u00bbon\u00bb background_size=\u00bbcover\u00bb background_position=\u00bbcenter\u00bb background_repeat=\u00bbno-repeat\u00bb background_blend=\u00bbnormal\u00bb allow_player_pause=\u00bboff\u00bb text_orientation=\u00bbleft\u00bb form_field_font_select=\u00bbdefault\u00bb form_field_font=\u00bb||||\u00bb form_field_text_align=\u00bbleft\u00bb use_border_color=\u00bboff\u00bb border_style=\u00bbsolid\u00bb \/][et_pb_contact_field _builder_version=\u00bb3.0.78&#8243; field_id=\u00bbCarrera\u00bb field_title=\u00bbCarrera\u00bb field_type=\u00bbselect\u00bb checkbox_checked=\u00bboff\u00bb checkbox_options=\u00bb%91{%22value%22:%22%22,%22checked%22:0}%93&#8243; radio_options=\u00bb%91{%22value%22:%22%22,%22checked%22:0}%93&#8243; select_options=\u00bb%91{%22value%22:%22ADMINISTRACI\u00d3N Y SISTEMAS%22,%22checked%22:0},{%22value%22:%22BIOINGENIER\u00cdA%22,%22checked%22:0},{%22value%22:%22INGENIER\u00cdA ELECTR\u00d3NICA%22,%22checked%22:0},{%22value%22:%22INGENIER\u00cdA INDUSTRIAL%22,%22checked%22:0},{%22value%22:%22INGENIER\u00cdA INFORM\u00c1TICA%22,%22checked%22:0},{%22value%22:%22INGENIER\u00cdA MEC\u00c1NICA%22,%22checked%22:0},{%22value%22:%22INGENIER\u00cdA NAVAL%22,%22checked%22:0},{%22value%22:%22INGENIER\u00cdA EN PETR\u00d3LEO%22,%22checked%22:0},{%22value%22:%22INGENIER\u00cdA QU\u00cdMICA%22,%22checked%22:0},{%22value%22:%22INGENIER\u00cdA EL\u00c9CTRICA%22,%22checked%22:0}%93&#8243; min_length=\u00bb0&#8243; max_length=\u00bb0&#8243; allowed_symbols=\u00bball\u00bb required_mark=\u00bbon\u00bb conditional_logic=\u00bboff\u00bb conditional_logic_relation=\u00bboff\u00bb conditional_logic_rules=\u00bb%91{%22field%22:%22nombre_y_apellido%22,%22condition%22:%22is%22,%22value%22:%22%22}%93&#8243; use_background_color_gradient=\u00bboff\u00bb background_color_gradient_start=\u00bb#2b87da\u00bb background_color_gradient_end=\u00bb#29c4a9&#8243; background_color_gradient_type=\u00bblinear\u00bb background_color_gradient_direction=\u00bb180deg\u00bb background_color_gradient_direction_radial=\u00bbcenter\u00bb background_color_gradient_start_position=\u00bb0%\u00bb background_color_gradient_end_position=\u00bb100%\u00bb parallax=\u00bboff\u00bb parallax_method=\u00bbon\u00bb background_size=\u00bbcover\u00bb background_position=\u00bbcenter\u00bb background_repeat=\u00bbno-repeat\u00bb background_blend=\u00bbnormal\u00bb allow_player_pause=\u00bboff\u00bb fullwidth_field=\u00bbon\u00bb text_orientation=\u00bbleft\u00bb form_field_font_select=\u00bbdefault\u00bb form_field_font=\u00bb||||\u00bb form_field_text_align=\u00bbleft\u00bb use_border_color=\u00bboff\u00bb border_style=\u00bbsolid\u00bb \/] [\/et_pb_contact_form][\/et_pb_column][\/et_pb_row][\/et_pb_section]<\/p>\n","protected":false},"excerpt":{"rendered":"<div class=\"et_pb_row et_pb_row_0 et_pb_row_empty\">\n\t\t\t\t\n\t\t\t\t\n\t\t\t\t\n\t\t\t\t\n\t\t\t\t\n\t\t\t<\/div>\n","protected":false},"author":2,"featured_media":0,"parent":0,"menu_order":0,"comment_status":"closed","ping_status":"closed","template":"","meta":{"_et_pb_use_builder":"on","_et_pb_old_content":"","_et_gb_content_width":"","yasr_overall_rating":0,"yasr_post_is_review":"","yasr_auto_insert_disabled":"","yasr_review_type":"","footnotes":""},"class_list":["post-6992","page","type-page","status-publish","hentry"],"yasr_visitor_votes":{"stars_attributes":{"read_only":false,"span_bottom":false},"number_of_votes":0,"sum_votes":0},"_links":{"self":[{"href":"https:\/\/www.itba.edu.ar\/intranet\/ti\/wp-json\/wp\/v2\/pages\/6992","targetHints":{"allow":["GET"]}}],"collection":[{"href":"https:\/\/www.itba.edu.ar\/intranet\/ti\/wp-json\/wp\/v2\/pages"}],"about":[{"href":"https:\/\/www.itba.edu.ar\/intranet\/ti\/wp-json\/wp\/v2\/types\/page"}],"author":[{"embeddable":true,"href":"https:\/\/www.itba.edu.ar\/intranet\/ti\/wp-json\/wp\/v2\/users\/2"}],"replies":[{"embeddable":true,"href":"https:\/\/www.itba.edu.ar\/intranet\/ti\/wp-json\/wp\/v2\/comments?post=6992"}],"version-history":[{"count":12,"href":"https:\/\/www.itba.edu.ar\/intranet\/ti\/wp-json\/wp\/v2\/pages\/6992\/revisions"}],"predecessor-version":[{"id":7051,"href":"https:\/\/www.itba.edu.ar\/intranet\/ti\/wp-json\/wp\/v2\/pages\/6992\/revisions\/7051"}],"wp:attachment":[{"href":"https:\/\/www.itba.edu.ar\/intranet\/ti\/wp-json\/wp\/v2\/media?parent=6992"}],"curies":[{"name":"wp","href":"https:\/\/api.w.org\/{rel}","templated":true}]}}