{"id":51624,"date":"2022-05-11T14:59:02","date_gmt":"2022-05-11T17:59:02","guid":{"rendered":"https:\/\/www.itba.edu.ar\/intranet\/ti\/?page_id=51624"},"modified":"2026-03-09T12:22:17","modified_gmt":"2026-03-09T15:22:17","slug":"reacondicionamiento","status":"publish","type":"page","link":"https:\/\/www.itba.edu.ar\/intranet\/ti\/reacondicionamiento\/","title":{"rendered":"reacondicionamiento"},"content":{"rendered":"<p>[et_pb_section fb_built=\u00bb1&#8243; admin_label=\u00bbsection\u00bb _builder_version=\u00bb4.16&#8243; global_colors_info=\u00bb{}\u00bb][et_pb_row _builder_version=\u00bb4.16&#8243; _module_preset=\u00bbdefault\u00bb custom_padding=\u00bb||227px|||\u00bb global_colors_info=\u00bb{}\u00bb][et_pb_column type=\u00bb4_4&#8243; _builder_version=\u00bb4.16&#8243; _module_preset=\u00bbdefault\u00bb global_colors_info=\u00bb{}\u00bb][et_pb_text _builder_version=\u00bb4.17.4&#8243; _module_preset=\u00bbdefault\u00bb text_font=\u00bbMontserrat|900||on|||||\u00bb text_font_size=\u00bb30px\u00bb text_font_size_tablet=\u00bb30px\u00bb text_font_size_phone=\u00bb17px\u00bb text_font_size_last_edited=\u00bbon|phone\u00bb header_font_size_tablet=\u00bb\u00bb header_font_size_phone=\u00bb\u00bb header_font_size_last_edited=\u00bbon|phone\u00bb global_colors_info=\u00bb{}\u00bb header_font_size__hover_enabled=\u00bboff|desktop\u00bb]<\/p>\n<p>Solicitud de reacondicionamiento de puesto de trabajo<\/p>\n<p>[\/et_pb_text][et_pb_text _builder_version=\u00bb4.21.0&#8243; text_font=\u00bb||||||||\u00bb text_text_color=\u00bb#7c7c7c\u00bb text_font_size=\u00bb15px\u00bb background_size=\u00bbinitial\u00bb background_position=\u00bbtop_left\u00bb background_repeat=\u00bbrepeat\u00bb module_alignment=\u00bbleft\u00bb global_colors_info=\u00bb{}\u00bb]<\/p>\n<p>En el siguiente formulario podr\u00e1 reservar un dia y una hora para que el equipo de Tecnolog\u00eda de la Informaci\u00f3n pueda hacer una evaluaci\u00f3n y reacondicionamiento del puesto de trabajo ITBA.<\/p>\n<p><strong>Las laptops se entregan y retiran \u00fanicamente en Sede Rectorado<\/strong><\/p>\n<p>[\/et_pb_text][et_pb_text _builder_version=\u00bb4.16&#8243; text_font=\u00bbSource Sans Pro Light||||\u00bb text_font_size=\u00bb18&#8243; background_size=\u00bbinitial\u00bb background_position=\u00bbtop_left\u00bb background_repeat=\u00bbrepeat\u00bb text_orientation=\u00bbjustified\u00bb module_alignment=\u00bbleft\u00bb custom_css_main_element=\u00bbspan.wpcf7-list-item { display: block; }\u00bb global_colors_info=\u00bb{}\u00bb]<\/p>\n<div class=\"webba_booking_form_v6\" data-service=\"5\"\n    data-category-list=\"no\" data-category=\"0\"\n    data-location=\"0\" data-staff=\"0\" ><\/div>\n    \n<p>[\/et_pb_text][et_pb_text _builder_version=\u00bb4.16&#8243; _module_preset=\u00bbdefault\u00bb global_colors_info=\u00bb{}\u00bb][\/et_pb_text][\/et_pb_column][\/et_pb_row][\/et_pb_section]<\/p>\n","protected":false},"excerpt":{"rendered":"<p>Solicitud de reacondicionamiento de puesto de trabajo En el siguiente formulario podr\u00e1 reservar un dia y una hora para que el equipo de Tecnolog\u00eda de la Informaci\u00f3n pueda hacer una evaluaci\u00f3n y reacondicionamiento del puesto de trabajo ITBA. Las laptops se entregan y retiran \u00fanicamente en Sede Rectorado <div class=\"webba_booking_form_v6\" data-service=\"5\"\n    data-category-list=\"no\" data-category=\"0\"\n    data-location=\"0\" data-staff=\"0\" ><\/div>\n    <\/p>\n","protected":false},"author":2,"featured_media":0,"parent":0,"menu_order":0,"comment_status":"closed","ping_status":"closed","template":"","meta":{"_et_pb_use_builder":"on","_et_pb_old_content":"","_et_gb_content_width":"","yasr_overall_rating":0,"yasr_post_is_review":"","yasr_auto_insert_disabled":"","yasr_review_type":"","footnotes":""},"class_list":["post-51624","page","type-page","status-publish","hentry"],"yasr_visitor_votes":{"stars_attributes":{"read_only":false,"span_bottom":false},"number_of_votes":0,"sum_votes":0},"_links":{"self":[{"href":"https:\/\/www.itba.edu.ar\/intranet\/ti\/wp-json\/wp\/v2\/pages\/51624","targetHints":{"allow":["GET"]}}],"collection":[{"href":"https:\/\/www.itba.edu.ar\/intranet\/ti\/wp-json\/wp\/v2\/pages"}],"about":[{"href":"https:\/\/www.itba.edu.ar\/intranet\/ti\/wp-json\/wp\/v2\/types\/page"}],"author":[{"embeddable":true,"href":"https:\/\/www.itba.edu.ar\/intranet\/ti\/wp-json\/wp\/v2\/users\/2"}],"replies":[{"embeddable":true,"href":"https:\/\/www.itba.edu.ar\/intranet\/ti\/wp-json\/wp\/v2\/comments?post=51624"}],"version-history":[{"count":24,"href":"https:\/\/www.itba.edu.ar\/intranet\/ti\/wp-json\/wp\/v2\/pages\/51624\/revisions"}],"predecessor-version":[{"id":23743578,"href":"https:\/\/www.itba.edu.ar\/intranet\/ti\/wp-json\/wp\/v2\/pages\/51624\/revisions\/23743578"}],"wp:attachment":[{"href":"https:\/\/www.itba.edu.ar\/intranet\/ti\/wp-json\/wp\/v2\/media?parent=51624"}],"curies":[{"name":"wp","href":"https:\/\/api.w.org\/{rel}","templated":true}]}}