{"id":47122,"date":"2017-11-15T18:29:47","date_gmt":"2017-11-15T21:29:47","guid":{"rendered":"https:\/\/www.itba.edu.ar\/intranet\/ti\/?page_id=47122"},"modified":"2018-08-14T08:22:04","modified_gmt":"2018-08-14T11:22:04","slug":"analisis-del-curso-alumnos","status":"publish","type":"page","link":"https:\/\/www.itba.edu.ar\/intranet\/ti\/analisis-del-curso-alumnos\/","title":{"rendered":"Analisis del curso alumnos"},"content":{"rendered":"<p>[et_pb_section bb_built=\u00bb1&#8243; admin_label=\u00bbSection\u00bb fullwidth=\u00bbon\u00bb _builder_version=\u00bb3.3.1&#8243; use_background_color_gradient=\u00bbon\u00bb background_color_gradient_start=\u00bb#474ab6&#8243; background_color_gradient_end=\u00bb#9271f6&#8243; background_image=\u00bbhttps:\/\/intranet-nv.s3.amazonaws.com\/wp-content\/uploads\/sites\/2\/2017\/11\/coding-background-texture.jpg\u00bb background_size=\u00bbcontain\u00bb background_blend=\u00bboverlay\u00bb custom_padding=\u00bb0px|0px|90px|0px|false|false\u00bb bottom_divider_style=\u00bbmountains2&#8243; bottom_divider_color=\u00bb#ffffff\u00bb bottom_divider_height=\u00bb65px\u00bb next_background_color=\u00bb#8300e9&#8243;][et_pb_fullwidth_header admin_label=\u00bbFullwidth Header\u00bb text_orientation=\u00bbcenter\u00bb header_fullscreen=\u00bbon\u00bb header_scroll_down=\u00bbon\u00bb scroll_down_icon=\u00bb%%7%%\u00bb scroll_down_icon_color=\u00bb#ffffff\u00bb scroll_down_icon_size=\u00bb40&#8243; background_overlay_color=\u00bbrgba(25,61,106,0)\u00bb title_font_color=\u00bb#ffffff\u00bb content_font_color=\u00bb#ffffff\u00bb _builder_version=\u00bb3.2&#8243; title_font=\u00bbMontserrat|on||on|\u00bb title_text_color=\u00bb#ffffff\u00bb title_font_size=\u00bb55px\u00bb content_font=\u00bbSource Sans Pro Light||||\u00bb content_text_color=\u00bb#ffffff\u00bb content_font_size=\u00bb22&#8243; background_color=\u00bbrgba(255, 255, 255, 0)\u00bb parallax=\u00bbon\u00bb max_width_tablet=\u00bb50px\u00bb]<\/p>\n<p><iframe loading=\"lazy\" src=\"https:\/\/www.youtube.com\/embed\/IeZJaCoYgnk?rel=0&amp;?autoplay=1;controls=0&amp;showinfo=0\" width=\"1280\" height=\"720\" frameborder=\"0\" allowfullscreen=\"allowfullscreen\"><\/iframe><\/p>\n<p>[\/et_pb_fullwidth_header][\/et_pb_section][et_pb_section bb_built=\u00bb1&#8243; admin_label=\u00bbTestimonial\u00bb _builder_version=\u00bb3.3.1&#8243; use_background_color_gradient=\u00bbon\u00bb background_color_gradient_start=\u00bb#474ab6&#8243; background_color_gradient_end=\u00bb#9271f6&#8243; background_image=\u00bbhttps:\/\/intranet-nv.s3.amazonaws.com\/wp-content\/uploads\/sites\/2\/2017\/11\/coding-background-texture.jpg\u00bb background_blend=\u00bboverlay\u00bb box_shadow_style=\u00bbpreset7&#8243; box_shadow_horizontal=\u00bb0px\u00bb box_shadow_vertical=\u00bb80px\u00bb box_shadow_color=\u00bb#ffffff\u00bb custom_margin=\u00bb|||\u00bb custom_padding=\u00bb0px||0px|\u00bb locked=\u00bboff\u00bb background_color=\u00bb#8300e9&#8243; background_size=\u00bbinitial\u00bb top_divider_style=\u00bbmountains2&#8243; bottom_divider_style=\u00bbasymmetric4&#8243; bottom_divider_color=\u00bb#ffffff\u00bb top_divider_height=\u00bb225px\u00bb prev_background_color=\u00bb#ffffff\u00bb next_background_color=\u00bb#ffffff\u00bb][et_pb_row use_custom_width=\u00bbon\u00bb custom_width_px=\u00bb1280px\u00bb custom_padding=\u00bb44px|0px|0px|0px|false|false\u00bb custom_padding_tablet=\u00bb|10%||10%\u00bb custom_padding_phone=\u00bb|||\u00bb make_equal=\u00bbon\u00bb custom_padding_last_edited=\u00bbon|tablet\u00bb bg_img_2=\u00bbhttps:\/\/intranet-nv.s3.amazonaws.com\/wp-content\/uploads\/sites\/2\/2017\/11\/coding-dot-bg.png\u00bb padding_top_1=\u00bb150px\u00bb padding_bottom_1=\u00bb80px\u00bb parallax_2=\u00bbon\u00bb padding_1_tablet=\u00bb100px|||\u00bb padding_1_last_edited=\u00bbon|phone\u00bb _builder_version=\u00bb3.0.82&#8243;][et_pb_column type=\u00bb1_2&#8243;][et_pb_text _builder_version=\u00bb3.0.89&#8243; header_font=\u00bb|on|||\u00bb header_font_size=\u00bb36px\u00bb header_line_height=\u00bb1.5em\u00bb background_layout=\u00bbdark\u00bb custom_margin=\u00bb||20px|\u00bb animation_style=\u00bbslide\u00bb animation_direction=\u00bbbottom\u00bb animation_intensity_slide=\u00bb10%\u00bb locked=\u00bboff\u00bb]<\/p>\n<h1>Ahora tenes una excelente herramienta para evaluar tu actividad acad\u00e9mica en un curso<\/h1>\n<p>[\/et_pb_text][et_pb_text _builder_version=\u00bb3.0.89&#8243; text_text_color=\u00bb#d4ccff\u00bb text_font_size=\u00bb18px\u00bb text_line_height=\u00bb1.9em\u00bb animation_style=\u00bbslide\u00bb animation_direction=\u00bbtop\u00bb animation_intensity_slide=\u00bb6%\u00bb locked=\u00bboff\u00bb]<\/p>\n<div>\n<div>Por primeva vez, vas a poder saber cual es tu performance acad\u00e9mica respecto al resto del curso con datos confiables<\/div>\n<\/div>\n<p>[\/et_pb_text][\/et_pb_column][et_pb_column type=\u00bb1_2&#8243;][et_pb_image src=\u00bbhttps:\/\/intranet-nv.s3.amazonaws.com\/wp-content\/uploads\/sites\/2\/2017\/11\/coding-dots.png\u00bb _builder_version=\u00bb3.0.89&#8243; custom_margin=\u00bb|||\u00bb animation_style=\u00bbslide\u00bb animation_direction=\u00bbtop\u00bb animation_intensity_slide=\u00bb3%\u00bb animation_speed_curve=\u00bbease-out\u00bb]<br \/>\n[\/et_pb_image][\/et_pb_column][\/et_pb_row][\/et_pb_section][et_pb_section bb_built=\u00bb1&#8243; _builder_version=\u00bb3.3.1&#8243; custom_padding=\u00bb54px|0px|102px|0px|false|false\u00bb prev_background_color=\u00bb#8300e9&#8243; next_background_color=\u00bb#000000&#8243;][et_pb_row use_custom_gutter=\u00bbon\u00bb gutter_width=\u00bb4&#8243; _builder_version=\u00bb3.0.89&#8243;][et_pb_column type=\u00bb4_4&#8243;][et_pb_blurb admin_label=\u00bbActividad del alumno \u00bb title=\u00bbActividad del alumno \u00bb image=\u00bbhttps:\/\/intranet-nv.s3.amazonaws.com\/wp-content\/uploads\/sites\/2\/2017\/11\/coding-iconArtboard-19-copy-8.jpg\u00bb icon_placement=\u00bbleft\u00bb image_max_width=\u00bb64px\u00bb content_max_width=\u00bb1100px\u00bb _builder_version=\u00bb3.0.89&#8243; header_font=\u00bb|on|||\u00bb header_text_color=\u00bb#2e2545&#8243; header_line_height=\u00bb1.5em\u00bb body_text_color=\u00bb#8585bd\u00bb body_font_size=\u00bb16px\u00bb body_line_height=\u00bb1.9em\u00bb background_color=\u00bb#ffffff\u00bb box_shadow_style=\u00bbpreset2&#8243; box_shadow_horizontal=\u00bb0px\u00bb box_shadow_vertical=\u00bb0px\u00bb box_shadow_blur=\u00bb60px\u00bb box_shadow_color=\u00bbrgba(71,74,182,0.12)\u00bb custom_margin=\u00bb|||\u00bb custom_padding=\u00bb30px|40px|30px|40px\u00bb animation_style=\u00bbzoom\u00bb animation_direction=\u00bbbottom\u00bb animation_intensity_zoom=\u00bb20%\u00bb animation_starting_opacity=\u00bb100%\u00bb]<\/p>\n<div>\n<div><span style=\"color: #000000;\">Podes ver como es tu actividad en Campus respecto al promedio de tus compa\u00f1eros de curso, as\u00ed como la comparaci\u00f3n con el promedio de calificaciones calificaciones<br \/>\n<\/span><\/div>\n<\/div>\n<div><\/div>\n<div><img loading=\"lazy\" decoding=\"async\" class=\"aligncenter size-full wp-image-47290\" src=\"https:\/\/intranet-nv.s3.amazonaws.com\/wp-content\/uploads\/sites\/2\/2017\/11\/Grafico-Alumno.jpg\" alt=\"\" width=\"1234\" height=\"875\" \/><\/div>\n<p>[\/et_pb_blurb][et_pb_button admin_label=\u00bbIr a la ayuda de Matriz de actividad y calificaci\u00f3n\u00bb button_url=\u00bb\/intranet\/ti\/wp-content\/uploads\/sites\/2\/2017\/11\/Student-At-a-Glance-Integrated.pdf\u00bb button_text=\u00bbIr a la ayuda de Actividad del alumno\u00bb button_alignment=\u00bbcenter\u00bb _builder_version=\u00bb3.0.89&#8243; custom_button=\u00bbon\u00bb button_text_size=\u00bb16px\u00bb button_text_color=\u00bb#ffffff\u00bb button_bg_color=\u00bb#7272ff\u00bb button_border_width=\u00bb10px\u00bb button_border_color=\u00bb#7272ff\u00bb button_border_radius=\u00bb100px\u00bb button_letter_spacing=\u00bb1px\u00bb button_font=\u00bb|on||on|\u00bb button_icon=\u00bb%%36%%\u00bb button_on_hover=\u00bboff\u00bb button_letter_spacing_hover=\u00bb2px\u00bb box_shadow_style=\u00bbpreset1&#8243; box_shadow_vertical=\u00bb10px\u00bb box_shadow_blur=\u00bb50px\u00bb box_shadow_spread=\u00bb5px\u00bb box_shadow_color=\u00bbrgba(114,114,255,0.4)\u00bb custom_margin=\u00bb|||\u00bb animation_style=\u00bbzoom\u00bb animation_delay=\u00bb100ms\u00bb animation_intensity_zoom=\u00bb6%\u00bb]<br \/>\n[\/et_pb_button][\/et_pb_column][\/et_pb_row][\/et_pb_section][et_pb_section bb_built=\u00bb1&#8243; admin_label=\u00bbCourse Hero\u00bb _builder_version=\u00bb3.3.1&#8243; use_background_color_gradient=\u00bbon\u00bb background_color_gradient_start=\u00bb#474ab6&#8243; background_color_gradient_end=\u00bb#9271f6&#8243; background_image=\u00bbhttps:\/\/intranet-nv.s3.amazonaws.com\/wp-content\/uploads\/sites\/2\/2017\/11\/coding-background-texture.jpg\u00bb background_blend=\u00bboverlay\u00bb custom_padding=\u00bb52px|0px|75px|0px|false|false\u00bb animation_style=\u00bbslide\u00bb animation_direction=\u00bbtop\u00bb animation_intensity_slide=\u00bb2%\u00bb bottom_divider_style=\u00bbmountains2&#8243; top_divider_style=\u00bbmountains2&#8243; top_divider_flip=\u00bbhorizontal\u00bb prev_background_color=\u00bb#ffffff\u00bb next_background_color=\u00bb#f7f8fc\u00bb][et_pb_row custom_padding=\u00bb90px|0px|90px|0px\u00bb _builder_version=\u00bb3.0.82&#8243;][et_pb_column type=\u00bb1_2&#8243;][et_pb_text _builder_version=\u00bb3.0.89&#8243; text_text_color=\u00bb#ffffff\u00bb header_font=\u00bb|on|||\u00bb header_text_color=\u00bb#ffffff\u00bb header_font_size=\u00bb36px\u00bb header_line_height=\u00bb1.5em\u00bb background_layout=\u00bbdark\u00bb custom_margin=\u00bb||20px|\u00bb animation_style=\u00bbslide\u00bb animation_direction=\u00bbbottom\u00bb animation_intensity_slide=\u00bb10%\u00bb locked=\u00bboff\u00bb]<\/p>\n<h1>\u00bfC\u00f3mo accedo a este informe?<\/h1>\n<p>[\/et_pb_text][et_pb_divider color=\u00bb#09e1c0&#8243; divider_weight=\u00bb4px\u00bb disabled_on=\u00bbon|on|off\u00bb _builder_version=\u00bb3.2&#8243; background_size=\u00bbinitial\u00bb background_position=\u00bbtop_left\u00bb background_repeat=\u00bbrepeat\u00bb max_width=\u00bb40px\u00bb module_alignment=\u00bbleft\u00bb custom_margin=\u00bb||10px|\u00bb animation_style=\u00bbzoom\u00bb animation_direction=\u00bbleft\u00bb saved_tabs=\u00bball\u00bb locked=\u00bboff\u00bb]<br \/>\n[\/et_pb_divider][et_pb_text _builder_version=\u00bb3.0.89&#8243; text_text_color=\u00bb#ffffff\u00bb text_font_size=\u00bb16px\u00bb text_line_height=\u00bb1.9em\u00bb background_layout=\u00bbdark\u00bb animation_style=\u00bbzoom\u00bb animation_intensity_zoom=\u00bb6%\u00bb locked=\u00bboff\u00bb]<\/p>\n<p><span style=\"color: #d0cdf5;\"><strong>Dentro de tu curso, en el panel de la izquierda ir a..<\/strong><\/span><\/p>\n<p>&nbsp;<\/p>\n<ul>\n<li>&gt; Herramientas<\/li>\n<li>&gt; Actividad comparada con otros<\/li>\n<\/ul>\n<p>[\/et_pb_text][\/et_pb_column][et_pb_column type=\u00bb1_2&#8243;][et_pb_image src=\u00bbhttps:\/\/intranet-nv.s3.amazonaws.com\/wp-content\/uploads\/sites\/2\/2017\/11\/Analisis-de-curso-ALUMNO_gif_.gif\u00bb _builder_version=\u00bb3.0.89&#8243; animation_style=\u00bbzoom\u00bb animation_direction=\u00bbleft\u00bb animation_delay=\u00bb100ms\u00bb animation_intensity_zoom=\u00bb20%\u00bb]<br \/>\n[\/et_pb_image][\/et_pb_column][\/et_pb_row][\/et_pb_section][et_pb_section bb_built=\u00bb1&#8243; admin_label=\u00bbFooter\u00bb _builder_version=\u00bb3.3.1&#8243; background_color=\u00bb#f7f8fc\u00bb custom_padding=\u00bb0px|0px|72px|0px|false|false\u00bb animation_style=\u00bbzoom\u00bb animation_direction=\u00bbbottom\u00bb animation_intensity_zoom=\u00bb6%\u00bb animation_starting_opacity=\u00bb100%\u00bb saved_tabs=\u00bball\u00bb prev_background_color=\u00bb#ffffff\u00bb][et_pb_row use_custom_gutter=\u00bbon\u00bb gutter_width=\u00bb2&#8243; _builder_version=\u00bb3.0.82&#8243; background_size=\u00bbinitial\u00bb background_position=\u00bbtop_left\u00bb background_repeat=\u00bbrepeat\u00bb custom_padding=\u00bb125px|0px|27px|0px|false|false\u00bb][et_pb_column type=\u00bb1_3&#8243;][et_pb_text _builder_version=\u00bb3.0.89&#8243; text_text_color=\u00bb#7272ff\u00bb header_font=\u00bb|on|||\u00bb header_text_color=\u00bb#7272ff\u00bb header_font_size=\u00bb36px\u00bb header_line_height=\u00bb1.5em\u00bb background_size=\u00bbinitial\u00bb background_position=\u00bbtop_left\u00bb background_repeat=\u00bbrepeat\u00bb text_orientation=\u00bbcenter\u00bb module_alignment=\u00bbcenter\u00bb custom_margin=\u00bb||20px|\u00bb animation_style=\u00bbslide\u00bb animation_direction=\u00bbbottom\u00bb animation_intensity_slide=\u00bb10%\u00bb]<\/p>\n<h1 style=\"text-align: center;\">\u00bfEstas listo para empezar a usarlo?<\/h1>\n<p>[\/et_pb_text][\/et_pb_column][et_pb_column type=\u00bb1_3&#8243;][et_pb_button button_url=\u00bbhttps:\/\/campus.itba.edu.ar\/\u00bb button_text=\u00bbIr a Campus\u00bb button_alignment=\u00bbcenter\u00bb _builder_version=\u00bb3.0.89&#8243; custom_button=\u00bbon\u00bb button_text_size=\u00bb16px\u00bb button_text_color=\u00bb#ffffff\u00bb button_bg_color=\u00bb#7272ff\u00bb button_border_width=\u00bb10px\u00bb button_border_color=\u00bb#7272ff\u00bb button_border_radius=\u00bb100px\u00bb button_letter_spacing=\u00bb1px\u00bb button_font=\u00bb|on||on|\u00bb button_icon=\u00bb%%36%%\u00bb button_on_hover=\u00bboff\u00bb button_letter_spacing_hover=\u00bb2px\u00bb box_shadow_style=\u00bbpreset1&#8243; box_shadow_vertical=\u00bb10px\u00bb box_shadow_blur=\u00bb50px\u00bb box_shadow_spread=\u00bb5px\u00bb box_shadow_color=\u00bbrgba(114,114,255,0.4)\u00bb custom_margin=\u00bb|||\u00bb animation_style=\u00bbzoom\u00bb animation_delay=\u00bb100ms\u00bb animation_intensity_zoom=\u00bb6%\u00bb locked=\u00bboff\u00bb]<br \/>\n[\/et_pb_button][\/et_pb_column][et_pb_column type=\u00bb1_3&#8243;][et_pb_button button_url=\u00bb\/intranet\/ti\/twitter-y-whatsapp\/\u00bb button_text=\u00bb\u00bfNecesitas Ayuda?\u00bb button_alignment=\u00bbcenter\u00bb _builder_version=\u00bb3.0.89&#8243; custom_button=\u00bbon\u00bb button_text_size=\u00bb16px\u00bb button_text_color=\u00bb#7272ff\u00bb button_bg_color=\u00bb#ffffff\u00bb button_border_width=\u00bb10px\u00bb button_border_color=\u00bb#ffffff\u00bb button_border_radius=\u00bb100px\u00bb button_letter_spacing=\u00bb1px\u00bb button_font=\u00bb|on||on|\u00bb button_icon=\u00bb%%36%%\u00bb button_on_hover=\u00bboff\u00bb button_letter_spacing_hover=\u00bb2px\u00bb box_shadow_style=\u00bbpreset1&#8243; box_shadow_vertical=\u00bb10px\u00bb box_shadow_blur=\u00bb50px\u00bb box_shadow_spread=\u00bb5px\u00bb box_shadow_color=\u00bbrgba(181,181,255,0.38)\u00bb custom_margin=\u00bb|||\u00bb animation_style=\u00bbzoom\u00bb animation_intensity_zoom=\u00bb6%\u00bb locked=\u00bboff\u00bb]<br \/>\n[\/et_pb_button][\/et_pb_column][\/et_pb_row][\/et_pb_section]<\/p>\n","protected":false},"excerpt":{"rendered":"<p>Ahora tenes una excelente herramienta para evaluar tu actividad acad\u00e9mica en un curso Por primeva vez, vas a poder saber cual es tu performance acad\u00e9mica respecto al resto del curso con datos confiables Podes ver como es tu actividad en Campus respecto al promedio de tus compa\u00f1eros de curso, as\u00ed como la comparaci\u00f3n con el [&hellip;]<\/p>\n","protected":false},"author":2,"featured_media":0,"parent":0,"menu_order":0,"comment_status":"closed","ping_status":"closed","template":"","meta":{"_et_pb_use_builder":"on","_et_pb_old_content":"","_et_gb_content_width":"","yasr_overall_rating":0,"yasr_post_is_review":"","yasr_auto_insert_disabled":"","yasr_review_type":"","footnotes":""},"class_list":["post-47122","page","type-page","status-publish","hentry"],"yasr_visitor_votes":{"stars_attributes":{"read_only":false,"span_bottom":false},"number_of_votes":0,"sum_votes":0},"_links":{"self":[{"href":"https:\/\/www.itba.edu.ar\/intranet\/ti\/wp-json\/wp\/v2\/pages\/47122","targetHints":{"allow":["GET"]}}],"collection":[{"href":"https:\/\/www.itba.edu.ar\/intranet\/ti\/wp-json\/wp\/v2\/pages"}],"about":[{"href":"https:\/\/www.itba.edu.ar\/intranet\/ti\/wp-json\/wp\/v2\/types\/page"}],"author":[{"embeddable":true,"href":"https:\/\/www.itba.edu.ar\/intranet\/ti\/wp-json\/wp\/v2\/users\/2"}],"replies":[{"embeddable":true,"href":"https:\/\/www.itba.edu.ar\/intranet\/ti\/wp-json\/wp\/v2\/comments?post=47122"}],"version-history":[{"count":20,"href":"https:\/\/www.itba.edu.ar\/intranet\/ti\/wp-json\/wp\/v2\/pages\/47122\/revisions"}],"predecessor-version":[{"id":48017,"href":"https:\/\/www.itba.edu.ar\/intranet\/ti\/wp-json\/wp\/v2\/pages\/47122\/revisions\/48017"}],"wp:attachment":[{"href":"https:\/\/www.itba.edu.ar\/intranet\/ti\/wp-json\/wp\/v2\/media?parent=47122"}],"curies":[{"name":"wp","href":"https:\/\/api.w.org\/{rel}","templated":true}]}}