{"id":3347,"date":"2016-03-02T08:25:15","date_gmt":"2016-03-02T11:25:15","guid":{"rendered":"http:\/\/wordpress-test.itba.edu.ar\/ti\/?page_id=3347"},"modified":"2026-03-16T19:13:27","modified_gmt":"2026-03-16T22:13:27","slug":"solicitud-de-envio-masivo","status":"publish","type":"page","link":"https:\/\/www.itba.edu.ar\/intranet\/ti\/solicitud-de-envio-masivo\/","title":{"rendered":"Solicitud de Envio masivo"},"content":{"rendered":"<p>[et_pb_section fb_built=\u00bb1&#8243; admin_label=\u00bbsection\u00bb _builder_version=\u00bb4.16&#8243; global_colors_info=\u00bb{}\u00bb][et_pb_row admin_label=\u00bbrow\u00bb _builder_version=\u00bb4.16&#8243; background_size=\u00bbinitial\u00bb background_position=\u00bbtop_left\u00bb background_repeat=\u00bbrepeat\u00bb global_colors_info=\u00bb{}\u00bb][et_pb_column type=\u00bb4_4&#8243; _builder_version=\u00bb4.16&#8243; custom_padding=\u00bb|||\u00bb global_colors_info=\u00bb{}\u00bb custom_padding__hover=\u00bb|||\u00bb][et_pb_divider show_divider=\u00bboff\u00bb disabled_on=\u00bbon|on|off\u00bb _builder_version=\u00bb4.16&#8243; hide_on_mobile=\u00bbon\u00bb global_colors_info=\u00bb{}\u00bb][\/et_pb_divider][et_pb_text _builder_version=\u00bb4.16&#8243; text_font=\u00bbSource Sans Pro Light||||\u00bb text_text_color=\u00bb#1c9bdb\u00bb text_font_size=\u00bb30&#8243; background_size=\u00bbinitial\u00bb background_position=\u00bbtop_left\u00bb background_repeat=\u00bbrepeat\u00bb module_alignment=\u00bbleft\u00bb use_border_color=\u00bboff\u00bb border_color=\u00bb#ffffff\u00bb border_style=\u00bbsolid\u00bb global_colors_info=\u00bb{}\u00bb]Solicitud de env\u00edo masivo de correos electr\u00f3nicos<br \/>\n[\/et_pb_text][et_pb_text _builder_version=\u00bb4.16&#8243; text_font=\u00bbSource Sans Pro Light||||\u00bb text_text_color=\u00bb#606060&#8243; text_font_size=\u00bb20&#8243; background_size=\u00bbinitial\u00bb background_position=\u00bbtop_left\u00bb background_repeat=\u00bbrepeat\u00bb module_alignment=\u00bbleft\u00bb border_style=\u00bbsolid\u00bb global_colors_info=\u00bb{}\u00bb]<\/p>\n<blockquote><p><strong>AVISO<\/strong><br \/>\n<em>En caso de no ser una persona autorizada para solicitar los env\u00edos masivos, el formulario debe estar avalado por un mail de RRII y es su responsabilidad solicitar el permiso. El envi\u00f3 no ser\u00e1 registrado hasta tener esta constancia.<\/em><\/p><\/blockquote>\n<p>[\/et_pb_text][et_pb_text _builder_version=\u00bb4.16&#8243; background_size=\u00bbinitial\u00bb background_position=\u00bbtop_left\u00bb background_repeat=\u00bbrepeat\u00bb module_alignment=\u00bbleft\u00bb custom_css_main_element=\u00bb#responsive-form{|| max-width:600px \/*&#8211; change this to get your desired form width &#8211;*\/;|| margin:0 auto;|| width:100%;||}||.form-row{|| width: 100%;||}||.column-half, .column-full{|| float: left;|| position: relative;|| padding: 0.65rem;|| width:100%;|| -webkit-box-sizing: border-box;|| -moz-box-sizing: border-box;|| box-sizing: border-box||}||.clearfix:after {|| content: %22%22;|| display: table;|| clear: both;||}||||\/**&#8212;&#8212;&#8212;&#8212;&#8212;- Media query &#8212;&#8212;&#8212;&#8212;&#8212;-**\/||@media only screen and (min-width: 48em) { || .column-half{|| width: 50%;|| }||}\u00bb use_border_color=\u00bboff\u00bb border_color=\u00bb#ffffff\u00bb border_style=\u00bbsolid\u00bb global_colors_info=\u00bb{}\u00bb]\n<div class=\"wpcf7 no-js\" id=\"wpcf7-f3346-o1\" lang=\"es-ES\" dir=\"ltr\" data-wpcf7-id=\"3346\">\n<div class=\"screen-reader-response\"><p role=\"status\" aria-live=\"polite\" aria-atomic=\"true\"><\/p> <ul><\/ul><\/div>\n<form action=\"\/intranet\/ti\/wp-json\/wp\/v2\/pages\/3347#wpcf7-f3346-o1\" method=\"post\" class=\"wpcf7-form init\" aria-label=\"Formulario de contacto\" enctype=\"multipart\/form-data\" novalidate=\"novalidate\" data-status=\"init\">\n<fieldset class=\"hidden-fields-container\"><input type=\"hidden\" name=\"_wpcf7\" value=\"3346\" \/><input type=\"hidden\" name=\"_wpcf7_version\" value=\"6.1.5\" \/><input type=\"hidden\" name=\"_wpcf7_locale\" value=\"es_ES\" \/><input type=\"hidden\" name=\"_wpcf7_unit_tag\" value=\"wpcf7-f3346-o1\" \/><input type=\"hidden\" name=\"_wpcf7_container_post\" value=\"0\" \/><input type=\"hidden\" name=\"_wpcf7_posted_data_hash\" value=\"\" \/><input type=\"hidden\" name=\"_wpcf7cf_hidden_group_fields\" value=\"[]\" \/><input type=\"hidden\" name=\"_wpcf7cf_hidden_groups\" value=\"[]\" \/><input type=\"hidden\" name=\"_wpcf7cf_visible_groups\" value=\"[]\" \/><input type=\"hidden\" name=\"_wpcf7cf_repeaters\" value=\"[]\" \/><input type=\"hidden\" name=\"_wpcf7cf_steps\" value=\"{}\" \/><input type=\"hidden\" name=\"_wpcf7cf_options\" value=\"{&quot;form_id&quot;:3346,&quot;conditions&quot;:[],&quot;settings&quot;:{&quot;animation&quot;:&quot;yes&quot;,&quot;animation_intime&quot;:200,&quot;animation_outtime&quot;:200,&quot;conditions_ui&quot;:&quot;normal&quot;,&quot;notice_dismissed&quot;:false,&quot;notice_dismissed_rollback-cf7-5.8.6&quot;:true,&quot;notice_dismissed_rollback-cf7-5.9.3&quot;:true,&quot;notice_dismissed_rollback-cf7-5.9.5&quot;:true,&quot;notice_dismissed_rollback-cf7-5.9.6&quot;:true}}\" \/><input type=\"hidden\" name=\"_wpcf7_recaptcha_response\" value=\"\" \/>\n<\/fieldset>\n<hr \/>\n<p><strong>Datos del usuario solicitante<\/strong>\n<\/p>\n<ul>\n\t<li>\n\t\t<p>Nombre y apellido\n\t\t<\/p>\n\t<\/li>\n<\/ul>\n<p><span class=\"wpcf7-form-control-wrap\" data-name=\"your-name\"><input size=\"40\" maxlength=\"400\" class=\"wpcf7-form-control wpcf7-text wpcf7-validates-as-required\" aria-required=\"true\" aria-invalid=\"false\" value=\"\" type=\"text\" name=\"your-name\" \/><\/span>\n<\/p>\n<ul>\n\t<li>\n\t\t<p>Correo electr\u00f3nico\n\t\t<\/p>\n\t<\/li>\n<\/ul>\n<p><em>-A esta direcci\u00f3n se le enviar\u00e1 una prueba antes de realizar el env\u00edo<\/em><br \/>\n<span class=\"wpcf7-form-control-wrap\" data-name=\"your-email\"><input size=\"40\" maxlength=\"400\" class=\"wpcf7-form-control wpcf7-email wpcf7-validates-as-required wpcf7-text wpcf7-validates-as-email\" aria-required=\"true\" aria-invalid=\"false\" value=\"\" type=\"email\" name=\"your-email\" \/><\/span>\n<\/p>\n<ul>\n\t<li>\n\t\t<p>N\u00famero de interno telef\u00f3nico\n\t\t<\/p>\n\t<\/li>\n<\/ul>\n<p><span class=\"wpcf7-form-control-wrap\" data-name=\"Nmerodeinterno\"><input size=\"40\" maxlength=\"400\" class=\"wpcf7-form-control wpcf7-tel wpcf7-validates-as-required wpcf7-text wpcf7-validates-as-tel\" aria-required=\"true\" aria-invalid=\"false\" value=\"\" type=\"tel\" name=\"Nmerodeinterno\" \/><\/span>\n<\/p>\n<hr \/>\n<p><strong>Datos del Env\u00edo Masivo<\/strong>\n<\/p>\n<ul>\n\t<li>\n\t\t<p>Asunto del env\u00edo masivo\n\t\t<\/p>\n\t<\/li>\n<\/ul>\n<p><em>-Es el t\u00edtulo con el que va a llegar el mensaje.<\/em><br \/>\n<span class=\"wpcf7-form-control-wrap\" data-name=\"text-852\"><input size=\"40\" maxlength=\"400\" class=\"wpcf7-form-control wpcf7-text wpcf7-validates-as-required\" aria-required=\"true\" aria-invalid=\"false\" value=\"\" type=\"text\" name=\"text-852\" \/><\/span>\n<\/p>\n<ul>\n\t<li>\n\t\t<p>Remitente\n\t\t<\/p>\n\t<\/li>\n<\/ul>\n<p><em>-Nombre de quien va a salir el env\u00edo.<\/em><br \/>\n<span class=\"wpcf7-form-control-wrap\" data-name=\"text-853\"><input size=\"40\" maxlength=\"400\" class=\"wpcf7-form-control wpcf7-text wpcf7-validates-as-required\" aria-required=\"true\" aria-invalid=\"false\" value=\"\" type=\"text\" name=\"text-853\" \/><\/span><br \/>\n<hr \/>\n<\/p>\n<ul>\n\t<li>\n\t\t<p>Direcci\u00f3n de respuesta\n\t\t<\/p>\n\t<\/li>\n<\/ul>\n<p><em>-Es la direcci\u00f3n ITBA a la que va a responder el que reciba el correo.<\/em><br \/>\n<span class=\"wpcf7-form-control-wrap\" data-name=\"email-50\"><input size=\"40\" maxlength=\"400\" class=\"wpcf7-form-control wpcf7-email wpcf7-validates-as-required wpcf7-text wpcf7-validates-as-email\" aria-required=\"true\" aria-invalid=\"false\" value=\"\" type=\"email\" name=\"email-50\" \/><\/span><br \/>\n<hr \/>\n<\/p>\n<ul>\n\t<li>\n\t\t<p>Texto del cuerpo del correo electr\u00f3nico masivo\n\t\t<\/p>\n\t<\/li>\n<\/ul>\n<p><em>-Es necesario adjuntar un archivo Word<\/em><br \/>\n<span class=\"wpcf7-form-control-wrap\" data-name=\"texto-archivo\"><input size=\"40\" class=\"wpcf7-form-control wpcf7-file\" accept=\".txt,.doc,.docx,.zip,.rar\" aria-invalid=\"false\" type=\"file\" name=\"texto-archivo\" \/><\/span>\n<\/p>\n<ul>\n\t<li>\n\t\t<p>Im\u00e1gen del mensaje (jpg, png, gif, html, zip, rar)\n\t\t<\/p>\n\t<\/li>\n<\/ul>\n<p><em>-Si la imagen debe ser utilizada como cuerpo de mail, recomendamos que no supere los 900 px de ancho<\/em><br \/>\n<span class=\"wpcf7-form-control-wrap\" data-name=\"imagen-archivo\"><input size=\"40\" class=\"wpcf7-form-control wpcf7-file\" accept=\".jpg,.png,.gif,.zip,.rar,.html,.htm\" aria-invalid=\"false\" type=\"file\" name=\"imagen-archivo\" \/><\/span><br \/>\n<hr \/>\n<\/p>\n<ul>\n\t<li>\n\t\t<p>Destinatarios\n\t\t<\/p>\n\t<\/li>\n<\/ul>\n<p><span class=\"wpcf7-form-control-wrap\" data-name=\"checkbox-892\"><span class=\"wpcf7-form-control wpcf7-checkbox wpcf7-validates-as-required\"><span class=\"wpcf7-list-item first\"><input type=\"checkbox\" name=\"checkbox-892[]\" value=\"Estudiantes\" \/><span class=\"wpcf7-list-item-label\">Estudiantes<\/span><\/span><span class=\"wpcf7-list-item\"><input type=\"checkbox\" name=\"checkbox-892[]\" value=\"Profesores\" \/><span class=\"wpcf7-list-item-label\">Profesores<\/span><\/span><span class=\"wpcf7-list-item\"><input type=\"checkbox\" name=\"checkbox-892[]\" value=\"Staff\" \/><span class=\"wpcf7-list-item-label\">Staff<\/span><\/span><span class=\"wpcf7-list-item last\"><input type=\"checkbox\" name=\"checkbox-892[]\" value=\"Otros\" \/><span class=\"wpcf7-list-item-label\">Otros<\/span><\/span><\/span><\/span>\n<\/p>\n<ul>\n\t<li>\n\t\t<p>Lista de direcciones de correo electr\u00f3nico externas al itba (Excel, cvs, txt)\n\t\t<\/p>\n\t<\/li>\n<\/ul>\n<p><span class=\"wpcf7-form-control-wrap\" data-name=\"listas-archivos\"><input size=\"40\" class=\"wpcf7-form-control wpcf7-file\" accept=\".xls,.xlsx,.vcs,.zip,.txt\" aria-invalid=\"false\" type=\"file\" name=\"listas-archivos\" \/><\/span>\n<\/p>\n<ul>\n\t<li>\n\t\t<p>Archivos adjuntos adicionales\n\t\t<\/p>\n\t<\/li>\n<\/ul>\n<p><span class=\"wpcf7-form-control-wrap\" data-name=\"otros-archivos\"><input size=\"40\" class=\"wpcf7-form-control wpcf7-file\" accept=\"audio\/*,video\/*,image\/*\" aria-invalid=\"false\" type=\"file\" name=\"otros-archivos\" \/><\/span>\n<\/p>\n<hr \/>\n<ul>\n\t<li>\n\t\t<p>Otras observaciones\n\t\t<\/p>\n\t<\/li>\n<\/ul>\n<p><span class=\"wpcf7-form-control-wrap\" data-name=\"textarea-942\"><textarea cols=\"40\" rows=\"10\" maxlength=\"2000\" class=\"wpcf7-form-control wpcf7-textarea\" aria-invalid=\"false\" name=\"textarea-942\"><\/textarea><\/span>\n<\/p>\n<hr \/>\n<p>Todos los campos son requeridos<br \/>\n<hr \/>\n<\/p>\n\n<p><button class=\"wpcf7-form-control wpcf7-submit has-spinner et_pb_button et_pb_bg_layout_light\" type=\"submit\" value=\"Enviar\">Enviar<\/button>\n<\/p><div class=\"wpcf7-response-output\" aria-hidden=\"true\"><\/div>\n<\/form>\n<\/div>\n<br \/>\n[\/et_pb_text][et_pb_divider show_divider=\u00bboff\u00bb disabled_on=\u00bbon|on|off\u00bb _builder_version=\u00bb4.16&#8243; hide_on_mobile=\u00bbon\u00bb global_colors_info=\u00bb{}\u00bb][\/et_pb_divider][\/et_pb_column][\/et_pb_row][\/et_pb_section]<\/p>\n","protected":false},"excerpt":{"rendered":"<p>Solicitud de env\u00edo masivo de correos electr\u00f3nicos AVISO En caso de no ser una persona autorizada para solicitar los env\u00edos masivos, el formulario debe estar avalado por un mail de RRII y es su responsabilidad solicitar el permiso. El envi\u00f3 no ser\u00e1 registrado hasta tener esta constancia. \n<div class=\"wpcf7 no-js\" id=\"wpcf7-f3346-o2\" lang=\"es-ES\" dir=\"ltr\" data-wpcf7-id=\"3346\">\n<div class=\"screen-reader-response\"><p role=\"status\" aria-live=\"polite\" aria-atomic=\"true\"><\/p> <ul><\/ul><\/div>\n<form action=\"\/intranet\/ti\/wp-json\/wp\/v2\/pages\/3347#wpcf7-f3346-o2\" method=\"post\" class=\"wpcf7-form init\" aria-label=\"Formulario de contacto\" enctype=\"multipart\/form-data\" novalidate=\"novalidate\" data-status=\"init\">\n<fieldset class=\"hidden-fields-container\"><input type=\"hidden\" name=\"_wpcf7\" value=\"3346\" \/><input type=\"hidden\" name=\"_wpcf7_version\" value=\"6.1.5\" \/><input type=\"hidden\" name=\"_wpcf7_locale\" value=\"es_ES\" \/><input type=\"hidden\" name=\"_wpcf7_unit_tag\" value=\"wpcf7-f3346-o2\" \/><input type=\"hidden\" name=\"_wpcf7_container_post\" value=\"0\" \/><input type=\"hidden\" name=\"_wpcf7_posted_data_hash\" value=\"\" \/><input type=\"hidden\" name=\"_wpcf7cf_hidden_group_fields\" value=\"[]\" \/><input type=\"hidden\" name=\"_wpcf7cf_hidden_groups\" value=\"[]\" \/><input type=\"hidden\" name=\"_wpcf7cf_visible_groups\" value=\"[]\" \/><input type=\"hidden\" name=\"_wpcf7cf_repeaters\" value=\"[]\" \/><input type=\"hidden\" name=\"_wpcf7cf_steps\" value=\"{}\" \/><input type=\"hidden\" name=\"_wpcf7cf_options\" value=\"{&quot;form_id&quot;:3346,&quot;conditions&quot;:[],&quot;settings&quot;:{&quot;animation&quot;:&quot;yes&quot;,&quot;animation_intime&quot;:200,&quot;animation_outtime&quot;:200,&quot;conditions_ui&quot;:&quot;normal&quot;,&quot;notice_dismissed&quot;:false,&quot;notice_dismissed_rollback-cf7-5.8.6&quot;:true,&quot;notice_dismissed_rollback-cf7-5.9.3&quot;:true,&quot;notice_dismissed_rollback-cf7-5.9.5&quot;:true,&quot;notice_dismissed_rollback-cf7-5.9.6&quot;:true}}\" \/><input type=\"hidden\" name=\"_wpcf7_recaptcha_response\" value=\"\" \/>\n<\/fieldset>\n<hr \/>\n<p><strong>Datos del usuario solicitante<\/strong>\n<\/p>\n<ul>\n\t<li>\n\t\t<p>Nombre y apellido\n\t\t<\/p>\n\t<\/li>\n<\/ul>\n<p><span class=\"wpcf7-form-control-wrap\" data-name=\"your-name\"><input size=\"40\" maxlength=\"400\" class=\"wpcf7-form-control wpcf7-text wpcf7-validates-as-required\" aria-required=\"true\" aria-invalid=\"false\" value=\"\" type=\"text\" name=\"your-name\" \/><\/span>\n<\/p>\n<ul>\n\t<li>\n\t\t<p>Correo electr\u00f3nico\n\t\t<\/p>\n\t<\/li>\n<\/ul>\n<p><em>-A esta direcci\u00f3n se le enviar\u00e1 una prueba antes de realizar el env\u00edo<\/em><br \/>\n<span class=\"wpcf7-form-control-wrap\" data-name=\"your-email\"><input size=\"40\" maxlength=\"400\" class=\"wpcf7-form-control wpcf7-email wpcf7-validates-as-required wpcf7-text wpcf7-validates-as-email\" aria-required=\"true\" aria-invalid=\"false\" value=\"\" type=\"email\" name=\"your-email\" \/><\/span>\n<\/p>\n<ul>\n\t<li>\n\t\t<p>N\u00famero de interno telef\u00f3nico\n\t\t<\/p>\n\t<\/li>\n<\/ul>\n<p><span class=\"wpcf7-form-control-wrap\" data-name=\"Nmerodeinterno\"><input size=\"40\" maxlength=\"400\" class=\"wpcf7-form-control wpcf7-tel wpcf7-validates-as-required wpcf7-text wpcf7-validates-as-tel\" aria-required=\"true\" aria-invalid=\"false\" value=\"\" type=\"tel\" name=\"Nmerodeinterno\" \/><\/span>\n<\/p>\n<hr \/>\n<p><strong>Datos del Env\u00edo Masivo<\/strong>\n<\/p>\n<ul>\n\t<li>\n\t\t<p>Asunto del env\u00edo masivo\n\t\t<\/p>\n\t<\/li>\n<\/ul>\n<p><em>-Es el t\u00edtulo con el que va a llegar el mensaje.<\/em><br \/>\n<span class=\"wpcf7-form-control-wrap\" data-name=\"text-852\"><input size=\"40\" maxlength=\"400\" class=\"wpcf7-form-control wpcf7-text wpcf7-validates-as-required\" aria-required=\"true\" aria-invalid=\"false\" value=\"\" type=\"text\" name=\"text-852\" \/><\/span>\n<\/p>\n<ul>\n\t<li>\n\t\t<p>Remitente\n\t\t<\/p>\n\t<\/li>\n<\/ul>\n<p><em>-Nombre de quien va a salir el env\u00edo.<\/em><br \/>\n<span class=\"wpcf7-form-control-wrap\" data-name=\"text-853\"><input size=\"40\" maxlength=\"400\" class=\"wpcf7-form-control wpcf7-text wpcf7-validates-as-required\" aria-required=\"true\" aria-invalid=\"false\" value=\"\" type=\"text\" name=\"text-853\" \/><\/span><br \/>\n<hr \/>\n<\/p>\n<ul>\n\t<li>\n\t\t<p>Direcci\u00f3n de respuesta\n\t\t<\/p>\n\t<\/li>\n<\/ul>\n<p><em>-Es la direcci\u00f3n ITBA a la que va a responder el que reciba el correo.<\/em><br \/>\n<span class=\"wpcf7-form-control-wrap\" data-name=\"email-50\"><input size=\"40\" maxlength=\"400\" class=\"wpcf7-form-control wpcf7-email wpcf7-validates-as-required wpcf7-text wpcf7-validates-as-email\" aria-required=\"true\" aria-invalid=\"false\" value=\"\" type=\"email\" name=\"email-50\" \/><\/span><br \/>\n<hr \/>\n<\/p>\n<ul>\n\t<li>\n\t\t<p>Texto del cuerpo del correo electr\u00f3nico masivo\n\t\t<\/p>\n\t<\/li>\n<\/ul>\n<p><em>-Es necesario adjuntar un archivo Word<\/em><br \/>\n<span class=\"wpcf7-form-control-wrap\" data-name=\"texto-archivo\"><input size=\"40\" class=\"wpcf7-form-control wpcf7-file\" accept=\".txt,.doc,.docx,.zip,.rar\" aria-invalid=\"false\" type=\"file\" name=\"texto-archivo\" \/><\/span>\n<\/p>\n<ul>\n\t<li>\n\t\t<p>Im\u00e1gen del mensaje (jpg, png, gif, html, zip, rar)\n\t\t<\/p>\n\t<\/li>\n<\/ul>\n<p><em>-Si la imagen debe ser utilizada como cuerpo de mail, recomendamos que no supere los 900 px de ancho<\/em><br \/>\n<span class=\"wpcf7-form-control-wrap\" data-name=\"imagen-archivo\"><input size=\"40\" class=\"wpcf7-form-control wpcf7-file\" accept=\".jpg,.png,.gif,.zip,.rar,.html,.htm\" aria-invalid=\"false\" type=\"file\" name=\"imagen-archivo\" \/><\/span><br \/>\n<hr \/>\n<\/p>\n<ul>\n\t<li>\n\t\t<p>Destinatarios\n\t\t<\/p>\n\t<\/li>\n<\/ul>\n<p><span class=\"wpcf7-form-control-wrap\" data-name=\"checkbox-892\"><span class=\"wpcf7-form-control wpcf7-checkbox wpcf7-validates-as-required\"><span class=\"wpcf7-list-item first\"><input type=\"checkbox\" name=\"checkbox-892[]\" value=\"Estudiantes\" \/><span class=\"wpcf7-list-item-label\">Estudiantes<\/span><\/span><span class=\"wpcf7-list-item\"><input type=\"checkbox\" name=\"checkbox-892[]\" value=\"Profesores\" \/><span class=\"wpcf7-list-item-label\">Profesores<\/span><\/span><span class=\"wpcf7-list-item\"><input type=\"checkbox\" name=\"checkbox-892[]\" value=\"Staff\" \/><span class=\"wpcf7-list-item-label\">Staff<\/span><\/span><span class=\"wpcf7-list-item last\"><input type=\"checkbox\" name=\"checkbox-892[]\" value=\"Otros\" \/><span class=\"wpcf7-list-item-label\">Otros<\/span><\/span><\/span><\/span>\n<\/p>\n<ul>\n\t<li>\n\t\t<p>Lista de direcciones de correo electr\u00f3nico externas al itba (Excel, cvs, txt)\n\t\t<\/p>\n\t<\/li>\n<\/ul>\n<p><span class=\"wpcf7-form-control-wrap\" data-name=\"listas-archivos\"><input size=\"40\" class=\"wpcf7-form-control wpcf7-file\" accept=\".xls,.xlsx,.vcs,.zip,.txt\" aria-invalid=\"false\" type=\"file\" name=\"listas-archivos\" \/><\/span>\n<\/p>\n<ul>\n\t<li>\n\t\t<p>Archivos adjuntos adicionales\n\t\t<\/p>\n\t<\/li>\n<\/ul>\n<p><span class=\"wpcf7-form-control-wrap\" data-name=\"otros-archivos\"><input size=\"40\" class=\"wpcf7-form-control wpcf7-file\" accept=\"audio\/*,video\/*,image\/*\" aria-invalid=\"false\" type=\"file\" name=\"otros-archivos\" \/><\/span>\n<\/p>\n<hr \/>\n<ul>\n\t<li>\n\t\t<p>Otras observaciones\n\t\t<\/p>\n\t<\/li>\n<\/ul>\n<p><span class=\"wpcf7-form-control-wrap\" data-name=\"textarea-942\"><textarea cols=\"40\" rows=\"10\" maxlength=\"2000\" class=\"wpcf7-form-control wpcf7-textarea\" aria-invalid=\"false\" name=\"textarea-942\"><\/textarea><\/span>\n<\/p>\n<hr \/>\n<p>Todos los campos son requeridos<br \/>\n<hr \/>\n<\/p>\n\n<p><button class=\"wpcf7-form-control wpcf7-submit has-spinner et_pb_button et_pb_bg_layout_light\" type=\"submit\" value=\"Enviar\">Enviar<\/button>\n<\/p><div class=\"wpcf7-response-output\" aria-hidden=\"true\"><\/div>\n<\/form>\n<\/div>\n<\/p>\n","protected":false},"author":1,"featured_media":0,"parent":0,"menu_order":0,"comment_status":"closed","ping_status":"closed","template":"","meta":{"_et_pb_use_builder":"on","_et_pb_old_content":"","_et_gb_content_width":"","yasr_overall_rating":0,"yasr_post_is_review":"","yasr_auto_insert_disabled":"","yasr_review_type":"","footnotes":""},"class_list":["post-3347","page","type-page","status-publish","hentry"],"yasr_visitor_votes":{"stars_attributes":{"read_only":false,"span_bottom":false},"number_of_votes":0,"sum_votes":0},"_links":{"self":[{"href":"https:\/\/www.itba.edu.ar\/intranet\/ti\/wp-json\/wp\/v2\/pages\/3347","targetHints":{"allow":["GET"]}}],"collection":[{"href":"https:\/\/www.itba.edu.ar\/intranet\/ti\/wp-json\/wp\/v2\/pages"}],"about":[{"href":"https:\/\/www.itba.edu.ar\/intranet\/ti\/wp-json\/wp\/v2\/types\/page"}],"author":[{"embeddable":true,"href":"https:\/\/www.itba.edu.ar\/intranet\/ti\/wp-json\/wp\/v2\/users\/1"}],"replies":[{"embeddable":true,"href":"https:\/\/www.itba.edu.ar\/intranet\/ti\/wp-json\/wp\/v2\/comments?post=3347"}],"version-history":[{"count":6,"href":"https:\/\/www.itba.edu.ar\/intranet\/ti\/wp-json\/wp\/v2\/pages\/3347\/revisions"}],"predecessor-version":[{"id":23743564,"href":"https:\/\/www.itba.edu.ar\/intranet\/ti\/wp-json\/wp\/v2\/pages\/3347\/revisions\/23743564"}],"wp:attachment":[{"href":"https:\/\/www.itba.edu.ar\/intranet\/ti\/wp-json\/wp\/v2\/media?parent=3347"}],"curies":[{"name":"wp","href":"https:\/\/api.w.org\/{rel}","templated":true}]}}