{"id":1161,"date":"2015-11-23T14:50:57","date_gmt":"2015-11-23T14:50:57","guid":{"rendered":"http:\/\/wordpress-test.itba.edu.ar\/ti\/?page_id=1161"},"modified":"2023-08-29T15:26:55","modified_gmt":"2023-08-29T18:26:55","slug":"anuncios","status":"publish","type":"page","link":"https:\/\/www.itba.edu.ar\/intranet\/ti\/anuncios\/","title":{"rendered":"Novedades"},"content":{"rendered":"<p>[et_pb_section fb_built=\u00bb1&#8243; inner_shadow=\u00bbon\u00bb fullwidth=\u00bbon\u00bb custom_padding_last_edited=\u00bbon|desktop\u00bb admin_label=\u00bbsection\u00bb _builder_version=\u00bb4.16&#8243; background_color=\u00bb#2ea3f2&#8243; custom_padding_tablet=\u00bb50px|0|50px|0&#8243; custom_padding_phone=\u00bb\u00bb transparent_background=\u00bboff\u00bb padding_mobile=\u00bboff\u00bb make_fullwidth=\u00bboff\u00bb use_custom_width=\u00bboff\u00bb width_unit=\u00bbon\u00bb global_colors_info=\u00bb{}\u00bb][et_pb_fullwidth_header title=\u00bbNovedades\u00bb subhead=\u00bbAqu\u00ed encontrar\u00e1s las \u00faltimas novedades de TI\u00bb title_font_color=\u00bb#ffffff\u00bb admin_label=\u00bbFullwidth Header\u00bb _builder_version=\u00bb4.16&#8243; title_font=\u00bbMontserrat|900||on|||||\u00bb title_text_color=\u00bb#ffffff\u00bb title_font_size=\u00bb50&#8243; subhead_font=\u00bbMontserrat||||||||\u00bb subhead_font_size=\u00bb25px\u00bb background_color=\u00bbrgba(255, 255, 255, 0)\u00bb background_image=\u00bbhttps:\/\/intranet-nv.s3.amazonaws.com\/wp-content\/uploads\/sites\/2\/2021\/06\/Backgound2.png\u00bb parallax=\u00bbon\u00bb title_font_size_tablet=\u00bb\u00bb title_font_size_phone=\u00bb40px\u00bb title_font_size_last_edited=\u00bbon|phone\u00bb content_font_size_tablet=\u00bb\u00bb content_font_size_phone=\u00bb\u00bb content_font_size_last_edited=\u00bbon|phone\u00bb subhead_font_size_tablet=\u00bb\u00bb subhead_font_size_phone=\u00bb18px\u00bb subhead_font_size_last_edited=\u00bbon|phone\u00bb background_url=\u00bbhttps:\/\/intranet-nv.s3.amazonaws.com\/wp-content\/uploads\/sites\/2\/2015\/09\/Faceted_2.png\u00bb global_colors_info=\u00bb{}\u00bb button_one_text_size__hover_enabled=\u00bboff\u00bb button_two_text_size__hover_enabled=\u00bboff\u00bb button_one_text_color__hover_enabled=\u00bboff\u00bb button_two_text_color__hover_enabled=\u00bboff\u00bb button_one_border_width__hover_enabled=\u00bboff\u00bb button_two_border_width__hover_enabled=\u00bboff\u00bb button_one_border_color__hover_enabled=\u00bboff\u00bb button_two_border_color__hover_enabled=\u00bboff\u00bb button_one_border_radius__hover_enabled=\u00bboff\u00bb button_two_border_radius__hover_enabled=\u00bboff\u00bb button_one_letter_spacing__hover_enabled=\u00bboff\u00bb button_two_letter_spacing__hover_enabled=\u00bboff\u00bb button_one_bg_color__hover_enabled=\u00bboff\u00bb button_two_bg_color__hover_enabled=\u00bboff\u00bb][\/et_pb_fullwidth_header][\/et_pb_section][et_pb_section fb_built=\u00bb1&#8243; _builder_version=\u00bb4.16&#8243; _module_preset=\u00bbdefault\u00bb global_colors_info=\u00bb{}\u00bb][et_pb_row _builder_version=\u00bb4.16&#8243; _module_preset=\u00bbdefault\u00bb global_colors_info=\u00bb{}\u00bb][et_pb_column type=\u00bb4_4&#8243; _builder_version=\u00bb4.16&#8243; _module_preset=\u00bbdefault\u00bb global_colors_info=\u00bb{}\u00bb]<div class=\"et_pb_with_border et_pb_module et_pb_blog_0  et_pb_css_mix_blend_mode et_pb_blog_grid_wrapper et_pb_bg_layout_light\">\n\t\t\t\t\n\t\t\t\t\n\t\t\t\t\n\t\t\t\t\n\t\t\t\t\n\t\t\t\t\n\t\t\t\t<div class=\"et_pb_module_inner\">\n\t\t\t\t\t<div class=\"et_pb_with_border et_pb_module et_pb_blog_0  et_pb_css_mix_blend_mode et_pb_blog_grid_wrapper et_pb_bg_layout_light\">\n\t\t\t\t\t<div class=\"et_pb_blog_grid clearfix \">\n\t\t\t\t\t\n\t\t\t\t\t\n\t\t\t\t\t\n\t\t\t\t\t\n\t\t\t\t\t<div class=\"et_pb_ajax_pagination_container\">\n\t\t\t\t\t\t<div class=\"et_pb_salvattore_content\" data-columns>\n\t\t\t<article id=\"post-53390\" class=\"et_pb_post clearfix et_pb_has_overlay et_pb_blog_item_0_0 post-53390 post type-post status-publish format-standard has-post-thumbnail hentry category-anuncios\">\n\n\t\t\t\t<div class=\"et_pb_image_container\"><a href=\"https:\/\/www.itba.edu.ar\/intranet\/ti\/sso-y-mfa\/\" class=\"entry-featured-image-url\"><img loading=\"lazy\" decoding=\"async\" src=\"https:\/\/intranet-nv.s3.amazonaws.com\/wp-content\/uploads\/sites\/2\/2025\/02\/ransomware-400x250.png\" alt=\"SSO y MFA para la Comunidad del ITBA\" class=\"\" width=\"400\" height=\"250\" \/><span class=\"et_overlay et_pb_inline_icon\" data-icon=\".\"><\/span><\/a><\/div>\n\t\t\t\t\t\t\t\t\t\t\t\t\t\t<h2 class=\"entry-title\">\n\t\t\t\t\t\t\t\t\t\t\t\t\t<a href=\"https:\/\/www.itba.edu.ar\/intranet\/ti\/sso-y-mfa\/\">SSO y MFA para la Comunidad del ITBA<\/a>\n\t\t\t\t\t\t\t\t\t\t\t<\/h2>\n\t\t\t\t\n\t\t\t\t\t<p class=\"post-meta\"><span class=\"published\">Jun 19, 2025<\/span><\/p><div class=\"post-content\"><div class=\"post-content-inner\"><p>[et_pb_section fb_built=\"1\" admin_label=\"Header\" _builder_version=\"4.16\" _module_preset=\"default\" use_background_color_gradient=\"on\" background_color_gradient_type=\"circular\" background_color_gradient_direction_radial=\"top right\"...<\/p>\n<\/div><a href=\"https:\/\/www.itba.edu.ar\/intranet\/ti\/sso-y-mfa\/\" class=\"more-link\">leer m\u00e1s<\/a><\/div>\t\t\t\n\t\t\t<\/article>\n\t\t\t\t\n\t\t\t<article id=\"post-53306\" class=\"et_pb_post clearfix et_pb_has_overlay et_pb_blog_item_0_1 post-53306 post type-post status-publish format-standard has-post-thumbnail hentry category-anuncios\">\n\n\t\t\t\t<div class=\"et_pb_image_container\"><a href=\"https:\/\/www.itba.edu.ar\/intranet\/ti\/salesforce-2\/\" class=\"entry-featured-image-url\"><img loading=\"lazy\" decoding=\"async\" src=\"https:\/\/intranet-nv.s3.amazonaws.com\/wp-content\/uploads\/sites\/2\/2025\/01\/Process-Mining-for-Salesforce-1-400x250.png\" alt=\"Salesforce\" class=\"\" width=\"400\" height=\"250\" \/><span class=\"et_overlay et_pb_inline_icon\" data-icon=\".\"><\/span><\/a><\/div>\n\t\t\t\t\t\t\t\t\t\t\t\t\t\t<h2 class=\"entry-title\">\n\t\t\t\t\t\t\t\t\t\t\t\t\t<a href=\"https:\/\/www.itba.edu.ar\/intranet\/ti\/salesforce-2\/\">Salesforce<\/a>\n\t\t\t\t\t\t\t\t\t\t\t<\/h2>\n\t\t\t\t\n\t\t\t\t\t<p class=\"post-meta\"><span class=\"published\">Ene 29, 2025<\/span><\/p><div class=\"post-content\"><div class=\"post-content-inner\"><p>[et_pb_section fb_built=\"1\" _builder_version=\"4.20.4\" _module_preset=\"default\" global_colors_info=\"{}\"][et_pb_row _builder_version=\"4.20.4\" _module_preset=\"default\" global_colors_info=\"{}\"][et_pb_column type=\"4_4\" _builder_version=\"4.20.4\" _module_preset=\"default\"...<\/p>\n<\/div><a href=\"https:\/\/www.itba.edu.ar\/intranet\/ti\/salesforce-2\/\" class=\"more-link\">leer m\u00e1s<\/a><\/div>\t\t\t\n\t\t\t<\/article>\n\t\t\t\t\n\t\t\t<article id=\"post-53263\" class=\"et_pb_post clearfix et_pb_has_overlay et_pb_blog_item_0_2 post-53263 post type-post status-publish format-standard has-post-thumbnail hentry category-anuncios category-seguridad-de-la-info\">\n\n\t\t\t\t<div class=\"et_pb_image_container\"><a href=\"https:\/\/www.itba.edu.ar\/intranet\/ti\/nuevo-portal-de-autogestion-de-contrasenas\/\" class=\"entry-featured-image-url\"><img loading=\"lazy\" decoding=\"async\" src=\"https:\/\/intranet-nv.s3.amazonaws.com\/wp-content\/uploads\/sites\/2\/2024\/10\/micuenta-400x250.png\" alt=\"NUEVO PORTAL DE AUTOGESTI\u00d3N DE CONTRASE\u00d1AS\" class=\"\" width=\"400\" height=\"250\" \/><span class=\"et_overlay et_pb_inline_icon\" data-icon=\".\"><\/span><\/a><\/div>\n\t\t\t\t\t\t\t\t\t\t\t\t\t\t<h2 class=\"entry-title\">\n\t\t\t\t\t\t\t\t\t\t\t\t\t<a href=\"https:\/\/www.itba.edu.ar\/intranet\/ti\/nuevo-portal-de-autogestion-de-contrasenas\/\">NUEVO PORTAL DE AUTOGESTI\u00d3N DE CONTRASE\u00d1AS<\/a>\n\t\t\t\t\t\t\t\t\t\t\t<\/h2>\n\t\t\t\t\n\t\t\t\t\t<p class=\"post-meta\"><span class=\"published\">Oct 28, 2024<\/span><\/p><div class=\"post-content\"><div class=\"post-content-inner\"><p>[et_pb_section fb_built=\"1\" admin_label=\"Header\" _builder_version=\"4.16\" _module_preset=\"default\" use_background_color_gradient=\"on\" background_color_gradient_type=\"circular\" background_color_gradient_direction_radial=\"top right\"...<\/p>\n<\/div><a href=\"https:\/\/www.itba.edu.ar\/intranet\/ti\/nuevo-portal-de-autogestion-de-contrasenas\/\" class=\"more-link\">leer m\u00e1s<\/a><\/div>\t\t\t\n\t\t\t<\/article>\n\t\t\t\t\n\t\t\t<article id=\"post-52767\" class=\"et_pb_post clearfix et_pb_has_overlay et_pb_blog_item_0_3 post-52767 post type-post status-publish format-standard has-post-thumbnail hentry category-anuncios category-seguridad-de-la-info\">\n\n\t\t\t\t<div class=\"et_pb_image_container\"><a href=\"https:\/\/www.itba.edu.ar\/intranet\/ti\/como-actuar-ante-el-robo-o-extravio-de-tu-dispositivo\/\" class=\"entry-featured-image-url\"><img loading=\"lazy\" decoding=\"async\" src=\"https:\/\/intranet-nv.s3.amazonaws.com\/wp-content\/uploads\/sites\/2\/2022\/05\/20945480-400x250.jpg\" alt=\"\u00bfC\u00f3mo actuar ante el robo o extrav\u00edo de tu dispositivo?\" class=\"\" width=\"400\" height=\"250\" \/><span class=\"et_overlay et_pb_inline_icon\" data-icon=\".\"><\/span><\/a><\/div>\n\t\t\t\t\t\t\t\t\t\t\t\t\t\t<h2 class=\"entry-title\">\n\t\t\t\t\t\t\t\t\t\t\t\t\t<a href=\"https:\/\/www.itba.edu.ar\/intranet\/ti\/como-actuar-ante-el-robo-o-extravio-de-tu-dispositivo\/\">\u00bfC\u00f3mo actuar ante el robo o extrav\u00edo de tu dispositivo?<\/a>\n\t\t\t\t\t\t\t\t\t\t\t<\/h2>\n\t\t\t\t\n\t\t\t\t\t<p class=\"post-meta\"><span class=\"published\">May 17, 2024<\/span><\/p><div class=\"post-content\"><div class=\"post-content-inner\"><p>[et_pb_section fb_built=\"1\" admin_label=\"Header\" _builder_version=\"4.16\" _module_preset=\"default\" use_background_color_gradient=\"on\" background_color_gradient_type=\"circular\" background_color_gradient_direction_radial=\"top right\"...<\/p>\n<\/div><a href=\"https:\/\/www.itba.edu.ar\/intranet\/ti\/como-actuar-ante-el-robo-o-extravio-de-tu-dispositivo\/\" class=\"more-link\">leer m\u00e1s<\/a><\/div>\t\t\t\n\t\t\t<\/article>\n\t\t\t\t\n\t\t\t<article id=\"post-52658\" class=\"et_pb_post clearfix et_pb_has_overlay et_pb_blog_item_0_4 post-52658 post type-post status-publish format-standard has-post-thumbnail hentry category-anuncios\">\n\n\t\t\t\t<div class=\"et_pb_image_container\"><a href=\"https:\/\/www.itba.edu.ar\/intranet\/ti\/class-en-el-itba\/\" class=\"entry-featured-image-url\"><img loading=\"lazy\" decoding=\"async\" src=\"https:\/\/intranet-nv.s3.amazonaws.com\/wp-content\/uploads\/sites\/2\/2024\/03\/class-logo-1200x627-1-400x250.jpg\" alt=\"Class en el ITBA\" class=\"\" width=\"400\" height=\"250\" \/><span class=\"et_overlay et_pb_inline_icon\" data-icon=\".\"><\/span><\/a><\/div>\n\t\t\t\t\t\t\t\t\t\t\t\t\t\t<h2 class=\"entry-title\">\n\t\t\t\t\t\t\t\t\t\t\t\t\t<a href=\"https:\/\/www.itba.edu.ar\/intranet\/ti\/class-en-el-itba\/\">Class en el ITBA<\/a>\n\t\t\t\t\t\t\t\t\t\t\t<\/h2>\n\t\t\t\t\n\t\t\t\t\t<p class=\"post-meta\"><span class=\"published\">Mar 26, 2024<\/span><\/p><div class=\"post-content\"><div class=\"post-content-inner\"><p>[et_pb_section fb_built=\"1\" _builder_version=\"4.24.2\" _module_preset=\"default\" global_colors_info=\"{}\"][et_pb_row _builder_version=\"4.24.2\" _module_preset=\"default\" global_colors_info=\"{}\"][et_pb_column type=\"4_4\" _builder_version=\"4.24.2\" _module_preset=\"default\"...<\/p>\n<\/div><a href=\"https:\/\/www.itba.edu.ar\/intranet\/ti\/class-en-el-itba\/\" class=\"more-link\">leer m\u00e1s<\/a><\/div>\t\t\t\n\t\t\t<\/article>\n\t\t\t\t\n\t\t\t<article id=\"post-52578\" class=\"et_pb_post clearfix et_pb_has_overlay et_pb_blog_item_0_5 post-52578 post type-post status-publish format-standard has-post-thumbnail hentry category-anuncios\">\n\n\t\t\t\t<div class=\"et_pb_image_container\"><a href=\"https:\/\/www.itba.edu.ar\/intranet\/ti\/itba-app\/\" class=\"entry-featured-image-url\"><img loading=\"lazy\" decoding=\"async\" src=\"https:\/\/intranet-nv.s3.amazonaws.com\/wp-content\/uploads\/sites\/2\/2016\/11\/LOGO_ITBAapp-45-400x250.png\" alt=\"ITBA app\" class=\"\" width=\"400\" height=\"250\" \/><span class=\"et_overlay et_pb_inline_icon\" data-icon=\".\"><\/span><\/a><\/div>\n\t\t\t\t\t\t\t\t\t\t\t\t\t\t<h2 class=\"entry-title\">\n\t\t\t\t\t\t\t\t\t\t\t\t\t<a href=\"https:\/\/www.itba.edu.ar\/intranet\/ti\/itba-app\/\">ITBA app<\/a>\n\t\t\t\t\t\t\t\t\t\t\t<\/h2>\n\t\t\t\t\n\t\t\t\t\t<p class=\"post-meta\"><span class=\"published\">Feb 9, 2024<\/span><\/p><div class=\"post-content\"><div class=\"post-content-inner\"><p>[et_pb_section fb_built=\"1\" _builder_version=\"4.24.0\" _module_preset=\"default\" global_colors_info=\"{}\"][et_pb_row _builder_version=\"4.24.0\" _module_preset=\"default\" global_colors_info=\"{}\"][et_pb_column type=\"4_4\" _builder_version=\"4.24.0\" _module_preset=\"default\"...<\/p>\n<\/div><a href=\"https:\/\/www.itba.edu.ar\/intranet\/ti\/itba-app\/\" class=\"more-link\">leer m\u00e1s<\/a><\/div>\t\t\t\n\t\t\t<\/article>\n\t\t\t\t\n\t\t\t<article id=\"post-52423\" class=\"et_pb_post clearfix et_pb_has_overlay et_pb_blog_item_0_6 post-52423 post type-post status-publish format-standard has-post-thumbnail hentry category-anuncios\">\n\n\t\t\t\t<div class=\"et_pb_image_container\"><a href=\"https:\/\/www.itba.edu.ar\/intranet\/ti\/nuevos-procesos-en-salesforce\/\" class=\"entry-featured-image-url\"><img loading=\"lazy\" decoding=\"async\" src=\"https:\/\/intranet-nv.s3.amazonaws.com\/wp-content\/uploads\/sites\/2\/2023\/10\/salesforce-400x250.jpg\" alt=\"Nuevos Procesos en Salesforce\" class=\"\" width=\"400\" height=\"250\" \/><span class=\"et_overlay et_pb_inline_icon\" data-icon=\".\"><\/span><\/a><\/div>\n\t\t\t\t\t\t\t\t\t\t\t\t\t\t<h2 class=\"entry-title\">\n\t\t\t\t\t\t\t\t\t\t\t\t\t<a href=\"https:\/\/www.itba.edu.ar\/intranet\/ti\/nuevos-procesos-en-salesforce\/\">Nuevos Procesos en Salesforce<\/a>\n\t\t\t\t\t\t\t\t\t\t\t<\/h2>\n\t\t\t\t\n\t\t\t\t\t<p class=\"post-meta\"><span class=\"published\">Dic 19, 2023<\/span><\/p><div class=\"post-content\"><div class=\"post-content-inner\"><p>[et_pb_section fb_built=\"1\" _builder_version=\"4.20.4\" _module_preset=\"default\" global_colors_info=\"{}\"][et_pb_row _builder_version=\"4.20.4\" _module_preset=\"default\" global_colors_info=\"{}\"][et_pb_column type=\"4_4\" _builder_version=\"4.20.4\" _module_preset=\"default\"...<\/p>\n<\/div><a href=\"https:\/\/www.itba.edu.ar\/intranet\/ti\/nuevos-procesos-en-salesforce\/\" class=\"more-link\">leer m\u00e1s<\/a><\/div>\t\t\t\n\t\t\t<\/article>\n\t\t\t\t\n\t\t\t<article id=\"post-52488\" class=\"et_pb_post clearfix et_pb_has_overlay et_pb_blog_item_0_7 post-52488 post type-post status-publish format-standard has-post-thumbnail hentry category-anuncios\">\n\n\t\t\t\t<div class=\"et_pb_image_container\"><a href=\"https:\/\/www.itba.edu.ar\/intranet\/ti\/microsoft-365-en-el-itba\/\" class=\"entry-featured-image-url\"><img loading=\"lazy\" decoding=\"async\" src=\"https:\/\/intranet-nv.s3.amazonaws.com\/wp-content\/uploads\/sites\/2\/2023\/11\/1366_2000-400x250.jpeg\" alt=\"Microsoft 365 en el ITBA\" class=\"\" width=\"400\" height=\"250\" \/><span class=\"et_overlay et_pb_inline_icon\" data-icon=\".\"><\/span><\/a><\/div>\n\t\t\t\t\t\t\t\t\t\t\t\t\t\t<h2 class=\"entry-title\">\n\t\t\t\t\t\t\t\t\t\t\t\t\t<a href=\"https:\/\/www.itba.edu.ar\/intranet\/ti\/microsoft-365-en-el-itba\/\">Microsoft 365 en el ITBA<\/a>\n\t\t\t\t\t\t\t\t\t\t\t<\/h2>\n\t\t\t\t\n\t\t\t\t\t<p class=\"post-meta\"><span class=\"published\">Nov 3, 2023<\/span><\/p><div class=\"post-content\"><div class=\"post-content-inner\"><p>[et_pb_section fb_built=\"1\" _builder_version=\"4.20.4\" _module_preset=\"default\" global_colors_info=\"{}\"][et_pb_row _builder_version=\"4.20.4\" _module_preset=\"default\" global_colors_info=\"{}\"][et_pb_column type=\"4_4\" _builder_version=\"4.20.4\" _module_preset=\"default\"...<\/p>\n<\/div><a href=\"https:\/\/www.itba.edu.ar\/intranet\/ti\/microsoft-365-en-el-itba\/\" class=\"more-link\">leer m\u00e1s<\/a><\/div>\t\t\t\n\t\t\t<\/article>\n\t\t\t\t\n\t\t\t<article id=\"post-52334\" class=\"et_pb_post clearfix et_pb_has_overlay et_pb_blog_item_0_8 post-52334 post type-post status-publish format-standard has-post-thumbnail hentry category-anuncios\">\n\n\t\t\t\t<div class=\"et_pb_image_container\"><a href=\"https:\/\/www.itba.edu.ar\/intranet\/ti\/seguridad-de-la-informacion\/\" class=\"entry-featured-image-url\"><img loading=\"lazy\" decoding=\"async\" src=\"https:\/\/intranet-nv.s3.amazonaws.com\/wp-content\/uploads\/sites\/2\/2023\/08\/background-min-400x250.png\" alt=\"Seguridad de la Informaci\u00f3n\" class=\"\" width=\"400\" height=\"250\" \/><span class=\"et_overlay et_pb_inline_icon\" data-icon=\".\"><\/span><\/a><\/div>\n\t\t\t\t\t\t\t\t\t\t\t\t\t\t<h2 class=\"entry-title\">\n\t\t\t\t\t\t\t\t\t\t\t\t\t<a href=\"https:\/\/www.itba.edu.ar\/intranet\/ti\/seguridad-de-la-informacion\/\">Seguridad de la Informaci\u00f3n<\/a>\n\t\t\t\t\t\t\t\t\t\t\t<\/h2>\n\t\t\t\t\n\t\t\t\t\t<p class=\"post-meta\"><span class=\"published\">Ago 29, 2023<\/span><\/p><div class=\"post-content\"><div class=\"post-content-inner\"><p>[et_pb_section fb_built=\"1\" admin_label=\"Header\" _builder_version=\"4.16\" background_color=\"#f1fafe\" use_background_color_gradient=\"on\" background_color_gradient_type=\"circular\" background_color_gradient_direction_radial=\"top\" background_color_gradient_stops=\"#00ffd8...<\/p>\n<\/div><a href=\"https:\/\/www.itba.edu.ar\/intranet\/ti\/seguridad-de-la-informacion\/\" class=\"more-link\">leer m\u00e1s<\/a><\/div>\t\t\t\n\t\t\t<\/article>\n\t\t\t\t\n\t\t\t<article id=\"post-52184\" class=\"et_pb_post clearfix et_pb_has_overlay et_pb_blog_item_0_9 post-52184 post type-post status-publish format-standard hentry category-anuncios\">\n\n\t\t\t\t<div class=\"et_pb_image_container\"><a href=\"https:\/\/www.itba.edu.ar\/intranet\/ti\/e-commerce\/\" class=\"entry-featured-image-url\"><img loading=\"lazy\" decoding=\"async\" src=\"https:\/\/www.itba.edu.ar\/intranet\/ti\/wp-content\/uploads\/sites\/2\/2023\/05\/screencapture-ar-programasinnovacion-itba-edu-ar-2023-05-12-12_17_42-1-e1683919151632-998428_400x250.png\" alt=\"E-commerce\" class=\"\" width=\"400\" height=\"250\" \/><span class=\"et_overlay et_pb_inline_icon\" data-icon=\".\"><\/span><\/a><\/div>\n\t\t\t\t\t\t\t\t\t\t\t\t\t\t<h2 class=\"entry-title\">\n\t\t\t\t\t\t\t\t\t\t\t\t\t<a href=\"https:\/\/www.itba.edu.ar\/intranet\/ti\/e-commerce\/\">E-commerce<\/a>\n\t\t\t\t\t\t\t\t\t\t\t<\/h2>\n\t\t\t\t\n\t\t\t\t\t<p class=\"post-meta\"><span class=\"published\">May 12, 2023<\/span><\/p><div class=\"post-content\"><div class=\"post-content-inner\"><p>[et_pb_section fb_built=\"1\" _builder_version=\"4.20.4\" _module_preset=\"default\" global_colors_info=\"{}\"][et_pb_row _builder_version=\"4.20.4\" _module_preset=\"default\" global_colors_info=\"{}\"][et_pb_column type=\"4_4\" _builder_version=\"4.20.4\" _module_preset=\"default\"...<\/p>\n<\/div><a href=\"https:\/\/www.itba.edu.ar\/intranet\/ti\/e-commerce\/\" class=\"more-link\">leer m\u00e1s<\/a><\/div>\t\t\t\n\t\t\t<\/article>\n\t\t\t\t<\/div><div><div class=\"pagination clearfix\">\n\t<div class=\"alignleft\"><a href=\"https:\/\/www.itba.edu.ar\/intranet\/ti\/wp-json\/wp\/v2\/pages\/1161\/page\/2\/?et_blog\" >&laquo; Entradas m\u00e1s antiguas<\/a><\/div>\n\t<div class=\"alignright\"><\/div>\n<\/div><\/div><\/div>\n\t\t\t\t\t<\/div>\n\t\t\t\t\t \n\t\t\t\t<\/div>\n\t\t\t\t<\/div>\n\t\t\t<\/div>[\/et_pb_column][\/et_pb_row][\/et_pb_section]<\/p>\n","protected":false},"excerpt":{"rendered":"","protected":false},"author":1,"featured_media":0,"parent":0,"menu_order":0,"comment_status":"closed","ping_status":"closed","template":"","meta":{"_et_pb_use_builder":"on","_et_pb_old_content":"","_et_gb_content_width":"","yasr_overall_rating":0,"yasr_post_is_review":"","yasr_auto_insert_disabled":"","yasr_review_type":"","footnotes":""},"class_list":["post-1161","page","type-page","status-publish","hentry"],"yasr_visitor_votes":{"stars_attributes":{"read_only":false,"span_bottom":false},"number_of_votes":0,"sum_votes":0},"_links":{"self":[{"href":"https:\/\/www.itba.edu.ar\/intranet\/ti\/wp-json\/wp\/v2\/pages\/1161","targetHints":{"allow":["GET"]}}],"collection":[{"href":"https:\/\/www.itba.edu.ar\/intranet\/ti\/wp-json\/wp\/v2\/pages"}],"about":[{"href":"https:\/\/www.itba.edu.ar\/intranet\/ti\/wp-json\/wp\/v2\/types\/page"}],"author":[{"embeddable":true,"href":"https:\/\/www.itba.edu.ar\/intranet\/ti\/wp-json\/wp\/v2\/users\/1"}],"replies":[{"embeddable":true,"href":"https:\/\/www.itba.edu.ar\/intranet\/ti\/wp-json\/wp\/v2\/comments?post=1161"}],"version-history":[{"count":11,"href":"https:\/\/www.itba.edu.ar\/intranet\/ti\/wp-json\/wp\/v2\/pages\/1161\/revisions"}],"predecessor-version":[{"id":52379,"href":"https:\/\/www.itba.edu.ar\/intranet\/ti\/wp-json\/wp\/v2\/pages\/1161\/revisions\/52379"}],"wp:attachment":[{"href":"https:\/\/www.itba.edu.ar\/intranet\/ti\/wp-json\/wp\/v2\/media?parent=1161"}],"curies":[{"name":"wp","href":"https:\/\/api.w.org\/{rel}","templated":true}]}}