{"id":5977,"date":"2025-07-02T10:32:08","date_gmt":"2025-07-02T13:32:08","guid":{"rendered":"https:\/\/www.itba.edu.ar\/intranet\/portaldocente\/?page_id=5977"},"modified":"2025-08-01T10:54:21","modified_gmt":"2025-08-01T13:54:21","slug":"novedades-julio-2025","status":"publish","type":"page","link":"https:\/\/www.itba.edu.ar\/intranet\/portaldocente\/novedades-julio-2025\/","title":{"rendered":"Novedades julio 2025"},"content":{"rendered":"<p>[et_pb_section fb_built=\u00bb1&#8243; admin_label=\u00bbHeader\u00bb _builder_version=\u00bb4.27.4&#8243; _module_preset=\u00bbdefault\u00bb background_enable_color=\u00bboff\u00bb background_color_gradient_stops=\u00bb#004910 0%|#004910 100%\u00bb background_enable_mask_style=\u00bbon\u00bb background_mask_style=\u00bbcorner-square\u00bb background_mask_color=\u00bb#FFFFFF\u00bb background_mask_aspect_ratio=\u00bbsquare\u00bb background_mask_size=\u00bbcover\u00bb width=\u00bb100%\u00bb custom_padding=\u00bb10vw||10vw||true|false\u00bb bottom_divider_style=\u00bbarrow2&#8243; bottom_divider_color=\u00bb#FFFFFF\u00bb bottom_divider_height=\u00bb43px\u00bb collapsed=\u00bbon\u00bb global_colors_info=\u00bb{}\u00bb][et_pb_row column_structure=\u00bb2_3,1_3&#8243; _builder_version=\u00bb4.27.4&#8243; _module_preset=\u00bbdefault\u00bb background_enable_color=\u00bboff\u00bb width=\u00bb87%\u00bb max_width=\u00bbnone\u00bb global_colors_info=\u00bb{}\u00bb][et_pb_column type=\u00bb2_3&#8243; _builder_version=\u00bb4.25.1&#8243; _module_preset=\u00bbdefault\u00bb global_colors_info=\u00bb{}\u00bb][et_pb_heading title=\u00bbNovedades julio\u00bb _builder_version=\u00bb4.27.4&#8243; _module_preset=\u00bb_initial\u00bb title_font=\u00bbArial|600|||||||\u00bb title_text_align=\u00bbleft\u00bb title_text_color=\u00bb#004910&#8243; title_font_size=\u00bb6vw\u00bb width=\u00bb79.1%\u00bb custom_margin=\u00bb|223px||||\u00bb custom_padding=\u00bb|73px||16px||\u00bb global_colors_info=\u00bb{}\u00bb][\/et_pb_heading][\/et_pb_column][et_pb_column type=\u00bb1_3&#8243; _builder_version=\u00bb4.25.1&#8243; _module_preset=\u00bbdefault\u00bb custom_padding=\u00bb2%||||false|false\u00bb global_colors_info=\u00bb{}\u00bb][\/et_pb_column][\/et_pb_row][\/et_pb_section][et_pb_section fb_built=\u00bb1&#8243; _builder_version=\u00bb4.27.4&#8243; _module_preset=\u00bbdefault\u00bb background_enable_color=\u00bboff\u00bb use_background_color_gradient=\u00bboff\u00bb custom_padding=\u00bb19px|||||\u00bb top_divider_style=\u00bbramp2&#8243; top_divider_color=\u00bbrgba(0,73,16,0.52)\u00bb top_divider_height=\u00bb33px\u00bb top_divider_flip=\u00bbhorizontal\u00bb global_colors_info=\u00bb{}\u00bb][et_pb_row column_structure=\u00bb1_2,1_2&#8243; _builder_version=\u00bb4.27.4&#8243; _module_preset=\u00bbdefault\u00bb custom_margin=\u00bb66px|auto||auto||\u00bb custom_padding=\u00bb12px|||||\u00bb global_colors_info=\u00bb{}\u00bb][et_pb_column type=\u00bb1_2&#8243; _builder_version=\u00bb4.27.4&#8243; _module_preset=\u00bbdefault\u00bb global_colors_info=\u00bb{}\u00bb][et_pb_heading title=\u00bb\u00bfTe lo perdiste? Nueva edici\u00f3n del taller\u00bb _builder_version=\u00bb4.27.4&#8243; _module_preset=\u00bbdefault\u00bb title_font=\u00bb|800|||||||\u00bb title_text_align=\u00bbcenter\u00bb title_text_color=\u00bb#004910&#8243; title_font_size=\u00bb17px\u00bb width=\u00bb100%\u00bb module_alignment=\u00bbcenter\u00bb custom_margin=\u00bb|-31px||||\u00bb custom_padding=\u00bb|0px||0px||\u00bb global_colors_info=\u00bb{}\u00bb][\/et_pb_heading][et_pb_text _builder_version=\u00bb4.27.4&#8243; _module_preset=\u00bbdefault\u00bb text_font=\u00bb|600|on||||||\u00bb text_text_color=\u00bb#000000&#8243; text_font_size=\u00bb14px\u00bb header_font=\u00bb|600|||||||\u00bb custom_margin=\u00bb-28px|||||\u00bb global_colors_info=\u00bb{}\u00bb]<\/p>\n<p style=\"text-align: center\">En este encuentro pondremos en pr\u00e1ctica estrategias para fomentar la alfabetizaci\u00f3n digital, a partir de la revisi\u00f3n de instrumentos de evaluaci\u00f3n. Utilizaremos la IA para analizar sus alcances y oportunidades.<\/p>\n<p>[\/et_pb_text][et_pb_image src=\u00bbhttps:\/\/intranet-nv.s3.amazonaws.com\/wp-content\/uploads\/sites\/16\/2025\/06\/Sin-titulo-1-4.png\u00bb title_text=\u00bbIA y evaluaci\u00f3n julio\u00bb url=\u00bbhttps:\/\/forms.gle\/rDJQcvsmX2rjRYbp9&#8243; url_new_window=\u00bbon\u00bb _builder_version=\u00bb4.27.4&#8243; _module_preset=\u00bbdefault\u00bb custom_margin=\u00bb-13px|||||\u00bb border_width_all=\u00bb5px\u00bb border_color_all=\u00bb#004910&#8243; global_colors_info=\u00bb{}\u00bb][\/et_pb_image][\/et_pb_column][et_pb_column type=\u00bb1_2&#8243; _builder_version=\u00bb4.27.4&#8243; _module_preset=\u00bbdefault\u00bb global_colors_info=\u00bb{}\u00bb][et_pb_text _builder_version=\u00bb4.27.4&#8243; _module_preset=\u00bbdefault\u00bb text_font=\u00bb|600||on|||||\u00bb text_font_size=\u00bb11px\u00bb custom_padding=\u00bb22px|||||\u00bb global_colors_info=\u00bb{}\u00bb]<\/p>\n<p style=\"text-align: left\"><span class=\"x19la9d6 x1fc57z9 x6ikm8r x10wlt62 x19co3pv x1g5zs5t xfibh0p xiy17q3 x1xsqp64 x1lkfr7t xexx8yu x4uap5 x18d9i69 xkhd6sd\"><span class=\"xrtxmta x1bhl96m\">\ud83d\udce3\u00a1Pronto se implementar\u00e1 el SIS! Para el pr\u00f3ximo cuatrimestre, las notas de cursada deber\u00e1n estar cargadas en el Libro de Calificaciones de Blackboard.<\/span><\/span><\/p>\n<p>[\/et_pb_text][et_pb_cta title=\u00bbRECORRIDO: Libro de calificaciones\u00bb button_url=\u00bbhttps:\/\/campus.itba.edu.ar\/ultra\/courses\/_31172_1\/outline\u00bb url_new_window=\u00bbon\u00bb button_text=\u00bbClic al curso\u00bb _builder_version=\u00bb4.27.4&#8243; _module_preset=\u00bbdefault\u00bb header_font=\u00bb|800|||||||\u00bb header_text_align=\u00bbcenter\u00bb header_text_color=\u00bb#000000&#8243; header_font_size=\u00bb32px\u00bb body_font=\u00bb||||||||\u00bb body_text_color=\u00bb#000000&#8243; custom_button=\u00bbon\u00bb button_text_size=\u00bb19px\u00bb button_text_color=\u00bb#004910&#8243; button_bg_color=\u00bbRGBA(255,255,255,0)\u00bb button_border_width=\u00bb3px\u00bb button_border_color=\u00bb#004910&#8243; button_border_radius=\u00bb0px\u00bb module_alignment=\u00bbcenter\u00bb custom_margin=\u00bb7px|||||\u00bb border_width_all=\u00bb5px\u00bb border_color_all=\u00bb#004910&#8243; global_colors_info=\u00bb{}\u00bb]<\/p>\n<p style=\"text-align: center\">Este curso aborda las potencialidades del Libro de Calificaciones y su configuraci\u00f3n.<\/p>\n<p style=\"text-align: center\"><em>*Acredita 2 horas de formaci\u00f3n docente<\/em><\/p>\n<p>[\/et_pb_cta][\/et_pb_column][\/et_pb_row][\/et_pb_section][et_pb_section fb_built=\u00bb1&#8243; fullwidth=\u00bbon\u00bb _builder_version=\u00bb4.27.4&#8243; _module_preset=\u00bbdefault\u00bb background_enable_color=\u00bboff\u00bb background_enable_mask_style=\u00bbon\u00bb background_mask_style=\u00bbdiagonal-pills\u00bb background_mask_color=\u00bbrgba(0,73,16,0.49)\u00bb global_colors_info=\u00bb{}\u00bb][et_pb_fullwidth_header title=\u00bbConoc\u00e9 el nuevo portal docente\u00bb subhead=\u00bbLeyendo este newsletter, te encontr\u00e1s dentro de la p\u00e1gina web del nuevo portal. Te invitamos a explorar sus distintas secciones, donde vas a encontrar las \u00faltimas novedades, as\u00ed como recursos y herramientas para acompa\u00f1arte en tus clases. Tambi\u00e9n pod\u00e9s ingresar directamente a trav\u00e9s de nuestra organizaci\u00f3n.\u00bb text_orientation=\u00bbcenter\u00bb _builder_version=\u00bb4.27.4&#8243; _module_preset=\u00bbdefault\u00bb title_font=\u00bb|800|||||||\u00bb title_text_align=\u00bbcenter\u00bb title_text_color=\u00bb#000000&#8243; title_font_size=\u00bb45px\u00bb content_font=\u00bb||||||||\u00bb content_text_align=\u00bbcenter\u00bb content_font_size=\u00bb20px\u00bb subhead_font=\u00bb&#8211;et_global_body_font|600|on||||||\u00bb subhead_text_color=\u00bb#000000&#8243; subhead_font_size=\u00bb17px\u00bb custom_margin=\u00bb||67px|||\u00bb custom_padding=\u00bb25px|||||\u00bb global_colors_info=\u00bb{}\u00bb][\/et_pb_fullwidth_header][\/et_pb_section][et_pb_section fb_built=\u00bb1&#8243; fullwidth=\u00bbon\u00bb _builder_version=\u00bb4.27.4&#8243; _module_preset=\u00bbdefault\u00bb global_colors_info=\u00bb{}\u00bb][\/et_pb_section][et_pb_section fb_built=\u00bb1&#8243; prev_background_color=\u00bb#ffffff\u00bb admin_label=\u00bbFooter\u00bb _builder_version=\u00bb4.27.4&#8243; _module_preset=\u00bbdefault\u00bb background_enable_color=\u00bboff\u00bb use_background_color_gradient=\u00bboff\u00bb background_image=\u00bbhttps:\/\/intranet-nv.s3.amazonaws.com\/wp-content\/uploads\/sites\/16\/2025\/01\/conference-event-15.png\u00bb background_blend=\u00bboverlay\u00bb width=\u00bb100%\u00bb max_width=\u00bb100%\u00bb min_height=\u00bb369px\u00bb custom_margin=\u00bb13px|||||\u00bb custom_padding=\u00bb36px||0px||false|false\u00bb top_divider_style=\u00bbramp2&#8243; box_shadow_style=\u00bbpreset7&#8243; box_shadow_horizontal=\u00bb0px\u00bb box_shadow_vertical=\u00bb200px\u00bb box_shadow_color=\u00bb#FFFFFF\u00bb saved_tabs=\u00bball\u00bb collapsed=\u00bbon\u00bb global_colors_info=\u00bb{%22gcid-9d5d11f9-d654-432d-8206-34ad20a6d54e%22:%91%22background_color%22,%22background_color_gradient_stops%22%93,%22gcid-5f63220e-8342-4427-89fa-de1da73c3340%22:%91%22background_color_gradient_stops%22%93}\u00bb][et_pb_row column_structure=\u00bb1_2,1_2&#8243; _builder_version=\u00bb4.27.4&#8243; _module_preset=\u00bbdefault\u00bb border_width_all=\u00bb12px\u00bb border_color_all=\u00bb#0b2e62&#8243; global_colors_info=\u00bb{}\u00bb][et_pb_column type=\u00bb1_2&#8243; _builder_version=\u00bb4.27.4&#8243; _module_preset=\u00bbdefault\u00bb global_colors_info=\u00bb{}\u00bb][et_pb_image src=\u00bbhttps:\/\/intranet-nv.s3.amazonaws.com\/wp-content\/uploads\/sites\/16\/2025\/01\/Blackboard-Logo.png\u00bb title_text=\u00bbBlackboard-Logo\u00bb align=\u00bbcenter\u00bb _builder_version=\u00bb4.27.4&#8243; _module_preset=\u00bbdefault\u00bb width=\u00bb82%\u00bb max_width=\u00bb45%\u00bb module_alignment=\u00bbcenter\u00bb max_height=\u00bb1000px\u00bb global_colors_info=\u00bb{}\u00bb][\/et_pb_image][\/et_pb_column][et_pb_column type=\u00bb1_2&#8243; _builder_version=\u00bb4.27.4&#8243; _module_preset=\u00bbdefault\u00bb global_colors_info=\u00bb{}\u00bb][et_pb_blurb title=\u00bb\u00bfYa utilizaste el template para tus cursos?\u00bb _builder_version=\u00bb4.27.4&#8243; _module_preset=\u00bbdefault\u00bb header_font=\u00bb|700|||||||\u00bb header_text_align=\u00bbcenter\u00bb header_font_size=\u00bb19px\u00bb text_orientation=\u00bbcenter\u00bb width=\u00bb80%\u00bb custom_padding=\u00bb|||46px||\u00bb global_colors_info=\u00bb{}\u00bb]<\/p>\n<p>A comienzos de 2025 se implement\u00f3 el nuevo template en los cursos de Blackboard \u00a1Tu feedback es muy importante!<\/p>\n<p>[\/et_pb_blurb][et_pb_button button_url=\u00bbhttps:\/\/forms.gle\/SQu3xCUPmKdX5jpG8&#8243; url_new_window=\u00bbon\u00bb button_text=\u00bbCompletar encuesta\u00bb button_alignment=\u00bbcenter\u00bb _builder_version=\u00bb4.27.4&#8243; _module_preset=\u00bbdefault\u00bb custom_button=\u00bbon\u00bb button_text_size=\u00bb14px\u00bb button_text_color=\u00bb#000000&#8243; global_colors_info=\u00bb{}\u00bb][\/et_pb_button][\/et_pb_column][\/et_pb_row][\/et_pb_section][et_pb_section fb_built=\u00bb1&#8243; _builder_version=\u00bb4.27.4&#8243; _module_preset=\u00bbdefault\u00bb background_enable_color=\u00bboff\u00bb use_background_color_gradient=\u00bboff\u00bb custom_margin=\u00bb0px||||false|false\u00bb custom_padding=\u00bb0px||||false|false\u00bb top_divider_color=\u00bbrgba(0,73,16,0.52)\u00bb top_divider_height=\u00bb45px\u00bb top_divider_flip=\u00bbhorizontal\u00bb global_colors_info=\u00bb{}\u00bb][et_pb_row column_structure=\u00bb1_2,1_2&#8243; _builder_version=\u00bb4.27.4&#8243; _module_preset=\u00bbdefault\u00bb background_enable_color=\u00bboff\u00bb custom_margin=\u00bb66px|auto||auto||\u00bb custom_padding=\u00bb12px|||||\u00bb global_colors_info=\u00bb{}\u00bb][et_pb_column type=\u00bb1_2&#8243; _builder_version=\u00bb4.27.4&#8243; _module_preset=\u00bbdefault\u00bb global_colors_info=\u00bb{}\u00bb][et_pb_heading title=\u00bb\u00a1Tuvimos una nueva charla de +ingenio xICAE!\u00bb _builder_version=\u00bb4.27.4&#8243; _module_preset=\u00bbdefault\u00bb title_font=\u00bb|800|||||||\u00bb title_text_align=\u00bbcenter\u00bb title_text_color=\u00bb#004910&#8243; title_font_size=\u00bb17px\u00bb background_color=\u00bbRGBA(255,255,255,0)\u00bb width=\u00bb100%\u00bb module_alignment=\u00bbcenter\u00bb custom_margin=\u00bb65px|-31px|||false|false\u00bb custom_padding=\u00bb0px|0px||0px|false|false\u00bb global_colors_info=\u00bb{}\u00bb][\/et_pb_heading][et_pb_image src=\u00bbhttps:\/\/intranet-nv.s3.amazonaws.com\/wp-content\/uploads\/sites\/16\/2025\/05\/Sin-titulo-2.png\u00bb title_text=\u00bbSin t\u00edtulo-2&#8243; _builder_version=\u00bb4.27.4&#8243; _module_preset=\u00bbdefault\u00bb global_colors_info=\u00bb{}\u00bb][\/et_pb_image][et_pb_text _builder_version=\u00bb4.27.4&#8243; _module_preset=\u00bbdefault\u00bb text_font=\u00bb|600|on||||||\u00bb text_text_color=\u00bb#000000&#8243; text_font_size=\u00bb14px\u00bb header_font=\u00bb|600|||||||\u00bb custom_margin=\u00bb-28px|||||\u00bb global_colors_info=\u00bb{}\u00bb]<\/p>\n<p style=\"text-align: center\">Les compartimos un material que recopila los puntos claves de la charla<\/p>\n<p style=\"text-align: center\"><strong><span style=\"color: #008000\">\u00abLector no se nace, se hace\u00bb<\/span> &#8211;<\/strong> Por Valeria Abusamra.<\/p>\n<p>[\/et_pb_text][et_pb_button button_url=\u00bbhttps:\/\/www.canva.com\/design\/DAGsNUC77fo\/zVL8ISCRoE93kkVc26gxqw\/view?utm_content=DAGsNUC77fo&amp;utm_campaign=designshare&amp;utm_medium=link2&amp;utm_source=uniquelinks&amp;utlId=ha8e15f402f\u00bb url_new_window=\u00bbon\u00bb button_text=\u00bbVer material\u00bb button_alignment=\u00bbcenter\u00bb _builder_version=\u00bb4.27.4&#8243; _module_preset=\u00bbdefault\u00bb custom_button=\u00bbon\u00bb button_text_color=\u00bb#004910&#8243; global_colors_info=\u00bb{}\u00bb][\/et_pb_button][\/et_pb_column][et_pb_column type=\u00bb1_2&#8243; _builder_version=\u00bb4.27.4&#8243; _module_preset=\u00bbdefault\u00bb global_colors_info=\u00bb{}\u00bb][et_pb_slider _builder_version=\u00bb4.27.4&#8243; _module_preset=\u00bbdefault\u00bb header_font_size=\u00bb1px\u00bb body_font_size=\u00bb1px\u00bb body_line_height=\u00bb1em\u00bb width=\u00bb100%\u00bb max_width=\u00bb100%\u00bb custom_margin=\u00bb||||false|false\u00bb global_colors_info=\u00bb{}\u00bb][et_pb_slide image=\u00bbhttps:\/\/intranet-nv.s3.amazonaws.com\/wp-content\/uploads\/sites\/16\/2025\/07\/WhatsApp-Image-2025-07-02-at-12.35.29.jpg\u00bb _builder_version=\u00bb4.27.4&#8243; _module_preset=\u00bbdefault\u00bb global_colors_info=\u00bb{}\u00bb sticky_transition=\u00bbon\u00bb][\/et_pb_slide][et_pb_slide image=\u00bbhttps:\/\/intranet-nv.s3.amazonaws.com\/wp-content\/uploads\/sites\/16\/2025\/07\/WhatsApp-Image-2025-07-02-at-12.35.30-1.jpg\u00bb _builder_version=\u00bb4.27.4&#8243; _module_preset=\u00bbdefault\u00bb global_colors_info=\u00bb{}\u00bb sticky_transition=\u00bbon\u00bb][\/et_pb_slide][et_pb_slide image=\u00bbhttps:\/\/intranet-nv.s3.amazonaws.com\/wp-content\/uploads\/sites\/16\/2025\/07\/WhatsApp-Image-2025-07-02-at-11.58.20.jpg\u00bb _builder_version=\u00bb4.27.4&#8243; _module_preset=\u00bbdefault\u00bb global_colors_info=\u00bb{}\u00bb sticky_transition=\u00bbon\u00bb][\/et_pb_slide][\/et_pb_slider][\/et_pb_column][\/et_pb_row][\/et_pb_section][et_pb_section fb_built=\u00bb1&#8243; _builder_version=\u00bb4.27.4&#8243; _module_preset=\u00bbdefault\u00bb use_background_color_gradient=\u00bboff\u00bb custom_margin=\u00bb0px||0px||false|false\u00bb top_divider_style=\u00bbarrow2&#8243; top_divider_color=\u00bbrgba(0,73,16,0.49)\u00bb top_divider_height=\u00bb42px\u00bb bottom_divider_color=\u00bbrgba(0,73,16,0.49)\u00bb bottom_divider_height=\u00bb45px\u00bb bottom_divider_flip=\u00bbhorizontal\u00bb global_colors_info=\u00bb{}\u00bb][et_pb_row _builder_version=\u00bb4.27.4&#8243; _module_preset=\u00bbdefault\u00bb background_enable_color=\u00bboff\u00bb global_colors_info=\u00bb{}\u00bb][et_pb_column type=\u00bb4_4&#8243; _builder_version=\u00bb4.27.4&#8243; _module_preset=\u00bbdefault\u00bb global_colors_info=\u00bb{}\u00bb][et_pb_heading title=\u00bbNuevas medidas de seguridad\u00bb _builder_version=\u00bb4.27.4&#8243; _module_preset=\u00bbdefault\u00bb title_level=\u00bbh2&#8243; title_font=\u00bb|600|||||||\u00bb title_text_align=\u00bbcenter\u00bb title_text_color=\u00bb#004910&#8243; title_text_shadow_style=\u00bbpreset1&#8243; global_colors_info=\u00bb{}\u00bb][\/et_pb_heading][et_pb_text _builder_version=\u00bb4.27.4&#8243; _module_preset=\u00bbdefault\u00bb global_colors_info=\u00bb{}\u00bb]<\/p>\n<p>A partir del 7 de julio, se comenzar\u00e1 a activar un <strong>acceso \u00fanico a las herramientas del ITBA<\/strong>, junto con un factor de doble autenticaci\u00f3n.<\/p>\n<p>Tendr\u00e1s que ingresar a los diferentes servicios y aplicaciones con su <strong>usuario (@itba.edu.ar)<\/strong> y habilitar el acceso desde la aplicaci\u00f3n <strong>Microsoft Authenticator<\/strong> o con la recepci\u00f3n de un <strong>SMS.<\/strong><\/p>\n<p><strong>Para hacer consultas sobre las nuevas medidas de seguridad, pod\u00e9s escribir a <span style=\"text-decoration: underline\"><span style=\"color: #000080\"><a href=\"mailto:ayudati@itba.edu.ar\" target=\"_blank\" rel=\"noopener\" style=\"color: #000080;text-decoration: underline\">ayudati@itba.edu.ar<\/a><\/span><\/span><\/strong><\/p>\n<p>[\/et_pb_text][et_pb_button button_url=\u00bbhttps:\/\/www.itba.edu.ar\/intranet\/ti\/sso-y-mfa\/\u00bb url_new_window=\u00bbon\u00bb button_text=\u00bbConoc\u00e9 c\u00f3mo configurarlo\u00bb button_alignment=\u00bbcenter\u00bb _builder_version=\u00bb4.27.4&#8243; _module_preset=\u00bbdefault\u00bb custom_button=\u00bbon\u00bb button_text_color=\u00bb#004910&#8243; global_colors_info=\u00bb{}\u00bb][\/et_pb_button][\/et_pb_column][\/et_pb_row][\/et_pb_section][et_pb_section fb_built=\u00bb1&#8243; _builder_version=\u00bb4.27.4&#8243; _module_preset=\u00bbdefault\u00bb background_color=\u00bbRGBA(255,255,255,0)\u00bb use_background_color_gradient=\u00bboff\u00bb custom_padding=\u00bb110px|||||\u00bb top_divider_style=\u00bbarrow2&#8243; top_divider_color=\u00bb#007fe0&#8243; top_divider_height=\u00bb38px\u00bb bottom_divider_style=\u00bbasymmetric3&#8243; bottom_divider_color=\u00bb#007FE0&#8243; bottom_divider_height=\u00bb59px\u00bb global_colors_info=\u00bb{}\u00bb][et_pb_row _builder_version=\u00bb4.27.4&#8243; _module_preset=\u00bbdefault\u00bb background_color=\u00bbRGBA(255,255,255,0)\u00bb min_height=\u00bb100px\u00bb global_colors_info=\u00bb{}\u00bb][et_pb_column type=\u00bb4_4&#8243; _builder_version=\u00bb4.27.4&#8243; _module_preset=\u00bbdefault\u00bb global_colors_info=\u00bb{}\u00bb][et_pb_heading title=\u00bbicae PARTICIP\u00d3 EN EL XVIII Congreso Nacional y XI Congreso Iberoamericano de Pedagog\u00eda\u00bb _builder_version=\u00bb4.27.4&#8243; _module_preset=\u00bbdefault\u00bb title_level=\u00bbh2&#8243; title_text_align=\u00bbcenter\u00bb title_text_color=\u00bb#007fe0&#8243; module_alignment=\u00bbcenter\u00bb text_shadow_style=\u00bbpreset3&#8243; global_colors_info=\u00bb{}\u00bb title_text_color__hover_enabled=\u00bbon|desktop\u00bb title_text_color__hover=\u00bb#007fe0&#8243;][\/et_pb_heading][\/et_pb_column][\/et_pb_row][et_pb_row column_structure=\u00bb3_5,2_5&#8243; _builder_version=\u00bb4.27.4&#8243; _module_preset=\u00bbdefault\u00bb global_colors_info=\u00bb{}\u00bb][et_pb_column type=\u00bb3_5&#8243; _builder_version=\u00bb4.27.4&#8243; _module_preset=\u00bbdefault\u00bb global_colors_info=\u00bb{}\u00bb][et_pb_text _builder_version=\u00bb4.27.4&#8243; _module_preset=\u00bbdefault\u00bb custom_margin=\u00bb100px||||false|false\u00bb global_colors_info=\u00bb{}\u00bb]<\/p>\n<p>Durante el mes de junio, Laura P\u00e9rez Gayoso y Gabriela Kesib del equipo de ICAE, fueron expositoras en tres trabajos sobre: <span style=\"color: #3366ff\"><em><strong>\u00abEvaluaci\u00f3n y calidad de instituciones y programas educativos\u00bb;<\/strong>\u00a0<strong>\u00abFormaci\u00f3n pedag\u00f3gica para profesionales\u00bb <\/strong><\/em><\/span>y <span style=\"color: #3366ff\"><em><strong>\u00abExperiencias de aula e innovaciones en las \u00e1reas del curr\u00edculo y niveles educativos\u00bb.<\/strong><\/em><\/span><\/p>\n<p>Este evento re\u00fane autoridades y profesionales de instituciones educativas a nivel internacional.<\/p>\n<p style=\"text-align: center\"><span style=\"color: #3366ff\">\u00a1Felicitaciones por participar visibilizando el trabajo del ITBA para el acompa\u00f1amiento y la formaci\u00f3n de la comunidad docente!<\/span><\/p>\n<p>[\/et_pb_text][\/et_pb_column][et_pb_column type=\u00bb2_5&#8243; _builder_version=\u00bb4.27.4&#8243; _module_preset=\u00bbdefault\u00bb global_colors_info=\u00bb{}\u00bb][et_pb_slider _builder_version=\u00bb4.27.4&#8243; _module_preset=\u00bbdefault\u00bb body_font_size=\u00bb1px\u00bb body_line_height=\u00bb1em\u00bb width=\u00bb100%\u00bb height=\u00bb482px\u00bb max_height=\u00bb482px\u00bb custom_padding=\u00bb0px||0px|||\u00bb global_colors_info=\u00bb{}\u00bb][et_pb_slide image=\u00bbhttps:\/\/intranet-nv.s3.amazonaws.com\/wp-content\/uploads\/sites\/16\/2025\/07\/WhatsApp-Image-2025-07-02-at-12.30.26.jpeg\u00bb _builder_version=\u00bb4.27.4&#8243; _module_preset=\u00bbdefault\u00bb global_colors_info=\u00bb{}\u00bb sticky_transition=\u00bbon\u00bb][\/et_pb_slide][et_pb_slide image=\u00bbhttps:\/\/intranet-nv.s3.amazonaws.com\/wp-content\/uploads\/sites\/16\/2025\/07\/WhatsApp-Image-2025-07-02-at-08.59.47.jpeg\u00bb _builder_version=\u00bb4.27.4&#8243; _module_preset=\u00bbdefault\u00bb global_colors_info=\u00bb{}\u00bb sticky_transition=\u00bbon\u00bb][\/et_pb_slide][et_pb_slide image=\u00bbhttps:\/\/intranet-nv.s3.amazonaws.com\/wp-content\/uploads\/sites\/16\/2025\/07\/WhatsApp-Image-2025-07-02-at-12.37.15.jpeg\u00bb _builder_version=\u00bb4.27.4&#8243; _module_preset=\u00bbdefault\u00bb global_colors_info=\u00bb{}\u00bb sticky_transition=\u00bbon\u00bb][\/et_pb_slide][\/et_pb_slider][\/et_pb_column][\/et_pb_row][\/et_pb_section][et_pb_section fb_built=\u00bb1&#8243; _builder_version=\u00bb4.27.4&#8243; _module_preset=\u00bbdefault\u00bb use_background_color_gradient=\u00bboff\u00bb global_colors_info=\u00bb{}\u00bb][et_pb_row custom_padding_last_edited=\u00bbon|desktop\u00bb _builder_version=\u00bb4.27.4&#8243; _module_preset=\u00bbdefault\u00bb background_color=\u00bb#1A0052&#8243; custom_margin=\u00bb||30px||false|false\u00bb custom_padding=\u00bb60px|60px|60px|60px|true|true\u00bb custom_padding_tablet=\u00bb30px|30px|30px|30px|true|true\u00bb custom_padding_phone=\u00bb20px|20px|20px|20px|true|true\u00bb border_radii=\u00bbon|12px|12px|12px|12px\u00bb box_shadow_style=\u00bbpreset1&#8243; box_shadow_vertical=\u00bb20px\u00bb box_shadow_blur=\u00bb40px\u00bb box_shadow_color=\u00bbrgba(0,0,0,0.07)\u00bb global_colors_info=\u00bb{}\u00bb][et_pb_column type=\u00bb4_4&#8243; _builder_version=\u00bb4.25.1&#8243; _module_preset=\u00bbdefault\u00bb global_colors_info=\u00bb{}\u00bb][et_pb_heading title=\u00bbConoc\u00e9 todos los cursos disponibles en nuestra organizaci\u00f3n o escribinos a icae@itba.edu.ar\u00bb _builder_version=\u00bb4.27.4&#8243; _module_preset=\u00bb_initial\u00bb title_level=\u00bbh5&#8243; title_font=\u00bb|500|||||||\u00bb title_text_align=\u00bbcenter\u00bb title_text_color=\u00bb#FFFFFF\u00bb title_font_size=\u00bb18px\u00bb title_line_height=\u00bb1.3em\u00bb width=\u00bb100%\u00bb max_width=\u00bb100%\u00bb custom_margin=\u00bb||10px||false|false\u00bb custom_padding=\u00bb1px||0px|||\u00bb title_font_size_tablet=\u00bb26px\u00bb title_font_size_phone=\u00bb18px\u00bb title_font_size_last_edited=\u00bbon|desktop\u00bb global_colors_info=\u00bb{}\u00bb][\/et_pb_heading][et_pb_button button_url=\u00bbhttps:\/\/campus.itba.edu.ar\/ultra\/organizations\/_24582_1\/outline\u00bb url_new_window=\u00bbon\u00bb button_text=\u00bbIngres\u00e1\u00bb button_alignment=\u00bbcenter\u00bb _builder_version=\u00bb4.27.4&#8243; _module_preset=\u00bbdefault\u00bb custom_button=\u00bbon\u00bb button_text_color=\u00bb#FFFFFF\u00bb button_bg_color=\u00bb#0C71C3&#8243; button_border_width=\u00bb0px\u00bb animation_style=\u00bbslide\u00bb global_colors_info=\u00bb{}\u00bb][\/et_pb_button][\/et_pb_column][\/et_pb_row][\/et_pb_section]<\/p>\n","protected":false},"excerpt":{"rendered":"<p>En este encuentro pondremos en pr\u00e1ctica estrategias para fomentar la alfabetizaci\u00f3n digital, a partir de la revisi\u00f3n de instrumentos de evaluaci\u00f3n. Utilizaremos la IA para analizar sus alcances y oportunidades.\ud83d\udce3\u00a1Pronto se implementar\u00e1 el SIS! Para el pr\u00f3ximo cuatrimestre, las notas de cursada deber\u00e1n estar cargadas en el Libro de Calificaciones de Blackboard.Este curso aborda las [&hellip;]<\/p>\n","protected":false},"author":6901,"featured_media":0,"parent":0,"menu_order":0,"comment_status":"closed","ping_status":"closed","template":"","meta":{"_et_pb_use_builder":"on","_et_pb_old_content":"","_et_gb_content_width":"","footnotes":""},"class_list":["post-5977","page","type-page","status-publish","hentry"],"_links":{"self":[{"href":"https:\/\/www.itba.edu.ar\/intranet\/portaldocente\/wp-json\/wp\/v2\/pages\/5977","targetHints":{"allow":["GET"]}}],"collection":[{"href":"https:\/\/www.itba.edu.ar\/intranet\/portaldocente\/wp-json\/wp\/v2\/pages"}],"about":[{"href":"https:\/\/www.itba.edu.ar\/intranet\/portaldocente\/wp-json\/wp\/v2\/types\/page"}],"author":[{"embeddable":true,"href":"https:\/\/www.itba.edu.ar\/intranet\/portaldocente\/wp-json\/wp\/v2\/users\/6901"}],"replies":[{"embeddable":true,"href":"https:\/\/www.itba.edu.ar\/intranet\/portaldocente\/wp-json\/wp\/v2\/comments?post=5977"}],"version-history":[{"count":31,"href":"https:\/\/www.itba.edu.ar\/intranet\/portaldocente\/wp-json\/wp\/v2\/pages\/5977\/revisions"}],"predecessor-version":[{"id":6093,"href":"https:\/\/www.itba.edu.ar\/intranet\/portaldocente\/wp-json\/wp\/v2\/pages\/5977\/revisions\/6093"}],"wp:attachment":[{"href":"https:\/\/www.itba.edu.ar\/intranet\/portaldocente\/wp-json\/wp\/v2\/media?parent=5977"}],"curies":[{"name":"wp","href":"https:\/\/api.w.org\/{rel}","templated":true}]}}