{"id":5724,"date":"2025-05-27T17:13:33","date_gmt":"2025-05-27T20:13:33","guid":{"rendered":"https:\/\/www.itba.edu.ar\/intranet\/portaldocente\/?page_id=5724"},"modified":"2025-11-03T13:06:25","modified_gmt":"2025-11-03T16:06:25","slug":"herramientas-y-recursos","status":"publish","type":"page","link":"https:\/\/www.itba.edu.ar\/intranet\/portaldocente\/herramientas-y-recursos\/","title":{"rendered":"Herramientas y recursos"},"content":{"rendered":"<p>[et_pb_section fb_built=\u00bb1&#8243; admin_label=\u00bbMarketing Hero\u00bb _builder_version=\u00bb4.27.4&#8243; background_color=\u00bb#FFFFFF\u00bb use_background_color_gradient=\u00bboff\u00bb background_image=\u00bbhttp:\/\/zaib.sandbox.etdevs.com\/divi\/wp-content\/uploads\/sites\/2\/2019\/01\/coding-background-texture.jpg\u00bb background_blend=\u00bboverlay\u00bb custom_padding=\u00bb3px|0px|100px|0px||\u00bb global_colors_info=\u00bb{}\u00bb][et_pb_row _builder_version=\u00bb4.27.4&#8243; _module_preset=\u00bbdefault\u00bb background_color=\u00bbRGBA(255,255,255,0)\u00bb global_colors_info=\u00bb{}\u00bb][et_pb_column type=\u00bb4_4&#8243; _builder_version=\u00bb4.27.4&#8243; _module_preset=\u00bbdefault\u00bb global_colors_info=\u00bb{}\u00bb][et_pb_image src=\u00bbhttps:\/\/intranet-nv.s3.amazonaws.com\/wp-content\/uploads\/sites\/16\/2025\/05\/Sin-titulo-2-18.png\u00bb title_text=\u00bbSin t\u00edtulo-2 (18)\u00bb _builder_version=\u00bb4.27.4&#8243; _module_preset=\u00bbdefault\u00bb global_colors_info=\u00bb{}\u00bb][\/et_pb_image]<div class=\"et_pb_with_border et_pb_module et_pb_blog_0  et_pb_css_mix_blend_mode et_pb_blog_grid_wrapper et_pb_bg_layout_light\">\n\t\t\t\t\n\t\t\t\t\n\t\t\t\t\n\t\t\t\t\n\t\t\t\t\n\t\t\t\t\n\t\t\t\t<div class=\"et_pb_module_inner\">\n\t\t\t\t\t<div class=\"et_pb_with_border et_pb_module et_pb_blog_0  et_pb_css_mix_blend_mode et_pb_blog_grid_wrapper et_pb_bg_layout_light\">\n\t\t\t\t\t<div class=\"et_pb_blog_grid clearfix  et_pb_text_align_center\">\n\t\t\t\t\t\n\t\t\t\t\t\n\t\t\t\t\t\n\t\t\t\t\t\n\t\t\t\t\t<div class=\"et_pb_ajax_pagination_container\">\n\t\t\t\t\t\t<div class=\"et_pb_salvattore_content\" data-columns>\n\t\t\t<article id=\"post-6268\" class=\"et_pb_post clearfix et_pb_blog_item_0_0 post-6268 post type-post status-publish format-standard has-post-thumbnail hentry category-herramientas-y-recursos\">\n\n\t\t\t\t<div class=\"et_pb_image_container\"><a href=\"https:\/\/www.itba.edu.ar\/intranet\/portaldocente\/2025\/10\/20\/7-estrategias-para-tener-estudiantes-mas-motivados\/\" class=\"entry-featured-image-url\"><img loading=\"lazy\" decoding=\"async\" src=\"https:\/\/intranet-nv.s3.amazonaws.com\/wp-content\/uploads\/sites\/16\/2025\/10\/Captura-1-400x250.png\" alt=\"7 estrategias para tener estudiantes m\u00e1s motivados\" class=\"\" srcset=\"https:\/\/intranet-nv.s3.amazonaws.com\/wp-content\/uploads\/sites\/16\/2025\/10\/Captura-1.png 479w, https:\/\/intranet-nv.s3.amazonaws.com\/wp-content\/uploads\/sites\/16\/2025\/10\/Captura-1-400x250.png 480w \" sizes=\"(max-width:479px) 479px, 100vw \"  width=\"400\" height=\"250\" \/><\/a><\/div>\n\t\t\t\t\t\t\t\t\t\t\t\t\t\t<h2 class=\"entry-title\">\n\t\t\t\t\t\t\t\t\t\t\t\t\t<a href=\"https:\/\/www.itba.edu.ar\/intranet\/portaldocente\/2025\/10\/20\/7-estrategias-para-tener-estudiantes-mas-motivados\/\">7 estrategias para tener estudiantes m\u00e1s motivados<\/a>\n\t\t\t\t\t\t\t\t\t\t\t<\/h2>\n\t\t\t\t\n\t\t\t\t\t<div class=\"post-content\"><div class=\"post-content-inner\"><\/div><a href=\"https:\/\/www.itba.edu.ar\/intranet\/portaldocente\/2025\/10\/20\/7-estrategias-para-tener-estudiantes-mas-motivados\/\" class=\"more-link\">leer m\u00e1s<\/a><\/div>\t\t\t\n\t\t\t<\/article>\n\t\t\t\t\n\t\t\t<article id=\"post-6262\" class=\"et_pb_post clearfix et_pb_blog_item_0_1 post-6262 post type-post status-publish format-standard has-post-thumbnail hentry category-herramientas-y-recursos\">\n\n\t\t\t\t<div class=\"et_pb_image_container\"><a href=\"https:\/\/www.itba.edu.ar\/intranet\/portaldocente\/2025\/10\/20\/6262\/\" class=\"entry-featured-image-url\"><img loading=\"lazy\" decoding=\"async\" src=\"https:\/\/intranet-nv.s3.amazonaws.com\/wp-content\/uploads\/sites\/16\/2025\/10\/Captura-400x250.png\" alt=\"Introducci\u00f3n a Google AI Studio (por Rodrigo Hern\u00e1n Ortiz, docente del ITBA del Departamento de Econom\u00eda, Sociedad y Negocios)\" class=\"\" srcset=\"https:\/\/intranet-nv.s3.amazonaws.com\/wp-content\/uploads\/sites\/16\/2025\/10\/Captura.png 479w, https:\/\/intranet-nv.s3.amazonaws.com\/wp-content\/uploads\/sites\/16\/2025\/10\/Captura-400x250.png 480w \" sizes=\"(max-width:479px) 479px, 100vw \"  width=\"400\" height=\"250\" \/><\/a><\/div>\n\t\t\t\t\t\t\t\t\t\t\t\t\t\t<h2 class=\"entry-title\">\n\t\t\t\t\t\t\t\t\t\t\t\t\t<a href=\"https:\/\/www.itba.edu.ar\/intranet\/portaldocente\/2025\/10\/20\/6262\/\">Introducci\u00f3n a Google AI Studio (por Rodrigo Hern\u00e1n Ortiz, docente del ITBA del Departamento de Econom\u00eda, Sociedad y Negocios)<\/a>\n\t\t\t\t\t\t\t\t\t\t\t<\/h2>\n\t\t\t\t\n\t\t\t\t\t<div class=\"post-content\"><div class=\"post-content-inner\"><\/div><a href=\"https:\/\/www.itba.edu.ar\/intranet\/portaldocente\/2025\/10\/20\/6262\/\" class=\"more-link\">leer m\u00e1s<\/a><\/div>\t\t\t\n\t\t\t<\/article>\n\t\t\t\t\n\t\t\t<article id=\"post-6202\" class=\"et_pb_post clearfix et_pb_blog_item_0_2 post-6202 post type-post status-publish format-standard has-post-thumbnail hentry category-herramientas-y-recursos\">\n\n\t\t\t\t<div class=\"et_pb_image_container\"><a href=\"https:\/\/www.itba.edu.ar\/intranet\/portaldocente\/2025\/09\/17\/dinamica-silent-meeting\/\" class=\"entry-featured-image-url\"><img loading=\"lazy\" decoding=\"async\" src=\"https:\/\/intranet-nv.s3.amazonaws.com\/wp-content\/uploads\/sites\/16\/2025\/09\/Captura-400x250.png\" alt=\"Din\u00e1mica Silent Meeting\" class=\"\" srcset=\"https:\/\/intranet-nv.s3.amazonaws.com\/wp-content\/uploads\/sites\/16\/2025\/09\/Captura.png 479w, https:\/\/intranet-nv.s3.amazonaws.com\/wp-content\/uploads\/sites\/16\/2025\/09\/Captura-400x250.png 480w \" sizes=\"(max-width:479px) 479px, 100vw \"  width=\"400\" height=\"250\" \/><\/a><\/div>\n\t\t\t\t\t\t\t\t\t\t\t\t\t\t<h2 class=\"entry-title\">\n\t\t\t\t\t\t\t\t\t\t\t\t\t<a href=\"https:\/\/www.itba.edu.ar\/intranet\/portaldocente\/2025\/09\/17\/dinamica-silent-meeting\/\">Din\u00e1mica Silent Meeting<\/a>\n\t\t\t\t\t\t\t\t\t\t\t<\/h2>\n\t\t\t\t\n\t\t\t\t\t<div class=\"post-content\"><div class=\"post-content-inner\"><\/div><a href=\"https:\/\/www.itba.edu.ar\/intranet\/portaldocente\/2025\/09\/17\/dinamica-silent-meeting\/\" class=\"more-link\">leer m\u00e1s<\/a><\/div>\t\t\t\n\t\t\t<\/article>\n\t\t\t\t\n\t\t\t<article id=\"post-6082\" class=\"et_pb_post clearfix et_pb_blog_item_0_3 post-6082 post type-post status-publish format-standard has-post-thumbnail hentry category-herramientas-y-recursos\">\n\n\t\t\t\t<div class=\"et_pb_image_container\"><a href=\"https:\/\/www.itba.edu.ar\/intranet\/portaldocente\/2025\/07\/29\/resistencia-vs-alfabetizacion-en-ia\/\" class=\"entry-featured-image-url\"><img loading=\"lazy\" decoding=\"async\" src=\"https:\/\/intranet-nv.s3.amazonaws.com\/wp-content\/uploads\/sites\/16\/2025\/07\/IA-enfoques-400x250.jpg\" alt=\"Resistencia VS. Alfabetizaci\u00f3n en IA\" class=\"\" srcset=\"https:\/\/intranet-nv.s3.amazonaws.com\/wp-content\/uploads\/sites\/16\/2025\/07\/IA-enfoques.jpg 479w, https:\/\/intranet-nv.s3.amazonaws.com\/wp-content\/uploads\/sites\/16\/2025\/07\/IA-enfoques-400x250.jpg 480w \" sizes=\"(max-width:479px) 479px, 100vw \"  width=\"400\" height=\"250\" \/><\/a><\/div>\n\t\t\t\t\t\t\t\t\t\t\t\t\t\t<h2 class=\"entry-title\">\n\t\t\t\t\t\t\t\t\t\t\t\t\t<a href=\"https:\/\/www.itba.edu.ar\/intranet\/portaldocente\/2025\/07\/29\/resistencia-vs-alfabetizacion-en-ia\/\">Resistencia VS. Alfabetizaci\u00f3n en IA<\/a>\n\t\t\t\t\t\t\t\t\t\t\t<\/h2>\n\t\t\t\t\n\t\t\t\t\t<div class=\"post-content\"><div class=\"post-content-inner\"><p>Sin...<\/p>\n<\/div><a href=\"https:\/\/www.itba.edu.ar\/intranet\/portaldocente\/2025\/07\/29\/resistencia-vs-alfabetizacion-en-ia\/\" class=\"more-link\">leer m\u00e1s<\/a><\/div>\t\t\t\n\t\t\t<\/article>\n\t\t\t\t\n\t\t\t<article id=\"post-6076\" class=\"et_pb_post clearfix et_pb_blog_item_0_4 post-6076 post type-post status-publish format-standard has-post-thumbnail hentry category-herramientas-y-recursos\">\n\n\t\t\t\t<div class=\"et_pb_image_container\"><a href=\"https:\/\/www.itba.edu.ar\/intranet\/portaldocente\/2025\/07\/29\/crea-tu-propio-gem\/\" class=\"entry-featured-image-url\"><img loading=\"lazy\" decoding=\"async\" src=\"https:\/\/intranet-nv.s3.amazonaws.com\/wp-content\/uploads\/sites\/16\/2025\/07\/Crea-tu-propio-Gem-1-400x250.jpg\" alt=\"Cre\u00e1 tu propio asistente de IA personalizado\" class=\"\" srcset=\"https:\/\/intranet-nv.s3.amazonaws.com\/wp-content\/uploads\/sites\/16\/2025\/07\/Crea-tu-propio-Gem-1.jpg 479w, https:\/\/intranet-nv.s3.amazonaws.com\/wp-content\/uploads\/sites\/16\/2025\/07\/Crea-tu-propio-Gem-1-400x250.jpg 480w \" sizes=\"(max-width:479px) 479px, 100vw \"  width=\"400\" height=\"250\" \/><\/a><\/div>\n\t\t\t\t\t\t\t\t\t\t\t\t\t\t<h2 class=\"entry-title\">\n\t\t\t\t\t\t\t\t\t\t\t\t\t<a href=\"https:\/\/www.itba.edu.ar\/intranet\/portaldocente\/2025\/07\/29\/crea-tu-propio-gem\/\">Cre\u00e1 tu propio asistente de IA personalizado<\/a>\n\t\t\t\t\t\t\t\t\t\t\t<\/h2>\n\t\t\t\t\n\t\t\t\t\t<div class=\"post-content\"><div class=\"post-content-inner\"><p>Cre...<\/p>\n<\/div><a href=\"https:\/\/www.itba.edu.ar\/intranet\/portaldocente\/2025\/07\/29\/crea-tu-propio-gem\/\" class=\"more-link\">leer m\u00e1s<\/a><\/div>\t\t\t\n\t\t\t<\/article>\n\t\t\t\t\n\t\t\t<article id=\"post-5966\" class=\"et_pb_post clearfix et_pb_blog_item_0_5 post-5966 post type-post status-publish format-standard has-post-thumbnail hentry category-herramientas-y-recursos\">\n\n\t\t\t\t<div class=\"et_pb_image_container\"><a href=\"https:\/\/www.itba.edu.ar\/intranet\/portaldocente\/2025\/06\/23\/ia-y-evaluacion-preguntas-que-abren-oportunidades\/\" class=\"entry-featured-image-url\"><img loading=\"lazy\" decoding=\"async\" src=\"https:\/\/intranet-nv.s3.amazonaws.com\/wp-content\/uploads\/sites\/16\/2025\/06\/Captura-400x250.png\" alt=\"IA y Evaluaci\u00f3n: preguntas que abren oportunidades\" class=\"\" srcset=\"https:\/\/intranet-nv.s3.amazonaws.com\/wp-content\/uploads\/sites\/16\/2025\/06\/Captura.png 479w, https:\/\/intranet-nv.s3.amazonaws.com\/wp-content\/uploads\/sites\/16\/2025\/06\/Captura-400x250.png 480w \" sizes=\"(max-width:479px) 479px, 100vw \"  width=\"400\" height=\"250\" \/><\/a><\/div>\n\t\t\t\t\t\t\t\t\t\t\t\t\t\t<h2 class=\"entry-title\">\n\t\t\t\t\t\t\t\t\t\t\t\t\t<a href=\"https:\/\/www.itba.edu.ar\/intranet\/portaldocente\/2025\/06\/23\/ia-y-evaluacion-preguntas-que-abren-oportunidades\/\">IA y Evaluaci\u00f3n: preguntas que abren oportunidades<\/a>\n\t\t\t\t\t\t\t\t\t\t\t<\/h2>\n\t\t\t\t\n\t\t\t\t\t<div class=\"post-content\"><div class=\"post-content-inner\"><p>Bre...<\/p>\n<\/div><a href=\"https:\/\/www.itba.edu.ar\/intranet\/portaldocente\/2025\/06\/23\/ia-y-evaluacion-preguntas-que-abren-oportunidades\/\" class=\"more-link\">leer m\u00e1s<\/a><\/div>\t\t\t\n\t\t\t<\/article>\n\t\t\t\t\n\t\t\t<article id=\"post-5779\" class=\"et_pb_post clearfix et_pb_blog_item_0_6 post-5779 post type-post status-publish format-standard has-post-thumbnail hentry category-herramientas-y-recursos\">\n\n\t\t\t\t<div class=\"et_pb_image_container\"><a href=\"https:\/\/www.itba.edu.ar\/intranet\/portaldocente\/2025\/05\/28\/ia-promtps-para-generar-ideas-innovadoras\/\" class=\"entry-featured-image-url\"><img loading=\"lazy\" decoding=\"async\" src=\"https:\/\/intranet-nv.s3.amazonaws.com\/wp-content\/uploads\/sites\/16\/2025\/05\/Sin-titulo-46-400x250.png\" alt=\"IA: \u00bfsab\u00e9s promptear?\" class=\"\" srcset=\"https:\/\/intranet-nv.s3.amazonaws.com\/wp-content\/uploads\/sites\/16\/2025\/05\/Sin-titulo-46.png 479w, https:\/\/intranet-nv.s3.amazonaws.com\/wp-content\/uploads\/sites\/16\/2025\/05\/Sin-titulo-46-400x250.png 480w \" sizes=\"(max-width:479px) 479px, 100vw \"  width=\"400\" height=\"250\" \/><\/a><\/div>\n\t\t\t\t\t\t\t\t\t\t\t\t\t\t<h2 class=\"entry-title\">\n\t\t\t\t\t\t\t\t\t\t\t\t\t<a href=\"https:\/\/www.itba.edu.ar\/intranet\/portaldocente\/2025\/05\/28\/ia-promtps-para-generar-ideas-innovadoras\/\">IA: \u00bfsab\u00e9s promptear?<\/a>\n\t\t\t\t\t\t\t\t\t\t\t<\/h2>\n\t\t\t\t\n\t\t\t\t\t<div class=\"post-content\"><div class=\"post-content-inner\"><p>Promtps para generar ideas innovadoras con IA<\/p>\n<\/div><a href=\"https:\/\/www.itba.edu.ar\/intranet\/portaldocente\/2025\/05\/28\/ia-promtps-para-generar-ideas-innovadoras\/\" class=\"more-link\">leer m\u00e1s<\/a><\/div>\t\t\t\n\t\t\t<\/article>\n\t\t\t\t\n\t\t\t<article id=\"post-5776\" class=\"et_pb_post clearfix et_pb_blog_item_0_7 post-5776 post type-post status-publish format-standard has-post-thumbnail hentry category-herramientas-y-recursos\">\n\n\t\t\t\t<div class=\"et_pb_image_container\"><a href=\"https:\/\/www.itba.edu.ar\/intranet\/portaldocente\/2025\/05\/28\/preparacion-de-examenes\/\" class=\"entry-featured-image-url\"><img loading=\"lazy\" decoding=\"async\" src=\"https:\/\/intranet-nv.s3.amazonaws.com\/wp-content\/uploads\/sites\/16\/2025\/05\/Sin-titulo-45-400x250.png\" alt=\"Preparaci\u00f3n de ex\u00e1menes\" class=\"\" srcset=\"https:\/\/intranet-nv.s3.amazonaws.com\/wp-content\/uploads\/sites\/16\/2025\/05\/Sin-titulo-45.png 479w, https:\/\/intranet-nv.s3.amazonaws.com\/wp-content\/uploads\/sites\/16\/2025\/05\/Sin-titulo-45-400x250.png 480w \" sizes=\"(max-width:479px) 479px, 100vw \"  width=\"400\" height=\"250\" \/><\/a><\/div>\n\t\t\t\t\t\t\t\t\t\t\t\t\t\t<h2 class=\"entry-title\">\n\t\t\t\t\t\t\t\t\t\t\t\t\t<a href=\"https:\/\/www.itba.edu.ar\/intranet\/portaldocente\/2025\/05\/28\/preparacion-de-examenes\/\">Preparaci\u00f3n de ex\u00e1menes<\/a>\n\t\t\t\t\t\t\t\t\t\t\t<\/h2>\n\t\t\t\t\n\t\t\t\t\t<div class=\"post-content\"><div class=\"post-content-inner\"><p>Planificaci\u00f3n, implementaci\u00f3n y correcci\u00f3n<\/p>\n<\/div><a href=\"https:\/\/www.itba.edu.ar\/intranet\/portaldocente\/2025\/05\/28\/preparacion-de-examenes\/\" class=\"more-link\">leer m\u00e1s<\/a><\/div>\t\t\t\n\t\t\t<\/article>\n\t\t\t\t\n\t\t\t<article id=\"post-5773\" class=\"et_pb_post clearfix et_pb_blog_item_0_8 post-5773 post type-post status-publish format-standard has-post-thumbnail hentry category-herramientas-y-recursos\">\n\n\t\t\t\t<div class=\"et_pb_image_container\"><a href=\"https:\/\/www.itba.edu.ar\/intranet\/portaldocente\/2025\/05\/28\/estrategias-de-ensenanza-clases-magistrales\/\" class=\"entry-featured-image-url\"><img loading=\"lazy\" decoding=\"async\" src=\"https:\/\/intranet-nv.s3.amazonaws.com\/wp-content\/uploads\/sites\/16\/2025\/05\/Sin-titulo-44-400x250.png\" alt=\"\u00bfDict\u00e1s clases magistrales?\" class=\"\" srcset=\"https:\/\/intranet-nv.s3.amazonaws.com\/wp-content\/uploads\/sites\/16\/2025\/05\/Sin-titulo-44.png 479w, https:\/\/intranet-nv.s3.amazonaws.com\/wp-content\/uploads\/sites\/16\/2025\/05\/Sin-titulo-44-400x250.png 480w \" sizes=\"(max-width:479px) 479px, 100vw \"  width=\"400\" height=\"250\" \/><\/a><\/div>\n\t\t\t\t\t\t\t\t\t\t\t\t\t\t<h2 class=\"entry-title\">\n\t\t\t\t\t\t\t\t\t\t\t\t\t<a href=\"https:\/\/www.itba.edu.ar\/intranet\/portaldocente\/2025\/05\/28\/estrategias-de-ensenanza-clases-magistrales\/\">\u00bfDict\u00e1s clases magistrales?<\/a>\n\t\t\t\t\t\t\t\t\t\t\t<\/h2>\n\t\t\t\t\n\t\t\t\t\t<div class=\"post-content\"><div class=\"post-content-inner\"><p>Estrategias para captar la atenci\u00f3n y el inter\u00e9s de los estudiantes<\/p>\n<\/div><a href=\"https:\/\/www.itba.edu.ar\/intranet\/portaldocente\/2025\/05\/28\/estrategias-de-ensenanza-clases-magistrales\/\" class=\"more-link\">leer m\u00e1s<\/a><\/div>\t\t\t\n\t\t\t<\/article>\n\t\t\t\t\n\t\t\t<article id=\"post-5767\" class=\"et_pb_post clearfix et_pb_blog_item_0_9 post-5767 post type-post status-publish format-standard has-post-thumbnail hentry category-herramientas-y-recursos\">\n\n\t\t\t\t<div class=\"et_pb_image_container\"><a href=\"https:\/\/www.itba.edu.ar\/intranet\/portaldocente\/2025\/05\/28\/dinamicas-de-trabajo-en-equipos\/\" class=\"entry-featured-image-url\"><img loading=\"lazy\" decoding=\"async\" src=\"https:\/\/intranet-nv.s3.amazonaws.com\/wp-content\/uploads\/sites\/16\/2025\/05\/Sin-titulo-43-400x250.png\" alt=\"Trabajo de grupos de estudiantes\" class=\"\" srcset=\"https:\/\/intranet-nv.s3.amazonaws.com\/wp-content\/uploads\/sites\/16\/2025\/05\/Sin-titulo-43.png 479w, https:\/\/intranet-nv.s3.amazonaws.com\/wp-content\/uploads\/sites\/16\/2025\/05\/Sin-titulo-43-400x250.png 480w \" sizes=\"(max-width:479px) 479px, 100vw \"  width=\"400\" height=\"250\" \/><\/a><\/div>\n\t\t\t\t\t\t\t\t\t\t\t\t\t\t<h2 class=\"entry-title\">\n\t\t\t\t\t\t\t\t\t\t\t\t\t<a href=\"https:\/\/www.itba.edu.ar\/intranet\/portaldocente\/2025\/05\/28\/dinamicas-de-trabajo-en-equipos\/\">Trabajo de grupos de estudiantes<\/a>\n\t\t\t\t\t\t\t\t\t\t\t<\/h2>\n\t\t\t\t\n\t\t\t\t\t<div class=\"post-content\"><div class=\"post-content-inner\"><p>Claves para optimizar esta estrategia<\/p>\n<\/div><a href=\"https:\/\/www.itba.edu.ar\/intranet\/portaldocente\/2025\/05\/28\/dinamicas-de-trabajo-en-equipos\/\" class=\"more-link\">leer m\u00e1s<\/a><\/div>\t\t\t\n\t\t\t<\/article>\n\t\t\t\t<\/div><div><div class=\"pagination clearfix\">\n\t<div class=\"alignleft\"><a href=\"https:\/\/www.itba.edu.ar\/intranet\/portaldocente\/wp-json\/wp\/v2\/pages\/5724\/page\/2\/?et_blog\" >&laquo; Entradas m\u00e1s antiguas<\/a><\/div>\n\t<div class=\"alignright\"><\/div>\n<\/div><\/div><\/div>\n\t\t\t\t\t<\/div>\n\t\t\t\t\t \n\t\t\t\t<\/div>\n\t\t\t\t<\/div>\n\t\t\t<\/div>[\/et_pb_column][\/et_pb_row][et_pb_row _builder_version=\u00bb4.27.4&#8243; _module_preset=\u00bbdefault\u00bb background_color=\u00bbRGBA(255,255,255,0)\u00bb custom_padding=\u00bb||0px|||\u00bb global_colors_info=\u00bb{}\u00bb][et_pb_column type=\u00bb4_4&#8243; _builder_version=\u00bb4.27.4&#8243; _module_preset=\u00bbdefault\u00bb global_colors_info=\u00bb{}\u00bb][\/et_pb_column][\/et_pb_row][et_pb_row _builder_version=\u00bb4.27.4&#8243; _module_preset=\u00bbdefault\u00bb background_color=\u00bbRGBA(255,255,255,0)\u00bb global_colors_info=\u00bb{}\u00bb][et_pb_column type=\u00bb4_4&#8243; _builder_version=\u00bb4.27.4&#8243; _module_preset=\u00bbdefault\u00bb global_colors_info=\u00bb{}\u00bb][et_pb_button button_url=\u00bbhttps:\/\/www.itba.edu.ar\/intranet\/portaldocente\/category\/herramientas-y-recursos\/\u00bb button_text=\u00bbVer todas las herramientas y recursos\u00bb button_alignment=\u00bbcenter\u00bb _builder_version=\u00bb4.27.4&#8243; _module_preset=\u00bbdefault\u00bb custom_button=\u00bbon\u00bb button_text_color=\u00bb#FFFFFF\u00bb button_bg_color=\u00bb#8300E9&#8243; button_border_width=\u00bb0px\u00bb button_border_color=\u00bb#FFFFFF\u00bb button_border_radius=\u00bb21px\u00bb button_letter_spacing=\u00bb1px\u00bb button_icon=\u00bb&#x45;||divi||400&#8243; button_icon_color=\u00bb#FFFFFF\u00bb background_layout=\u00bbdark\u00bb global_colors_info=\u00bb{}\u00bb][\/et_pb_button][\/et_pb_column][\/et_pb_row][\/et_pb_section][et_pb_section fb_built=\u00bb1&#8243; admin_label=\u00bbJoin\u00bb _builder_version=\u00bb4.16&#8243; background_color_gradient_stops=\u00bb#474ab6 0%|#9271f6 100%\u00bb background_color_gradient_start=\u00bb#474ab6&#8243; background_color_gradient_end=\u00bb#9271f6&#8243; background_image=\u00bbhttp:\/\/zaib.sandbox.etdevs.com\/divi\/wp-content\/uploads\/sites\/2\/2019\/01\/coding-background-texture.jpg\u00bb background_blend=\u00bboverlay\u00bb custom_margin=\u00bb-86px|||||\u00bb custom_padding=\u00bb0px|0px|38px|0px||\u00bb locked=\u00bboff\u00bb global_colors_info=\u00bb{}\u00bb][et_pb_row _builder_version=\u00bb4.27.4&#8243; _module_preset=\u00bbdefault\u00bb background_color=\u00bbRGBA(255,255,255,0)\u00bb global_colors_info=\u00bb{}\u00bb][et_pb_column type=\u00bb4_4&#8243; _builder_version=\u00bb4.27.4&#8243; _module_preset=\u00bbdefault\u00bb global_colors_info=\u00bb{}\u00bb][et_pb_image src=\u00bbhttps:\/\/intranet-nv.s3.amazonaws.com\/wp-content\/uploads\/sites\/16\/2025\/05\/Sin-titulo-2-19.png\u00bb title_text=\u00bbSin t\u00edtulo-2 (19)\u00bb _builder_version=\u00bb4.27.4&#8243; _module_preset=\u00bbdefault\u00bb min_height=\u00bb74.5px\u00bb custom_padding=\u00bb||75px|||\u00bb global_colors_info=\u00bb{}\u00bb][\/et_pb_image][\/et_pb_column][\/et_pb_row][et_pb_row column_structure=\u00bb1_2,1_2&#8243; _builder_version=\u00bb4.27.4&#8243; _module_preset=\u00bbdefault\u00bb background_color=\u00bbRGBA(255,255,255,0)\u00bb min_height=\u00bb97.2px\u00bb custom_margin=\u00bb-143px|auto||auto||\u00bb custom_padding=\u00bb||0px|||\u00bb global_colors_info=\u00bb{}\u00bb][et_pb_column type=\u00bb1_2&#8243; _builder_version=\u00bb4.27.4&#8243; _module_preset=\u00bbdefault\u00bb global_colors_info=\u00bb{}\u00bb][et_pb_blurb title=\u00bbClass\u00bb url=\u00bb#\u00bb url_new_window=\u00bbon\u00bb image=\u00bbhttps:\/\/intranet-nv.s3.amazonaws.com\/wp-content\/uploads\/sites\/16\/2025\/05\/Sin-titulo-17.png\u00bb icon_placement=\u00bbleft\u00bb image_icon_width=\u00bb64px\u00bb content_max_width=\u00bb1100px\u00bb _builder_version=\u00bb4.27.4&#8243; header_font=\u00bb|on|||\u00bb header_text_color=\u00bb#7272ff\u00bb header_line_height=\u00bb1.5em\u00bb body_text_color=\u00bb#8585bd\u00bb body_line_height=\u00bb1.9em\u00bb background_color=\u00bb#ffffff\u00bb custom_margin=\u00bb-80px|||\u00bb custom_padding=\u00bb30px|40px|30px|40px\u00bb animation_style=\u00bbzoom\u00bb animation_direction=\u00bbbottom\u00bb animation_intensity_zoom=\u00bb20%\u00bb animation_starting_opacity=\u00bb100%\u00bb link_option_url=\u00bbhttps:\/\/docs.google.com\/document\/d\/10G_Vta8FsqvZyYAh3cVQZ6MIzuVeTZY0\/edit?usp=sharing&amp;ouid=109753832304450186904&amp;rtpof=true&amp;sd=true\u00bb box_shadow_style=\u00bbpreset2&#8243; box_shadow_horizontal=\u00bb0px\u00bb box_shadow_vertical=\u00bb0px\u00bb box_shadow_blur=\u00bb60px\u00bb box_shadow_color=\u00bbrgba(71,74,182,0.12)\u00bb image_max_width=\u00bb64px\u00bb locked=\u00bboff\u00bb global_colors_info=\u00bb{}\u00bb]<\/p>\n<p>Revis\u00e1 todas las actualizaciones de nuestra plataforma de videoconferencia.<\/p>\n<p>[\/et_pb_blurb][\/et_pb_column][et_pb_column type=\u00bb1_2&#8243; _builder_version=\u00bb4.27.4&#8243; _module_preset=\u00bbdefault\u00bb global_colors_info=\u00bb{}\u00bb][et_pb_blurb title=\u00bb Blackboard\u00bb url=\u00bb#\u00bb image=\u00bbhttps:\/\/intranet-nv.s3.amazonaws.com\/wp-content\/uploads\/sites\/16\/2025\/05\/Sin-titulo-16.png\u00bb icon_placement=\u00bbleft\u00bb image_icon_width=\u00bb64px\u00bb content_max_width=\u00bb1100px\u00bb _builder_version=\u00bb4.27.4&#8243; header_font=\u00bb|on|||\u00bb header_text_color=\u00bb#7272ff\u00bb header_line_height=\u00bb1.5em\u00bb body_text_color=\u00bb#8585bd\u00bb body_line_height=\u00bb1.9em\u00bb background_color=\u00bb#ffffff\u00bb custom_margin=\u00bb-80px|||\u00bb custom_padding=\u00bb30px|40px|30px|40px\u00bb animation_style=\u00bbzoom\u00bb animation_direction=\u00bbbottom\u00bb animation_intensity_zoom=\u00bb20%\u00bb animation_starting_opacity=\u00bb100%\u00bb link_option_url=\u00bbhttps:\/\/docs.google.com\/document\/d\/1N_zIx7MzjKgeQTaC4G0pNihKnBG5p0_i\/edit#heading=h.p5ylq2akozra\u00bb link_option_url_new_window=\u00bbon\u00bb box_shadow_style=\u00bbpreset2&#8243; box_shadow_horizontal=\u00bb0px\u00bb box_shadow_vertical=\u00bb0px\u00bb box_shadow_blur=\u00bb60px\u00bb box_shadow_color=\u00bbrgba(71,74,182,0.12)\u00bb image_max_width=\u00bb64px\u00bb locked=\u00bboff\u00bb global_colors_info=\u00bb{}\u00bb]<\/p>\n<p>Revis\u00e1 todas las actualizaciones de nuestro LMS.<\/p>\n<p>[\/et_pb_blurb][\/et_pb_column][\/et_pb_row][\/et_pb_section]<\/p>\n","protected":false},"excerpt":{"rendered":"<p>Revis\u00e1 todas las actualizaciones de nuestra plataforma de videoconferencia.Revis\u00e1 todas las actualizaciones de nuestro LMS.<\/p>\n","protected":false},"author":7194,"featured_media":0,"parent":0,"menu_order":0,"comment_status":"closed","ping_status":"closed","template":"","meta":{"_et_pb_use_builder":"on","_et_pb_old_content":"","_et_gb_content_width":"","footnotes":""},"class_list":["post-5724","page","type-page","status-publish","hentry"],"_links":{"self":[{"href":"https:\/\/www.itba.edu.ar\/intranet\/portaldocente\/wp-json\/wp\/v2\/pages\/5724","targetHints":{"allow":["GET"]}}],"collection":[{"href":"https:\/\/www.itba.edu.ar\/intranet\/portaldocente\/wp-json\/wp\/v2\/pages"}],"about":[{"href":"https:\/\/www.itba.edu.ar\/intranet\/portaldocente\/wp-json\/wp\/v2\/types\/page"}],"author":[{"embeddable":true,"href":"https:\/\/www.itba.edu.ar\/intranet\/portaldocente\/wp-json\/wp\/v2\/users\/7194"}],"replies":[{"embeddable":true,"href":"https:\/\/www.itba.edu.ar\/intranet\/portaldocente\/wp-json\/wp\/v2\/comments?post=5724"}],"version-history":[{"count":43,"href":"https:\/\/www.itba.edu.ar\/intranet\/portaldocente\/wp-json\/wp\/v2\/pages\/5724\/revisions"}],"predecessor-version":[{"id":5873,"href":"https:\/\/www.itba.edu.ar\/intranet\/portaldocente\/wp-json\/wp\/v2\/pages\/5724\/revisions\/5873"}],"wp:attachment":[{"href":"https:\/\/www.itba.edu.ar\/intranet\/portaldocente\/wp-json\/wp\/v2\/media?parent=5724"}],"curies":[{"name":"wp","href":"https:\/\/api.w.org\/{rel}","templated":true}]}}