{"id":5635,"date":"2025-05-26T13:38:02","date_gmt":"2025-05-26T16:38:02","guid":{"rendered":"https:\/\/www.itba.edu.ar\/intranet\/portaldocente\/?page_id=5635"},"modified":"2025-07-22T12:49:46","modified_gmt":"2025-07-22T15:49:46","slug":"novedades-junio-2025","status":"publish","type":"page","link":"https:\/\/www.itba.edu.ar\/intranet\/portaldocente\/novedades-junio-2025\/","title":{"rendered":"Novedades junio 2025"},"content":{"rendered":"<p>[et_pb_section fb_built=\u00bb1&#8243; admin_label=\u00bbHeader\u00bb _builder_version=\u00bb4.27.4&#8243; _module_preset=\u00bbdefault\u00bb background_enable_color=\u00bboff\u00bb background_color_gradient_stops=\u00bb#9b0098 0%|#cc2ab9 100%\u00bb background_enable_mask_style=\u00bbon\u00bb background_mask_style=\u00bbcorner-square\u00bb background_mask_color=\u00bb#FFFFFF\u00bb background_mask_aspect_ratio=\u00bbsquare\u00bb background_mask_size=\u00bbcover\u00bb width=\u00bb100%\u00bb custom_padding=\u00bb10vw||10vw||true|false\u00bb bottom_divider_style=\u00bbarrow2&#8243; bottom_divider_color=\u00bb#FFFFFF\u00bb bottom_divider_height=\u00bb43px\u00bb collapsed=\u00bbon\u00bb global_colors_info=\u00bb{}\u00bb][et_pb_row column_structure=\u00bb2_3,1_3&#8243; _builder_version=\u00bb4.27.4&#8243; _module_preset=\u00bbdefault\u00bb background_enable_color=\u00bboff\u00bb width=\u00bb87%\u00bb max_width=\u00bbnone\u00bb global_colors_info=\u00bb{}\u00bb][et_pb_column type=\u00bb2_3&#8243; _builder_version=\u00bb4.25.1&#8243; _module_preset=\u00bbdefault\u00bb global_colors_info=\u00bb{}\u00bb][et_pb_heading title=\u00bbNovedades junio\u00bb _builder_version=\u00bb4.27.4&#8243; _module_preset=\u00bb_initial\u00bb title_font=\u00bbArial|600|||||||\u00bb title_text_align=\u00bbleft\u00bb title_text_color=\u00bb#af009b\u00bb title_font_size=\u00bb6vw\u00bb width=\u00bb79.1%\u00bb custom_margin=\u00bb|223px||||\u00bb custom_padding=\u00bb|73px||16px||\u00bb global_colors_info=\u00bb{}\u00bb][\/et_pb_heading][\/et_pb_column][et_pb_column type=\u00bb1_3&#8243; _builder_version=\u00bb4.25.1&#8243; _module_preset=\u00bbdefault\u00bb custom_padding=\u00bb2%||||false|false\u00bb global_colors_info=\u00bb{}\u00bb][\/et_pb_column][\/et_pb_row][\/et_pb_section][et_pb_section fb_built=\u00bb1&#8243; _builder_version=\u00bb4.27.4&#8243; _module_preset=\u00bbdefault\u00bb background_enable_color=\u00bboff\u00bb use_background_color_gradient=\u00bboff\u00bb custom_padding=\u00bb19px|||||\u00bb top_divider_style=\u00bbramp2&#8243; top_divider_color=\u00bbrgba(155,0,152,0.23)\u00bb top_divider_height=\u00bb33px\u00bb top_divider_flip=\u00bbhorizontal\u00bb global_colors_info=\u00bb{}\u00bb][et_pb_row column_structure=\u00bb1_2,1_2&#8243; _builder_version=\u00bb4.27.4&#8243; _module_preset=\u00bbdefault\u00bb custom_margin=\u00bb66px|auto||auto||\u00bb custom_padding=\u00bb12px|||||\u00bb global_colors_info=\u00bb{}\u00bb][et_pb_column type=\u00bb1_2&#8243; _builder_version=\u00bb4.27.4&#8243; _module_preset=\u00bbdefault\u00bb global_colors_info=\u00bb{}\u00bb][et_pb_heading title=\u00bb\u00bfNos vemos en el pr\u00f3ximo taller?\u00bb _builder_version=\u00bb4.27.4&#8243; _module_preset=\u00bbdefault\u00bb title_font=\u00bb|800|||||||\u00bb title_text_align=\u00bbcenter\u00bb title_text_color=\u00bb#9b0098&#8243; title_font_size=\u00bb17px\u00bb width=\u00bb100%\u00bb module_alignment=\u00bbcenter\u00bb custom_margin=\u00bb|-31px||||\u00bb custom_padding=\u00bb|0px||0px||\u00bb global_colors_info=\u00bb{}\u00bb][\/et_pb_heading][et_pb_text _builder_version=\u00bb4.27.4&#8243; _module_preset=\u00bbdefault\u00bb text_font=\u00bb|600|on||||||\u00bb text_text_color=\u00bb#000000&#8243; text_font_size=\u00bb14px\u00bb header_font=\u00bb|600|||||||\u00bb custom_margin=\u00bb-28px|||||\u00bb global_colors_info=\u00bb{}\u00bb]<\/p>\n<p style=\"text-align: center\">La IA nos desaf\u00eda a repensar la evaluaci\u00f3n, revisar sus alcances y explorar estrategias que fomenten una alfabetizaci\u00f3n digital cr\u00edtica.<\/p>\n<p>[\/et_pb_text][et_pb_image src=\u00bbhttps:\/\/intranet-nv.s3.amazonaws.com\/wp-content\/uploads\/sites\/16\/2025\/05\/Sin-titulo-1-4.png\u00bb title_text=\u00bbSin t\u00edtulo-1 (4)\u00bb url=\u00bbhttps:\/\/docs.google.com\/forms\/d\/e\/1FAIpQLSc1yHuVwJBXEOXFvnfo7DD9gtUu8O312sjf_SV3TbJQ-D_dPg\/viewform\u00bb url_new_window=\u00bbon\u00bb _builder_version=\u00bb4.27.4&#8243; _module_preset=\u00bbdefault\u00bb custom_margin=\u00bb-13px|||||\u00bb border_width_all=\u00bb5px\u00bb border_color_all=\u00bb#9b0098&#8243; global_colors_info=\u00bb{}\u00bb][\/et_pb_image][\/et_pb_column][et_pb_column type=\u00bb1_2&#8243; _builder_version=\u00bb4.27.4&#8243; _module_preset=\u00bbdefault\u00bb global_colors_info=\u00bb{}\u00bb][et_pb_text _builder_version=\u00bb4.27.4&#8243; _module_preset=\u00bbdefault\u00bb text_font=\u00bb|600||on|||||\u00bb text_font_size=\u00bb11px\u00bb custom_padding=\u00bb22px|||||\u00bb global_colors_info=\u00bb{}\u00bb]<\/p>\n<p style=\"text-align: left\"><span class=\"x19la9d6 x1fc57z9 x6ikm8r x10wlt62 x19co3pv x1g5zs5t xfibh0p xiy17q3 x1xsqp64 x1lkfr7t xexx8yu x4uap5 x18d9i69 xkhd6sd\"><span class=\"xrtxmta x1bhl96m\">\ud83d\udce3Adem\u00e1s, r<\/span><\/span>ecord\u00e1 que se encuentra disponible el nuevo curso autodirigido!<\/p>\n<p>[\/et_pb_text][et_pb_cta title=\u00bbRECORRIDO: INTELIGENCIA ARTIFICIAL EN BLACKBOARD\u00bb button_url=\u00bbhttps:\/\/campus.itba.edu.ar\/ultra\/courses\/_32681_1\/outline\u00bb url_new_window=\u00bbon\u00bb button_text=\u00bbClic al curso\u00bb _builder_version=\u00bb4.27.4&#8243; _module_preset=\u00bbdefault\u00bb header_font=\u00bb|800|||||||\u00bb header_text_align=\u00bbcenter\u00bb header_text_color=\u00bb#000000&#8243; header_font_size=\u00bb32px\u00bb body_font=\u00bb||||||||\u00bb body_text_color=\u00bb#000000&#8243; custom_button=\u00bbon\u00bb button_text_size=\u00bb19px\u00bb button_text_color=\u00bb#9b0098&#8243; button_bg_color=\u00bbRGBA(255,255,255,0)\u00bb button_border_width=\u00bb3px\u00bb button_border_color=\u00bb#9b0098&#8243; button_border_radius=\u00bb0px\u00bb module_alignment=\u00bbcenter\u00bb custom_margin=\u00bb7px|||||\u00bb border_width_all=\u00bb5px\u00bb border_color_all=\u00bb#9b0098&#8243; global_colors_info=\u00bb{}\u00bb]<\/p>\n<p style=\"text-align: center\">Este curso ofrece aproximaciones a nuevas funciones de Blackboard que incluyen asistencia de IA<\/p>\n<p style=\"text-align: center\"><em>*Acredita 2 horas de formaci\u00f3n docente<\/em><\/p>\n<p>[\/et_pb_cta][\/et_pb_column][\/et_pb_row][\/et_pb_section][et_pb_section fb_built=\u00bb1&#8243; fullwidth=\u00bbon\u00bb _builder_version=\u00bb4.27.4&#8243; _module_preset=\u00bbdefault\u00bb background_enable_color=\u00bboff\u00bb background_enable_mask_style=\u00bbon\u00bb background_mask_style=\u00bbdiagonal-pills\u00bb background_mask_color=\u00bbrgba(155,0,152,0.23)\u00bb global_colors_info=\u00bb{}\u00bb][et_pb_fullwidth_header title=\u00bbConoc\u00e9 el nuevo portal docente\u00bb subhead=\u00bbLeyendo este newsletter, te encontr\u00e1s dentro de la p\u00e1gina web del nuevo portal. Te invitamos a explorar sus distintas secciones, donde vas a encontrar las \u00faltimas novedades, as\u00ed como recursos y herramientas para acompa\u00f1arte en tus clases. Tambi\u00e9n pod\u00e9s ingresar directamente a trav\u00e9s de nuestra organizaci\u00f3n.\u00bb text_orientation=\u00bbcenter\u00bb _builder_version=\u00bb4.27.4&#8243; _module_preset=\u00bbdefault\u00bb title_font=\u00bb|800|||||||\u00bb title_text_align=\u00bbcenter\u00bb title_text_color=\u00bb#000000&#8243; title_font_size=\u00bb45px\u00bb content_font=\u00bb||||||||\u00bb content_text_align=\u00bbcenter\u00bb content_font_size=\u00bb20px\u00bb subhead_font=\u00bb&#8211;et_global_body_font|600|on||||||\u00bb subhead_text_color=\u00bb#000000&#8243; subhead_font_size=\u00bb17px\u00bb custom_margin=\u00bb||67px|||\u00bb custom_padding=\u00bb25px|||||\u00bb global_colors_info=\u00bb{}\u00bb][\/et_pb_fullwidth_header][\/et_pb_section][et_pb_section fb_built=\u00bb1&#8243; prev_background_color=\u00bb#ffffff\u00bb admin_label=\u00bbFooter\u00bb _builder_version=\u00bb4.27.4&#8243; _module_preset=\u00bbdefault\u00bb background_enable_color=\u00bboff\u00bb use_background_color_gradient=\u00bboff\u00bb background_image=\u00bbhttps:\/\/intranet-nv.s3.amazonaws.com\/wp-content\/uploads\/sites\/16\/2025\/01\/conference-event-15.png\u00bb background_blend=\u00bboverlay\u00bb width=\u00bb100%\u00bb max_width=\u00bb100%\u00bb min_height=\u00bb369px\u00bb custom_margin=\u00bb13px|||||\u00bb custom_padding=\u00bb36px||0px||false|false\u00bb top_divider_style=\u00bbramp2&#8243; box_shadow_style=\u00bbpreset7&#8243; box_shadow_horizontal=\u00bb0px\u00bb box_shadow_vertical=\u00bb200px\u00bb box_shadow_color=\u00bb#FFFFFF\u00bb saved_tabs=\u00bball\u00bb collapsed=\u00bbon\u00bb global_colors_info=\u00bb{%22gcid-9d5d11f9-d654-432d-8206-34ad20a6d54e%22:%91%22background_color%22,%22background_color_gradient_stops%22%93,%22gcid-5f63220e-8342-4427-89fa-de1da73c3340%22:%91%22background_color_gradient_stops%22%93}\u00bb][et_pb_row column_structure=\u00bb1_2,1_2&#8243; _builder_version=\u00bb4.27.4&#8243; _module_preset=\u00bbdefault\u00bb border_width_all=\u00bb12px\u00bb border_color_all=\u00bb#0b2e62&#8243; global_colors_info=\u00bb{}\u00bb][et_pb_column type=\u00bb1_2&#8243; _builder_version=\u00bb4.27.4&#8243; _module_preset=\u00bbdefault\u00bb global_colors_info=\u00bb{}\u00bb][et_pb_image src=\u00bbhttps:\/\/intranet-nv.s3.amazonaws.com\/wp-content\/uploads\/sites\/16\/2025\/01\/Blackboard-Logo.png\u00bb title_text=\u00bbBlackboard-Logo\u00bb align=\u00bbcenter\u00bb _builder_version=\u00bb4.27.4&#8243; _module_preset=\u00bbdefault\u00bb width=\u00bb82%\u00bb max_width=\u00bb45%\u00bb module_alignment=\u00bbcenter\u00bb max_height=\u00bb1000px\u00bb global_colors_info=\u00bb{}\u00bb][\/et_pb_image][\/et_pb_column][et_pb_column type=\u00bb1_2&#8243; _builder_version=\u00bb4.27.4&#8243; _module_preset=\u00bbdefault\u00bb global_colors_info=\u00bb{}\u00bb][et_pb_blurb title=\u00bb\u00bfYa utilizaste el template para tus cursos?\u00bb _builder_version=\u00bb4.27.4&#8243; _module_preset=\u00bbdefault\u00bb header_font=\u00bb|700|||||||\u00bb header_text_align=\u00bbcenter\u00bb header_font_size=\u00bb19px\u00bb text_orientation=\u00bbcenter\u00bb width=\u00bb80%\u00bb custom_padding=\u00bb|||46px||\u00bb global_colors_info=\u00bb{}\u00bb]<\/p>\n<p>A comienzos de 2025 se implement\u00f3 el nuevo template en los cursos de Blackboard \u00a1Tu feedback es muy importante!<\/p>\n<p>[\/et_pb_blurb][et_pb_button button_url=\u00bbhttps:\/\/forms.gle\/SQu3xCUPmKdX5jpG8&#8243; url_new_window=\u00bbon\u00bb button_text=\u00bbCompletar encuesta\u00bb button_alignment=\u00bbcenter\u00bb _builder_version=\u00bb4.27.4&#8243; _module_preset=\u00bbdefault\u00bb custom_button=\u00bbon\u00bb button_text_size=\u00bb14px\u00bb button_text_color=\u00bb#000000&#8243; global_colors_info=\u00bb{}\u00bb][\/et_pb_button][\/et_pb_column][\/et_pb_row][\/et_pb_section][et_pb_section fb_built=\u00bb1&#8243; _builder_version=\u00bb4.27.4&#8243; _module_preset=\u00bbdefault\u00bb background_color=\u00bbRGBA(255,255,255,0)\u00bb use_background_color_gradient=\u00bboff\u00bb custom_padding=\u00bb110px|||||\u00bb top_divider_style=\u00bbslant\u00bb top_divider_color=\u00bb#3e0096&#8243; top_divider_height=\u00bb13px\u00bb bottom_divider_style=\u00bbasymmetric3&#8243; bottom_divider_color=\u00bb#007FE0&#8243; bottom_divider_height=\u00bb59px\u00bb global_colors_info=\u00bb{}\u00bb][et_pb_row _builder_version=\u00bb4.27.4&#8243; _module_preset=\u00bbdefault\u00bb background_color=\u00bbRGBA(255,255,255,0)\u00bb min_height=\u00bb469.4px\u00bb global_colors_info=\u00bb{}\u00bb][et_pb_column type=\u00bb4_4&#8243; _builder_version=\u00bb4.27.4&#8243; _module_preset=\u00bbdefault\u00bb global_colors_info=\u00bb{}\u00bb][et_pb_image src=\u00bbhttps:\/\/intranet-nv.s3.amazonaws.com\/wp-content\/uploads\/sites\/16\/2025\/05\/stem.jpg\u00bb title_text=\u00bbstem\u00bb align=\u00bbcenter\u00bb _builder_version=\u00bb4.27.4&#8243; _module_preset=\u00bbdefault\u00bb custom_margin=\u00bb-45px|||||\u00bb custom_padding=\u00bb0px|||||\u00bb global_colors_info=\u00bb{}\u00bb][\/et_pb_image][et_pb_text _builder_version=\u00bb4.27.4&#8243; _module_preset=\u00bbdefault\u00bb custom_margin=\u00bb||-4px|||\u00bb global_colors_info=\u00bb{}\u00bb]<\/p>\n<p style=\"text-align: center\">Te invitamos a participar del encuentro de formaci\u00f3n los d\u00edas <strong>mi\u00e9rcoles 11 y jueves 12 de junio en SDF.<\/strong><\/p>\n<p style=\"text-align: center\">Esta\u00a0actividad se desarrolla <span>en el marco del proyecto\u00a0<\/span><strong>ELA4ATTRACT,<\/strong> junto con KTH (Suecia), USTUTT (Alemania), ULISBOA (Portugal), UPC (Espa\u00f1a), PUJ y\u00a0<span>UNIANDES (Colombia), PUCMM e INTEC (Rep\u00fablica Dominicana), UChile y UC Chile (Chile) y UNCUYO.<\/span><\/p>\n<p style=\"text-align: center\"><strong>Si bien acercamos la invitaci\u00f3n para ambas jornadas, sugerimos participar especialmente del <u>d\u00eda jueves por la ma\u00f1ana,<\/u> ya que se abordar\u00e1 la d<\/strong><strong>imensi\u00f3n de g\u00e9nero en la docencia: sus fundamentos, estrategias, ejemplos y casos.<\/strong><\/p>\n<p style=\"text-align: center\"><strong>Pod\u00e9s ver la agenda completa <span style=\"color: #00ccff\"><a href=\"https:\/\/drive.google.com\/file\/d\/1zst__BVn5wDjWljHlx-svg3uHoV0y1V4\/view?usp=sharing\" style=\"color: #00ccff\">ingresando ac\u00e1<\/a>.<\/span><\/strong><\/p>\n<p>&nbsp;<\/p>\n<p>[\/et_pb_text][et_pb_button button_url=\u00bbhttps:\/\/docs.google.com\/forms\/d\/e\/1FAIpQLSf1Rw2yo5qqWOOQ1Lb1DTC8TVeNcq0sbUQBE7RZxcULCWUgcQ\/viewform\u00bb url_new_window=\u00bbon\u00bb button_text=\u00bbInscribite \u00bb button_alignment=\u00bbcenter\u00bb _builder_version=\u00bb4.27.4&#8243; _module_preset=\u00bbdefault\u00bb custom_button=\u00bbon\u00bb button_text_size=\u00bb16px\u00bb button_text_color=\u00bb#3e0096&#8243; button_border_width=\u00bb3px\u00bb button_border_color=\u00bb#3e0096&#8243; button_font=\u00bb&#8211;et_global_body_font|600|||||||\u00bb global_colors_info=\u00bb{}\u00bb][\/et_pb_button][\/et_pb_column][\/et_pb_row][\/et_pb_section][et_pb_section fb_built=\u00bb1&#8243; _builder_version=\u00bb4.27.4&#8243; _module_preset=\u00bbdefault\u00bb background_enable_color=\u00bboff\u00bb use_background_color_gradient=\u00bboff\u00bb global_colors_info=\u00bb{}\u00bb][et_pb_row _builder_version=\u00bb4.27.4&#8243; _module_preset=\u00bbdefault\u00bb global_colors_info=\u00bb{}\u00bb][et_pb_column type=\u00bb4_4&#8243; _builder_version=\u00bb4.27.4&#8243; _module_preset=\u00bbdefault\u00bb global_colors_info=\u00bb{}\u00bb][et_pb_heading title=\u00bbInscribite al programa de Santander open academy\u00bb _builder_version=\u00bb4.27.4&#8243; _module_preset=\u00bbdefault\u00bb title_font=\u00bb|700|||||||\u00bb title_text_align=\u00bbcenter\u00bb title_text_color=\u00bb#E02B20&#8243; background_color=\u00bb#f4f4f4&#8243; global_colors_info=\u00bb{}\u00bb][\/et_pb_heading][\/et_pb_column][\/et_pb_row][et_pb_row column_structure=\u00bb1_2,1_2&#8243; _builder_version=\u00bb4.27.4&#8243; _module_preset=\u00bbdefault\u00bb custom_padding=\u00bb20px|||||\u00bb global_colors_info=\u00bb{}\u00bb][et_pb_column type=\u00bb1_2&#8243; _builder_version=\u00bb4.27.4&#8243; _module_preset=\u00bbdefault\u00bb global_colors_info=\u00bb{}\u00bb][et_pb_image src=\u00bbhttps:\/\/intranet-nv.s3.amazonaws.com\/wp-content\/uploads\/sites\/16\/2025\/06\/santander.jpg\u00bb title_text=\u00bbsantander\u00bb _builder_version=\u00bb4.27.4&#8243; _module_preset=\u00bbdefault\u00bb global_colors_info=\u00bb{}\u00bb][\/et_pb_image][\/et_pb_column][et_pb_column type=\u00bb1_2&#8243; _builder_version=\u00bb4.27.4&#8243; _module_preset=\u00bbdefault\u00bb global_colors_info=\u00bb{}\u00bb][et_pb_text _builder_version=\u00bb4.27.4&#8243; _module_preset=\u00bbdefault\u00bb text_font=\u00bb|600|||||||\u00bb text_text_color=\u00bb#000000&#8243; background_color=\u00bb#f4f4f4&#8243; box_shadow_style=\u00bbpreset3&#8243; global_colors_info=\u00bb{}\u00bb]<\/p>\n<p>Santander Open Academy nos acerca<em><\/em><strong><em> Teaching with purpose, <\/em><\/strong>un programa <em>online<\/em> de 8 semanas de duraci\u00f3n, dise\u00f1ado para aquellos docentes que desean potenciar sus estrategias para crear experiencias de aprendizaje con un impacto duradero.<\/p>\n<p>Para acceder al programa, es necesario registrarse previamente en el portal de Santander Open Academy y seguir los pasos.<\/p>\n<p><strong>De solicitar la inscripci\u00f3n, te pedimos contactarte con icae@itba.edu.ar<\/strong><\/p>\n<p><em>*Acredita horas de formaci\u00f3n docente.<\/em><\/p>\n<p>[\/et_pb_text][et_pb_button button_url=\u00bbhttps:\/\/app.santanderopenacademy.com\/es\/program\/teaching-with-purpose\u00bb url_new_window=\u00bbon\u00bb button_text=\u00bbSolicit\u00e1 la inscripci\u00f3n\u00bb button_alignment=\u00bbcenter\u00bb _builder_version=\u00bb4.27.4&#8243; _module_preset=\u00bbdefault\u00bb custom_button=\u00bbon\u00bb button_text_size=\u00bb16px\u00bb button_text_color=\u00bb#FFFFFF\u00bb button_bg_color=\u00bb#E02B20&#8243; button_border_color=\u00bb#E02B20&#8243; button_border_radius=\u00bb35px\u00bb button_font=\u00bb|600|||||||\u00bb button_icon_color=\u00bb#000000&#8243; global_colors_info=\u00bb{}\u00bb][\/et_pb_button][\/et_pb_column][\/et_pb_row][\/et_pb_section][et_pb_section fb_built=\u00bb1&#8243; _builder_version=\u00bb4.27.4&#8243; _module_preset=\u00bbdefault\u00bb use_background_color_gradient=\u00bboff\u00bb global_colors_info=\u00bb{}\u00bb][et_pb_row custom_padding_last_edited=\u00bbon|desktop\u00bb _builder_version=\u00bb4.27.4&#8243; _module_preset=\u00bbdefault\u00bb background_color=\u00bb#1A0052&#8243; custom_margin=\u00bb||30px||false|false\u00bb custom_padding=\u00bb60px|60px|60px|60px|true|true\u00bb custom_padding_tablet=\u00bb30px|30px|30px|30px|true|true\u00bb custom_padding_phone=\u00bb20px|20px|20px|20px|true|true\u00bb border_radii=\u00bbon|12px|12px|12px|12px\u00bb box_shadow_style=\u00bbpreset1&#8243; box_shadow_vertical=\u00bb20px\u00bb box_shadow_blur=\u00bb40px\u00bb box_shadow_color=\u00bbrgba(0,0,0,0.07)\u00bb global_colors_info=\u00bb{}\u00bb][et_pb_column type=\u00bb4_4&#8243; _builder_version=\u00bb4.25.1&#8243; _module_preset=\u00bbdefault\u00bb global_colors_info=\u00bb{}\u00bb][et_pb_heading title=\u00bbConoc\u00e9 todos los cursos disponibles en nuestra organizaci\u00f3n o escribinos a icae@itba.edu.ar\u00bb _builder_version=\u00bb4.27.4&#8243; _module_preset=\u00bb_initial\u00bb title_level=\u00bbh5&#8243; title_font=\u00bb|500|||||||\u00bb title_text_align=\u00bbcenter\u00bb title_text_color=\u00bb#FFFFFF\u00bb title_font_size=\u00bb18px\u00bb title_line_height=\u00bb1.3em\u00bb width=\u00bb100%\u00bb max_width=\u00bb100%\u00bb custom_margin=\u00bb||10px||false|false\u00bb custom_padding=\u00bb1px||0px|||\u00bb title_font_size_tablet=\u00bb26px\u00bb title_font_size_phone=\u00bb18px\u00bb title_font_size_last_edited=\u00bbon|desktop\u00bb global_colors_info=\u00bb{}\u00bb][\/et_pb_heading][et_pb_button button_url=\u00bbhttps:\/\/campus.itba.edu.ar\/ultra\/organizations\/_24582_1\/outline\u00bb url_new_window=\u00bbon\u00bb button_text=\u00bbIngres\u00e1\u00bb button_alignment=\u00bbcenter\u00bb _builder_version=\u00bb4.27.4&#8243; _module_preset=\u00bbdefault\u00bb custom_button=\u00bbon\u00bb button_text_color=\u00bb#FFFFFF\u00bb button_bg_color=\u00bb#0C71C3&#8243; button_border_width=\u00bb0px\u00bb animation_style=\u00bbslide\u00bb global_colors_info=\u00bb{}\u00bb][\/et_pb_button][\/et_pb_column][\/et_pb_row][\/et_pb_section]<\/p>\n","protected":false},"excerpt":{"rendered":"<p>La IA nos desaf\u00eda a repensar la evaluaci\u00f3n, revisar sus alcances y explorar estrategias que fomenten una alfabetizaci\u00f3n digital cr\u00edtica.\ud83d\udce3Adem\u00e1s, record\u00e1 que se encuentra disponible el nuevo curso autodirigido!Este curso ofrece aproximaciones a nuevas funciones de Blackboard que incluyen asistencia de IA *Acredita 2 horas de formaci\u00f3n docenteA comienzos de 2025 se implement\u00f3 el nuevo [&hellip;]<\/p>\n","protected":false},"author":7181,"featured_media":0,"parent":0,"menu_order":0,"comment_status":"closed","ping_status":"closed","template":"","meta":{"_et_pb_use_builder":"on","_et_pb_old_content":"","_et_gb_content_width":"","footnotes":""},"class_list":["post-5635","page","type-page","status-publish","hentry"],"_links":{"self":[{"href":"https:\/\/www.itba.edu.ar\/intranet\/portaldocente\/wp-json\/wp\/v2\/pages\/5635","targetHints":{"allow":["GET"]}}],"collection":[{"href":"https:\/\/www.itba.edu.ar\/intranet\/portaldocente\/wp-json\/wp\/v2\/pages"}],"about":[{"href":"https:\/\/www.itba.edu.ar\/intranet\/portaldocente\/wp-json\/wp\/v2\/types\/page"}],"author":[{"embeddable":true,"href":"https:\/\/www.itba.edu.ar\/intranet\/portaldocente\/wp-json\/wp\/v2\/users\/7181"}],"replies":[{"embeddable":true,"href":"https:\/\/www.itba.edu.ar\/intranet\/portaldocente\/wp-json\/wp\/v2\/comments?post=5635"}],"version-history":[{"count":52,"href":"https:\/\/www.itba.edu.ar\/intranet\/portaldocente\/wp-json\/wp\/v2\/pages\/5635\/revisions"}],"predecessor-version":[{"id":6042,"href":"https:\/\/www.itba.edu.ar\/intranet\/portaldocente\/wp-json\/wp\/v2\/pages\/5635\/revisions\/6042"}],"wp:attachment":[{"href":"https:\/\/www.itba.edu.ar\/intranet\/portaldocente\/wp-json\/wp\/v2\/media?parent=5635"}],"curies":[{"name":"wp","href":"https:\/\/api.w.org\/{rel}","templated":true}]}}