{"id":5207,"date":"2025-05-02T12:13:05","date_gmt":"2025-05-02T15:13:05","guid":{"rendered":"https:\/\/www.itba.edu.ar\/intranet\/portaldocente\/?page_id=5207"},"modified":"2025-05-23T12:20:57","modified_gmt":"2025-05-23T15:20:57","slug":"novedades-abril-2","status":"publish","type":"page","link":"https:\/\/www.itba.edu.ar\/intranet\/portaldocente\/novedades-abril-2\/","title":{"rendered":"Novedades abril"},"content":{"rendered":"<p>[et_pb_section fb_built=\u00bb1&#8243; admin_label=\u00bbHeader\u00bb _builder_version=\u00bb4.27.4&#8243; _module_preset=\u00bbdefault\u00bb background_enable_color=\u00bboff\u00bb background_color_gradient_type=\u00bbconic\u00bb background_color_gradient_direction=\u00bb215deg\u00bb background_color_gradient_direction_radial=\u00bbtop right\u00bb background_color_gradient_stops=\u00bb#00208a 12%|#00208a 32%|#00208a 39%|#ffffff 59%|#00208a 76%\u00bb background_enable_mask_style=\u00bbon\u00bb background_mask_style=\u00bbcorner-square\u00bb background_mask_color=\u00bb#FFFFFF\u00bb background_mask_aspect_ratio=\u00bbsquare\u00bb background_mask_size=\u00bbcover\u00bb width=\u00bb100%\u00bb custom_padding=\u00bb10vw||10vw||true|false\u00bb bottom_divider_style=\u00bbarrow2&#8243; bottom_divider_color=\u00bb#FFFFFF\u00bb bottom_divider_height=\u00bb43px\u00bb collapsed=\u00bbon\u00bb global_colors_info=\u00bb{}\u00bb][et_pb_row column_structure=\u00bb2_3,1_3&#8243; _builder_version=\u00bb4.27.4&#8243; _module_preset=\u00bbdefault\u00bb background_enable_color=\u00bboff\u00bb width=\u00bb81%\u00bb max_width=\u00bbnone\u00bb global_colors_info=\u00bb{}\u00bb][et_pb_column type=\u00bb2_3&#8243; _builder_version=\u00bb4.25.1&#8243; _module_preset=\u00bbdefault\u00bb global_colors_info=\u00bb{}\u00bb][et_pb_heading title=\u00bbNovedades mayo\u00bb _builder_version=\u00bb4.27.4&#8243; _module_preset=\u00bb_initial\u00bb title_font=\u00bbArial|600|||||||\u00bb title_text_align=\u00bbleft\u00bb title_text_color=\u00bb#120063&#8243; title_font_size=\u00bb6vw\u00bb global_colors_info=\u00bb{}\u00bb][\/et_pb_heading][\/et_pb_column][et_pb_column type=\u00bb1_3&#8243; _builder_version=\u00bb4.25.1&#8243; _module_preset=\u00bbdefault\u00bb custom_padding=\u00bb2%||||false|false\u00bb global_colors_info=\u00bb{}\u00bb][\/et_pb_column][\/et_pb_row][\/et_pb_section][et_pb_section fb_built=\u00bb1&#8243; fullwidth=\u00bbon\u00bb _builder_version=\u00bb4.27.4&#8243; _module_preset=\u00bbdefault\u00bb background_enable_color=\u00bboff\u00bb use_background_color_gradient=\u00bbon\u00bb background_color_gradient_stops=\u00bb#002c75 0%|#004f16 66%\u00bb background_enable_pattern_style=\u00bbon\u00bb background_pattern_style=\u00bbdiagonal-stripes-2&#8243; global_colors_info=\u00bb{}\u00bb][et_pb_fullwidth_header title=\u00bbNUEVO CURSO AUTODIRIGIDO\u00bb _builder_version=\u00bb4.27.4&#8243; _module_preset=\u00bbdefault\u00bb title_level=\u00bbh5&#8243; title_font=\u00bbVerdana|||on|||||\u00bb title_text_align=\u00bbleft\u00bb title_text_color=\u00bb#FFFFFF\u00bb title_font_size=\u00bb12px\u00bb title_letter_spacing=\u00bb3px\u00bb background_color=\u00bbrgba(0,33,142,0)\u00bb custom_padding=\u00bb||0px|||\u00bb title_text_shadow_style=\u00bbpreset1&#8243; title_text_shadow_horizontal_length=\u00bb-0.35em\u00bb title_text_shadow_vertical_length=\u00bb0.11em\u00bb title_text_shadow_blur_strength=\u00bb1.37em\u00bb border_color_all_image=\u00bb#000000&#8243; global_colors_info=\u00bb{}\u00bb][\/et_pb_fullwidth_header][\/et_pb_section][et_pb_section fb_built=\u00bb1&#8243; fullwidth=\u00bbon\u00bb _builder_version=\u00bb4.27.4&#8243; _module_preset=\u00bbdefault\u00bb background_enable_color=\u00bboff\u00bb use_background_color_gradient=\u00bbon\u00bb background_color_gradient_stops=\u00bb#004f16 7%|#004f16 32%|#007717 71%|#00153f 100%\u00bb background_enable_pattern_style=\u00bbon\u00bb background_pattern_style=\u00bbdiagonal-stripes-2&#8243; global_colors_info=\u00bb{}\u00bb][et_pb_fullwidth_header button_one_text=\u00bbClic al curso\u00bb button_one_url=\u00bbhttps:\/\/campus.itba.edu.ar\/ultra\/courses\/_32681_1\/outline\u00bb _builder_version=\u00bb4.27.4&#8243; _module_preset=\u00bbdefault\u00bb title_level=\u00bbh2&#8243; title_font=\u00bbVerdana|700||on|||||\u00bb title_text_align=\u00bbcenter\u00bb title_text_color=\u00bb#FFFFFF\u00bb title_font_size=\u00bb39px\u00bb content_font=\u00bb|||on|||||\u00bb content_text_align=\u00bbleft\u00bb background_color=\u00bbrgba(0,33,142,0)\u00bb custom_button_one=\u00bbon\u00bb button_one_text_size=\u00bb18px\u00bb button_one_border_width=\u00bb1px\u00bb button_one_letter_spacing=\u00bb1px\u00bb button_one_font=\u00bbVerdana||||||||\u00bb custom_margin=\u00bb||124px|||\u00bb custom_padding=\u00bb0px|||||\u00bb title_text_shadow_style=\u00bbpreset1&#8243; title_text_shadow_horizontal_length=\u00bb-0.35em\u00bb title_text_shadow_vertical_length=\u00bb0.11em\u00bb title_text_shadow_blur_strength=\u00bb1.02em\u00bb border_color_all_image=\u00bb#000000&#8243; global_colors_info=\u00bb{}\u00bb]<\/p>\n<div class=\"makeStylesleftContentContainer-0-2-305\">\n<div class=\"makeStylespanelHeaderContainerRoot-0-2-312 makeStylespanelHeaderContainerRoot-0-2-318\">\n<div class=\"makeStylescontainerWrapper-0-2-313\">\n<div class=\"makeStylesheadingWrapperContainer-0-2-317\">\n<div class=\"makeStylesheaderTextEditButtonWrapper-0-2-308\">\n<h1 class=\"MuiTypographyroot-0-2-82 makeStylesheaderText-0-2-307 js-header-text js-editable-header-text makeStylesdisplay1-0-2-80 MuiTypographybody1-0-2-84\" data-analytics-id=\"course.enter-edit-mode-header\" style=\"text-align: center\">Recorrido:<\/h1>\n<h1 class=\"MuiTypographyroot-0-2-82 makeStylesheaderText-0-2-307 js-header-text js-editable-header-text makeStylesdisplay1-0-2-80 MuiTypographybody1-0-2-84\" data-analytics-id=\"course.enter-edit-mode-header\" style=\"text-align: center\">INTELIGENCIA ARTIFICIAL EN BLACKBOARD<\/h1>\n<p>&nbsp;<\/p>\n<div class=\"makeStylespanelHeaderControlsRoot-0-2-321 makeStylespanelHeaderControlsRoot-0-2-370\">\n<div class=\"makeStylespanelHeaderControlsWrapper-0-2-322\" style=\"text-align: center\">Este curso ofrece aproximaciones a nuevas funciones de Blackboard que incluyen asistencia de IA<\/div>\n<div class=\"makeStylespanelHeaderControlsWrapper-0-2-322\" style=\"text-align: center\"><\/div>\n<div class=\"makeStylespanelHeaderControlsWrapper-0-2-322\" style=\"text-align: center\">*Acredita 2 horas de formaci\u00f3n docente<\/div>\n<\/div>\n<\/div>\n<div class=\"makeStylespanelHeaderControlsRoot-0-2-321 makeStylespanelHeaderControlsRoot-0-2-347\">\n<div class=\"makeStylespanelHeaderControlsWrapper-0-2-322\"><\/div>\n<\/div>\n<\/div>\n<\/div>\n<\/div>\n<\/div>\n<p>[\/et_pb_fullwidth_header][\/et_pb_section][et_pb_section fb_built=\u00bb1&#8243; _builder_version=\u00bb4.27.4&#8243; _module_preset=\u00bbdefault\u00bb background_color=\u00bb#FFFFFF\u00bb use_background_color_gradient=\u00bboff\u00bb top_divider_style=\u00bbwave\u00bb top_divider_color=\u00bb#061b82&#8243; top_divider_height=\u00bb32px\u00bb bottom_divider_style=\u00bbasymmetric3&#8243; bottom_divider_color=\u00bb#007FE0&#8243; bottom_divider_height=\u00bb59px\u00bb global_colors_info=\u00bb{}\u00bb][et_pb_row _builder_version=\u00bb4.27.4&#8243; _module_preset=\u00bbdefault\u00bb background_color=\u00bbRGBA(255,255,255,0)\u00bb global_colors_info=\u00bb{}\u00bb][et_pb_column type=\u00bb4_4&#8243; _builder_version=\u00bb4.27.4&#8243; _module_preset=\u00bbdefault\u00bb global_colors_info=\u00bb{}\u00bb][et_pb_heading title=\u00bbInauguraci\u00f3n +ingenio 2025&#8243; _builder_version=\u00bb4.27.4&#8243; _module_preset=\u00bbdefault\u00bb title_font=\u00bb|800||||on|||\u00bb title_text_align=\u00bbcenter\u00bb title_text_color=\u00bb#052289&#8243; title_font_size=\u00bb56px\u00bb module_alignment=\u00bbcenter\u00bb global_colors_info=\u00bb{}\u00bb][\/et_pb_heading][et_pb_text _builder_version=\u00bb4.27.4&#8243; _module_preset=\u00bbdefault\u00bb text_font=\u00bb||||||||\u00bb text_text_color=\u00bb#053dad\u00bb text_font_size=\u00bb18px\u00bb text_orientation=\u00bbjustified\u00bb custom_padding=\u00bb1px|||||\u00bb global_colors_info=\u00bb{}\u00bb]<\/p>\n<p>El pasado 28 de abril, Valeria Viva y Constanza Azzolina, Co-founders de<span style=\"color: #3366ff\"> <span style=\"text-decoration: underline\">X<\/span><a href=\"https:\/\/xstemla.com\/\" style=\"color: #3366ff;text-decoration: underline\"><span>STEM<\/span>,<\/a>\u00a0<\/span> lideraron el conversatorio <em><strong>Ingenier\u00eda de un aula con impacto: una invitaci\u00f3n a repensar la ense\u00f1anza como un espacio dise\u00f1ado.<\/strong><\/em><\/p>\n<p data-start=\"480\" data-end=\"754\" class=\"\">A lo largo del encuentro, surgieron preguntas que invitaron a la reflexi\u00f3n: <strong><em>\u00bfQu\u00e9 hace que una clase tenga un impacto real? \u00bfC\u00f3mo dise\u00f1amos experiencias de aprendizaje que dejen huella? \u00bfQu\u00e9 elementos activan la confianza, el desaf\u00edo y la conexi\u00f3n con la realidad en el aula?<\/em><\/strong><\/p>\n<p data-start=\"756\" data-end=\"1075\" class=\"\">Algunas ideas centrales atravesaron toda la conversaci\u00f3n: <strong><em data-start=\"829\" data-end=\"926\">ense\u00f1ar no es simplemente transmitir, sino crear las condiciones para que el aprendizaje suceda<\/em><\/strong>. Dise\u00f1ar un aula con impacto es, entonces, construir un sistema en el que la confianza se vuelve clave, porque sin ella no hay aprendizaje profundo.<\/p>\n<p data-start=\"756\" data-end=\"1075\" class=\"\">\u00a1Gracias a todos nuestros docentes que se sumaron a esta propuesta y compartieron sus miradas!<\/p>\n<p>[\/et_pb_text][et_pb_button button_url=\u00bbhttps:\/\/www.youtube.com\/live\/iXxI4_kyAwo\u00bb url_new_window=\u00bbon\u00bb button_text=\u00bbAcced\u00e9 al encuentro grabado\u00bb _builder_version=\u00bb4.27.4&#8243; _module_preset=\u00bbdefault\u00bb custom_button=\u00bbon\u00bb button_text_size=\u00bb16px\u00bb button_text_color=\u00bb#072593&#8243; button_border_width=\u00bb4px\u00bb button_border_radius=\u00bb91px\u00bb button_icon=\u00bb&#xf03d;||fa||900&#8243; global_colors_info=\u00bb{}\u00bb][\/et_pb_button][et_pb_gallery gallery_ids=\u00bb5225,5213,5212,5224,5226&#8243; fullwidth=\u00bbon\u00bb _builder_version=\u00bb4.27.4&#8243; _module_preset=\u00bbdefault\u00bb global_colors_info=\u00bb{}\u00bb][\/et_pb_gallery][et_pb_text _builder_version=\u00bb4.27.4&#8243; _module_preset=\u00bbdefault\u00bb text_font=\u00bb|||||on|||\u00bb text_text_color=\u00bb#053dad\u00bb text_font_size=\u00bb15px\u00bb text_line_height=\u00bb1.1em\u00bb header_font_size=\u00bb26px\u00bb text_orientation=\u00bbjustified\u00bb custom_margin=\u00bb||18px|||\u00bb custom_padding=\u00bb1px|||||\u00bb global_colors_info=\u00bb{}\u00bb]<\/p>\n<div style=\"text-align: center\">\u00bfRealizaste alguna actividad o proyecto innovador en tus clases?<\/div>\n<div style=\"text-align: center\">Si quer\u00e9s compartir tu experiencia en +Ingenio, pod\u00e9s inscribirte como ponente<\/div>\n<p>[\/et_pb_text][et_pb_button button_url=\u00bbhttps:\/\/forms.gle\/fF92p2LsJfLvS4Aj9&#8243; url_new_window=\u00bbon\u00bb button_text=\u00bbClic para completar el formulario\u00bb button_alignment=\u00bbcenter\u00bb _builder_version=\u00bb4.27.4&#8243; _module_preset=\u00bbdefault\u00bb custom_button=\u00bbon\u00bb button_text_size=\u00bb12px\u00bb button_text_color=\u00bb#072593&#8243; button_border_width=\u00bb1px\u00bb button_border_radius=\u00bb91px\u00bb button_icon=\u00bb&#xf03d;||fa||900&#8243; global_colors_info=\u00bb{}\u00bb][\/et_pb_button][\/et_pb_column][\/et_pb_row][\/et_pb_section][et_pb_section fb_built=\u00bb1&#8243; admin_label=\u00bbWorkshops\u00bb _builder_version=\u00bb4.27.4&#8243; _module_preset=\u00bbdefault\u00bb background_color=\u00bb#FFFFFF\u00bb background_color_gradient_stops=\u00bb#007fe0 43%|#003055 100%|#1a0052 100%\u00bb top_divider_height=\u00bb9px\u00bb bottom_divider_color=\u00bb#FFFFFF\u00bb collapsed=\u00bbon\u00bb global_colors_info=\u00bb{}\u00bb][et_pb_row _builder_version=\u00bb4.27.4&#8243; _module_preset=\u00bbdefault\u00bb background_enable_color=\u00bboff\u00bb global_colors_info=\u00bb{}\u00bb][et_pb_column type=\u00bb4_4&#8243; _builder_version=\u00bb4.25.1&#8243; _module_preset=\u00bbdefault\u00bb global_colors_info=\u00bb{}\u00bb][et_pb_heading title=\u00bbRevis\u00e1 las \u00faltimas actualizaciones\u00bb _builder_version=\u00bb4.27.4&#8243; _module_preset=\u00bb_initial\u00bb title_level=\u00bbh2&#8243; title_font=\u00bb|800||||on|||\u00bb title_text_align=\u00bbcenter\u00bb title_text_color=\u00bb#FFFFFF\u00bb title_font_size=\u00bb85px\u00bb title_line_height=\u00bb1.2em\u00bb title_font_size_tablet=\u00bb32px\u00bb title_font_size_phone=\u00bb20px\u00bb title_font_size_last_edited=\u00bbon|desktop\u00bb global_colors_info=\u00bb{}\u00bb][\/et_pb_heading][\/et_pb_column][\/et_pb_row][et_pb_row column_structure=\u00bb1_3,1_3,1_3&#8243; _builder_version=\u00bb4.27.4&#8243; _module_preset=\u00bbdefault\u00bb background_enable_color=\u00bboff\u00bb global_colors_info=\u00bb{}\u00bb][et_pb_column type=\u00bb1_3&#8243; _builder_version=\u00bb4.27.4&#8243; _module_preset=\u00bbdefault\u00bb global_colors_info=\u00bb{}\u00bb][et_pb_image src=\u00bbhttps:\/\/intranet-nv.s3.amazonaws.com\/wp-content\/uploads\/sites\/16\/2025\/01\/Blackboard-Logo.png\u00bb title_text=\u00bbBlackboard-Logo\u00bb align=\u00bbcenter\u00bb _builder_version=\u00bb4.27.4&#8243; _module_preset=\u00bbdefault\u00bb custom_margin=\u00bb||11px|||\u00bb global_colors_info=\u00bb{}\u00bb][\/et_pb_image][et_pb_button button_url=\u00bbhttps:\/\/docs.google.com\/document\/d\/1N_zIx7MzjKgeQTaC4G0pNihKnBG5p0_i\/edit#heading=h.p5ylq2akozra\u00bb url_new_window=\u00bbon\u00bb button_text=\u00bbClic a las actualizaciones\u00bb button_alignment=\u00bbcenter\u00bb _builder_version=\u00bb4.27.4&#8243; _module_preset=\u00bbdefault\u00bb custom_button=\u00bbon\u00bb button_text_color=\u00bb#FFFFFF\u00bb button_bg_color=\u00bbRGBA(255,255,255,0)\u00bb button_border_width=\u00bb3px\u00bb button_border_color=\u00bb#FFFFFF\u00bb global_colors_info=\u00bb{}\u00bb][\/et_pb_button][\/et_pb_column][et_pb_column type=\u00bb1_3&#8243; _builder_version=\u00bb4.27.4&#8243; _module_preset=\u00bbdefault\u00bb global_colors_info=\u00bb{}\u00bb][et_pb_button button_text=\u00bbClics\u00bb _builder_version=\u00bb4.27.4&#8243; _module_preset=\u00bbdefault\u00bb global_colors_info=\u00bb{}\u00bb][\/et_pb_button][\/et_pb_column][et_pb_column type=\u00bb1_3&#8243; _builder_version=\u00bb4.27.4&#8243; _module_preset=\u00bbdefault\u00bb global_colors_info=\u00bb{}\u00bb][et_pb_image src=\u00bbhttps:\/\/intranet-nv.s3.amazonaws.com\/wp-content\/uploads\/sites\/16\/2025\/01\/class_logo-removebg-preview.png\u00bb title_text=\u00bbclass_logo-removebg-preview\u00bb align=\u00bbcenter\u00bb _builder_version=\u00bb4.27.4&#8243; _module_preset=\u00bbdefault\u00bb global_colors_info=\u00bb{}\u00bb][\/et_pb_image][et_pb_button button_url=\u00bbhttps:\/\/docs.google.com\/document\/d\/10G_Vta8FsqvZyYAh3cVQZ6MIzuVeTZY0\/edit#heading=h.ruorsoegg4z5&#8243; url_new_window=\u00bbon\u00bb button_text=\u00bbClic a las actualizaciones\u00bb button_alignment=\u00bbcenter\u00bb _builder_version=\u00bb4.27.4&#8243; _module_preset=\u00bbdefault\u00bb custom_button=\u00bbon\u00bb button_text_color=\u00bb#FFFFFF\u00bb global_colors_info=\u00bb{}\u00bb][\/et_pb_button][\/et_pb_column][\/et_pb_row][\/et_pb_section][et_pb_section fb_built=\u00bb1&#8243; admin_label=\u00bbFooter\u00bb _builder_version=\u00bb4.27.4&#8243; _module_preset=\u00bbdefault\u00bb background_enable_color=\u00bboff\u00bb use_background_color_gradient=\u00bboff\u00bb background_image=\u00bbhttps:\/\/intranet-nv.s3.amazonaws.com\/wp-content\/uploads\/sites\/16\/2025\/01\/conference-event-15.png\u00bb background_blend=\u00bboverlay\u00bb box_shadow_style=\u00bbpreset7&#8243; box_shadow_horizontal=\u00bb0px\u00bb box_shadow_vertical=\u00bb200px\u00bb box_shadow_color=\u00bb#FFFFFF\u00bb saved_tabs=\u00bball\u00bb collapsed=\u00bbon\u00bb global_colors_info=\u00bb{%22gcid-9d5d11f9-d654-432d-8206-34ad20a6d54e%22:%91%22background_color%22,%22background_color_gradient_stops%22%93,%22gcid-5f63220e-8342-4427-89fa-de1da73c3340%22:%91%22background_color_gradient_stops%22%93}\u00bb][et_pb_row custom_padding_last_edited=\u00bbon|desktop\u00bb _builder_version=\u00bb4.27.4&#8243; _module_preset=\u00bbdefault\u00bb background_color=\u00bb#1A0052&#8243; custom_margin=\u00bb||30px||false|false\u00bb custom_padding=\u00bb60px|60px|60px|60px|true|true\u00bb custom_padding_tablet=\u00bb30px|30px|30px|30px|true|true\u00bb custom_padding_phone=\u00bb20px|20px|20px|20px|true|true\u00bb border_radii=\u00bbon|12px|12px|12px|12px\u00bb box_shadow_style=\u00bbpreset1&#8243; box_shadow_vertical=\u00bb20px\u00bb box_shadow_blur=\u00bb40px\u00bb box_shadow_color=\u00bbrgba(0,0,0,0.07)\u00bb global_colors_info=\u00bb{}\u00bb][et_pb_column type=\u00bb4_4&#8243; _builder_version=\u00bb4.25.1&#8243; _module_preset=\u00bbdefault\u00bb global_colors_info=\u00bb{}\u00bb][et_pb_heading title=\u00bbConoc\u00e9 todos los cursos disponibles en nuestra organizaci\u00f3n o escribinos a icae@itba.edu.ar\u00bb _builder_version=\u00bb4.27.4&#8243; _module_preset=\u00bb_initial\u00bb title_level=\u00bbh5&#8243; title_font=\u00bb|500|||||||\u00bb title_text_align=\u00bbcenter\u00bb title_text_color=\u00bb#FFFFFF\u00bb title_font_size=\u00bb18px\u00bb title_line_height=\u00bb1.3em\u00bb width=\u00bb100%\u00bb max_width=\u00bb100%\u00bb custom_margin=\u00bb||10px||false|false\u00bb custom_padding=\u00bb1px||0px|||\u00bb title_font_size_tablet=\u00bb26px\u00bb title_font_size_phone=\u00bb18px\u00bb title_font_size_last_edited=\u00bbon|desktop\u00bb global_colors_info=\u00bb{}\u00bb][\/et_pb_heading][et_pb_button button_url=\u00bbhttps:\/\/campus.itba.edu.ar\/ultra\/organizations\/_24582_1\/outline\u00bb url_new_window=\u00bbon\u00bb button_text=\u00bbIngres\u00e1\u00bb button_alignment=\u00bbcenter\u00bb _builder_version=\u00bb4.27.4&#8243; _module_preset=\u00bbdefault\u00bb custom_button=\u00bbon\u00bb button_text_color=\u00bb#FFFFFF\u00bb button_bg_color=\u00bb#0C71C3&#8243; button_border_width=\u00bb0px\u00bb animation_style=\u00bbslide\u00bb global_colors_info=\u00bb{}\u00bb][\/et_pb_button][\/et_pb_column][\/et_pb_row][\/et_pb_section]<\/p>\n","protected":false},"excerpt":{"rendered":"<p>Recorrido: INTELIGENCIA ARTIFICIAL EN BLACKBOARD &nbsp; Este curso ofrece aproximaciones a nuevas funciones de Blackboard que incluyen asistencia de IA *Acredita 2 horas de formaci\u00f3n docente El pasado 28 de abril, Valeria Viva y Constanza Azzolina, Co-founders de XSTEM,\u00a0 lideraron el conversatorio Ingenier\u00eda de un aula con impacto: una invitaci\u00f3n a repensar la ense\u00f1anza como [&hellip;]<\/p>\n","protected":false},"author":7181,"featured_media":0,"parent":0,"menu_order":0,"comment_status":"closed","ping_status":"closed","template":"","meta":{"_et_pb_use_builder":"on","_et_pb_old_content":"","_et_gb_content_width":"","footnotes":""},"class_list":["post-5207","page","type-page","status-publish","hentry"],"_links":{"self":[{"href":"https:\/\/www.itba.edu.ar\/intranet\/portaldocente\/wp-json\/wp\/v2\/pages\/5207","targetHints":{"allow":["GET"]}}],"collection":[{"href":"https:\/\/www.itba.edu.ar\/intranet\/portaldocente\/wp-json\/wp\/v2\/pages"}],"about":[{"href":"https:\/\/www.itba.edu.ar\/intranet\/portaldocente\/wp-json\/wp\/v2\/types\/page"}],"author":[{"embeddable":true,"href":"https:\/\/www.itba.edu.ar\/intranet\/portaldocente\/wp-json\/wp\/v2\/users\/7181"}],"replies":[{"embeddable":true,"href":"https:\/\/www.itba.edu.ar\/intranet\/portaldocente\/wp-json\/wp\/v2\/comments?post=5207"}],"version-history":[{"count":39,"href":"https:\/\/www.itba.edu.ar\/intranet\/portaldocente\/wp-json\/wp\/v2\/pages\/5207\/revisions"}],"predecessor-version":[{"id":5623,"href":"https:\/\/www.itba.edu.ar\/intranet\/portaldocente\/wp-json\/wp\/v2\/pages\/5207\/revisions\/5623"}],"wp:attachment":[{"href":"https:\/\/www.itba.edu.ar\/intranet\/portaldocente\/wp-json\/wp\/v2\/media?parent=5207"}],"curies":[{"name":"wp","href":"https:\/\/api.w.org\/{rel}","templated":true}]}}