{"id":2610,"date":"2021-07-13T10:35:45","date_gmt":"2021-07-13T13:35:45","guid":{"rendered":"https:\/\/www.itba.edu.ar\/intranet\/portaldocente\/?page_id=2610"},"modified":"2021-09-06T16:25:28","modified_gmt":"2021-09-06T19:25:28","slug":"jornadas","status":"publish","type":"page","link":"https:\/\/www.itba.edu.ar\/intranet\/portaldocente\/formacion-docente\/jornadas\/","title":{"rendered":"Jornadas"},"content":{"rendered":"<p>[et_pb_section fb_built=\u00bb1&#8243; admin_label=\u00bbCourses Hero\u00bb _builder_version=\u00bb4.9.7&#8243; background_color=\u00bb#0a548b\u00bb background_image=\u00bbhttps:\/\/www.itba.edu.ar\/intranet\/portaldocente\/wp-content\/uploads\/sites\/16\/2021\/05\/Imagen-Slider-central.jpg\u00bb background_blend=\u00bbmultiply\u00bb custom_margin=\u00bb-13px|||||\u00bb custom_padding=\u00bb0px|0px|1px|0px||\u00bb animation_style=\u00bbslide\u00bb animation_direction=\u00bbtop\u00bb animation_intensity_slide=\u00bb2%\u00bb locked=\u00bboff\u00bb global_colors_info=\u00bb{}\u00bb][et_pb_row _builder_version=\u00bb3.25&#8243; background_size=\u00bbinitial\u00bb background_position=\u00bbtop_left\u00bb background_repeat=\u00bbrepeat\u00bb min_height=\u00bb265.7px\u00bb custom_margin=\u00bb14px|auto||auto||\u00bb custom_width_px=\u00bb1280px\u00bb global_colors_info=\u00bb{}\u00bb][et_pb_column type=\u00bb4_4&#8243; _builder_version=\u00bb3.25&#8243; custom_padding=\u00bb|||\u00bb global_colors_info=\u00bb{}\u00bb custom_padding__hover=\u00bb|||\u00bb][et_pb_text _builder_version=\u00bb4.9.7&#8243; header_font=\u00bb|on|||\u00bb header_font_size=\u00bb42px\u00bb header_line_height=\u00bb1.3em\u00bb background_size=\u00bbinitial\u00bb background_position=\u00bbtop_left\u00bb background_repeat=\u00bbrepeat\u00bb text_orientation=\u00bbcenter\u00bb background_layout=\u00bbdark\u00bb max_width=\u00bb530px\u00bb module_alignment=\u00bbcenter\u00bb custom_padding=\u00bb|||\u00bb header_font_size_tablet=\u00bb\u00bb header_font_size_phone=\u00bb\u00bb header_font_size_last_edited=\u00bbon|desktop\u00bb locked=\u00bboff\u00bb global_colors_info=\u00bb{}\u00bb]<\/p>\n<h1><\/h1>\n<h1><\/h1>\n<h1>Formaci\u00f3n Docente<\/h1>\n<p>[\/et_pb_text][et_pb_text _builder_version=\u00bb4.9.7&#8243; text_text_color=\u00bb#d4ccff\u00bb text_font_size=\u00bb16px\u00bb text_line_height=\u00bb1.9em\u00bb background_size=\u00bbinitial\u00bb background_position=\u00bbtop_left\u00bb background_repeat=\u00bbrepeat\u00bb text_orientation=\u00bbcenter\u00bb max_width=\u00bb540px\u00bb module_alignment=\u00bbcenter\u00bb locked=\u00bboff\u00bb global_colors_info=\u00bb{}\u00bb]<\/p>\n<p>En este espacio encontrar\u00e1s informaci\u00f3n sobre<br \/>nuestras distintas propuestas formativas.<\/p>\n<p>[\/et_pb_text][\/et_pb_column][\/et_pb_row][\/et_pb_section][et_pb_section fb_built=\u00bb1&#8243; admin_label=\u00bbServices\u00bb _builder_version=\u00bb4.9.5&#8243; background_color=\u00bb#f7f7f7&#8243; custom_padding=\u00bb4px|||||\u00bb bottom_divider_style=\u00bbwaves\u00bb bottom_divider_color=\u00bb#f8f9fa\u00bb bottom_divider_height=\u00bb90%\u00bb bottom_divider_repeat=\u00bb0.2x\u00bb bottom_divider_flip=\u00bbvertical|horizontal\u00bb global_colors_info=\u00bb{}\u00bb][et_pb_row _builder_version=\u00bb4.9.11&#8243; background_color=\u00bb#f7f7f7&#8243; vertical_offset=\u00bb48px\u00bb min_height=\u00bb71px\u00bb custom_margin=\u00bb-18px|auto||auto|false|false\u00bb custom_padding=\u00bb||0px|||\u00bb global_colors_info=\u00bb{}\u00bb][et_pb_column type=\u00bb4_4&#8243; _builder_version=\u00bb4.3.2&#8243; custom_padding=\u00bb40px||||false|false\u00bb custom_padding_tablet=\u00bb0px||||false|false\u00bb custom_padding_phone=\u00bb\u00bb custom_padding_last_edited=\u00bbon|tablet\u00bb global_colors_info=\u00bb{}\u00bb][et_pb_text _builder_version=\u00bb4.9.11&#8243; header_2_font=\u00bbPlayfair Display|700|||||||\u00bb header_2_text_align=\u00bbcenter\u00bb header_2_text_color=\u00bb#2a3749&#8243; header_2_font_size=\u00bb50px\u00bb header_2_line_height=\u00bb1.3em\u00bb custom_margin=\u00bb-56px||-11px|||\u00bb custom_padding=\u00bb17px|||||\u00bb header_2_font_size_tablet=\u00bb32px\u00bb header_2_font_size_phone=\u00bb24px\u00bb header_2_font_size_last_edited=\u00bbon|phone\u00bb locked=\u00bboff\u00bb inline_fonts=\u00bbArial\u00bb global_colors_info=\u00bb{}\u00bb]<\/p>\n<h2 style=\"text-align: left\"><strong><span style=\"color: #0a548b;font-family: Arial\">JORNADAS<\/span><\/strong><\/h2>\n<p><strong><span style=\"color: #0a548b;font-family: Arial\"><\/span><\/strong><\/p>\n<p><strong><span style=\"color: #0a548b;font-family: Arial\"><\/span><\/strong><\/p>\n<p><strong><span style=\"color: #0a548b;font-family: Arial\"><\/span><\/strong><\/p>\n<p><strong><span style=\"color: #0a548b;font-family: Arial\"><\/span><\/strong><\/p>\n<p><strong><span style=\"color: #0a548b;font-family: Arial\"><\/span><\/strong><\/p>\n<p><strong><span style=\"color: #0a548b;font-family: Arial\"><\/span><\/strong><\/p>\n<p><strong><span style=\"color: #0a548b;font-family: Arial\"><\/span><\/strong><\/p>\n<p><strong><span style=\"color: #0a548b;font-family: Arial\"><\/span><\/strong><\/p>\n<p>[\/et_pb_text][et_pb_text _builder_version=\u00bb4.9.4&#8243; header_4_font=\u00bbPT Sans|700||on|||||\u00bb header_4_text_color=\u00bb#ffc107&#8243; header_4_font_size=\u00bb11px\u00bb header_4_letter_spacing=\u00bb1px\u00bb custom_margin=\u00bb-38px|130px|-25px|130px|false|true\u00bb custom_padding=\u00bb||||false|false\u00bb locked=\u00bboff\u00bb global_colors_info=\u00bb{}\u00bb][\/et_pb_text][\/et_pb_column][\/et_pb_row][et_pb_row column_structure=\u00bb1_2,1_2&#8243; _builder_version=\u00bb4.10.3&#8243; background_color=\u00bb#f7f7f7&#8243; min_height=\u00bb879.8px\u00bb custom_margin=\u00bb1px|auto||auto||\u00bb custom_padding=\u00bb8px|||||\u00bb global_colors_info=\u00bb{}\u00bb][et_pb_column type=\u00bb1_2&#8243; _builder_version=\u00bb4.3.2&#8243; background_color=\u00bb#ffffff\u00bb custom_padding=\u00bb40px|40px|40px|40px|true|true\u00bb custom_padding_tablet=\u00bb|30px||30px|true|true\u00bb custom_padding_phone=\u00bb|20px||20px|true|true\u00bb custom_padding_last_edited=\u00bbon|desktop\u00bb border_radii=\u00bbon|10px|10px|10px|10px\u00bb box_shadow_style=\u00bbpreset1&#8243; box_shadow_color=\u00bbrgba(12,113,195,0.13)\u00bb global_colors_info=\u00bb{}\u00bb][et_pb_text _builder_version=\u00bb4.9.7&#8243; header_2_font=\u00bbPlayfair Display|700|||||||\u00bb header_2_text_color=\u00bb#2a3749&#8243; header_2_font_size=\u00bb50px\u00bb header_2_line_height=\u00bb1.3em\u00bb header_2_font_size_tablet=\u00bb32px\u00bb header_2_font_size_phone=\u00bb24px\u00bb header_2_font_size_last_edited=\u00bbon|phone\u00bb locked=\u00bboff\u00bb global_colors_info=\u00bb{}\u00bb]<\/p>\n<h3><b>Jornada \u201cImaginando el viaje al 2021\u201d<\/b><\/h3>\n<p>[\/et_pb_text][et_pb_text _builder_version=\u00bb4.9.11&#8243; header_2_font=\u00bbPlayfair Display|700|||||||\u00bb header_2_text_color=\u00bb#2a3749&#8243; header_2_font_size=\u00bb50px\u00bb header_2_line_height=\u00bb1.3em\u00bb header_2_font_size_tablet=\u00bb32px\u00bb header_2_font_size_phone=\u00bb24px\u00bb header_2_font_size_last_edited=\u00bbon|phone\u00bb locked=\u00bboff\u00bb global_colors_info=\u00bb{}\u00bb]<\/p>\n<p><b>Descripci\u00f3n: <\/b><span style=\"font-weight: 400\">Los invitamos a una jornada de encuentro docente en donde reflexionaremos sobre las experiencias pedag\u00f3gicas que tuvieron lugar en este a\u00f1o, las actividades compartidas, as\u00ed como los desaf\u00edos y oportunidades que visualizamos para el a\u00f1o pr\u00f3ximo.<\/span><span style=\"font-weight: 400\"><\/span><\/p>\n<p><b>Modalidad: <\/b><span style=\"font-weight: 400\">Virtual<\/span><\/p>\n<p><b>Destinado a: <\/b><span style=\"font-weight: 400\">Docentes de la comunidad ITBA<\/span><\/p>\n<p><b>Certificaci\u00f3n: <span style=\"font-weight: 400\">Al finalizar la jornada, se otorga certificado de participaci\u00f3n expedido por ICAE<\/span><\/b><\/p>\n<p><b>Duraci\u00f3n: <\/b><span style=\"font-weight: 400\">26\/11\/2020 de 11:30 a 13:00 hs<\/span><\/p>\n<p><b>Inscripci\u00f3n: <\/b><span style=\"font-weight: 400\">Cerrada<\/span><\/p>\n<p>[\/et_pb_text][et_pb_button button_url=\u00bbhttps:\/\/intranet-nv.s3.amazonaws.com\/wp-content\/uploads\/sites\/16\/2021\/09\/unnamed.jpg\u00bb url_new_window=\u00bbon\u00bb button_text=\u00bbFlyer del evento\u00bb _builder_version=\u00bb4.10.3&#8243; _module_preset=\u00bbdefault\u00bb custom_button=\u00bbon\u00bb button_text_color=\u00bb#FFFFFF\u00bb button_bg_color=\u00bb#0a548b\u00bb button_border_radius=\u00bb12px\u00bb locked=\u00bboff\u00bb global_colors_info=\u00bb{}\u00bb][\/et_pb_button][et_pb_button button_url=\u00bbhttps:\/\/youtu.be\/oQexVB9LC_E\u00bb url_new_window=\u00bbon\u00bb button_text=\u00bbVideo de la jornada\u00bb _builder_version=\u00bb4.10.3&#8243; _module_preset=\u00bbdefault\u00bb custom_button=\u00bbon\u00bb button_text_color=\u00bb#FFFFFF\u00bb button_bg_color=\u00bb#0a548b\u00bb button_border_radius=\u00bb12px\u00bb hover_enabled=\u00bb0&#8243; locked=\u00bboff\u00bb global_colors_info=\u00bb{}\u00bb sticky_enabled=\u00bb0&#8243;][\/et_pb_button][\/et_pb_column][et_pb_column type=\u00bb1_2&#8243; _builder_version=\u00bb4.3.2&#8243; background_color=\u00bb#ffffff\u00bb custom_padding=\u00bb40px|40px|40px|40px|true|true\u00bb custom_padding_tablet=\u00bb|30px||30px|true|true\u00bb custom_padding_phone=\u00bb|20px||20px|true|true\u00bb custom_padding_last_edited=\u00bbon|desktop\u00bb border_radii=\u00bbon|10px|10px|10px|10px\u00bb box_shadow_style=\u00bbpreset1&#8243; box_shadow_color=\u00bbrgba(12,113,195,0.13)\u00bb global_colors_info=\u00bb{}\u00bb][et_pb_text _builder_version=\u00bb4.9.7&#8243; header_2_font=\u00bbPlayfair Display|700|||||||\u00bb header_2_text_color=\u00bb#2a3749&#8243; header_2_font_size=\u00bb50px\u00bb header_2_line_height=\u00bb1.3em\u00bb header_2_font_size_tablet=\u00bb32px\u00bb header_2_font_size_phone=\u00bb24px\u00bb header_2_font_size_last_edited=\u00bbon|phone\u00bb locked=\u00bboff\u00bb global_colors_info=\u00bb{}\u00bb]<\/p>\n<h3><b>Jornada de innovaci\u00f3n educativa<\/b><\/h3>\n<p>[\/et_pb_text][et_pb_text _builder_version=\u00bb4.9.7&#8243; header_2_font=\u00bbPlayfair Display|700|||||||\u00bb header_2_text_color=\u00bb#2a3749&#8243; header_2_font_size=\u00bb50px\u00bb header_2_line_height=\u00bb1.3em\u00bb custom_padding=\u00bb||0px|||\u00bb header_2_font_size_tablet=\u00bb32px\u00bb header_2_font_size_phone=\u00bb24px\u00bb header_2_font_size_last_edited=\u00bbon|phone\u00bb locked=\u00bboff\u00bb global_colors_info=\u00bb{}\u00bb]<\/p>\n<p><b>Descripci\u00f3n: <\/b><span style=\"font-weight: 400\">Los invitamos a explorar distintas experiencias de docentes de la comunidad ITBA que est\u00e1n implementando proyectos de innovaci\u00f3n en sus cursos. Las distintas experiencias que se presentar\u00e1n se encuentran organizadas en tres ciudades que podr\u00e1n visitar: Ciudad Tecno,\u00a0 Dise\u00f1o y Din\u00e1mica.<\/span><\/p>\n<p><b>Modalidad: <\/b><span style=\"font-weight: 400\">Presencial<\/span><\/p>\n<p><b>Destinado a: <\/b><span style=\"font-weight: 400\">Docentes de la comunidad ITBA<\/span><\/p>\n<p><b>Certificaci\u00f3n: <\/b><span style=\"font-weight: 400\">Al finalizar la jornada, se otorga certificado de participaci\u00f3n expedido por ICAE<\/span><\/p>\n<p><b>Duraci\u00f3n: <\/b><span style=\"font-weight: 400\">03-12-2019 de<\/span> <span style=\"font-weight: 400\">11:00 a 12:30 hs<\/span><\/p>\n<p><b>Inscripci\u00f3n: <\/b><span style=\"font-weight: 400\">Cerrada<\/span><\/p>\n<p>[\/et_pb_text][\/et_pb_column][\/et_pb_row][\/et_pb_section][et_pb_section fb_built=\u00bb1&#8243; disabled_on=\u00bboff|off|off\u00bb admin_label=\u00bbServices\u00bb _builder_version=\u00bb4.9.6&#8243; background_color=\u00bbrgba(130,130,130,0)\u00bb vertical_offset=\u00bb0px\u00bb max_width=\u00bb85%\u00bb module_alignment=\u00bbcenter\u00bb min_height=\u00bb5%\u00bb height=\u00bb5%\u00bb max_height=\u00bb3%\u00bb custom_padding=\u00bb50px|0px|0px|0px|false|false\u00bb locked=\u00bboff\u00bb global_colors_info=\u00bb{}\u00bb][et_pb_row column_structure=\u00bb1_4,1_4,1_4,1_4&#8243; _builder_version=\u00bb4.9.7&#8243; background_size=\u00bbinitial\u00bb background_position=\u00bbtop_left\u00bb background_repeat=\u00bbrepeat\u00bb vertical_offset=\u00bb0px\u00bb width=\u00bb91%\u00bb custom_padding=\u00bb|||\u00bb global_colors_info=\u00bb{}\u00bb][et_pb_column type=\u00bb1_4&#8243; _builder_version=\u00bb3.25&#8243; background_position=\u00bbtop_left\u00bb custom_padding=\u00bb|||\u00bb global_colors_info=\u00bb{}\u00bb custom_padding__hover=\u00bb|||\u00bb][et_pb_blurb title=\u00bbCursos\u00bb url=\u00bbhttps:\/\/www.itba.edu.ar\/intranet\/portaldocente\/formacion-docente\/cursos\/\u00bb use_icon=\u00bbon\u00bb font_icon=\u00bb%%75%%\u00bb icon_color=\u00bb#FFFFFF\u00bb use_circle=\u00bbon\u00bb circle_color=\u00bb#50bcbe\u00bb use_icon_font_size=\u00bbon\u00bb icon_font_size=\u00bb60px\u00bb admin_label=\u00bbService 01&#8243; _builder_version=\u00bb4.9.11&#8243; header_font=\u00bb|700|||||||\u00bb header_text_color=\u00bb#0a548b\u00bb header_font_size=\u00bb22px\u00bb header_line_height=\u00bb1.8em\u00bb body_font_size=\u00bb16px\u00bb body_line_height=\u00bb1.9em\u00bb background_size=\u00bbinitial\u00bb background_position=\u00bbtop_left\u00bb background_repeat=\u00bbrepeat\u00bb text_orientation=\u00bbcenter\u00bb animation_style=\u00bbfold\u00bb animation_direction=\u00bbbottom\u00bb animation_intensity_fold=\u00bb30%\u00bb global_colors_info=\u00bb{}\u00bb circle_color__hover_enabled=\u00bbon|hover\u00bb circle_color__hover=\u00bb#E09900&#8243;][\/et_pb_blurb][\/et_pb_column][et_pb_column type=\u00bb1_4&#8243; _builder_version=\u00bb3.25&#8243; background_position=\u00bbtop_left\u00bb custom_padding=\u00bb|||\u00bb global_colors_info=\u00bb{}\u00bb custom_padding__hover=\u00bb|||\u00bb][et_pb_blurb title=\u00bbTalleres\u00bb url=\u00bbhttps:\/\/www.itba.edu.ar\/intranet\/portaldocente\/formacion-docente\/talleres\/\u00bb use_icon=\u00bbon\u00bb font_icon=\u00bb%%72%%\u00bb icon_color=\u00bb#FFFFFF\u00bb use_circle=\u00bbon\u00bb circle_color=\u00bb#e7257e\u00bb use_icon_font_size=\u00bbon\u00bb icon_font_size=\u00bb60px\u00bb admin_label=\u00bbService 02&#8243; _builder_version=\u00bb4.9.7&#8243; header_font=\u00bb|700|||||||\u00bb header_text_color=\u00bb#0a548b\u00bb header_font_size=\u00bb22px\u00bb header_line_height=\u00bb1.8em\u00bb body_font_size=\u00bb16px\u00bb body_line_height=\u00bb1.9em\u00bb background_size=\u00bbinitial\u00bb background_position=\u00bbtop_left\u00bb background_repeat=\u00bbrepeat\u00bb text_orientation=\u00bbcenter\u00bb animation_style=\u00bbfold\u00bb animation_direction=\u00bbbottom\u00bb animation_delay=\u00bb100ms\u00bb animation_intensity_fold=\u00bb30%\u00bb global_colors_info=\u00bb{}\u00bb circle_color__hover_enabled=\u00bbon|hover\u00bb circle_color__hover=\u00bb#E09900&#8243;][\/et_pb_blurb][\/et_pb_column][et_pb_column type=\u00bb1_4&#8243; _builder_version=\u00bb3.25&#8243; background_position=\u00bbtop_left\u00bb custom_padding=\u00bb|||\u00bb global_colors_info=\u00bb{}\u00bb custom_padding__hover=\u00bb|||\u00bb][et_pb_blurb title=\u00bbEncuentros en vivo\u00bb url=\u00bbhttps:\/\/www.itba.edu.ar\/intranet\/portaldocente\/formacion-docente\/encuentros\/\u00bb use_icon=\u00bbon\u00bb font_icon=\u00bb%%247%%\u00bb icon_color=\u00bb#FFFFFF\u00bb use_circle=\u00bbon\u00bb circle_color=\u00bb#00af30&#8243; use_icon_font_size=\u00bbon\u00bb icon_font_size=\u00bb60px\u00bb admin_label=\u00bbService 03&#8243; _builder_version=\u00bb4.9.11&#8243; header_font=\u00bb|700|||||||\u00bb header_text_color=\u00bb#0a548b\u00bb header_font_size=\u00bb22px\u00bb header_line_height=\u00bb1.8em\u00bb body_font_size=\u00bb16px\u00bb body_line_height=\u00bb1.9em\u00bb background_size=\u00bbinitial\u00bb background_position=\u00bbtop_left\u00bb background_repeat=\u00bbrepeat\u00bb text_orientation=\u00bbcenter\u00bb animation_style=\u00bbfold\u00bb animation_direction=\u00bbbottom\u00bb animation_delay=\u00bb300ms\u00bb animation_intensity_fold=\u00bb30%\u00bb global_colors_info=\u00bb{}\u00bb circle_color__hover_enabled=\u00bbon|hover\u00bb circle_color__hover=\u00bb#E09900&#8243;][\/et_pb_blurb][\/et_pb_column][et_pb_column type=\u00bb1_4&#8243; _builder_version=\u00bb3.25&#8243; background_position=\u00bbtop_left\u00bb custom_padding=\u00bb|||\u00bb global_colors_info=\u00bb{}\u00bb custom_padding__hover=\u00bb|||\u00bb][et_pb_blurb title=\u00bbJornadas\u00bb url=\u00bbhttps:\/\/www.itba.edu.ar\/intranet\/portaldocente\/formacion-docente\/jornadas\/\u00bb use_icon=\u00bbon\u00bb font_icon=\u00bb%%92%%\u00bb icon_color=\u00bb#FFFFFF\u00bb use_circle=\u00bbon\u00bb circle_color=\u00bb#E09900&#8243; use_icon_font_size=\u00bbon\u00bb icon_font_size=\u00bb60px\u00bb admin_label=\u00bbService 03&#8243; _builder_version=\u00bb4.9.11&#8243; header_font=\u00bb|700|||||||\u00bb header_text_color=\u00bb#0a548b\u00bb header_font_size=\u00bb22px\u00bb header_line_height=\u00bb1.8em\u00bb body_font_size=\u00bb16px\u00bb body_line_height=\u00bb1.9em\u00bb background_size=\u00bbinitial\u00bb background_position=\u00bbtop_left\u00bb background_repeat=\u00bbrepeat\u00bb text_orientation=\u00bbcenter\u00bb animation_style=\u00bbfold\u00bb animation_direction=\u00bbbottom\u00bb animation_delay=\u00bb300ms\u00bb animation_intensity_fold=\u00bb30%\u00bb global_colors_info=\u00bb{}\u00bb circle_color__hover_enabled=\u00bbon|hover\u00bb circle_color__hover=\u00bb#E09900&#8243;][\/et_pb_blurb][\/et_pb_column][\/et_pb_row][\/et_pb_section]<\/p>\n","protected":false},"excerpt":{"rendered":"<p>Formaci\u00f3n DocenteEn este espacio encontrar\u00e1s informaci\u00f3n sobrenuestras distintas propuestas formativas.JORNADAS Jornada \u201cImaginando el viaje al 2021\u201dDescripci\u00f3n: Los invitamos a una jornada de encuentro docente en donde reflexionaremos sobre las experiencias pedag\u00f3gicas que tuvieron lugar en este a\u00f1o, las actividades compartidas, as\u00ed como los desaf\u00edos y oportunidades que visualizamos para el a\u00f1o pr\u00f3ximo. Modalidad: Virtual Destinado [&hellip;]<\/p>\n","protected":false},"author":6649,"featured_media":0,"parent":1745,"menu_order":0,"comment_status":"closed","ping_status":"closed","template":"","meta":{"_et_pb_use_builder":"on","_et_pb_old_content":"","_et_gb_content_width":"","footnotes":""},"class_list":["post-2610","page","type-page","status-publish","hentry"],"_links":{"self":[{"href":"https:\/\/www.itba.edu.ar\/intranet\/portaldocente\/wp-json\/wp\/v2\/pages\/2610","targetHints":{"allow":["GET"]}}],"collection":[{"href":"https:\/\/www.itba.edu.ar\/intranet\/portaldocente\/wp-json\/wp\/v2\/pages"}],"about":[{"href":"https:\/\/www.itba.edu.ar\/intranet\/portaldocente\/wp-json\/wp\/v2\/types\/page"}],"author":[{"embeddable":true,"href":"https:\/\/www.itba.edu.ar\/intranet\/portaldocente\/wp-json\/wp\/v2\/users\/6649"}],"replies":[{"embeddable":true,"href":"https:\/\/www.itba.edu.ar\/intranet\/portaldocente\/wp-json\/wp\/v2\/comments?post=2610"}],"version-history":[{"count":15,"href":"https:\/\/www.itba.edu.ar\/intranet\/portaldocente\/wp-json\/wp\/v2\/pages\/2610\/revisions"}],"predecessor-version":[{"id":3203,"href":"https:\/\/www.itba.edu.ar\/intranet\/portaldocente\/wp-json\/wp\/v2\/pages\/2610\/revisions\/3203"}],"up":[{"embeddable":true,"href":"https:\/\/www.itba.edu.ar\/intranet\/portaldocente\/wp-json\/wp\/v2\/pages\/1745"}],"wp:attachment":[{"href":"https:\/\/www.itba.edu.ar\/intranet\/portaldocente\/wp-json\/wp\/v2\/media?parent=2610"}],"curies":[{"name":"wp","href":"https:\/\/api.w.org\/{rel}","templated":true}]}}