{"id":2240,"date":"2021-06-14T22:48:10","date_gmt":"2021-06-15T01:48:10","guid":{"rendered":"https:\/\/www.itba.edu.ar\/intranet\/portaldocente\/?page_id=2240"},"modified":"2021-08-18T11:43:42","modified_gmt":"2021-08-18T14:43:42","slug":"recursos-guias","status":"publish","type":"page","link":"https:\/\/www.itba.edu.ar\/intranet\/portaldocente\/recursos-guias\/","title":{"rendered":"Gu\u00edas y documentos"},"content":{"rendered":"<p>[et_pb_section fb_built=\u00bb1&#8243; admin_label=\u00bbCourses Hero\u00bb _builder_version=\u00bb4.9.7&#8243; background_color=\u00bb#0a548b\u00bb background_image=\u00bbhttps:\/\/www.itba.edu.ar\/intranet\/portaldocente\/wp-content\/uploads\/sites\/16\/2021\/05\/Imagen-Slider-central.jpg\u00bb background_blend=\u00bbmultiply\u00bb custom_margin=\u00bb-13px|||||\u00bb custom_padding=\u00bb0px|0px|1px|0px||\u00bb animation_style=\u00bbslide\u00bb animation_direction=\u00bbtop\u00bb animation_intensity_slide=\u00bb2%\u00bb locked=\u00bboff\u00bb global_colors_info=\u00bb{}\u00bb][et_pb_row _builder_version=\u00bb3.25&#8243; background_size=\u00bbinitial\u00bb background_position=\u00bbtop_left\u00bb background_repeat=\u00bbrepeat\u00bb min_height=\u00bb265.7px\u00bb custom_margin=\u00bb14px|auto||auto||\u00bb custom_width_px=\u00bb1280px\u00bb global_colors_info=\u00bb{}\u00bb][et_pb_column type=\u00bb4_4&#8243; _builder_version=\u00bb3.25&#8243; custom_padding=\u00bb|||\u00bb global_colors_info=\u00bb{}\u00bb custom_padding__hover=\u00bb|||\u00bb][et_pb_text _builder_version=\u00bb4.9.7&#8243; header_font=\u00bb|on|||\u00bb header_font_size=\u00bb42px\u00bb header_line_height=\u00bb1.3em\u00bb background_size=\u00bbinitial\u00bb background_position=\u00bbtop_left\u00bb background_repeat=\u00bbrepeat\u00bb text_orientation=\u00bbcenter\u00bb background_layout=\u00bbdark\u00bb max_width=\u00bb530px\u00bb module_alignment=\u00bbcenter\u00bb custom_padding=\u00bb|||\u00bb header_font_size_tablet=\u00bb\u00bb header_font_size_phone=\u00bb\u00bb header_font_size_last_edited=\u00bbon|desktop\u00bb locked=\u00bboff\u00bb global_colors_info=\u00bb{}\u00bb]<\/p>\n<h1><\/h1>\n<h1><\/h1>\n<h1><\/h1>\n<h1>Gu\u00edas y Documentos<\/h1>\n<p>[\/et_pb_text][et_pb_text _builder_version=\u00bb4.9.7&#8243; text_text_color=\u00bb#d4ccff\u00bb text_font_size=\u00bb16px\u00bb text_line_height=\u00bb1.9em\u00bb background_size=\u00bbinitial\u00bb background_position=\u00bbtop_left\u00bb background_repeat=\u00bbrepeat\u00bb text_orientation=\u00bbcenter\u00bb max_width=\u00bb540px\u00bb module_alignment=\u00bbcenter\u00bb locked=\u00bboff\u00bb global_colors_info=\u00bb{}\u00bb]<\/p>\n<p>En esta secci\u00f3n podr\u00e1s encontrar gu\u00edas y documentos que mejorar\u00e1n tu experiencia en el Campus Virtual ITBA.<\/p>\n<p>[\/et_pb_text][\/et_pb_column][\/et_pb_row][\/et_pb_section][et_pb_section fb_built=\u00bb1&#8243; _builder_version=\u00bb4.9.6&#8243; _module_preset=\u00bbdefault\u00bb global_colors_info=\u00bb{}\u00bb][et_pb_row _builder_version=\u00bb4.9.6&#8243; _module_preset=\u00bbdefault\u00bb global_colors_info=\u00bb{}\u00bb][et_pb_column type=\u00bb4_4&#8243; _builder_version=\u00bb4.9.6&#8243; _module_preset=\u00bbdefault\u00bb global_colors_info=\u00bb{}\u00bb]<div class=\"et_pb_module et_pb_blog_0  et_pb_css_mix_blend_mode et_pb_blog_grid_wrapper et_pb_bg_layout_light\">\n\t\t\t\t\n\t\t\t\t\n\t\t\t\t\n\t\t\t\t\n\t\t\t\t\n\t\t\t\t\n\t\t\t\t<div class=\"et_pb_module_inner\">\n\t\t\t\t\t<div class=\"et_pb_module et_pb_blog_0  et_pb_css_mix_blend_mode et_pb_blog_grid_wrapper et_pb_bg_layout_light\">\n\t\t\t\t\t<div class=\"et_pb_blog_grid clearfix \">\n\t\t\t\t\t\n\t\t\t\t\t\n\t\t\t\t\t\n\t\t\t\t\t\n\t\t\t\t\t<div class=\"et_pb_ajax_pagination_container\">\n\t\t\t\t\t\t<div class=\"et_pb_salvattore_content\" data-columns>\n\t\t\t<article id=\"post-3480\" class=\"et_pb_post clearfix et_pb_blog_item_0_0 post-3480 post type-post status-publish format-standard has-post-thumbnail hentry category-guias\">\n\n\t\t\t\t<div class=\"et_pb_image_container\"><a href=\"https:\/\/www.itba.edu.ar\/intranet\/portaldocente\/2022\/10\/27\/recomendaciones-para-tomar-examen\/\" class=\"entry-featured-image-url\"><img loading=\"lazy\" decoding=\"async\" src=\"https:\/\/intranet-nv.s3.amazonaws.com\/wp-content\/uploads\/sites\/16\/2022\/10\/examen-campus-tips-400x250.png\" alt=\"Recomendaciones para el momento de tomar examen\" class=\"\" srcset=\"https:\/\/intranet-nv.s3.amazonaws.com\/wp-content\/uploads\/sites\/16\/2022\/10\/examen-campus-tips.png 479w, https:\/\/intranet-nv.s3.amazonaws.com\/wp-content\/uploads\/sites\/16\/2022\/10\/examen-campus-tips-400x250.png 480w \" sizes=\"(max-width:479px) 479px, 100vw \"  width=\"400\" height=\"250\" \/><\/a><\/div>\n\t\t\t\t\t\t\t\t\t\t\t\t\t\t<h2 class=\"entry-title\">\n\t\t\t\t\t\t\t\t\t\t\t\t\t<a href=\"https:\/\/www.itba.edu.ar\/intranet\/portaldocente\/2022\/10\/27\/recomendaciones-para-tomar-examen\/\">Recomendaciones para el momento de tomar examen<\/a>\n\t\t\t\t\t\t\t\t\t\t\t<\/h2>\n\t\t\t\t\n\t\t\t\t\t<div class=\"post-content\"><div class=\"post-content-inner et_multi_view_hidden\"><p>[et_pb_section fb_built=\"1\" _builder_version=\"4.16\" global_colors_info=\"{}\"][et_pb_row _builder_version=\"4.16\" background_size=\"initial\" background_position=\"top_left\" background_repeat=\"repeat\" global_colors_info=\"{}\"][et_pb_column type=\"4_4\" _builder_version=\"4.16\"...<\/p>\n<\/div><\/div>\t\t\t\n\t\t\t<\/article>\n\t\t\t\t\n\t\t\t<article id=\"post-3313\" class=\"et_pb_post clearfix et_pb_blog_item_0_1 post-3313 post type-post status-publish format-standard has-post-thumbnail hentry category-guias\">\n\n\t\t\t\t<div class=\"et_pb_image_container\"><a href=\"https:\/\/www.itba.edu.ar\/intranet\/portaldocente\/2022\/03\/22\/descripcion-de-roles-en-campus-itba-2022\/\" class=\"entry-featured-image-url\"><img loading=\"lazy\" decoding=\"async\" src=\"https:\/\/intranet-nv.s3.amazonaws.com\/wp-content\/uploads\/sites\/16\/2022\/03\/istockphoto-1171911961-612x612-1-400x250.jpg\" alt=\"Descripci\u00f3n de roles en Campus ITBA 2022\" class=\"\" srcset=\"https:\/\/intranet-nv.s3.amazonaws.com\/wp-content\/uploads\/sites\/16\/2022\/03\/istockphoto-1171911961-612x612-1.jpg 479w, https:\/\/intranet-nv.s3.amazonaws.com\/wp-content\/uploads\/sites\/16\/2022\/03\/istockphoto-1171911961-612x612-1-400x250.jpg 480w \" sizes=\"(max-width:479px) 479px, 100vw \"  width=\"400\" height=\"250\" \/><\/a><\/div>\n\t\t\t\t\t\t\t\t\t\t\t\t\t\t<h2 class=\"entry-title\">\n\t\t\t\t\t\t\t\t\t\t\t\t\t<a href=\"https:\/\/www.itba.edu.ar\/intranet\/portaldocente\/2022\/03\/22\/descripcion-de-roles-en-campus-itba-2022\/\">Descripci\u00f3n de roles en Campus ITBA 2022<\/a>\n\t\t\t\t\t\t\t\t\t\t\t<\/h2>\n\t\t\t\t\n\t\t\t\t\t<div class=\"post-content\"><div class=\"post-content-inner et_multi_view_hidden\"><p>[et_pb_section fb_built=\"1\" _builder_version=\"4.16\" custom_margin=\"-1px|||||\" custom_padding=\"5px||0px|||\" global_colors_info=\"{}\"][et_pb_row _builder_version=\"4.16\" _module_preset=\"default\" custom_padding=\"0px|||||\" global_colors_info=\"{}\"][et_pb_column type=\"4_4\"...<\/p>\n<\/div><\/div>\t\t\t\n\t\t\t<\/article>\n\t\t\t\t\n\t\t\t<article id=\"post-3086\" class=\"et_pb_post clearfix et_pb_blog_item_0_2 post-3086 post type-post status-publish format-standard has-post-thumbnail hentry category-guias\">\n\n\t\t\t\t<div class=\"et_pb_image_container\"><a href=\"https:\/\/www.itba.edu.ar\/intranet\/portaldocente\/2021\/08\/23\/recomendaciones-para-realizar-grabaciones\/\" class=\"entry-featured-image-url\"><img loading=\"lazy\" decoding=\"async\" src=\"https:\/\/intranet-nv.s3.amazonaws.com\/wp-content\/uploads\/sites\/16\/2021\/08\/Recomendaciones-grabaciones-400x250.png\" alt=\"Recomendaciones para realizar grabaciones\" class=\"\" srcset=\"https:\/\/intranet-nv.s3.amazonaws.com\/wp-content\/uploads\/sites\/16\/2021\/08\/Recomendaciones-grabaciones.png 479w, https:\/\/intranet-nv.s3.amazonaws.com\/wp-content\/uploads\/sites\/16\/2021\/08\/Recomendaciones-grabaciones-400x250.png 480w \" sizes=\"(max-width:479px) 479px, 100vw \"  width=\"400\" height=\"250\" \/><\/a><\/div>\n\t\t\t\t\t\t\t\t\t\t\t\t\t\t<h2 class=\"entry-title\">\n\t\t\t\t\t\t\t\t\t\t\t\t\t<a href=\"https:\/\/www.itba.edu.ar\/intranet\/portaldocente\/2021\/08\/23\/recomendaciones-para-realizar-grabaciones\/\">Recomendaciones para realizar grabaciones<\/a>\n\t\t\t\t\t\t\t\t\t\t\t<\/h2>\n\t\t\t\t\n\t\t\t\t\t<div class=\"post-content\"><div class=\"post-content-inner et_multi_view_hidden\"><p>[et_pb_section fb_built=\"1\" _builder_version=\"3.22\" global_colors_info=\"{}\"][et_pb_row _builder_version=\"3.25\" background_size=\"initial\" background_position=\"top_left\" background_repeat=\"repeat\" global_colors_info=\"{}\"][et_pb_column type=\"4_4\" _builder_version=\"3.25\"...<\/p>\n<\/div><\/div>\t\t\t\n\t\t\t<\/article>\n\t\t\t\t\n\t\t\t<article id=\"post-2422\" class=\"et_pb_post clearfix et_pb_blog_item_0_3 post-2422 post type-post status-publish format-standard has-post-thumbnail hentry category-guias\">\n\n\t\t\t\t<div class=\"et_pb_image_container\"><a href=\"https:\/\/www.itba.edu.ar\/intranet\/portaldocente\/2021\/06\/15\/wiki-estructura-colaborativa-para-la-construccion-grupal-de-conocimientos\/\" class=\"entry-featured-image-url\"><img loading=\"lazy\" decoding=\"async\" src=\"https:\/\/intranet-nv.s3.amazonaws.com\/wp-content\/uploads\/sites\/16\/2021\/06\/wiki-400x250.png\" alt=\"WIKI &#8211; Estructura colaborativa para la construcci\u00f3n grupal\" class=\"\" srcset=\"https:\/\/intranet-nv.s3.amazonaws.com\/wp-content\/uploads\/sites\/16\/2021\/06\/wiki.png 479w, https:\/\/intranet-nv.s3.amazonaws.com\/wp-content\/uploads\/sites\/16\/2021\/06\/wiki-400x250.png 480w \" sizes=\"(max-width:479px) 479px, 100vw \"  width=\"400\" height=\"250\" \/><\/a><\/div>\n\t\t\t\t\t\t\t\t\t\t\t\t\t\t<h2 class=\"entry-title\">\n\t\t\t\t\t\t\t\t\t\t\t\t\t<a href=\"https:\/\/www.itba.edu.ar\/intranet\/portaldocente\/2021\/06\/15\/wiki-estructura-colaborativa-para-la-construccion-grupal-de-conocimientos\/\">WIKI &#8211; Estructura colaborativa para la construcci\u00f3n grupal<\/a>\n\t\t\t\t\t\t\t\t\t\t\t<\/h2>\n\t\t\t\t\n\t\t\t\t\t<div class=\"post-content\"><div class=\"post-content-inner et_multi_view_hidden\"><p>[et_pb_section fb_built=\"1\" _builder_version=\"3.22\" custom_margin=\"-1px|||||\" custom_padding=\"5px||0px|||\"][et_pb_row _builder_version=\"4.9.7\" _module_preset=\"default\" custom_padding=\"0px|||||\"][et_pb_column type=\"4_4\" _builder_version=\"4.9.7\"...<\/p>\n<\/div><\/div>\t\t\t\n\t\t\t<\/article>\n\t\t\t\t\n\t\t\t<article id=\"post-2414\" class=\"et_pb_post clearfix et_pb_blog_item_0_4 post-2414 post type-post status-publish format-standard has-post-thumbnail hentry category-guias\">\n\n\t\t\t\t<div class=\"et_pb_image_container\"><a href=\"https:\/\/www.itba.edu.ar\/intranet\/portaldocente\/2021\/06\/15\/examenes-finales-en-campus\/\" class=\"entry-featured-image-url\"><img loading=\"lazy\" decoding=\"async\" src=\"https:\/\/intranet-nv.s3.amazonaws.com\/wp-content\/uploads\/sites\/16\/2021\/06\/examenes-online-400x250.jpg\" alt=\"Ex\u00e1menes finales en el campus ITBA\" class=\"\" srcset=\"https:\/\/intranet-nv.s3.amazonaws.com\/wp-content\/uploads\/sites\/16\/2021\/06\/examenes-online.jpg 479w, https:\/\/intranet-nv.s3.amazonaws.com\/wp-content\/uploads\/sites\/16\/2021\/06\/examenes-online-400x250.jpg 480w \" sizes=\"(max-width:479px) 479px, 100vw \"  width=\"400\" height=\"250\" \/><\/a><\/div>\n\t\t\t\t\t\t\t\t\t\t\t\t\t\t<h2 class=\"entry-title\">\n\t\t\t\t\t\t\t\t\t\t\t\t\t<a href=\"https:\/\/www.itba.edu.ar\/intranet\/portaldocente\/2021\/06\/15\/examenes-finales-en-campus\/\">Ex\u00e1menes finales en el campus ITBA<\/a>\n\t\t\t\t\t\t\t\t\t\t\t<\/h2>\n\t\t\t\t\n\t\t\t\t\t<div class=\"post-content\"><div class=\"post-content-inner et_multi_view_hidden\"><p>[et_pb_section fb_built=\"1\" _builder_version=\"3.22\" custom_margin=\"-1px|||||\" custom_padding=\"5px||0px|||\"][et_pb_row _builder_version=\"4.9.7\" _module_preset=\"default\" custom_padding=\"0px|||||\"][et_pb_column type=\"4_4\" _builder_version=\"4.9.7\"...<\/p>\n<\/div><\/div>\t\t\t\n\t\t\t<\/article>\n\t\t\t\t\n\t\t\t<article id=\"post-2407\" class=\"et_pb_post clearfix et_pb_blog_item_0_5 post-2407 post type-post status-publish format-standard has-post-thumbnail hentry category-guias\">\n\n\t\t\t\t<div class=\"et_pb_image_container\"><a href=\"https:\/\/www.itba.edu.ar\/intranet\/portaldocente\/2021\/06\/15\/evaluaciones-finales-no-presenciales\/\" class=\"entry-featured-image-url\"><img loading=\"lazy\" decoding=\"async\" src=\"https:\/\/intranet-nv.s3.amazonaws.com\/wp-content\/uploads\/sites\/16\/2021\/06\/examenes-finales-400x250.png\" alt=\"Evaluaciones finales no presenciales\" class=\"\" srcset=\"https:\/\/intranet-nv.s3.amazonaws.com\/wp-content\/uploads\/sites\/16\/2021\/06\/examenes-finales.png 479w, https:\/\/intranet-nv.s3.amazonaws.com\/wp-content\/uploads\/sites\/16\/2021\/06\/examenes-finales-400x250.png 480w \" sizes=\"(max-width:479px) 479px, 100vw \"  width=\"400\" height=\"250\" \/><\/a><\/div>\n\t\t\t\t\t\t\t\t\t\t\t\t\t\t<h2 class=\"entry-title\">\n\t\t\t\t\t\t\t\t\t\t\t\t\t<a href=\"https:\/\/www.itba.edu.ar\/intranet\/portaldocente\/2021\/06\/15\/evaluaciones-finales-no-presenciales\/\">Evaluaciones finales no presenciales<\/a>\n\t\t\t\t\t\t\t\t\t\t\t<\/h2>\n\t\t\t\t\n\t\t\t\t\t<div class=\"post-content\"><div class=\"post-content-inner et_multi_view_hidden\"><p>[et_pb_section fb_built=\"1\" _builder_version=\"3.22\" custom_margin=\"-1px|||||\" custom_padding=\"5px||0px|||\"][et_pb_row _builder_version=\"4.9.7\" _module_preset=\"default\" custom_padding=\"0px|||||\"][et_pb_column type=\"4_4\" _builder_version=\"4.9.7\"...<\/p>\n<\/div><\/div>\t\t\t\n\t\t\t<\/article>\n\t\t\t\t\n\t\t\t<article id=\"post-2394\" class=\"et_pb_post clearfix et_pb_blog_item_0_6 post-2394 post type-post status-publish format-standard has-post-thumbnail hentry category-guias\">\n\n\t\t\t\t<div class=\"et_pb_image_container\"><a href=\"https:\/\/www.itba.edu.ar\/intranet\/portaldocente\/2021\/06\/15\/como-tomar-examenes-orales-en-la-sala-virtual\/\" class=\"entry-featured-image-url\"><img loading=\"lazy\" decoding=\"async\" src=\"https:\/\/intranet-nv.s3.amazonaws.com\/wp-content\/uploads\/sites\/16\/2021\/06\/examenes-campus-400x250.jpg\" alt=\"\u00bfC\u00f3mo tomar ex\u00e1menes orales en la sala virtual?\" class=\"\" srcset=\"https:\/\/intranet-nv.s3.amazonaws.com\/wp-content\/uploads\/sites\/16\/2021\/06\/examenes-campus.jpg 479w, https:\/\/intranet-nv.s3.amazonaws.com\/wp-content\/uploads\/sites\/16\/2021\/06\/examenes-campus-400x250.jpg 480w \" sizes=\"(max-width:479px) 479px, 100vw \"  width=\"400\" height=\"250\" \/><\/a><\/div>\n\t\t\t\t\t\t\t\t\t\t\t\t\t\t<h2 class=\"entry-title\">\n\t\t\t\t\t\t\t\t\t\t\t\t\t<a href=\"https:\/\/www.itba.edu.ar\/intranet\/portaldocente\/2021\/06\/15\/como-tomar-examenes-orales-en-la-sala-virtual\/\">\u00bfC\u00f3mo tomar ex\u00e1menes orales en la sala virtual?<\/a>\n\t\t\t\t\t\t\t\t\t\t\t<\/h2>\n\t\t\t\t\n\t\t\t\t\t<div class=\"post-content\"><div class=\"post-content-inner et_multi_view_hidden\"><p>[et_pb_section fb_built=\"1\" _builder_version=\"3.22\" custom_margin=\"-1px|||||\" custom_padding=\"5px||0px|||\"][et_pb_row _builder_version=\"4.9.7\" _module_preset=\"default\" custom_padding=\"0px|||||\"][et_pb_column type=\"4_4\" _builder_version=\"4.9.7\"...<\/p>\n<\/div><\/div>\t\t\t\n\t\t\t<\/article>\n\t\t\t\t\n\t\t\t<article id=\"post-2247\" class=\"et_pb_post clearfix et_pb_blog_item_0_7 post-2247 post type-post status-publish format-standard has-post-thumbnail hentry category-guias\">\n\n\t\t\t\t<div class=\"et_pb_image_container\"><a href=\"https:\/\/www.itba.edu.ar\/intranet\/portaldocente\/2021\/06\/14\/buenas-practicas-de-ensenanza-y-aprendizaje-en-campus\/\" class=\"entry-featured-image-url\"><img loading=\"lazy\" decoding=\"async\" src=\"https:\/\/intranet-nv.s3.amazonaws.com\/wp-content\/uploads\/sites\/16\/2021\/06\/examenes-campus-2-400x250.jpg\" alt=\"Buenas pr\u00e1cticas de ense\u00f1anza y aprendizaje en Campus\" class=\"\" srcset=\"https:\/\/intranet-nv.s3.amazonaws.com\/wp-content\/uploads\/sites\/16\/2021\/06\/examenes-campus-2.jpg 479w, https:\/\/intranet-nv.s3.amazonaws.com\/wp-content\/uploads\/sites\/16\/2021\/06\/examenes-campus-2-400x250.jpg 480w \" sizes=\"(max-width:479px) 479px, 100vw \"  width=\"400\" height=\"250\" \/><\/a><\/div>\n\t\t\t\t\t\t\t\t\t\t\t\t\t\t<h2 class=\"entry-title\">\n\t\t\t\t\t\t\t\t\t\t\t\t\t<a href=\"https:\/\/www.itba.edu.ar\/intranet\/portaldocente\/2021\/06\/14\/buenas-practicas-de-ensenanza-y-aprendizaje-en-campus\/\">Buenas pr\u00e1cticas de ense\u00f1anza y aprendizaje en Campus<\/a>\n\t\t\t\t\t\t\t\t\t\t\t<\/h2>\n\t\t\t\t\n\t\t\t\t\t<div class=\"post-content\"><div class=\"post-content-inner et_multi_view_hidden\"><p>[et_pb_section fb_built=\"1\" _builder_version=\"3.22\" custom_margin=\"-1px|||||\" custom_padding=\"5px||0px|||\"][et_pb_row _builder_version=\"4.9.7\" _module_preset=\"default\" custom_padding=\"0px|||||\"][et_pb_column type=\"4_4\" _builder_version=\"4.9.7\"...<\/p>\n<\/div><\/div>\t\t\t\n\t\t\t<\/article>\n\t\t\t\t<\/div>\n\t\t\t\t\t<\/div>\n\t\t\t\t\t<\/div> \n\t\t\t\t<\/div>\n\t\t\t\t<\/div>\n\t\t\t<\/div>[\/et_pb_column][\/et_pb_row][\/et_pb_section][et_pb_section fb_built=\u00bb1&#8243; disabled_on=\u00bboff|off|off\u00bb admin_label=\u00bbServices\u00bb _builder_version=\u00bb4.9.6&#8243; background_color=\u00bbrgba(130,130,130,0)\u00bb vertical_offset=\u00bb0px\u00bb max_width=\u00bb85%\u00bb module_alignment=\u00bbcenter\u00bb min_height=\u00bb5%\u00bb height=\u00bb5%\u00bb max_height=\u00bb3%\u00bb custom_padding=\u00bb50px|0px|0px|0px|false|false\u00bb global_colors_info=\u00bb{}\u00bb][et_pb_row column_structure=\u00bb1_3,1_3,1_3&#8243; _builder_version=\u00bb4.9.5&#8243; background_size=\u00bbinitial\u00bb background_position=\u00bbtop_left\u00bb background_repeat=\u00bbrepeat\u00bb vertical_offset=\u00bb0px\u00bb custom_padding=\u00bb|||\u00bb global_colors_info=\u00bb{}\u00bb][et_pb_column type=\u00bb1_3&#8243; _builder_version=\u00bb3.25&#8243; background_position=\u00bbtop_left\u00bb custom_padding=\u00bb|||\u00bb global_colors_info=\u00bb{}\u00bb custom_padding__hover=\u00bb|||\u00bb][et_pb_blurb title=\u00bbVideotutoriales\u00bb url=\u00bbhttps:\/\/www.itba.edu.ar\/intranet\/portaldocente\/recursos-videotutoriales\/\u00bb use_icon=\u00bbon\u00bb font_icon=\u00bb%%40%%\u00bb icon_color=\u00bb#FFFFFF\u00bb use_circle=\u00bbon\u00bb circle_color=\u00bb#50bcbe\u00bb use_icon_font_size=\u00bbon\u00bb icon_font_size=\u00bb60px\u00bb admin_label=\u00bbService 01&#8243; _builder_version=\u00bb4.9.6&#8243; header_font=\u00bb|700|||||||\u00bb header_text_color=\u00bb#0a548b\u00bb header_font_size=\u00bb22px\u00bb header_line_height=\u00bb1.8em\u00bb body_font_size=\u00bb16px\u00bb body_line_height=\u00bb1.9em\u00bb background_size=\u00bbinitial\u00bb background_position=\u00bbtop_left\u00bb background_repeat=\u00bbrepeat\u00bb text_orientation=\u00bbcenter\u00bb animation_style=\u00bbfold\u00bb animation_direction=\u00bbbottom\u00bb animation_intensity_fold=\u00bb30%\u00bb global_colors_info=\u00bb{}\u00bb circle_color__hover_enabled=\u00bbon|hover\u00bb circle_color__hover=\u00bb#E09900&#8243;][\/et_pb_blurb][\/et_pb_column][et_pb_column type=\u00bb1_3&#8243; _builder_version=\u00bb3.25&#8243; background_position=\u00bbtop_left\u00bb custom_padding=\u00bb|||\u00bb global_colors_info=\u00bb{}\u00bb custom_padding__hover=\u00bb|||\u00bb][et_pb_blurb title=\u00bbGu\u00edas y documentos\u00bb url=\u00bbhttps:\/\/www.itba.edu.ar\/intranet\/portaldocente\/recursos-guias\/\u00bb use_icon=\u00bbon\u00bb font_icon=\u00bb%%71%%\u00bb icon_color=\u00bb#FFFFFF\u00bb use_circle=\u00bbon\u00bb circle_color=\u00bb#e7257e\u00bb use_icon_font_size=\u00bbon\u00bb icon_font_size=\u00bb60px\u00bb admin_label=\u00bbService 02&#8243; _builder_version=\u00bb4.9.11&#8243; header_font=\u00bb|700|||||||\u00bb header_text_color=\u00bb#0a548b\u00bb header_font_size=\u00bb22px\u00bb header_line_height=\u00bb1.8em\u00bb body_font_size=\u00bb16px\u00bb body_line_height=\u00bb1.9em\u00bb background_size=\u00bbinitial\u00bb background_position=\u00bbtop_left\u00bb background_repeat=\u00bbrepeat\u00bb text_orientation=\u00bbcenter\u00bb animation_style=\u00bbfold\u00bb animation_direction=\u00bbbottom\u00bb animation_delay=\u00bb100ms\u00bb animation_intensity_fold=\u00bb30%\u00bb hover_enabled=\u00bb0&#8243; global_colors_info=\u00bb{}\u00bb circle_color__hover_enabled=\u00bbon|hover\u00bb circle_color__hover=\u00bb#E09900&#8243; sticky_enabled=\u00bb0&#8243;][\/et_pb_blurb][\/et_pb_column][et_pb_column type=\u00bb1_3&#8243; _builder_version=\u00bb3.25&#8243; background_position=\u00bbtop_left\u00bb custom_padding=\u00bb|||\u00bb global_colors_info=\u00bb{}\u00bb custom_padding__hover=\u00bb|||\u00bb][et_pb_blurb title=\u00bbInfograf\u00edas\u00bb url=\u00bbhttps:\/\/www.itba.edu.ar\/intranet\/portaldocente\/recursos-infografias\/\u00bb use_icon=\u00bbon\u00bb font_icon=\u00bb%%160%%\u00bb icon_color=\u00bb#FFFFFF\u00bb use_circle=\u00bbon\u00bb circle_color=\u00bb#00af30&#8243; use_icon_font_size=\u00bbon\u00bb icon_font_size=\u00bb60px\u00bb admin_label=\u00bbService 03&#8243; _builder_version=\u00bb4.9.11&#8243; header_font=\u00bb|700|||||||\u00bb header_text_color=\u00bb#0a548b\u00bb header_font_size=\u00bb22px\u00bb header_line_height=\u00bb1.8em\u00bb body_font_size=\u00bb16px\u00bb body_line_height=\u00bb1.9em\u00bb background_size=\u00bbinitial\u00bb background_position=\u00bbtop_left\u00bb background_repeat=\u00bbrepeat\u00bb text_orientation=\u00bbcenter\u00bb animation_style=\u00bbfold\u00bb animation_direction=\u00bbbottom\u00bb animation_delay=\u00bb300ms\u00bb animation_intensity_fold=\u00bb30%\u00bb hover_enabled=\u00bb0&#8243; global_colors_info=\u00bb{}\u00bb circle_color__hover_enabled=\u00bbon|hover\u00bb circle_color__hover=\u00bb#E09900&#8243; sticky_enabled=\u00bb0&#8243;][\/et_pb_blurb][\/et_pb_column][\/et_pb_row][\/et_pb_section][et_pb_section fb_built=\u00bb1&#8243; _builder_version=\u00bb4.9.5&#8243; _module_preset=\u00bbdefault\u00bb global_colors_info=\u00bb{}\u00bb][\/et_pb_section]<\/p>\n","protected":false},"excerpt":{"rendered":"<p>Gu\u00edas y DocumentosEn esta secci\u00f3n podr\u00e1s encontrar gu\u00edas y documentos que mejorar\u00e1n tu experiencia en el Campus Virtual ITBA.<\/p>\n","protected":false},"author":6649,"featured_media":0,"parent":0,"menu_order":0,"comment_status":"closed","ping_status":"closed","template":"","meta":{"_et_pb_use_builder":"on","_et_pb_old_content":"","_et_gb_content_width":"","footnotes":""},"class_list":["post-2240","page","type-page","status-publish","hentry"],"_links":{"self":[{"href":"https:\/\/www.itba.edu.ar\/intranet\/portaldocente\/wp-json\/wp\/v2\/pages\/2240","targetHints":{"allow":["GET"]}}],"collection":[{"href":"https:\/\/www.itba.edu.ar\/intranet\/portaldocente\/wp-json\/wp\/v2\/pages"}],"about":[{"href":"https:\/\/www.itba.edu.ar\/intranet\/portaldocente\/wp-json\/wp\/v2\/types\/page"}],"author":[{"embeddable":true,"href":"https:\/\/www.itba.edu.ar\/intranet\/portaldocente\/wp-json\/wp\/v2\/users\/6649"}],"replies":[{"embeddable":true,"href":"https:\/\/www.itba.edu.ar\/intranet\/portaldocente\/wp-json\/wp\/v2\/comments?post=2240"}],"version-history":[{"count":17,"href":"https:\/\/www.itba.edu.ar\/intranet\/portaldocente\/wp-json\/wp\/v2\/pages\/2240\/revisions"}],"predecessor-version":[{"id":3079,"href":"https:\/\/www.itba.edu.ar\/intranet\/portaldocente\/wp-json\/wp\/v2\/pages\/2240\/revisions\/3079"}],"wp:attachment":[{"href":"https:\/\/www.itba.edu.ar\/intranet\/portaldocente\/wp-json\/wp\/v2\/media?parent=2240"}],"curies":[{"name":"wp","href":"https:\/\/api.w.org\/{rel}","templated":true}]}}