{"id":82,"date":"2016-06-27T14:27:49","date_gmt":"2016-06-27T14:27:49","guid":{"rendered":"https:\/\/www.itba.edu.ar\/intranet\/ols\/?page_id=82"},"modified":"2024-01-18T13:57:39","modified_gmt":"2024-01-18T16:57:39","slug":"ols","status":"publish","type":"page","link":"https:\/\/www.itba.edu.ar\/intranet\/ols\/","title":{"rendered":"OLS"},"content":{"rendered":"<p>[et_pb_section fb_built=&#8221;1&#8243; fullwidth=&#8221;on&#8221; custom_padding_last_edited=&#8221;on|desktop&#8221; admin_label=&#8221;section&#8221; module_id=&#8221;inicio&#8221; _builder_version=&#8221;4.22.1&#8243; background_color=&#8221;#2e2e2e&#8221; custom_padding_tablet=&#8221;50px|0|50px|0&#8243; custom_padding_phone=&#8221;&#8221; transparent_background=&#8221;off&#8221; padding_mobile=&#8221;off&#8221; make_fullwidth=&#8221;off&#8221; use_custom_width=&#8221;off&#8221; width_unit=&#8221;on&#8221; global_colors_info=&#8221;{}&#8221;][et_pb_fullwidth_slider _builder_version=&#8221;4.23.1&#8243; background_position=&#8221;top_left&#8221; custom_padding=&#8221;|||&#8221; auto=&#8221;on&#8221; z_index_tablet=&#8221;500&#8243; global_colors_info=&#8221;{}&#8221; button_text_size__hover_enabled=&#8221;off&#8221; button_text_size__hover=&#8221;null&#8221; button_one_text_size__hover_enabled=&#8221;off&#8221; button_one_text_size__hover=&#8221;null&#8221; button_two_text_size__hover_enabled=&#8221;off&#8221; button_two_text_size__hover=&#8221;null&#8221; button_text_color__hover_enabled=&#8221;off&#8221; button_text_color__hover=&#8221;null&#8221; button_one_text_color__hover_enabled=&#8221;off&#8221; button_one_text_color__hover=&#8221;null&#8221; button_two_text_color__hover_enabled=&#8221;off&#8221; button_two_text_color__hover=&#8221;null&#8221; button_border_width__hover_enabled=&#8221;off&#8221; button_border_width__hover=&#8221;null&#8221; button_one_border_width__hover_enabled=&#8221;off&#8221; button_one_border_width__hover=&#8221;null&#8221; button_two_border_width__hover_enabled=&#8221;off&#8221; button_two_border_width__hover=&#8221;null&#8221; button_border_color__hover_enabled=&#8221;off&#8221; button_border_color__hover=&#8221;null&#8221; button_one_border_color__hover_enabled=&#8221;off&#8221; button_one_border_color__hover=&#8221;null&#8221; button_two_border_color__hover_enabled=&#8221;off&#8221; button_two_border_color__hover=&#8221;null&#8221; button_border_radius__hover_enabled=&#8221;off&#8221; button_border_radius__hover=&#8221;null&#8221; button_one_border_radius__hover_enabled=&#8221;off&#8221; button_one_border_radius__hover=&#8221;null&#8221; button_two_border_radius__hover_enabled=&#8221;off&#8221; button_two_border_radius__hover=&#8221;null&#8221; button_letter_spacing__hover_enabled=&#8221;off&#8221; button_letter_spacing__hover=&#8221;null&#8221; button_one_letter_spacing__hover_enabled=&#8221;off&#8221; button_one_letter_spacing__hover=&#8221;null&#8221; button_two_letter_spacing__hover_enabled=&#8221;off&#8221; button_two_letter_spacing__hover=&#8221;null&#8221; button_bg_color__hover_enabled=&#8221;off&#8221; button_bg_color__hover=&#8221;null&#8221; button_one_bg_color__hover_enabled=&#8221;off&#8221; button_one_bg_color__hover=&#8221;null&#8221; button_two_bg_color__hover_enabled=&#8221;off&#8221; button_two_bg_color__hover=&#8221;null&#8221;][et_pb_slide heading=&#8221;Bienvenido al sitio del Observatorio de Log\u00edstica Sustentable del Instituto Tecnol\u00f3gico de Buenos Aires&#8221; image=&#8221;https:\/\/intranet-nv.s3.amazonaws.com\/wp-content\/uploads\/sites\/4\/2017\/09\/OLS1.png&#8221; use_bg_overlay=&#8221;off&#8221; use_text_overlay=&#8221;on&#8221; text_overlay_color=&#8221;#205179&#8243; _builder_version=&#8221;4.23.1&#8243; header_font=&#8221;||||&#8221; header_font_size=&#8221;41&#8243; header_letter_spacing=&#8221;1px&#8221; header_line_height=&#8221;1.1em&#8221; body_font=&#8221;||||&#8221; body_line_height=&#8221;1.1em&#8221; background_color=&#8221;#205179&#8243; background_size=&#8221;contain&#8221; background_position=&#8221;top_left&#8221; button_on_hover=&#8221;on&#8221; header_font_size_tablet=&#8221;30&#8243; header_font_size_phone=&#8221;30&#8243; header_letter_spacing_tablet=&#8221;1px&#8221; header_letter_spacing_phone=&#8221;1px&#8221; header_line_height_tablet=&#8221;3.1em&#8221; header_line_height_phone=&#8221;3.1em&#8221; body_line_height_tablet=&#8221;1.1em&#8221; body_line_height_phone=&#8221;1.1em&#8221; global_colors_info=&#8221;{}&#8221; sticky_transition=&#8221;on&#8221;][\/et_pb_slide][et_pb_slide heading=&#8221;Publicamos la \u201cGu\u00eda de Buenas Pr\u00e1cticas para la log\u00edstica y sustentabilidad\u201d&#8221; button_text=&#8221;\u00a1Con\u00f3zcala!&#8221; button_link=&#8221;https:\/\/intranet-nv.s3.amazonaws.com\/wp-content\/uploads\/sites\/4\/2016\/10\/Gu%C3%ADa-de-Buenas-Pr%C3%A1cticas-para-la-Log%C3%ADstica-y-la-Sustentabilidad.pdf&#8221; use_bg_overlay=&#8221;off&#8221; use_text_overlay=&#8221;on&#8221; _builder_version=&#8221;4.16&#8243; header_font=&#8221;||||&#8221; header_font_size=&#8221;25&#8243; body_font=&#8221;||||&#8221; background_color=&#8221;#205179&#8243; background_size=&#8221;contain&#8221; background_position=&#8221;bottom_center&#8221; custom_button=&#8221;on&#8221; button_bg_color=&#8221;rgba(0,0,0,0.56)&#8221; button_font=&#8221;||||&#8221; button_icon_placement=&#8221;right&#8221; button_on_hover=&#8221;on&#8221; header_font_size_tablet=&#8221;35&#8243; header_font_size_phone=&#8221;35&#8243; global_colors_info=&#8221;{}&#8221; sticky_transition=&#8221;on&#8221;][\/et_pb_slide][\/et_pb_fullwidth_slider][\/et_pb_section][et_pb_section fb_built=&#8221;1&#8243; module_id=&#8221;quienessomos&#8221; _builder_version=&#8221;4.22.1&#8243; _module_preset=&#8221;default&#8221; custom_padding=&#8221;17px||14px|||&#8221; global_colors_info=&#8221;{}&#8221;][et_pb_row _builder_version=&#8221;4.22.1&#8243; _module_preset=&#8221;default&#8221; custom_margin=&#8221;|auto|27px|auto||&#8221; global_colors_info=&#8221;{}&#8221;][et_pb_column type=&#8221;4_4&#8243; _builder_version=&#8221;4.22.1&#8243; _module_preset=&#8221;default&#8221; global_colors_info=&#8221;{}&#8221;][et_pb_text _builder_version=&#8221;4.22.1&#8243; _module_preset=&#8221;default&#8221; global_colors_info=&#8221;{}&#8221;]<\/p>\n<h2><strong>Quienes Somos<\/strong><\/h2>\n<p>[\/et_pb_text][et_pb_text _builder_version=&#8221;4.22.1&#8243; _module_preset=&#8221;default&#8221; custom_margin=&#8221;-14px|||||&#8221; global_colors_info=&#8221;{}&#8221;]<\/p>\n<p>El Observatorio de Log\u00edstica Sustentable (OLS), nacido en 2013, es un espacio de trabajo e investigaci\u00f3n que forma parte del Centro de Log\u00edstica Integrada y Operaciones (CLIO), dependiente del Departamento de Ingenier\u00eda Industrial del Instituto Tecnol\u00f3gico de Buenos Aires (ITBA)<\/p>\n<p><span>Est\u00e1 formado por industrias, operadores log\u00edsticos, profesionales independientes, docentes y representantes de entes estatales, todos relacionados con la log\u00edstica y particularmente interesados en los aspectos de la sustentabilidad derivados de esta actividad.<\/span><\/p>\n<p>[\/et_pb_text][\/et_pb_column][\/et_pb_row][et_pb_row column_structure=&#8221;1_2,1_2&#8243; _builder_version=&#8221;4.23.4&#8243; _module_preset=&#8221;default&#8221; custom_margin=&#8221;-35px|186px|||false|false&#8221; custom_padding=&#8221;20px|0px||||&#8221; hover_enabled=&#8221;0&#8243; global_colors_info=&#8221;{}&#8221; sticky_enabled=&#8221;0&#8243; custom_margin_last_edited=&#8221;on|phone&#8221; custom_margin_phone=&#8221;-35px|186px||0px|false|false&#8221; custom_margin_tablet=&#8221;-35px|186px|||false|false&#8221;][et_pb_column type=&#8221;1_2&#8243; _builder_version=&#8221;4.22.1&#8243; _module_preset=&#8221;default&#8221; global_colors_info=&#8221;{}&#8221;][et_pb_image src=&#8221;https:\/\/intranet-nv.s3.amazonaws.com\/wp-content\/uploads\/sites\/4\/2017\/02\/juan-carlos-lopez-marti_750x563.jpg&#8221; title_text=&#8221;juan-carlos-lopez-marti_750x563&#8243; disabled_on=&#8221;on|on|off&#8221; _builder_version=&#8221;4.23.4&#8243; _module_preset=&#8221;default&#8221; global_colors_info=&#8221;{}&#8221;][\/et_pb_image][\/et_pb_column][et_pb_column type=&#8221;1_2&#8243; _builder_version=&#8221;4.22.1&#8243; _module_preset=&#8221;default&#8221; global_colors_info=&#8221;{}&#8221;][et_pb_text content_tablet=&#8221;<\/p>\n<h3><strong>Coordinador: Juan Carlos L\u00f3pez Mart\u00ed<\/strong><\/h3>\n<p>&#8221; content_phone=&#8221;<\/p>\n<h3><strong>Coordinador: Juan Carlos L\u00f3pez Mart\u00ed<\/strong><\/h3>\n<p>&#8221; content_last_edited=&#8221;on|desktop&#8221; _builder_version=&#8221;4.23.1&#8243; _module_preset=&#8221;default&#8221; custom_margin=&#8221;|||40px|false|false&#8221; global_colors_info=&#8221;{}&#8221;]<\/p>\n<h3><strong>Coordinador: Juan Carlos L\u00f3pez Mart\u00ed<\/strong><\/h3>\n<p>[\/et_pb_text][et_pb_text _builder_version=&#8221;4.23.1&#8243; _module_preset=&#8221;default&#8221; width=&#8221;100%&#8221; custom_margin=&#8221;-12px|-19px||40px|false|false&#8221; custom_padding=&#8221;|0px||||&#8221; global_colors_info=&#8221;{}&#8221;]<\/p>\n<p><span>Lic. en Organizaci\u00f3n y Adm. de Empresas UADE. Postgrado en Negociaci\u00f3n UCA y en Gesti\u00f3n de Negocios UdeSA. Docente y Consultor especializado en temas de SCM y Operaciones. Entre otras, sus \u00faltimas \u00a0experiencias profesionales fueron como Director de Abastecimiento y Log\u00edstica de TIM Per\u00fa y Telecom Personal.<\/span><br \/><span>Actividad docente en el ITBA:<\/span><br \/><span>\u2013 Escuela de Grado: ex titular de las materias Log\u00edstica y Orga I, ex Docente Gu\u00eda y ex Coordinador \u00c1rea Operaciones de la carrera Ing. Industrial.<\/span><br \/><span>\u2013 Escuela de Post Grado: Co Director y profesor del Diplomado en Gesti\u00f3n Portuaria y V\u00edas Navegables. Co autor y ex profesor de la especializaci\u00f3n en Log\u00edstica Integral (EGLI).<\/span><br \/><span>En otras entidades educativas: docente de Post Grado invitado en la UNSAM (Argentina), UPC (Univ. Peruana de Ciencias) y en la UTP (Univ. Tecnol\u00f3gica de Per\u00fa).<\/span><\/p>\n<p>[\/et_pb_text][\/et_pb_column][\/et_pb_row][\/et_pb_section][et_pb_section fb_built=&#8221;1&#8243; module_id=&#8221;mision&#8221; _builder_version=&#8221;4.22.1&#8243; _module_preset=&#8221;default&#8221; background_color=&#8221;#efefef&#8221; custom_padding=&#8221;84px||43px|||&#8221; global_colors_info=&#8221;{}&#8221;][et_pb_row _builder_version=&#8221;4.22.1&#8243; _module_preset=&#8221;default&#8221; custom_padding=&#8221;||13px|||&#8221; global_colors_info=&#8221;{}&#8221;][et_pb_column type=&#8221;4_4&#8243; _builder_version=&#8221;4.22.1&#8243; _module_preset=&#8221;default&#8221; global_colors_info=&#8221;{}&#8221;][et_pb_text _builder_version=&#8221;4.22.1&#8243; _module_preset=&#8221;default&#8221; custom_margin=&#8221;-38px||15px|||&#8221; global_colors_info=&#8221;{}&#8221;]<\/p>\n<h2 style=\"text-align: center\"><strong>Misi\u00f3n<\/strong><\/h2>\n<p>[\/et_pb_text][et_pb_text _builder_version=&#8221;4.22.1&#8243; _module_preset=&#8221;default&#8221; global_colors_info=&#8221;{}&#8221;]<\/p>\n<p style=\"text-align: justify\"><span>Conformar marco apropiado para los an\u00e1lisis, debates y propuestas de proyectos que faciliten la labor p\u00fablico-privada en las decisiones relacionadas con soluciones para la disminuci\u00f3n de emisiones contaminantes del medio ambiente, y un adecuado uso de los recursos naturales.<\/span><\/p>\n<p>[\/et_pb_text][\/et_pb_column][\/et_pb_row][et_pb_row column_structure=&#8221;1_2,1_2&#8243; _builder_version=&#8221;4.22.1&#8243; _module_preset=&#8221;default&#8221; width=&#8221;100%&#8221; custom_padding=&#8221;19px|||0px||&#8221; global_colors_info=&#8221;{}&#8221;][et_pb_column type=&#8221;1_2&#8243; _builder_version=&#8221;4.22.1&#8243; _module_preset=&#8221;default&#8221; global_colors_info=&#8221;{}&#8221;][et_pb_text _builder_version=&#8221;4.22.1&#8243; _module_preset=&#8221;default&#8221; custom_padding=&#8221;||0px|||&#8221; global_colors_info=&#8221;{}&#8221;]<\/p>\n<h2 style=\"text-align: center\"><strong>Visi\u00f3n<\/strong><\/h2>\n<p>[\/et_pb_text][et_pb_text _builder_version=&#8221;4.23.1&#8243; _module_preset=&#8221;default&#8221; custom_margin=&#8221;-23px|40px||40px|false|false&#8221; custom_padding=&#8221;2px|||||&#8221; global_colors_info=&#8221;{}&#8221;]<\/p>\n<p style=\"text-align: justify\"><span>Ser referente de organismos p\u00fablicos y empresas privadas en cuanto al conocimiento detallado de las mejoras pr\u00e1cticas log\u00edsticas para el desarrollo sustentable de la Argentina, compatibilizando el cuidado del medio ambiente con la mejora en la eficiencia econ\u00f3mica de las operaciones.<\/span><\/p>\n<p>[\/et_pb_text][\/et_pb_column][et_pb_column type=&#8221;1_2&#8243; _builder_version=&#8221;4.22.1&#8243; _module_preset=&#8221;default&#8221; global_colors_info=&#8221;{}&#8221;][et_pb_text _builder_version=&#8221;4.22.1&#8243; _module_preset=&#8221;default&#8221; global_colors_info=&#8221;{}&#8221;]<\/p>\n<h2 style=\"text-align: center\"><strong>Objetivos<\/strong><\/h2>\n<p>[\/et_pb_text][et_pb_text _builder_version=&#8221;4.23.1&#8243; _module_preset=&#8221;default&#8221; custom_margin=&#8221;-24px|40px||40px|false|true&#8221; global_colors_info=&#8221;{}&#8221;]<\/p>\n<p style=\"text-align: justify\">Desde la perspectiva acad\u00e9mica, desarrollar, promover y compartir actividades de formaci\u00f3n para empresas e instituciones involucradas en este tema. Desde la perspectiva de la aplicaci\u00f3n pr\u00e1ctica de los conocimientos, elaborar documentos, notas t\u00e9cnicas, indicadores, estad\u00edsticas y difundir buenas pr\u00e1cticas.<\/p>\n<p>[\/et_pb_text][\/et_pb_column][\/et_pb_row][\/et_pb_section][et_pb_section fb_built=&#8221;1&#8243; module_id=&#8221;contacto&#8221; _builder_version=&#8221;4.22.1&#8243; _module_preset=&#8221;default&#8221; background_color=&#8221;#efefef&#8221; min_height=&#8221;45.8px&#8221; custom_padding=&#8221;0px||0px|||&#8221; global_colors_info=&#8221;{}&#8221;][et_pb_row _builder_version=&#8221;4.22.1&#8243; _module_preset=&#8221;default&#8221; global_colors_info=&#8221;{}&#8221;][et_pb_column type=&#8221;4_4&#8243; _builder_version=&#8221;4.22.1&#8243; _module_preset=&#8221;default&#8221; global_colors_info=&#8221;{}&#8221;][et_pb_divider show_divider=&#8221;off&#8221; _builder_version=&#8221;4.22.1&#8243; _module_preset=&#8221;default&#8221; global_colors_info=&#8221;{}&#8221;][\/et_pb_divider][\/et_pb_column][\/et_pb_row][\/et_pb_section]<\/p>\n","protected":false},"excerpt":{"rendered":"<p>Quienes SomosEl Observatorio de Log\u00edstica Sustentable (OLS), nacido en 2013, es un espacio de trabajo e investigaci\u00f3n que forma parte del Centro de Log\u00edstica Integrada y Operaciones (CLIO), dependiente del Departamento de Ingenier\u00eda Industrial del Instituto Tecnol\u00f3gico de Buenos Aires (ITBA) Est\u00e1 formado por industrias, operadores log\u00edsticos, profesionales independientes, docentes y representantes de entes estatales, [&hellip;]<\/p>\n","protected":false},"author":64,"featured_media":0,"parent":0,"menu_order":0,"comment_status":"closed","ping_status":"closed","template":"","meta":{"_et_pb_use_builder":"on","_et_pb_old_content":"","_et_gb_content_width":"","footnotes":""},"class_list":["post-82","page","type-page","status-publish","hentry"],"_links":{"self":[{"href":"https:\/\/www.itba.edu.ar\/intranet\/ols\/wp-json\/wp\/v2\/pages\/82","targetHints":{"allow":["GET"]}}],"collection":[{"href":"https:\/\/www.itba.edu.ar\/intranet\/ols\/wp-json\/wp\/v2\/pages"}],"about":[{"href":"https:\/\/www.itba.edu.ar\/intranet\/ols\/wp-json\/wp\/v2\/types\/page"}],"author":[{"embeddable":true,"href":"https:\/\/www.itba.edu.ar\/intranet\/ols\/wp-json\/wp\/v2\/users\/64"}],"replies":[{"embeddable":true,"href":"https:\/\/www.itba.edu.ar\/intranet\/ols\/wp-json\/wp\/v2\/comments?post=82"}],"version-history":[{"count":129,"href":"https:\/\/www.itba.edu.ar\/intranet\/ols\/wp-json\/wp\/v2\/pages\/82\/revisions"}],"predecessor-version":[{"id":1910,"href":"https:\/\/www.itba.edu.ar\/intranet\/ols\/wp-json\/wp\/v2\/pages\/82\/revisions\/1910"}],"wp:attachment":[{"href":"https:\/\/www.itba.edu.ar\/intranet\/ols\/wp-json\/wp\/v2\/media?parent=82"}],"curies":[{"name":"wp","href":"https:\/\/api.w.org\/{rel}","templated":true}]}}