{"id":1740,"date":"2023-10-22T17:26:18","date_gmt":"2023-10-22T20:26:18","guid":{"rendered":"https:\/\/www.itba.edu.ar\/intranet\/ols\/?page_id=1740"},"modified":"2023-10-22T17:32:47","modified_gmt":"2023-10-22T20:32:47","slug":"prensa","status":"publish","type":"page","link":"https:\/\/www.itba.edu.ar\/intranet\/ols\/prensa\/","title":{"rendered":"Prensa"},"content":{"rendered":"<p>[et_pb_section fb_built=&#8221;1&#8243; _builder_version=&#8221;4.22.1&#8243; _module_preset=&#8221;default&#8221; custom_margin=&#8221;-3px|||||&#8221; custom_padding=&#8221;5px|||||&#8221; locked=&#8221;off&#8221; global_colors_info=&#8221;{}&#8221;][et_pb_row column_structure=&#8221;1_3,1_3,1_3&#8243; _builder_version=&#8221;4.22.1&#8243; _module_preset=&#8221;default&#8221; width=&#8221;82.2%&#8221; custom_margin=&#8221;|auto||71px||&#8221; custom_padding=&#8221;45px||1px|0px||&#8221; global_colors_info=&#8221;{}&#8221;][et_pb_column type=&#8221;1_3&#8243; _builder_version=&#8221;4.22.1&#8243; _module_preset=&#8221;default&#8221; global_colors_info=&#8221;{}&#8221;][et_pb_text _builder_version=&#8221;4.22.1&#8243; _module_preset=&#8221;default&#8221; custom_padding=&#8221;3px|212px|8px|||&#8221; global_colors_info=&#8221;{}&#8221;]<\/p>\n<p><strong>Filtrar por:<\/strong><\/p>\n<p>[\/et_pb_text][\/et_pb_column][et_pb_column type=&#8221;1_3&#8243; _builder_version=&#8221;4.22.1&#8243; _module_preset=&#8221;default&#8221; global_colors_info=&#8221;{}&#8221;][et_pb_menu menu_id=&#8221;102&#8243; _builder_version=&#8221;4.22.1&#8243; _module_preset=&#8221;default&#8221; custom_margin=&#8221;|||-288px||&#8221; custom_padding=&#8221;||22px|0px||&#8221; hover_enabled=&#8221;0&#8243; global_colors_info=&#8221;{}&#8221; sticky_enabled=&#8221;0&#8243;][\/et_pb_menu][\/et_pb_column][et_pb_column type=&#8221;1_3&#8243; _builder_version=&#8221;4.22.1&#8243; _module_preset=&#8221;default&#8221; global_colors_info=&#8221;{}&#8221;][\/et_pb_column][\/et_pb_row][et_pb_row _builder_version=&#8221;4.22.1&#8243; _module_preset=&#8221;default&#8221; global_colors_info=&#8221;{}&#8221;][et_pb_column type=&#8221;4_4&#8243; _builder_version=&#8221;4.22.1&#8243; _module_preset=&#8221;default&#8221; global_colors_info=&#8221;{}&#8221;]<div class=\"et_pb_module et_pb_blog_0  et_pb_css_mix_blend_mode et_pb_blog_grid_wrapper et_pb_bg_layout_light\">\n\t\t\t\t\n\t\t\t\t\n\t\t\t\t\n\t\t\t\t\n\t\t\t\t\n\t\t\t\t\n\t\t\t\t<div class=\"et_pb_module_inner\">\n\t\t\t\t\t<div class=\"et_pb_module et_pb_blog_0  et_pb_css_mix_blend_mode et_pb_blog_grid_wrapper et_pb_bg_layout_light\">\n\t\t\t\t\t<div class=\"et_pb_blog_grid clearfix  et_pb_text_align_left\">\n\t\t\t\t\t\n\t\t\t\t\t\n\t\t\t\t\t\n\t\t\t\t\t\n\t\t\t\t\t<div class=\"et_pb_ajax_pagination_container\">\n\t\t\t\t\t\t<div class=\"et_pb_salvattore_content\" data-columns>\n\t\t\t<article id=\"post-1486\" class=\"et_pb_post clearfix et_pb_has_overlay et_pb_blog_item_0_0 post-1486 post type-post status-publish format-standard has-post-thumbnail hentry category-prensa tag-combustibles-alternativos tag-logistica-sustentable tag-sustentabilidad tag-transporte-de-carga\">\n\n\t\t\t\t<div class=\"et_pb_image_container\"><a href=\"https:\/\/www.itba.edu.ar\/intranet\/ols\/enfasis-logistica-mar21\/\" class=\"entry-featured-image-url\"><img loading=\"lazy\" decoding=\"async\" src=\"https:\/\/intranet-nv.s3.amazonaws.com\/wp-content\/uploads\/sites\/4\/2021\/05\/electric-car-concept-in-green-environment-concept-1536x768-1-400x250.jpg\" alt=\"&#8220;El futuro de los combustibles alternativos en el transporte pesado de cargas&#8221; &#8211; Revista \u00c9nfasis Log\u00edstica\" class=\"\" srcset=\"https:\/\/intranet-nv.s3.amazonaws.com\/wp-content\/uploads\/sites\/4\/2021\/05\/electric-car-concept-in-green-environment-concept-1536x768-1.jpg 479w, https:\/\/intranet-nv.s3.amazonaws.com\/wp-content\/uploads\/sites\/4\/2021\/05\/electric-car-concept-in-green-environment-concept-1536x768-1-400x250.jpg 480w \" sizes=\"(max-width:479px) 479px, 100vw \"  width=\"400\" height=\"250\" \/><span class=\"et_overlay et_pb_inline_icon\" data-icon=\"I\"><\/span><\/a><\/div>\n\t\t\t\t\t\t\t\t\t\t\t\t\t\t<h2 class=\"entry-title\">\n\t\t\t\t\t\t\t\t\t\t\t\t\t<a href=\"https:\/\/www.itba.edu.ar\/intranet\/ols\/enfasis-logistica-mar21\/\">&#8220;El futuro de los combustibles alternativos en el transporte pesado de cargas&#8221; &#8211; Revista \u00c9nfasis Log\u00edstica<\/a>\n\t\t\t\t\t\t\t\t\t\t\t<\/h2>\n\t\t\t\t\n\t\t\t\t\t<p class=\"post-meta\"><span class=\"published\">viernes 7 de mayo de 2021<\/span> | <a href=\"https:\/\/www.itba.edu.ar\/intranet\/ols\/category\/novedades\/prensa\/\" rel=\"tag\">Prensa<\/a><\/p><div class=\"post-content\"><div class=\"post-content-inner\"><p>La nota realizada a Gonzalo L\u00f3pez Escriv\u00e1 y Alex Adem aborda el futuro de los combustibles alternativos en el transporte pesado de cargas.<\/p>\n<\/div><\/div>\t\t\t\n\t\t\t<\/article>\n\t\t\t\t\n\t\t\t<article id=\"post-1480\" class=\"et_pb_post clearfix et_pb_no_thumb et_pb_has_overlay et_pb_blog_item_0_1 post-1480 post type-post status-publish format-standard hentry category-prensa tag-encuesta-de-sustentabilidad tag-reporte-de-sustentabilidad\">\n\n\t\t\t\t\n\t\t\t\t\t\t\t\t\t\t\t\t\t\t<h2 class=\"entry-title\">\n\t\t\t\t\t\t\t\t\t\t\t\t\t<a href=\"https:\/\/www.itba.edu.ar\/intranet\/ols\/comunicarse2\/\">&#8220;Las mejores pr\u00e1cticas sustentables en el sector log\u00edstico&#8221; &#8211; Portal ComunicarSe<\/a>\n\t\t\t\t\t\t\t\t\t\t\t<\/h2>\n\t\t\t\t\n\t\t\t\t\t<p class=\"post-meta\"><span class=\"published\">viernes 7 de mayo de 2021<\/span> | <a href=\"https:\/\/www.itba.edu.ar\/intranet\/ols\/category\/novedades\/prensa\/\" rel=\"tag\">Prensa<\/a><\/p><div class=\"post-content\"><div class=\"post-content-inner\"><p>El portal ComunicarSe le realiz\u00f3 una nota a Juan Carlos L\u00f3pez Mart\u00ed acerca de la situaci\u00f3n actual de la sustentabilidad en la log\u00edstica.<\/p>\n<\/div><\/div>\t\t\t\n\t\t\t<\/article>\n\t\t\t\t\n\t\t\t<article id=\"post-1358\" class=\"et_pb_post clearfix et_pb_has_overlay et_pb_blog_item_0_2 post-1358 post type-post status-publish format-standard has-post-thumbnail hentry category-prensa tag-encuesta-de-sustentabilidad tag-reporte-de-sustentabilidad\">\n\n\t\t\t\t<div class=\"et_pb_image_container\"><a href=\"https:\/\/www.itba.edu.ar\/intranet\/ols\/enfasis-logistica-2\/\" class=\"entry-featured-image-url\"><img loading=\"lazy\" decoding=\"async\" src=\"https:\/\/intranet-nv.s3.amazonaws.com\/wp-content\/uploads\/sites\/4\/2018\/08\/Logo-enfasis-logistica-400x250.jpg\" alt=\"&#8220;Estado de situaci\u00f3n, argentino y regional, de la sustentabilidad log\u00edstica&#8221; &#8211; Revista \u00c9nfasis Log\u00edstica\" class=\"\" srcset=\"https:\/\/intranet-nv.s3.amazonaws.com\/wp-content\/uploads\/sites\/4\/2018\/08\/Logo-enfasis-logistica.jpg 479w, https:\/\/intranet-nv.s3.amazonaws.com\/wp-content\/uploads\/sites\/4\/2018\/08\/Logo-enfasis-logistica-400x250.jpg 480w \" sizes=\"(max-width:479px) 479px, 100vw \"  width=\"400\" height=\"250\" \/><span class=\"et_overlay et_pb_inline_icon\" data-icon=\"I\"><\/span><\/a><\/div>\n\t\t\t\t\t\t\t\t\t\t\t\t\t\t<h2 class=\"entry-title\">\n\t\t\t\t\t\t\t\t\t\t\t\t\t<a href=\"https:\/\/www.itba.edu.ar\/intranet\/ols\/enfasis-logistica-2\/\">&#8220;Estado de situaci\u00f3n, argentino y regional, de la sustentabilidad log\u00edstica&#8221; &#8211; Revista \u00c9nfasis Log\u00edstica<\/a>\n\t\t\t\t\t\t\t\t\t\t\t<\/h2>\n\t\t\t\t\n\t\t\t\t\t<p class=\"post-meta\"><span class=\"published\">mi\u00e9rcoles 8 de julio de 2020<\/span> | <a href=\"https:\/\/www.itba.edu.ar\/intranet\/ols\/category\/novedades\/prensa\/\" rel=\"tag\">Prensa<\/a><\/p><div class=\"post-content\"><div class=\"post-content-inner\"><p>La Revista \u00c9nfasis Log\u00edstica realiz\u00f3 una nota a Juan Carlos L\u00f3pez Mart\u00ed y a Gonzalo L\u00f3pez Escriv\u00e1 acerca de la situaci\u00f3n actual de la sustentabilidad en la log\u00edstica.<\/p>\n<\/div><\/div>\t\t\t\n\t\t\t<\/article>\n\t\t\t\t\n\t\t\t<article id=\"post-1331\" class=\"et_pb_post clearfix et_pb_has_overlay et_pb_blog_item_0_3 post-1331 post type-post status-publish format-standard has-post-thumbnail hentry category-prensa tag-economia-circular tag-encuesta-de-sustentabilidad tag-reporte-de-sustentabilidad tag-responsabilidad-corporativa tag-sustentabilidad\">\n\n\t\t\t\t<div class=\"et_pb_image_container\"><a href=\"https:\/\/www.itba.edu.ar\/intranet\/ols\/jun2003-2\/\" class=\"entry-featured-image-url\"><img loading=\"lazy\" decoding=\"async\" src=\"https:\/\/intranet-nv.s3.amazonaws.com\/wp-content\/uploads\/sites\/4\/2020\/07\/OLS-Informe-Sustentable-01-1-400x250.png\" alt=\"Repercusiones medi\u00e1ticas de la Encuesta 2019 del OLS\" class=\"\" srcset=\"https:\/\/intranet-nv.s3.amazonaws.com\/wp-content\/uploads\/sites\/4\/2020\/07\/OLS-Informe-Sustentable-01-1.png 479w, https:\/\/intranet-nv.s3.amazonaws.com\/wp-content\/uploads\/sites\/4\/2020\/07\/OLS-Informe-Sustentable-01-1-400x250.png 480w \" sizes=\"(max-width:479px) 479px, 100vw \"  width=\"400\" height=\"250\" \/><span class=\"et_overlay et_pb_inline_icon\" data-icon=\"I\"><\/span><\/a><\/div>\n\t\t\t\t\t\t\t\t\t\t\t\t\t\t<h2 class=\"entry-title\">\n\t\t\t\t\t\t\t\t\t\t\t\t\t<a href=\"https:\/\/www.itba.edu.ar\/intranet\/ols\/jun2003-2\/\">Repercusiones medi\u00e1ticas de la Encuesta 2019 del OLS<\/a>\n\t\t\t\t\t\t\t\t\t\t\t<\/h2>\n\t\t\t\t\n\t\t\t\t\t<p class=\"post-meta\"><span class=\"published\">martes 30 de junio de 2020<\/span> | <a href=\"https:\/\/www.itba.edu.ar\/intranet\/ols\/category\/novedades\/prensa\/\" rel=\"tag\">Prensa<\/a><\/p><div class=\"post-content\"><div class=\"post-content-inner\"><p>Repercusiones en diferentes medios de la Encuesta 2019 del CLIO \/ OLS<\/p>\n<\/div><\/div>\t\t\t\n\t\t\t<\/article>\n\t\t\t\t\n\t\t\t<article id=\"post-1325\" class=\"et_pb_post clearfix et_pb_has_overlay et_pb_blog_item_0_4 post-1325 post type-post status-publish format-standard has-post-thumbnail hentry category-prensa tag-economia-circular tag-reporte-de-sustentabilidad tag-responsabilidad-corporativa tag-sustentabilidad\">\n\n\t\t\t\t<div class=\"et_pb_image_container\"><a href=\"https:\/\/www.itba.edu.ar\/intranet\/ols\/jun2003\/\" class=\"entry-featured-image-url\"><img loading=\"lazy\" decoding=\"async\" src=\"https:\/\/intranet-nv.s3.amazonaws.com\/wp-content\/uploads\/sites\/4\/2020\/06\/unirse-logo.jpeg\" alt=\"2do Encuentro de Miembros del OLS (Jun-20)\" class=\"\" srcset=\"https:\/\/intranet-nv.s3.amazonaws.com\/wp-content\/uploads\/sites\/4\/2020\/06\/unirse-logo.jpeg 479w, https:\/\/intranet-nv.s3.amazonaws.com\/wp-content\/uploads\/sites\/4\/2020\/06\/unirse-logo.jpeg 480w \" sizes=\"(max-width:479px) 479px, 100vw \"  width=\"400\" height=\"250\" \/><span class=\"et_overlay et_pb_inline_icon\" data-icon=\"I\"><\/span><\/a><\/div>\n\t\t\t\t\t\t\t\t\t\t\t\t\t\t<h2 class=\"entry-title\">\n\t\t\t\t\t\t\t\t\t\t\t\t\t<a href=\"https:\/\/www.itba.edu.ar\/intranet\/ols\/jun2003\/\">2do Encuentro de Miembros del OLS (Jun-20)<\/a>\n\t\t\t\t\t\t\t\t\t\t\t<\/h2>\n\t\t\t\t\n\t\t\t\t\t<p class=\"post-meta\"><span class=\"published\">viernes 12 de junio de 2020<\/span> | <a href=\"https:\/\/www.itba.edu.ar\/intranet\/ols\/category\/novedades\/prensa\/\" rel=\"tag\">Prensa<\/a><\/p><div class=\"post-content\"><div class=\"post-content-inner\"><p>El portal &#8220;uniRSE&#8221; public\u00f3 la convocatoria al 2do Encuentro de Miembros del OLS (Jun-20).<\/p>\n<\/div><\/div>\t\t\t\n\t\t\t<\/article>\n\t\t\t\t\n\t\t\t<article id=\"post-1187\" class=\"et_pb_post clearfix et_pb_has_overlay et_pb_blog_item_0_5 post-1187 post type-post status-publish format-standard has-post-thumbnail hentry category-prensa\">\n\n\t\t\t\t<div class=\"et_pb_image_container\"><a href=\"https:\/\/www.itba.edu.ar\/intranet\/ols\/evento_cierre_2019\/\" class=\"entry-featured-image-url\"><img loading=\"lazy\" decoding=\"async\" src=\"https:\/\/intranet-nv.s3.amazonaws.com\/wp-content\/uploads\/sites\/4\/2020\/04\/OLS-Imagen-400x250.jpg\" alt=\"&#8220;El Impacto de la Econom\u00eda Circular en la Log\u00edstica&#8221; &#8211; Gerencia Ambiental\" class=\"\" srcset=\"https:\/\/intranet-nv.s3.amazonaws.com\/wp-content\/uploads\/sites\/4\/2020\/04\/OLS-Imagen.jpg 479w, https:\/\/intranet-nv.s3.amazonaws.com\/wp-content\/uploads\/sites\/4\/2020\/04\/OLS-Imagen-400x250.jpg 480w \" sizes=\"(max-width:479px) 479px, 100vw \"  width=\"400\" height=\"250\" \/><span class=\"et_overlay et_pb_inline_icon\" data-icon=\"I\"><\/span><\/a><\/div>\n\t\t\t\t\t\t\t\t\t\t\t\t\t\t<h2 class=\"entry-title\">\n\t\t\t\t\t\t\t\t\t\t\t\t\t<a href=\"https:\/\/www.itba.edu.ar\/intranet\/ols\/evento_cierre_2019\/\">&#8220;El Impacto de la Econom\u00eda Circular en la Log\u00edstica&#8221; &#8211; Gerencia Ambiental<\/a>\n\t\t\t\t\t\t\t\t\t\t\t<\/h2>\n\t\t\t\t\n\t\t\t\t\t<p class=\"post-meta\"><span class=\"published\">lunes 13 de abril de 2020<\/span> | <a href=\"https:\/\/www.itba.edu.ar\/intranet\/ols\/category\/novedades\/prensa\/\" rel=\"tag\">Prensa<\/a><\/p><div class=\"post-content\"><div class=\"post-content-inner\"><p>Desde &#8220;Gerencia Ambiental&#8221; se realiza una nota en el marco del Encuentro de Cierre de A\u00f1o 2019 de los Miembros del OLS.<\/p>\n<\/div><\/div>\t\t\t\n\t\t\t<\/article>\n\t\t\t\t\n\t\t\t<article id=\"post-1110\" class=\"et_pb_post clearfix et_pb_has_overlay et_pb_blog_item_0_6 post-1110 post type-post status-publish format-standard has-post-thumbnail hentry category-prensa\">\n\n\t\t\t\t<div class=\"et_pb_image_container\"><a href=\"https:\/\/www.itba.edu.ar\/intranet\/ols\/maquinasyequipos-encuesta-2018\/\" class=\"entry-featured-image-url\"><img loading=\"lazy\" decoding=\"async\" src=\"https:\/\/intranet-nv.s3.amazonaws.com\/wp-content\/uploads\/sites\/4\/2019\/05\/maquinas-y-equipos-400x111.png\" alt=\"&#8220;Quinta encuesta de log\u00edstica sustentable de Argentina&#8221;- M\u00e1quinas y Equipos\" class=\"\" srcset=\"https:\/\/intranet-nv.s3.amazonaws.com\/wp-content\/uploads\/sites\/4\/2019\/05\/maquinas-y-equipos.png 479w, https:\/\/intranet-nv.s3.amazonaws.com\/wp-content\/uploads\/sites\/4\/2019\/05\/maquinas-y-equipos-400x111.png 480w \" sizes=\"(max-width:479px) 479px, 100vw \"  width=\"400\" height=\"250\" \/><span class=\"et_overlay et_pb_inline_icon\" data-icon=\"I\"><\/span><\/a><\/div>\n\t\t\t\t\t\t\t\t\t\t\t\t\t\t<h2 class=\"entry-title\">\n\t\t\t\t\t\t\t\t\t\t\t\t\t<a href=\"https:\/\/www.itba.edu.ar\/intranet\/ols\/maquinasyequipos-encuesta-2018\/\">&#8220;Quinta encuesta de log\u00edstica sustentable de Argentina&#8221;- M\u00e1quinas y Equipos<\/a>\n\t\t\t\t\t\t\t\t\t\t\t<\/h2>\n\t\t\t\t\n\t\t\t\t\t<p class=\"post-meta\"><span class=\"published\">viernes 17 de mayo de 2019<\/span> | <a href=\"https:\/\/www.itba.edu.ar\/intranet\/ols\/category\/novedades\/prensa\/\" rel=\"tag\">Prensa<\/a><\/p><div class=\"post-content\"><div class=\"post-content-inner\"><p>Desde &#8220;M\u00e1quinas y Equipos&#8221; se realiza una nota acerca de la Quinta Encuesta de Log\u00edstica y Sustentabilidad en Argentina realizada por el OLS. <\/p>\n<\/div><\/div>\t\t\t\n\t\t\t<\/article>\n\t\t\t\t\n\t\t\t<article id=\"post-1107\" class=\"et_pb_post clearfix et_pb_has_overlay et_pb_blog_item_0_7 post-1107 post type-post status-publish format-standard has-post-thumbnail hentry category-prensa\">\n\n\t\t\t\t<div class=\"et_pb_image_container\"><a href=\"https:\/\/www.itba.edu.ar\/intranet\/ols\/info-transporte-logistica-encuesta-2018\/\" class=\"entry-featured-image-url\"><img loading=\"lazy\" decoding=\"async\" src=\"https:\/\/intranet-nv.s3.amazonaws.com\/wp-content\/uploads\/sites\/4\/2018\/08\/HeaderPortalTyL-1200-400x250.jpg\" alt=\"&#8220;La sustentabilidad log\u00edstica, en cifras&#8221;- Info transporte y log\u00edstica\" class=\"\" srcset=\"https:\/\/intranet-nv.s3.amazonaws.com\/wp-content\/uploads\/sites\/4\/2018\/08\/HeaderPortalTyL-1200.jpg 479w, https:\/\/intranet-nv.s3.amazonaws.com\/wp-content\/uploads\/sites\/4\/2018\/08\/HeaderPortalTyL-1200-400x250.jpg 480w \" sizes=\"(max-width:479px) 479px, 100vw \"  width=\"400\" height=\"250\" \/><span class=\"et_overlay et_pb_inline_icon\" data-icon=\"I\"><\/span><\/a><\/div>\n\t\t\t\t\t\t\t\t\t\t\t\t\t\t<h2 class=\"entry-title\">\n\t\t\t\t\t\t\t\t\t\t\t\t\t<a href=\"https:\/\/www.itba.edu.ar\/intranet\/ols\/info-transporte-logistica-encuesta-2018\/\">&#8220;La sustentabilidad log\u00edstica, en cifras&#8221;- Info transporte y log\u00edstica<\/a>\n\t\t\t\t\t\t\t\t\t\t\t<\/h2>\n\t\t\t\t\n\t\t\t\t\t<p class=\"post-meta\"><span class=\"published\">viernes 17 de mayo de 2019<\/span> | <a href=\"https:\/\/www.itba.edu.ar\/intranet\/ols\/category\/novedades\/prensa\/\" rel=\"tag\">Prensa<\/a><\/p><div class=\"post-content\"><div class=\"post-content-inner\"><p>Desde Info Trasnporte y Log\u00edstica se realiza una nota acerca de la Quinta Encuesta de Log\u00edstica y Sustentabilidad en Argentina realizada por el OLS. <\/p>\n<\/div><\/div>\t\t\t\n\t\t\t<\/article>\n\t\t\t\t\n\t\t\t<article id=\"post-1102\" class=\"et_pb_post clearfix et_pb_has_overlay et_pb_blog_item_0_8 post-1102 post type-post status-publish format-standard has-post-thumbnail hentry category-prensa\">\n\n\t\t\t\t<div class=\"et_pb_image_container\"><a href=\"https:\/\/www.itba.edu.ar\/intranet\/ols\/globalports-encuesta-2018\/\" class=\"entry-featured-image-url\"><img loading=\"lazy\" decoding=\"async\" src=\"https:\/\/intranet-nv.s3.amazonaws.com\/wp-content\/uploads\/sites\/4\/2019\/05\/globalports-logo.png\" alt=\"&#8220;Resultados de la encuesta de situaci\u00f3n de la log\u00edstica sustentable en la Argentina&#8221;- GlobalPorts\" class=\"\" srcset=\"https:\/\/intranet-nv.s3.amazonaws.com\/wp-content\/uploads\/sites\/4\/2019\/05\/globalports-logo.png 479w, https:\/\/intranet-nv.s3.amazonaws.com\/wp-content\/uploads\/sites\/4\/2019\/05\/globalports-logo.png 480w \" sizes=\"(max-width:479px) 479px, 100vw \"  width=\"400\" height=\"250\" \/><span class=\"et_overlay et_pb_inline_icon\" data-icon=\"I\"><\/span><\/a><\/div>\n\t\t\t\t\t\t\t\t\t\t\t\t\t\t<h2 class=\"entry-title\">\n\t\t\t\t\t\t\t\t\t\t\t\t\t<a href=\"https:\/\/www.itba.edu.ar\/intranet\/ols\/globalports-encuesta-2018\/\">&#8220;Resultados de la encuesta de situaci\u00f3n de la log\u00edstica sustentable en la Argentina&#8221;- GlobalPorts<\/a>\n\t\t\t\t\t\t\t\t\t\t\t<\/h2>\n\t\t\t\t\n\t\t\t\t\t<p class=\"post-meta\"><span class=\"published\">viernes 17 de mayo de 2019<\/span> | <a href=\"https:\/\/www.itba.edu.ar\/intranet\/ols\/category\/novedades\/prensa\/\" rel=\"tag\">Prensa<\/a><\/p><div class=\"post-content\"><div class=\"post-content-inner\"><p>El portal Globalports realiza una nota acerca de la Quinta Encuesta de Log\u00edstica y Sustentabilidad en Argentina realizada por el OLS. <\/p>\n<\/div><\/div>\t\t\t\n\t\t\t<\/article>\n\t\t\t\t\n\t\t\t<article id=\"post-1049\" class=\"et_pb_post clearfix et_pb_has_overlay et_pb_blog_item_0_9 post-1049 post type-post status-publish format-standard has-post-thumbnail hentry category-prensa\">\n\n\t\t\t\t<div class=\"et_pb_image_container\"><a href=\"https:\/\/www.itba.edu.ar\/intranet\/ols\/enfasis-logistica\/\" class=\"entry-featured-image-url\"><img loading=\"lazy\" decoding=\"async\" src=\"https:\/\/intranet-nv.s3.amazonaws.com\/wp-content\/uploads\/sites\/4\/2018\/08\/Logo-enfasis-logistica-400x250.jpg\" alt=\"&#8220;\u00bfD\u00f3nde estamos?&#8221;- Revista \u00c9nfasis Log\u00edstica\" class=\"\" srcset=\"https:\/\/intranet-nv.s3.amazonaws.com\/wp-content\/uploads\/sites\/4\/2018\/08\/Logo-enfasis-logistica.jpg 479w, https:\/\/intranet-nv.s3.amazonaws.com\/wp-content\/uploads\/sites\/4\/2018\/08\/Logo-enfasis-logistica-400x250.jpg 480w \" sizes=\"(max-width:479px) 479px, 100vw \"  width=\"400\" height=\"250\" \/><span class=\"et_overlay et_pb_inline_icon\" data-icon=\"I\"><\/span><\/a><\/div>\n\t\t\t\t\t\t\t\t\t\t\t\t\t\t<h2 class=\"entry-title\">\n\t\t\t\t\t\t\t\t\t\t\t\t\t<a href=\"https:\/\/www.itba.edu.ar\/intranet\/ols\/enfasis-logistica\/\">&#8220;\u00bfD\u00f3nde estamos?&#8221;- Revista \u00c9nfasis Log\u00edstica<\/a>\n\t\t\t\t\t\t\t\t\t\t\t<\/h2>\n\t\t\t\t\n\t\t\t\t\t<p class=\"post-meta\"><span class=\"published\">martes 21 de agosto de 2018<\/span> | <a href=\"https:\/\/www.itba.edu.ar\/intranet\/ols\/category\/novedades\/prensa\/\" rel=\"tag\">Prensa<\/a><\/p><div class=\"post-content\"><div class=\"post-content-inner\"><p>La Revista \u00c9nfasis Log\u00edstica realiza una nota acerca de la Cuarta Encuesta de Log\u00edstica y Sustentabilidad en Argentina realizada por el OLS. <\/p>\n<\/div><\/div>\t\t\t\n\t\t\t<\/article>\n\t\t\t\t<\/div><div><div class=\"pagination clearfix\">\n\t<div class=\"alignleft\"><a href=\"https:\/\/www.itba.edu.ar\/intranet\/ols\/wp-json\/wp\/v2\/pages\/1740\/page\/2\/?et_blog\" >&laquo; Older Entries<\/a><\/div>\n\t<div class=\"alignright\"><\/div>\n<\/div><\/div><\/div>\n\t\t\t\t\t<\/div>\n\t\t\t\t\t \n\t\t\t\t<\/div>\n\t\t\t\t<\/div>\n\t\t\t<\/div>[\/et_pb_column][\/et_pb_row][\/et_pb_section]<\/p>\n","protected":false},"excerpt":{"rendered":"<p>Filtrar por:<\/p>\n","protected":false},"author":64,"featured_media":0,"parent":0,"menu_order":0,"comment_status":"closed","ping_status":"closed","template":"","meta":{"_et_pb_use_builder":"on","_et_pb_old_content":"","_et_gb_content_width":"","footnotes":""},"class_list":["post-1740","page","type-page","status-publish","hentry"],"_links":{"self":[{"href":"https:\/\/www.itba.edu.ar\/intranet\/ols\/wp-json\/wp\/v2\/pages\/1740","targetHints":{"allow":["GET"]}}],"collection":[{"href":"https:\/\/www.itba.edu.ar\/intranet\/ols\/wp-json\/wp\/v2\/pages"}],"about":[{"href":"https:\/\/www.itba.edu.ar\/intranet\/ols\/wp-json\/wp\/v2\/types\/page"}],"author":[{"embeddable":true,"href":"https:\/\/www.itba.edu.ar\/intranet\/ols\/wp-json\/wp\/v2\/users\/64"}],"replies":[{"embeddable":true,"href":"https:\/\/www.itba.edu.ar\/intranet\/ols\/wp-json\/wp\/v2\/comments?post=1740"}],"version-history":[{"count":4,"href":"https:\/\/www.itba.edu.ar\/intranet\/ols\/wp-json\/wp\/v2\/pages\/1740\/revisions"}],"predecessor-version":[{"id":1749,"href":"https:\/\/www.itba.edu.ar\/intranet\/ols\/wp-json\/wp\/v2\/pages\/1740\/revisions\/1749"}],"wp:attachment":[{"href":"https:\/\/www.itba.edu.ar\/intranet\/ols\/wp-json\/wp\/v2\/media?parent=1740"}],"curies":[{"name":"wp","href":"https:\/\/api.w.org\/{rel}","templated":true}]}}