{"id":1717,"date":"2023-10-18T19:23:06","date_gmt":"2023-10-18T22:23:06","guid":{"rendered":"https:\/\/www.itba.edu.ar\/intranet\/ols\/?page_id=1717"},"modified":"2023-12-07T14:45:39","modified_gmt":"2023-12-07T17:45:39","slug":"publicaciones","status":"publish","type":"page","link":"https:\/\/www.itba.edu.ar\/intranet\/ols\/publicaciones\/","title":{"rendered":"Publicaciones"},"content":{"rendered":"<p>[et_pb_section fb_built=&#8221;1&#8243; _builder_version=&#8221;4.23.1&#8243; _module_preset=&#8221;default&#8221; custom_margin=&#8221;-3px|||||&#8221; custom_padding=&#8221;5px|||||&#8221; hover_enabled=&#8221;0&#8243; locked=&#8221;off&#8221; global_colors_info=&#8221;{}&#8221; sticky_enabled=&#8221;0&#8243;][et_pb_row column_structure=&#8221;1_3,1_3,1_3&#8243; _builder_version=&#8221;4.23.1&#8243; _module_preset=&#8221;default&#8221; width=&#8221;82.2%&#8221; custom_margin=&#8221;|auto||71px||&#8221; custom_padding=&#8221;45px||0px|0px||&#8221; hover_enabled=&#8221;0&#8243; global_colors_info=&#8221;{}&#8221; disabled_on=&#8221;on|on|off&#8221; sticky_enabled=&#8221;0&#8243;][et_pb_column type=&#8221;1_3&#8243; _builder_version=&#8221;4.22.1&#8243; _module_preset=&#8221;default&#8221; global_colors_info=&#8221;{}&#8221;][et_pb_text _builder_version=&#8221;4.23.1&#8243; _module_preset=&#8221;default&#8221; custom_padding=&#8221;3px|212px|8px|||&#8221; hover_enabled=&#8221;0&#8243; global_colors_info=&#8221;{}&#8221; disabled_on=&#8221;off|off|off&#8221; sticky_enabled=&#8221;0&#8243;]<\/p>\n<p><strong>Filtrar por:<\/strong><\/p>\n<p>[\/et_pb_text][\/et_pb_column][et_pb_column type=&#8221;1_3&#8243; _builder_version=&#8221;4.22.1&#8243; _module_preset=&#8221;default&#8221; hover_enabled=&#8221;0&#8243; global_colors_info=&#8221;{}&#8221; sticky_enabled=&#8221;0&#8243;][et_pb_menu menu_id=&#8221;103&#8243; _builder_version=&#8221;4.23.1&#8243; _module_preset=&#8221;default&#8221; custom_margin=&#8221;|||-288px||&#8221; custom_padding=&#8221;||22px|0px||&#8221; hover_enabled=&#8221;0&#8243; global_colors_info=&#8221;{}&#8221; sticky_enabled=&#8221;0&#8243; custom_margin_last_edited=&#8221;on|phone&#8221; custom_margin_phone=&#8221;|||0px|false|false&#8221; custom_padding__hover_enabled=&#8221;off|desktop&#8221; custom_padding_last_edited=&#8221;on|phone&#8221; custom_padding_phone=&#8221;||0px||false|false&#8221; disabled_on=&#8221;off|off|off&#8221; custom_margin_tablet=&#8221;|||-288px||&#8221; custom_padding_tablet=&#8221;||22px|0px||&#8221;][\/et_pb_menu][\/et_pb_column][et_pb_column type=&#8221;1_3&#8243; _builder_version=&#8221;4.22.1&#8243; _module_preset=&#8221;default&#8221; global_colors_info=&#8221;{}&#8221;][\/et_pb_column][\/et_pb_row][et_pb_row _builder_version=&#8221;4.23.1&#8243; _module_preset=&#8221;default&#8221;][et_pb_column _builder_version=&#8221;4.23.1&#8243; _module_preset=&#8221;default&#8221; type=&#8221;4_4&#8243;][et_pb_text _builder_version=&#8221;4.23.1&#8243; _module_preset=&#8221;default&#8221; disabled_on=&#8221;off|off|on&#8221; hover_enabled=&#8221;0&#8243; sticky_enabled=&#8221;0&#8243; custom_margin=&#8221;10px||-35px||false|false&#8221;]<\/p>\n<h2 style=\"text-align: left\"><strong>Publicaciones:<\/strong><\/h2>\n<p>[\/et_pb_text][\/et_pb_column][\/et_pb_row][et_pb_row _builder_version=&#8221;4.22.1&#8243; _module_preset=&#8221;default&#8221; global_colors_info=&#8221;{}&#8221;][et_pb_column type=&#8221;4_4&#8243; _builder_version=&#8221;4.22.1&#8243; _module_preset=&#8221;default&#8221; global_colors_info=&#8221;{}&#8221;]<div class=\"et_pb_module et_pb_blog_0  et_pb_css_mix_blend_mode et_pb_blog_grid_wrapper et_pb_bg_layout_light\">\n\t\t\t\t\n\t\t\t\t\n\t\t\t\t\n\t\t\t\t\n\t\t\t\t\n\t\t\t\t\n\t\t\t\t<div class=\"et_pb_module_inner\">\n\t\t\t\t\t<div class=\"et_pb_module et_pb_blog_0  et_pb_css_mix_blend_mode et_pb_blog_grid_wrapper et_pb_bg_layout_light\">\n\t\t\t\t\t<div class=\"et_pb_blog_grid clearfix  et_pb_text_align_left\">\n\t\t\t\t\t\n\t\t\t\t\t\n\t\t\t\t\t\n\t\t\t\t\t\n\t\t\t\t\t<div class=\"et_pb_ajax_pagination_container\">\n\t\t\t\t\t\t<div class=\"et_pb_salvattore_content\" data-columns>\n\t\t\t<article id=\"post-1116\" class=\"et_pb_post clearfix et_pb_has_overlay et_pb_blog_item_0_0 post-1116 post type-post status-publish format-standard has-post-thumbnail hentry category-encuestas category-publicaciones category-sustentabilidad\">\n\n\t\t\t\t<div class=\"et_pb_image_container\"><a href=\"https:\/\/www.itba.edu.ar\/intranet\/ols\/6ta-encuesta-de-situacion-de-la-logistica-sustentable-en-la-region-2019\/\" class=\"entry-featured-image-url\"><img loading=\"lazy\" decoding=\"async\" src=\"https:\/\/intranet-nv.s3.amazonaws.com\/wp-content\/uploads\/sites\/4\/2023\/11\/Infografia-ols-19-imagen-400x250.png\" alt=\"6ta Encuesta de Situaci\u00f3n de la Log\u00edstica Sustentable en la Regi\u00f3n 2019\" class=\"\" srcset=\"https:\/\/intranet-nv.s3.amazonaws.com\/wp-content\/uploads\/sites\/4\/2023\/11\/Infografia-ols-19-imagen.png 479w, https:\/\/intranet-nv.s3.amazonaws.com\/wp-content\/uploads\/sites\/4\/2023\/11\/Infografia-ols-19-imagen-400x250.png 480w \" sizes=\"(max-width:479px) 479px, 100vw \"  width=\"400\" height=\"250\" \/><span class=\"et_overlay et_pb_inline_icon\" data-icon=\"I\"><\/span><\/a><\/div>\n\t\t\t\t\t\t\t\t\t\t\t\t\t\t<h2 class=\"entry-title\">\n\t\t\t\t\t\t\t\t\t\t\t\t\t<a href=\"https:\/\/www.itba.edu.ar\/intranet\/ols\/6ta-encuesta-de-situacion-de-la-logistica-sustentable-en-la-region-2019\/\">6ta Encuesta de Situaci\u00f3n de la Log\u00edstica Sustentable en la Regi\u00f3n 2019<\/a>\n\t\t\t\t\t\t\t\t\t\t\t<\/h2>\n\t\t\t\t\n\t\t\t\t\t<p class=\"post-meta\"><span class=\"published\">s\u00e1bado 4 de noviembre de 2023<\/span> | <a href=\"https:\/\/www.itba.edu.ar\/intranet\/ols\/category\/encuestas\/\" rel=\"tag\">Encuestas<\/a>, <a href=\"https:\/\/www.itba.edu.ar\/intranet\/ols\/category\/publicaciones\/\" rel=\"tag\">Publicaciones<\/a>, <a href=\"https:\/\/www.itba.edu.ar\/intranet\/ols\/category\/publicaciones\/sustentabilidad\/\" rel=\"tag\">Sustentabilidad<\/a><\/p><div class=\"post-content\"><div class=\"post-content-inner\"><p>Ya cerramos la Encuesta de situaci\u00f3n de la log\u00edstica y la sustentabilidad en Argentina del 2018.<\/p>\n<\/div><\/div>\t\t\t\n\t\t\t<\/article>\n\t\t\t\t\n\t\t\t<article id=\"post-1532\" class=\"et_pb_post clearfix et_pb_no_thumb et_pb_has_overlay et_pb_blog_item_0_1 post-1532 post type-post status-publish format-standard hentry category-encuestas category-publicaciones category-sustentabilidad tag-encuesta tag-encuesta-de-sustentabilidad tag-latinoamerica tag-logistica tag-supply-chain tag-sustentabilidad\">\n\n\t\t\t\t\n\t\t\t\t\t\t\t\t\t\t\t\t\t\t<h2 class=\"entry-title\">\n\t\t\t\t\t\t\t\t\t\t\t\t\t<a href=\"https:\/\/www.itba.edu.ar\/intranet\/ols\/8va-encuesta-de-situacion-de-la-logistica-sustentable-2021\/\">8va Encuesta Nacional y 3ra Regional de Situaci\u00f3n de la Log\u00edstica Sustentable 2021<\/a>\n\t\t\t\t\t\t\t\t\t\t\t<\/h2>\n\t\t\t\t\n\t\t\t\t\t<p class=\"post-meta\"><span class=\"published\">lunes 1 de agosto de 2022<\/span> | <a href=\"https:\/\/www.itba.edu.ar\/intranet\/ols\/category\/encuestas\/\" rel=\"tag\">Encuestas<\/a>, <a href=\"https:\/\/www.itba.edu.ar\/intranet\/ols\/category\/publicaciones\/\" rel=\"tag\">Publicaciones<\/a>, <a href=\"https:\/\/www.itba.edu.ar\/intranet\/ols\/category\/publicaciones\/sustentabilidad\/\" rel=\"tag\">Sustentabilidad<\/a><\/p><div class=\"post-content\"><div class=\"post-content-inner\"><p>Presentamos la Encuesta de Log\u00edstica Sustentable 2021, 8va de la Argentina y 3ra Regional. <\/p>\n<\/div><\/div>\t\t\t\n\t\t\t<\/article>\n\t\t\t\t\n\t\t\t<article id=\"post-1519\" class=\"et_pb_post clearfix et_pb_has_overlay et_pb_blog_item_0_2 post-1519 post type-post status-publish format-standard has-post-thumbnail hentry category-del-observatorio category-eventos category-novedades tag-agroindustria tag-alimentacion-saludable tag-alimentos tag-campo tag-christopher-mejia tag-estrategias tag-itba tag-logistica tag-mit-scale tag-ricardo-negri tag-supply-chain tag-sustentabilidad\">\n\n\t\t\t\t<div class=\"et_pb_image_container\"><a href=\"https:\/\/www.itba.edu.ar\/intranet\/ols\/cliente-proveedor-como-potenciar-el-valor-juntos-2do-encuentro-clio-ols-2021-2\/\" class=\"entry-featured-image-url\"><img loading=\"lazy\" decoding=\"async\" src=\"https:\/\/intranet-nv.s3.amazonaws.com\/wp-content\/uploads\/sites\/4\/2021\/07\/https___cdn.evbuc_.com_images_139187723_209438037134_1_original-400x250.jpg\" alt=\"&#8220;Retos y futuro de la conexi\u00f3n campo &#8211; consumidor final en mercados emergentes&#8221; &#8211; Meeting Points ft. CLIO\" class=\"\" srcset=\"https:\/\/intranet-nv.s3.amazonaws.com\/wp-content\/uploads\/sites\/4\/2021\/07\/https___cdn.evbuc_.com_images_139187723_209438037134_1_original.jpg 479w, https:\/\/intranet-nv.s3.amazonaws.com\/wp-content\/uploads\/sites\/4\/2021\/07\/https___cdn.evbuc_.com_images_139187723_209438037134_1_original-400x250.jpg 480w \" sizes=\"(max-width:479px) 479px, 100vw \"  width=\"400\" height=\"250\" \/><span class=\"et_overlay et_pb_inline_icon\" data-icon=\"I\"><\/span><\/a><\/div>\n\t\t\t\t\t\t\t\t\t\t\t\t\t\t<h2 class=\"entry-title\">\n\t\t\t\t\t\t\t\t\t\t\t\t\t<a href=\"https:\/\/www.itba.edu.ar\/intranet\/ols\/cliente-proveedor-como-potenciar-el-valor-juntos-2do-encuentro-clio-ols-2021-2\/\">&#8220;Retos y futuro de la conexi\u00f3n campo &#8211; consumidor final en mercados emergentes&#8221; &#8211; Meeting Points ft. CLIO<\/a>\n\t\t\t\t\t\t\t\t\t\t\t<\/h2>\n\t\t\t\t\n\t\t\t\t\t<p class=\"post-meta\"><span class=\"published\">mi\u00e9rcoles 14 de julio de 2021<\/span> | <a href=\"https:\/\/www.itba.edu.ar\/intranet\/ols\/category\/del-observatorio\/\" rel=\"tag\">Del Observatorio<\/a>, <a href=\"https:\/\/www.itba.edu.ar\/intranet\/ols\/category\/novedades\/eventos\/\" rel=\"tag\">Eventos<\/a>, <a href=\"https:\/\/www.itba.edu.ar\/intranet\/ols\/category\/novedades\/\" rel=\"tag\">Novedades<\/a><\/p><div class=\"post-content\"><div class=\"post-content-inner\"><p>El 8 de julio del 2021 se recibi\u00f3 al Dr. Christopher Mej\u00eda Argueta, Director del Laboratorio de Operaciones Minoristas y de Alimentos del MIT y de la red MIT SCALE para Am\u00e9rica Latina y el Caribe. El encuentro estuvo moderado por Ricardo Negri, Director de la Certificaci\u00f3n Avanzada en Agroindustria de la Escuela de Innovaci\u00f3n del ITBA.<\/p>\n<\/div><\/div>\t\t\t\n\t\t\t<\/article>\n\t\t\t\t\n\t\t\t<article id=\"post-1514\" class=\"et_pb_post clearfix et_pb_has_overlay et_pb_blog_item_0_3 post-1514 post type-post status-publish format-standard has-post-thumbnail hentry category-del-observatorio category-eventos category-novedades tag-clientes tag-creacion-de-valor tag-estrategias tag-itba tag-logistica tag-matias-enz tag-proveedores tag-supply-chain tag-sustentabilidad\">\n\n\t\t\t\t<div class=\"et_pb_image_container\"><a href=\"https:\/\/www.itba.edu.ar\/intranet\/ols\/cliente-proveedor-como-potenciar-el-valor-juntos-2do-encuentro-clio-ols-2021\/\" class=\"entry-featured-image-url\"><img loading=\"lazy\" decoding=\"async\" src=\"https:\/\/intranet-nv.s3.amazonaws.com\/wp-content\/uploads\/sites\/4\/2021\/06\/evento-junio-e1699316852646-400x250.png\" alt=\"Cliente &#8211; proveedor: \u00bfC\u00f3mo potenciar el valor juntos? &#8211; 2do Encuentro CLIO\/OLS 2021\" class=\"\" srcset=\"https:\/\/intranet-nv.s3.amazonaws.com\/wp-content\/uploads\/sites\/4\/2021\/06\/evento-junio-e1699316852646.png 479w, https:\/\/intranet-nv.s3.amazonaws.com\/wp-content\/uploads\/sites\/4\/2021\/06\/evento-junio-e1699316852646-400x250.png 480w \" sizes=\"(max-width:479px) 479px, 100vw \"  width=\"400\" height=\"250\" \/><span class=\"et_overlay et_pb_inline_icon\" data-icon=\"I\"><\/span><\/a><\/div>\n\t\t\t\t\t\t\t\t\t\t\t\t\t\t<h2 class=\"entry-title\">\n\t\t\t\t\t\t\t\t\t\t\t\t\t<a href=\"https:\/\/www.itba.edu.ar\/intranet\/ols\/cliente-proveedor-como-potenciar-el-valor-juntos-2do-encuentro-clio-ols-2021\/\">Cliente &#8211; proveedor: \u00bfC\u00f3mo potenciar el valor juntos? &#8211; 2do Encuentro CLIO\/OLS 2021<\/a>\n\t\t\t\t\t\t\t\t\t\t\t<\/h2>\n\t\t\t\t\n\t\t\t\t\t<p class=\"post-meta\"><span class=\"published\">martes 29 de junio de 2021<\/span> | <a href=\"https:\/\/www.itba.edu.ar\/intranet\/ols\/category\/del-observatorio\/\" rel=\"tag\">Del Observatorio<\/a>, <a href=\"https:\/\/www.itba.edu.ar\/intranet\/ols\/category\/novedades\/eventos\/\" rel=\"tag\">Eventos<\/a>, <a href=\"https:\/\/www.itba.edu.ar\/intranet\/ols\/category\/novedades\/\" rel=\"tag\">Novedades<\/a><\/p><div class=\"post-content\"><div class=\"post-content-inner\"><p>En un contexto de competencia creciente, es necesario que los socios comerciales no solo aporten competitividad sino tambi\u00e9n potencien en conjunto el valor de sus negocios logrando un mejor aprovechamiento de sus capacidades.<\/p>\n<\/div><\/div>\t\t\t\n\t\t\t<\/article>\n\t\t\t\t\n\t\t\t<article id=\"post-1495\" class=\"et_pb_post clearfix et_pb_has_overlay et_pb_blog_item_0_4 post-1495 post type-post status-publish format-standard has-post-thumbnail hentry category-encuestas category-publicaciones category-sustentabilidad tag-encuesta tag-encuesta-de-sustentabilidad tag-latinoamerica tag-logistica tag-supply-chain tag-sustentabilidad\">\n\n\t\t\t\t<div class=\"et_pb_image_container\"><a href=\"https:\/\/www.itba.edu.ar\/intranet\/ols\/7ma-encuesta-de-situacion-de-la-logistica-sustentable-2020\/\" class=\"entry-featured-image-url\"><img loading=\"lazy\" decoding=\"async\" src=\"https:\/\/intranet-nv.s3.amazonaws.com\/wp-content\/uploads\/sites\/4\/2021\/06\/infografia-7ma-encuesta-e1699315374525-400x250.png\" alt=\"7ma Encuesta Nacional y 2da Regional de Situaci\u00f3n de la Log\u00edstica Sustentable 2020\" class=\"\" srcset=\"https:\/\/intranet-nv.s3.amazonaws.com\/wp-content\/uploads\/sites\/4\/2021\/06\/infografia-7ma-encuesta-e1699315374525.png 479w, https:\/\/intranet-nv.s3.amazonaws.com\/wp-content\/uploads\/sites\/4\/2021\/06\/infografia-7ma-encuesta-e1699315374525-400x250.png 480w \" sizes=\"(max-width:479px) 479px, 100vw \"  width=\"400\" height=\"250\" \/><span class=\"et_overlay et_pb_inline_icon\" data-icon=\"I\"><\/span><\/a><\/div>\n\t\t\t\t\t\t\t\t\t\t\t\t\t\t<h2 class=\"entry-title\">\n\t\t\t\t\t\t\t\t\t\t\t\t\t<a href=\"https:\/\/www.itba.edu.ar\/intranet\/ols\/7ma-encuesta-de-situacion-de-la-logistica-sustentable-2020\/\">7ma Encuesta Nacional y 2da Regional de Situaci\u00f3n de la Log\u00edstica Sustentable 2020<\/a>\n\t\t\t\t\t\t\t\t\t\t\t<\/h2>\n\t\t\t\t\n\t\t\t\t\t<p class=\"post-meta\"><span class=\"published\">mi\u00e9rcoles 2 de junio de 2021<\/span> | <a href=\"https:\/\/www.itba.edu.ar\/intranet\/ols\/category\/encuestas\/\" rel=\"tag\">Encuestas<\/a>, <a href=\"https:\/\/www.itba.edu.ar\/intranet\/ols\/category\/publicaciones\/\" rel=\"tag\">Publicaciones<\/a>, <a href=\"https:\/\/www.itba.edu.ar\/intranet\/ols\/category\/publicaciones\/sustentabilidad\/\" rel=\"tag\">Sustentabilidad<\/a><\/p><div class=\"post-content\"><div class=\"post-content-inner\"><p>Presentamos la Encuesta de Log\u00edstica Sustentable 2020, 7ma de la Argentina y 2da Regional. <\/p>\n<\/div><\/div>\t\t\t\n\t\t\t<\/article>\n\t\t\t\t\n\t\t\t<article id=\"post-1475\" class=\"et_pb_post clearfix et_pb_no_thumb et_pb_has_overlay et_pb_blog_item_0_5 post-1475 post type-post status-publish format-standard hentry category-del-observatorio category-publicaciones category-sustentabilidad tag-logistica tag-logistica-sustentable tag-operaciones-logisticas tag-puertos\">\n\n\t\t\t\t\n\t\t\t\t\t\t\t\t\t\t\t\t\t\t<h2 class=\"entry-title\">\n\t\t\t\t\t\t\t\t\t\t\t\t\t<a href=\"https:\/\/www.itba.edu.ar\/intranet\/ols\/may2021-1\/\">Hacia un sector portuario argentino sostenible &#8211; Actualizaci\u00f3n 2020<\/a>\n\t\t\t\t\t\t\t\t\t\t\t<\/h2>\n\t\t\t\t\n\t\t\t\t\t<p class=\"post-meta\"><span class=\"published\">viernes 7 de mayo de 2021<\/span> | <a href=\"https:\/\/www.itba.edu.ar\/intranet\/ols\/category\/del-observatorio\/\" rel=\"tag\">Del Observatorio<\/a>, <a href=\"https:\/\/www.itba.edu.ar\/intranet\/ols\/category\/publicaciones\/\" rel=\"tag\">Publicaciones<\/a>, <a href=\"https:\/\/www.itba.edu.ar\/intranet\/ols\/category\/publicaciones\/sustentabilidad\/\" rel=\"tag\">Sustentabilidad<\/a><\/p><div class=\"post-content\"><div class=\"post-content-inner\"><p>Luc\u00eda El Mankabadi y Natalia Su\u00f1er se re\u00fanen tres a\u00f1os despu\u00e9s de haber realizado el primer estudio para liderar una actualizaci\u00f3n que informe sobre la adaptaci\u00f3n de los puertos al nuevo contexto global, teniendo en cuenta los efectos de la pandemia del COVID-19.<\/p>\n<\/div><\/div>\t\t\t\n\t\t\t<\/article>\n\t\t\t\t\n\t\t\t<article id=\"post-1465\" class=\"et_pb_post clearfix et_pb_has_overlay et_pb_blog_item_0_6 post-1465 post type-post status-publish format-standard has-post-thumbnail hentry category-del-observatorio category-eventos category-novedades tag-combustibles-alternativos tag-gei tag-gnc tag-gnl tag-huella-de-carbono tag-logistica tag-logistica-sustentable tag-transporte-de-carga\">\n\n\t\t\t\t<div class=\"et_pb_image_container\"><a href=\"https:\/\/www.itba.edu.ar\/intranet\/ols\/abr2021-2\/\" class=\"entry-featured-image-url\"><img loading=\"lazy\" decoding=\"async\" src=\"https:\/\/intranet-nv.s3.amazonaws.com\/wp-content\/uploads\/sites\/4\/2021\/04\/evento-400x250.png\" alt=\"El futuro de los combustibles en el transporte de cargas &#8211; 1er Encuentro OLS 2021\" class=\"\" srcset=\"https:\/\/intranet-nv.s3.amazonaws.com\/wp-content\/uploads\/sites\/4\/2021\/04\/evento.png 479w, https:\/\/intranet-nv.s3.amazonaws.com\/wp-content\/uploads\/sites\/4\/2021\/04\/evento-400x250.png 480w \" sizes=\"(max-width:479px) 479px, 100vw \"  width=\"400\" height=\"250\" \/><span class=\"et_overlay et_pb_inline_icon\" data-icon=\"I\"><\/span><\/a><\/div>\n\t\t\t\t\t\t\t\t\t\t\t\t\t\t<h2 class=\"entry-title\">\n\t\t\t\t\t\t\t\t\t\t\t\t\t<a href=\"https:\/\/www.itba.edu.ar\/intranet\/ols\/abr2021-2\/\">El futuro de los combustibles en el transporte de cargas &#8211; 1er Encuentro OLS 2021<\/a>\n\t\t\t\t\t\t\t\t\t\t\t<\/h2>\n\t\t\t\t\n\t\t\t\t\t<p class=\"post-meta\"><span class=\"published\">lunes 12 de abril de 2021<\/span> | <a href=\"https:\/\/www.itba.edu.ar\/intranet\/ols\/category\/del-observatorio\/\" rel=\"tag\">Del Observatorio<\/a>, <a href=\"https:\/\/www.itba.edu.ar\/intranet\/ols\/category\/novedades\/eventos\/\" rel=\"tag\">Eventos<\/a>, <a href=\"https:\/\/www.itba.edu.ar\/intranet\/ols\/category\/novedades\/\" rel=\"tag\">Novedades<\/a><\/p><div class=\"post-content\"><div class=\"post-content-inner\"><p>\u00bfLos combustibles f\u00f3siles convencionales caducar\u00e1n mucho antes de lo esperado?<br \/>\nEl pasado 08-Abr, el Observatorio de Log\u00edstica Sustentable del ITBA reuni\u00f3 un panel de especialistas del  transporte pesado de cargas para compartir ideas sobre el futuro cercano de los combustibles alternativos.<\/p>\n<\/div><\/div>\t\t\t\n\t\t\t<\/article>\n\t\t\t\t\n\t\t\t<article id=\"post-1458\" class=\"et_pb_post clearfix et_pb_no_thumb et_pb_has_overlay et_pb_blog_item_0_7 post-1458 post type-post status-publish format-standard hentry category-del-observatorio category-publicaciones category-sustentabilidad tag-logistica tag-logistica-sustentable tag-operaciones-logisticas tag-seguridad-vial\">\n\n\t\t\t\t\n\t\t\t\t\t\t\t\t\t\t\t\t\t\t<h2 class=\"entry-title\">\n\t\t\t\t\t\t\t\t\t\t\t\t\t<a href=\"https:\/\/www.itba.edu.ar\/intranet\/ols\/abr2021-1\/\">El impacto de la seguridad vial en la log\u00edstica sustentable<\/a>\n\t\t\t\t\t\t\t\t\t\t\t<\/h2>\n\t\t\t\t\n\t\t\t\t\t<p class=\"post-meta\"><span class=\"published\">viernes 2 de abril de 2021<\/span> | <a href=\"https:\/\/www.itba.edu.ar\/intranet\/ols\/category\/del-observatorio\/\" rel=\"tag\">Del Observatorio<\/a>, <a href=\"https:\/\/www.itba.edu.ar\/intranet\/ols\/category\/publicaciones\/\" rel=\"tag\">Publicaciones<\/a>, <a href=\"https:\/\/www.itba.edu.ar\/intranet\/ols\/category\/publicaciones\/sustentabilidad\/\" rel=\"tag\">Sustentabilidad<\/a><\/p><div class=\"post-content\"><div class=\"post-content-inner\"><p>Durante el 2020 se llev\u00f3 a cabo una investigaci\u00f3n bajo la premisa de que las normas de seguridad vial, adem\u00e1s de velar por la seguridad de la sociedad, generan un impacto positivo sobre la sustentabilidad log\u00edstica de las empresas<\/p>\n<\/div><\/div>\t\t\t\n\t\t\t<\/article>\n\t\t\t\t\n\t\t\t<article id=\"post-1434\" class=\"et_pb_post clearfix et_pb_no_thumb et_pb_has_overlay et_pb_blog_item_0_8 post-1434 post type-post status-publish format-standard hentry category-del-observatorio category-eventos category-novedades tag-logistica tag-logistica-sustentable tag-machine-learning tag-operaciones-logisticas tag-simulacion tag-supply-chain\">\n\n\t\t\t\t\n\t\t\t\t\t\t\t\t\t\t\t\t\t\t<h2 class=\"entry-title\">\n\t\t\t\t\t\t\t\t\t\t\t\t\t<a href=\"https:\/\/www.itba.edu.ar\/intranet\/ols\/nov2020-2\/\">Simulaci\u00f3n y Machine Learning aplicado a la Supply Chain<\/a>\n\t\t\t\t\t\t\t\t\t\t\t<\/h2>\n\t\t\t\t\n\t\t\t\t\t<p class=\"post-meta\"><span class=\"published\">viernes 4 de diciembre de 2020<\/span> | <a href=\"https:\/\/www.itba.edu.ar\/intranet\/ols\/category\/del-observatorio\/\" rel=\"tag\">Del Observatorio<\/a>, <a href=\"https:\/\/www.itba.edu.ar\/intranet\/ols\/category\/novedades\/eventos\/\" rel=\"tag\">Eventos<\/a>, <a href=\"https:\/\/www.itba.edu.ar\/intranet\/ols\/category\/novedades\/\" rel=\"tag\">Novedades<\/a><\/p><div class=\"post-content\"><div class=\"post-content-inner\"><p>El pasado 24 de Noviembre, durante la reuni\u00f3n de cierre de a\u00f1o del OLS, Gast\u00f3n Arakaki (Co-fundador y CEO de Eurystic y Profesor del ITBA), realiz\u00f3 una presentaci\u00f3n comunicando la influencia y la evoluci\u00f3n de los datos, modelos y algoritmos en su aplicaci\u00f3n a la Supply Chain.<\/p>\n<\/div><\/div>\t\t\t\n\t\t\t<\/article>\n\t\t\t\t\n\t\t\t<article id=\"post-1436\" class=\"et_pb_post clearfix et_pb_no_thumb et_pb_has_overlay et_pb_blog_item_0_9 post-1436 post type-post status-publish format-standard hentry category-del-observatorio category-publicaciones category-sustentabilidad tag-alternativos tag-combustibles tag-sustentabilidad tag-transporte-de-carga\">\n\n\t\t\t\t\n\t\t\t\t\t\t\t\t\t\t\t\t\t\t<h2 class=\"entry-title\">\n\t\t\t\t\t\t\t\t\t\t\t\t\t<a href=\"https:\/\/www.itba.edu.ar\/intranet\/ols\/nov2020-3\/\">Combustibles Alternativos para el Transporte de Cargas<\/a>\n\t\t\t\t\t\t\t\t\t\t\t<\/h2>\n\t\t\t\t\n\t\t\t\t\t<p class=\"post-meta\"><span class=\"published\">viernes 4 de diciembre de 2020<\/span> | <a href=\"https:\/\/www.itba.edu.ar\/intranet\/ols\/category\/del-observatorio\/\" rel=\"tag\">Del Observatorio<\/a>, <a href=\"https:\/\/www.itba.edu.ar\/intranet\/ols\/category\/publicaciones\/\" rel=\"tag\">Publicaciones<\/a>, <a href=\"https:\/\/www.itba.edu.ar\/intranet\/ols\/category\/publicaciones\/sustentabilidad\/\" rel=\"tag\">Sustentabilidad<\/a><\/p><div class=\"post-content\"><div class=\"post-content-inner\"><p>El pasado 24 de Noviembre, durante la reuni\u00f3n de cierre de a\u00f1o del OLS, se presentaron los avances del Proyecto de Combustibles Alternativos para Transporte de Cargas.<\/p>\n<\/div><\/div>\t\t\t\n\t\t\t<\/article>\n\t\t\t\t<\/div><div><div class=\"pagination clearfix\">\n\t<div class=\"alignleft\"><a href=\"https:\/\/www.itba.edu.ar\/intranet\/ols\/wp-json\/wp\/v2\/pages\/1717\/page\/2\/?et_blog\" >&laquo; Older Entries<\/a><\/div>\n\t<div class=\"alignright\"><\/div>\n<\/div><\/div><\/div>\n\t\t\t\t\t<\/div>\n\t\t\t\t\t \n\t\t\t\t<\/div>\n\t\t\t\t<\/div>\n\t\t\t<\/div>[\/et_pb_column][\/et_pb_row][\/et_pb_section]<\/p>\n","protected":false},"excerpt":{"rendered":"<p>Filtrar por:Publicaciones:<\/p>\n","protected":false},"author":64,"featured_media":0,"parent":0,"menu_order":0,"comment_status":"closed","ping_status":"closed","template":"","meta":{"_et_pb_use_builder":"on","_et_pb_old_content":"","_et_gb_content_width":"","footnotes":""},"class_list":["post-1717","page","type-page","status-publish","hentry"],"_links":{"self":[{"href":"https:\/\/www.itba.edu.ar\/intranet\/ols\/wp-json\/wp\/v2\/pages\/1717","targetHints":{"allow":["GET"]}}],"collection":[{"href":"https:\/\/www.itba.edu.ar\/intranet\/ols\/wp-json\/wp\/v2\/pages"}],"about":[{"href":"https:\/\/www.itba.edu.ar\/intranet\/ols\/wp-json\/wp\/v2\/types\/page"}],"author":[{"embeddable":true,"href":"https:\/\/www.itba.edu.ar\/intranet\/ols\/wp-json\/wp\/v2\/users\/64"}],"replies":[{"embeddable":true,"href":"https:\/\/www.itba.edu.ar\/intranet\/ols\/wp-json\/wp\/v2\/comments?post=1717"}],"version-history":[{"count":9,"href":"https:\/\/www.itba.edu.ar\/intranet\/ols\/wp-json\/wp\/v2\/pages\/1717\/revisions"}],"predecessor-version":[{"id":1896,"href":"https:\/\/www.itba.edu.ar\/intranet\/ols\/wp-json\/wp\/v2\/pages\/1717\/revisions\/1896"}],"wp:attachment":[{"href":"https:\/\/www.itba.edu.ar\/intranet\/ols\/wp-json\/wp\/v2\/media?parent=1717"}],"curies":[{"name":"wp","href":"https:\/\/api.w.org\/{rel}","templated":true}]}}