{"id":1529,"date":"2022-02-17T12:52:31","date_gmt":"2022-02-17T12:52:31","guid":{"rendered":"http:\/\/suarezpepe.com\/clientes\/itba\/?page_id=1529"},"modified":"2023-06-26T13:30:36","modified_gmt":"2023-06-26T16:30:36","slug":"codigo-de-conducta","status":"publish","type":"page","link":"https:\/\/www.itba.edu.ar\/intranet\/desarrollohumano\/informacion\/codigo-de-conducta\/","title":{"rendered":"C\u00f3digo de conducta"},"content":{"rendered":"[et_pb_section admin_label=\u00bbsection\u00bb]\n\t\t\t[et_pb_row admin_label=\u00bbrow\u00bb]\n\t\t\t\t[et_pb_column type=\u00bb4_4&#8243;][et_pb_text admin_label=\u00bbText\u00bb]\n<p>El C\u00f3digo de Conducta se aplica a toda la comunidad ITBA: sus alumnos, docentes, directivos, administrativos, personal de apoyo a la ense\u00f1anza y voluntarios que contribuyen al Instituto. Tambi\u00e9n rige para&nbsp; sus proveedores y a quienes presten servicios para o en representaci\u00f3n del ITBA.<\/p>\n\n\n\n<p>Contiene lineamientos y criterios de conducta a adoptar ante posibles situaciones que se pueden presentar y deben aplicarse de acuerdo al sentido com\u00fan y el buen criterio.<\/p>\n\n\n\n<figure class=\"wp-block-embed is-type-video is-provider-youtube wp-block-embed-youtube wp-embed-aspect-16-9 wp-has-aspect-ratio\"><div class=\"wp-block-embed__wrapper\">\n<iframe loading=\"lazy\" title=\"ITBA Codigo de conducta\" width=\"1080\" height=\"608\" src=\"https:\/\/www.youtube.com\/embed\/bt3lxlKCBSc?feature=oembed\"  allow=\"accelerometer; autoplay; clipboard-write; encrypted-media; gyroscope; picture-in-picture\" allowfullscreen><\/iframe>\n<\/div><\/figure>\n\n\n\n<p>Ingres\u00e1 al <strong>c\u00f3digo de conducta<\/strong> haciendo <a href=\"https:\/\/www.itba.edu.ar\/wp-content\/uploads\/2016\/12\/Codigo-de-Conducta.pdf\" target=\"_blank\" rel=\"noreferrer noopener\">click ac\u00e1<\/a><\/p>\n\n\n\n<p>Ingres\u00e1 a la <strong>reglamentaci\u00f3n del c\u00f3digo de conducta<\/strong> haciendo <a href=\"https:\/\/intranet-nv.s3.amazonaws.com\/wp-content\/uploads\/sites\/25\/2022\/02\/Regamentacio%CC%81n-del-codigo-de-conducta.pdf\" target=\"_blank\" rel=\"noreferrer noopener\">click ac\u00e1<\/a><\/p>\n\n\n\n<div class=\"wp-block-buttons is-layout-flex wp-block-buttons-is-layout-flex\"><\/div>\n\n\n\n<p><\/p>\n[\/et_pb_text][\/et_pb_column]\n\t\t\t[\/et_pb_row]\n\t\t[\/et_pb_section]","protected":false},"excerpt":{"rendered":"<p>El C\u00f3digo de Conducta se aplica a toda la comunidad ITBA: sus alumnos, docentes, directivos, administrativos, personal de apoyo a la ense\u00f1anza y voluntarios que contribuyen al Instituto. Tambi\u00e9n rige para&nbsp; sus proveedores y a quienes presten servicios para o en representaci\u00f3n del ITBA. Contiene lineamientos y criterios de conducta a adoptar ante posibles situaciones [&hellip;]<\/p>\n","protected":false},"author":6781,"featured_media":0,"parent":901,"menu_order":0,"comment_status":"closed","ping_status":"closed","template":"","meta":{"_et_pb_use_builder":"on","_et_pb_old_content":"<!-- wp:paragraph -->\n<p>El C\u00f3digo de Conducta se aplica a toda la comunidad ITBA: sus alumnos, docentes, directivos, administrativos, personal de apoyo a la ense\u00f1anza y voluntarios que contribuyen al Instituto. Tambi\u00e9n rige para&nbsp; sus proveedores y a quienes presten servicios para o en representaci\u00f3n del ITBA.<\/p>\n<!-- \/wp:paragraph -->\n\n<!-- wp:paragraph -->\n<p>Contiene lineamientos y criterios de conducta a adoptar ante posibles situaciones que se pueden presentar y deben aplicarse de acuerdo al sentido com\u00fan y el buen criterio.<\/p>\n<!-- \/wp:paragraph -->\n\n<!-- wp:embed {\"url\":\"https:\/\/youtu.be\/bt3lxlKCBSc\",\"type\":\"video\",\"providerNameSlug\":\"youtube\",\"responsive\":true,\"className\":\"wp-embed-aspect-16-9 wp-has-aspect-ratio\"} -->\n<figure class=\"wp-block-embed is-type-video is-provider-youtube wp-block-embed-youtube wp-embed-aspect-16-9 wp-has-aspect-ratio\"><div class=\"wp-block-embed__wrapper\">\nhttps:\/\/youtu.be\/bt3lxlKCBSc\n<\/div><\/figure>\n<!-- \/wp:embed -->\n\n<!-- wp:paragraph -->\n<p>Ingres\u00e1 al <strong>c\u00f3digo de conducta<\/strong> haciendo <a href=\"https:\/\/www.itba.edu.ar\/wp-content\/uploads\/2016\/12\/Codigo-de-Conducta.pdf\" target=\"_blank\" rel=\"noreferrer noopener\">click ac\u00e1<\/a><\/p>\n<!-- \/wp:paragraph -->\n\n<!-- wp:paragraph -->\n<p>Ingres\u00e1 a la <strong>reglamentaci\u00f3n del c\u00f3digo de conducta<\/strong> haciendo <a href=\"https:\/\/www.itba.edu.ar\/intranet\/desarrollohumano\/wp-content\/uploads\/sites\/25\/2022\/02\/Regamentacio\u0301n-del-codigo-de-conducta.pdf\" target=\"_blank\" rel=\"noreferrer noopener\">click ac\u00e1<\/a><\/p>\n<!-- \/wp:paragraph -->\n\n<!-- wp:buttons -->\n<div class=\"wp-block-buttons\"><!-- wp:button \/--><\/div>\n<!-- \/wp:buttons -->\n\n<!-- wp:paragraph -->\n<p><\/p>\n<!-- \/wp:paragraph -->","_et_gb_content_width":"","footnotes":""},"class_list":["post-1529","page","type-page","status-publish","hentry"],"_links":{"self":[{"href":"https:\/\/www.itba.edu.ar\/intranet\/desarrollohumano\/wp-json\/wp\/v2\/pages\/1529","targetHints":{"allow":["GET"]}}],"collection":[{"href":"https:\/\/www.itba.edu.ar\/intranet\/desarrollohumano\/wp-json\/wp\/v2\/pages"}],"about":[{"href":"https:\/\/www.itba.edu.ar\/intranet\/desarrollohumano\/wp-json\/wp\/v2\/types\/page"}],"author":[{"embeddable":true,"href":"https:\/\/www.itba.edu.ar\/intranet\/desarrollohumano\/wp-json\/wp\/v2\/users\/6781"}],"replies":[{"embeddable":true,"href":"https:\/\/www.itba.edu.ar\/intranet\/desarrollohumano\/wp-json\/wp\/v2\/comments?post=1529"}],"version-history":[{"count":1,"href":"https:\/\/www.itba.edu.ar\/intranet\/desarrollohumano\/wp-json\/wp\/v2\/pages\/1529\/revisions"}],"predecessor-version":[{"id":4047,"href":"https:\/\/www.itba.edu.ar\/intranet\/desarrollohumano\/wp-json\/wp\/v2\/pages\/1529\/revisions\/4047"}],"up":[{"embeddable":true,"href":"https:\/\/www.itba.edu.ar\/intranet\/desarrollohumano\/wp-json\/wp\/v2\/pages\/901"}],"wp:attachment":[{"href":"https:\/\/www.itba.edu.ar\/intranet\/desarrollohumano\/wp-json\/wp\/v2\/media?parent=1529"}],"curies":[{"name":"wp","href":"https:\/\/api.w.org\/{rel}","templated":true}]}}