{"id":1299,"date":"2022-02-07T23:23:59","date_gmt":"2022-02-07T23:23:59","guid":{"rendered":"http:\/\/suarezpepe.com\/clientes\/itba\/?page_id=1299"},"modified":"2024-10-31T09:54:48","modified_gmt":"2024-10-31T12:54:48","slug":"sportclub","status":"publish","type":"page","link":"https:\/\/www.itba.edu.ar\/intranet\/desarrollohumano\/beneficios\/sportclub\/","title":{"rendered":"SportClub"},"content":{"rendered":"[et_pb_section fb_built=\u00bb1&#8243; admin_label=\u00bbsection\u00bb _builder_version=\u00bb4.16&#8243; custom_padding=\u00bb0px|||||\u00bb global_colors_info=\u00bb{}\u00bb theme_builder_area=\u00bbpost_content\u00bb][et_pb_row admin_label=\u00bbrow\u00bb _builder_version=\u00bb4.16&#8243; background_size=\u00bbinitial\u00bb background_position=\u00bbtop_left\u00bb background_repeat=\u00bbrepeat\u00bb global_colors_info=\u00bb{}\u00bb theme_builder_area=\u00bbpost_content\u00bb][et_pb_column type=\u00bb4_4&#8243; _builder_version=\u00bb4.16&#8243; custom_padding=\u00bb|||\u00bb global_colors_info=\u00bb{}\u00bb custom_padding__hover=\u00bb|||\u00bb theme_builder_area=\u00bbpost_content\u00bb][et_pb_text admin_label=\u00bbText\u00bb _builder_version=\u00bb4.17.6&#8243; background_size=\u00bbinitial\u00bb background_position=\u00bbtop_left\u00bb background_repeat=\u00bbrepeat\u00bb global_colors_info=\u00bb{}\u00bb theme_builder_area=\u00bbpost_content\u00bb]<p>&nbsp;<\/p>\n<p>Por ser parte del ITBA pod\u00e9s acceder a un descuento del 65% en el abono mensual del plan de SportClub, para facilitarte hacer actividad f\u00edsica en cualquiera de sus sedes, actividades al aire libre o clases online.<\/p>\n<p><\/p>\n<p>Tu familia tambi\u00e9n obtendr\u00e1 un 20% de descuento en el abono mensual.\u00a0<\/p>\n<p><\/p>\n<p><strong>\u00bfC\u00f3mo hago para anotarme?<\/strong><\/p>\n<p>Para realizar la inscripci\u00f3n<strong>,<\/strong> complet\u00e1 el formulario a trav\u00e9s del siguiente <a href=\"https:\/\/www.sportclub.com.ar\/corporativo\/itba\/\">link<\/a><\/p>\n<p><\/p>\n<p><strong>\u00bfQu\u00e9 tengo que tener en cuenta?\u00a0<\/strong><\/p>\n<ul class=\"wp-block-list\">\n<li><img decoding=\"async\" class=\"custom-bullet\" style=\"width: 28px\" src=\"https:\/\/intranet-nv.s3.amazonaws.com\/wp-content\/uploads\/sites\/25\/2022\/04\/check.png\" alt=\"\" \/> Para completar tu inscripci\u00f3n, deber\u00e1s presentar a SportClub\u00a0 un certificado m\u00e9dico que indique que pod\u00e9s realizar actividad f\u00edsica no competitiva.\u00a0<\/li>\n<li><img decoding=\"async\" class=\"custom-bullet\" style=\"width: 28px\" src=\"https:\/\/intranet-nv.s3.amazonaws.com\/wp-content\/uploads\/sites\/25\/2022\/04\/check.png\" alt=\"\" \/> El beneficio incluye el acceso a m\u00e1s de 130 sedes a nivel nacional. En este link podr\u00e1s encontrar todas las sedes disponibles para tu pase PLAN TOTAL: <a href=\"https:\/\/www.sportclub.com.ar\/sedes\/\" target=\"_blank\" data-saferedirecturl=\"https:\/\/www.google.com\/url?q=https:\/\/www.sportclub.com.ar\/sedes\/&amp;source=gmail&amp;ust=1730461153562000&amp;usg=AOvVaw0gliVOa3J46CkTFYZxgjwc\" rel=\"noopener\">https:\/\/www.sportclub.com.ar\/sedes\/<\/a> .<\/li>\n<li><img decoding=\"async\" class=\"custom-bullet\" style=\"width: 28px\" src=\"https:\/\/intranet-nv.s3.amazonaws.com\/wp-content\/uploads\/sites\/25\/2022\/04\/check.png\" alt=\"\" \/> Dentro del pase corporativo pod\u00e9s realizar de manera libre (los d\u00edas que quieras, las veces que quieras) las actividades de musculaci\u00f3n, pileta Libre, y las clases aer\u00f3bicas. En el siguiente enlace todas las actividades: <a href=\"https:\/\/sportclub.com.ar\/site\/actividades\">https:\/\/sportclub.com.ar\/site\/actividades<\/a><\/li>\n<li><img decoding=\"async\" class=\"custom-bullet\" style=\"width: 28px\" src=\"https:\/\/intranet-nv.s3.amazonaws.com\/wp-content\/uploads\/sites\/25\/2022\/04\/check.png\" alt=\"\" \/> El beneficio tambi\u00e9n incluye: Clases On-Line On demand (SportClub online), App de Nutrici\u00f3n para acompa\u00f1a tu entrenamiento con una buena alimentaci\u00f3n y tarjeta del deporte para disfrutar de m\u00e1s beneficios por ser parte de Sportclub.\u00a0<\/li>\n<li><img decoding=\"async\" class=\"custom-bullet\" style=\"width: 28px\" src=\"https:\/\/intranet-nv.s3.amazonaws.com\/wp-content\/uploads\/sites\/25\/2022\/04\/check.png\" alt=\"\" \/> Las clases de Aquagym, nataci\u00f3n con profesor, pilates con camillas son aranceladas, etc (es recomendable consultar en la sede que vas a utilizar si la clase que te interesa est\u00e1 incluida en el plan corporativo). Para conocer los valores, y contratarlas, consult\u00e1 directamente en las sedes. Lo mismo para el servicio de lockers<strong>.<\/strong><\/li>\n<\/ul>\n<p><strong><\/strong><\/p>\n<p><strong>\u00bfC\u00f3mo hago para darme de baja?\u00a0<\/strong><\/p>\n<p>Para solicitar la baja de la suscripci\u00f3n, complet\u00e1 el formulario a trav\u00e9s del siguiente <a href=\"https:\/\/docs.google.com\/forms\/d\/e\/1FAIpQLScT_aDqw48h1-0Se-MsbMoKjk_LdQHEmM__CvsFgW-ZC9hwsA\/viewform\">link<\/a><\/p>\n<p><strong>\u00a0<\/strong><\/p>\n<p><strong><\/strong><\/p>\n<p><\/p>[\/et_pb_text][\/et_pb_column][\/et_pb_row][\/et_pb_section]","protected":false},"excerpt":{"rendered":"<p>&nbsp; Por ser parte del ITBA pod\u00e9s acceder a un descuento del 65% en el abono mensual del plan de SportClub, para facilitarte hacer actividad f\u00edsica en cualquiera de sus sedes, actividades al aire libre o clases online. Tu familia tambi\u00e9n obtendr\u00e1 un 20% de descuento en el abono mensual.\u00a0 \u00bfC\u00f3mo hago para anotarme? Para [&hellip;]<\/p>\n","protected":false},"author":6781,"featured_media":2120,"parent":415,"menu_order":0,"comment_status":"closed","ping_status":"closed","template":"","meta":{"_et_pb_use_builder":"on","_et_pb_old_content":"<!-- wp:paragraph -->\r\n<p>Por ser parte del ITBA pod\u00e9s acceder a un descuento del 65% en el abono mensual del plan de SportClub, para facilitarte hacer actividad f\u00edsica en cualquiera de sus sedes, actividades al aire libre o clases online.<\/p>\r\n<!-- \/wp:paragraph -->\r\n\r\n<!-- wp:paragraph -->\r\n<p>Tu familia tambi\u00e9n obtendr\u00e1 un 20% de descuento en el abono mensual.\u00a0<\/p>\r\n<!-- \/wp:paragraph -->\r\n\r\n<!-- wp:paragraph -->\r\n<p><strong>\u00bfC\u00f3mo hago para anotarme?<\/strong><\/p>\r\n<!-- \/wp:paragraph -->\r\n\r\n<!-- wp:paragraph -->\r\n<p>Para realizar la inscripci\u00f3n<strong>,<\/strong> complet\u00e1 el formulario a trav\u00e9s del siguiente link:<\/p>\r\n<!-- \/wp:paragraph -->\r\n\r\n<!-- wp:paragraph -->\r\n<p><a href=\"https:\/\/www.sportclub.asociate.club\/corporativo\/itba\" target=\"_blank\" rel=\"noreferrer noopener\">https:\/\/www.sportclub.asociate.club\/corporativo\/itba<\/a><\/p>\r\n<!-- \/wp:paragraph -->\r\n\r\n<!-- wp:paragraph -->\r\n<p><strong>\u00bfQu\u00e9 tengo que tener en cuenta?\u00a0<\/strong><\/p>\r\n<!-- \/wp:paragraph -->\r\n\r\n<!-- wp:list -->\r\n<ul><li><img class=\"custom-bullet\" style=\"width: 28px\" src=\"https:\/\/www.itba.edu.ar\/intranet\/desarrollohumano\/wp-content\/uploads\/sites\/25\/2022\/04\/check.png\" alt=\"\">  Para completar tu inscripci\u00f3n, deber\u00e1s presentar a SportClub\u00a0 un certificado m\u00e9dico que indique que pod\u00e9s realizar actividad f\u00edsica no competitiva.\u00a0<\/li><li><img class=\"custom-bullet\" style=\"width: 28px\" src=\"https:\/\/www.itba.edu.ar\/intranet\/desarrollohumano\/wp-content\/uploads\/sites\/25\/2022\/04\/check.png\" alt=\"\">  El beneficio incluye el acceso a m\u00e1s de 130 sedes a nivel nacional. En este link podr\u00e1s encontrar todas las sedes disponibles para tu pase PLAN TOTAL: <a rel=\"noreferrer noopener\" href=\"https:\/\/www.sportclub.com.ar\/site\/sedes\" target=\"_blank\">https:\/\/www.sportclub.com.ar\/site\/sedes<\/a>.<\/li><li><img class=\"custom-bullet\" style=\"width: 28px\" src=\"https:\/\/www.itba.edu.ar\/intranet\/desarrollohumano\/wp-content\/uploads\/sites\/25\/2022\/04\/check.png\" alt=\"\">  Dentro del pase corporativo pod\u00e9s realizar de manera libre (los d\u00edas que quieras, las veces que quieras) las actividades de musculaci\u00f3n, pileta Libre, y las clases aer\u00f3bicas. En el siguiente enlace todas las actividades: <a href=\"https:\/\/sportclub.com.ar\/site\/actividades\">https:\/\/sportclub.com.ar\/site\/actividades<\/a><\/li><li><img class=\"custom-bullet\" style=\"width: 28px\" src=\"https:\/\/www.itba.edu.ar\/intranet\/desarrollohumano\/wp-content\/uploads\/sites\/25\/2022\/04\/check.png\" alt=\"\"> El beneficio tambi\u00e9n incluye: Clases On-Line On demand (SportClub online), App de Nutrici\u00f3n para acompa\u00f1a tu entrenamiento con una buena alimentaci\u00f3n y tarjeta del deporte para disfrutar de m\u00e1s beneficios por ser parte de Sportclub.\u00a0<\/li><li><img class=\"custom-bullet\" style=\"width: 28px\" src=\"https:\/\/www.itba.edu.ar\/intranet\/desarrollohumano\/wp-content\/uploads\/sites\/25\/2022\/04\/check.png\" alt=\"\"> Las clases de Aquagym, nataci\u00f3n con profesor, pilates con camillas son aranceladas, etc (es recomendable consultar en la sede que vas a utilizar si la clase que te interesa est\u00e1 incluida en el plan corporativo). Para conocer los valores, y contratarlas, consult\u00e1 directamente en las sedes. Lo mismo para el servicio de lockers<strong>.<\/strong><\/li><\/ul>\r\n<!-- \/wp:list -->","_et_gb_content_width":"","footnotes":""},"class_list":["post-1299","page","type-page","status-publish","has-post-thumbnail","hentry"],"_links":{"self":[{"href":"https:\/\/www.itba.edu.ar\/intranet\/desarrollohumano\/wp-json\/wp\/v2\/pages\/1299","targetHints":{"allow":["GET"]}}],"collection":[{"href":"https:\/\/www.itba.edu.ar\/intranet\/desarrollohumano\/wp-json\/wp\/v2\/pages"}],"about":[{"href":"https:\/\/www.itba.edu.ar\/intranet\/desarrollohumano\/wp-json\/wp\/v2\/types\/page"}],"author":[{"embeddable":true,"href":"https:\/\/www.itba.edu.ar\/intranet\/desarrollohumano\/wp-json\/wp\/v2\/users\/6781"}],"replies":[{"embeddable":true,"href":"https:\/\/www.itba.edu.ar\/intranet\/desarrollohumano\/wp-json\/wp\/v2\/comments?post=1299"}],"version-history":[{"count":16,"href":"https:\/\/www.itba.edu.ar\/intranet\/desarrollohumano\/wp-json\/wp\/v2\/pages\/1299\/revisions"}],"predecessor-version":[{"id":5026,"href":"https:\/\/www.itba.edu.ar\/intranet\/desarrollohumano\/wp-json\/wp\/v2\/pages\/1299\/revisions\/5026"}],"up":[{"embeddable":true,"href":"https:\/\/www.itba.edu.ar\/intranet\/desarrollohumano\/wp-json\/wp\/v2\/pages\/415"}],"wp:featuredmedia":[{"embeddable":true,"href":"https:\/\/www.itba.edu.ar\/intranet\/desarrollohumano\/wp-json\/wp\/v2\/media\/2120"}],"wp:attachment":[{"href":"https:\/\/www.itba.edu.ar\/intranet\/desarrollohumano\/wp-json\/wp\/v2\/media?parent=1299"}],"curies":[{"name":"wp","href":"https:\/\/api.w.org\/{rel}","templated":true}]}}