{"id":45,"date":"2016-12-26T12:12:23","date_gmt":"2016-12-26T15:12:23","guid":{"rendered":"https:\/\/www.itba.edu.ar\/intranet\/comunicacion\/?page_id=45"},"modified":"2023-08-23T15:24:15","modified_gmt":"2023-08-23T18:24:15","slug":"solicitudes","status":"publish","type":"page","link":"https:\/\/www.itba.edu.ar\/intranet\/comunicacion\/solicitudes\/","title":{"rendered":"SOLICITUDES"},"content":{"rendered":"<p>[et_pb_section fb_built=\u00bb1&#8243; fullwidth=\u00bbon\u00bb custom_padding_last_edited=\u00bbon|desktop\u00bb admin_label=\u00bbSecci\u00f3n\u00bb _builder_version=\u00bb4.16&#8243; background_color=\u00bb#00558c\u00bb custom_padding_tablet=\u00bb50px|0|50px|0&#8243; custom_padding_phone=\u00bb\u00bb padding_mobile=\u00bboff\u00bb global_colors_info=\u00bb{}\u00bb][et_pb_fullwidth_header title=\u00bbSOLICITUDES\u00bb subhead=\u00bbEn esta secci\u00f3n encontrar\u00e1s formularios para realizar eventos, difundir eventos y solicitar tarjetas personales.\u00bb content_max_width=\u00bbnone\u00bb admin_label=\u00bbT\u00edtulo de anchura completa\u00bb _builder_version=\u00bb4.16&#8243; title_font=\u00bbAbel||||\u00bb title_font_size=\u00bb41px\u00bb background_color=\u00bbrgba(255, 255, 255, 0)\u00bb global_colors_info=\u00bb{}\u00bb button_one_text_size__hover_enabled=\u00bboff\u00bb button_two_text_size__hover_enabled=\u00bboff\u00bb button_one_text_color__hover_enabled=\u00bboff\u00bb button_two_text_color__hover_enabled=\u00bboff\u00bb button_one_border_width__hover_enabled=\u00bboff\u00bb button_two_border_width__hover_enabled=\u00bboff\u00bb button_one_border_color__hover_enabled=\u00bboff\u00bb button_two_border_color__hover_enabled=\u00bboff\u00bb button_one_border_radius__hover_enabled=\u00bboff\u00bb button_two_border_radius__hover_enabled=\u00bboff\u00bb button_one_letter_spacing__hover_enabled=\u00bboff\u00bb button_two_letter_spacing__hover_enabled=\u00bboff\u00bb button_one_bg_color__hover_enabled=\u00bboff\u00bb button_two_bg_color__hover_enabled=\u00bboff\u00bb][\/et_pb_fullwidth_header][\/et_pb_section][et_pb_section fb_built=\u00bb1&#8243; custom_padding_last_edited=\u00bbon|desktop\u00bb admin_label=\u00bbSecci\u00f3n\u00bb _builder_version=\u00bb4.16&#8243; background_color=\u00bbrgba(255,255,255,0)\u00bb custom_padding_tablet=\u00bb50px|0|50px|0&#8243; custom_padding_phone=\u00bb\u00bb padding_mobile=\u00bboff\u00bb global_colors_info=\u00bb{}\u00bb][et_pb_row padding_mobile=\u00bboff\u00bb column_padding_mobile=\u00bbon\u00bb admin_label=\u00bbFila\u00bb _builder_version=\u00bb4.16&#8243; background_size=\u00bbinitial\u00bb background_position=\u00bbtop_left\u00bb background_repeat=\u00bbrepeat\u00bb global_colors_info=\u00bb{}\u00bb][et_pb_column type=\u00bb4_4&#8243; _builder_version=\u00bb4.16&#8243; custom_padding=\u00bb|||\u00bb global_colors_info=\u00bb{}\u00bb custom_padding__hover=\u00bb|||\u00bb][et_pb_divider show_divider=\u00bboff\u00bb disabled_on=\u00bbon|on|off\u00bb admin_label=\u00bbSeparador\u00bb _builder_version=\u00bb4.16&#8243; height=\u00bb5px\u00bb global_colors_info=\u00bb{}\u00bb][\/et_pb_divider][et_pb_text admin_label=\u00bbTARJETAS PERSONALES\u00bb _builder_version=\u00bb4.16&#8243; text_font=\u00bbAbel||||\u00bb text_text_color=\u00bb#ffffff\u00bb text_font_size=\u00bb60&#8243; text_letter_spacing=\u00bb5px\u00bb header_text_color=\u00bb#6d6d6d\u00bb header_font_size=\u00bb60&#8243; background_size=\u00bbinitial\u00bb background_position=\u00bbtop_left\u00bb background_repeat=\u00bbrepeat\u00bb background_layout=\u00bbdark\u00bb global_colors_info=\u00bb{}\u00bb]<\/p>\n<h1>TARJETAS PERSONALES<\/h1>\n<p>[\/et_pb_text][et_pb_text admin_label=\u00bbLas solicitudes se toman del 1 al 10 de cada mes&#8230;.\u00bb _builder_version=\u00bb4.16&#8243; text_text_color=\u00bb#a0a0a0&#8243; background_size=\u00bbinitial\u00bb background_position=\u00bbtop_left\u00bb background_repeat=\u00bbrepeat\u00bb use_border_color=\u00bboff\u00bb border_color=\u00bb#ffffff\u00bb border_style=\u00bbsolid\u00bb global_colors_info=\u00bb{}\u00bb]<\/p>\n<p>Por el momento, quedan suspendidas las solicitudes de tarjetas salvo casos excepcionales.<br \/>Las solicitudes deber\u00e1n realizarse del 1 al 10 de cada mes.<br \/>Para la solicitud de tarjetas personales es necesaria la autorizaci\u00f3n del Director de Departamento al que pertenece el solicitante y el Centro de Costos al cu\u00e1l ser\u00e1 imputado el gasto.<br \/>El solicitante deber\u00e1 coordinar la entrega de las tarjetas con la imprenta y quedar\u00e1 tambi\u00e9n a su cargo la presentaci\u00f3n de la factura al \u00e1rea de contadur\u00eda.<\/p>\n<p>[\/et_pb_text][et_pb_button button_url=\u00bbhttps:\/\/www.itba.edu.ar\/intranet\/comunicacion\/wp-login.php?redirect_to=%2Fintranet%2Fcomunicacion%2Fpedido-de-tarjetas-personales%2F\u00bb button_text=\u00bbPEDIDO DE TARJETAS PERSONALES\u00bb button_alignment=\u00bbleft\u00bb admin_label=\u00bbBot\u00f3n &#8211; PEDIDO DE TARJETAS PERSONALES\u00bb _builder_version=\u00bb4.16&#8243; custom_button=\u00bbon\u00bb button_text_color=\u00bb#6d6d6d\u00bb button_border_color=\u00bb#a0a0a0&#8243; button_letter_spacing=\u00bb5&#8243; button_use_icon=\u00bboff\u00bb button_letter_spacing_hover=\u00bb6&#8243; global_colors_info=\u00bb{}\u00bb button_text_size__hover_enabled=\u00bboff\u00bb button_one_text_size__hover_enabled=\u00bboff\u00bb button_two_text_size__hover_enabled=\u00bboff\u00bb button_text_color__hover_enabled=\u00bboff\u00bb button_one_text_color__hover_enabled=\u00bboff\u00bb button_two_text_color__hover_enabled=\u00bboff\u00bb button_border_width__hover_enabled=\u00bboff\u00bb button_one_border_width__hover_enabled=\u00bboff\u00bb button_two_border_width__hover_enabled=\u00bboff\u00bb button_border_color__hover_enabled=\u00bboff\u00bb button_one_border_color__hover_enabled=\u00bboff\u00bb button_two_border_color__hover_enabled=\u00bboff\u00bb button_border_radius__hover_enabled=\u00bboff\u00bb button_one_border_radius__hover_enabled=\u00bboff\u00bb button_two_border_radius__hover_enabled=\u00bboff\u00bb button_letter_spacing__hover_enabled=\u00bbon\u00bb button_letter_spacing__hover=\u00bb6&#8243; button_one_letter_spacing__hover_enabled=\u00bboff\u00bb button_two_letter_spacing__hover_enabled=\u00bboff\u00bb button_bg_color__hover_enabled=\u00bboff\u00bb button_one_bg_color__hover_enabled=\u00bboff\u00bb button_two_bg_color__hover_enabled=\u00bboff\u00bb][\/et_pb_button][\/et_pb_column][\/et_pb_row][\/et_pb_section][et_pb_section fb_built=\u00bb1&#8243; custom_padding_last_edited=\u00bbon|desktop\u00bb admin_label=\u00bbSecci\u00f3n\u00bb _builder_version=\u00bb4.16&#8243; background_color=\u00bbrgba(122,122,122,0)\u00bb custom_padding_tablet=\u00bb50px|0|50px|0&#8243; custom_padding_phone=\u00bb\u00bb padding_mobile=\u00bboff\u00bb global_colors_info=\u00bb{}\u00bb][et_pb_row padding_mobile=\u00bboff\u00bb column_padding_mobile=\u00bbon\u00bb admin_label=\u00bbFila\u00bb _builder_version=\u00bb4.16&#8243; background_size=\u00bbinitial\u00bb background_position=\u00bbtop_left\u00bb background_repeat=\u00bbrepeat\u00bb collapsed=\u00bboff\u00bb global_colors_info=\u00bb{}\u00bb][et_pb_column type=\u00bb4_4&#8243; _builder_version=\u00bb4.16&#8243; custom_padding=\u00bb|||\u00bb global_colors_info=\u00bb{}\u00bb custom_padding__hover=\u00bb|||\u00bb][et_pb_text admin_label=\u00bbEVENTOS\u00bb _builder_version=\u00bb4.16&#8243; text_font=\u00bbAbel||||\u00bb text_text_color=\u00bb#a0a0a0&#8243; text_font_size=\u00bb60&#8243; text_letter_spacing=\u00bb5px\u00bb header_text_color=\u00bb#6d6d6d\u00bb header_font_size=\u00bb60&#8243; background_size=\u00bbinitial\u00bb background_position=\u00bbtop_left\u00bb background_repeat=\u00bbrepeat\u00bb global_colors_info=\u00bb{}\u00bb]<\/p>\n<h1>EVENTOS<\/h1>\n<p>[\/et_pb_text][et_pb_text admin_label=\u00bbIntro Eventos\u00bb _builder_version=\u00bb4.20.2&#8243; text_text_color=\u00bb#a0a0a0&#8243; background_size=\u00bbinitial\u00bb background_position=\u00bbtop_left\u00bb background_repeat=\u00bbrepeat\u00bb hover_enabled=\u00bb0&#8243; global_colors_info=\u00bb{}\u00bb sticky_enabled=\u00bb0&#8243;]<\/p>\n<p>En esta secci\u00f3n usted podr\u00e1 realizar la solicitud para organizar un evento como tambi\u00e9n para difundirlo. Cabe destacar que, para cualquiera de los dos casos, las solicitudes no implican la confirmaci\u00f3n del pedido.<\/p>\n<p>Haciendo <strong><a href=\"https:\/\/intranet-nv.s3.amazonaws.com\/wp-content\/uploads\/sites\/7\/2023\/04\/Solicitud-de-Eventos.pdf\">click aqu\u00ed<\/a> <\/strong>podr\u00e1 acceder a una GUIA PARA EL USUARIO con el paso a paso para solicitar un evento. Adem\u00e1s, compartimos informaci\u00f3n de consulta:<\/p>\n<p><a href=\"https:\/\/intranet-nv.s3.amazonaws.com\/wp-content\/uploads\/sites\/7\/2023\/04\/Modificacion-de-Eventos-1.pdf\">Gu\u00eda para modificaci\u00f3n de eventos<\/a><\/p>\n<p><a href=\"https:\/\/intranet-nv.s3.amazonaws.com\/wp-content\/uploads\/sites\/7\/2023\/04\/Cancelacion-de-EVENTOS-1.pdf\">Gu\u00eda para cancelaci\u00f3n de eventos<\/a><\/p>\n<p>[\/et_pb_text][\/et_pb_column][\/et_pb_row][et_pb_row padding_mobile=\u00bboff\u00bb column_padding_mobile=\u00bbon\u00bb admin_label=\u00bbFila\u00bb _builder_version=\u00bb4.16&#8243; background_size=\u00bbinitial\u00bb background_position=\u00bbtop_left\u00bb background_repeat=\u00bbrepeat\u00bb collapsed=\u00bboff\u00bb global_colors_info=\u00bb{}\u00bb][et_pb_column type=\u00bb4_4&#8243; _builder_version=\u00bb4.16&#8243; custom_padding=\u00bb|||\u00bb global_colors_info=\u00bb{}\u00bb custom_padding__hover=\u00bb|||\u00bb][et_pb_text admin_label=\u00bbTexto\u00bb _builder_version=\u00bb4.17.4&#8243; background_size=\u00bbinitial\u00bb background_position=\u00bbtop_left\u00bb background_repeat=\u00bbrepeat\u00bb global_colors_info=\u00bb{}\u00bb]<\/p>\n<h1>SOLICITUD DE EVENTOS<\/h1>\n<p>Ingresando en el siguiente link podr\u00e1s solicitar, a trav\u00e9s del formulario, la gesti\u00f3n de un evento.<br \/>Consideraciones a tener en cuenta:<br \/>\u2022 Organizaciones Estudiantiles: previo a completar esta solicitud, la actividad debe tener aval acad\u00e9mico y del \u00e1rea de Vida Universitaria.<br \/>\u2022 El Formulario de organizaci\u00f3n de eventos detallado debajo debe completarse y enviarse con un <strong>m\u00ednimo de 11 d\u00edas h\u00e1biles<\/strong> de anticipaci\u00f3n al mismo.<br \/>\u2022 Una vez enviado el formulario, recibir\u00e1s respuesta a tu solicitud en un <strong>plazo m\u00e1ximo de 4 d\u00edas h\u00e1biles<\/strong>.<\/p>\n<p>[\/et_pb_text][et_pb_button button_url=\u00bbhttps:\/\/itba.sd.cloud.invgate.net\/auth\/login\u00bb button_text=\u00bbFORMULARIO DE SOLICITUD\u00bb button_alignment=\u00bbleft\u00bb admin_label=\u00bbBot\u00f3n &#8211; SOLICITUD DE EVENTO\u00bb _builder_version=\u00bb4.20.2&#8243; custom_button=\u00bbon\u00bb button_text_color=\u00bb#6d6d6d\u00bb button_border_color=\u00bb#a0a0a0&#8243; button_letter_spacing=\u00bb5&#8243; button_use_icon=\u00bboff\u00bb button_letter_spacing_hover=\u00bb6&#8243; global_colors_info=\u00bb{}\u00bb button_text_size__hover_enabled=\u00bboff\u00bb button_one_text_size__hover_enabled=\u00bboff\u00bb button_two_text_size__hover_enabled=\u00bboff\u00bb button_text_color__hover_enabled=\u00bboff\u00bb button_one_text_color__hover_enabled=\u00bboff\u00bb button_two_text_color__hover_enabled=\u00bboff\u00bb button_border_width__hover_enabled=\u00bboff\u00bb button_one_border_width__hover_enabled=\u00bboff\u00bb button_two_border_width__hover_enabled=\u00bboff\u00bb button_border_color__hover_enabled=\u00bboff\u00bb button_one_border_color__hover_enabled=\u00bboff\u00bb button_two_border_color__hover_enabled=\u00bboff\u00bb button_border_radius__hover_enabled=\u00bboff\u00bb button_one_border_radius__hover_enabled=\u00bboff\u00bb button_two_border_radius__hover_enabled=\u00bboff\u00bb button_letter_spacing__hover_enabled=\u00bbon\u00bb button_letter_spacing__hover=\u00bb6&#8243; button_one_letter_spacing__hover_enabled=\u00bboff\u00bb button_two_letter_spacing__hover_enabled=\u00bboff\u00bb button_bg_color__hover_enabled=\u00bboff\u00bb button_one_bg_color__hover_enabled=\u00bboff\u00bb button_two_bg_color__hover_enabled=\u00bboff\u00bb][\/et_pb_button][et_pb_text disabled_on=\u00bbon|on|on\u00bb admin_label=\u00bbTexto\u00bb _builder_version=\u00bb4.20.2&#8243; background_size=\u00bbinitial\u00bb background_position=\u00bbtop_left\u00bb background_repeat=\u00bbrepeat\u00bb disabled=\u00bbon\u00bb global_colors_info=\u00bb{}\u00bb]<\/p>\n<h1><\/h1>\n<p>Si desea modificar lo solicitado originalmente o adjuntar documentaci\u00f3n para la organizaci\u00f3n del evento, complete el siguiente formulario<\/p>\n<p>[\/et_pb_text][et_pb_button button_url=\u00bbhttps:\/\/www.itba.edu.ar\/intranet\/comunicacion\/wp-login.php?redirect_to=%2Fintranet%2Fcomunicacion%2Fevento-modificacion%2F\u00bb button_text=\u00bbFORMULARIO DE AJUSTES\u00bb button_alignment=\u00bbleft\u00bb disabled_on=\u00bbon|on|on\u00bb admin_label=\u00bbBot\u00f3n &#8211; SOLICITUD DE EVENTO\u00bb _builder_version=\u00bb4.17.4&#8243; custom_button=\u00bbon\u00bb button_text_color=\u00bb#6d6d6d\u00bb button_border_color=\u00bb#a0a0a0&#8243; button_letter_spacing=\u00bb5&#8243; button_use_icon=\u00bboff\u00bb button_letter_spacing_hover=\u00bb6&#8243; disabled=\u00bbon\u00bb global_colors_info=\u00bb{}\u00bb button_text_size__hover_enabled=\u00bboff\u00bb button_one_text_size__hover_enabled=\u00bboff\u00bb button_two_text_size__hover_enabled=\u00bboff\u00bb button_text_color__hover_enabled=\u00bboff\u00bb button_one_text_color__hover_enabled=\u00bboff\u00bb button_two_text_color__hover_enabled=\u00bboff\u00bb button_border_width__hover_enabled=\u00bboff\u00bb button_one_border_width__hover_enabled=\u00bboff\u00bb button_two_border_width__hover_enabled=\u00bboff\u00bb button_border_color__hover_enabled=\u00bboff\u00bb button_one_border_color__hover_enabled=\u00bboff\u00bb button_two_border_color__hover_enabled=\u00bboff\u00bb button_border_radius__hover_enabled=\u00bboff\u00bb button_one_border_radius__hover_enabled=\u00bboff\u00bb button_two_border_radius__hover_enabled=\u00bboff\u00bb button_letter_spacing__hover_enabled=\u00bbon\u00bb button_letter_spacing__hover=\u00bb6&#8243; button_one_letter_spacing__hover_enabled=\u00bboff\u00bb button_two_letter_spacing__hover_enabled=\u00bboff\u00bb button_bg_color__hover_enabled=\u00bboff\u00bb button_one_bg_color__hover_enabled=\u00bboff\u00bb button_two_bg_color__hover_enabled=\u00bboff\u00bb][\/et_pb_button][et_pb_divider _builder_version=\u00bb4.16&#8243; global_colors_info=\u00bb{}\u00bb][\/et_pb_divider][et_pb_text admin_label=\u00bbTexto\u00bb _builder_version=\u00bb4.22.0&#8243; background_size=\u00bbinitial\u00bb background_position=\u00bbtop_left\u00bb background_repeat=\u00bbrepeat\u00bb hover_enabled=\u00bb0&#8243; global_colors_info=\u00bb{}\u00bb sticky_enabled=\u00bb0&#8243;]<\/p>\n<h1>DIFUSI\u00d3N DE EVENTOS<\/h1>\n<p>En el siguiente link encontrar\u00e1 toda la informaci\u00f3n necesaria para la solicitud de difusi\u00f3n de un evento.<br \/>\u2022 Los eventos CERRADOS (aquellos dirigidos s\u00f3lo a la comunidad ITBA) ser\u00e1n difundidos a trav\u00e9s de alguno, o todos, de los siguientes medios:<br \/>\u2013 Agenda de la web<br \/>\u2013 Plasmas<br \/>\u2022 Los eventos ABIERTOS (aquellos dirigidos a la comunidad externa) podr\u00e1n ser difundidos en las Redes Sociales de la Universidad -post evaluaci\u00f3n del Departamento-.<br \/>\u2022 Para difundir eventos, la informaci\u00f3n (pieza-jpg) de la charla\/encuentro, debe ser enviada con al menos 7 d\u00edas de anticipaci\u00f3n al mismo.<\/p>\n<p>[\/et_pb_text][et_pb_button button_url=\u00bbhttps:\/\/www.itba.edu.ar\/intranet\/comunicacion\/wp-login.php?redirect_to=%2Fintranet%2Fcomunicacion%2Fdifusion-de-eventos%2F\u00bb button_text=\u00bbSOLICITAR DIFUSI\u00d3N DE EVENTOS\u00bb button_alignment=\u00bbleft\u00bb admin_label=\u00bbBot\u00f3n &#8211; DIFUSION DE EVENTOS\u00bb _builder_version=\u00bb4.17.4&#8243; custom_button=\u00bbon\u00bb button_text_color=\u00bb#6d6d6d\u00bb button_border_color=\u00bb#a0a0a0&#8243; button_letter_spacing=\u00bb5&#8243; button_use_icon=\u00bboff\u00bb button_letter_spacing_hover=\u00bb6&#8243; global_colors_info=\u00bb{}\u00bb button_text_size__hover_enabled=\u00bboff\u00bb button_one_text_size__hover_enabled=\u00bboff\u00bb button_two_text_size__hover_enabled=\u00bboff\u00bb button_text_color__hover_enabled=\u00bboff\u00bb button_one_text_color__hover_enabled=\u00bboff\u00bb button_two_text_color__hover_enabled=\u00bboff\u00bb button_border_width__hover_enabled=\u00bboff\u00bb button_one_border_width__hover_enabled=\u00bboff\u00bb button_two_border_width__hover_enabled=\u00bboff\u00bb button_border_color__hover_enabled=\u00bboff\u00bb button_one_border_color__hover_enabled=\u00bboff\u00bb button_two_border_color__hover_enabled=\u00bboff\u00bb button_border_radius__hover_enabled=\u00bboff\u00bb button_one_border_radius__hover_enabled=\u00bboff\u00bb button_two_border_radius__hover_enabled=\u00bboff\u00bb button_letter_spacing__hover_enabled=\u00bbon\u00bb button_letter_spacing__hover=\u00bb6&#8243; button_one_letter_spacing__hover_enabled=\u00bboff\u00bb button_two_letter_spacing__hover_enabled=\u00bboff\u00bb button_bg_color__hover_enabled=\u00bboff\u00bb button_one_bg_color__hover_enabled=\u00bboff\u00bb button_two_bg_color__hover_enabled=\u00bboff\u00bb][\/et_pb_button][\/et_pb_column][\/et_pb_row][et_pb_row padding_mobile=\u00bboff\u00bb column_padding_mobile=\u00bbon\u00bb admin_label=\u00bbFila\u00bb _builder_version=\u00bb4.16&#8243; background_size=\u00bbinitial\u00bb background_position=\u00bbtop_left\u00bb background_repeat=\u00bbrepeat\u00bb custom_margin=\u00bb30px||||false|false\u00bb collapsed=\u00bboff\u00bb global_colors_info=\u00bb{}\u00bb][et_pb_column type=\u00bb4_4&#8243; _builder_version=\u00bb4.16&#8243; custom_padding=\u00bb|||\u00bb global_colors_info=\u00bb{}\u00bb custom_padding__hover=\u00bb|||\u00bb][et_pb_divider show_divider=\u00bboff\u00bb disabled_on=\u00bbon|on|off\u00bb admin_label=\u00bbSeparador\u00bb _builder_version=\u00bb4.16&#8243; height=\u00bb5px\u00bb global_colors_info=\u00bb{}\u00bb][\/et_pb_divider][et_pb_text admin_label=\u00bbREDES SOCIALES\u00bb _builder_version=\u00bb4.17.4&#8243; text_font=\u00bbAbel||||\u00bb text_text_color=\u00bb#ffffff\u00bb text_font_size=\u00bb60&#8243; text_letter_spacing=\u00bb5px\u00bb header_text_color=\u00bb#6d6d6d\u00bb header_font_size=\u00bb60&#8243; background_size=\u00bbinitial\u00bb background_position=\u00bbtop_left\u00bb background_repeat=\u00bbrepeat\u00bb background_layout=\u00bbdark\u00bb global_colors_info=\u00bb{}\u00bb]<\/p>\n<h1>REDES SOCIALES<\/h1>\n<p>[\/et_pb_text][et_pb_text admin_label=\u00bbLas solicitudes se toman del 1 al 10 de cada mes&#8230;.\u00bb _builder_version=\u00bb4.16&#8243; text_text_color=\u00bb#a0a0a0&#8243; background_size=\u00bbinitial\u00bb background_position=\u00bbtop_left\u00bb background_repeat=\u00bbrepeat\u00bb use_border_color=\u00bboff\u00bb border_color=\u00bb#ffffff\u00bb border_style=\u00bbsolid\u00bb global_colors_info=\u00bb{}\u00bb]<\/p>\n<p>Para contar con sus propias plataformas sociales dejamos a continuaci\u00f3n la gu\u00eda de usos y estilos con toda la informaci\u00f3n necesaria para su gesti\u00f3n.<\/p>\n<p>[\/et_pb_text][et_pb_button button_url=\u00bbhttps:\/\/drive.google.com\/drive\/folders\/12jnDxbfJ6n32vQ_3jaIgq89eAghL_Rjy?usp=sharing\u00bb button_text=\u00bbDESCARGAR GUIA\u00bb button_alignment=\u00bbleft\u00bb admin_label=\u00bbBot\u00f3n &#8211; PEDIDO DE TARJETAS PERSONALES\u00bb _builder_version=\u00bb4.16&#8243; custom_button=\u00bbon\u00bb button_text_color=\u00bb#6d6d6d\u00bb button_border_color=\u00bb#a0a0a0&#8243; button_letter_spacing=\u00bb5&#8243; button_use_icon=\u00bboff\u00bb button_letter_spacing_hover=\u00bb6&#8243; global_colors_info=\u00bb{}\u00bb button_text_size__hover_enabled=\u00bboff\u00bb button_one_text_size__hover_enabled=\u00bboff\u00bb button_two_text_size__hover_enabled=\u00bboff\u00bb button_text_color__hover_enabled=\u00bboff\u00bb button_one_text_color__hover_enabled=\u00bboff\u00bb button_two_text_color__hover_enabled=\u00bboff\u00bb button_border_width__hover_enabled=\u00bboff\u00bb button_one_border_width__hover_enabled=\u00bboff\u00bb button_two_border_width__hover_enabled=\u00bboff\u00bb button_border_color__hover_enabled=\u00bboff\u00bb button_one_border_color__hover_enabled=\u00bboff\u00bb button_two_border_color__hover_enabled=\u00bboff\u00bb button_border_radius__hover_enabled=\u00bboff\u00bb button_one_border_radius__hover_enabled=\u00bboff\u00bb button_two_border_radius__hover_enabled=\u00bboff\u00bb button_letter_spacing__hover_enabled=\u00bbon\u00bb button_letter_spacing__hover=\u00bb6&#8243; button_one_letter_spacing__hover_enabled=\u00bboff\u00bb button_two_letter_spacing__hover_enabled=\u00bboff\u00bb button_bg_color__hover_enabled=\u00bboff\u00bb button_one_bg_color__hover_enabled=\u00bboff\u00bb button_two_bg_color__hover_enabled=\u00bboff\u00bb][\/et_pb_button][\/et_pb_column][\/et_pb_row][et_pb_row padding_mobile=\u00bboff\u00bb column_padding_mobile=\u00bbon\u00bb admin_label=\u00bbFila\u00bb _builder_version=\u00bb4.16&#8243; background_size=\u00bbinitial\u00bb background_position=\u00bbtop_left\u00bb background_repeat=\u00bbrepeat\u00bb custom_margin=\u00bb30px||||false|false\u00bb collapsed=\u00bboff\u00bb global_colors_info=\u00bb{}\u00bb][et_pb_column type=\u00bb4_4&#8243; _builder_version=\u00bb4.16&#8243; custom_padding=\u00bb|||\u00bb global_colors_info=\u00bb{}\u00bb custom_padding__hover=\u00bb|||\u00bb][et_pb_divider show_divider=\u00bboff\u00bb disabled_on=\u00bbon|on|off\u00bb admin_label=\u00bbSeparador\u00bb _builder_version=\u00bb4.16&#8243; height=\u00bb5px\u00bb global_colors_info=\u00bb{}\u00bb][\/et_pb_divider][et_pb_text admin_label=\u00bbLas solicitudes se toman del 1 al 10 de cada mes&#8230;.\u00bb _builder_version=\u00bb4.16&#8243; text_text_color=\u00bb#a0a0a0&#8243; background_size=\u00bbinitial\u00bb background_position=\u00bbtop_left\u00bb background_repeat=\u00bbrepeat\u00bb use_border_color=\u00bboff\u00bb border_color=\u00bb#ffffff\u00bb border_style=\u00bbsolid\u00bb global_colors_info=\u00bb{}\u00bb]<\/p>\n<h1>SOLICITUD DE CREACI\u00d3N DE REDES SOCIALES<\/h1>\n<p>Las plataformas y redes sociales se han convertido en uno de los canales de comunicaci\u00f3n m\u00e1s importantes en cuanto a interacci\u00f3n con diferentes p\u00fablicos de inter\u00e9s. El ITBA tiene presencia en redes sociales a trav\u00e9s de perfiles institucionales en: Facebook, Instagram, YouTube, Twitter, Tik Tok y Linkedin. Estas redes son gestionadas por el Departamento de Comunicaci\u00f3n Institucional.<\/p>\n<p>En base a la DP XXX, que posibilita que cada \u00e1rea gestione sus propios perfiles en redes sociales, es requisito completar el siguiente formulario detallando los puntos solicitados dentro del mismo.<\/p>\n<p>Previo a completar el formulario, recomendamos descargar y leer la <a href=\"https:\/\/drive.google.com\/drive\/folders\/12jnDxbfJ6n32vQ_3jaIgq89eAghL_Rjy\">\u201cGu\u00eda de usos y estilo en las Redes Sociales\u201d\u00a0<\/a><\/p>\n<p>Una vez aprobado el formulario por el Departamento de Comunicaci\u00f3n Institucional, podr\u00e1 proceder a crear sus perfiles en redes sociales .<\/p>\n<p>Por cualquier duda o consulta sobre cualquiera de los campos a completar del formulario, podr\u00e1 contactar al Departamento de Comunicaci\u00f3n Institucional al mail <a href=\"mailto:comunicacion@itba.edu.ar\">comunicacion@itba.edu.ar<\/a><\/p>\n<p>[\/et_pb_text][et_pb_button button_url=\u00bbhttps:\/\/www.itba.edu.ar\/intranet\/comunicacion\/solicitudderredessociales\/\u00bb button_text=\u00bbSOLICITUD DE CREACION DE REDES SOCIALES\u00bb button_alignment=\u00bbleft\u00bb admin_label=\u00bbBot\u00f3n &#8211; PEDIDO DE TARJETAS PERSONALES\u00bb _builder_version=\u00bb4.16&#8243; custom_button=\u00bbon\u00bb button_text_color=\u00bb#6d6d6d\u00bb button_border_color=\u00bb#a0a0a0&#8243; button_letter_spacing=\u00bb5&#8243; button_use_icon=\u00bboff\u00bb button_letter_spacing_hover=\u00bb6&#8243; global_colors_info=\u00bb{}\u00bb button_text_size__hover_enabled=\u00bboff\u00bb button_one_text_size__hover_enabled=\u00bboff\u00bb button_two_text_size__hover_enabled=\u00bboff\u00bb button_text_color__hover_enabled=\u00bboff\u00bb button_one_text_color__hover_enabled=\u00bboff\u00bb button_two_text_color__hover_enabled=\u00bboff\u00bb button_border_width__hover_enabled=\u00bboff\u00bb button_one_border_width__hover_enabled=\u00bboff\u00bb button_two_border_width__hover_enabled=\u00bboff\u00bb button_border_color__hover_enabled=\u00bboff\u00bb button_one_border_color__hover_enabled=\u00bboff\u00bb button_two_border_color__hover_enabled=\u00bboff\u00bb button_border_radius__hover_enabled=\u00bboff\u00bb button_one_border_radius__hover_enabled=\u00bboff\u00bb button_two_border_radius__hover_enabled=\u00bboff\u00bb button_letter_spacing__hover_enabled=\u00bbon\u00bb button_letter_spacing__hover=\u00bb6&#8243; button_one_letter_spacing__hover_enabled=\u00bboff\u00bb button_two_letter_spacing__hover_enabled=\u00bboff\u00bb button_bg_color__hover_enabled=\u00bboff\u00bb button_one_bg_color__hover_enabled=\u00bboff\u00bb button_two_bg_color__hover_enabled=\u00bboff\u00bb][\/et_pb_button][\/et_pb_column][\/et_pb_row][\/et_pb_section]<\/p>\n","protected":false},"excerpt":{"rendered":"<p>TARJETAS PERSONALES Por el momento, quedan suspendidas las solicitudes de tarjetas salvo casos excepcionales.Las solicitudes deber\u00e1n realizarse del 1 al 10 de cada mes.Para la solicitud de tarjetas personales es necesaria la autorizaci\u00f3n del Director de Departamento al que pertenece el solicitante y el Centro de Costos al cu\u00e1l ser\u00e1 imputado el gasto.El solicitante deber\u00e1 [&hellip;]<\/p>\n","protected":false},"author":2,"featured_media":0,"parent":0,"menu_order":0,"comment_status":"closed","ping_status":"closed","template":"","meta":{"_et_pb_use_builder":"on","_et_pb_old_content":"","_et_gb_content_width":"","footnotes":""},"class_list":["post-45","page","type-page","status-publish","hentry"],"_links":{"self":[{"href":"https:\/\/www.itba.edu.ar\/intranet\/comunicacion\/wp-json\/wp\/v2\/pages\/45","targetHints":{"allow":["GET"]}}],"collection":[{"href":"https:\/\/www.itba.edu.ar\/intranet\/comunicacion\/wp-json\/wp\/v2\/pages"}],"about":[{"href":"https:\/\/www.itba.edu.ar\/intranet\/comunicacion\/wp-json\/wp\/v2\/types\/page"}],"author":[{"embeddable":true,"href":"https:\/\/www.itba.edu.ar\/intranet\/comunicacion\/wp-json\/wp\/v2\/users\/2"}],"replies":[{"embeddable":true,"href":"https:\/\/www.itba.edu.ar\/intranet\/comunicacion\/wp-json\/wp\/v2\/comments?post=45"}],"version-history":[{"count":113,"href":"https:\/\/www.itba.edu.ar\/intranet\/comunicacion\/wp-json\/wp\/v2\/pages\/45\/revisions"}],"predecessor-version":[{"id":36018,"href":"https:\/\/www.itba.edu.ar\/intranet\/comunicacion\/wp-json\/wp\/v2\/pages\/45\/revisions\/36018"}],"wp:attachment":[{"href":"https:\/\/www.itba.edu.ar\/intranet\/comunicacion\/wp-json\/wp\/v2\/media?parent=45"}],"curies":[{"name":"wp","href":"https:\/\/api.w.org\/{rel}","templated":true}]}}