{"id":40,"date":"2016-12-26T12:07:53","date_gmt":"2016-12-26T15:07:53","guid":{"rendered":"https:\/\/www.itba.edu.ar\/intranet\/comunicacion\/?page_id=40"},"modified":"2024-03-19T12:29:24","modified_gmt":"2024-03-19T15:29:24","slug":"inicio","status":"publish","type":"page","link":"https:\/\/www.itba.edu.ar\/intranet\/comunicacion\/","title":{"rendered":"INICIO"},"content":{"rendered":"<p>[et_pb_section fb_built=\u00bb1&#8243; custom_padding_last_edited=\u00bbon|desktop\u00bb admin_label=\u00bbsection\u00bb _builder_version=\u00bb4.16&#8243; background_color=\u00bbrgba(201,201,201,0)\u00bb background_image=\u00bbhttps:\/\/intranet-nv.s3.amazonaws.com\/wp-content\/uploads\/sites\/7\/2016\/12\/BK_7642-sin-autos-1.jpg\u00bb parallax=\u00bbon\u00bb parallax_method=\u00bboff\u00bb custom_padding_tablet=\u00bb50px|0|50px|0&#8243; custom_padding_phone=\u00bb\u00bb transparent_background=\u00bboff\u00bb padding_mobile=\u00bboff\u00bb make_fullwidth=\u00bboff\u00bb use_custom_width=\u00bboff\u00bb width_unit=\u00bbon\u00bb custom_width_px=\u00bb1080px\u00bb custom_width_percent=\u00bb80%\u00bb global_colors_info=\u00bb{}\u00bb][et_pb_row padding_mobile=\u00bboff\u00bb column_padding_mobile=\u00bbon\u00bb admin_label=\u00bbrow\u00bb _builder_version=\u00bb4.16&#8243; background_color=\u00bbrgba(12,113,195,0)\u00bb background_size=\u00bbinitial\u00bb background_position=\u00bbtop_left\u00bb background_repeat=\u00bbrepeat\u00bb make_fullwidth=\u00bboff\u00bb use_custom_width=\u00bboff\u00bb width_unit=\u00bbon\u00bb custom_width_px=\u00bb1080px\u00bb custom_width_percent=\u00bb80%\u00bb global_colors_info=\u00bb{}\u00bb][et_pb_column type=\u00bb4_4&#8243; _builder_version=\u00bb4.16&#8243; custom_padding=\u00bb|||\u00bb global_colors_info=\u00bb{}\u00bb custom_padding__hover=\u00bb|||\u00bb][et_pb_slider show_arrows=\u00bboff\u00bb show_pagination=\u00bboff\u00bb admin_label=\u00bbSlider\u00bb _builder_version=\u00bb4.16&#8243; custom_padding=\u00bb|||\u00bb custom_padding_tablet=\u00bb|||\u00bb custom_padding_phone=\u00bb|||\u00bb remove_inner_shadow=\u00bbon\u00bb hide_content_on_mobile=\u00bboff\u00bb hide_cta_on_mobile=\u00bboff\u00bb show_inner_shadow=\u00bboff\u00bb button_border_radius_hover=\u00bb0&#8243; button_letter_spacing_hover=\u00bb3&#8243; global_colors_info=\u00bb{}\u00bb button_text_size__hover_enabled=\u00bboff\u00bb button_one_text_size__hover_enabled=\u00bboff\u00bb button_two_text_size__hover_enabled=\u00bboff\u00bb button_text_color__hover_enabled=\u00bboff\u00bb button_one_text_color__hover_enabled=\u00bboff\u00bb button_two_text_color__hover_enabled=\u00bboff\u00bb button_border_width__hover_enabled=\u00bboff\u00bb button_one_border_width__hover_enabled=\u00bboff\u00bb button_two_border_width__hover_enabled=\u00bboff\u00bb button_border_color__hover_enabled=\u00bboff\u00bb button_one_border_color__hover_enabled=\u00bboff\u00bb button_two_border_color__hover_enabled=\u00bboff\u00bb button_border_radius__hover_enabled=\u00bbon\u00bb button_border_radius__hover=\u00bb0&#8243; button_one_border_radius__hover_enabled=\u00bboff\u00bb button_two_border_radius__hover_enabled=\u00bboff\u00bb button_letter_spacing__hover_enabled=\u00bbon\u00bb button_letter_spacing__hover=\u00bb3&#8243; button_one_letter_spacing__hover_enabled=\u00bboff\u00bb button_two_letter_spacing__hover_enabled=\u00bboff\u00bb button_bg_color__hover_enabled=\u00bboff\u00bb button_one_bg_color__hover_enabled=\u00bboff\u00bb button_two_bg_color__hover_enabled=\u00bboff\u00bb][et_pb_slide heading=\u00bbDepartamento de Comunicaci\u00f3n Institucional\u00bb use_bg_overlay=\u00bboff\u00bb use_text_overlay=\u00bboff\u00bb _builder_version=\u00bb4.16&#8243; header_font=\u00bb||||\u00bb body_font=\u00bbArial||||\u00bb background_color=\u00bbrgba(30,115,190,0.61)\u00bb button_icon_placement=\u00bbright\u00bb button_on_hover=\u00bbon\u00bb global_colors_info=\u00bb{}\u00bb button_text_size__hover_enabled=\u00bboff\u00bb button_one_text_size__hover_enabled=\u00bboff\u00bb button_two_text_size__hover_enabled=\u00bboff\u00bb button_text_color__hover_enabled=\u00bboff\u00bb button_one_text_color__hover_enabled=\u00bboff\u00bb button_two_text_color__hover_enabled=\u00bboff\u00bb button_border_width__hover_enabled=\u00bboff\u00bb button_one_border_width__hover_enabled=\u00bboff\u00bb button_two_border_width__hover_enabled=\u00bboff\u00bb button_border_color__hover_enabled=\u00bboff\u00bb button_one_border_color__hover_enabled=\u00bboff\u00bb button_two_border_color__hover_enabled=\u00bboff\u00bb button_border_radius__hover_enabled=\u00bboff\u00bb button_one_border_radius__hover_enabled=\u00bboff\u00bb button_two_border_radius__hover_enabled=\u00bboff\u00bb button_letter_spacing__hover_enabled=\u00bboff\u00bb button_one_letter_spacing__hover_enabled=\u00bboff\u00bb button_two_letter_spacing__hover_enabled=\u00bboff\u00bb button_bg_color__hover_enabled=\u00bboff\u00bb button_one_bg_color__hover_enabled=\u00bboff\u00bb button_two_bg_color__hover_enabled=\u00bboff\u00bb sticky_transition=\u00bbon\u00bb]<\/p>\n<p style=\"text-align: center\">La intranet del Departamento de Comunicaci\u00f3n Institucional del ITBA es un espacio que re\u00fane informaci\u00f3n de inter\u00e9s y utilidad para nuestra comunidad docente y no docente.<br \/>\nPor consultas o dudas, comunicarse v\u00eda mail a <span style=\"color: #d6d6d6\"><a style=\"color: #d6d6d6\" href=\"mailto:comunicacion@itba.edu.ar\"><span style=\"text-decoration: underline\">comunicacion@itba.edu.ar<\/span><\/a><\/span><\/p>\n<p>[\/et_pb_slide][\/et_pb_slider][\/et_pb_column][\/et_pb_row][\/et_pb_section][et_pb_section fb_built=\u00bb1&#8243; fullwidth=\u00bbon\u00bb custom_padding_last_edited=\u00bbon|desktop\u00bb admin_label=\u00bbSecci\u00f3n\u00bb _builder_version=\u00bb4.16&#8243; background_color=\u00bb#009e96&#8243; custom_padding_tablet=\u00bb50px|0|50px|0&#8243; custom_padding_phone=\u00bb\u00bb transparent_background=\u00bboff\u00bb padding_mobile=\u00bboff\u00bb make_fullwidth=\u00bboff\u00bb use_custom_width=\u00bboff\u00bb width_unit=\u00bbon\u00bb custom_width_px=\u00bb1080px\u00bb custom_width_percent=\u00bb80%\u00bb global_colors_info=\u00bb{}\u00bb][et_pb_fullwidth_header subhead=\u00bb\u201cLa marca ITBA es un conjunto de valores y atributos que reflejan el esp\u00edritu de la instituci\u00f3n. El uso consistente y regulado de la marca reforzar\u00e1 los valores que posicionan al ITBA y su proyecci\u00f3n hacia el futuro\u201d\u00bb text_orientation=\u00bbcenter\u00bb background_overlay_color=\u00bbrgba(3,86,138,0)\u00bb content_max_width=\u00bbnone\u00bb admin_label=\u00bbT\u00edtulo de anchura completa\u00bb _builder_version=\u00bb4.16&#8243; title_font=\u00bbAbel||||\u00bb title_font_size=\u00bb40&#8243; content_font_size=\u00bb17px\u00bb subhead_font=\u00bbAbel||||\u00bb subhead_font_size=\u00bb27px\u00bb background_color=\u00bbrgba(3,86,138,0)\u00bb subhead_font_size_tablet=\u00bb25&#8243; subhead_font_size_phone=\u00bb18&#8243; subhead_font_size_last_edited=\u00bbon|desktop\u00bb button_one_border_radius_hover=\u00bb0&#8243; button_two_border_radius_hover=\u00bb0&#8243; button_one_letter_spacing_hover=\u00bb3&#8243; button_two_letter_spacing_hover=\u00bb3&#8243; global_colors_info=\u00bb{}\u00bb button_one_text_size__hover_enabled=\u00bboff\u00bb button_two_text_size__hover_enabled=\u00bboff\u00bb button_one_text_color__hover_enabled=\u00bboff\u00bb button_two_text_color__hover_enabled=\u00bboff\u00bb button_one_border_width__hover_enabled=\u00bboff\u00bb button_two_border_width__hover_enabled=\u00bboff\u00bb button_one_border_color__hover_enabled=\u00bboff\u00bb button_two_border_color__hover_enabled=\u00bboff\u00bb button_one_border_radius__hover_enabled=\u00bbon\u00bb button_one_border_radius__hover=\u00bb0&#8243; button_two_border_radius__hover_enabled=\u00bbon\u00bb button_two_border_radius__hover=\u00bb0&#8243; button_one_letter_spacing__hover_enabled=\u00bbon\u00bb button_one_letter_spacing__hover=\u00bb3&#8243; button_two_letter_spacing__hover_enabled=\u00bbon\u00bb button_two_letter_spacing__hover=\u00bb3&#8243; button_one_bg_color__hover_enabled=\u00bboff\u00bb button_two_bg_color__hover_enabled=\u00bboff\u00bb][\/et_pb_fullwidth_header][\/et_pb_section][et_pb_section fb_built=\u00bb1&#8243; custom_padding_last_edited=\u00bbon|desktop\u00bb admin_label=\u00bbsection\u00bb _builder_version=\u00bb4.16&#8243; custom_padding_tablet=\u00bb50px|0|50px|0&#8243; custom_padding_phone=\u00bb\u00bb transparent_background=\u00bboff\u00bb padding_mobile=\u00bboff\u00bb make_fullwidth=\u00bboff\u00bb use_custom_width=\u00bboff\u00bb width_unit=\u00bboff\u00bb custom_width_px=\u00bb1080px\u00bb custom_width_percent=\u00bb80%\u00bb global_colors_info=\u00bb{}\u00bb][et_pb_row column_structure=\u00bb1_2,1_2&#8243; padding_mobile=\u00bboff\u00bb column_padding_mobile=\u00bbon\u00bb admin_label=\u00bbrow\u00bb _builder_version=\u00bb4.16&#8243; background_size=\u00bbinitial\u00bb background_position=\u00bbtop_left\u00bb background_repeat=\u00bbrepeat\u00bb make_fullwidth=\u00bboff\u00bb use_custom_width=\u00bboff\u00bb width_unit=\u00bboff\u00bb custom_width_px=\u00bb1080px\u00bb custom_width_percent=\u00bb80%\u00bb global_colors_info=\u00bb{}\u00bb][et_pb_column type=\u00bb1_2&#8243; _builder_version=\u00bb4.16&#8243; custom_padding=\u00bb|||\u00bb global_colors_info=\u00bb{}\u00bb custom_padding__hover=\u00bb|||\u00bb][et_pb_blurb title=\u00bbDESCARGAS\u00bb url=\u00bbhttps:\/\/www.itba.edu.ar\/intranet\/comunicacion\/wp-login.php?redirect_to=%2Fintranet%2Fcomunicacion%2Fdescargas%2F\u00bb use_icon=\u00bbon\u00bb font_icon=\u00bb&#xe004;||divi||400&#8243; icon_color=\u00bb#27c9b9&#8243; image_icon_background_color=\u00bb#ffffff\u00bb image_icon_width=\u00bb48px\u00bb admin_label=\u00bbBlurb\u00bb _builder_version=\u00bb4.16&#8243; header_text_color=\u00bb#999999&#8243; header_font_size=\u00bb33px\u00bb header_letter_spacing=\u00bb10px\u00bb background_size=\u00bbinitial\u00bb background_position=\u00bbtop_left\u00bb background_repeat=\u00bbrepeat\u00bb image_icon_custom_padding=\u00bb25px|25px|25px|25px|false|false\u00bb text_orientation=\u00bbcenter\u00bb border_width_all=\u00bb50&#8243; border_color_all=\u00bb#ffffff\u00bb border_style_all=\u00bbsolid\u00bb border_radii_image=\u00bbon|100%|100%|100%|100%\u00bb border_width_all_image=\u00bb3px\u00bb border_color_all_image=\u00bb#e0e0e0&#8243; use_border_color=\u00bbon\u00bb border_color=\u00bb#ffffff\u00bb border_width=\u00bb50&#8243; border_style=\u00bbsolid\u00bb use_circle=\u00bbon\u00bb use_circle_border=\u00bbon\u00bb circle_border_color=\u00bb#e0e0e0&#8243; circle_color=\u00bb#ffffff\u00bb inline_fonts=\u00bbAbel\u00bb global_colors_info=\u00bb{}\u00bb image_icon_background_color__sticky_enabled=\u00bb#00548a\u00bb image_icon_background_color__sticky=\u00bb#00548a\u00bb]<\/p>\n<p>En esta secci\u00f3n podr\u00e1s descargar los siguientes archivos:<\/p>\n<p>&nbsp;<\/p>\n<p style=\"padding-left: 30px;text-align: left\"><span style=\"font-family: Abel;font-weight: normal;font-size: large\">\u2714 Logo ITBA<\/span><br \/> <span style=\"font-family: Abel;font-weight: normal;font-size: large\"> \u2714 Manual de marca para el uso del logo<\/span><br \/> <span style=\"font-family: Abel;font-weight: normal;font-size: large\"> \u2714 Template Power Point\u00a0<\/span><br \/> <span style=\"font-family: Abel;font-weight: normal;font-size: large\"> \u2714 Hoja membretada<\/span><br \/> <span style=\"font-family: Abel;font-weight: normal;font-size: large\"> \u2714 Video Institucional<\/span><br \/> <span style=\"font-family: Abel;font-weight: normal;font-size: large\"> \u2714 Fotos Institucionales<\/span><br \/> <span style=\"font-family: Abel;font-weight: normal;font-size: large\"> \u2714 Presentaci\u00f3n Institucional ITBA<\/span><br \/><span style=\"font-family: Abel;font-weight: normal;font-size: large\">\u2714 Firma mail Institucional<\/p>\n<p> <\/span><\/p>\n<p>&nbsp;<\/p>\n<p>&nbsp;<\/p>\n<p>[\/et_pb_blurb][\/et_pb_column][et_pb_column type=\u00bb1_2&#8243; _builder_version=\u00bb4.16&#8243; custom_padding=\u00bb|||\u00bb global_colors_info=\u00bb{}\u00bb custom_padding__hover=\u00bb|||\u00bb][et_pb_blurb title=\u00bbSOLICITUDES\u00bb url=\u00bb\/intranet\/comunicacion\/solicitudes\/\u00bb use_icon=\u00bbon\u00bb font_icon=\u00bb&#x69;||divi||400&#8243; icon_color=\u00bb#27c9b9&#8243; image_icon_background_color=\u00bb#ffffff\u00bb image_icon_width=\u00bb48px\u00bb admin_label=\u00bbBlurb\u00bb _builder_version=\u00bb4.16&#8243; header_font=\u00bbAbel||||\u00bb header_text_color=\u00bb#9b9b9b\u00bb header_font_size=\u00bb32px\u00bb header_letter_spacing=\u00bb6px\u00bb body_line_height=\u00bb1.9em\u00bb background_size=\u00bbinitial\u00bb background_position=\u00bbtop_left\u00bb background_repeat=\u00bbrepeat\u00bb image_icon_custom_padding=\u00bb25px|25px|25px|25px|false|false\u00bb text_orientation=\u00bbcenter\u00bb custom_margin=\u00bb|||\u00bb header_font_size_tablet=\u00bb21px\u00bb header_font_size_phone=\u00bb19px\u00bb header_font_size_last_edited=\u00bbon|desktop\u00bb border_width_all=\u00bb50&#8243; border_color_all=\u00bb#ffffff\u00bb border_style_all=\u00bbsolid\u00bb border_radii_image=\u00bbon|100%|100%|100%|100%\u00bb border_width_all_image=\u00bb3px\u00bb border_color_all_image=\u00bb#e0e0e0&#8243; use_border_color=\u00bbon\u00bb border_color=\u00bb#ffffff\u00bb border_width=\u00bb50&#8243; border_style=\u00bbsolid\u00bb use_circle=\u00bbon\u00bb use_circle_border=\u00bbon\u00bb circle_border_color=\u00bb#e0e0e0&#8243; circle_color=\u00bb#ffffff\u00bb global_colors_info=\u00bb{}\u00bb image_icon_background_color__sticky_enabled=\u00bb#00548a\u00bb image_icon_background_color__sticky=\u00bb#00548a\u00bb]En esta secci\u00f3n encontrar\u00e1s formularios para:<\/p>\n<p><span style=\"font-family: Abel;font-weight: normal;font-size: large\">\u2714 <\/span>Solicitar tarjetas personales<br \/>\n<span style=\"font-family: Abel;font-weight: normal;font-size: large\">\u2714 <\/span>Gestionar la realizaci\u00f3n de un evento<br \/>\n<span style=\"font-family: Abel;font-weight: normal;font-size: large\">\u2714 <\/span>Gestionar la difusi\u00f3n de un evento<br \/>\n[\/et_pb_blurb][\/et_pb_column][\/et_pb_row][\/et_pb_section][et_pb_section fb_built=\u00bb1&#8243; custom_padding_last_edited=\u00bbon|desktop\u00bb admin_label=\u00bbSecci\u00f3n\u00bb _builder_version=\u00bb4.16&#8243; background_color=\u00bb#0c71c3&#8243; custom_padding=\u00bb54px|0px|54px|0px\u00bb custom_padding_tablet=\u00bb50px|0|50px|0&#8243; custom_padding_phone=\u00bb\u00bb transparent_background=\u00bboff\u00bb padding_mobile=\u00bboff\u00bb make_fullwidth=\u00bboff\u00bb use_custom_width=\u00bboff\u00bb width_unit=\u00bboff\u00bb custom_width_px=\u00bb1080px\u00bb custom_width_percent=\u00bb80%\u00bb global_colors_info=\u00bb{}\u00bb][et_pb_row column_structure=\u00bb1_2,1_2&#8243; padding_mobile=\u00bboff\u00bb column_padding_mobile=\u00bbon\u00bb admin_label=\u00bbFila\u00bb _builder_version=\u00bb4.16&#8243; background_size=\u00bbinitial\u00bb background_position=\u00bbtop_left\u00bb background_repeat=\u00bbrepeat\u00bb make_fullwidth=\u00bboff\u00bb use_custom_width=\u00bboff\u00bb width_unit=\u00bboff\u00bb custom_width_px=\u00bb1080px\u00bb custom_width_percent=\u00bb80%\u00bb global_colors_info=\u00bb{}\u00bb][et_pb_column type=\u00bb1_2&#8243; _builder_version=\u00bb4.16&#8243; custom_padding=\u00bb|||\u00bb global_colors_info=\u00bb{}\u00bb custom_padding__hover=\u00bb|||\u00bb][et_pb_contact_form email=\u00bbcomunicacion@itba.edu.ar\u00bb title=\u00bbContacto\u00bb success_message=\u00bb\u00a1Gracias por contactarnos!\u00bb disabled_on=\u00bbon|on|on\u00bb admin_label=\u00bbFormulario de contacto\u00bb module_id=\u00bbet_pb_contact_form_0&#8243; _builder_version=\u00bb4.24.2&#8243; _unique_id=\u00bbe22f3f5f-b3ed-4e51-aa11-5786a4027bf5&#8243; form_field_background_color=\u00bbrgba(255,255,255,0.61)\u00bb form_field_text_color=\u00bb#ffffff\u00bb title_font=\u00bbAbel||||\u00bb title_text_color=\u00bb#ffffff\u00bb title_font_size=\u00bb32&#8243; title_letter_spacing=\u00bb8px\u00bb form_field_font=\u00bbAbel||||\u00bb form_field_font_size=\u00bb16&#8243; custom_button=\u00bbon\u00bb button_text_size=\u00bb16&#8243; button_text_color=\u00bb#ffffff\u00bb button_border_color=\u00bb#ffffff\u00bb button_letter_spacing=\u00bb7&#8243; button_font=\u00bbAbel||||\u00bb button_use_icon=\u00bboff\u00bb hover_enabled=\u00bb0&#8243; border_radii=\u00bbon|0px|0px|0px|0px\u00bb use_border_color=\u00bboff\u00bb border_color=\u00bb#ffffff\u00bb border_width=\u00bb1px\u00bb border_style=\u00bbsolid\u00bb input_border_radius=\u00bb0&#8243; form_background_color=\u00bbrgba(255,255,255,0.61)\u00bb disabled=\u00bbon\u00bb global_colors_info=\u00bb{}\u00bb use_spam_service=\u00bbon\u00bb recaptcha_list=\u00bbadd_new_account\u00bb recaptcha_site_key=\u00bb6LfddGIpAAAAAJVJBBEgcAfoPuh8hT5AlDC39Y5H\u00bb recaptcha_secret_key=\u00bb6LfddGIpAAAAAJrvp_Knp05Z6i1dSl8P0XrhZu8h\u00bb sticky_enabled=\u00bb0&#8243;][et_pb_contact_field field_id=\u00bbName\u00bb field_title=\u00bbNombre\u00bb fullwidth_field=\u00bbon\u00bb _builder_version=\u00bb4.16&#8243; form_field_font=\u00bb||||\u00bb border_radii=\u00bbon|0px|0px|0px|0px\u00bb use_border_color=\u00bboff\u00bb border_style=\u00bbsolid\u00bb input_border_radius=\u00bb0&#8243; global_colors_info=\u00bb{}\u00bb button_text_size__hover_enabled=\u00bboff\u00bb button_one_text_size__hover_enabled=\u00bboff\u00bb button_two_text_size__hover_enabled=\u00bboff\u00bb button_text_color__hover_enabled=\u00bboff\u00bb button_one_text_color__hover_enabled=\u00bboff\u00bb button_two_text_color__hover_enabled=\u00bboff\u00bb button_border_width__hover_enabled=\u00bboff\u00bb button_one_border_width__hover_enabled=\u00bboff\u00bb button_two_border_width__hover_enabled=\u00bboff\u00bb button_border_color__hover_enabled=\u00bboff\u00bb button_one_border_color__hover_enabled=\u00bboff\u00bb button_two_border_color__hover_enabled=\u00bboff\u00bb button_border_radius__hover_enabled=\u00bboff\u00bb button_one_border_radius__hover_enabled=\u00bboff\u00bb button_two_border_radius__hover_enabled=\u00bboff\u00bb button_letter_spacing__hover_enabled=\u00bboff\u00bb button_one_letter_spacing__hover_enabled=\u00bboff\u00bb button_two_letter_spacing__hover_enabled=\u00bboff\u00bb button_bg_color__hover_enabled=\u00bboff\u00bb button_one_bg_color__hover_enabled=\u00bboff\u00bb button_two_bg_color__hover_enabled=\u00bboff\u00bb] [\/et_pb_contact_field][et_pb_contact_field field_id=\u00bbEmail\u00bb field_title=\u00bbDirecci\u00f3n de correo electr\u00f3nico\u00bb field_type=\u00bbemail\u00bb fullwidth_field=\u00bbon\u00bb _builder_version=\u00bb4.16&#8243; form_field_font=\u00bb||||\u00bb border_radii=\u00bbon|0px|0px|0px|0px\u00bb use_border_color=\u00bboff\u00bb border_style=\u00bbsolid\u00bb input_border_radius=\u00bb0&#8243; global_colors_info=\u00bb{}\u00bb button_text_size__hover_enabled=\u00bboff\u00bb button_one_text_size__hover_enabled=\u00bboff\u00bb button_two_text_size__hover_enabled=\u00bboff\u00bb button_text_color__hover_enabled=\u00bboff\u00bb button_one_text_color__hover_enabled=\u00bboff\u00bb button_two_text_color__hover_enabled=\u00bboff\u00bb button_border_width__hover_enabled=\u00bboff\u00bb button_one_border_width__hover_enabled=\u00bboff\u00bb button_two_border_width__hover_enabled=\u00bboff\u00bb button_border_color__hover_enabled=\u00bboff\u00bb button_one_border_color__hover_enabled=\u00bboff\u00bb button_two_border_color__hover_enabled=\u00bboff\u00bb button_border_radius__hover_enabled=\u00bboff\u00bb button_one_border_radius__hover_enabled=\u00bboff\u00bb button_two_border_radius__hover_enabled=\u00bboff\u00bb button_letter_spacing__hover_enabled=\u00bboff\u00bb button_one_letter_spacing__hover_enabled=\u00bboff\u00bb button_two_letter_spacing__hover_enabled=\u00bboff\u00bb button_bg_color__hover_enabled=\u00bboff\u00bb button_one_bg_color__hover_enabled=\u00bboff\u00bb button_two_bg_color__hover_enabled=\u00bboff\u00bb] [\/et_pb_contact_field][et_pb_contact_field field_id=\u00bbMessage\u00bb field_title=\u00bbMensaje\u00bb field_type=\u00bbtext\u00bb fullwidth_field=\u00bbon\u00bb _builder_version=\u00bb4.16&#8243; form_field_font=\u00bb||||\u00bb border_radii=\u00bbon|0px|0px|0px|0px\u00bb use_border_color=\u00bboff\u00bb border_style=\u00bbsolid\u00bb input_border_radius=\u00bb0&#8243; global_colors_info=\u00bb{}\u00bb button_text_size__hover_enabled=\u00bboff\u00bb button_one_text_size__hover_enabled=\u00bboff\u00bb button_two_text_size__hover_enabled=\u00bboff\u00bb button_text_color__hover_enabled=\u00bboff\u00bb button_one_text_color__hover_enabled=\u00bboff\u00bb button_two_text_color__hover_enabled=\u00bboff\u00bb button_border_width__hover_enabled=\u00bboff\u00bb button_one_border_width__hover_enabled=\u00bboff\u00bb button_two_border_width__hover_enabled=\u00bboff\u00bb button_border_color__hover_enabled=\u00bboff\u00bb button_one_border_color__hover_enabled=\u00bboff\u00bb button_two_border_color__hover_enabled=\u00bboff\u00bb button_border_radius__hover_enabled=\u00bboff\u00bb button_one_border_radius__hover_enabled=\u00bboff\u00bb button_two_border_radius__hover_enabled=\u00bboff\u00bb button_letter_spacing__hover_enabled=\u00bboff\u00bb button_one_letter_spacing__hover_enabled=\u00bboff\u00bb button_two_letter_spacing__hover_enabled=\u00bboff\u00bb button_bg_color__hover_enabled=\u00bboff\u00bb button_one_bg_color__hover_enabled=\u00bboff\u00bb button_two_bg_color__hover_enabled=\u00bboff\u00bb] [\/et_pb_contact_field][\/et_pb_contact_form][et_pb_text admin_label=\u00bbTexto\u00bb _builder_version=\u00bb4.24.2&#8243; background_size=\u00bbinitial\u00bb background_position=\u00bbtop_left\u00bb background_repeat=\u00bbrepeat\u00bb hover_enabled=\u00bb0&#8243; use_border_color=\u00bboff\u00bb border_style=\u00bbsolid\u00bb global_colors_info=\u00bb{}\u00bb sticky_enabled=\u00bb0&#8243;]<\/p>\n<div id=\"id\">\u00a0<\/div>\n<p>[\/et_pb_text][\/et_pb_column][et_pb_column type=\u00bb1_2&#8243; _builder_version=\u00bb4.16&#8243; custom_padding=\u00bb|||\u00bb global_colors_info=\u00bb{}\u00bb custom_padding__hover=\u00bb|||\u00bb][\/et_pb_column][\/et_pb_row][\/et_pb_section]<\/p>\n","protected":false},"excerpt":{"rendered":"<p>La intranet del Departamento de Comunicaci\u00f3n Institucional del ITBA es un espacio que re\u00fane informaci\u00f3n de inter\u00e9s y utilidad para nuestra comunidad docente y no docente. Por consultas o dudas, comunicarse v\u00eda mail a comunicacion@itba.edu.ar En esta secci\u00f3n podr\u00e1s descargar los siguientes archivos: &nbsp; \u2714 Logo ITBA \u2714 Manual de marca para el uso del [&hellip;]<\/p>\n","protected":false},"author":2,"featured_media":0,"parent":0,"menu_order":0,"comment_status":"closed","ping_status":"closed","template":"","meta":{"_et_pb_use_builder":"on","_et_pb_old_content":"","_et_gb_content_width":"","footnotes":""},"class_list":["post-40","page","type-page","status-publish","hentry"],"_links":{"self":[{"href":"https:\/\/www.itba.edu.ar\/intranet\/comunicacion\/wp-json\/wp\/v2\/pages\/40","targetHints":{"allow":["GET"]}}],"collection":[{"href":"https:\/\/www.itba.edu.ar\/intranet\/comunicacion\/wp-json\/wp\/v2\/pages"}],"about":[{"href":"https:\/\/www.itba.edu.ar\/intranet\/comunicacion\/wp-json\/wp\/v2\/types\/page"}],"author":[{"embeddable":true,"href":"https:\/\/www.itba.edu.ar\/intranet\/comunicacion\/wp-json\/wp\/v2\/users\/2"}],"replies":[{"embeddable":true,"href":"https:\/\/www.itba.edu.ar\/intranet\/comunicacion\/wp-json\/wp\/v2\/comments?post=40"}],"version-history":[{"count":115,"href":"https:\/\/www.itba.edu.ar\/intranet\/comunicacion\/wp-json\/wp\/v2\/pages\/40\/revisions"}],"predecessor-version":[{"id":36053,"href":"https:\/\/www.itba.edu.ar\/intranet\/comunicacion\/wp-json\/wp\/v2\/pages\/40\/revisions\/36053"}],"wp:attachment":[{"href":"https:\/\/www.itba.edu.ar\/intranet\/comunicacion\/wp-json\/wp\/v2\/media?parent=40"}],"curies":[{"name":"wp","href":"https:\/\/api.w.org\/{rel}","templated":true}]}}