{"id":296,"date":"2016-12-30T10:31:12","date_gmt":"2016-12-30T13:31:12","guid":{"rendered":"https:\/\/www.itba.edu.ar\/intranet\/comunicacion\/?page_id=296"},"modified":"2023-08-07T14:21:41","modified_gmt":"2023-08-07T17:21:41","slug":"quienes-somos","status":"publish","type":"page","link":"https:\/\/www.itba.edu.ar\/intranet\/comunicacion\/quienes-somos\/","title":{"rendered":"\u00bfQui\u00e9nes somos?"},"content":{"rendered":"<p>[et_pb_section fb_built=\u00bb1&#8243; fullwidth=\u00bbon\u00bb custom_padding_last_edited=\u00bbon|desktop\u00bb _builder_version=\u00bb4.16&#8243; background_color=\u00bb#00558c\u00bb custom_padding_tablet=\u00bb50px|0|50px|0&#8243; custom_padding_phone=\u00bb\u00bb transparent_background=\u00bboff\u00bb padding_mobile=\u00bboff\u00bb global_colors_info=\u00bb{}\u00bb][et_pb_fullwidth_header title=\u00bb\u00bfQUI\u00c9NES SOMOS?\u00bb _builder_version=\u00bb4.16&#8243; title_font=\u00bbAbel||||\u00bb title_font_size=\u00bb41px\u00bb background_color=\u00bbrgba(255, 255, 255, 0)\u00bb button_one_border_radius_hover=\u00bb0&#8243; button_two_border_radius_hover=\u00bb0&#8243; button_one_letter_spacing_hover=\u00bb0&#8243; button_two_letter_spacing_hover=\u00bb0&#8243; global_colors_info=\u00bb{}\u00bb button_one_text_size__hover_enabled=\u00bboff\u00bb button_one_text_size__hover=\u00bbnull\u00bb button_two_text_size__hover_enabled=\u00bboff\u00bb button_two_text_size__hover=\u00bbnull\u00bb button_one_text_color__hover_enabled=\u00bboff\u00bb button_one_text_color__hover=\u00bbnull\u00bb button_two_text_color__hover_enabled=\u00bboff\u00bb button_two_text_color__hover=\u00bbnull\u00bb button_one_border_width__hover_enabled=\u00bboff\u00bb button_one_border_width__hover=\u00bbnull\u00bb button_two_border_width__hover_enabled=\u00bboff\u00bb button_two_border_width__hover=\u00bbnull\u00bb button_one_border_color__hover_enabled=\u00bboff\u00bb button_one_border_color__hover=\u00bbnull\u00bb button_two_border_color__hover_enabled=\u00bboff\u00bb button_two_border_color__hover=\u00bbnull\u00bb button_one_border_radius__hover_enabled=\u00bbon\u00bb button_one_border_radius__hover=\u00bb0&#8243; button_two_border_radius__hover_enabled=\u00bbon\u00bb button_two_border_radius__hover=\u00bb0&#8243; button_one_letter_spacing__hover_enabled=\u00bbon\u00bb button_one_letter_spacing__hover=\u00bb0&#8243; button_two_letter_spacing__hover_enabled=\u00bbon\u00bb button_two_letter_spacing__hover=\u00bb0&#8243; button_one_bg_color__hover_enabled=\u00bboff\u00bb button_one_bg_color__hover=\u00bbnull\u00bb button_two_bg_color__hover_enabled=\u00bboff\u00bb button_two_bg_color__hover=\u00bbnull\u00bb]<br \/>\n[\/et_pb_fullwidth_header][\/et_pb_section][et_pb_section fb_built=\u00bb1&#8243; custom_padding_last_edited=\u00bbon|desktop\u00bb _builder_version=\u00bb4.16&#8243; custom_padding_tablet=\u00bb50px|0|50px|0&#8243; custom_padding_phone=\u00bb\u00bb transparent_background=\u00bboff\u00bb padding_mobile=\u00bboff\u00bb global_colors_info=\u00bb{}\u00bb][et_pb_row padding_mobile=\u00bboff\u00bb column_padding_mobile=\u00bbon\u00bb _builder_version=\u00bb4.16&#8243; background_size=\u00bbinitial\u00bb background_position=\u00bbtop_left\u00bb background_repeat=\u00bbrepeat\u00bb custom_padding=\u00bb27px|0px|27px|0px\u00bb global_colors_info=\u00bb{}\u00bb][et_pb_column type=\u00bb4_4&#8243; _builder_version=\u00bb4.16&#8243; custom_padding=\u00bb|||\u00bb global_colors_info=\u00bb{}\u00bb custom_padding__hover=\u00bb|||\u00bb][et_pb_text _builder_version=\u00bb4.16&#8243; background_size=\u00bbinitial\u00bb background_position=\u00bbtop_left\u00bb background_repeat=\u00bbrepeat\u00bb use_border_color=\u00bboff\u00bb border_style=\u00bbsolid\u00bb inline_fonts=\u00bbAbel\u00bb global_colors_info=\u00bb{}\u00bb]<\/p>\n<p>El Departamento de Comunicaci\u00f3n Institucional desarrolla diversas acciones de comunicaci\u00f3n interna y externa con el objetivo de promover la difusi\u00f3n de actividades de la Universidad.<br \/>Es un \u00e1rea transversal a todas las unidades de gesti\u00f3n de la Universidad, que se propone generar acciones de comunicaci\u00f3n, difusi\u00f3n y promoci\u00f3n que respondan a los lineamientos estrat\u00e9gicos del ITBA.<\/p>\n<p>El Departamento trabaja sobre distintos ejes:<\/p>\n<p>&nbsp;<\/p>\n<ul>\n<li><span style=\"font-family: Abel;font-weight: normal;font-size: x-large\">Prensa<\/span><\/li>\n<li><span style=\"font-family: Abel;font-weight: normal;font-size: x-large\">Identidad e imagen de marca<\/span><\/li>\n<li><span style=\"font-family: Abel;font-weight: normal;font-size: x-large\">Publicidad y promoci\u00f3n<\/span><\/li>\n<li><span style=\"font-family: Abel;font-weight: normal;font-size: x-large\">Eventos<\/span><\/li>\n<li><span style=\"font-family: Abel;font-weight: normal;font-size: x-large\">Comunicaci\u00f3n interna<\/span><\/li>\n<li><span style=\"font-family: Abel;font-weight: normal;font-size: x-large\"><span>Extensi\u00f3n Universitaria<\/span><\/span><\/li>\n<\/ul>\n<p>[\/et_pb_text][\/et_pb_column][\/et_pb_row][et_pb_row column_structure=\u00bb1_5,1_5,1_5,1_5,1_5&#8243; padding_mobile=\u00bboff\u00bb column_padding_mobile=\u00bbon\u00bb _builder_version=\u00bb4.17.4&#8243; background_size=\u00bbinitial\u00bb background_position=\u00bbtop_left\u00bb background_repeat=\u00bbrepeat\u00bb global_colors_info=\u00bb{}\u00bb][et_pb_column type=\u00bb1_5&#8243; _builder_version=\u00bb4.16&#8243; custom_padding=\u00bb|||\u00bb global_colors_info=\u00bb{}\u00bb custom_padding__hover=\u00bb|||\u00bb][et_pb_team_member name=\u00bbAgustina Duggan\u00bb position=\u00bbDirectora\u00bb admin_label=\u00bbAgustina Duggan\u00bb _builder_version=\u00bb4.17.4&#8243; header_font_size=\u00bb20&#8243; background_size=\u00bbinitial\u00bb background_position=\u00bbtop_left\u00bb background_repeat=\u00bbrepeat\u00bb use_border_color=\u00bboff\u00bb global_colors_info=\u00bb{}\u00bb]<\/p>\n<p><a href=\"mailto:aduggan@itba.edu.ar\">aduggan@itba.edu.ar<\/a><\/p>\n<p>[\/et_pb_team_member][\/et_pb_column][et_pb_column type=\u00bb1_5&#8243; _builder_version=\u00bb4.16&#8243; custom_padding=\u00bb|||\u00bb global_colors_info=\u00bb{}\u00bb custom_padding__hover=\u00bb|||\u00bb][et_pb_team_member name=\u00bbRoc\u00edo Albe \u00bb position=\u00bbAnalista de Marketing &#8211; Grado \u00bb admin_label=\u00bbRoc\u00edo Albe\u00bb _builder_version=\u00bb4.21.0&#8243; header_font_size=\u00bb20&#8243; background_size=\u00bbinitial\u00bb background_position=\u00bbtop_left\u00bb background_repeat=\u00bbrepeat\u00bb hover_enabled=\u00bb0&#8243; use_border_color=\u00bboff\u00bb border_color=\u00bb#ffffff\u00bb border_style=\u00bbsolid\u00bb global_colors_info=\u00bb{}\u00bb sticky_enabled=\u00bb0&#8243;]<\/p>\n<p><a href=\"mailto:ralbe@itba.edu.ar\"><span class=\"m_-8900336573063227618gmail-m_-2421664560929244204A1\">ralbe@itba.edu.ar<\/span><\/a><\/p>\n<p>[\/et_pb_team_member][\/et_pb_column][et_pb_column type=\u00bb1_5&#8243; _builder_version=\u00bb4.16&#8243; custom_padding=\u00bb|||\u00bb global_colors_info=\u00bb{}\u00bb custom_padding__hover=\u00bb|||\u00bb][et_pb_team_member name=\u00bbDaniela Demarco\u00bb position=\u00bbAnalista de Marketing &#8211; Posgrado\u00bb admin_label=\u00bbDaniela Demarco\u00bb _builder_version=\u00bb4.21.0&#8243; _module_preset=\u00bbdefault\u00bb header_font_size=\u00bb20px\u00bb width=\u00bb96%\u00bb max_width=\u00bb100%\u00bb custom_margin=\u00bb|||-3px|false|false\u00bb hover_enabled=\u00bb0&#8243; global_colors_info=\u00bb{}\u00bb sticky_enabled=\u00bb0&#8243;]<\/p>\n<p><a class=\"rABsFf RffVmb AL18ce\" href=\"mailto:ddemarco@itba.edu.ar\" target=\"_blank\" rel=\"noopener\" aria-label=\"ddemarco@itba.edu.ar (Del perfil de la organizaci\u00f3n del usuario)\" data-tooltip=\"Del perfil de la organizaci\u00f3n del usuario\" data-tooltip-position=\"top\">ddemarco@itba.edu.ar<\/a><\/p>\n<p>[\/et_pb_team_member][\/et_pb_column][et_pb_column type=\u00bb1_5&#8243; _builder_version=\u00bb4.16&#8243; custom_padding=\u00bb|||\u00bb global_colors_info=\u00bb{}\u00bb custom_padding__hover=\u00bb|||\u00bb][\/et_pb_column][et_pb_column type=\u00bb1_5&#8243; _builder_version=\u00bb4.16&#8243; custom_padding=\u00bb|||\u00bb global_colors_info=\u00bb{}\u00bb custom_padding__hover=\u00bb|||\u00bb][\/et_pb_column][\/et_pb_row][et_pb_row column_structure=\u00bb1_4,1_4,1_4,1_4&#8243; _builder_version=\u00bb4.17.4&#8243; _module_preset=\u00bbdefault\u00bb max_width=\u00bb1032px\u00bb module_alignment=\u00bbcenter\u00bb custom_margin=\u00bb|-15px|||false|false\u00bb custom_margin_tablet=\u00bb|0px||20px|false|false\u00bb custom_margin_phone=\u00bb|0px||20px|false|false\u00bb custom_margin_last_edited=\u00bbon|desktop\u00bb global_colors_info=\u00bb{}\u00bb][et_pb_column type=\u00bb1_4&#8243; _builder_version=\u00bb4.17.4&#8243; _module_preset=\u00bbdefault\u00bb global_colors_info=\u00bb{}\u00bb][et_pb_team_member name=\u00bbEl\u00edas Pavoni\u00bb position=\u00bbAnalista de Marketing Digital\u00bb admin_label=\u00bbEl\u00edas Pavoni\u00bb _builder_version=\u00bb4.21.0&#8243; _module_preset=\u00bbdefault\u00bb header_font_size=\u00bb20px\u00bb custom_margin=\u00bb|||-6px|false|false\u00bb global_colors_info=\u00bb{}\u00bb]<\/p>\n<div class=\"dr\">\n<div class=\"bR bU\">\n<div class=\"Cz J-J5-Ji e CA\"><a href=\"mailto:epavoni@itba.edu.ar\">epavoni@itba.edu.ar\u00a0<\/a><\/div>\n<div class=\"T-I J-J5-Ji bRmhsb T-I-awG T-I-JN L3\" role=\"button\"><img decoding=\"async\" class=\"T-I-J3 CB\" src=\"https:\/\/mail.google.com\/mail\/u\/0\/images\/cleardot.gif\" alt=\"\" \/><\/div>\n<\/div>\n<div>\u00a0<\/div>\n<\/div>\n<p>[\/et_pb_team_member][\/et_pb_column][et_pb_column type=\u00bb1_4&#8243; _builder_version=\u00bb4.17.4&#8243; _module_preset=\u00bbdefault\u00bb global_colors_info=\u00bb{}\u00bb][et_pb_team_member name=\u00bbAgustina S\u00e1nchez Allevato\u00bb position=\u00bbAnalista de Contenidos y Medios\u00bb admin_label=\u00bbAgus Sanchez\u00bb _builder_version=\u00bb4.21.0&#8243; header_font_size=\u00bb20&#8243; background_size=\u00bbinitial\u00bb background_position=\u00bbtop_left\u00bb background_repeat=\u00bbrepeat\u00bb hover_enabled=\u00bb0&#8243; use_border_color=\u00bboff\u00bb global_colors_info=\u00bb{}\u00bb custom_padding=\u00bb|||0px|false|false\u00bb custom_margin=\u00bb|||-54px|false|false\u00bb sticky_enabled=\u00bb0&#8243;]<\/p>\n<p><a href=\"mailto:agustsanchez@itba.edu.ar\" target=\"_blank\" rel=\"noopener noreferrer\">agustsanchez@itba.edu.ar<\/a><\/p>\n<p>[\/et_pb_team_member][\/et_pb_column][et_pb_column type=\u00bb1_4&#8243; _builder_version=\u00bb4.17.4&#8243; _module_preset=\u00bbdefault\u00bb custom_padding=\u00bb|0px||0px|false|false\u00bb global_colors_info=\u00bb{}\u00bb][et_pb_team_member name=\u00bbMelina Brea\u00bb position=\u00bbAnalista de Comunicaci\u00f3n y Extensi\u00f3n Universitaria\u00bb admin_label=\u00bbMelina Brea\u00bb _builder_version=\u00bb4.21.0&#8243; _module_preset=\u00bbdefault\u00bb header_font_size=\u00bb21px\u00bb width=\u00bb96%\u00bb custom_margin=\u00bb|||-105px|false|false\u00bb hover_enabled=\u00bb0&#8243; global_colors_info=\u00bb{}\u00bb sticky_enabled=\u00bb0&#8243;]<\/p>\n<p><a href=\"mailto:mbrea@itba.edu.ar\">mbrea@itba.edu.ar<\/a><\/p>\n<p>[\/et_pb_team_member][\/et_pb_column][et_pb_column type=\u00bb1_4&#8243; _builder_version=\u00bb4.17.4&#8243; _module_preset=\u00bbdefault\u00bb custom_padding=\u00bb|||0px|false|false\u00bb global_colors_info=\u00bb{}\u00bb][\/et_pb_column][\/et_pb_row][\/et_pb_section]<\/p>\n","protected":false},"excerpt":{"rendered":"<p>El Departamento de Comunicaci\u00f3n Institucional desarrolla diversas acciones de comunicaci\u00f3n interna y externa con el objetivo de promover la difusi\u00f3n de actividades de la Universidad.Es un \u00e1rea transversal a todas las unidades de gesti\u00f3n de la Universidad, que se propone generar acciones de comunicaci\u00f3n, difusi\u00f3n y promoci\u00f3n que respondan a los lineamientos estrat\u00e9gicos del ITBA. [&hellip;]<\/p>\n","protected":false},"author":2,"featured_media":0,"parent":0,"menu_order":0,"comment_status":"closed","ping_status":"closed","template":"","meta":{"_et_pb_use_builder":"on","_et_pb_old_content":"","_et_gb_content_width":"","footnotes":""},"class_list":["post-296","page","type-page","status-publish","hentry"],"_links":{"self":[{"href":"https:\/\/www.itba.edu.ar\/intranet\/comunicacion\/wp-json\/wp\/v2\/pages\/296","targetHints":{"allow":["GET"]}}],"collection":[{"href":"https:\/\/www.itba.edu.ar\/intranet\/comunicacion\/wp-json\/wp\/v2\/pages"}],"about":[{"href":"https:\/\/www.itba.edu.ar\/intranet\/comunicacion\/wp-json\/wp\/v2\/types\/page"}],"author":[{"embeddable":true,"href":"https:\/\/www.itba.edu.ar\/intranet\/comunicacion\/wp-json\/wp\/v2\/users\/2"}],"replies":[{"embeddable":true,"href":"https:\/\/www.itba.edu.ar\/intranet\/comunicacion\/wp-json\/wp\/v2\/comments?post=296"}],"version-history":[{"count":75,"href":"https:\/\/www.itba.edu.ar\/intranet\/comunicacion\/wp-json\/wp\/v2\/pages\/296\/revisions"}],"predecessor-version":[{"id":36014,"href":"https:\/\/www.itba.edu.ar\/intranet\/comunicacion\/wp-json\/wp\/v2\/pages\/296\/revisions\/36014"}],"wp:attachment":[{"href":"https:\/\/www.itba.edu.ar\/intranet\/comunicacion\/wp-json\/wp\/v2\/media?parent=296"}],"curies":[{"name":"wp","href":"https:\/\/api.w.org\/{rel}","templated":true}]}}