{"id":1544,"date":"2018-04-13T14:44:50","date_gmt":"2018-04-13T17:44:50","guid":{"rendered":"https:\/\/www.itba.edu.ar\/intranet\/comunicacion\/?page_id=1544"},"modified":"2018-04-13T14:48:06","modified_gmt":"2018-04-13T17:48:06","slug":"formulario-extension","status":"publish","type":"page","link":"https:\/\/www.itba.edu.ar\/intranet\/comunicacion\/formulario-extension\/","title":{"rendered":"Formulario extension"},"content":{"rendered":"<p>[et_pb_section bb_built=\u00bb1&#8243; transparent_background=\u00bboff\u00bb background_color=\u00bb#00558c\u00bb allow_player_pause=\u00bboff\u00bb inner_shadow=\u00bboff\u00bb parallax=\u00bboff\u00bb parallax_method=\u00bboff\u00bb padding_mobile=\u00bboff\u00bb make_fullwidth=\u00bboff\u00bb use_custom_width=\u00bboff\u00bb width_unit=\u00bbon\u00bb custom_width_px=\u00bb1080px\u00bb custom_width_percent=\u00bb80%\u00bb make_equal=\u00bboff\u00bb use_custom_gutter=\u00bboff\u00bb fullwidth=\u00bbon\u00bb specialty=\u00bboff\u00bb disabled=\u00bboff\u00bb custom_padding_tablet=\u00bb50px|0|50px|0&#8243; custom_padding_last_edited=\u00bbon|desktop\u00bb next_background_color=\u00bb#ffffff\u00bb][et_pb_fullwidth_header admin_label=\u00bbFORMULARIO EXTENSI\u00d3N UNIVERSITARIA\u00bb title=\u00bbFORMULARIO EXTENSI\u00d3N UNIVERSITARIA\u00bb background_layout=\u00bbdark\u00bb text_orientation=\u00bbleft\u00bb header_fullscreen=\u00bboff\u00bb header_scroll_down=\u00bboff\u00bb content_orientation=\u00bbcenter\u00bb image_orientation=\u00bbcenter\u00bb title_font=\u00bbAbel||||\u00bb title_font_size=\u00bb41px\u00bb custom_button_one=\u00bboff\u00bb button_one_border_radius=\u00bb0&#8243; button_one_icon_placement=\u00bbright\u00bb button_one_border_radius_hover=\u00bb0&#8243; custom_button_two=\u00bboff\u00bb button_two_border_radius=\u00bb0&#8243; button_two_icon_placement=\u00bbright\u00bb button_two_border_radius_hover=\u00bb0&#8243; disabled=\u00bboff\u00bb _builder_version=\u00bb3.0.92&#8243; max_width_tablet=\u00bb50px\u00bb \/][\/et_pb_section][et_pb_section bb_built=\u00bb1&#8243; fullwidth=\u00bboff\u00bb specialty=\u00bboff\u00bb prev_background_color=\u00bb#00558c\u00bb][et_pb_row][et_pb_column type=\u00bb4_4&#8243;][et_pb_text _builder_version=\u00bb3.0.106&#8243; background_layout=\u00bblight\u00bb]<\/p>\n\n<div class=\"wpcf7 no-js\" id=\"wpcf7-f1547-o1\" lang=\"es-ES\" dir=\"ltr\" data-wpcf7-id=\"1547\">\n<div class=\"screen-reader-response\"><p role=\"status\" aria-live=\"polite\" aria-atomic=\"true\"><\/p> <ul><\/ul><\/div>\n<form action=\"\/intranet\/comunicacion\/wp-json\/wp\/v2\/pages\/1544#wpcf7-f1547-o1\" method=\"post\" class=\"wpcf7-form init\" aria-label=\"Formulario de contacto\" novalidate=\"novalidate\" data-status=\"init\">\n<fieldset class=\"hidden-fields-container\"><input type=\"hidden\" name=\"_wpcf7\" value=\"1547\" \/><input type=\"hidden\" name=\"_wpcf7_version\" value=\"6.1.5\" \/><input type=\"hidden\" name=\"_wpcf7_locale\" value=\"es_ES\" \/><input type=\"hidden\" name=\"_wpcf7_unit_tag\" value=\"wpcf7-f1547-o1\" \/><input type=\"hidden\" name=\"_wpcf7_container_post\" value=\"0\" \/><input type=\"hidden\" name=\"_wpcf7_posted_data_hash\" value=\"\" \/><input type=\"hidden\" name=\"_wpcf7_recaptcha_response\" value=\"\" \/>\n<\/fieldset>\n<ul>\n\t<li>\n\t\t<p>Nombre de la actividad (requerido)\n\t\t<\/p>\n\t<\/li>\n<\/ul>\n<p><label><span class=\"wpcf7-form-control-wrap\" data-name=\"your-name\"><input size=\"40\" maxlength=\"400\" class=\"wpcf7-form-control wpcf7-text wpcf7-validates-as-required\" aria-required=\"true\" aria-invalid=\"false\" value=\"\" type=\"text\" name=\"your-name\" \/><\/span> <\/label>\n<\/p>\n<ul>\n\t<li>\n\t\t<p>Tu correo electr\u00f3nico (requerido)\n\t\t<\/p>\n\t<\/li>\n<\/ul>\n<p><label><span class=\"wpcf7-form-control-wrap\" data-name=\"your-email\"><input size=\"40\" maxlength=\"400\" class=\"wpcf7-form-control wpcf7-email wpcf7-validates-as-required wpcf7-text wpcf7-validates-as-email\" aria-required=\"true\" aria-invalid=\"false\" value=\"\" type=\"email\" name=\"your-email\" \/><\/span> <\/label>\n<\/p>\n<ul>\n\t<li>\n\t\t<p>Tipo de actividad (requerido)\n\t\t<\/p>\n\t<\/li>\n<\/ul>\n<p><span class=\"wpcf7-form-control-wrap\" data-name=\"tipo_actividad\"><span class=\"wpcf7-form-control wpcf7-radio\"><span class=\"wpcf7-list-item first\"><input type=\"radio\" name=\"tipo_actividad\" value=\"Curso\" checked=\"checked\" \/><span class=\"wpcf7-list-item-label\">Curso<\/span><\/span><span class=\"wpcf7-list-item\"><input type=\"radio\" name=\"tipo_actividad\" value=\"Congreso\" \/><span class=\"wpcf7-list-item-label\">Congreso<\/span><\/span><span class=\"wpcf7-list-item\"><input type=\"radio\" name=\"tipo_actividad\" value=\"Charla\" \/><span class=\"wpcf7-list-item-label\">Charla<\/span><\/span><span class=\"wpcf7-list-item\"><input type=\"radio\" name=\"tipo_actividad\" value=\"Conferencia\" \/><span class=\"wpcf7-list-item-label\">Conferencia<\/span><\/span><span class=\"wpcf7-list-item\"><input type=\"radio\" name=\"tipo_actividad\" value=\"Taller\" \/><span class=\"wpcf7-list-item-label\">Taller<\/span><\/span><span class=\"wpcf7-list-item\"><input type=\"radio\" name=\"tipo_actividad\" value=\"Proyecto comunitario\" \/><span class=\"wpcf7-list-item-label\">Proyecto comunitario<\/span><\/span><span class=\"wpcf7-list-item last\"><input type=\"radio\" name=\"tipo_actividad\" value=\"Otro\" \/><span class=\"wpcf7-list-item-label\">Otro<\/span><\/span><\/span><\/span>\n<\/p>\n<p>[group group-otro]<br \/>\nOtro<br \/>\n<label><span class=\"wpcf7-form-control-wrap\" data-name=\"text-otro\"><input size=\"40\" maxlength=\"400\" class=\"wpcf7-form-control wpcf7-text\" aria-invalid=\"false\" value=\"\" type=\"text\" name=\"text-otro\" \/><\/span><\/label><br \/>\n[\/group]\n<\/p>\n<ul>\n\t<li>\n\t\t<p>Breve descripci\u00f3n y objetivos (requerido)\n\t\t<\/p>\n\t<\/li>\n<\/ul>\n<p><i>\u00bfEn qu\u00e9 consiste la actividad? \u00bfqu\u00e9 busca el presente proyecto?<\/i><br \/>\n<span class=\"wpcf7-form-control-wrap\" data-name=\"descripcion\"><textarea cols=\"40\" rows=\"10\" maxlength=\"2000\" class=\"wpcf7-form-control wpcf7-textarea wpcf7-validates-as-required\" aria-required=\"true\" aria-invalid=\"false\" name=\"descripcion\"><\/textarea><\/span>\n<\/p>\n<ul>\n\t<li>\n\t\t<p>Destinatarios\n\t\t<\/p>\n\t<\/li>\n<\/ul>\n<p><i>Detallar a qu\u00e9 publico est\u00e1 dirigida la actividad y si requiere conocimientos previos (detallar cu\u00e1les)<\/i><br \/>\n<label><span class=\"wpcf7-form-control-wrap\" data-name=\"destinatarios\"><textarea cols=\"40\" rows=\"10\" maxlength=\"2000\" class=\"wpcf7-form-control wpcf7-textarea wpcf7-validates-as-required\" aria-required=\"true\" aria-invalid=\"false\" name=\"destinatarios\"><\/textarea><\/span><\/label>\n<\/p>\n<ul>\n\t<li>\n\t\t<p>\u00c1rea de conocimiento dentro de la cual puede ser enmarcada\n\t\t<\/p>\n\t<\/li>\n<\/ul>\n<p><span class=\"wpcf7-form-control-wrap\" data-name=\"areadeconocimiento\"><span class=\"wpcf7-form-control wpcf7-radio\"><span class=\"wpcf7-list-item first\"><input type=\"radio\" name=\"areadeconocimiento\" value=\"Digitalizaci\u00f3n\" checked=\"checked\" \/><span class=\"wpcf7-list-item-label\">Digitalizaci\u00f3n<\/span><\/span><span class=\"wpcf7-list-item\"><input type=\"radio\" name=\"areadeconocimiento\" value=\"Energ\u00eda\" \/><span class=\"wpcf7-list-item-label\">Energ\u00eda<\/span><\/span><span class=\"wpcf7-list-item\"><input type=\"radio\" name=\"areadeconocimiento\" value=\"Automatizaci\u00f3n de Productos y Servicios\" \/><span class=\"wpcf7-list-item-label\">Automatizaci\u00f3n de Productos y Servicios<\/span><\/span><span class=\"wpcf7-list-item\"><input type=\"radio\" name=\"areadeconocimiento\" value=\"Iniciativas de Responsabilidad Social\" \/><span class=\"wpcf7-list-item-label\">Iniciativas de Responsabilidad Social<\/span><\/span><span class=\"wpcf7-list-item\"><input type=\"radio\" name=\"areadeconocimiento\" value=\"Ciencias de la vida\" \/><span class=\"wpcf7-list-item-label\">Ciencias de la vida<\/span><\/span><span class=\"wpcf7-list-item\"><input type=\"radio\" name=\"areadeconocimiento\" value=\"Emprendedores\" \/><span class=\"wpcf7-list-item-label\">Emprendedores<\/span><\/span><span class=\"wpcf7-list-item\"><input type=\"radio\" name=\"areadeconocimiento\" value=\"Innovaci\u00f3n\" \/><span class=\"wpcf7-list-item-label\">Innovaci\u00f3n<\/span><\/span><span class=\"wpcf7-list-item\"><input type=\"radio\" name=\"areadeconocimiento\" value=\"Vocaciones Tecnol\u00f3gicas\" \/><span class=\"wpcf7-list-item-label\">Vocaciones Tecnol\u00f3gicas<\/span><\/span><span class=\"wpcf7-list-item\"><input type=\"radio\" name=\"areadeconocimiento\" value=\"Sustentabilidad\" \/><span class=\"wpcf7-list-item-label\">Sustentabilidad<\/span><\/span><span class=\"wpcf7-list-item\"><input type=\"radio\" name=\"areadeconocimiento\" value=\"Tecnolog\u00eda\" \/><span class=\"wpcf7-list-item-label\">Tecnolog\u00eda<\/span><\/span><span class=\"wpcf7-list-item\"><input type=\"radio\" name=\"areadeconocimiento\" value=\"Gesti\u00f3n\" \/><span class=\"wpcf7-list-item-label\">Gesti\u00f3n<\/span><\/span><span class=\"wpcf7-list-item last\"><input type=\"radio\" name=\"areadeconocimiento\" value=\"Otro\" \/><span class=\"wpcf7-list-item-label\">Otro<\/span><\/span><\/span><\/span><br \/>\n[group group-otro2]\n<\/p>\n<p><label>Otro<br \/>\n<span class=\"wpcf7-form-control-wrap\" data-name=\"text-otro2\"><input size=\"40\" maxlength=\"400\" class=\"wpcf7-form-control wpcf7-text\" aria-invalid=\"false\" value=\"\" type=\"text\" name=\"text-otro2\" \/><\/span><\/label><br \/>\n[\/group]\n<\/p>\n<ul>\n\t<li>\n\t\t<p>Modalidad\n\t\t<\/p>\n\t<\/li>\n<\/ul>\n<p><span class=\"wpcf7-form-control-wrap\" data-name=\"modalidad\"><select class=\"wpcf7-form-control wpcf7-select wpcf7-validates-as-required\" aria-required=\"true\" aria-invalid=\"false\" name=\"modalidad\"><option value=\"\">&#8212;Por favor, elige una opci\u00f3n&#8212;<\/option><option value=\"Gratuita\">Gratuita<\/option><option value=\"Arancelada\">Arancelada<\/option><\/select><\/span>\n<\/p>\n<ul>\n\t<li>\n\t\t<p>\u00c1rea del ITBA responsable de la actividad\n\t\t<\/p>\n\t<\/li>\n<\/ul>\n<p><i>Unidad acad\u00e9mica o iniciativa estudiantil responsable de la actividad (Ej: Departamento de Ing. Industrial, Rama Estudiantil del SPE, etc.)<\/i><br \/>\n<label><span class=\"wpcf7-form-control-wrap\" data-name=\"area_responsable\"><input size=\"40\" maxlength=\"400\" class=\"wpcf7-form-control wpcf7-text wpcf7-validates-as-required\" aria-required=\"true\" aria-invalid=\"false\" value=\"\" type=\"text\" name=\"area_responsable\" \/><\/span><\/label>\n<\/p>\n<ul>\n\t<li>\n\t\t<p>Nombre del responsable\n\t\t<\/p>\n\t<\/li>\n<\/ul>\n<p><label><span class=\"wpcf7-form-control-wrap\" data-name=\"nombre_responsable\"><input size=\"40\" maxlength=\"400\" class=\"wpcf7-form-control wpcf7-text wpcf7-validates-as-required\" aria-required=\"true\" aria-invalid=\"false\" value=\"\" type=\"text\" name=\"nombre_responsable\" \/><\/span><\/label>\n<\/p>\n<ul>\n\t<li>\n\t\t<p>Correo electr\u00f3nico del Responsable\n\t\t<\/p>\n\t<\/li>\n<\/ul>\n<p><label><span class=\"wpcf7-form-control-wrap\" data-name=\"email_responsable\"><input size=\"40\" maxlength=\"400\" class=\"wpcf7-form-control wpcf7-email wpcf7-validates-as-required wpcf7-text wpcf7-validates-as-email\" aria-required=\"true\" aria-invalid=\"false\" value=\"\" type=\"email\" name=\"email_responsable\" \/><\/span><\/label>\n<\/p>\n<ul>\n\t<li>\n\t\t<p>Correo electr\u00f3nico de contacto ante consultas\n\t\t<\/p>\n\t<\/li>\n<\/ul>\n<p><i>En caso de que la actividad se difunda en la p\u00e1gina web u otros espacios de gran alcance es necesario un correo que reciba consultas o dudas<\/i><br \/>\n<label><span class=\"wpcf7-form-control-wrap\" data-name=\"email_contacto\"><input size=\"40\" maxlength=\"400\" class=\"wpcf7-form-control wpcf7-email wpcf7-validates-as-required wpcf7-text wpcf7-validates-as-email\" aria-required=\"true\" aria-invalid=\"false\" value=\"\" type=\"email\" name=\"email_contacto\" \/><\/span><\/label>\n<\/p>\n\n<p><input class=\"wpcf7-form-control wpcf7-submit has-spinner\" type=\"submit\" value=\"Enviar\" \/>\n<\/p><div class=\"wpcf7-response-output\" aria-hidden=\"true\"><\/div>\n<\/form>\n<\/div>\n\n<p>[\/et_pb_text][\/et_pb_column][et_pb_column type=\u00bb4_4&#8243;][\/et_pb_column][\/et_pb_row][\/et_pb_section]<\/p>\n","protected":false},"excerpt":{"rendered":"<p><div class=\"et_pb_row et_pb_row_0 et_pb_row_empty\">\n\t\t\t\t\n\t\t\t\t\n\t\t\t\t\n\t\t\t\t\n\t\t\t\t\n\t\t\t<\/div> \n<div class=\"wpcf7 no-js\" id=\"wpcf7-f1547-o2\" lang=\"es-ES\" dir=\"ltr\" data-wpcf7-id=\"1547\">\n<div class=\"screen-reader-response\"><p role=\"status\" aria-live=\"polite\" aria-atomic=\"true\"><\/p> <ul><\/ul><\/div>\n<form action=\"\/intranet\/comunicacion\/wp-json\/wp\/v2\/pages\/1544#wpcf7-f1547-o2\" method=\"post\" class=\"wpcf7-form init\" aria-label=\"Formulario de contacto\" novalidate=\"novalidate\" data-status=\"init\">\n<fieldset class=\"hidden-fields-container\"><input type=\"hidden\" name=\"_wpcf7\" value=\"1547\" \/><input type=\"hidden\" name=\"_wpcf7_version\" value=\"6.1.5\" \/><input type=\"hidden\" name=\"_wpcf7_locale\" value=\"es_ES\" \/><input type=\"hidden\" name=\"_wpcf7_unit_tag\" value=\"wpcf7-f1547-o2\" \/><input type=\"hidden\" name=\"_wpcf7_container_post\" value=\"0\" \/><input type=\"hidden\" name=\"_wpcf7_posted_data_hash\" value=\"\" \/><input type=\"hidden\" name=\"_wpcf7_recaptcha_response\" value=\"\" \/>\n<\/fieldset>\n<ul>\n\t<li>\n\t\t<p>Nombre de la actividad (requerido)\n\t\t<\/p>\n\t<\/li>\n<\/ul>\n<p><label><span class=\"wpcf7-form-control-wrap\" data-name=\"your-name\"><input size=\"40\" maxlength=\"400\" class=\"wpcf7-form-control wpcf7-text wpcf7-validates-as-required\" aria-required=\"true\" aria-invalid=\"false\" value=\"\" type=\"text\" name=\"your-name\" \/><\/span> <\/label>\n<\/p>\n<ul>\n\t<li>\n\t\t<p>Tu correo electr\u00f3nico (requerido)\n\t\t<\/p>\n\t<\/li>\n<\/ul>\n<p><label><span class=\"wpcf7-form-control-wrap\" data-name=\"your-email\"><input size=\"40\" maxlength=\"400\" class=\"wpcf7-form-control wpcf7-email wpcf7-validates-as-required wpcf7-text wpcf7-validates-as-email\" aria-required=\"true\" aria-invalid=\"false\" value=\"\" type=\"email\" name=\"your-email\" \/><\/span> <\/label>\n<\/p>\n<ul>\n\t<li>\n\t\t<p>Tipo de actividad (requerido)\n\t\t<\/p>\n\t<\/li>\n<\/ul>\n<p><span class=\"wpcf7-form-control-wrap\" data-name=\"tipo_actividad\"><span class=\"wpcf7-form-control wpcf7-radio\"><span class=\"wpcf7-list-item first\"><input type=\"radio\" name=\"tipo_actividad\" value=\"Curso\" checked=\"checked\" \/><span class=\"wpcf7-list-item-label\">Curso<\/span><\/span><span class=\"wpcf7-list-item\"><input type=\"radio\" name=\"tipo_actividad\" value=\"Congreso\" \/><span class=\"wpcf7-list-item-label\">Congreso<\/span><\/span><span class=\"wpcf7-list-item\"><input type=\"radio\" name=\"tipo_actividad\" value=\"Charla\" \/><span class=\"wpcf7-list-item-label\">Charla<\/span><\/span><span class=\"wpcf7-list-item\"><input type=\"radio\" name=\"tipo_actividad\" value=\"Conferencia\" \/><span class=\"wpcf7-list-item-label\">Conferencia<\/span><\/span><span class=\"wpcf7-list-item\"><input type=\"radio\" name=\"tipo_actividad\" value=\"Taller\" \/><span class=\"wpcf7-list-item-label\">Taller<\/span><\/span><span class=\"wpcf7-list-item\"><input type=\"radio\" name=\"tipo_actividad\" value=\"Proyecto comunitario\" \/><span class=\"wpcf7-list-item-label\">Proyecto comunitario<\/span><\/span><span class=\"wpcf7-list-item last\"><input type=\"radio\" name=\"tipo_actividad\" value=\"Otro\" \/><span class=\"wpcf7-list-item-label\">Otro<\/span><\/span><\/span><\/span>\n<\/p>\n<p>[group group-otro]<br \/>\nOtro<br \/>\n<label><span class=\"wpcf7-form-control-wrap\" data-name=\"text-otro\"><input size=\"40\" maxlength=\"400\" class=\"wpcf7-form-control wpcf7-text\" aria-invalid=\"false\" value=\"\" type=\"text\" name=\"text-otro\" \/><\/span><\/label><br \/>\n[\/group]\n<\/p>\n<ul>\n\t<li>\n\t\t<p>Breve descripci\u00f3n y objetivos (requerido)\n\t\t<\/p>\n\t<\/li>\n<\/ul>\n<p><i>\u00bfEn qu\u00e9 consiste la actividad? \u00bfqu\u00e9 busca el presente proyecto?<\/i><br \/>\n<span class=\"wpcf7-form-control-wrap\" data-name=\"descripcion\"><textarea cols=\"40\" rows=\"10\" maxlength=\"2000\" class=\"wpcf7-form-control wpcf7-textarea wpcf7-validates-as-required\" aria-required=\"true\" aria-invalid=\"false\" name=\"descripcion\"><\/textarea><\/span>\n<\/p>\n<ul>\n\t<li>\n\t\t<p>Destinatarios\n\t\t<\/p>\n\t<\/li>\n<\/ul>\n<p><i>Detallar a qu\u00e9 publico est\u00e1 dirigida la actividad y si requiere conocimientos previos (detallar cu\u00e1les)<\/i><br \/>\n<label><span class=\"wpcf7-form-control-wrap\" data-name=\"destinatarios\"><textarea cols=\"40\" rows=\"10\" maxlength=\"2000\" class=\"wpcf7-form-control wpcf7-textarea wpcf7-validates-as-required\" aria-required=\"true\" aria-invalid=\"false\" name=\"destinatarios\"><\/textarea><\/span><\/label>\n<\/p>\n<ul>\n\t<li>\n\t\t<p>\u00c1rea de conocimiento dentro de la cual puede ser enmarcada\n\t\t<\/p>\n\t<\/li>\n<\/ul>\n<p><span class=\"wpcf7-form-control-wrap\" data-name=\"areadeconocimiento\"><span class=\"wpcf7-form-control wpcf7-radio\"><span class=\"wpcf7-list-item first\"><input type=\"radio\" name=\"areadeconocimiento\" value=\"Digitalizaci\u00f3n\" checked=\"checked\" \/><span class=\"wpcf7-list-item-label\">Digitalizaci\u00f3n<\/span><\/span><span class=\"wpcf7-list-item\"><input type=\"radio\" name=\"areadeconocimiento\" value=\"Energ\u00eda\" \/><span class=\"wpcf7-list-item-label\">Energ\u00eda<\/span><\/span><span class=\"wpcf7-list-item\"><input type=\"radio\" name=\"areadeconocimiento\" value=\"Automatizaci\u00f3n de Productos y Servicios\" \/><span class=\"wpcf7-list-item-label\">Automatizaci\u00f3n de Productos y Servicios<\/span><\/span><span class=\"wpcf7-list-item\"><input type=\"radio\" name=\"areadeconocimiento\" value=\"Iniciativas de Responsabilidad Social\" \/><span class=\"wpcf7-list-item-label\">Iniciativas de Responsabilidad Social<\/span><\/span><span class=\"wpcf7-list-item\"><input type=\"radio\" name=\"areadeconocimiento\" value=\"Ciencias de la vida\" \/><span class=\"wpcf7-list-item-label\">Ciencias de la vida<\/span><\/span><span class=\"wpcf7-list-item\"><input type=\"radio\" name=\"areadeconocimiento\" value=\"Emprendedores\" \/><span class=\"wpcf7-list-item-label\">Emprendedores<\/span><\/span><span class=\"wpcf7-list-item\"><input type=\"radio\" name=\"areadeconocimiento\" value=\"Innovaci\u00f3n\" \/><span class=\"wpcf7-list-item-label\">Innovaci\u00f3n<\/span><\/span><span class=\"wpcf7-list-item\"><input type=\"radio\" name=\"areadeconocimiento\" value=\"Vocaciones Tecnol\u00f3gicas\" \/><span class=\"wpcf7-list-item-label\">Vocaciones Tecnol\u00f3gicas<\/span><\/span><span class=\"wpcf7-list-item\"><input type=\"radio\" name=\"areadeconocimiento\" value=\"Sustentabilidad\" \/><span class=\"wpcf7-list-item-label\">Sustentabilidad<\/span><\/span><span class=\"wpcf7-list-item\"><input type=\"radio\" name=\"areadeconocimiento\" value=\"Tecnolog\u00eda\" \/><span class=\"wpcf7-list-item-label\">Tecnolog\u00eda<\/span><\/span><span class=\"wpcf7-list-item\"><input type=\"radio\" name=\"areadeconocimiento\" value=\"Gesti\u00f3n\" \/><span class=\"wpcf7-list-item-label\">Gesti\u00f3n<\/span><\/span><span class=\"wpcf7-list-item last\"><input type=\"radio\" name=\"areadeconocimiento\" value=\"Otro\" \/><span class=\"wpcf7-list-item-label\">Otro<\/span><\/span><\/span><\/span><br \/>\n[group group-otro2]\n<\/p>\n<p><label>Otro<br \/>\n<span class=\"wpcf7-form-control-wrap\" data-name=\"text-otro2\"><input size=\"40\" maxlength=\"400\" class=\"wpcf7-form-control wpcf7-text\" aria-invalid=\"false\" value=\"\" type=\"text\" name=\"text-otro2\" \/><\/span><\/label><br \/>\n[\/group]\n<\/p>\n<ul>\n\t<li>\n\t\t<p>Modalidad\n\t\t<\/p>\n\t<\/li>\n<\/ul>\n<p><span class=\"wpcf7-form-control-wrap\" data-name=\"modalidad\"><select class=\"wpcf7-form-control wpcf7-select wpcf7-validates-as-required\" aria-required=\"true\" aria-invalid=\"false\" name=\"modalidad\"><option value=\"\">&#8212;Por favor, elige una opci\u00f3n&#8212;<\/option><option value=\"Gratuita\">Gratuita<\/option><option value=\"Arancelada\">Arancelada<\/option><\/select><\/span>\n<\/p>\n<ul>\n\t<li>\n\t\t<p>\u00c1rea del ITBA responsable de la actividad\n\t\t<\/p>\n\t<\/li>\n<\/ul>\n<p><i>Unidad acad\u00e9mica o iniciativa estudiantil responsable de la actividad (Ej: Departamento de Ing. Industrial, Rama Estudiantil del SPE, etc.)<\/i><br \/>\n<label><span class=\"wpcf7-form-control-wrap\" data-name=\"area_responsable\"><input size=\"40\" maxlength=\"400\" class=\"wpcf7-form-control wpcf7-text wpcf7-validates-as-required\" aria-required=\"true\" aria-invalid=\"false\" value=\"\" type=\"text\" name=\"area_responsable\" \/><\/span><\/label>\n<\/p>\n<ul>\n\t<li>\n\t\t<p>Nombre del responsable\n\t\t<\/p>\n\t<\/li>\n<\/ul>\n<p><label><span class=\"wpcf7-form-control-wrap\" data-name=\"nombre_responsable\"><input size=\"40\" maxlength=\"400\" class=\"wpcf7-form-control wpcf7-text wpcf7-validates-as-required\" aria-required=\"true\" aria-invalid=\"false\" value=\"\" type=\"text\" name=\"nombre_responsable\" \/><\/span><\/label>\n<\/p>\n<ul>\n\t<li>\n\t\t<p>Correo electr\u00f3nico del Responsable\n\t\t<\/p>\n\t<\/li>\n<\/ul>\n<p><label><span class=\"wpcf7-form-control-wrap\" data-name=\"email_responsable\"><input size=\"40\" maxlength=\"400\" class=\"wpcf7-form-control wpcf7-email wpcf7-validates-as-required wpcf7-text wpcf7-validates-as-email\" aria-required=\"true\" aria-invalid=\"false\" value=\"\" type=\"email\" name=\"email_responsable\" \/><\/span><\/label>\n<\/p>\n<ul>\n\t<li>\n\t\t<p>Correo electr\u00f3nico de contacto ante consultas\n\t\t<\/p>\n\t<\/li>\n<\/ul>\n<p><i>En caso de que la actividad se difunda en la p\u00e1gina web u otros espacios de gran alcance es necesario un correo que reciba consultas o dudas<\/i><br \/>\n<label><span class=\"wpcf7-form-control-wrap\" data-name=\"email_contacto\"><input size=\"40\" maxlength=\"400\" class=\"wpcf7-form-control wpcf7-email wpcf7-validates-as-required wpcf7-text wpcf7-validates-as-email\" aria-required=\"true\" aria-invalid=\"false\" value=\"\" type=\"email\" name=\"email_contacto\" \/><\/span><\/label>\n<\/p>\n\n<p><input class=\"wpcf7-form-control wpcf7-submit has-spinner\" type=\"submit\" value=\"Enviar\" \/>\n<\/p><div class=\"wpcf7-response-output\" aria-hidden=\"true\"><\/div>\n<\/form>\n<\/div>\n<\/p>\n","protected":false},"author":2,"featured_media":0,"parent":0,"menu_order":0,"comment_status":"closed","ping_status":"closed","template":"","meta":{"_et_pb_use_builder":"on","_et_pb_old_content":"","_et_gb_content_width":"","footnotes":""},"class_list":["post-1544","page","type-page","status-publish","hentry"],"_links":{"self":[{"href":"https:\/\/www.itba.edu.ar\/intranet\/comunicacion\/wp-json\/wp\/v2\/pages\/1544","targetHints":{"allow":["GET"]}}],"collection":[{"href":"https:\/\/www.itba.edu.ar\/intranet\/comunicacion\/wp-json\/wp\/v2\/pages"}],"about":[{"href":"https:\/\/www.itba.edu.ar\/intranet\/comunicacion\/wp-json\/wp\/v2\/types\/page"}],"author":[{"embeddable":true,"href":"https:\/\/www.itba.edu.ar\/intranet\/comunicacion\/wp-json\/wp\/v2\/users\/2"}],"replies":[{"embeddable":true,"href":"https:\/\/www.itba.edu.ar\/intranet\/comunicacion\/wp-json\/wp\/v2\/comments?post=1544"}],"version-history":[{"count":3,"href":"https:\/\/www.itba.edu.ar\/intranet\/comunicacion\/wp-json\/wp\/v2\/pages\/1544\/revisions"}],"predecessor-version":[{"id":1548,"href":"https:\/\/www.itba.edu.ar\/intranet\/comunicacion\/wp-json\/wp\/v2\/pages\/1544\/revisions\/1548"}],"wp:attachment":[{"href":"https:\/\/www.itba.edu.ar\/intranet\/comunicacion\/wp-json\/wp\/v2\/media?parent=1544"}],"curies":[{"name":"wp","href":"https:\/\/api.w.org\/{rel}","templated":true}]}}