{"id":3589,"date":"2017-01-04T09:45:00","date_gmt":"2017-01-04T12:45:00","guid":{"rendered":"https:\/\/www.itba.edu.ar\/intranet\/como-hago\/?page_id=3589"},"modified":"2022-02-17T10:36:26","modified_gmt":"2022-02-17T13:36:26","slug":"como-colocar-la-firma-institucional-en-gmail","status":"publish","type":"page","link":"https:\/\/www.itba.edu.ar\/intranet\/como-hago\/como-colocar-la-firma-institucional-en-gmail\/","title":{"rendered":"Como colocar la firma institucional en Gmail"},"content":{"rendered":"<p>[et_pb_section fb_built=&#8221;1&#8243; admin_label=&#8221;section&#8221; _builder_version=&#8221;3.22&#8243; global_colors_info=&#8221;{}&#8221;][et_pb_row admin_label=&#8221;row&#8221; _builder_version=&#8221;3.25&#8243; background_size=&#8221;initial&#8221; background_position=&#8221;top_left&#8221; background_repeat=&#8221;repeat&#8221; global_colors_info=&#8221;{}&#8221;][et_pb_column type=&#8221;4_4&#8243; _builder_version=&#8221;3.0.47&#8243; custom_padding=&#8221;|||&#8221; global_colors_info=&#8221;{}&#8221; custom_padding__hover=&#8221;|||&#8221;][et_pb_text _builder_version=&#8221;4.14.7&#8243; background_size=&#8221;initial&#8221; background_position=&#8221;top_left&#8221; background_repeat=&#8221;repeat&#8221; vertical_offset_tablet=&#8221;0&#8243; horizontal_offset_tablet=&#8221;0&#8243; hover_enabled=&#8221;0&#8243; z_index_tablet=&#8221;500&#8243; box_shadow_horizontal_tablet=&#8221;0px&#8221; box_shadow_vertical_tablet=&#8221;0px&#8221; box_shadow_blur_tablet=&#8221;40px&#8221; box_shadow_spread_tablet=&#8221;0px&#8221; global_colors_info=&#8221;{}&#8221; sticky_enabled=&#8221;0&#8243;]<\/p>\n\n<hr \/>\n<p>Iniciamos sesi\u00f3n en Gmail con nuestra cuenta ITBA<\/p>\n<p><img loading=\"lazy\" decoding=\"async\" class=\"aligncenter size-full wp-image-2716\" src=\"https:\/\/intranet-nv.s3.amazonaws.com\/wp-content\/uploads\/sites\/3\/2016\/02\/01-3.png\" alt=\"\" width=\"541\" height=\"521\" srcset=\"https:\/\/intranet-nv.s3.amazonaws.com\/wp-content\/uploads\/sites\/3\/2016\/02\/01-3.png 541w, https:\/\/intranet-nv.s3.amazonaws.com\/wp-content\/uploads\/sites\/3\/2016\/02\/01-3-300x289.png 300w\" sizes=\"(max-width: 541px) 100vw, 541px\" \/><\/p>\n<p>Una vez iniciada la sesi\u00f3n hacemos clic en el icono del engranaje (configuraci\u00f3n) y elegimos la opci\u00f3n configuraci\u00f3n<\/p>\n<p>&nbsp;<\/p>\n<p><img loading=\"lazy\" decoding=\"async\" class=\"aligncenter size-full wp-image-2704\" src=\"https:\/\/intranet-nv.s3.amazonaws.com\/wp-content\/uploads\/sites\/3\/2016\/02\/01-1.png\" alt=\"\" width=\"356\" height=\"337\" srcset=\"https:\/\/intranet-nv.s3.amazonaws.com\/wp-content\/uploads\/sites\/3\/2016\/02\/01-1.png 356w, https:\/\/intranet-nv.s3.amazonaws.com\/wp-content\/uploads\/sites\/3\/2016\/02\/01-1-300x284.png 300w\" sizes=\"(max-width: 356px) 100vw, 356px\" \/><\/p>\n<p>&nbsp;<\/p>\n<p>En la p\u00e1gina de configuraci\u00f3n que se abre, nos fijamos que estemos en la pesta\u00f1a \u201cGeneral\u201d<br \/><img loading=\"lazy\" decoding=\"async\" class=\"size-full wp-image-2719 aligncenter\" src=\"https:\/\/intranet-nv.s3.amazonaws.com\/wp-content\/uploads\/sites\/3\/2016\/02\/04-1.png\" alt=\"04\" width=\"354\" height=\"275\" srcset=\"https:\/\/intranet-nv.s3.amazonaws.com\/wp-content\/uploads\/sites\/3\/2016\/02\/04-1.png 354w, https:\/\/intranet-nv.s3.amazonaws.com\/wp-content\/uploads\/sites\/3\/2016\/02\/04-1-300x233.png 300w\" sizes=\"(max-width: 354px) 100vw, 354px\" \/><\/p>\n<p>&nbsp;<\/p>\n<p>Descargamos la firma en formato html <a href=\"https:\/\/drive.google.com\/drive\/folders\/1ndx0NLQPe6i1lmby2ReqkVAhyHJSQHk0?usp=sharing\">FIRMA html<\/a> abrimos el archivo reci\u00e9n descargado<\/p>\n<p>Seleccionamos todo el contenido y lo copiamos<\/p>\n<div>\u00a0<\/div>\n<p>En Gmail, en el cuadro de texto\u00a0pegamos la firma reci\u00e9n copiada y editamos la editamos con nuestros\u00a0datos.\u00a0Ya quedar\u00e1 seleccionada autom\u00e1ticamente.<br \/>Es conveniente tildar la opci\u00f3n \u201cInsertar esta firma\u2026\u201d para que la misma se muestra bajo nuestra respuesta y no al final del correo citado.<\/p>\n<p>Bajamos utilizando la rueda del mouse o la barra de desplazamiento hasta encontrar la secci\u00f3n \u201cFirma\u201d<br \/><img loading=\"lazy\" decoding=\"async\" class=\"size-large wp-image-2720 aligncenter\" src=\"https:\/\/intranet-nv.s3.amazonaws.com\/wp-content\/uploads\/sites\/3\/2016\/02\/05-1024x219.png\" alt=\"05\" width=\"1024\" height=\"219\" srcset=\"https:\/\/intranet-nv.s3.amazonaws.com\/wp-content\/uploads\/sites\/3\/2016\/02\/05-1024x219.png 1024w, https:\/\/intranet-nv.s3.amazonaws.com\/wp-content\/uploads\/sites\/3\/2016\/02\/05-300x64.png 300w, https:\/\/intranet-nv.s3.amazonaws.com\/wp-content\/uploads\/sites\/3\/2016\/02\/05-768x164.png 768w, https:\/\/intranet-nv.s3.amazonaws.com\/wp-content\/uploads\/sites\/3\/2016\/02\/05.png 1031w\" sizes=\"(max-width: 1024px) 100vw, 1024px\" \/><\/p>\n<p>&nbsp;<\/p>\n<p>&nbsp;<\/p>\n<p>&nbsp;<\/p>\n<p>Como siempre, al terminar guardamos los cambios.<\/p>\n<p>&nbsp;<\/p>\n<hr \/>\n<p><a class=\"et_pb_button et_pb_custom_button_icon et_pb_button_0 et_pb_module et_pb_bg_layout_light\" href=\"\/intranet\/ti\/sugerinos-un-nuevo-articulo\/\">Sugerinos un nuevo articulo<\/a><\/p>\n<hr \/>\n\n<p>[\/et_pb_text][\/et_pb_column][\/et_pb_row][\/et_pb_section]<\/p>\n","protected":false},"excerpt":{"rendered":"<p> Iniciamos sesi\u00f3n en Gmail con nuestra cuenta ITBA Una vez iniciada la sesi\u00f3n hacemos clic en el icono del engranaje (configuraci\u00f3n) y elegimos la opci\u00f3n configuraci\u00f3n &nbsp; &nbsp; En la p\u00e1gina de configuraci\u00f3n que se abre, nos fijamos que estemos en la pesta\u00f1a \u201cGeneral\u201d &nbsp; Descargamos la firma en formato html FIRMA html [&hellip;]<\/p>\n","protected":false},"author":2,"featured_media":0,"parent":0,"menu_order":0,"comment_status":"closed","ping_status":"closed","template":"","meta":{"_et_pb_use_builder":"on","_et_pb_old_content":"[yasr_overall_rating size=\"large\"]\r\n\r\n<hr \/>\r\n\r\nIniciamos sesi\u00f3n en Gmail con nuestra cuenta ITBA\r\n\r\n<img class=\"aligncenter size-full wp-image-2716\" src=\"https:\/\/www.itba.edu.ar\/intranet\/como-hago\/wp-content\/uploads\/sites\/3\/2016\/02\/01-3.png\" alt=\"\" width=\"541\" height=\"521\" \/>\r\n\r\nUna vez iniciada la sesi\u00f3n hacemos clic en el icono del engranaje (configuraci\u00f3n) y elegimos la opci\u00f3n configuraci\u00f3n\r\n\r\n\u00a0\r\n\r\n<img class=\"aligncenter size-full wp-image-2704\" src=\"https:\/\/www.itba.edu.ar\/intranet\/como-hago\/wp-content\/uploads\/sites\/3\/2016\/02\/01-1.png\" alt=\"\" width=\"356\" height=\"337\" \/>\r\n\r\n\u00a0\r\n\r\nEn la p\u00e1gina de configuraci\u00f3n que se abre, nos fijamos que estemos en la pesta\u00f1a \u201cGeneral\u201d\r\n<img class=\"size-full wp-image-2719 aligncenter\" src=\"https:\/\/www.itba.edu.ar\/intranet\/como-hago\/wp-content\/uploads\/sites\/3\/2016\/02\/04-1.png\" alt=\"04\" width=\"354\" height=\"275\" \/>\r\n\r\n\u00a0\r\n\r\nSeleccionamos la siguiente firma y copiamos\r\n\r\n[widget id=\"text-3\"]\r\n\r\nEn Gmail, en el cuadro de texto\u00a0pegamos la firma reci\u00e9n copiada y editamos la editamos con nuestros\u00a0datos.\u00a0Ya quedar\u00e1 seleccionada autom\u00e1ticamente.\r\nEs conveniente tildar la opci\u00f3n \u201cInsertar esta firma\u2026\u201d para que la misma se muestra bajo nuestra respuesta y no al final del correo citado.\r\n\r\nBajamos utilizando la rueda del mouse o la barra de desplazamiento hasta encontrar la secci\u00f3n \u201cFirma\u201d\r\n<img class=\"size-large wp-image-2720 aligncenter\" src=\"https:\/\/www.itba.edu.ar\/intranet\/como-hago\/wp-content\/uploads\/sites\/3\/2016\/02\/05-1024x219.png\" alt=\"05\" width=\"1024\" height=\"219\" \/>\r\n\r\n\u00a0\r\n\r\n\u00a0\r\n\r\n\u00a0\r\n\r\nComo siempre, al terminar guardamos los cambios.\r\n\r\n\u00a0\r\n\r\n<hr \/>\r\n\r\n<a class=\"et_pb_button et_pb_custom_button_icon et_pb_button_0 et_pb_module et_pb_bg_layout_light\" href=\"\/intranet\/ti\/sugerinos-un-nuevo-articulo\/\">Sugerinos un nuevo articulo<\/a>\r\n\r\n<hr \/>\r\n\r\n[yasr_visitor_votes size=\"large\"]","_et_gb_content_width":"","yasr_overall_rating":0,"yasr_post_is_review":"","yasr_auto_insert_disabled":"","yasr_review_type":"","footnotes":""},"class_list":["post-3589","page","type-page","status-publish","hentry"],"yasr_visitor_votes":{"stars_attributes":{"read_only":false,"span_bottom":false},"number_of_votes":7,"sum_votes":15},"_links":{"self":[{"href":"https:\/\/www.itba.edu.ar\/intranet\/como-hago\/wp-json\/wp\/v2\/pages\/3589","targetHints":{"allow":["GET"]}}],"collection":[{"href":"https:\/\/www.itba.edu.ar\/intranet\/como-hago\/wp-json\/wp\/v2\/pages"}],"about":[{"href":"https:\/\/www.itba.edu.ar\/intranet\/como-hago\/wp-json\/wp\/v2\/types\/page"}],"author":[{"embeddable":true,"href":"https:\/\/www.itba.edu.ar\/intranet\/como-hago\/wp-json\/wp\/v2\/users\/2"}],"replies":[{"embeddable":true,"href":"https:\/\/www.itba.edu.ar\/intranet\/como-hago\/wp-json\/wp\/v2\/comments?post=3589"}],"version-history":[{"count":22,"href":"https:\/\/www.itba.edu.ar\/intranet\/como-hago\/wp-json\/wp\/v2\/pages\/3589\/revisions"}],"predecessor-version":[{"id":4053,"href":"https:\/\/www.itba.edu.ar\/intranet\/como-hago\/wp-json\/wp\/v2\/pages\/3589\/revisions\/4053"}],"wp:attachment":[{"href":"https:\/\/www.itba.edu.ar\/intranet\/como-hago\/wp-json\/wp\/v2\/media?parent=3589"}],"curies":[{"name":"wp","href":"https:\/\/api.w.org\/{rel}","templated":true}]}}