{"id":368,"date":"2020-10-06T12:31:35","date_gmt":"2020-10-06T12:31:35","guid":{"rendered":"https:\/\/www.itba.edu.ar\/intranet\/biblioteca\/?page_id=368"},"modified":"2025-02-26T17:20:50","modified_gmt":"2025-02-26T17:20:50","slug":"casos-de-estudio","status":"publish","type":"page","link":"https:\/\/www.itba.edu.ar\/intranet\/biblioteca\/casos-de-estudio\/","title":{"rendered":"Casos de estudio"},"content":{"rendered":"<p>[et_pb_section fb_built=\u00bb1&#8243; admin_label=\u00bbHero Section\u00bb _builder_version=\u00bb4.16&#8243; use_background_color_gradient=\u00bbon\u00bb background_color_gradient_direction=\u00bb105deg\u00bb background_color_gradient_stops=\u00bb#1bb3eb 0%|#25efcb 100%\u00bb background_color_gradient_start=\u00bb#1bb3eb\u00bb background_color_gradient_end=\u00bb#25efcb\u00bb custom_padding=\u00bb40px|0px|40px|0px||\u00bb global_colors_info=\u00bb{}\u00bb][et_pb_row column_structure=\u00bb3_4,1_4&#8243; _builder_version=\u00bb4.16&#8243; background_size=\u00bbinitial\u00bb background_position=\u00bbtop_left\u00bb background_repeat=\u00bbrepeat\u00bb global_colors_info=\u00bb{}\u00bb][et_pb_column type=\u00bb3_4&#8243; _builder_version=\u00bb4.16&#8243; custom_padding=\u00bb|||\u00bb global_colors_info=\u00bb{}\u00bb custom_padding__hover=\u00bb|||\u00bb][et_pb_text admin_label=\u00bbTexto\u00bb _builder_version=\u00bb4.27.4&#8243; text_font=\u00bbPoppins||||||||\u00bb text_text_color=\u00bb#FFFFFF\u00bb text_font_size=\u00bb18px\u00bb text_line_height=\u00bb1.8em\u00bb header_font=\u00bbPoppins|600|||||||\u00bb header_text_color=\u00bb#ffffff\u00bb header_font_size=\u00bb48px\u00bb header_line_height=\u00bb1.4em\u00bb header_3_font=\u00bbPoppins|600|||||||\u00bb header_3_font_size=\u00bb36px\u00bb header_3_line_height=\u00bb1.4em\u00bb background_layout=\u00bbdark\u00bb max_width=\u00bb882px\u00bb module_alignment=\u00bbleft\u00bb custom_margin=\u00bb|-256px||||\u00bb custom_padding=\u00bb|48px|0px|||\u00bb link_option_url_new_window=\u00bbon\u00bb hover_enabled=\u00bb0&#8243; locked=\u00bboff\u00bb global_colors_info=\u00bb{}\u00bb sticky_enabled=\u00bb0&#8243;]<\/p>\n<h1><span style=\"font-size: xx-large\">Casos de estudio<\/span><\/h1>\n<p style=\"text-align: left\">Te ofrecemos una selecci\u00f3n de casos de estudio de escuelas como Harvard, Stanford y otras.<\/p>\n<p style=\"text-align: left\">Te dejamos algunos ejemplos a continuaci\u00f3n:<\/p>\n<p>[\/et_pb_text][\/et_pb_column][et_pb_column type=\u00bb1_4&#8243; _builder_version=\u00bb4.16&#8243; custom_padding=\u00bb|||\u00bb global_colors_info=\u00bb{}\u00bb custom_padding__hover=\u00bb|||\u00bb][et_pb_testimonial quote_icon_color=\u00bb#0c71c3&#8243; font_icon=\u00bb&#xf19d;||fa||900&#8243; _builder_version=\u00bb4.27.4&#8243; _module_preset=\u00bbdefault\u00bb author_text_align=\u00bbcenter\u00bb author_text_color=\u00bb#00208a\u00bb body_ol_text_align=\u00bbcenter\u00bb body_ol_font_size=\u00bb11px\u00bb background_color=\u00bb#ffffff\u00bb text_orientation=\u00bbcenter\u00bb width=\u00bb100%\u00bb custom_padding=\u00bb12px||9px|||\u00bb animation_style=\u00bbbounce\u00bb animation_duration=\u00bb1650ms\u00bb link_option_url_new_window=\u00bbon\u00bb box_shadow_style=\u00bbpreset4&#8243; global_colors_info=\u00bb{}\u00bb]<\/p>\n<h6 style=\"text-align: center\"><span style=\"color: #333399;font-size: small\"><strong><\/strong><\/span><\/h6>\n<h6 style=\"text-align: center\"><span style=\"color: #333399;font-size: small\"><strong><a href=\"https:\/\/catalogo.itba.edu.ar\/cgi-bin\/koha\/opac-search.pl?tag=Casos&amp;q=Casos\" style=\"color: #333399\" target=\"_blank\" rel=\"noopener\">Explor\u00e1 el listado completo de Casos<\/a><\/strong><\/span><\/h6>\n<p>[\/et_pb_testimonial][\/et_pb_column][\/et_pb_row][\/et_pb_section][et_pb_section fb_built=\u00bb1&#8243; admin_label=\u00bbClasses Section\u00bb _builder_version=\u00bb4.16&#8243; background_color=\u00bb#fafbfc\u00bb custom_margin=\u00bb-42px|||||\u00bb custom_padding=\u00bb26px|0px|26px|0px|true|false\u00bb global_colors_info=\u00bb{}\u00bb][et_pb_row column_structure=\u00bb1_3,1_3,1_3&#8243; _builder_version=\u00bb4.16&#8243; _module_preset=\u00bbdefault\u00bb module_alignment=\u00bbcenter\u00bb min_height=\u00bb85px\u00bb custom_margin=\u00bb-16px||||false|false\u00bb custom_padding=\u00bb||40px|||\u00bb box_shadow_style=\u00bbpreset2&#8243; box_shadow_color=\u00bb#D2E4F9&#8243; global_colors_info=\u00bb{}\u00bb][et_pb_column type=\u00bb1_3&#8243; _builder_version=\u00bb4.16&#8243; _module_preset=\u00bbdefault\u00bb global_colors_info=\u00bb{}\u00bb][et_pb_text _builder_version=\u00bb4.27.4&#8243; _module_preset=\u00bbdefault\u00bb global_colors_info=\u00bb{}\u00bb]<\/p>\n<h5 style=\"text-align: center\"><span style=\"color: #000000\"><img loading=\"lazy\" decoding=\"async\" src=\"https:\/\/intranet-nv.s3.amazonaws.com\/wp-content\/uploads\/sites\/22\/2021\/06\/9-718-029-4-243x300.jpg\" width=\"192\" height=\"237\" alt=\"\" class=\"wp-image-1929 alignnone size-medium\" \/><\/span><\/h5>\n<h5 style=\"text-align: center\"><span style=\"color: #000000\">ArcelorMittal and the Ebola outbreak in Liberia implementing sustainability<\/span><\/h5>\n<p style=\"text-align: center\"><span style=\"color: #000000\">\u00a0 \u00a09-718-029<\/span><\/p>\n<p>[\/et_pb_text][\/et_pb_column][et_pb_column type=\u00bb1_3&#8243; _builder_version=\u00bb4.16&#8243; _module_preset=\u00bbdefault\u00bb global_colors_info=\u00bb{}\u00bb][et_pb_text _builder_version=\u00bb4.16&#8243; _module_preset=\u00bbdefault\u00bb global_colors_info=\u00bb{}\u00bb]<\/p>\n<h5 class=\"title\" style=\"text-align: center\"><span style=\"color: #000000\"><img loading=\"lazy\" decoding=\"async\" src=\"https:\/\/intranet-nv.s3.amazonaws.com\/wp-content\/uploads\/sites\/22\/2021\/06\/9-718-029-3-234x300.jpg\" width=\"192\" height=\"246\" alt=\"\" class=\"wp-image-1927 alignnone size-medium\" \/><\/span><\/h5>\n<h5 class=\"title\" style=\"text-align: center\"><span style=\"color: #000000\">Bollor\u00e9 Logistics Canada and the use of incoterms in international maritime shipping<\/span><\/h5>\n<p class=\"title\" style=\"text-align: center\"><span style=\"color: #000000\">HEC160<\/span><\/p>\n<p>[\/et_pb_text][\/et_pb_column][et_pb_column type=\u00bb1_3&#8243; _builder_version=\u00bb4.16&#8243; _module_preset=\u00bbdefault\u00bb global_colors_info=\u00bb{}\u00bb][et_pb_text _builder_version=\u00bb4.16&#8243; _module_preset=\u00bbdefault\u00bb global_colors_info=\u00bb{}\u00bb]<\/p>\n<h5 class=\"title\" style=\"text-align: center\"><span style=\"color: #000000\"><img loading=\"lazy\" decoding=\"async\" src=\"https:\/\/intranet-nv.s3.amazonaws.com\/wp-content\/uploads\/sites\/22\/2021\/06\/9-718-029-2-236x300.jpg\" width=\"193\" height=\"246\" alt=\"\" class=\"wp-image-1926 alignnone size-medium\" \/><\/span><\/h5>\n<h5 class=\"title\" style=\"text-align: center\"><span style=\"color: #000000\">BP and the Gulf of Mexico oil spill<\/span><\/h5>\n<p style=\"text-align: center\"><span style=\"color: #000000\">W11366<\/span><\/p>\n<p>[\/et_pb_text][\/et_pb_column][\/et_pb_row][et_pb_row column_structure=\u00bb1_3,1_3,1_3&#8243; _builder_version=\u00bb4.16&#8243; _module_preset=\u00bbdefault\u00bb module_alignment=\u00bbcenter\u00bb min_height=\u00bb85px\u00bb custom_margin=\u00bb-16px||||false|false\u00bb custom_padding=\u00bb||40px|||\u00bb box_shadow_style=\u00bbpreset2&#8243; box_shadow_color=\u00bb#D2E4F9&#8243; global_colors_info=\u00bb{}\u00bb][et_pb_column type=\u00bb1_3&#8243; _builder_version=\u00bb4.16&#8243; _module_preset=\u00bbdefault\u00bb global_colors_info=\u00bb{}\u00bb][et_pb_text _builder_version=\u00bb4.16&#8243; _module_preset=\u00bbdefault\u00bb global_colors_info=\u00bb{}\u00bb]<\/p>\n<h5 class=\"title\" style=\"text-align: center\"><img loading=\"lazy\" decoding=\"async\" src=\"https:\/\/intranet-nv.s3.amazonaws.com\/wp-content\/uploads\/sites\/22\/2021\/06\/9-718-029-4-243x300-1-235x300.jpg\" width=\"192\" height=\"246\" alt=\"\" class=\"wp-image-1934 alignnone size-medium\" \/><\/h5>\n<h5 class=\"title\" style=\"text-align: center\">COSCO: Implementing Sustainability<\/h5>\n<p style=\"text-align: center\"><span style=\"color: #000000\">9-412-081<\/span><\/p>\n<p>[\/et_pb_text][\/et_pb_column][et_pb_column type=\u00bb1_3&#8243; _builder_version=\u00bb4.16&#8243; _module_preset=\u00bbdefault\u00bb global_colors_info=\u00bb{}\u00bb][et_pb_text _builder_version=\u00bb4.16&#8243; _module_preset=\u00bbdefault\u00bb global_colors_info=\u00bb{}\u00bb]<\/p>\n<h5 style=\"text-align: center\"><img loading=\"lazy\" decoding=\"async\" src=\"https:\/\/intranet-nv.s3.amazonaws.com\/wp-content\/uploads\/sites\/22\/2021\/06\/9-718-029-4-243x300-3-233x300.jpg\" width=\"192\" height=\"247\" alt=\"\" class=\"wp-image-1940 alignnone size-medium\" \/><\/h5>\n<h5 style=\"text-align: center\">JSW STEEL LTD.: A LOGISTICS DILEMMA<\/h5>\n<p style=\"text-align: center\"><span style=\"color: #000000\">W17363<\/span><\/p>\n<p>[\/et_pb_text][\/et_pb_column][et_pb_column type=\u00bb1_3&#8243; _builder_version=\u00bb4.16&#8243; _module_preset=\u00bbdefault\u00bb global_colors_info=\u00bb{}\u00bb][et_pb_text _builder_version=\u00bb4.16&#8243; _module_preset=\u00bbdefault\u00bb global_colors_info=\u00bb{}\u00bb]<\/p>\n<h5 class=\"title\" style=\"text-align: center\"><span style=\"color: #000000\"><img loading=\"lazy\" decoding=\"async\" src=\"https:\/\/intranet-nv.s3.amazonaws.com\/wp-content\/uploads\/sites\/22\/2021\/06\/9-718-029-4-243x300-2-235x300.jpg\" width=\"192\" height=\"245\" alt=\"\" class=\"wp-image-1935 alignnone size-medium\" \/><\/span><\/h5>\n<h5 class=\"title\" style=\"text-align: center\"><span style=\"color: #000000\">OceanTrans: Shipping in the Red Sea <\/span><\/h5>\n<p style=\"text-align: center\"><span style=\"color: #000000\">IES728<\/span><br \/><span style=\"color: #000000\">AD-366-E<\/span><\/p>\n<p>[\/et_pb_text][\/et_pb_column][\/et_pb_row][\/et_pb_section]<\/p>\n","protected":false},"excerpt":{"rendered":"<p>Casos de estudio Te ofrecemos una selecci\u00f3n de casos de estudio de escuelas como Harvard, Stanford y otras. Te dejamos algunos ejemplos a continuaci\u00f3n: Explor\u00e1 el listado completo de Casos ArcelorMittal and the Ebola outbreak in Liberia implementing sustainability \u00a0 \u00a09-718-029 Bollor\u00e9 Logistics Canada and the use of incoterms in international maritime shipping HEC160 BP [&hellip;]<\/p>\n","protected":false},"author":120,"featured_media":0,"parent":0,"menu_order":0,"comment_status":"closed","ping_status":"closed","template":"","meta":{"_et_pb_use_builder":"on","_et_pb_old_content":"","_et_gb_content_width":"","footnotes":""},"class_list":["post-368","page","type-page","status-publish","hentry"],"_links":{"self":[{"href":"https:\/\/www.itba.edu.ar\/intranet\/biblioteca\/wp-json\/wp\/v2\/pages\/368","targetHints":{"allow":["GET"]}}],"collection":[{"href":"https:\/\/www.itba.edu.ar\/intranet\/biblioteca\/wp-json\/wp\/v2\/pages"}],"about":[{"href":"https:\/\/www.itba.edu.ar\/intranet\/biblioteca\/wp-json\/wp\/v2\/types\/page"}],"author":[{"embeddable":true,"href":"https:\/\/www.itba.edu.ar\/intranet\/biblioteca\/wp-json\/wp\/v2\/users\/120"}],"replies":[{"embeddable":true,"href":"https:\/\/www.itba.edu.ar\/intranet\/biblioteca\/wp-json\/wp\/v2\/comments?post=368"}],"version-history":[{"count":102,"href":"https:\/\/www.itba.edu.ar\/intranet\/biblioteca\/wp-json\/wp\/v2\/pages\/368\/revisions"}],"predecessor-version":[{"id":3337,"href":"https:\/\/www.itba.edu.ar\/intranet\/biblioteca\/wp-json\/wp\/v2\/pages\/368\/revisions\/3337"}],"wp:attachment":[{"href":"https:\/\/www.itba.edu.ar\/intranet\/biblioteca\/wp-json\/wp\/v2\/media?parent=368"}],"curies":[{"name":"wp","href":"https:\/\/api.w.org\/{rel}","templated":true}]}}