{"id":3533,"date":"2026-01-30T17:45:08","date_gmt":"2026-01-30T17:45:08","guid":{"rendered":"https:\/\/www.itba.edu.ar\/intranet\/biblioteca\/?page_id=3533"},"modified":"2026-02-02T17:28:54","modified_gmt":"2026-02-02T17:28:54","slug":"recursos-de-ia","status":"publish","type":"page","link":"https:\/\/www.itba.edu.ar\/intranet\/biblioteca\/recursos-de-ia\/","title":{"rendered":"Recursos de IA"},"content":{"rendered":"<p>[et_pb_section fb_built=\u00bb1&#8243; _builder_version=\u00bb4.27.4&#8243; _module_preset=\u00bbdefault\u00bb background_color=\u00bb#0C71C3&#8243; global_colors_info=\u00bb{}\u00bb][et_pb_row column_structure=\u00bb2_3,1_3&#8243; _builder_version=\u00bb4.27.4&#8243; _module_preset=\u00bbdefault\u00bb global_colors_info=\u00bb{}\u00bb][et_pb_column type=\u00bb2_3&#8243; _builder_version=\u00bb4.27.4&#8243; _module_preset=\u00bbdefault\u00bb global_colors_info=\u00bb{}\u00bb][et_pb_text _builder_version=\u00bb4.27.4&#8243; _module_preset=\u00bbdefault\u00bb global_colors_info=\u00bb{}\u00bb]<\/p>\n<h1><span style=\"color: #ffffff\">Ponemos a tu disposici\u00f3n una selecci\u00f3n de herramientas de inteligencia artificial para que te ayuden en tus actividades acad\u00e9micas.\u00a0<\/span><\/h1>\n<p>[\/et_pb_text][\/et_pb_column][et_pb_column type=\u00bb1_3&#8243; _builder_version=\u00bb4.27.4&#8243; _module_preset=\u00bbdefault\u00bb global_colors_info=\u00bb{}\u00bb][\/et_pb_column][\/et_pb_row][\/et_pb_section][et_pb_section fb_built=\u00bb1&#8243; _builder_version=\u00bb4.27.4&#8243; _module_preset=\u00bbdefault\u00bb min_height=\u00bb1000px\u00bb height=\u00bb412px\u00bb max_height=\u00bb454px\u00bb global_colors_info=\u00bb{}\u00bb][et_pb_row column_structure=\u00bb1_2,1_6,1_6,1_6&#8243; _builder_version=\u00bb4.27.4&#8243; _module_preset=\u00bbdefault\u00bb width=\u00bb89%\u00bb max_width=\u00bb2560px\u00bb custom_margin=\u00bb|85px||auto||\u00bb global_colors_info=\u00bb{}\u00bb][et_pb_column type=\u00bb1_2&#8243; _builder_version=\u00bb4.27.4&#8243; _module_preset=\u00bbdefault\u00bb global_colors_info=\u00bb{}\u00bb][et_pb_text _builder_version=\u00bb4.27.4&#8243; _module_preset=\u00bbdefault\u00bb hover_enabled=\u00bb0&#8243; global_colors_info=\u00bb{}\u00bb sticky_enabled=\u00bb0&#8243;]<\/p>\n<h2>Asistentes generalistas<\/h2>\n<p><span style=\"color: #000000\">Herramientas vers\u00e1tiles, \u00fatiles para tareas generales. Ideales para <\/span><span style=\"color: #000000\">generaci\u00f3n de ideas, redacci\u00f3n de textos y resoluci\u00f3n de problemas <\/span><span style=\"color: #000000\">l\u00f3gicos. Integran capacidades de razonamiento, comprensi\u00f3n de texto, <\/span><span style=\"color: #000000\">c\u00f3digo, im\u00e1genes, voz, contenido visual y diferentes documentos en una <\/span><span style=\"color: #000000\">variedad formatos.<\/span><\/p>\n<p>&nbsp;<\/p>\n<p>[\/et_pb_text][\/et_pb_column][et_pb_column type=\u00bb1_6&#8243; _builder_version=\u00bb4.27.4&#8243; _module_preset=\u00bbdefault\u00bb global_colors_info=\u00bb{}\u00bb][et_pb_text _builder_version=\u00bb4.27.4&#8243; _module_preset=\u00bbdefault\u00bb link_option_url=\u00bbhttps:\/\/chatgpt.com\/\u00bb global_colors_info=\u00bb{}\u00bb]<\/p>\n<p><img loading=\"lazy\" decoding=\"async\" src=\"https:\/\/thumbs.dreamstime.com\/b\/minsk-belarus-openai-chatgpt-logo-artifical-chatbot-system-chat-bot-button-web-app-phone-icon-symbol-editorial-vector-275376231.jpg\" alt=\"Chatgpt Logo Stock Illustrations \u2013 631 Chatgpt Logo Stock Illustrations,  Vectors &amp; Clipart - Dreamstime\" width=\"104\" height=\"104\" \/><\/p>\n<p>[\/et_pb_text][\/et_pb_column][et_pb_column type=\u00bb1_6&#8243; _builder_version=\u00bb4.27.4&#8243; _module_preset=\u00bbdefault\u00bb global_colors_info=\u00bb{}\u00bb][et_pb_text _builder_version=\u00bb4.27.4&#8243; _module_preset=\u00bbdefault\u00bb width=\u00bb100%\u00bb link_option_url=\u00bbhttps:\/\/www.perplexity.ai\/\u00bb global_colors_info=\u00bb{}\u00bb]<\/p>\n<p><img loading=\"lazy\" decoding=\"async\" src=\"https:\/\/images.typeform.com\/images\/SUE5hvYQTM6q\/image\/default\" alt=\"Perplexity Feedback Survey\" width=\"163\" height=\"116\" \/><\/p>\n<p>[\/et_pb_text][\/et_pb_column][et_pb_column type=\u00bb1_6&#8243; _builder_version=\u00bb4.27.4&#8243; _module_preset=\u00bbdefault\u00bb global_colors_info=\u00bb{}\u00bb][et_pb_text _builder_version=\u00bb4.27.4&#8243; _module_preset=\u00bbdefault\u00bb link_option_url=\u00bbhttps:\/\/gemini.google.com\/\u00bb global_colors_info=\u00bb{}\u00bb]<\/p>\n<p>&nbsp;<\/p>\n<p><img loading=\"lazy\" decoding=\"async\" src=\"https:\/\/upload.wikimedia.org\/wikipedia\/commons\/thumb\/d\/d9\/Google_Gemini_logo_2025.svg\/1280px-Google_Gemini_logo_2025.svg.png\" alt=\"Plik:Google Gemini logo 2025.svg \u2013 Wikipedia, wolna encyklopedia\" width=\"1031\" height=\"233\" style=\"margin-left: auto;margin-right: auto\" \/><\/p>\n<p>[\/et_pb_text][\/et_pb_column][\/et_pb_row][et_pb_row column_structure=\u00bb1_2,1_6,1_6,1_6&#8243; _builder_version=\u00bb4.27.4&#8243; _module_preset=\u00bbdefault\u00bb width=\u00bb89%\u00bb max_width=\u00bb2560px\u00bb custom_margin=\u00bb|85px||auto||\u00bb global_colors_info=\u00bb{}\u00bb][et_pb_column type=\u00bb1_2&#8243; _builder_version=\u00bb4.27.4&#8243; _module_preset=\u00bbdefault\u00bb global_colors_info=\u00bb{}\u00bb][et_pb_text _builder_version=\u00bb4.27.4&#8243; _module_preset=\u00bbdefault\u00bb min_height=\u00bb181.8px\u00bb hover_enabled=\u00bb0&#8243; global_colors_info=\u00bb{}\u00bb sticky_enabled=\u00bb0&#8243;]<\/p>\n<h2>Asistentes de programaci\u00f3n<\/h2>\n<p><span style=\"color: #000000\">Dise\u00f1adas para trabajos vinculados a la generaci\u00f3n, depuraci\u00f3n, explicaci\u00f3n y traducci\u00f3n de c\u00f3digos, sean estos simples o complejos. Estas herramientas pueden ayudarte a trabajar incluso con proyectos enteros, aunque siempre deben considerarse asistentes.<\/span><\/p>\n<p>&nbsp;<\/p>\n<p>[\/et_pb_text][\/et_pb_column][et_pb_column type=\u00bb1_6&#8243; _builder_version=\u00bb4.27.4&#8243; _module_preset=\u00bbdefault\u00bb global_colors_info=\u00bb{}\u00bb][et_pb_text _builder_version=\u00bb4.27.4&#8243; _module_preset=\u00bbdefault\u00bb link_option_url=\u00bbhttps:\/\/cursor.com\/\u00bb global_colors_info=\u00bb{}\u00bb]<\/p>\n<p><img decoding=\"async\" src=\"https:\/\/www.freelogovectors.net\/wp-content\/uploads\/2025\/06\/cursor-logo-freelogovectors.net_.png\" alt=\"Cursor Logo (code editor) - PNG Logo Vector Brand Downloads (SVG, EPS)\" \/><\/p>\n<p>[\/et_pb_text][\/et_pb_column][et_pb_column type=\u00bb1_6&#8243; _builder_version=\u00bb4.27.4&#8243; _module_preset=\u00bbdefault\u00bb global_colors_info=\u00bb{}\u00bb][et_pb_text _builder_version=\u00bb4.27.4&#8243; _module_preset=\u00bbdefault\u00bb width=\u00bb100%\u00bb link_option_url=\u00bbhttps:\/\/github.com\/features\/codespaces\u00bb global_colors_info=\u00bb{}\u00bb]<\/p>\n<p><img loading=\"lazy\" decoding=\"async\" src=\"https:\/\/cdn-public.softwarereviews.com\/production\/logos\/offerings\/11671\/original\/GitHub_logo.png?1709076045\" alt=\"GitHub Copilot Customer Reviews 2026 | AI Code Generation\" width=\"1078\" height=\"607\" \/><\/p>\n<p>[\/et_pb_text][\/et_pb_column][et_pb_column type=\u00bb1_6&#8243; _builder_version=\u00bb4.27.4&#8243; _module_preset=\u00bbdefault\u00bb global_colors_info=\u00bb{}\u00bb][et_pb_text _builder_version=\u00bb4.27.4&#8243; _module_preset=\u00bbdefault\u00bb global_colors_info=\u00bb{}\u00bb]<\/p>\n<p><a href=\"https:\/\/claude.com\/product\/claude-code\"><img decoding=\"async\" src=\"https:\/\/claude-ai.chat\/wp-content\/uploads\/2025\/10\/Claude-Code-1.png\" alt=\"Claude Code - Claude AI\" style=\"float: left\" \/><\/a><\/p>\n<p>[\/et_pb_text][\/et_pb_column][\/et_pb_row][et_pb_row column_structure=\u00bb1_2,1_6,1_6,1_6&#8243; _builder_version=\u00bb4.27.4&#8243; _module_preset=\u00bbdefault\u00bb width=\u00bb89%\u00bb max_width=\u00bb2560px\u00bb custom_margin=\u00bb|85px||auto||\u00bb global_colors_info=\u00bb{}\u00bb][et_pb_column type=\u00bb1_2&#8243; _builder_version=\u00bb4.27.4&#8243; _module_preset=\u00bbdefault\u00bb global_colors_info=\u00bb{}\u00bb][et_pb_text _builder_version=\u00bb4.27.4&#8243; _module_preset=\u00bbdefault\u00bb min_height=\u00bb181.8px\u00bb hover_enabled=\u00bb0&#8243; global_colors_info=\u00bb{}\u00bb sticky_enabled=\u00bb0&#8243;]<\/p>\n<h2>Asistentes de lectura<\/h2>\n<p><span style=\"color: #000000\">Los asistentes de lectura permiten la condensaci\u00f3n de materiales textuales. Son particularmente \u00fatiles a la hora de resumir los puntos principales de un texto, traducirlo e incluso comparar sus contenidos con otros. Algunos asistentes, como NotebookLM, proponen un bajo \u00edndice de alucinaci\u00f3n a raz\u00f3n de procesar exclusivamente el documento adjunto a lainstancia de consulta.<\/span><\/p>\n<p>&nbsp;<\/p>\n<p>[\/et_pb_text][\/et_pb_column][et_pb_column type=\u00bb1_6&#8243; _builder_version=\u00bb4.27.4&#8243; _module_preset=\u00bbdefault\u00bb global_colors_info=\u00bb{}\u00bb][et_pb_text _builder_version=\u00bb4.27.4&#8243; _module_preset=\u00bbdefault\u00bb link_option_url=\u00bbhttps:\/\/notebooklm.google.com\/\u00bb global_colors_info=\u00bb{}\u00bb]<\/p>\n<p>&nbsp;<\/p>\n<p><img decoding=\"async\" src=\"https:\/\/vetdirectory.velgtraining.com\/wp-content\/uploads\/sites\/21\/2025\/02\/NotebookLM-logo.png\" alt=\"NotebookLM \u2013 Velg Training VET Directory\" \/><\/p>\n<p>[\/et_pb_text][\/et_pb_column][et_pb_column type=\u00bb1_6&#8243; _builder_version=\u00bb4.27.4&#8243; _module_preset=\u00bbdefault\u00bb global_colors_info=\u00bb{}\u00bb][et_pb_text _builder_version=\u00bb4.27.4&#8243; _module_preset=\u00bbdefault\u00bb width=\u00bb100%\u00bb link_option_url=\u00bbhttps:\/\/app.humata.ai\/login\u00bb global_colors_info=\u00bb{}\u00bb]<\/p>\n<p>&nbsp;<\/p>\n<p><img decoding=\"async\" src=\"https:\/\/dka575ofm4ao0.cloudfront.net\/pages-transactional_logos\/retina\/682171\/Humata_Logo_And_Name-464783ca-fcd7-46b7-abcc-0eb76c064fa0.png\" alt=\"Humata Status\" \/><\/p>\n<p>[\/et_pb_text][\/et_pb_column][et_pb_column type=\u00bb1_6&#8243; _builder_version=\u00bb4.27.4&#8243; _module_preset=\u00bbdefault\u00bb global_colors_info=\u00bb{}\u00bb][et_pb_text _builder_version=\u00bb4.27.4&#8243; _module_preset=\u00bbdefault\u00bb global_colors_info=\u00bb{}\u00bb]<\/p>\n<p><a href=\"https:\/\/scispace.com\/es\"><img decoding=\"async\" src=\"https:\/\/encrypted-tbn0.gstatic.com\/images?q=tbn:ANd9GcQ2MChJFC10V9XwDuJ_CkP9aw-MyCQEgOVr6Q&amp;s\" alt=\"SciSpace - The new SciSpace logo | Facebook\" style=\"float: left\" \/><\/a><\/p>\n<p>[\/et_pb_text][\/et_pb_column][\/et_pb_row][\/et_pb_section][et_pb_section fb_built=\u00bb1&#8243; _builder_version=\u00bb4.27.4&#8243; _module_preset=\u00bbdefault\u00bb global_colors_info=\u00bb{}\u00bb][et_pb_row _builder_version=\u00bb4.27.4&#8243; _module_preset=\u00bbdefault\u00bb global_colors_info=\u00bb{}\u00bb][et_pb_column type=\u00bb4_4&#8243; _builder_version=\u00bb4.27.4&#8243; _module_preset=\u00bbdefault\u00bb global_colors_info=\u00bb{}\u00bb][\/et_pb_column][\/et_pb_row][\/et_pb_section]<\/p>\n","protected":false},"excerpt":{"rendered":"<p>Ponemos a tu disposici\u00f3n una selecci\u00f3n de herramientas de inteligencia artificial para que te ayuden en tus actividades acad\u00e9micas.\u00a0Asistentes generalistas Herramientas vers\u00e1tiles, \u00fatiles para tareas generales. Ideales para generaci\u00f3n de ideas, redacci\u00f3n de textos y resoluci\u00f3n de problemas l\u00f3gicos. Integran capacidades de razonamiento, comprensi\u00f3n de texto, c\u00f3digo, im\u00e1genes, voz, contenido visual y diferentes documentos en [&hellip;]<\/p>\n","protected":false},"author":7191,"featured_media":0,"parent":0,"menu_order":0,"comment_status":"closed","ping_status":"closed","template":"","meta":{"_et_pb_use_builder":"on","_et_pb_old_content":"","_et_gb_content_width":"","footnotes":""},"class_list":["post-3533","page","type-page","status-publish","hentry"],"_links":{"self":[{"href":"https:\/\/www.itba.edu.ar\/intranet\/biblioteca\/wp-json\/wp\/v2\/pages\/3533","targetHints":{"allow":["GET"]}}],"collection":[{"href":"https:\/\/www.itba.edu.ar\/intranet\/biblioteca\/wp-json\/wp\/v2\/pages"}],"about":[{"href":"https:\/\/www.itba.edu.ar\/intranet\/biblioteca\/wp-json\/wp\/v2\/types\/page"}],"author":[{"embeddable":true,"href":"https:\/\/www.itba.edu.ar\/intranet\/biblioteca\/wp-json\/wp\/v2\/users\/7191"}],"replies":[{"embeddable":true,"href":"https:\/\/www.itba.edu.ar\/intranet\/biblioteca\/wp-json\/wp\/v2\/comments?post=3533"}],"version-history":[{"count":20,"href":"https:\/\/www.itba.edu.ar\/intranet\/biblioteca\/wp-json\/wp\/v2\/pages\/3533\/revisions"}],"predecessor-version":[{"id":3575,"href":"https:\/\/www.itba.edu.ar\/intranet\/biblioteca\/wp-json\/wp\/v2\/pages\/3533\/revisions\/3575"}],"wp:attachment":[{"href":"https:\/\/www.itba.edu.ar\/intranet\/biblioteca\/wp-json\/wp\/v2\/media?parent=3533"}],"curies":[{"name":"wp","href":"https:\/\/api.w.org\/{rel}","templated":true}]}}