{"id":2153,"date":"2021-11-10T14:09:30","date_gmt":"2021-11-10T14:09:30","guid":{"rendered":"https:\/\/www.itba.edu.ar\/intranet\/biblioteca\/?page_id=2153"},"modified":"2025-02-28T15:50:22","modified_gmt":"2025-02-28T15:50:22","slug":"recursos-para-docentes","status":"publish","type":"page","link":"https:\/\/www.itba.edu.ar\/intranet\/biblioteca\/recursos-para-docentes\/","title":{"rendered":"Recursos para docentes"},"content":{"rendered":"<p>[et_pb_section fb_built=\u00bb1&#8243; admin_label=\u00bbHero Section\u00bb _builder_version=\u00bb4.16&#8243; use_background_color_gradient=\u00bbon\u00bb background_color_gradient_direction=\u00bb105deg\u00bb background_color_gradient_stops=\u00bb#1bb3eb 0%|#25efcb 100%\u00bb background_color_gradient_start=\u00bb#1bb3eb\u00bb background_color_gradient_end=\u00bb#25efcb\u00bb custom_padding=\u00bb41px|0px|13px|0px||\u00bb global_colors_info=\u00bb{}\u00bb][et_pb_row column_structure=\u00bb3_4,1_4&#8243; _builder_version=\u00bb4.16&#8243; background_size=\u00bbinitial\u00bb background_position=\u00bbtop_left\u00bb background_repeat=\u00bbrepeat\u00bb custom_margin=\u00bb-27px|auto||auto||\u00bb global_colors_info=\u00bb{}\u00bb][et_pb_column type=\u00bb3_4&#8243; _builder_version=\u00bb4.16&#8243; custom_padding=\u00bb|||\u00bb global_colors_info=\u00bb{}\u00bb custom_padding__hover=\u00bb|||\u00bb][et_pb_text _builder_version=\u00bb4.27.4&#8243; text_font=\u00bbPoppins||||||||\u00bb text_text_color=\u00bb#FFFFFF\u00bb text_font_size=\u00bb18px\u00bb text_line_height=\u00bb1.8em\u00bb header_font=\u00bbPoppins|600|||||||\u00bb header_text_color=\u00bb#ffffff\u00bb header_font_size=\u00bb48px\u00bb header_line_height=\u00bb1.4em\u00bb header_3_font=\u00bbPoppins|600|||||||\u00bb header_3_font_size=\u00bb36px\u00bb header_3_line_height=\u00bb1.4em\u00bb background_layout=\u00bbdark\u00bb max_width=\u00bb793px\u00bb module_alignment=\u00bbleft\u00bb custom_margin=\u00bb|||\u00bb custom_padding=\u00bb|0px||||\u00bb locked=\u00bboff\u00bb global_colors_info=\u00bb{}\u00bb]<\/p>\n<h3><span style=\"font-family: inherit\">Recursos para docentes<\/span><\/h3>\n<p style=\"text-align: justify\">Te ofrecemos una selecci\u00f3n de recursos y herramientas para que puedas utilizar en la preparaci\u00f3n de tus clases.<\/p>\n<p style=\"text-align: justify\">[\/et_pb_text][\/et_pb_column][et_pb_column type=\u00bb1_4&#8243; _builder_version=\u00bb4.16&#8243; custom_padding=\u00bb|||\u00bb global_colors_info=\u00bb{}\u00bb custom_padding__hover=\u00bb|||\u00bb][et_pb_text _builder_version=\u00bb4.16&#8243; _module_preset=\u00bbdefault\u00bb custom_padding=\u00bb7px|||||\u00bb inline_fonts=\u00bbABeeZee\u00bb global_colors_info=\u00bb{}\u00bb]<\/p>\n<p style=\"text-align: left\"><span style=\"font-size: medium;font-family: inherit;font-weight: normal\"><strong><span style=\"color: #ffffff\">Para la utilizaci\u00f3n y aprovechamiento de las herramientas de Campus, te recomendamos que visites el <a href=\"https:\/\/www.itba.edu.ar\/intranet\/portaldocente\/\" target=\"_blank\" rel=\"noopener\" style=\"color: #ffffff\"><span style=\"color: #3366ff\">Portal Docente<\/span><\/a><span style=\"color: #3366ff\">,<\/span> desarrollado por ICAE.<\/span><\/strong><\/span><\/p>\n<p>[\/et_pb_text][\/et_pb_column][\/et_pb_row][\/et_pb_section][et_pb_section fb_built=\u00bb1&#8243; admin_label=\u00bbClasses Section\u00bb _builder_version=\u00bb4.16&#8243; background_color=\u00bb#fafbfc\u00bb custom_padding=\u00bb43px|0px|110px|0px||\u00bb global_colors_info=\u00bb{}\u00bb][et_pb_row column_structure=\u00bb1_4,3_4&#8243; admin_label=\u00bbClass\u00bb _builder_version=\u00bb4.16&#8243; background_color=\u00bb#ffffff\u00bb custom_margin=\u00bb||60px|\u00bb custom_padding=\u00bb|40px||40px\u00bb animation_style=\u00bbfade\u00bb border_radii=\u00bbon|6px|6px|6px|6px\u00bb box_shadow_style=\u00bbpreset4&#8243; box_shadow_color=\u00bbrgba(0,0,0,0.06)\u00bb global_colors_info=\u00bb{}\u00bb][et_pb_column type=\u00bb1_4&#8243; _builder_version=\u00bb4.16&#8243; custom_padding=\u00bb|||\u00bb global_colors_info=\u00bb{}\u00bb custom_padding__hover=\u00bb|||\u00bb][et_pb_image src=\u00bbhttps:\/\/intranet-nv.s3.amazonaws.com\/wp-content\/uploads\/sites\/22\/2025\/02\/podio-2024.png\u00bb title_text=\u00bbpodio 2024&#8243; url=\u00bbhttps:\/\/view.genially.com\/67599dc3336609e6df34428a\u00bb url_new_window=\u00bbon\u00bb _builder_version=\u00bb4.27.4&#8243; _module_preset=\u00bbdefault\u00bb global_colors_info=\u00bb{}\u00bb][\/et_pb_image][\/et_pb_column][et_pb_column type=\u00bb3_4&#8243; _builder_version=\u00bb4.16&#8243; custom_padding=\u00bb|||\u00bb global_colors_info=\u00bb{}\u00bb custom_padding__hover=\u00bb|||\u00bb][et_pb_text _builder_version=\u00bb4.27.4&#8243; text_font=\u00bbOpen Sans||||||||\u00bb text_text_color=\u00bb#486066&#8243; text_font_size=\u00bb15px\u00bb text_line_height=\u00bb1.8em\u00bb header_font=\u00bb||||||||\u00bb header_text_align=\u00bbleft\u00bb header_3_font=\u00bbPoppins|600|||||||\u00bb header_3_text_color=\u00bb#486066&#8243; header_3_font_size=\u00bb18px\u00bb header_3_line_height=\u00bb1.4em\u00bb text_orientation=\u00bbjustified\u00bb custom_padding=\u00bb0px|||||\u00bb locked=\u00bboff\u00bb global_colors_info=\u00bb{}\u00bb]<\/p>\n<p><strong><a href=\"https:\/\/view.genially.com\/67599dc3336609e6df34428a\">Descubr\u00ed el CRC con esta gu\u00eda para docentes.<\/a> <\/strong>Toda la informaci\u00f3n que necesit\u00e1s para empezar a aprovechar nuestros servicios.<\/p>\n<p>[\/et_pb_text][\/et_pb_column][\/et_pb_row][et_pb_row column_structure=\u00bb1_4,3_4&#8243; admin_label=\u00bbClass\u00bb _builder_version=\u00bb4.16&#8243; background_color=\u00bb#ffffff\u00bb custom_margin=\u00bb||60px|\u00bb custom_padding=\u00bb|40px||40px\u00bb animation_style=\u00bbfade\u00bb border_radii=\u00bbon|6px|6px|6px|6px\u00bb box_shadow_style=\u00bbpreset4&#8243; box_shadow_color=\u00bbrgba(0,0,0,0.06)\u00bb global_colors_info=\u00bb{}\u00bb][et_pb_column type=\u00bb1_4&#8243; _builder_version=\u00bb4.16&#8243; custom_padding=\u00bb|||\u00bb global_colors_info=\u00bb{}\u00bb custom_padding__hover=\u00bb|||\u00bb][et_pb_image src=\u00bbhttps:\/\/intranet-nv.s3.amazonaws.com\/wp-content\/uploads\/sites\/22\/2025\/02\/citas.png\u00bb title_text=\u00bbcitas\u00bb url=\u00bbhttps:\/\/view.genially.com\/66cf2887c26e4e77a547e82d\u00bb url_new_window=\u00bbon\u00bb _builder_version=\u00bb4.27.4&#8243; _module_preset=\u00bbdefault\u00bb global_colors_info=\u00bb{}\u00bb][\/et_pb_image][\/et_pb_column][et_pb_column type=\u00bb3_4&#8243; _builder_version=\u00bb4.16&#8243; custom_padding=\u00bb|||\u00bb global_colors_info=\u00bb{}\u00bb custom_padding__hover=\u00bb|||\u00bb][et_pb_text _builder_version=\u00bb4.27.4&#8243; text_font=\u00bbOpen Sans||||||||\u00bb text_text_color=\u00bb#486066&#8243; text_font_size=\u00bb15px\u00bb text_line_height=\u00bb1.8em\u00bb header_font=\u00bb||||||||\u00bb header_text_align=\u00bbleft\u00bb header_3_font=\u00bbPoppins|600|||||||\u00bb header_3_text_color=\u00bb#486066&#8243; header_3_font_size=\u00bb18px\u00bb header_3_line_height=\u00bb1.4em\u00bb text_orientation=\u00bbjustified\u00bb custom_padding=\u00bb0px|||||\u00bb locked=\u00bboff\u00bb global_colors_info=\u00bb{}\u00bb]<\/p>\n<p style=\"text-align: justify\"><a href=\"https:\/\/view.genially.com\/66cf2887c26e4e77a547e82d\"><b>Arm\u00e1 y verific\u00e1 tus citas bibliogr\u00e1ficas <\/b><\/a>con este recurso comprensivo que armamos para vos.<\/p>\n<p>[\/et_pb_text][\/et_pb_column][\/et_pb_row][et_pb_row column_structure=\u00bb1_4,3_4&#8243; admin_label=\u00bbClass\u00bb _builder_version=\u00bb4.16&#8243; background_color=\u00bb#ffffff\u00bb custom_margin=\u00bb||60px|\u00bb custom_padding=\u00bb|40px||40px\u00bb animation_style=\u00bbfade\u00bb border_radii=\u00bbon|6px|6px|6px|6px\u00bb box_shadow_style=\u00bbpreset4&#8243; box_shadow_color=\u00bbrgba(0,0,0,0.06)\u00bb global_colors_info=\u00bb{}\u00bb][et_pb_column type=\u00bb1_4&#8243; _builder_version=\u00bb4.16&#8243; custom_padding=\u00bb|||\u00bb global_colors_info=\u00bb{}\u00bb custom_padding__hover=\u00bb|||\u00bb][et_pb_image src=\u00bbhttps:\/\/intranet-nv.s3.amazonaws.com\/wp-content\/uploads\/sites\/22\/2024\/08\/1.png\u00bb title_text=\u00bb1&#8243; url=\u00bbhttps:\/\/view.genially.com\/66be22b2e0a3b3144f99eea2&#8243; url_new_window=\u00bbon\u00bb _builder_version=\u00bb4.27.4&#8243; _module_preset=\u00bbdefault\u00bb hover_enabled=\u00bb0&#8243; global_colors_info=\u00bb{}\u00bb sticky_enabled=\u00bb0&#8243;][\/et_pb_image][\/et_pb_column][et_pb_column type=\u00bb3_4&#8243; _builder_version=\u00bb4.16&#8243; custom_padding=\u00bb|||\u00bb global_colors_info=\u00bb{}\u00bb custom_padding__hover=\u00bb|||\u00bb][et_pb_text _builder_version=\u00bb4.27.4&#8243; text_font=\u00bbOpen Sans||||||||\u00bb text_text_color=\u00bb#486066&#8243; text_font_size=\u00bb15px\u00bb text_line_height=\u00bb1.8em\u00bb header_font=\u00bb||||||||\u00bb header_text_align=\u00bbleft\u00bb header_3_font=\u00bbPoppins|600|||||||\u00bb header_3_text_color=\u00bb#486066&#8243; header_3_font_size=\u00bb18px\u00bb header_3_line_height=\u00bb1.4em\u00bb text_orientation=\u00bbjustified\u00bb custom_padding=\u00bb0px|||||\u00bb hover_enabled=\u00bb0&#8243; locked=\u00bboff\u00bb global_colors_info=\u00bb{}\u00bb sticky_enabled=\u00bb0&#8243;]<\/p>\n<p style=\"text-align: justify\"><a href=\"https:\/\/view.genially.com\/66be22b2e0a3b3144f99eea2\" style=\"font-weight: bold\">Kit de herramientas con inteligencia artificial<\/a>: para que agilices y mejores tu trabajo.<\/p>\n<p>[\/et_pb_text][\/et_pb_column][\/et_pb_row][et_pb_row column_structure=\u00bb1_4,3_4&#8243; admin_label=\u00bbClass\u00bb _builder_version=\u00bb4.16&#8243; background_color=\u00bb#ffffff\u00bb custom_margin=\u00bb||60px|\u00bb custom_padding=\u00bb|40px||40px\u00bb animation_style=\u00bbfade\u00bb border_radii=\u00bbon|6px|6px|6px|6px\u00bb box_shadow_style=\u00bbpreset4&#8243; box_shadow_color=\u00bbrgba(0,0,0,0.06)\u00bb global_colors_info=\u00bb{}\u00bb][et_pb_column type=\u00bb1_4&#8243; _builder_version=\u00bb4.16&#8243; custom_padding=\u00bb|||\u00bb global_colors_info=\u00bb{}\u00bb custom_padding__hover=\u00bb|||\u00bb][et_pb_image src=\u00bbhttps:\/\/intranet-nv.s3.amazonaws.com\/wp-content\/uploads\/sites\/22\/2021\/11\/derechoautor.png\u00bb url=\u00bbhttps:\/\/www.derechodeautor.org.ar\/recursos\/educacion\/\u00bb url_new_window=\u00bbon\u00bb _builder_version=\u00bb4.16&#8243; _module_preset=\u00bbdefault\u00bb global_colors_info=\u00bb{}\u00bb][\/et_pb_image][\/et_pb_column][et_pb_column type=\u00bb3_4&#8243; _builder_version=\u00bb4.16&#8243; custom_padding=\u00bb|||\u00bb global_colors_info=\u00bb{}\u00bb custom_padding__hover=\u00bb|||\u00bb][et_pb_text _builder_version=\u00bb4.16&#8243; text_font=\u00bbOpen Sans||||||||\u00bb text_text_color=\u00bb#486066&#8243; text_font_size=\u00bb15px\u00bb text_line_height=\u00bb1.8em\u00bb header_font=\u00bb||||||||\u00bb header_text_align=\u00bbleft\u00bb header_3_font=\u00bbPoppins|600|||||||\u00bb header_3_text_color=\u00bb#486066&#8243; header_3_font_size=\u00bb18px\u00bb header_3_line_height=\u00bb1.4em\u00bb text_orientation=\u00bbjustified\u00bb custom_padding=\u00bb0px|||||\u00bb locked=\u00bboff\u00bb global_colors_info=\u00bb{}\u00bb]<\/p>\n<p style=\"text-align: justify\"><a href=\"https:\/\/www.derechodeautor.org.ar\/recursos\/educacion\/\" target=\"_blank\" rel=\"noopener\"><b>Derechos de autor en educaci\u00f3n<\/b><\/a> ofrece un panorama detallado de la legislaci\u00f3n nacional sobre derechos de autor aplicada al \u00e1mbito de la educaci\u00f3n<\/p>\n<p>[\/et_pb_text][\/et_pb_column][\/et_pb_row][et_pb_row column_structure=\u00bb1_4,3_4&#8243; admin_label=\u00bbClass\u00bb _builder_version=\u00bb4.16&#8243; background_color=\u00bb#ffffff\u00bb custom_margin=\u00bb||60px|\u00bb custom_padding=\u00bb|40px||40px\u00bb animation_style=\u00bbfade\u00bb border_radii=\u00bbon|6px|6px|6px|6px\u00bb box_shadow_style=\u00bbpreset4&#8243; box_shadow_color=\u00bbrgba(0,0,0,0.06)\u00bb global_colors_info=\u00bb{}\u00bb][et_pb_column type=\u00bb1_4&#8243; _builder_version=\u00bb4.16&#8243; custom_padding=\u00bb|||\u00bb global_colors_info=\u00bb{}\u00bb custom_padding__hover=\u00bb|||\u00bb][et_pb_image src=\u00bbhttps:\/\/intranet-nv.s3.amazonaws.com\/wp-content\/uploads\/sites\/22\/2020\/10\/doaj.jpg\u00bb url=\u00bbhttps:\/\/doaj.org\/search\/journals?source=%7B%22query%22%3A%7B%22filtered%22%3A%7B%22filter%22%3A%7B%22bool%22%3A%7B%22must%22%3A%5B%7B%22terms%22%3A%7B%22index.schema_codes_tree.exact%22%3A%5B%22LCC%3AL%22%5D%7D%7D%5D%7D%7D%2C%22query%22%3A%7B%22match_all%22%3A%7B%7D%7D%7D%7D%2C%22size%22%3A50%2C%22sort%22%3A%5B%7B%22created_date%22%3A%7B%22order%22%3A%22desc%22%7D%7D%5D%7D\u00bb url_new_window=\u00bbon\u00bb _builder_version=\u00bb4.16&#8243; _module_preset=\u00bbdefault\u00bb global_colors_info=\u00bb{}\u00bb][\/et_pb_image][\/et_pb_column][et_pb_column type=\u00bb3_4&#8243; _builder_version=\u00bb4.16&#8243; custom_padding=\u00bb|||\u00bb global_colors_info=\u00bb{}\u00bb custom_padding__hover=\u00bb|||\u00bb][et_pb_text _builder_version=\u00bb4.16&#8243; text_font=\u00bbOpen Sans||||||||\u00bb text_text_color=\u00bb#486066&#8243; text_font_size=\u00bb15px\u00bb text_line_height=\u00bb1.8em\u00bb header_font=\u00bb||||||||\u00bb header_text_align=\u00bbleft\u00bb header_3_font=\u00bbPoppins|600|||||||\u00bb header_3_text_color=\u00bb#486066&#8243; header_3_font_size=\u00bb18px\u00bb header_3_line_height=\u00bb1.4em\u00bb text_orientation=\u00bbjustified\u00bb custom_padding=\u00bb0px|||||\u00bb locked=\u00bboff\u00bb global_colors_info=\u00bb{}\u00bb]<\/p>\n<p style=\"text-align: justify\"><a href=\"https:\/\/doaj.org\/search\/journals?source=%7B%22query%22%3A%7B%22filtered%22%3A%7B%22filter%22%3A%7B%22bool%22%3A%7B%22must%22%3A%5B%7B%22terms%22%3A%7B%22index.schema_codes_tree.exact%22%3A%5B%22LCC%3AL%22%5D%7D%7D%5D%7D%7D%2C%22query%22%3A%7B%22match_all%22%3A%7B%7D%7D%7D%7D%2C%22size%22%3A50%2C%22sort%22%3A%5B%7B%22created_date%22%3A%7B%22order%22%3A%22desc%22%7D%7D%5D%7D\" target=\"_blank\" rel=\"noopener\"><b>DOAJ Educaci\u00f3n<\/b><\/a> selecci\u00f3n de revistas de acceso abierto del \u00e1rea de educaci\u00f3n<\/p>\n<p>[\/et_pb_text][\/et_pb_column][\/et_pb_row][et_pb_row column_structure=\u00bb1_4,3_4&#8243; admin_label=\u00bbClass\u00bb _builder_version=\u00bb4.16&#8243; background_color=\u00bb#ffffff\u00bb custom_margin=\u00bb||60px|\u00bb custom_padding=\u00bb|40px||40px\u00bb animation_style=\u00bbfade\u00bb border_radii=\u00bbon|6px|6px|6px|6px\u00bb box_shadow_style=\u00bbpreset4&#8243; box_shadow_color=\u00bbrgba(0,0,0,0.06)\u00bb global_colors_info=\u00bb{}\u00bb][et_pb_column type=\u00bb1_4&#8243; _builder_version=\u00bb4.16&#8243; custom_padding=\u00bb|||\u00bb global_colors_info=\u00bb{}\u00bb custom_padding__hover=\u00bb|||\u00bb][et_pb_image src=\u00bbhttps:\/\/intranet-nv.s3.amazonaws.com\/wp-content\/uploads\/sites\/22\/2022\/03\/ehcm.png\u00bb url=\u00bbhttp:\/\/www.eippee.eu\/cms\/Default.aspx?tabid=3179&#8243; url_new_window=\u00bbon\u00bb _builder_version=\u00bb4.16&#8243; _module_preset=\u00bbdefault\u00bb global_colors_info=\u00bb{}\u00bb][\/et_pb_image][\/et_pb_column][et_pb_column type=\u00bb3_4&#8243; _builder_version=\u00bb4.16&#8243; custom_padding=\u00bb|||\u00bb global_colors_info=\u00bb{}\u00bb custom_padding__hover=\u00bb|||\u00bb][et_pb_text _builder_version=\u00bb4.16&#8243; text_font=\u00bbOpen Sans||||||||\u00bb text_text_color=\u00bb#486066&#8243; text_font_size=\u00bb15px\u00bb text_line_height=\u00bb1.8em\u00bb header_font=\u00bb||||||||\u00bb header_text_align=\u00bbleft\u00bb header_3_font=\u00bbPoppins|600|||||||\u00bb header_3_text_color=\u00bb#486066&#8243; header_3_font_size=\u00bb18px\u00bb header_3_line_height=\u00bb1.4em\u00bb text_orientation=\u00bbjustified\u00bb custom_padding=\u00bb0px|||||\u00bb locked=\u00bboff\u00bb global_colors_info=\u00bb{}\u00bb]<\/p>\n<p style=\"text-align: justify\"><a href=\"https:\/\/ecm.ebscohost.com\/Books\" target=\"_blank\" rel=\"noopener\"><b>EBSCO Host Collection Manager<\/b> <\/a>Ofrece la posibilidad de consultar los t\u00edtulos disponibles en formato digital, y con posibilidad de inclusi\u00f3n a la plataforma <a href=\"https:\/\/web.s.ebscohost.com\/ehost\/search\/basic?vid=0&amp;sid=b360926a-b4e6-4bba-8668-e3d607f52fe9%40redis\">EBSCO Ebooks<\/a>. De este modo, los docentes pueden seleccionar la bibliograf\u00eda para sus materias de un cat\u00e1logo de m\u00e1s de 200.000 t\u00edtulos, de 300 editoriales tales como <strong>Elsevier, Wiley, Springer, CRC Press, Emerald, Harvard University Press, O&#8217;Reilly Media, Wiley, IOP, MIT Press, Oxford University Press, <\/strong>entre otras.<br \/><a href=\"https:\/\/www.itba.edu.ar\/intranet\/biblioteca\/contacto\/\">Se debe solicitar habilitaci\u00f3n de usuario y clave.<\/a><\/p>\n<p>[\/et_pb_text][\/et_pb_column][\/et_pb_row][et_pb_row column_structure=\u00bb1_4,3_4&#8243; admin_label=\u00bbClass\u00bb _builder_version=\u00bb4.16&#8243; background_color=\u00bb#ffffff\u00bb custom_margin=\u00bb||60px|\u00bb custom_padding=\u00bb|40px||40px\u00bb animation_style=\u00bbfade\u00bb border_radii=\u00bbon|6px|6px|6px|6px\u00bb box_shadow_style=\u00bbpreset4&#8243; box_shadow_color=\u00bbrgba(0,0,0,0.06)\u00bb global_colors_info=\u00bb{}\u00bb][et_pb_column type=\u00bb1_4&#8243; _builder_version=\u00bb4.16&#8243; custom_padding=\u00bb|||\u00bb global_colors_info=\u00bb{}\u00bb custom_padding__hover=\u00bb|||\u00bb][et_pb_image src=\u00bbhttps:\/\/intranet-nv.s3.amazonaws.com\/wp-content\/uploads\/sites\/22\/2021\/11\/eippee.png\u00bb url=\u00bbhttp:\/\/www.eippee.eu\/cms\/Default.aspx?tabid=3179&#8243; url_new_window=\u00bbon\u00bb _builder_version=\u00bb4.16&#8243; _module_preset=\u00bbdefault\u00bb global_colors_info=\u00bb{}\u00bb][\/et_pb_image][\/et_pb_column][et_pb_column type=\u00bb3_4&#8243; _builder_version=\u00bb4.16&#8243; custom_padding=\u00bb|||\u00bb global_colors_info=\u00bb{}\u00bb custom_padding__hover=\u00bb|||\u00bb][et_pb_text _builder_version=\u00bb4.16&#8243; text_font=\u00bbOpen Sans||||||||\u00bb text_text_color=\u00bb#486066&#8243; text_font_size=\u00bb15px\u00bb text_line_height=\u00bb1.8em\u00bb header_font=\u00bb||||||||\u00bb header_text_align=\u00bbleft\u00bb header_3_font=\u00bbPoppins|600|||||||\u00bb header_3_text_color=\u00bb#486066&#8243; header_3_font_size=\u00bb18px\u00bb header_3_line_height=\u00bb1.4em\u00bb text_orientation=\u00bbjustified\u00bb custom_padding=\u00bb0px|||||\u00bb locked=\u00bboff\u00bb global_colors_info=\u00bb{}\u00bb]<\/p>\n<p style=\"text-align: justify\"><a href=\"http:\/\/www.eippee.eu\/cms\/Default.aspx?tabid=3179\" target=\"_blank\" rel=\"noopener\"><b>EIPPEE<\/b> <\/a>Red formada por organizaciones e individuos que trabajan juntos en grupos sobre aspectos espec\u00edficos del uso de la evidencia; sus objetivos son: desarrollar la conciencia y el conocimiento sobre el uso de la investigaci\u00f3n a trav\u00e9s de una red internacional de base amplia; permitir un mayor acceso a la investigaci\u00f3n educativa relevante; fomentar la mediaci\u00f3n entre la investigaci\u00f3n y su uso; estudiar el uso de la investigaci\u00f3n en la toma de decisiones e identificar las barreras y facilitadores de esta.<\/p>\n<p>[\/et_pb_text][\/et_pb_column][\/et_pb_row][et_pb_row column_structure=\u00bb1_4,3_4&#8243; admin_label=\u00bbClass\u00bb _builder_version=\u00bb4.16&#8243; background_color=\u00bb#ffffff\u00bb custom_margin=\u00bb||60px|\u00bb custom_padding=\u00bb|40px||40px\u00bb animation_style=\u00bbfade\u00bb border_radii=\u00bbon|6px|6px|6px|6px\u00bb box_shadow_style=\u00bbpreset4&#8243; box_shadow_color=\u00bbrgba(0,0,0,0.06)\u00bb global_colors_info=\u00bb{}\u00bb][et_pb_column type=\u00bb1_4&#8243; _builder_version=\u00bb4.16&#8243; custom_padding=\u00bb|||\u00bb global_colors_info=\u00bb{}\u00bb custom_padding__hover=\u00bb|||\u00bb][et_pb_image src=\u00bbhttps:\/\/intranet-nv.s3.amazonaws.com\/wp-content\/uploads\/sites\/22\/2020\/10\/descarga-1.jpg\u00bb url=\u00bbhttps:\/\/eric.ed.gov\/\u00bb url_new_window=\u00bbon\u00bb _builder_version=\u00bb4.16&#8243; _module_preset=\u00bbdefault\u00bb global_colors_info=\u00bb{}\u00bb][\/et_pb_image][\/et_pb_column][et_pb_column type=\u00bb3_4&#8243; _builder_version=\u00bb4.16&#8243; custom_padding=\u00bb|||\u00bb global_colors_info=\u00bb{}\u00bb custom_padding__hover=\u00bb|||\u00bb][et_pb_text _builder_version=\u00bb4.16&#8243; text_font=\u00bbOpen Sans||||||||\u00bb text_text_color=\u00bb#486066&#8243; text_font_size=\u00bb15px\u00bb text_line_height=\u00bb1.8em\u00bb header_font=\u00bb||||||||\u00bb header_text_align=\u00bbleft\u00bb header_3_font=\u00bbPoppins|600|||||||\u00bb header_3_text_color=\u00bb#486066&#8243; header_3_font_size=\u00bb18px\u00bb header_3_line_height=\u00bb1.4em\u00bb text_orientation=\u00bbjustified\u00bb custom_padding=\u00bb0px|||||\u00bb locked=\u00bboff\u00bb global_colors_info=\u00bb{}\u00bb]<\/p>\n<p style=\"text-align: justify\"><a href=\"https:\/\/eric.ed.gov\/\" target=\"_blank\" rel=\"noopener\"><strong>ERIC<\/strong><\/a> es una base de datos especializada en educaci\u00f3n que ofrece acceso a m\u00e1s de 1,4 millones de registros bibliogr\u00e1ficos de art\u00edculos de revista, libros, comunicaciones de conferencias y otros materiales relacionados con la educaci\u00f3n.<\/p>\n<p>[\/et_pb_text][\/et_pb_column][\/et_pb_row][et_pb_row column_structure=\u00bb1_4,3_4&#8243; admin_label=\u00bbClass\u00bb _builder_version=\u00bb4.16&#8243; background_color=\u00bb#ffffff\u00bb custom_margin=\u00bb||60px|\u00bb custom_padding=\u00bb|40px||40px\u00bb animation_style=\u00bbfade\u00bb border_radii=\u00bbon|6px|6px|6px|6px\u00bb box_shadow_style=\u00bbpreset4&#8243; box_shadow_color=\u00bbrgba(0,0,0,0.06)\u00bb global_colors_info=\u00bb{}\u00bb][et_pb_column type=\u00bb1_4&#8243; _builder_version=\u00bb4.16&#8243; custom_padding=\u00bb|||\u00bb global_colors_info=\u00bb{}\u00bb custom_padding__hover=\u00bb|||\u00bb][et_pb_image src=\u00bbhttps:\/\/intranet-nv.s3.amazonaws.com\/wp-content\/uploads\/sites\/22\/2021\/11\/gutman.jpg\u00bb url=\u00bbhttps:\/\/www.gse.harvard.edu\/library\/educator-resources\u00bb url_new_window=\u00bbon\u00bb _builder_version=\u00bb4.16&#8243; _module_preset=\u00bbdefault\u00bb global_colors_info=\u00bb{}\u00bb][\/et_pb_image][\/et_pb_column][et_pb_column type=\u00bb3_4&#8243; _builder_version=\u00bb4.16&#8243; custom_padding=\u00bb|||\u00bb global_colors_info=\u00bb{}\u00bb custom_padding__hover=\u00bb|||\u00bb][et_pb_text _builder_version=\u00bb4.16&#8243; text_font=\u00bbOpen Sans||||||||\u00bb text_text_color=\u00bb#486066&#8243; text_font_size=\u00bb15px\u00bb text_line_height=\u00bb1.8em\u00bb header_font=\u00bb||||||||\u00bb header_text_align=\u00bbleft\u00bb header_3_font=\u00bbPoppins|600|||||||\u00bb header_3_text_color=\u00bb#486066&#8243; header_3_font_size=\u00bb18px\u00bb header_3_line_height=\u00bb1.4em\u00bb text_orientation=\u00bbjustified\u00bb custom_padding=\u00bb0px|||||\u00bb locked=\u00bboff\u00bb global_colors_info=\u00bb{}\u00bb]<\/p>\n<p style=\"text-align: justify\"><span><strong><a href=\"https:\/\/www.gse.harvard.edu\/library\/educator-resources\" target=\"_blank\" rel=\"noopener\">Gutman Library&#8217;s \u00abWebsites for Educators\u00bb<\/a><\/strong> ofrece una lista de sitios webs seleccionados para apoyar la investigaci\u00f3n y pr\u00e1ctica de los docentes.<\/span><\/p>\n<p>[\/et_pb_text][\/et_pb_column][\/et_pb_row][\/et_pb_section]<\/p>\n","protected":false},"excerpt":{"rendered":"<p>Recursos para docentes Te ofrecemos una selecci\u00f3n de recursos y herramientas para que puedas utilizar en la preparaci\u00f3n de tus clases. Para la utilizaci\u00f3n y aprovechamiento de las herramientas de Campus, te recomendamos que visites el Portal Docente, desarrollado por ICAE.Descubr\u00ed el CRC con esta gu\u00eda para docentes. Toda la informaci\u00f3n que necesit\u00e1s para empezar [&hellip;]<\/p>\n","protected":false},"author":120,"featured_media":0,"parent":0,"menu_order":0,"comment_status":"closed","ping_status":"closed","template":"","meta":{"_et_pb_use_builder":"on","_et_pb_old_content":"","_et_gb_content_width":"","footnotes":""},"class_list":["post-2153","page","type-page","status-publish","hentry"],"_links":{"self":[{"href":"https:\/\/www.itba.edu.ar\/intranet\/biblioteca\/wp-json\/wp\/v2\/pages\/2153","targetHints":{"allow":["GET"]}}],"collection":[{"href":"https:\/\/www.itba.edu.ar\/intranet\/biblioteca\/wp-json\/wp\/v2\/pages"}],"about":[{"href":"https:\/\/www.itba.edu.ar\/intranet\/biblioteca\/wp-json\/wp\/v2\/types\/page"}],"author":[{"embeddable":true,"href":"https:\/\/www.itba.edu.ar\/intranet\/biblioteca\/wp-json\/wp\/v2\/users\/120"}],"replies":[{"embeddable":true,"href":"https:\/\/www.itba.edu.ar\/intranet\/biblioteca\/wp-json\/wp\/v2\/comments?post=2153"}],"version-history":[{"count":19,"href":"https:\/\/www.itba.edu.ar\/intranet\/biblioteca\/wp-json\/wp\/v2\/pages\/2153\/revisions"}],"predecessor-version":[{"id":3399,"href":"https:\/\/www.itba.edu.ar\/intranet\/biblioteca\/wp-json\/wp\/v2\/pages\/2153\/revisions\/3399"}],"wp:attachment":[{"href":"https:\/\/www.itba.edu.ar\/intranet\/biblioteca\/wp-json\/wp\/v2\/media?parent=2153"}],"curies":[{"name":"wp","href":"https:\/\/api.w.org\/{rel}","templated":true}]}}