{"id":185,"date":"2020-10-05T14:37:47","date_gmt":"2020-10-05T14:37:47","guid":{"rendered":"https:\/\/www.itba.edu.ar\/intranet\/biblioteca\/?page_id=185"},"modified":"2026-03-09T14:47:26","modified_gmt":"2026-03-09T14:47:26","slug":"recursos-de-informacion-2","status":"publish","type":"page","link":"https:\/\/www.itba.edu.ar\/intranet\/biblioteca\/recursos-de-informacion-2\/","title":{"rendered":"Recursos de informaci\u00f3n"},"content":{"rendered":"<p>[et_pb_section fb_built=\u00bb1&#8243; admin_label=\u00bbHero Section\u00bb _builder_version=\u00bb4.27.4&#8243; background_color=\u00bb#12876F\u00bb use_background_color_gradient=\u00bbon\u00bb background_color_gradient_direction=\u00bb105deg\u00bb background_color_gradient_stops=\u00bb#1bb3eb 0%|#25efcb 100%\u00bb background_color_gradient_start=\u00bb#1bb3eb\u00bb background_color_gradient_end=\u00bb#25efcb\u00bb background_enable_pattern_style=\u00bbon\u00bb background_pattern_style=\u00bbcubes\u00bb custom_padding=\u00bb40px|0px|0px|0px||\u00bb global_colors_info=\u00bb{}\u00bb][et_pb_row _builder_version=\u00bb4.16&#8243; background_size=\u00bbinitial\u00bb background_position=\u00bbtop_left\u00bb background_repeat=\u00bbrepeat\u00bb global_colors_info=\u00bb{}\u00bb][et_pb_column type=\u00bb4_4&#8243; _builder_version=\u00bb4.16&#8243; custom_padding=\u00bb|||\u00bb global_colors_info=\u00bb{}\u00bb custom_padding__hover=\u00bb|||\u00bb][et_pb_text admin_label=\u00bbTexto\u00bb _builder_version=\u00bb4.27.4&#8243; text_font=\u00bbPoppins||||||||\u00bb text_text_color=\u00bbrgba(255,255,255,0.8)\u00bb text_font_size=\u00bb18px\u00bb text_line_height=\u00bb1.8em\u00bb header_font=\u00bbPoppins|600|||||||\u00bb header_text_color=\u00bb#ffffff\u00bb header_font_size=\u00bb48px\u00bb header_line_height=\u00bb1.4em\u00bb header_3_font=\u00bbPoppins|600|||||||\u00bb header_3_font_size=\u00bb36px\u00bb header_3_line_height=\u00bb1.4em\u00bb background_layout=\u00bbdark\u00bb max_width=\u00bb1046px\u00bb module_alignment=\u00bbleft\u00bb custom_margin=\u00bb|213px||||\u00bb custom_padding=\u00bb|1px||||\u00bb locked=\u00bboff\u00bb global_colors_info=\u00bb{}\u00bb]<\/p>\n<h1><span style=\"font-size: xx-large\">Recursos para el conocimiento<\/span><\/h1>\n<p style=\"text-align: justify\">[\/et_pb_text][\/et_pb_column][\/et_pb_row][\/et_pb_section][et_pb_section fb_built=\u00bb1&#8243; admin_label=\u00bbClasses Section\u00bb _builder_version=\u00bb4.16&#8243; background_color=\u00bb#fafbfc\u00bb custom_padding=\u00bb30px|0px|110px|0px||\u00bb global_colors_info=\u00bb{}\u00bb][et_pb_row column_structure=\u00bb1_4,3_4&#8243; admin_label=\u00bbClass\u00bb _builder_version=\u00bb4.16&#8243; background_color=\u00bb#ffffff\u00bb custom_margin=\u00bb||60px|\u00bb custom_padding=\u00bb|40px||40px\u00bb animation_style=\u00bbfade\u00bb border_radii=\u00bbon|6px|6px|6px|6px\u00bb box_shadow_style=\u00bbpreset4&#8243; box_shadow_color=\u00bbrgba(0,0,0,0.06)\u00bb global_colors_info=\u00bb{}\u00bb][et_pb_column type=\u00bb1_4&#8243; _builder_version=\u00bb4.16&#8243; custom_padding=\u00bb|||\u00bb global_colors_info=\u00bb{}\u00bb custom_padding__hover=\u00bb|||\u00bb][et_pb_image src=\u00bbhttps:\/\/intranet-nv.s3.amazonaws.com\/wp-content\/uploads\/sites\/22\/2024\/05\/ITBA-CRC-intranet_Recursos-para-el-conocimiento-catalogo.png\u00bb title_text=\u00bbITBA-CRC-intranet_Recursos para el conocimiento-catalogo\u00bb url=\u00bbhttps:\/\/catalogo.itba.edu.ar\/\u00bb url_new_window=\u00bbon\u00bb align=\u00bbcenter\u00bb align_tablet=\u00bbcenter\u00bb align_phone=\u00bb\u00bb align_last_edited=\u00bbon|desktop\u00bb _builder_version=\u00bb4.27.4&#8243; global_colors_info=\u00bb{}\u00bb][\/et_pb_image][\/et_pb_column][et_pb_column type=\u00bb3_4&#8243; _builder_version=\u00bb4.16&#8243; custom_padding=\u00bb|||\u00bb global_colors_info=\u00bb{}\u00bb custom_padding__hover=\u00bb|||\u00bb][et_pb_text _builder_version=\u00bb4.27.4&#8243; text_font=\u00bbOpen Sans||||||||\u00bb text_text_color=\u00bb#486066&#8243; text_font_size=\u00bb15px\u00bb text_line_height=\u00bb1.8em\u00bb header_font=\u00bb||||||||\u00bb header_3_font=\u00bbPoppins|600|||||||\u00bb header_3_text_color=\u00bb#486066&#8243; header_3_font_size=\u00bb18px\u00bb header_3_line_height=\u00bb1.4em\u00bb custom_padding=\u00bb0px|||||\u00bb locked=\u00bboff\u00bb global_colors_info=\u00bb{}\u00bb]<\/p>\n<h3><span style=\"color: #3366ff\"><a href=\"https:\/\/catalogo.itba.edu.ar\/\" style=\"color: #3366ff\" target=\"_blank\" rel=\"noopener\">Cat\u00e1logo<\/a><\/span><\/h3>\n<p>Aqu\u00ed vas a encontrar toda la bibliograf\u00eda de la colecci\u00f3n del ITBA. Creando un usuario con tu correo institucional podr\u00e1s gestionar los pr\u00e9stamos y renovaciones, revisar tu historial y compilar listas.<\/p>\n<p>[\/et_pb_text][\/et_pb_column][\/et_pb_row][et_pb_row column_structure=\u00bb1_4,3_4&#8243; admin_label=\u00bbClass\u00bb _builder_version=\u00bb4.16&#8243; background_color=\u00bb#ffffff\u00bb custom_margin=\u00bb||60px|\u00bb custom_padding=\u00bb|40px||40px\u00bb animation_style=\u00bbfade\u00bb border_radii=\u00bbon|6px|6px|6px|6px\u00bb box_shadow_style=\u00bbpreset4&#8243; box_shadow_color=\u00bbrgba(0,0,0,0.06)\u00bb global_colors_info=\u00bb{}\u00bb][et_pb_column type=\u00bb1_4&#8243; _builder_version=\u00bb4.16&#8243; custom_padding=\u00bb|||\u00bb global_colors_info=\u00bb{}\u00bb custom_padding__hover=\u00bb|||\u00bb][et_pb_image src=\u00bbhttps:\/\/intranet-nv.s3.amazonaws.com\/wp-content\/uploads\/sites\/22\/2024\/05\/ITBA-CRC-intranet_Recursos-para-el-conocimiento-repositorio-institucional.png\u00bb title_text=\u00bbITBA-CRC-intranet_Recursos para el conocimiento-repositorio institucional\u00bb url=\u00bbhttps:\/\/ri.itba.edu.ar\/home\u00bb url_new_window=\u00bbon\u00bb _builder_version=\u00bb4.27.4&#8243; _module_preset=\u00bbdefault\u00bb global_colors_info=\u00bb{}\u00bb][\/et_pb_image][\/et_pb_column][et_pb_column type=\u00bb3_4&#8243; _builder_version=\u00bb4.16&#8243; custom_padding=\u00bb|||\u00bb global_colors_info=\u00bb{}\u00bb custom_padding__hover=\u00bb|||\u00bb][et_pb_text _builder_version=\u00bb4.27.4&#8243; text_font=\u00bbOpen Sans||||||||\u00bb text_text_color=\u00bb#486066&#8243; text_font_size=\u00bb15px\u00bb text_line_height=\u00bb1.8em\u00bb header_font=\u00bb||||||||\u00bb header_3_font=\u00bbPoppins|600|||||||\u00bb header_3_text_color=\u00bb#486066&#8243; header_3_font_size=\u00bb18px\u00bb header_3_line_height=\u00bb1.4em\u00bb custom_padding=\u00bb0px||0px|||\u00bb locked=\u00bboff\u00bb global_colors_info=\u00bb{}\u00bb]<\/p>\n<h3><a href=\"https:\/\/ri.itba.edu.ar\/home\" target=\"_blank\" rel=\"noopener\"><span style=\"color: #3366ff\">Repositorio Institucional<\/span><\/a><\/h3>\n<p style=\"text-align: justify\">Aqu\u00ed podr\u00e1s acceder a toda la producci\u00f3n cient\u00edfico-acad\u00e9mica de nuestra universidad, incluyendo proyectos finales y de especializaci\u00f3n, tesis de maestr\u00eda y doctorado, art\u00edculos, ponencias, archivos hist\u00f3ricos, entre otros.<\/p>\n<p><strong><a href=\"https:\/\/intranet-nv.s3.amazonaws.com\/wp-content\/uploads\/sites\/22\/2022\/07\/Autorizacion_modelo_DP700.docx\">Descarga la autorizaci\u00f3n para depositar tu trabajo en el repositorio<\/a><\/strong><\/p>\n<p>[\/et_pb_text][\/et_pb_column][\/et_pb_row][et_pb_row column_structure=\u00bb1_4,3_4&#8243; admin_label=\u00bbClass\u00bb _builder_version=\u00bb4.16&#8243; background_color=\u00bb#ffffff\u00bb custom_margin=\u00bb||60px|\u00bb custom_padding=\u00bb|40px||40px\u00bb animation_style=\u00bbfade\u00bb border_radii=\u00bbon|6px|6px|6px|6px\u00bb box_shadow_style=\u00bbpreset4&#8243; box_shadow_color=\u00bbrgba(0,0,0,0.06)\u00bb collapsed=\u00bboff\u00bb global_colors_info=\u00bb{}\u00bb][et_pb_column type=\u00bb1_4&#8243; _builder_version=\u00bb4.16&#8243; custom_padding=\u00bb|||\u00bb global_colors_info=\u00bb{}\u00bb custom_padding__hover=\u00bb|||\u00bb][et_pb_image src=\u00bbhttps:\/\/intranet-nv.s3.amazonaws.com\/wp-content\/uploads\/sites\/22\/2024\/05\/ITBA-CRC-intranet_Recursos-para-el-conocimiento-libros-electronicos.png\u00bb title_text=\u00bbITBA-CRC-intranet_Recursos para el conocimiento-libros electronicos\u00bb url=\u00bbhttps:\/\/www.itba.edu.ar\/intranet\/biblioteca\/libros-electronicos\/\u00bb url_new_window=\u00bbon\u00bb _builder_version=\u00bb4.24.2&#8243; _module_preset=\u00bbdefault\u00bb global_colors_info=\u00bb{}\u00bb][\/et_pb_image][\/et_pb_column][et_pb_column type=\u00bb3_4&#8243; _builder_version=\u00bb4.16&#8243; custom_padding=\u00bb|||\u00bb global_colors_info=\u00bb{}\u00bb custom_padding__hover=\u00bb|||\u00bb][et_pb_text _builder_version=\u00bb4.27.4&#8243; text_font=\u00bbOpen Sans||||||||\u00bb text_text_color=\u00bb#486066&#8243; text_font_size=\u00bb15px\u00bb text_line_height=\u00bb1.8em\u00bb header_font=\u00bb||||||||\u00bb header_3_font=\u00bbPoppins|600|||||||\u00bb header_3_text_color=\u00bb#486066&#8243; header_3_font_size=\u00bb18px\u00bb header_3_line_height=\u00bb1.4em\u00bb custom_padding=\u00bb0px|||||\u00bb locked=\u00bboff\u00bb global_colors_info=\u00bb{}\u00bb]<\/p>\n<h3><span style=\"color: #3366ff\"><a href=\"https:\/\/www.itba.edu.ar\/intranet\/biblioteca\/libros-electronicos\/\" style=\"color: #3366ff\">Libros electr\u00f3nicos<\/a><\/span><\/h3>\n<p style=\"text-align: justify\">Te ofrecemos una selecci\u00f3n de libros de texto y otros, para que puedas consultar en forma remota. El acceso a estas colecciones es exclusivo para la comunidad ITBA.<\/p>\n<p style=\"text-align: justify\"><a href=\"https:\/\/www.itba.edu.ar\/intranet\/biblioteca\/libros-electronicos\/\"><strong>Explor\u00e1 las bibliotecas digitales disponibles ac\u00e1<\/strong><\/a><\/p>\n<p>[\/et_pb_text][\/et_pb_column][\/et_pb_row][et_pb_row column_structure=\u00bb1_4,3_4&#8243; admin_label=\u00bbClass\u00bb _builder_version=\u00bb4.16&#8243; background_color=\u00bb#ffffff\u00bb custom_margin=\u00bb||60px|\u00bb custom_padding=\u00bb|40px||40px\u00bb animation_style=\u00bbfade\u00bb border_radii=\u00bbon|6px|6px|6px|6px\u00bb box_shadow_style=\u00bbpreset4&#8243; box_shadow_color=\u00bbrgba(0,0,0,0.06)\u00bb global_colors_info=\u00bb{}\u00bb][et_pb_column type=\u00bb1_4&#8243; _builder_version=\u00bb4.16&#8243; custom_padding=\u00bb|||\u00bb global_colors_info=\u00bb{}\u00bb custom_padding__hover=\u00bb|||\u00bb][et_pb_image src=\u00bbhttps:\/\/intranet-nv.s3.amazonaws.com\/wp-content\/uploads\/sites\/22\/2024\/05\/ITBA-CRC-intranet_Recursos-para-el-conocimiento-casos-de-estudio.png\u00bb title_text=\u00bbITBA-CRC-intranet_Recursos para el conocimiento-casos de estudio\u00bb url=\u00bbhttps:\/\/www.itba.edu.ar\/intranet\/biblioteca\/casos-de-estudio\/\u00bb url_new_window=\u00bbon\u00bb _builder_version=\u00bb4.27.4&#8243; _module_preset=\u00bbdefault\u00bb global_colors_info=\u00bb{}\u00bb][\/et_pb_image][\/et_pb_column][et_pb_column type=\u00bb3_4&#8243; _builder_version=\u00bb4.16&#8243; custom_padding=\u00bb|||\u00bb global_colors_info=\u00bb{}\u00bb custom_padding__hover=\u00bb|||\u00bb][et_pb_text _builder_version=\u00bb4.27.4&#8243; text_font=\u00bbOpen Sans||||||||\u00bb text_text_color=\u00bb#486066&#8243; text_font_size=\u00bb15px\u00bb text_line_height=\u00bb1.8em\u00bb header_font=\u00bb||||||||\u00bb header_3_font=\u00bbPoppins|600|||||||\u00bb header_3_text_color=\u00bb#486066&#8243; header_3_font_size=\u00bb18px\u00bb header_3_line_height=\u00bb1.4em\u00bb custom_padding=\u00bb1px|||||\u00bb locked=\u00bboff\u00bb global_colors_info=\u00bb{}\u00bb]<\/p>\n<h3><span style=\"color: #3366ff\"><a href=\"https:\/\/www.itba.edu.ar\/intranet\/biblioteca\/casos-de-estudio\/\" style=\"color: #3366ff\">Casos de estudio<\/a><\/span><\/h3>\n<p style=\"text-align: justify\">Ponemos a disposici\u00f3n casos de estudio provenientes de Harvard, IESE, HKUST, Stanford, entre otras. El acceso a estas publicaciones es exclusivo para la comunidad ITBA.<\/p>\n<p style=\"text-align: justify\"><strong><a href=\"https:\/\/catalogo.itba.edu.ar\/cgi-bin\/koha\/opac-search.pl?tag=Casos&amp;q=Casos\">Consult\u00e1 los casos en nuestro cat\u00e1logo.<\/a><\/strong><\/p>\n<p>[\/et_pb_text][\/et_pb_column][\/et_pb_row][et_pb_row column_structure=\u00bb1_4,3_4&#8243; admin_label=\u00bbClass\u00bb _builder_version=\u00bb4.16&#8243; background_color=\u00bb#ffffff\u00bb custom_margin=\u00bb||60px|\u00bb custom_padding=\u00bb|40px||40px\u00bb animation_style=\u00bbfade\u00bb border_radii=\u00bbon|6px|6px|6px|6px\u00bb box_shadow_style=\u00bbpreset4&#8243; box_shadow_color=\u00bbrgba(0,0,0,0.06)\u00bb global_colors_info=\u00bb{}\u00bb][et_pb_column type=\u00bb1_4&#8243; _builder_version=\u00bb4.16&#8243; custom_padding=\u00bb|||\u00bb global_colors_info=\u00bb{}\u00bb custom_padding__hover=\u00bb|||\u00bb][et_pb_image src=\u00bbhttps:\/\/intranet-nv.s3.amazonaws.com\/wp-content\/uploads\/sites\/22\/2024\/05\/ITBA-CRC-intranet_Recursos-para-el-conocimiento-revistas.png\u00bb title_text=\u00bbITBA-CRC-intranet_Recursos para el conocimiento-revistas\u00bb url=\u00bbhttps:\/\/www.itba.edu.ar\/intranet\/biblioteca\/revistas\/\u00bb url_new_window=\u00bbon\u00bb _builder_version=\u00bb4.27.4&#8243; _module_preset=\u00bbdefault\u00bb global_colors_info=\u00bb{}\u00bb][\/et_pb_image][\/et_pb_column][et_pb_column type=\u00bb3_4&#8243; _builder_version=\u00bb4.16&#8243; custom_padding=\u00bb|||\u00bb global_colors_info=\u00bb{}\u00bb custom_padding__hover=\u00bb|||\u00bb][et_pb_text _builder_version=\u00bb4.27.4&#8243; text_font=\u00bbOpen Sans||||||||\u00bb text_text_color=\u00bb#486066&#8243; text_font_size=\u00bb15px\u00bb text_line_height=\u00bb1.8em\u00bb header_font=\u00bb||||||||\u00bb header_3_font=\u00bbPoppins|600|||||||\u00bb header_3_text_color=\u00bb#486066&#8243; header_3_font_size=\u00bb18px\u00bb header_3_line_height=\u00bb1.4em\u00bb custom_padding=\u00bb0px|||||\u00bb locked=\u00bboff\u00bb global_colors_info=\u00bb{}\u00bb]<\/p>\n<h3><a href=\"https:\/\/www.itba.edu.ar\/intranet\/biblioteca\/revistas\/\"><span style=\"color: #3366ff\">Revistas electr\u00f3nicas<\/span><\/a><\/h3>\n<p style=\"text-align: justify\">Consult\u00e1 las revistas y diarios a los que suscribe la Universidad y encontr\u00e1 otros de acceso abierto.<\/p>\n<p>[\/et_pb_text][\/et_pb_column][\/et_pb_row][et_pb_row column_structure=\u00bb1_4,3_4&#8243; admin_label=\u00bbClass\u00bb _builder_version=\u00bb4.16&#8243; background_color=\u00bb#ffffff\u00bb custom_margin=\u00bb||60px|\u00bb custom_padding=\u00bb|40px||40px\u00bb animation_style=\u00bbfade\u00bb border_radii=\u00bbon|6px|6px|6px|6px\u00bb box_shadow_style=\u00bbpreset4&#8243; box_shadow_color=\u00bbrgba(0,0,0,0.06)\u00bb global_colors_info=\u00bb{}\u00bb][et_pb_column type=\u00bb1_4&#8243; _builder_version=\u00bb4.16&#8243; custom_padding=\u00bb|||\u00bb global_colors_info=\u00bb{}\u00bb custom_padding__hover=\u00bb|||\u00bb][et_pb_image src=\u00bbhttps:\/\/intranet-nv.s3.amazonaws.com\/wp-content\/uploads\/sites\/22\/2024\/05\/ITBA-CRC-intranet_Recursos-para-el-conocimiento-bases-de-datos.png\u00bb title_text=\u00bbITBA-CRC-intranet_Recursos para el conocimiento-bases de datos\u00bb url=\u00bbhttps:\/\/www.itba.edu.ar\/intranet\/biblioteca\/bases-de-datos\/\u00bb url_new_window=\u00bbon\u00bb _builder_version=\u00bb4.27.4&#8243; _module_preset=\u00bbdefault\u00bb global_colors_info=\u00bb{}\u00bb][\/et_pb_image][\/et_pb_column][et_pb_column type=\u00bb3_4&#8243; _builder_version=\u00bb4.16&#8243; custom_padding=\u00bb|||\u00bb global_colors_info=\u00bb{}\u00bb custom_padding__hover=\u00bb|||\u00bb][et_pb_text _builder_version=\u00bb4.27.4&#8243; text_font=\u00bbOpen Sans||||||||\u00bb text_text_color=\u00bb#486066&#8243; text_font_size=\u00bb15px\u00bb text_line_height=\u00bb1.8em\u00bb header_font=\u00bb||||||||\u00bb header_3_font=\u00bbPoppins|600|||||||\u00bb header_3_text_color=\u00bb#486066&#8243; header_3_font_size=\u00bb18px\u00bb header_3_line_height=\u00bb1.4em\u00bb custom_padding=\u00bb1px|||||\u00bb locked=\u00bboff\u00bb global_colors_info=\u00bb{}\u00bb]<\/p>\n<h3><a href=\"https:\/\/www.itba.edu.ar\/intranet\/biblioteca\/bases-de-datos\/\"><span style=\"color: #3366ff\">Bases de datos<\/span><\/a><\/h3>\n<p style=\"text-align: justify\">Conoc\u00e9 las bases de datos disponibles para la comunidad ITBA.<\/p>\n<p>[\/et_pb_text][\/et_pb_column][\/et_pb_row][et_pb_row column_structure=\u00bb1_4,3_4&#8243; admin_label=\u00bbClass\u00bb _builder_version=\u00bb4.16&#8243; background_color=\u00bb#ffffff\u00bb custom_margin=\u00bb||60px|\u00bb custom_padding=\u00bb|40px||40px\u00bb animation_style=\u00bbfade\u00bb border_radii=\u00bbon|6px|6px|6px|6px\u00bb box_shadow_style=\u00bbpreset4&#8243; box_shadow_color=\u00bbrgba(0,0,0,0.06)\u00bb global_colors_info=\u00bb{}\u00bb][et_pb_column type=\u00bb1_4&#8243; _builder_version=\u00bb4.16&#8243; custom_padding=\u00bb|||\u00bb global_colors_info=\u00bb{}\u00bb custom_padding__hover=\u00bb|||\u00bb][et_pb_image src=\u00bbhttps:\/\/intranet-nv.s3.amazonaws.com\/wp-content\/uploads\/sites\/22\/2024\/05\/ITBA-CRC-intranet_Recursos-para-el-conocimiento-recursos-de-acceso-abierto.png\u00bb title_text=\u00bbITBA-CRC-intranet_Recursos para el conocimiento-recursos de acceso abierto\u00bb url=\u00bbhttps:\/\/www.itba.edu.ar\/intranet\/biblioteca\/recursos-de-acceso-abierto\/\u00bb url_new_window=\u00bbon\u00bb align=\u00bbcenter\u00bb _builder_version=\u00bb4.27.4&#8243; _module_preset=\u00bbdefault\u00bb global_colors_info=\u00bb{}\u00bb][\/et_pb_image][\/et_pb_column][et_pb_column type=\u00bb3_4&#8243; _builder_version=\u00bb4.16&#8243; custom_padding=\u00bb|||\u00bb global_colors_info=\u00bb{}\u00bb custom_padding__hover=\u00bb|||\u00bb][et_pb_text _builder_version=\u00bb4.27.4&#8243; text_font=\u00bbOpen Sans||||||||\u00bb text_text_color=\u00bb#486066&#8243; text_font_size=\u00bb15px\u00bb text_line_height=\u00bb1.8em\u00bb header_font=\u00bb||||||||\u00bb header_3_font=\u00bbPoppins|600|||||||\u00bb header_3_text_color=\u00bb#486066&#8243; header_3_font_size=\u00bb18px\u00bb header_3_line_height=\u00bb1.4em\u00bb custom_padding=\u00bb0px|||||\u00bb locked=\u00bboff\u00bb global_colors_info=\u00bb{}\u00bb]<\/p>\n<h3><span style=\"color: #3366ff\"><a href=\"https:\/\/www.itba.edu.ar\/intranet\/biblioteca\/recursos-de-acceso-abierto\/\" style=\"color: #3366ff\">Recursos de acceso abierto<\/a><\/span><\/h3>\n<p style=\"text-align: justify\">Te dejamos diferentes recursos disponibles en la web para consultar y descargar informaci\u00f3n.<\/p>\n<p>[\/et_pb_text][\/et_pb_column][\/et_pb_row][et_pb_row column_structure=\u00bb1_4,3_4&#8243; admin_label=\u00bbClass\u00bb _builder_version=\u00bb4.16&#8243; background_color=\u00bb#ffffff\u00bb custom_margin=\u00bb||60px|\u00bb custom_padding=\u00bb|40px||40px\u00bb animation_style=\u00bbfade\u00bb border_radii=\u00bbon|6px|6px|6px|6px\u00bb box_shadow_style=\u00bbpreset4&#8243; box_shadow_color=\u00bbrgba(0,0,0,0.06)\u00bb global_colors_info=\u00bb{}\u00bb][et_pb_column type=\u00bb1_4&#8243; _builder_version=\u00bb4.16&#8243; custom_padding=\u00bb|||\u00bb global_colors_info=\u00bb{}\u00bb custom_padding__hover=\u00bb|||\u00bb][et_pb_image src=\u00bbhttps:\/\/intranet-nv.s3.amazonaws.com\/wp-content\/uploads\/sites\/22\/2024\/05\/ITBA-CRC-intranet_Recursos-para-el-conocimiento-recursos-para-docentes.png\u00bb title_text=\u00bbITBA-CRC-intranet_Recursos para el conocimiento-recursos para docentes\u00bb url=\u00bbhttps:\/\/www.itba.edu.ar\/intranet\/biblioteca\/recursos-para-docentes\/\u00bb url_new_window=\u00bbon\u00bb align=\u00bbcenter\u00bb _builder_version=\u00bb4.27.4&#8243; _module_preset=\u00bbdefault\u00bb global_colors_info=\u00bb{}\u00bb][\/et_pb_image][\/et_pb_column][et_pb_column type=\u00bb3_4&#8243; _builder_version=\u00bb4.16&#8243; custom_padding=\u00bb|||\u00bb global_colors_info=\u00bb{}\u00bb custom_padding__hover=\u00bb|||\u00bb][et_pb_text _builder_version=\u00bb4.27.4&#8243; text_font=\u00bbOpen Sans||||||||\u00bb text_text_color=\u00bb#486066&#8243; text_font_size=\u00bb15px\u00bb text_line_height=\u00bb1.8em\u00bb header_font=\u00bb||||||||\u00bb header_3_font=\u00bbPoppins|600|||||||\u00bb header_3_text_color=\u00bb#486066&#8243; header_3_font_size=\u00bb18px\u00bb header_3_line_height=\u00bb1.4em\u00bb custom_padding=\u00bb0px|||||\u00bb locked=\u00bboff\u00bb global_colors_info=\u00bb{}\u00bb]<\/p>\n<h3><span style=\"color: #3366ff\"><a href=\"https:\/\/www.itba.edu.ar\/intranet\/biblioteca\/recursos-para-docentes\/\" style=\"color: #3366ff\">Recursos para docentes<\/a><\/span><\/h3>\n<p style=\"text-align: justify\"><span>Te ofrecemos una selecci\u00f3n de <a href=\"https:\/\/www.itba.edu.ar\/intranet\/biblioteca\/recursos-para-docentes\/\"><strong>recursos y herramientas<\/strong><\/a> para que puedas utilizar en la preparaci\u00f3n de tus clases.<\/span><\/p>\n<p>[\/et_pb_text][\/et_pb_column][\/et_pb_row][et_pb_row column_structure=\u00bb1_4,3_4&#8243; _builder_version=\u00bb4.24.2&#8243; _module_preset=\u00bbdefault\u00bb global_colors_info=\u00bb{}\u00bb][et_pb_column type=\u00bb1_4&#8243; _builder_version=\u00bb4.24.2&#8243; _module_preset=\u00bbdefault\u00bb global_colors_info=\u00bb{}\u00bb][et_pb_image src=\u00bbhttps:\/\/intranet-nv.s3.amazonaws.com\/wp-content\/uploads\/sites\/22\/2024\/05\/ITBA-CRC-intranet_servicios-charlas-de-capacitacion.png\u00bb title_text=\u00bbITBA-CRC-intranet_servicios-charlas de capacitacion\u00bb url=\u00bbhttps:\/\/www.itba.edu.ar\/intranet\/biblioteca\/recursos-3d\/\u00bb _builder_version=\u00bb4.27.4&#8243; _module_preset=\u00bbdefault\u00bb global_colors_info=\u00bb{}\u00bb][\/et_pb_image][\/et_pb_column][et_pb_column type=\u00bb3_4&#8243; _builder_version=\u00bb4.24.2&#8243; _module_preset=\u00bbdefault\u00bb global_colors_info=\u00bb{}\u00bb][et_pb_text _builder_version=\u00bb4.27.4&#8243; text_font=\u00bbOpen Sans||||||||\u00bb text_text_color=\u00bb#486066&#8243; text_font_size=\u00bb15px\u00bb text_line_height=\u00bb1.8em\u00bb header_font=\u00bb||||||||\u00bb header_3_font=\u00bbPoppins|600|||||||\u00bb header_3_text_color=\u00bb#486066&#8243; header_3_font_size=\u00bb18px\u00bb header_3_line_height=\u00bb1.4em\u00bb custom_padding=\u00bb0px|||||\u00bb link_option_url=\u00bbhttps:\/\/www.itba.edu.ar\/intranet\/biblioteca\/recursos-3d\/\u00bb locked=\u00bboff\u00bb global_colors_info=\u00bb{}\u00bb]<\/p>\n<h3><span style=\"color: #3366ff\"><a href=\"https:\/\/www.itba.edu.ar\/intranet\/biblioteca\/recursos-3d\/\" style=\"color: #3366ff\">Recursos 3D<\/a><\/span><\/h3>\n<p style=\"text-align: justify\"><span>Te compartimos algunas herramientas de modelado, dise\u00f1o y visualizaci\u00f3n 3D.<\/span><\/p>\n<p>[\/et_pb_text][\/et_pb_column][\/et_pb_row][et_pb_row _builder_version=\u00bb4.27.4&#8243; _module_preset=\u00bbdefault\u00bb link_option_url=\u00bbhttps:\/\/www.itba.edu.ar\/intranet\/biblioteca\/recursos-de-ia\/\u00bb global_colors_info=\u00bb{}\u00bb][et_pb_column type=\u00bb4_4&#8243; _builder_version=\u00bb4.27.4&#8243; _module_preset=\u00bbdefault\u00bb global_colors_info=\u00bb{}\u00bb][\/et_pb_column][\/et_pb_row][\/et_pb_section]<\/p>\n","protected":false},"excerpt":{"rendered":"<p>Recursos para el conocimiento Cat\u00e1logo Aqu\u00ed vas a encontrar toda la bibliograf\u00eda de la colecci\u00f3n del ITBA. Creando un usuario con tu correo institucional podr\u00e1s gestionar los pr\u00e9stamos y renovaciones, revisar tu historial y compilar listas.Repositorio Institucional Aqu\u00ed podr\u00e1s acceder a toda la producci\u00f3n cient\u00edfico-acad\u00e9mica de nuestra universidad, incluyendo proyectos finales y de especializaci\u00f3n, tesis [&hellip;]<\/p>\n","protected":false},"author":120,"featured_media":0,"parent":0,"menu_order":0,"comment_status":"closed","ping_status":"closed","template":"","meta":{"_et_pb_use_builder":"on","_et_pb_old_content":"","_et_gb_content_width":"","footnotes":""},"class_list":["post-185","page","type-page","status-publish","hentry"],"_links":{"self":[{"href":"https:\/\/www.itba.edu.ar\/intranet\/biblioteca\/wp-json\/wp\/v2\/pages\/185","targetHints":{"allow":["GET"]}}],"collection":[{"href":"https:\/\/www.itba.edu.ar\/intranet\/biblioteca\/wp-json\/wp\/v2\/pages"}],"about":[{"href":"https:\/\/www.itba.edu.ar\/intranet\/biblioteca\/wp-json\/wp\/v2\/types\/page"}],"author":[{"embeddable":true,"href":"https:\/\/www.itba.edu.ar\/intranet\/biblioteca\/wp-json\/wp\/v2\/users\/120"}],"replies":[{"embeddable":true,"href":"https:\/\/www.itba.edu.ar\/intranet\/biblioteca\/wp-json\/wp\/v2\/comments?post=185"}],"version-history":[{"count":60,"href":"https:\/\/www.itba.edu.ar\/intranet\/biblioteca\/wp-json\/wp\/v2\/pages\/185\/revisions"}],"predecessor-version":[{"id":3698,"href":"https:\/\/www.itba.edu.ar\/intranet\/biblioteca\/wp-json\/wp\/v2\/pages\/185\/revisions\/3698"}],"wp:attachment":[{"href":"https:\/\/www.itba.edu.ar\/intranet\/biblioteca\/wp-json\/wp\/v2\/media?parent=185"}],"curies":[{"name":"wp","href":"https:\/\/api.w.org\/{rel}","templated":true}]}}