{"id":163,"date":"2020-10-05T13:46:52","date_gmt":"2020-10-05T13:46:52","guid":{"rendered":"https:\/\/www.itba.edu.ar\/intranet\/biblioteca\/?page_id=163"},"modified":"2026-03-13T18:39:55","modified_gmt":"2026-03-13T18:39:55","slug":"libros-electronicos","status":"publish","type":"page","link":"https:\/\/www.itba.edu.ar\/intranet\/biblioteca\/libros-electronicos\/","title":{"rendered":"Libros electr\u00f3nicos"},"content":{"rendered":"<p>[et_pb_section fb_built=\u00bb1&#8243; admin_label=\u00bbHero Section\u00bb _builder_version=\u00bb4.16&#8243; use_background_color_gradient=\u00bbon\u00bb background_color_gradient_direction=\u00bb105deg\u00bb background_color_gradient_stops=\u00bb#1bb3eb 0%|#25efcb 100%\u00bb background_color_gradient_start=\u00bb#1bb3eb\u00bb background_color_gradient_end=\u00bb#25efcb\u00bb custom_padding=\u00bb40px|0px|13px|0px||\u00bb global_colors_info=\u00bb{}\u00bb][et_pb_row column_structure=\u00bb3_4,1_4&#8243; _builder_version=\u00bb4.16&#8243; background_size=\u00bbinitial\u00bb background_position=\u00bbtop_left\u00bb background_repeat=\u00bbrepeat\u00bb global_colors_info=\u00bb{}\u00bb][et_pb_column type=\u00bb3_4&#8243; _builder_version=\u00bb4.16&#8243; custom_padding=\u00bb|||\u00bb global_colors_info=\u00bb{}\u00bb custom_padding__hover=\u00bb|||\u00bb][et_pb_text _builder_version=\u00bb4.27.4&#8243; text_font=\u00bbPoppins||||||||\u00bb text_text_color=\u00bb#FFFFFF\u00bb text_font_size=\u00bb18px\u00bb text_line_height=\u00bb1.8em\u00bb header_font=\u00bbPoppins|600|||||||\u00bb header_text_color=\u00bb#ffffff\u00bb header_font_size=\u00bb48px\u00bb header_line_height=\u00bb1.4em\u00bb header_3_font=\u00bbPoppins|600|||||||\u00bb header_3_font_size=\u00bb36px\u00bb header_3_line_height=\u00bb1.4em\u00bb background_layout=\u00bbdark\u00bb max_width=\u00bb600px\u00bb module_alignment=\u00bbleft\u00bb custom_margin=\u00bb|||\u00bb locked=\u00bboff\u00bb global_colors_info=\u00bb{}\u00bb]<\/p>\n<h3><span style=\"font-family: inherit\">Libros electr\u00f3nicos<\/span><\/h3>\n<p style=\"text-align: justify\">Encontr\u00e1 tu siguiente lectura en nuestras bibliotecas digitales. Acced\u00e9 a ellas desde nuestra organizaci\u00f3n en Campus.<\/p>\n<p>[\/et_pb_text][\/et_pb_column][et_pb_column type=\u00bb1_4&#8243; _builder_version=\u00bb4.16&#8243; custom_padding=\u00bb|||\u00bb global_colors_info=\u00bb{}\u00bb custom_padding__hover=\u00bb|||\u00bb][et_pb_testimonial quote_icon_color=\u00bb#0c71c3&#8243; font_icon=\u00bb&#xf518;||fa||900&#8243; _builder_version=\u00bb4.27.4&#8243; _module_preset=\u00bbdefault\u00bb author_text_align=\u00bbcenter\u00bb author_text_color=\u00bb#00208a\u00bb background_color=\u00bb#ffffff\u00bb text_orientation=\u00bbcenter\u00bb animation_style=\u00bbbounce\u00bb animation_duration=\u00bb1650ms\u00bb link_option_url_new_window=\u00bbon\u00bb box_shadow_style=\u00bbpreset4&#8243; global_colors_info=\u00bb{}\u00bb]<\/p>\n<h5 style=\"text-align: center\"><span style=\"color: #333399\"><strong><a style=\"color: #333399\" href=\"https:\/\/catalogo.itba.edu.ar\/cgi-bin\/koha\/opac-search.pl?tag=eBook&amp;q=eBook\" target=\"_blank\" rel=\"noopener\">Conoc\u00e9 los t\u00edtulos disponibles<\/a><\/strong><\/span><\/h5>\n<p>[\/et_pb_testimonial][\/et_pb_column][\/et_pb_row][\/et_pb_section][et_pb_section fb_built=\u00bb1&#8243; admin_label=\u00bbAbout Us Section\u00bb _builder_version=\u00bb4.16&#8243; custom_padding=\u00bb110px|0px|45px|0px||\u00bb global_colors_info=\u00bb{}\u00bb][et_pb_row column_structure=\u00bb1_3,1_3,1_3&#8243; _builder_version=\u00bb4.16&#8243; _module_preset=\u00bbdefault\u00bb custom_margin=\u00bb-100px|auto|-31px|auto||\u00bb custom_padding=\u00bb20px||53px|||\u00bb global_colors_info=\u00bb{}\u00bb][et_pb_column type=\u00bb1_3&#8243; _builder_version=\u00bb4.16&#8243; _module_preset=\u00bbdefault\u00bb global_colors_info=\u00bb{}\u00bb][et_pb_text _builder_version=\u00bb4.27.4&#8243; _module_preset=\u00bbdefault\u00bb text_font=\u00bb|800|||||||\u00bb text_text_color=\u00bb#0c71c3&#8243; text_font_size=\u00bb32px\u00bb text_orientation=\u00bbcenter\u00bb custom_margin=\u00bb||-23px||false|false\u00bb custom_padding=\u00bb||30px|||\u00bb global_colors_info=\u00bb{}\u00bb]<\/p>\n<h1><strong><span style=\"color: #000080\">Digital Content<\/span><\/strong><\/h1>\n<p>[\/et_pb_text][et_pb_image src=\u00bbhttps:\/\/intranet-nv.s3.amazonaws.com\/wp-content\/uploads\/sites\/22\/2025\/02\/DC.png\u00bb title_text=\u00bbDC\u00bb align=\u00bbcenter\u00bb _builder_version=\u00bb4.27.4&#8243; _module_preset=\u00bbdefault\u00bb width=\u00bb70%\u00bb max_width=\u00bb70%\u00bb min_height=\u00bb132px\u00bb custom_margin=\u00bb30px||48px|||\u00bb border_width_all=\u00bb2px\u00bb border_color_all=\u00bb#d6d6d6&#8243; box_shadow_style=\u00bbpreset4&#8243; global_colors_info=\u00bb{}\u00bb][\/et_pb_image][et_pb_button button_url=\u00bbhttps:\/\/campus.itba.edu.ar\/ultra\/organizations\/_22766_1\/outline\u00bb url_new_window=\u00bbon\u00bb button_text=\u00bbacced\u00e9 desde campus\u00bb button_alignment=\u00bbcenter\u00bb _builder_version=\u00bb4.27.4&#8243; custom_button=\u00bbon\u00bb button_text_size=\u00bb14px\u00bb button_text_color=\u00bb#44d89e\u00bb button_bg_color=\u00bb#ffffff\u00bb button_border_width=\u00bb0px\u00bb button_border_radius=\u00bb100px\u00bb button_font=\u00bbPoppins|600||on|||||\u00bb button_use_icon=\u00bboff\u00bb background_layout=\u00bbdark\u00bb custom_margin=\u00bb|||\u00bb custom_padding=\u00bb12px|36px|12px|36px\u00bb animation_style=\u00bbfade\u00bb animation_delay=\u00bb200ms\u00bb box_shadow_style=\u00bbpreset1&#8243; box_shadow_blur=\u00bb16px\u00bb box_shadow_color=\u00bbrgba(0,0,0,0.16)\u00bb button_letter_spacing_hover=\u00bb0&#8243; global_colors_info=\u00bb{}\u00bb button_text_size__hover_enabled=\u00bboff\u00bb button_one_text_size__hover_enabled=\u00bboff\u00bb button_two_text_size__hover_enabled=\u00bboff\u00bb button_text_color__hover_enabled=\u00bboff\u00bb button_one_text_color__hover_enabled=\u00bboff\u00bb button_two_text_color__hover_enabled=\u00bboff\u00bb button_border_width__hover_enabled=\u00bboff\u00bb button_one_border_width__hover_enabled=\u00bboff\u00bb button_two_border_width__hover_enabled=\u00bboff\u00bb button_border_color__hover_enabled=\u00bboff\u00bb button_one_border_color__hover_enabled=\u00bboff\u00bb button_two_border_color__hover_enabled=\u00bboff\u00bb button_border_radius__hover_enabled=\u00bboff\u00bb button_one_border_radius__hover_enabled=\u00bboff\u00bb button_two_border_radius__hover_enabled=\u00bboff\u00bb button_letter_spacing__hover_enabled=\u00bbon\u00bb button_letter_spacing__hover=\u00bb0&#8243; button_one_letter_spacing__hover_enabled=\u00bboff\u00bb button_two_letter_spacing__hover_enabled=\u00bboff\u00bb button_bg_color__hover_enabled=\u00bboff\u00bb button_one_bg_color__hover_enabled=\u00bboff\u00bb button_two_bg_color__hover_enabled=\u00bboff\u00bb][\/et_pb_button][\/et_pb_column][et_pb_column type=\u00bb1_3&#8243; _builder_version=\u00bb4.16&#8243; _module_preset=\u00bbdefault\u00bb global_colors_info=\u00bb{}\u00bb][et_pb_text _builder_version=\u00bb4.27.4&#8243; _module_preset=\u00bbdefault\u00bb text_font=\u00bb|800|||||||\u00bb text_text_color=\u00bb#0c71c3&#8243; text_font_size=\u00bb32px\u00bb text_orientation=\u00bbcenter\u00bb custom_margin=\u00bb||-22px||false|false\u00bb custom_padding=\u00bb||45px|||\u00bb global_colors_info=\u00bb{}\u00bb]<\/p>\n<h1><strong><span style=\"color: #000080\">VitalSource<\/span><\/strong><\/h1>\n<p>[\/et_pb_text][et_pb_image src=\u00bbhttps:\/\/intranet-nv.s3.amazonaws.com\/wp-content\/uploads\/sites\/22\/2022\/01\/NewVitalSource_699x245_tcm223-26857_0.png\u00bb align=\u00bbcenter\u00bb _builder_version=\u00bb4.16&#8243; _module_preset=\u00bbdefault\u00bb width=\u00bb90%\u00bb custom_margin=\u00bb0px|10px|59px||false|false\u00bb custom_padding=\u00bb||0px|||\u00bb border_width_all=\u00bb2px\u00bb border_color_all=\u00bb#d6d6d6&#8243; box_shadow_style=\u00bbpreset4&#8243; global_colors_info=\u00bb{}\u00bb][\/et_pb_image][et_pb_button button_url=\u00bbhttps:\/\/campus.itba.edu.ar\/ultra\/organizations\/_22766_1\/outline\u00bb url_new_window=\u00bbon\u00bb button_text=\u00bbacced\u00e9 desde campus\u00bb button_alignment=\u00bbcenter\u00bb _builder_version=\u00bb4.27.4&#8243; custom_button=\u00bbon\u00bb button_text_size=\u00bb14px\u00bb button_text_color=\u00bb#44d89e\u00bb button_bg_color=\u00bb#ffffff\u00bb button_border_width=\u00bb0px\u00bb button_border_radius=\u00bb100px\u00bb button_font=\u00bbPoppins|600||on|||||\u00bb button_use_icon=\u00bboff\u00bb background_layout=\u00bbdark\u00bb custom_margin=\u00bb|||\u00bb custom_padding=\u00bb12px|36px|12px|36px\u00bb animation_style=\u00bbfade\u00bb animation_delay=\u00bb200ms\u00bb box_shadow_style=\u00bbpreset1&#8243; box_shadow_blur=\u00bb16px\u00bb box_shadow_color=\u00bbrgba(0,0,0,0.16)\u00bb button_letter_spacing_hover=\u00bb0&#8243; global_colors_info=\u00bb{}\u00bb button_text_size__hover_enabled=\u00bboff\u00bb button_one_text_size__hover_enabled=\u00bboff\u00bb button_two_text_size__hover_enabled=\u00bboff\u00bb button_text_color__hover_enabled=\u00bboff\u00bb button_one_text_color__hover_enabled=\u00bboff\u00bb button_two_text_color__hover_enabled=\u00bboff\u00bb button_border_width__hover_enabled=\u00bboff\u00bb button_one_border_width__hover_enabled=\u00bboff\u00bb button_two_border_width__hover_enabled=\u00bboff\u00bb button_border_color__hover_enabled=\u00bboff\u00bb button_one_border_color__hover_enabled=\u00bboff\u00bb button_two_border_color__hover_enabled=\u00bboff\u00bb button_border_radius__hover_enabled=\u00bboff\u00bb button_one_border_radius__hover_enabled=\u00bboff\u00bb button_two_border_radius__hover_enabled=\u00bboff\u00bb button_letter_spacing__hover_enabled=\u00bbon\u00bb button_letter_spacing__hover=\u00bb0&#8243; button_one_letter_spacing__hover_enabled=\u00bboff\u00bb button_two_letter_spacing__hover_enabled=\u00bboff\u00bb button_bg_color__hover_enabled=\u00bboff\u00bb button_one_bg_color__hover_enabled=\u00bboff\u00bb button_two_bg_color__hover_enabled=\u00bboff\u00bb][\/et_pb_button][\/et_pb_column][et_pb_column type=\u00bb1_3&#8243; _builder_version=\u00bb4.16&#8243; _module_preset=\u00bbdefault\u00bb global_colors_info=\u00bb{}\u00bb][et_pb_text _builder_version=\u00bb4.16&#8243; _module_preset=\u00bbdefault\u00bb text_font=\u00bb|800|||||||\u00bb text_text_color=\u00bb#0c71c3&#8243; text_font_size=\u00bb32px\u00bb text_orientation=\u00bbcenter\u00bb custom_margin=\u00bb||-22px||false|false\u00bb custom_padding=\u00bb||45px|||\u00bb global_colors_info=\u00bb{}\u00bb]<\/p>\n<h1><span style=\"color: #000080\"><b>EBSCO E-books<\/b><\/span><\/h1>\n<p>[\/et_pb_text][et_pb_image src=\u00bbhttps:\/\/intranet-nv.s3.amazonaws.com\/wp-content\/uploads\/sites\/22\/2022\/01\/1511999645.gif\u00bb url=\u00bbhttps:\/\/search.ebscohost.com\/login.aspx?authtype=ip,uid&amp;custid=s1244367&amp;groupid=main&amp;profile=ehost&amp;defaultdb=nlebk\u00bb url_new_window=\u00bbon\u00bb align=\u00bbcenter\u00bb _builder_version=\u00bb4.16&#8243; _module_preset=\u00bbdefault\u00bb width=\u00bb90%\u00bb custom_margin=\u00bb0px|10px|59px||false|false\u00bb border_width_all=\u00bb2px\u00bb border_color_all=\u00bb#d6d6d6&#8243; box_shadow_style=\u00bbpreset4&#8243; global_colors_info=\u00bb{}\u00bb][\/et_pb_image][et_pb_button button_url=\u00bbhttps:\/\/search.ebscohost.com\/login.aspx?authtype=ip,uid&amp;custid=s1244367&amp;groupid=main&amp;profile=ehost&amp;defaultdb=nlebk\u00bb url_new_window=\u00bbon\u00bb button_text=\u00bbacceso directo desde la red itba\u00bb button_alignment=\u00bbcenter\u00bb _builder_version=\u00bb4.27.4&#8243; custom_button=\u00bbon\u00bb button_text_size=\u00bb14px\u00bb button_text_color=\u00bb#44d89e\u00bb button_bg_color=\u00bb#ffffff\u00bb button_border_width=\u00bb0px\u00bb button_border_radius=\u00bb100px\u00bb button_font=\u00bbPoppins|600||on|||||\u00bb button_use_icon=\u00bboff\u00bb background_layout=\u00bbdark\u00bb custom_margin=\u00bb-19px|||||\u00bb custom_padding=\u00bb12px|36px|12px|36px\u00bb animation_style=\u00bbfade\u00bb animation_delay=\u00bb200ms\u00bb box_shadow_style=\u00bbpreset1&#8243; box_shadow_blur=\u00bb16px\u00bb box_shadow_color=\u00bbrgba(0,0,0,0.16)\u00bb button_letter_spacing_hover=\u00bb0&#8243; global_colors_info=\u00bb{}\u00bb button_text_size__hover_enabled=\u00bboff\u00bb button_one_text_size__hover_enabled=\u00bboff\u00bb button_two_text_size__hover_enabled=\u00bboff\u00bb button_text_color__hover_enabled=\u00bboff\u00bb button_one_text_color__hover_enabled=\u00bboff\u00bb button_two_text_color__hover_enabled=\u00bboff\u00bb button_border_width__hover_enabled=\u00bboff\u00bb button_one_border_width__hover_enabled=\u00bboff\u00bb button_two_border_width__hover_enabled=\u00bboff\u00bb button_border_color__hover_enabled=\u00bboff\u00bb button_one_border_color__hover_enabled=\u00bboff\u00bb button_two_border_color__hover_enabled=\u00bboff\u00bb button_border_radius__hover_enabled=\u00bboff\u00bb button_one_border_radius__hover_enabled=\u00bboff\u00bb button_two_border_radius__hover_enabled=\u00bboff\u00bb button_letter_spacing__hover_enabled=\u00bbon\u00bb button_letter_spacing__hover=\u00bb0&#8243; button_one_letter_spacing__hover_enabled=\u00bboff\u00bb button_two_letter_spacing__hover_enabled=\u00bboff\u00bb button_bg_color__hover_enabled=\u00bboff\u00bb button_one_bg_color__hover_enabled=\u00bboff\u00bb button_two_bg_color__hover_enabled=\u00bboff\u00bb][\/et_pb_button][\/et_pb_column][\/et_pb_row][et_pb_row _builder_version=\u00bb4.27.4&#8243; _module_preset=\u00bbdefault\u00bb global_colors_info=\u00bb{}\u00bb][et_pb_column type=\u00bb4_4&#8243; _builder_version=\u00bb4.27.4&#8243; _module_preset=\u00bbdefault\u00bb global_colors_info=\u00bb{}\u00bb][et_pb_tabs _builder_version=\u00bb4.27.4&#8243; _module_preset=\u00bbdefault\u00bb global_colors_info=\u00bb{}\u00bb][et_pb_tab title=\u00bb\u00bfPor qu\u00e9 no encontr\u00e1s el libro que busc\u00e1s en formato elctr\u00f3nico?\u00bb _builder_version=\u00bb4.27.4&#8243; _module_preset=\u00bbdefault\u00bb global_colors_info=\u00bb{}\u00bb]<\/p>\n<p><span style=\"font-weight: 400;color: #333399;font-size: medium\">Por razones de propiedad intelectual, solo se ponen a disposici\u00f3n de los usuarios las versiones bibliogr\u00e1ficas electr\u00f3nicas o digitalizadas oficiales, provistas por las editoriales que tienen convenio con las bibliotecas virtuales contratadas.\u00a0<\/span><\/p>\n<p>[\/et_pb_tab][et_pb_tab title=\u00bb\u00bfQu\u00e9 son las licencias para los t\u00edtulos de libros en las bibliotecas virtuales?\u00bb _builder_version=\u00bb4.27.4&#8243; _module_preset=\u00bbdefault\u00bb global_colors_info=\u00bb{}\u00bb]<\/p>\n<p><span style=\"font-weight: 400;color: #333399;font-size: medium\">Cada licencia corresponde al acceso electr\u00f3nico de un t\u00edtulo, siempre dentro de la plataforma. En general, desde el ITBA se opt\u00f3 por el acceso monousuario (un solo usuario a la vez) y, en algunos casos, multiusuario (varios usuarios a la vez). La tipolog\u00eda de acceso se realiz\u00f3 en funci\u00f3n de estad\u00edsticas de uso, cantidad de alumnos y presupuesto.<\/span><\/p>\n<p>[\/et_pb_tab][et_pb_tab title=\u00bbOtras razones que influyen en la disponibilidad de libros electr\u00f3nicos\u00bb _builder_version=\u00bb4.27.4&#8243; _module_preset=\u00bbdefault\u00bb global_colors_info=\u00bb{}\u00bb]<\/p>\n<p style=\"text-align: justify\"><span style=\"color: #333399;font-size: medium\"><span style=\"font-weight: 400\">&#8211; Hay t\u00edtulos que no se encuentran digitalizados.<\/span><\/span><\/p>\n<p style=\"text-align: justify\"><span style=\"color: #333399;font-size: medium\"><span style=\"font-weight: 400\">&#8211; Hay t\u00edtulos que se encuentran en formato digital pero no tienen la opci\u00f3n de pr\u00e9stamo a trav\u00e9s de estas plataformas.<\/span><\/span><\/p>\n<p style=\"text-align: justify\"><span style=\"color: #333399;font-size: medium\"><span style=\"font-weight: 400\">&#8211; Es posible que existan t\u00edtulos en formato digital disponibles para ser incorporados a alguna de las bibliotecas, pero que la editorial no tenga los permisos para comercializarlos en el pa\u00eds; adem\u00e1s,\u00a0 <\/span><span style=\"font-weight: 400\">las editoriales no siempre tienen disponible la totalidad sus fondos en formato digital.<\/span><\/span><\/p>\n<p style=\"text-align: justify\"><span style=\"font-weight: 400;color: #333399;font-size: medium\">&#8211; A diferencia de los t\u00edtulos en formato papel que se adquieren a perpetuidad, las licencias de uso de los libros virtuales deben renovarse a\u00f1o a a\u00f1o. Nosotros evaluamos su uso durante este per\u00edodo, para decidir sobre su renovaci\u00f3n.<\/span><\/p>\n<p style=\"text-align: justify\"><span style=\"font-weight: 400;color: #333399;font-size: medium\">&#8211; La universidad no puede digitalizar material y ponerlo a disposici\u00f3n; esta actividad est\u00e1 prohibida por cuestiones relacionadas con la <a href=\"https:\/\/www.derechodeautor.org.ar\/recursos\/bibliotecas\/como-los-derechos-de-autor-impactan-en-la-practica-bibliotecaria\/\">legislaci\u00f3n de derechos de autor.<\/a><\/span><\/p>\n<p>[\/et_pb_tab][\/et_pb_tabs][\/et_pb_column][\/et_pb_row][\/et_pb_section]<\/p>\n","protected":false},"excerpt":{"rendered":"<p>Libros electr\u00f3nicos Encontr\u00e1 tu siguiente lectura en nuestras bibliotecas digitales. Acced\u00e9 a ellas desde nuestra organizaci\u00f3n en Campus.Conoc\u00e9 los t\u00edtulos disponiblesDigital ContentVitalSourceEBSCO E-booksPor razones de propiedad intelectual, solo se ponen a disposici\u00f3n de los usuarios las versiones bibliogr\u00e1ficas electr\u00f3nicas o digitalizadas oficiales, provistas por las editoriales que tienen convenio con las bibliotecas virtuales contratadas.\u00a0Cada licencia [&hellip;]<\/p>\n","protected":false},"author":120,"featured_media":0,"parent":0,"menu_order":0,"comment_status":"closed","ping_status":"closed","template":"","meta":{"_et_pb_use_builder":"on","_et_pb_old_content":"","_et_gb_content_width":"","footnotes":""},"class_list":["post-163","page","type-page","status-publish","hentry"],"_links":{"self":[{"href":"https:\/\/www.itba.edu.ar\/intranet\/biblioteca\/wp-json\/wp\/v2\/pages\/163","targetHints":{"allow":["GET"]}}],"collection":[{"href":"https:\/\/www.itba.edu.ar\/intranet\/biblioteca\/wp-json\/wp\/v2\/pages"}],"about":[{"href":"https:\/\/www.itba.edu.ar\/intranet\/biblioteca\/wp-json\/wp\/v2\/types\/page"}],"author":[{"embeddable":true,"href":"https:\/\/www.itba.edu.ar\/intranet\/biblioteca\/wp-json\/wp\/v2\/users\/120"}],"replies":[{"embeddable":true,"href":"https:\/\/www.itba.edu.ar\/intranet\/biblioteca\/wp-json\/wp\/v2\/comments?post=163"}],"version-history":[{"count":77,"href":"https:\/\/www.itba.edu.ar\/intranet\/biblioteca\/wp-json\/wp\/v2\/pages\/163\/revisions"}],"predecessor-version":[{"id":3715,"href":"https:\/\/www.itba.edu.ar\/intranet\/biblioteca\/wp-json\/wp\/v2\/pages\/163\/revisions\/3715"}],"wp:attachment":[{"href":"https:\/\/www.itba.edu.ar\/intranet\/biblioteca\/wp-json\/wp\/v2\/media?parent=163"}],"curies":[{"name":"wp","href":"https:\/\/api.w.org\/{rel}","templated":true}]}}