{"id":143,"date":"2020-10-02T19:34:08","date_gmt":"2020-10-02T19:34:08","guid":{"rendered":"https:\/\/www.itba.edu.ar\/intranet\/biblioteca\/?page_id=143"},"modified":"2025-02-26T17:18:15","modified_gmt":"2025-02-26T17:18:15","slug":"charlasvirtuales","status":"publish","type":"page","link":"https:\/\/www.itba.edu.ar\/intranet\/biblioteca\/charlasvirtuales\/","title":{"rendered":"Charlas virtuales"},"content":{"rendered":"<p>[et_pb_section fb_built=\u00bb1&#8243; admin_label=\u00bbJoin Now Call to Action\u00bb _builder_version=\u00bb4.27.4&#8243; use_background_color_gradient=\u00bbon\u00bb background_color_gradient_direction=\u00bb105deg\u00bb background_color_gradient_stops=\u00bb#1bb3eb 0%|#25efcb 100%\u00bb background_color_gradient_start=\u00bb#1bb3eb\u00bb background_color_gradient_end=\u00bb#25efcb\u00bb custom_margin=\u00bb||-60px|||\u00bb custom_padding=\u00bb60px|0px|60px|0px\u00bb hover_enabled=\u00bb0&#8243; locked=\u00bboff\u00bb global_colors_info=\u00bb{}\u00bb background_enable_pattern_style=\u00bbon\u00bb background_pattern_color=\u00bbrgba(255,255,255,0.31)\u00bb sticky_enabled=\u00bb0&#8243;][et_pb_row _builder_version=\u00bb4.16&#8243; global_colors_info=\u00bb{}\u00bb][et_pb_column type=\u00bb4_4&#8243; _builder_version=\u00bb4.16&#8243; custom_padding=\u00bb|||\u00bb global_colors_info=\u00bb{}\u00bb custom_padding__hover=\u00bb|||\u00bb][et_pb_text _builder_version=\u00bb4.16&#8243; text_font=\u00bbPoppins||||||||\u00bb text_text_color=\u00bbrgba(255,255,255,0.8)\u00bb text_font_size=\u00bb18px\u00bb text_line_height=\u00bb1.8em\u00bb header_font=\u00bbPoppins|600|||||||\u00bb header_text_color=\u00bb#ffffff\u00bb header_font_size=\u00bb48px\u00bb header_line_height=\u00bb1.4em\u00bb header_3_font=\u00bbPoppins|600|||||||\u00bb header_3_font_size=\u00bb36px\u00bb header_3_line_height=\u00bb1.4em\u00bb background_layout=\u00bbdark\u00bb max_width=\u00bb1076px\u00bb module_alignment=\u00bbleft\u00bb custom_margin=\u00bb|||\u00bb global_colors_info=\u00bb{}\u00bb]<\/p>\n<h1>Charlas virtuales<\/h1>\n<p>Volv\u00e9 a ver las charlas que se realizaron durante la pandemia.<\/p>\n<p>[\/et_pb_text][\/et_pb_column][\/et_pb_row][\/et_pb_section][et_pb_section fb_built=\u00bb1&#8243; admin_label=\u00bbOur Teachers Section\u00bb _builder_version=\u00bb4.16&#8243; background_color=\u00bb#fafbfc\u00bb custom_padding=\u00bb29px|0px|110px|0px||\u00bb global_colors_info=\u00bb{}\u00bb][et_pb_row column_structure=\u00bb1_3,1_3,1_3&#8243; use_custom_gutter=\u00bbon\u00bb gutter_width=\u00bb2&#8243; custom_padding_last_edited=\u00bbon|desktop\u00bb _builder_version=\u00bb4.24.0&#8243; custom_padding=\u00bb|||\u00bb custom_padding_tablet=\u00bb0px||0px|\u00bb custom_padding_phone=\u00bb\u00bb locked=\u00bboff\u00bb global_colors_info=\u00bb{}\u00bb][et_pb_column type=\u00bb1_3&#8243; _builder_version=\u00bb4.24.0&#8243; _module_preset=\u00bbdefault\u00bb global_colors_info=\u00bb{}\u00bb][et_pb_video src=\u00bbhttps:\/\/www.youtube.com\/watch?v=tdjzBSHuFiM\u00bb play_icon_color=\u00bb#e02b20&#8243; thumbnail_overlay_color=\u00bbrgba(0,0,0,0.6)\u00bb _builder_version=\u00bb4.16&#8243; _module_preset=\u00bbdefault\u00bb width=\u00bb90%\u00bb module_alignment=\u00bbcenter\u00bb box_shadow_style=\u00bbpreset4&#8243; locked=\u00bboff\u00bb global_colors_info=\u00bb{}\u00bb][\/et_pb_video][et_pb_text _builder_version=\u00bb4.16&#8243; _module_preset=\u00bbdefault\u00bb custom_padding=\u00bb3px|||||\u00bb locked=\u00bboff\u00bb global_colors_info=\u00bb{}\u00bb]<\/p>\n<h4 style=\"text-align: center\"><strong><span style=\"color: #000080\">Introducci\u00f3n a Mendeley<\/span><\/strong><\/h4>\n<p style=\"text-align: center\"><span style=\"color: #000000\">Taller realizado con el <span>objetivo de presentar las principales funcionalidades del gestor bibliogr\u00e1fico Mendeley. Destinado a alumnos de grado y postgrado, docentes e investigadores<\/span><\/span><\/p>\n<p>[\/et_pb_text][\/et_pb_column][et_pb_column type=\u00bb1_3&#8243; _builder_version=\u00bb4.16&#8243; custom_padding=\u00bb|||\u00bb global_colors_info=\u00bb{}\u00bb custom_padding__hover=\u00bb|||\u00bb][et_pb_video src=\u00bbhttps:\/\/youtu.be\/99OYPhBiIq8&#8243; _builder_version=\u00bb4.16&#8243; _module_preset=\u00bbdefault\u00bb width=\u00bb90%\u00bb module_alignment=\u00bbcenter\u00bb box_shadow_style=\u00bbpreset4&#8243; global_colors_info=\u00bb{}\u00bb][\/et_pb_video][et_pb_text _builder_version=\u00bb4.16&#8243; _module_preset=\u00bbdefault\u00bb global_colors_info=\u00bb{}\u00bb]<\/p>\n<h4 style=\"text-align: center\"><strong><span style=\"color: #000080\">Uso del gestor bibliogr\u00e1fico Mendeley<\/span><\/strong><\/h4>\n<p style=\"text-align: center\"><span style=\"color: #000000\"><\/span><\/p>\n<p style=\"text-align: center\"><span style=\"color: #000000\">Charla realizada para los alumnos del Doctorado en Direcci\u00f3n de la Innovaci\u00f3n Sist\u00e9mica, centrada en el uso del gestor Mendeley, su aplicaci\u00f3n y beneficios.<\/span><\/p>\n<p>[\/et_pb_text][\/et_pb_column][et_pb_column type=\u00bb1_3&#8243; _builder_version=\u00bb4.24.0&#8243; _module_preset=\u00bbdefault\u00bb global_colors_info=\u00bb{}\u00bb][et_pb_video src=\u00bbhttps:\/\/youtu.be\/o6m6LpdvumM\u00bb _builder_version=\u00bb4.16&#8243; _module_preset=\u00bbdefault\u00bb width=\u00bb90%\u00bb module_alignment=\u00bbcenter\u00bb box_shadow_style=\u00bbpreset4&#8243; global_colors_info=\u00bb{}\u00bb][\/et_pb_video][et_pb_text _builder_version=\u00bb4.16&#8243; _module_preset=\u00bbdefault\u00bb global_colors_info=\u00bb{}\u00bb]<\/p>\n<h4 style=\"text-align: center\"><a href=\"https:\/\/us-lti.bbcollab.com\/recording\/214abca2ed1d4570a090db9a7ee3447a%20\"><span style=\"color: #000080\"><strong>Publicaciones acad\u00e9micas: concepto y b\u00fasquedas<\/strong><\/span><\/a><\/h4>\n<p style=\"text-align: center\"><span style=\"color: #000000\">Charla realizada en el marco de la materia \u00abMetodolog\u00eda del Aprendizaje\u00bb, sobre las generalidades de las publicaciones acad\u00e9micas y recomendaciones para la realizaci\u00f3n de b\u00fasquedas de informaci\u00f3n. Acceso a trav\u00e9s de Campus.<\/span><\/p>\n<p>[\/et_pb_text][\/et_pb_column][\/et_pb_row][et_pb_row column_structure=\u00bb1_3,1_3,1_3&#8243; use_custom_gutter=\u00bbon\u00bb gutter_width=\u00bb2&#8243; custom_padding_last_edited=\u00bbon|desktop\u00bb _builder_version=\u00bb4.16&#8243; custom_padding=\u00bb|||\u00bb custom_padding_tablet=\u00bb0px||0px|\u00bb custom_padding_phone=\u00bb\u00bb locked=\u00bboff\u00bb global_colors_info=\u00bb{}\u00bb][et_pb_column type=\u00bb1_3&#8243; _builder_version=\u00bb4.16&#8243; custom_padding=\u00bb|||\u00bb global_colors_info=\u00bb{}\u00bb custom_padding__hover=\u00bb|||\u00bb][et_pb_video src=\u00bbhttps:\/\/youtu.be\/nREaIAc1qfk\u00bb play_icon_color=\u00bb#e02b20&#8243; thumbnail_overlay_color=\u00bbrgba(0,0,0,0.6)\u00bb _builder_version=\u00bb4.16&#8243; _module_preset=\u00bbdefault\u00bb width=\u00bb90%\u00bb module_alignment=\u00bbcenter\u00bb box_shadow_style=\u00bbpreset4&#8243; global_colors_info=\u00bb{}\u00bb][\/et_pb_video][et_pb_text _builder_version=\u00bb4.16&#8243; _module_preset=\u00bbdefault\u00bb global_colors_info=\u00bb{}\u00bb]<\/p>\n<h4 style=\"text-align: center\"><strong><span style=\"color: #000080\">Herramientas para la realizaci\u00f3n de trabajos acad\u00e9micos &#8211; parte 1<\/span><\/strong><\/h4>\n<p style=\"text-align: center\"><span style=\"color: #000000\">Taller realizado con el <span>objetivo es brindar herramientas para la identificaci\u00f3n y validaci\u00f3n de informaci\u00f3n necesaria durante la realizaci\u00f3n de trabajos acad\u00e9micos.\u00a0Primera parte &#8211; Fuentes de informaci\u00f3n generales<\/span><\/span><\/p>\n<p>[\/et_pb_text][\/et_pb_column][et_pb_column type=\u00bb1_3&#8243; _builder_version=\u00bb4.16&#8243; _module_preset=\u00bbdefault\u00bb global_colors_info=\u00bb{}\u00bb][et_pb_video src=\u00bbhttps:\/\/youtu.be\/xk1Y-YpcD30&#8243; _builder_version=\u00bb4.16&#8243; _module_preset=\u00bbdefault\u00bb width=\u00bb90%\u00bb max_width=\u00bb100%\u00bb module_alignment=\u00bbcenter\u00bb box_shadow_style=\u00bbpreset4&#8243; global_colors_info=\u00bb{}\u00bb][\/et_pb_video][et_pb_text _builder_version=\u00bb4.16&#8243; _module_preset=\u00bbdefault\u00bb custom_padding=\u00bb0px|||||\u00bb global_colors_info=\u00bb{}\u00bb]<\/p>\n<h4 style=\"text-align: center\"><span style=\"color: #000080\"><strong>Herramientas para la realizaci\u00f3n de trabajos acad\u00e9micos &#8211; parte 2<\/strong><\/span><\/h4>\n<p style=\"text-align: center\"><span style=\"color: #000000\">Taller realizado con el objetivo es brindar herramientas para la identificaci\u00f3n y validaci\u00f3n de informaci\u00f3n necesaria durante la realizaci\u00f3n de trabajos acad\u00e9micos. Segunda parte &#8211; Fuentes de informaci\u00f3n especializadas<\/span><\/p>\n<p>[\/et_pb_text][\/et_pb_column][et_pb_column type=\u00bb1_3&#8243; _builder_version=\u00bb4.16&#8243; custom_padding=\u00bb|||\u00bb global_colors_info=\u00bb{}\u00bb custom_padding__hover=\u00bb|||\u00bb][et_pb_video src=\u00bbhttps:\/\/youtu.be\/O7Aa0W_2gpY\u00bb _builder_version=\u00bb4.16&#8243; _module_preset=\u00bbdefault\u00bb width=\u00bb89%\u00bb module_alignment=\u00bbcenter\u00bb box_shadow_style=\u00bbpreset4&#8243; global_colors_info=\u00bb{}\u00bb][\/et_pb_video][et_pb_text _builder_version=\u00bb4.16&#8243; _module_preset=\u00bbdefault\u00bb global_colors_info=\u00bb{}\u00bb]<\/p>\n<h4 style=\"text-align: center\"><span style=\"color: #000080;font-size: medium\"><strong>Herramientas para la realizaci\u00f3n de trabajos acad\u00e9micos &#8211; parte 3<\/strong><\/span><\/h4>\n<p style=\"text-align: center\"><span style=\"color: #000000\">Taller realizado con el objetivo es brindar herramientas para la identificaci\u00f3n y validaci\u00f3n de informaci\u00f3n necesaria durante la realizaci\u00f3n de trabajos acad\u00e9micos. Tercera parte &#8211; Organizaci\u00f3n de la informaci\u00f3n &#8211; Uso del gestor bibliogr\u00e1fico Mendeley<\/span><\/p>\n<p>[\/et_pb_text][\/et_pb_column][\/et_pb_row][\/et_pb_section]<\/p>\n","protected":false},"excerpt":{"rendered":"<p>Charlas virtuales Volv\u00e9 a ver las charlas que se realizaron durante la pandemia.Introducci\u00f3n a Mendeley Taller realizado con el objetivo de presentar las principales funcionalidades del gestor bibliogr\u00e1fico Mendeley. Destinado a alumnos de grado y postgrado, docentes e investigadoresUso del gestor bibliogr\u00e1fico Mendeley Charla realizada para los alumnos del Doctorado en Direcci\u00f3n de la Innovaci\u00f3n [&hellip;]<\/p>\n","protected":false},"author":120,"featured_media":0,"parent":0,"menu_order":0,"comment_status":"closed","ping_status":"closed","template":"","meta":{"_et_pb_use_builder":"on","_et_pb_old_content":"","_et_gb_content_width":"","footnotes":""},"class_list":["post-143","page","type-page","status-publish","hentry"],"_links":{"self":[{"href":"https:\/\/www.itba.edu.ar\/intranet\/biblioteca\/wp-json\/wp\/v2\/pages\/143","targetHints":{"allow":["GET"]}}],"collection":[{"href":"https:\/\/www.itba.edu.ar\/intranet\/biblioteca\/wp-json\/wp\/v2\/pages"}],"about":[{"href":"https:\/\/www.itba.edu.ar\/intranet\/biblioteca\/wp-json\/wp\/v2\/types\/page"}],"author":[{"embeddable":true,"href":"https:\/\/www.itba.edu.ar\/intranet\/biblioteca\/wp-json\/wp\/v2\/users\/120"}],"replies":[{"embeddable":true,"href":"https:\/\/www.itba.edu.ar\/intranet\/biblioteca\/wp-json\/wp\/v2\/comments?post=143"}],"version-history":[{"count":34,"href":"https:\/\/www.itba.edu.ar\/intranet\/biblioteca\/wp-json\/wp\/v2\/pages\/143\/revisions"}],"predecessor-version":[{"id":3335,"href":"https:\/\/www.itba.edu.ar\/intranet\/biblioteca\/wp-json\/wp\/v2\/pages\/143\/revisions\/3335"}],"wp:attachment":[{"href":"https:\/\/www.itba.edu.ar\/intranet\/biblioteca\/wp-json\/wp\/v2\/media?parent=143"}],"curies":[{"name":"wp","href":"https:\/\/api.w.org\/{rel}","templated":true}]}}