{"id":1305,"date":"2020-10-22T18:31:04","date_gmt":"2020-10-22T18:31:04","guid":{"rendered":"https:\/\/www.itba.edu.ar\/intranet\/biblioteca\/?page_id=1305"},"modified":"2026-02-25T15:29:27","modified_gmt":"2026-02-25T15:29:27","slug":"servicios","status":"publish","type":"page","link":"https:\/\/www.itba.edu.ar\/intranet\/biblioteca\/servicios\/","title":{"rendered":"Servicios"},"content":{"rendered":"<p>[et_pb_section fb_built=\u00bb1&#8243; admin_label=\u00bbHero Section\u00bb _builder_version=\u00bb4.27.4&#8243; background_color=\u00bb#12876F\u00bb use_background_color_gradient=\u00bbon\u00bb background_color_gradient_direction=\u00bb105deg\u00bb background_color_gradient_stops=\u00bb#1bb3eb 0%|#25efcb 100%\u00bb background_color_gradient_start=\u00bb#1bb3eb\u00bb background_color_gradient_end=\u00bb#25efcb\u00bb background_enable_pattern_style=\u00bbon\u00bb background_pattern_style=\u00bbconfetti\u00bb background_pattern_color=\u00bb#1185af\u00bb custom_padding=\u00bb41px|0px|13px|0px||\u00bb global_colors_info=\u00bb{}\u00bb custom_margin=\u00bb||-38px|||\u00bb][et_pb_row _builder_version=\u00bb4.16&#8243; background_size=\u00bbinitial\u00bb background_position=\u00bbtop_left\u00bb background_repeat=\u00bbrepeat\u00bb custom_margin=\u00bb-27px|auto||auto||\u00bb collapsed=\u00bboff\u00bb global_colors_info=\u00bb{}\u00bb custom_padding=\u00bb||39px|||\u00bb][et_pb_column type=\u00bb4_4&#8243; _builder_version=\u00bb4.16&#8243; custom_padding=\u00bb|||\u00bb global_colors_info=\u00bb{}\u00bb custom_padding__hover=\u00bb|||\u00bb][et_pb_text _builder_version=\u00bb4.27.4&#8243; text_font=\u00bbPoppins||||||||\u00bb text_text_color=\u00bbrgba(255,255,255,0.8)\u00bb text_font_size=\u00bb18px\u00bb text_line_height=\u00bb1.8em\u00bb header_font=\u00bbPoppins|600|||||||\u00bb header_text_color=\u00bb#ffffff\u00bb header_font_size=\u00bb48px\u00bb header_line_height=\u00bb1.4em\u00bb header_3_font=\u00bbPoppins|600|||||||\u00bb header_3_font_size=\u00bb36px\u00bb header_3_line_height=\u00bb1.4em\u00bb background_layout=\u00bbdark\u00bb max_width=\u00bb1036px\u00bb module_alignment=\u00bbleft\u00bb custom_margin=\u00bb|394px||||\u00bb locked=\u00bboff\u00bb global_colors_info=\u00bb{}\u00bb]<\/p>\n<h3><span style=\"font-family: inherit\">Servicios<\/span><\/h3>\n<p>[\/et_pb_text][\/et_pb_column][\/et_pb_row][\/et_pb_section][et_pb_section fb_built=\u00bb1&#8243; admin_label=\u00bbClasses Section\u00bb _builder_version=\u00bb4.27.4&#8243; background_color=\u00bb#fafbfc\u00bb custom_padding=\u00bb55px|0px|59px|0px|false|false\u00bb global_colors_info=\u00bb{}\u00bb custom_margin=\u00bb||26px|||\u00bb min_height=\u00bb1004.7px\u00bb][et_pb_row column_structure=\u00bb1_3,1_3,1_3&#8243; admin_label=\u00bbClass\u00bb _builder_version=\u00bb4.27.4&#8243; background_color=\u00bb#ffffff\u00bb min_height=\u00bb310px\u00bb custom_margin=\u00bb-9px|auto|-165px|auto||\u00bb custom_padding=\u00bb40px|40px|4px|40px||\u00bb animation_style=\u00bbfade\u00bb hover_enabled=\u00bb0&#8243; border_radii=\u00bbon|4px|4px|4px|4px\u00bb border_width_all=\u00bb1px\u00bb global_colors_info=\u00bb{}\u00bb box_shadow_style=\u00bbpreset2&#8243; sticky_enabled=\u00bb0&#8243;][et_pb_column type=\u00bb1_3&#8243; _builder_version=\u00bb4.16&#8243; custom_padding=\u00bb|||\u00bb global_colors_info=\u00bb{}\u00bb custom_padding__hover=\u00bb|||\u00bb][et_pb_image src=\u00bbhttps:\/\/intranet-nv.s3.amazonaws.com\/wp-content\/uploads\/sites\/22\/2024\/05\/ITBA-CRC-intranet_servicios-Asesoramiento-a-la-investigacion.png\u00bb title_text=\u00bbITBA-CRC-intranet_servicios-Asesoramiento a la investigaci\u00f3n\u00bb _builder_version=\u00bb4.24.2&#8243; _module_preset=\u00bbdefault\u00bb custom_padding=\u00bb|55px||||\u00bb global_colors_info=\u00bb{}\u00bb][\/et_pb_image][\/et_pb_column][et_pb_column type=\u00bb1_3&#8243; _builder_version=\u00bb4.27.4&#8243; _module_preset=\u00bbdefault\u00bb global_colors_info=\u00bb{}\u00bb][et_pb_text _builder_version=\u00bb4.27.4&#8243; text_font=\u00bbOpen Sans||||||||\u00bb text_text_color=\u00bb#486066&#8243; text_font_size=\u00bb15px\u00bb text_line_height=\u00bb1.8em\u00bb header_font=\u00bb||||||||\u00bb header_3_font=\u00bbPoppins|600|||||||\u00bb header_3_text_color=\u00bb#486066&#8243; header_3_font_size=\u00bb18px\u00bb header_3_line_height=\u00bb1.4em\u00bb width=\u00bb100%\u00bb custom_padding=\u00bb0px||0px|||\u00bb locked=\u00bboff\u00bb global_colors_info=\u00bb{}\u00bb]<\/p>\n<h3 style=\"text-align: justify\"><b>Espacios Silenciosos y pr\u00e9stamo de auriculares.<\/b><\/h3>\n<p style=\"text-align: justify\">Encontr\u00e1 en todas nuestras sedes un lugar para concentrarte y relajarte en silencio. Te ofrecemos en pr\u00e9stamo nuestros auriculares bluetooth con cancelaci\u00f3n de sonido.<\/p>\n<p style=\"text-align: justify\"><strong><a href=\"https:\/\/view.genially.com\/65dfab9bfc435900140249c2\/presentation-servicio-de-auriculares\">Consult\u00e1 las condiciones de uso de los auriculares<\/a><\/strong><\/p>\n<p style=\"text-align: justify\"><strong><a href=\"https:\/\/open.spotify.com\/user\/31crzr4ep3xi7ffsrfy4wewsxkmi\">\u00a1Escuch\u00e1 nuestras playlists de estudio!<\/a><\/strong><\/p>\n<p style=\"text-align: justify\">\n<p>[\/et_pb_text][\/et_pb_column][et_pb_column type=\u00bb1_3&#8243; _builder_version=\u00bb4.27.4&#8243; _module_preset=\u00bbdefault\u00bb global_colors_info=\u00bb{}\u00bb][et_pb_text _builder_version=\u00bb4.27.4&#8243; text_font=\u00bbOpen Sans||||||||\u00bb text_text_color=\u00bb#486066&#8243; text_font_size=\u00bb15px\u00bb text_line_height=\u00bb1.8em\u00bb header_font=\u00bb||||||||\u00bb header_3_font=\u00bbPoppins|600|||||||\u00bb header_3_text_color=\u00bb#486066&#8243; header_3_font_size=\u00bb18px\u00bb header_3_line_height=\u00bb1.4em\u00bb width=\u00bb100%\u00bb custom_padding=\u00bb0px||3px|||\u00bb locked=\u00bboff\u00bb global_colors_info=\u00bb{}\u00bb]<\/p>\n<h3 style=\"text-align: justify\"><b>Pr\u00e9stamos,\u00a0 renovaciones y reservas<\/b><\/h3>\n<p style=\"text-align: justify\">Nuestros alumnos, docentes, investigadores, colaboradores y graduados de la universidad pueden solicitar materiales en pr\u00e9stamo.<\/p>\n<p style=\"text-align: justify\">Encontr\u00e1 lo que est\u00e1s buscando en <a href=\"https:\/\/catalogo.itba.edu.ar\/\">nuestro cat\u00e1logo.<\/a><\/p>\n<p style=\"text-align: justify\"><strong><a href=\"https:\/\/drive.google.com\/file\/d\/1l73CPnMyAxL7Bq6U9L2GgbF0AkdEOFI_\/view?usp=sharing\">Consult\u00e1 las Pol\u00edticas de Uso del CRC.<\/a><\/strong><\/p>\n<p style=\"text-align: justify\">\n<p>[\/et_pb_text][\/et_pb_column][\/et_pb_row][et_pb_row column_structure=\u00bb1_3,1_3,1_3&#8243; disabled_on=\u00bboff|off|off\u00bb admin_label=\u00bbClass\u00bb _builder_version=\u00bb4.27.4&#8243; background_color=\u00bb#ffffff\u00bb min_height=\u00bb225.2px\u00bb custom_margin=\u00bb162px|auto|-4px|auto||\u00bb custom_padding=\u00bb40px|40px|11px|40px||\u00bb animation_style=\u00bbfade\u00bb hover_enabled=\u00bb0&#8243; border_radii=\u00bbon|4px|4px|4px|4px\u00bb border_width_all=\u00bb1px\u00bb global_colors_info=\u00bb{}\u00bb box_shadow_style=\u00bbpreset2&#8243; sticky_enabled=\u00bb0&#8243;][et_pb_column type=\u00bb1_3&#8243; _builder_version=\u00bb4.16&#8243; custom_padding=\u00bb|||\u00bb global_colors_info=\u00bb{}\u00bb custom_padding__hover=\u00bb|||\u00bb][et_pb_text _builder_version=\u00bb4.27.4&#8243; text_font=\u00bbOpen Sans||||||||\u00bb text_text_color=\u00bb#486066&#8243; text_font_size=\u00bb15px\u00bb text_line_height=\u00bb1.8em\u00bb header_font=\u00bb||||||||\u00bb header_3_font=\u00bbPoppins|600|||||||\u00bb header_3_text_color=\u00bb#486066&#8243; header_3_font_size=\u00bb18px\u00bb header_3_line_height=\u00bb1.4em\u00bb width=\u00bb99.9%\u00bb custom_padding=\u00bb0px||0px|0px||\u00bb locked=\u00bboff\u00bb global_colors_info=\u00bb{}\u00bb]<\/p>\n<h3 style=\"text-align: justify\"><b>B\u00fasquedas personalizadas<\/b><\/h3>\n<p style=\"text-align: justify\">Te orientamos en el acceso a los recursos de informaci\u00f3n que necesites. Realiz\u00e1 tus pedidos y consultas v\u00eda e-mail (<strong>biblio@itba.edu.ar<\/strong>).<\/p>\n<p><strong><span><a href=\"https:\/\/www.itba.edu.ar\/intranet\/biblioteca\/contacto\/\">Envianos tu consulta<\/a><\/span><\/strong><\/p>\n<p style=\"text-align: justify\">\n<p>[\/et_pb_text][\/et_pb_column][et_pb_column _builder_version=\u00bb4.27.4&#8243; _module_preset=\u00bbdefault\u00bb type=\u00bb1_3&#8243;][et_pb_text _builder_version=\u00bb4.27.4&#8243; text_font=\u00bbOpen Sans||||||||\u00bb text_text_color=\u00bb#486066&#8243; text_font_size=\u00bb15px\u00bb text_line_height=\u00bb1.8em\u00bb header_font=\u00bb||||||||\u00bb header_3_font=\u00bbPoppins|600|||||||\u00bb header_3_text_color=\u00bb#486066&#8243; header_3_font_size=\u00bb18px\u00bb header_3_line_height=\u00bb1.4em\u00bb custom_padding=\u00bb0px||1px|||\u00bb locked=\u00bboff\u00bb global_colors_info=\u00bb{}\u00bb min_height=\u00bb266.2px\u00bb]<\/p>\n<h3 style=\"text-align: justify\"><b>Centro de Escritura<\/b><\/h3>\n<p style=\"text-align: justify\">Brindamos asesoramiento en la redacci\u00f3n acad\u00e9mica de tus trabajos, tesis, libros y art\u00edculos. Te ayudamos con editoriales para publicar, correcci\u00f3n de estilo y citas APA, traducciones y estructura de tu proyecto.<\/p>\n<p><strong><a href=\"https:\/\/calendar.google.com\/calendar\/u\/0\/appointments\/schedules\/AcZssZ1RPUusZe-V_nnD-mbr6zsQel5SdFlorSJm5FOLOsEBqqbNBq30hKLghaGA2iFIoMKjSVDVX_Qb\">Agend\u00e1 tu cita<\/a><\/strong><\/p>\n<p style=\"text-align: justify\">\n<p>[\/et_pb_text][\/et_pb_column][et_pb_column _builder_version=\u00bb4.27.4&#8243; _module_preset=\u00bbdefault\u00bb type=\u00bb1_3&#8243;][et_pb_image src=\u00bbhttps:\/\/intranet-nv.s3.amazonaws.com\/wp-content\/uploads\/sites\/22\/2024\/05\/ITBA-CRC-intranet_servicios-charlas-de-capacitacion.png\u00bb title_text=\u00bbITBA-CRC-intranet_servicios-charlas de capacitacion\u00bb _builder_version=\u00bb4.24.2&#8243; _module_preset=\u00bbdefault\u00bb width=\u00bb100%\u00bb custom_padding=\u00bb|71px||||\u00bb global_colors_info=\u00bb{}\u00bb][\/et_pb_image][\/et_pb_column][\/et_pb_row][et_pb_row column_structure=\u00bb1_3,1_3,1_3&#8243; admin_label=\u00bbClass\u00bb _builder_version=\u00bb4.27.4&#8243; background_color=\u00bb#ffffff\u00bb min_height=\u00bb295px\u00bb custom_margin=\u00bb-9px|auto|-30px|auto||\u00bb custom_padding=\u00bb40px|40px|0px|40px||\u00bb animation_style=\u00bbfade\u00bb hover_enabled=\u00bb0&#8243; border_radii=\u00bbon|4px|4px|4px|4px\u00bb border_width_all=\u00bb1px\u00bb global_colors_info=\u00bb{}\u00bb box_shadow_style=\u00bbpreset2&#8243; sticky_enabled=\u00bb0&#8243; border_color_all=\u00bb#000000&#8243;][et_pb_column type=\u00bb1_3&#8243; _builder_version=\u00bb4.16&#8243; custom_padding=\u00bb|||\u00bb global_colors_info=\u00bb{}\u00bb custom_padding__hover=\u00bb|||\u00bb][et_pb_image src=\u00bbhttps:\/\/intranet-nv.s3.amazonaws.com\/wp-content\/uploads\/sites\/22\/2024\/05\/ITBA-CRC-intranet_servicios-Consulta-a-bases-de-datos-y-recursos-de-informacion.png\u00bb title_text=\u00bbITBA-CRC-intranet_servicios-Consulta a bases de datos y recursos de informaci\u00f3n\u00bb _builder_version=\u00bb4.24.2&#8243; _module_preset=\u00bbdefault\u00bb width=\u00bb100%\u00bb custom_padding=\u00bb|58px||||\u00bb global_colors_info=\u00bb{}\u00bb][\/et_pb_image][\/et_pb_column][et_pb_column type=\u00bb1_3&#8243; _builder_version=\u00bb4.16&#8243; custom_padding=\u00bb|||\u00bb global_colors_info=\u00bb{}\u00bb custom_padding__hover=\u00bb|||\u00bb][et_pb_text _builder_version=\u00bb4.27.4&#8243; text_font=\u00bbOpen Sans||||||||\u00bb text_text_color=\u00bb#486066&#8243; text_font_size=\u00bb15px\u00bb text_line_height=\u00bb1.8em\u00bb header_font=\u00bb||||||||\u00bb header_3_font=\u00bbPoppins|600|||||||\u00bb header_3_text_color=\u00bb#486066&#8243; header_3_font_size=\u00bb18px\u00bb header_3_line_height=\u00bb1.4em\u00bb custom_padding=\u00bb0px||1px|||\u00bb locked=\u00bboff\u00bb global_colors_info=\u00bb{}\u00bb]<\/p>\n<h3 style=\"text-align: justify\"><b>Recursos virtuales de informaci\u00f3n<\/b><\/h3>\n<p style=\"text-align: justify\">Explora la secci\u00f3n de <a href=\"https:\/\/www.itba.edu.ar\/intranet\/biblioteca\/recursos-de-informacion-2\/\">recursos de informaci\u00f3n<\/a> para acceder a todo el material disponible, desde recursos propios a revistas, diarios y bases de datos.<\/p>\n<p>[\/et_pb_text][\/et_pb_column][et_pb_column type=\u00bb1_3&#8243; _builder_version=\u00bb4.27.4&#8243; _module_preset=\u00bbdefault\u00bb global_colors_info=\u00bb{}\u00bb][et_pb_text _builder_version=\u00bb4.27.4&#8243; text_font=\u00bbOpen Sans||||||||\u00bb text_text_color=\u00bb#486066&#8243; text_font_size=\u00bb15px\u00bb text_line_height=\u00bb1.8em\u00bb header_font=\u00bb||||||||\u00bb header_3_font=\u00bbPoppins|600|||||||\u00bb header_3_text_color=\u00bb#486066&#8243; header_3_font_size=\u00bb18px\u00bb header_3_line_height=\u00bb1.4em\u00bb custom_padding=\u00bb0px||1px|||\u00bb locked=\u00bboff\u00bb global_colors_info=\u00bb{}\u00bb]<\/p>\n<h3 style=\"text-align: justify\"><b>Certificado de libre deuda<\/b><\/h3>\n<p style=\"text-align: justify\">Emitimos el certificado en los casos en que sea necesario presentarlo para la realizaci\u00f3n de tr\u00e1mites dentro de otras \u00e1reas de la universidad (bajas, pases de facultad, etc.)<\/p>\n<p style=\"text-align: justify\"><strong><a href=\"https:\/\/www.itba.edu.ar\/solicitud-de-libre-deuda\/\">Complet\u00e1 los datos para solicitarlo\u00a0<\/a><\/strong><\/p>\n<p>[\/et_pb_text][\/et_pb_column][\/et_pb_row][\/et_pb_section]<\/p>\n","protected":false},"excerpt":{"rendered":"<p>ServiciosEspacios Silenciosos y pr\u00e9stamo de auriculares. Encontr\u00e1 en todas nuestras sedes un lugar para concentrarte y relajarte en silencio. Te ofrecemos en pr\u00e9stamo nuestros auriculares bluetooth con cancelaci\u00f3n de sonido. Consult\u00e1 las condiciones de uso de los auriculares \u00a1Escuch\u00e1 nuestras playlists de estudio! Pr\u00e9stamos,\u00a0 renovaciones y reservas Nuestros alumnos, docentes, investigadores, colaboradores y graduados de [&hellip;]<\/p>\n","protected":false},"author":120,"featured_media":0,"parent":0,"menu_order":0,"comment_status":"closed","ping_status":"closed","template":"","meta":{"_et_pb_use_builder":"on","_et_pb_old_content":"","_et_gb_content_width":"","footnotes":""},"class_list":["post-1305","page","type-page","status-publish","hentry"],"_links":{"self":[{"href":"https:\/\/www.itba.edu.ar\/intranet\/biblioteca\/wp-json\/wp\/v2\/pages\/1305","targetHints":{"allow":["GET"]}}],"collection":[{"href":"https:\/\/www.itba.edu.ar\/intranet\/biblioteca\/wp-json\/wp\/v2\/pages"}],"about":[{"href":"https:\/\/www.itba.edu.ar\/intranet\/biblioteca\/wp-json\/wp\/v2\/types\/page"}],"author":[{"embeddable":true,"href":"https:\/\/www.itba.edu.ar\/intranet\/biblioteca\/wp-json\/wp\/v2\/users\/120"}],"replies":[{"embeddable":true,"href":"https:\/\/www.itba.edu.ar\/intranet\/biblioteca\/wp-json\/wp\/v2\/comments?post=1305"}],"version-history":[{"count":62,"href":"https:\/\/www.itba.edu.ar\/intranet\/biblioteca\/wp-json\/wp\/v2\/pages\/1305\/revisions"}],"predecessor-version":[{"id":3620,"href":"https:\/\/www.itba.edu.ar\/intranet\/biblioteca\/wp-json\/wp\/v2\/pages\/1305\/revisions\/3620"}],"wp:attachment":[{"href":"https:\/\/www.itba.edu.ar\/intranet\/biblioteca\/wp-json\/wp\/v2\/media?parent=1305"}],"curies":[{"name":"wp","href":"https:\/\/api.w.org\/{rel}","templated":true}]}}