{"id":47,"date":"2020-11-25T12:50:55","date_gmt":"2020-11-25T12:50:55","guid":{"rendered":"https:\/\/www.itba.edu.ar\/centros\/cmc\/?page_id=47"},"modified":"2020-12-03T17:12:45","modified_gmt":"2020-12-03T17:12:45","slug":"proyectos-de-alumnos","status":"publish","type":"page","link":"https:\/\/www.itba.edu.ar\/centros\/cmc\/proyectos-de-alumnos\/","title":{"rendered":"Proyectos de Alumnos"},"content":{"rendered":"<p>[et_pb_section fb_built=\u00bb1&#8243; admin_label=\u00bbHero\u00bb _builder_version=\u00bb4.6.6&#8243; use_background_color_gradient=\u00bbon\u00bb background_color_gradient_start=\u00bbrgba(40,40,40,0.79)\u00bb background_color_gradient_end=\u00bbrgba(40,40,40,0.86)\u00bb background_color_gradient_type=\u00bbradial\u00bb background_color_gradient_direction_radial=\u00bbtop left\u00bb background_color_gradient_overlays_image=\u00bbon\u00bb background_image=\u00bbhttps:\/\/centros-investigacion-nv.s3.amazonaws.com\/wp-content\/uploads\/sites\/6\/2020\/11\/ci-header-proyectos.jpg\u00bb background_blend=\u00bbhard-light\u00bb max_height=\u00bb400px\u00bb custom_margin=\u00bb||||false\u00bb custom_padding=\u00bb8vw||8vw||true|false\u00bb][et_pb_row column_structure=\u00bb2_3,1_3&#8243; _builder_version=\u00bb4.6.6&#8243; custom_margin=\u00bb-50px||||false|false\u00bb locked=\u00bboff\u00bb][et_pb_column type=\u00bb2_3&#8243; _builder_version=\u00bb3.25&#8243; custom_padding=\u00bb|||\u00bb custom_padding__hover=\u00bb|||\u00bb][et_pb_text _builder_version=\u00bb4.6.6&#8243; text_font=\u00bb||||||||\u00bb header_font=\u00bbRubik|700|||||||\u00bb header_font_size=\u00bb64px\u00bb header_line_height=\u00bb1.1em\u00bb background_layout=\u00bbdark\u00bb max_width=\u00bb968px\u00bb custom_margin=\u00bb||0px|\u00bb custom_padding=\u00bb|||16px\u00bb hover_enabled=\u00bb0&#8243; text_font_size_tablet=\u00bb14px\u00bb text_font_size_last_edited=\u00bboff|desktop\u00bb header_font_size_tablet=\u00bb44px\u00bb header_font_size_phone=\u00bb32px\u00bb header_font_size_last_edited=\u00bbon|phone\u00bb border_color_all=\u00bb#FF0000&#8243; border_width_left=\u00bb10px\u00bb sticky_enabled=\u00bb0&#8243;]<\/p>\n<h1>Proyectos de Alumnos<\/h1>\n<h2 style=\"color: #000\"><span style=\"background-color: #ff0000;background-size: auto;line-height: 1.6;color: #000000\">Centro de Mec\u00e1nica Computacional<\/span><\/h2>\n<p>[\/et_pb_text][\/et_pb_column][et_pb_column type=\u00bb1_3&#8243; _builder_version=\u00bb3.25&#8243; custom_padding=\u00bb|||\u00bb custom_padding__hover=\u00bb|||\u00bb][\/et_pb_column][\/et_pb_row][\/et_pb_section][et_pb_section fb_built=\u00bb1&#8243; admin_label=\u00bb Get a Quote\u00bb _builder_version=\u00bb4.6.6&#8243; background_color=\u00bb#ffffff\u00bb custom_padding=\u00bb|||\u00bb animation_style=\u00bbslide\u00bb animation_direction=\u00bbtop\u00bb animation_intensity_slide=\u00bb10%\u00bb box_shadow_style=\u00bbpreset3&#8243; box_shadow_vertical=\u00bb10px\u00bb box_shadow_blur=\u00bb105px\u00bb box_shadow_spread=\u00bb0px\u00bb box_shadow_color=\u00bbrgba(0,0,0,0.12)\u00bb][et_pb_row _builder_version=\u00bb4.6.6&#8243; background_color=\u00bb#ffffff\u00bb max_width=\u00bb80%\u00bb custom_margin=\u00bb|||\u00bb use_custom_width=\u00bbon\u00bb width_unit=\u00bboff\u00bb][et_pb_column type=\u00bb4_4&#8243; _builder_version=\u00bb4.6.6&#8243; background_color=\u00bb#ffffff\u00bb custom_padding=\u00bb|||\u00bb custom_padding__hover=\u00bb|||\u00bb][et_pb_toggle title=\u00bbExpandir\u00bb open_toggle_background_color=\u00bb#ffffff\u00bb closed_toggle_background_color=\u00bb#F4F4F4&#8243; disabled_on=\u00bboff|off|off\u00bb _builder_version=\u00bb4.6.6&#8243; _module_preset=\u00bbdefault\u00bb closed_title_font=\u00bbOpen Sans||||||||\u00bb background_color=\u00bb#ffffff\u00bb hover_enabled=\u00bb0&#8243; sticky_enabled=\u00bb0&#8243;]<\/p>\n<p>Modelado de una trefila utilizando elementos finitos. M. Garc\u00eda Diez (2010). ITBA<\/p>\n<p>Modelado din\u00e1mico de uniones abulonadas. M. Aldet y R. Lopez Moldes (2014). ITBA<\/p>\n<p>Estimaci\u00f3n de resistencia de insertos en paneles de materiales compuestos. M. Di Salvo y B. Wilk (2016). ITBA<\/p>\n<p>Modelado del proceso de trefilaci\u00f3n. F. Gonzalez (2017). ITBA<\/p>\n<p>Implementaci\u00f3n Num\u00e9rica de un Modelo de Fracturaci\u00f3n Hidr\u00e1ulica mediante XFEM. L. De Cunto (2017). ITBA.<\/p>\n<p>Resoluci\u00f3n num\u00e9rica de problemas de difusi\u00f3n en medios rocosos fracturados mediante Elementos Virtuales. F. Kyburg y J. Mollica (2018).<\/p>\n<p>Modelado de reconstituci\u00f3n de drogas. L. Fraile y L. Refojo (2019). ITBA<\/p>\n<p>[\/et_pb_toggle][\/et_pb_column][\/et_pb_row][\/et_pb_section]<\/p>\n","protected":false},"excerpt":{"rendered":"<p>Proyectos de Alumnos Centro de Mec\u00e1nica ComputacionalModelado de una trefila utilizando elementos finitos. M. Garc\u00eda Diez (2010). ITBA Modelado din\u00e1mico de uniones abulonadas. M. Aldet y R. Lopez Moldes (2014). ITBA Estimaci\u00f3n de resistencia de insertos en paneles de materiales compuestos. M. Di Salvo y B. Wilk (2016). ITBA Modelado del proceso de trefilaci\u00f3n. F. [&hellip;]<\/p>\n","protected":false},"author":7,"featured_media":0,"parent":0,"menu_order":0,"comment_status":"closed","ping_status":"closed","template":"","meta":{"_et_pb_use_builder":"on","_et_pb_old_content":"","_et_gb_content_width":"","footnotes":""},"class_list":["post-47","page","type-page","status-publish","hentry"],"_links":{"self":[{"href":"https:\/\/www.itba.edu.ar\/centros\/cmc\/wp-json\/wp\/v2\/pages\/47","targetHints":{"allow":["GET"]}}],"collection":[{"href":"https:\/\/www.itba.edu.ar\/centros\/cmc\/wp-json\/wp\/v2\/pages"}],"about":[{"href":"https:\/\/www.itba.edu.ar\/centros\/cmc\/wp-json\/wp\/v2\/types\/page"}],"author":[{"embeddable":true,"href":"https:\/\/www.itba.edu.ar\/centros\/cmc\/wp-json\/wp\/v2\/users\/7"}],"replies":[{"embeddable":true,"href":"https:\/\/www.itba.edu.ar\/centros\/cmc\/wp-json\/wp\/v2\/comments?post=47"}],"version-history":[{"count":4,"href":"https:\/\/www.itba.edu.ar\/centros\/cmc\/wp-json\/wp\/v2\/pages\/47\/revisions"}],"predecessor-version":[{"id":53,"href":"https:\/\/www.itba.edu.ar\/centros\/cmc\/wp-json\/wp\/v2\/pages\/47\/revisions\/53"}],"wp:attachment":[{"href":"https:\/\/www.itba.edu.ar\/centros\/cmc\/wp-json\/wp\/v2\/media?parent=47"}],"curies":[{"name":"wp","href":"https:\/\/api.w.org\/{rel}","templated":true}]}}