{"id":38,"date":"2020-11-25T12:48:00","date_gmt":"2020-11-25T12:48:00","guid":{"rendered":"https:\/\/www.itba.edu.ar\/centros\/cmc\/?page_id=38"},"modified":"2020-12-03T17:13:11","modified_gmt":"2020-12-03T17:13:11","slug":"presentaciones-en-congresos","status":"publish","type":"page","link":"https:\/\/www.itba.edu.ar\/centros\/cmc\/presentaciones-en-congresos\/","title":{"rendered":"Presentaciones en Congresos"},"content":{"rendered":"<p>[et_pb_section fb_built=\u00bb1&#8243; admin_label=\u00bbHero\u00bb _builder_version=\u00bb4.6.6&#8243; use_background_color_gradient=\u00bbon\u00bb background_color_gradient_start=\u00bbrgba(40,40,40,0.79)\u00bb background_color_gradient_end=\u00bbrgba(40,40,40,0.86)\u00bb background_color_gradient_type=\u00bbradial\u00bb background_color_gradient_direction_radial=\u00bbtop left\u00bb background_color_gradient_overlays_image=\u00bbon\u00bb background_image=\u00bbhttps:\/\/centros-investigacion-nv.s3.amazonaws.com\/wp-content\/uploads\/sites\/6\/2020\/11\/ci-header-proyectos.jpg\u00bb background_blend=\u00bbhard-light\u00bb max_height=\u00bb400px\u00bb custom_margin=\u00bb||||false\u00bb custom_padding=\u00bb8vw||8vw||true|false\u00bb][et_pb_row column_structure=\u00bb2_3,1_3&#8243; _builder_version=\u00bb4.6.6&#8243; custom_margin=\u00bb-50px||||false|false\u00bb locked=\u00bboff\u00bb][et_pb_column type=\u00bb2_3&#8243; _builder_version=\u00bb3.25&#8243; custom_padding=\u00bb|||\u00bb custom_padding__hover=\u00bb|||\u00bb][et_pb_text _builder_version=\u00bb4.6.6&#8243; text_font=\u00bb||||||||\u00bb header_font=\u00bbRubik|700|||||||\u00bb header_font_size=\u00bb64px\u00bb header_line_height=\u00bb1.1em\u00bb background_layout=\u00bbdark\u00bb max_width=\u00bb968px\u00bb custom_margin=\u00bb||0px|\u00bb custom_padding=\u00bb|||16px\u00bb hover_enabled=\u00bb0&#8243; text_font_size_tablet=\u00bb14px\u00bb text_font_size_last_edited=\u00bboff|desktop\u00bb header_font_size_tablet=\u00bb44px\u00bb header_font_size_phone=\u00bb32px\u00bb header_font_size_last_edited=\u00bbon|phone\u00bb border_color_all=\u00bb#FF0000&#8243; border_width_left=\u00bb10px\u00bb sticky_enabled=\u00bb0&#8243;]<\/p>\n<h1>Presentaciones en Congresos<\/h1>\n<h2 style=\"color: #000\"><span style=\"background-color: #ff0000;background-size: auto;line-height: 1.6;color: #000000\">Centro de Mec\u00e1nica Computacional <\/span><\/h2>\n<p>[\/et_pb_text][\/et_pb_column][et_pb_column type=\u00bb1_3&#8243; _builder_version=\u00bb3.25&#8243; custom_padding=\u00bb|||\u00bb custom_padding__hover=\u00bb|||\u00bb][\/et_pb_column][\/et_pb_row][\/et_pb_section][et_pb_section fb_built=\u00bb1&#8243; admin_label=\u00bb Get a Quote\u00bb _builder_version=\u00bb4.6.6&#8243; background_color=\u00bb#ffffff\u00bb custom_padding=\u00bb|||\u00bb animation_style=\u00bbslide\u00bb animation_direction=\u00bbtop\u00bb animation_intensity_slide=\u00bb10%\u00bb box_shadow_style=\u00bbpreset3&#8243; box_shadow_vertical=\u00bb10px\u00bb box_shadow_blur=\u00bb105px\u00bb box_shadow_spread=\u00bb0px\u00bb box_shadow_color=\u00bbrgba(0,0,0,0.12)\u00bb][et_pb_row _builder_version=\u00bb4.6.6&#8243; background_color=\u00bb#ffffff\u00bb max_width=\u00bb80%\u00bb custom_margin=\u00bb|||\u00bb use_custom_width=\u00bbon\u00bb width_unit=\u00bboff\u00bb][et_pb_column type=\u00bb4_4&#8243; _builder_version=\u00bb4.6.6&#8243; background_color=\u00bb#ffffff\u00bb custom_padding=\u00bb|||\u00bb custom_padding__hover=\u00bb|||\u00bb][et_pb_toggle title=\u00bbPresentaciones en Congresos\u00bb open_toggle_background_color=\u00bb#ffffff\u00bb closed_toggle_background_color=\u00bb#F4F4F4&#8243; disabled_on=\u00bboff|off|off\u00bb _builder_version=\u00bb4.6.6&#8243; _module_preset=\u00bbdefault\u00bb closed_title_font=\u00bbOpen Sans||||||||\u00bb background_color=\u00bb#ffffff\u00bb hover_enabled=\u00bb0&#8243; sticky_enabled=\u00bb0&#8243;]<\/p>\n<p>Elman N. M., Bernier U., Kline D. L., Perry M., D&#8217;hers S., Fisher M., Vasquez G. M., \u201cThe next generation of vector-control devices\u201d, Advocate Entomology, St. Louis, nov 2019.<\/p>\n<p>Medina P., Jin M., D\u2032hers S., \u201cModelling 3D hydraulic fracture in porous media using finite element analysis\u201d, ENIEF 2019, XXIV Congreso sobre M\u00e9todos Num\u00e9ricos y sus Aplicaciones, nov 2019.<\/p>\n<p>Elman N. M., Gurman P., D\u2019hers S., Miranda O. R.,\u201cRapid Reconstitution Packages (RRPs) for emergency delivery of glucagon: Hypoglycemia treatment in Type 1 Diabetes\u201d, 8th International Conference and Exhibition on Pharmaceutics &amp; Novel Drug Delivery Systems, March 07-09, 2016 Madrid, Spain<\/p>\n<p>Kyburg F., Mollica J., Benedetto M., \u201cCombining 2D and 3D Virtual Elements for Solving Flow in Fractured Porous Media\u201d, Congreso de M\u00e9todos Num\u00e9ricos y sus Aplicaciones (ENIEF), UNLP, 2017. <u><a href=\"http:\/\/sedici.unlp.edu.ar\/handle\/10915\/105513\">http:\/\/sedici.unlp.edu.ar\/handle\/10915\/105513<\/a><\/u>.<\/p>\n<p>Alderete, I. D., Sosa-Massaro, A., D\u2019hers, S. \u201cA Fluid Structure Interaction Model for Hydraulic Fracture Simulation on Vaca Muerta Argentina Shale Formation\u201d. Society of Petroleum Engineers. doi:10.2118\/185563-MSAPA, may 2017.<\/p>\n<p>Pedreira P. H., Lauretta J. R. and D&#8217;hers S., \u201cControlable planar nozzles for micro thrusters\u201d, 1st Pan-American Congress on Computational Mechanics \u2013 PANACM 2015, Buenos Aires, april 2015.<\/p>\n<p>Del Solar Dorrego F. and D\u2019hers S., \u201cTowards a new joint element which incorporates bolt looseness and nonlinear contact behavior\u201d, 1st Pan-American Congress on Computational Mechanics \u2013 PANACM 2015, Buenos Aires, april 2015.<\/p>\n<p>Elman N. M., Conen H., Miranda R. R., Bernier U.R., Clark G., Kline D. L., Urban J. and D\u2019hers S. \u201cFunctional micro-dispensers (FMDs) as the next generation control against mosquitoes\u201d, American Mosquito Control Association, 81st. Annual Meeting, Nueva Orleans, april 2015.<\/p>\n<p>Barbier E., Bucello P.A., D\u2019hers S., Mosquera Michaelsen P., Pritz B., Bottini N., Micheloud M.,<\/p>\n<p>Pedreira P. H., Lauretta J. R. and D\u2019hers S., \u201cControlable planar nozzles for micro thrusters\u201d, 1st Pan-American Congress on Computational Mechanics \u2013 PANACM 2015, Buenos Aires, april 2015.<\/p>\n<p>Curi S. M., Veysset D., Cantor Balan R., Kooi S. E., Nelson K. A., Elman N. M. and D\u2019hers S., \u201cRupture mechanism for thin shells based on ultrasound activation for subcutaneous controlled drug delivery systems\u201d, 11th. World Congress on Computational Mechanics (WCCMXI) and 5th. European Congress on Computational Mechanics (ECCM V), Barcelona, Julio 2014.<\/p>\n<p>Aerodynamic study of a small \u2013 scale wind turbine, XX Congreso sobre M\u00e9todos Num\u00e9ricos y sus Aplicaciones (ENIEF 2013), Noviembre 2013, Mendoza, Argentina.<\/p>\n<p>Pedreira P., Lauretta R., D\u00b4hers S., \u201cAplicaci\u00f3n de t\u00e9cnicas computacionales y experimentales, para el desarrollo de toberas planas supers\u00f3nicas utilizables en micro y nano sat\u00e9lites\u201d, VII Congreso Argentino de Tecnolog\u00eda Aerospacial, Mayo 2013, Mendoza, Argentina.<\/p>\n<p>Sibileau A., Mu\u00f1oz J. J, \u201cConserving time-integration of beams under contact constrains using B-Spline interpolation\u201d, Proceedings of the 10th World Congress on Computational Mechanics WCCM 2012, San Pablo, Brazil.<\/p>\n<p>D\u2019hers S., Alexander-Katz A., Elman N. M. \u201cA Novel Computational and Experimental Methodology for Development of Therapeutic Microdevices for Rapid Reconstitution\u201d, AVS 59th Annual International Symposium and Exhibition, Octubre 2012, Tampa, Florida, USA.<\/p>\n<p>D\u2019hers S., Dvorkin E. N., \u201cMultiscale Strain Localization Modeling in the Gurson-Tvergaard-Needleman Plasticity Model\u201d, COMPLAS XI, Barcelona, Septiembre , 2011.<\/p>\n<p>D\u2019hers S., Dvorkin E. N., \u201cModeling of strain localization for the Gurson-Tvergaard-Needleman plasticity model using strong discontinuity modes\u201d, MECOM del Bicentenario, MECOM 2010 \u2013CILAMCE 2010, Buenos Aires, Noviembre 2010.<\/p>\n<p>D\u2019hers S., Dvorkin, E. N., \u201cModeling of Strain Localization in Brittle and Ductile Materials Via a Two-Scale Formulation\u201d, 8th. World Congress on Computational Mechanics (WCCM8) and 5th. European Congress on Computational Methods in Applied Sciences and Engineering (ECCOMAS 2008), Venecia, Julio 2008.<\/p>\n<p>D\u2019hers S., Dvorkin, E. N., \u201cModeling of strain localization via a two-scale formulation\u201d, XVII congreso sobre M\u00e9todos Num\u00e9ricos y sus Aplicaciones (ENIEF 2008), San Luis, Argentina, Noviembre 2008.<\/p>\n<p>Sebasti\u00e1n D\u2019Hers, Pablo A. Bucello, Mart\u00edn N. Arregui, Alberto P. Sibileau, Miguel A. Cavaliere and Esteban Baralla. \u201cModelling of electro resistance welding tube forming process\u201d. Mec\u00e1nica Computacional, Vol. XXVII, San Luis, Argentina, Noviembre 2008.<\/p>\n<p>[\/et_pb_toggle][\/et_pb_column][\/et_pb_row][\/et_pb_section]<\/p>\n","protected":false},"excerpt":{"rendered":"<p>Presentaciones en Congresos Centro de Mec\u00e1nica Computacional Elman N. M., Bernier U., Kline D. L., Perry M., D&#8217;hers S., Fisher M., Vasquez G. M., \u201cThe next generation of vector-control devices\u201d, Advocate Entomology, St. Louis, nov 2019. Medina P., Jin M., D\u2032hers S., \u201cModelling 3D hydraulic fracture in porous media using finite element analysis\u201d, ENIEF 2019, [&hellip;]<\/p>\n","protected":false},"author":7,"featured_media":0,"parent":0,"menu_order":0,"comment_status":"closed","ping_status":"closed","template":"","meta":{"_et_pb_use_builder":"on","_et_pb_old_content":"","_et_gb_content_width":"","footnotes":""},"class_list":["post-38","page","type-page","status-publish","hentry"],"_links":{"self":[{"href":"https:\/\/www.itba.edu.ar\/centros\/cmc\/wp-json\/wp\/v2\/pages\/38","targetHints":{"allow":["GET"]}}],"collection":[{"href":"https:\/\/www.itba.edu.ar\/centros\/cmc\/wp-json\/wp\/v2\/pages"}],"about":[{"href":"https:\/\/www.itba.edu.ar\/centros\/cmc\/wp-json\/wp\/v2\/types\/page"}],"author":[{"embeddable":true,"href":"https:\/\/www.itba.edu.ar\/centros\/cmc\/wp-json\/wp\/v2\/users\/7"}],"replies":[{"embeddable":true,"href":"https:\/\/www.itba.edu.ar\/centros\/cmc\/wp-json\/wp\/v2\/comments?post=38"}],"version-history":[{"count":4,"href":"https:\/\/www.itba.edu.ar\/centros\/cmc\/wp-json\/wp\/v2\/pages\/38\/revisions"}],"predecessor-version":[{"id":46,"href":"https:\/\/www.itba.edu.ar\/centros\/cmc\/wp-json\/wp\/v2\/pages\/38\/revisions\/46"}],"wp:attachment":[{"href":"https:\/\/www.itba.edu.ar\/centros\/cmc\/wp-json\/wp\/v2\/media?parent=38"}],"curies":[{"name":"wp","href":"https:\/\/api.w.org\/{rel}","templated":true}]}}