{"id":281,"date":"2020-11-10T01:17:04","date_gmt":"2020-11-10T01:17:04","guid":{"rendered":"https:\/\/www.itba.edu.ar\/centros\/clio\/?page_id=281"},"modified":"2021-02-10T21:01:26","modified_gmt":"2021-02-10T21:01:26","slug":"proyectos","status":"publish","type":"page","link":"https:\/\/www.itba.edu.ar\/centros\/clio\/proyectos\/","title":{"rendered":"Proyectos"},"content":{"rendered":"<p>[et_pb_section fb_built=\u00bb1&#8243; admin_label=\u00bbHero\u00bb _builder_version=\u00bb4.6.6&#8243; use_background_color_gradient=\u00bbon\u00bb background_color_gradient_start=\u00bbrgba(40,40,40,0.79)\u00bb background_color_gradient_end=\u00bbrgba(40,40,40,0.86)\u00bb background_color_gradient_type=\u00bbradial\u00bb background_color_gradient_direction_radial=\u00bbtop left\u00bb background_color_gradient_overlays_image=\u00bbon\u00bb background_image=\u00bbhttps:\/\/centros-investigacion-nv.s3.amazonaws.com\/wp-content\/uploads\/sites\/10\/2020\/11\/cabezal-clio-proyectos.jpg\u00bb background_blend=\u00bbhard-light\u00bb max_height=\u00bb400px\u00bb custom_margin=\u00bb||||false\u00bb custom_padding=\u00bb10vw||10vw||true|false\u00bb][et_pb_row column_structure=\u00bb2_3,1_3&#8243; _builder_version=\u00bb4.6.6&#8243; custom_margin=\u00bb-50px||||false|false\u00bb][et_pb_column type=\u00bb2_3&#8243; _builder_version=\u00bb3.25&#8243; custom_padding=\u00bb|||\u00bb custom_padding__hover=\u00bb|||\u00bb][et_pb_text _builder_version=\u00bb4.7.7&#8243; text_font=\u00bb||||||||\u00bb header_font=\u00bbRubik|700|||||||\u00bb header_font_size=\u00bb64px\u00bb header_line_height=\u00bb1.1em\u00bb background_layout=\u00bbdark\u00bb max_width=\u00bb800px\u00bb custom_margin=\u00bb||0px|\u00bb custom_padding=\u00bb|||16px\u00bb hover_enabled=\u00bb0&#8243; text_font_size_tablet=\u00bb14px\u00bb text_font_size_last_edited=\u00bboff|desktop\u00bb header_font_size_tablet=\u00bb44px\u00bb header_font_size_phone=\u00bb32px\u00bb header_font_size_last_edited=\u00bbon|phone\u00bb border_color_all=\u00bb#D6D129&#8243; border_width_left=\u00bb10px\u00bb sticky_enabled=\u00bb0&#8243;]<\/p>\n<h1>Proyectos en curso<\/h1>\n<h2><span style=\"background-color: #d6d129;background-size: auto;line-height: 1.6\">\u00a0Centro de Log\u00edstica Integrada y Operaciones\u00a0<\/span><\/h2>\n<p>[\/et_pb_text][\/et_pb_column][et_pb_column type=\u00bb1_3&#8243; _builder_version=\u00bb3.25&#8243; custom_padding=\u00bb|||\u00bb custom_padding__hover=\u00bb|||\u00bb][\/et_pb_column][\/et_pb_row][\/et_pb_section][et_pb_section fb_built=\u00bb1&#8243; admin_label=\u00bbProject Details\u00bb _builder_version=\u00bb4.6.6&#8243; custom_padding=\u00bb10px||10px||true|\u00bb][et_pb_row column_structure=\u00bb1_2,1_2&#8243; _builder_version=\u00bb4.6.6&#8243;][et_pb_column type=\u00bb1_2&#8243; _builder_version=\u00bb3.25&#8243; custom_padding=\u00bb|||\u00bb custom_padding__hover=\u00bb|||\u00bb][et_pb_image src=\u00bbhttps:\/\/centros-investigacion-nv.s3.amazonaws.com\/wp-content\/uploads\/sites\/10\/2020\/11\/green-car.png\u00bb title_text=\u00bbgreen-car\u00bb force_fullwidth=\u00bbon\u00bb align_tablet=\u00bbcenter\u00bb align_phone=\u00bb\u00bb align_last_edited=\u00bbon|desktop\u00bb _builder_version=\u00bb4.6.6&#8243; custom_padding=\u00bb41px|||||\u00bb locked=\u00bboff\u00bb][\/et_pb_image][\/et_pb_column][et_pb_column type=\u00bb1_2&#8243; _builder_version=\u00bb3.25&#8243; custom_padding=\u00bb|||\u00bb custom_padding__hover=\u00bb|||\u00bb][et_pb_text _builder_version=\u00bb4.7.7&#8243; text_font=\u00bb||||||||\u00bb text_font_size=\u00bb15px\u00bb text_line_height=\u00bb1.8em\u00bb custom_padding=\u00bb45px|||||\u00bb custom_padding_tablet=\u00bb|40px||40px||true\u00bb custom_padding_last_edited=\u00bboff|desktop\u00bb animation_style=\u00bbslide\u00bb locked=\u00bboff\u00bb]<\/p>\n<p><strong>Combustibles Alternativos en Transporte de Carga<\/strong><\/p>\n<p>El proyecto tiene por objetivo relevar la situaci\u00f3n actual a nivel<br \/>mundial, regional y local de la disponibilidad y aplicaci\u00f3n de<br \/>combustibles alternativos en el transporte carretero de cargas de<br \/>larga y media distancia. Por medio del desarrollo de un modelo,<br \/>realizar la simulaci\u00f3n que permita evaluar y cuantificar los efectos<br \/>y facilitar la adopci\u00f3n de combustibles alternativos con el foco en<br \/>mejoras de costos, la sustentabilidad y la lucha contra el cambio<br \/>clim\u00e1tico haciendo \u00e9nfasis en la reducci\u00f3n de la huella de<br \/>carbono a lo largo de la cadena de valor. Como segunda etapa,<br \/>se evaluar\u00e1n ensayos sobre veh\u00edculos que permitan validar y\/o<br \/>ajustar el modelo para mejorar los resultados alcanzados.<\/p>\n<p>[\/et_pb_text][\/et_pb_column][\/et_pb_row][et_pb_row column_structure=\u00bb1_2,1_2&#8243; _builder_version=\u00bb4.6.6&#8243;][et_pb_column type=\u00bb1_2&#8243; _builder_version=\u00bb3.25&#8243; custom_padding=\u00bb|||\u00bb custom_padding__hover=\u00bb|||\u00bb][et_pb_text _builder_version=\u00bb4.7.7&#8243; text_font=\u00bb||||||||\u00bb text_font_size=\u00bb15px\u00bb text_line_height=\u00bb1.8em\u00bb custom_margin=\u00bb15px|||||\u00bb custom_padding=\u00bb0px|||||\u00bb custom_padding_tablet=\u00bb|40px||40px||true\u00bb custom_padding_last_edited=\u00bboff|desktop\u00bb animation_style=\u00bbslide\u00bb locked=\u00bboff\u00bb]<\/p>\n<p><strong>Encuesta de Log\u00edstica Sustentable \u00a0<\/strong><\/p>\n<p>La Encuesta de Log\u00edstica Sustentable tiene como objetivo medir el grado de inter\u00e9s que las empresas tienen en relaci\u00f3n a normativas, pol\u00edticas, pr\u00e1cticas aplicadas y su correspondiente medici\u00f3n del impacto en la sustentabilidad y la log\u00edstica. Iniciada en 2014, el OLS realiza la encuesta anualmente, de la que participan empresas de diferentes sectores, tanto industriales como de servicio, asociadas al sector log\u00edstico como a otros . En 2020 se est\u00e1 realizando la s\u00e9ptima edici\u00f3n en Argentina y la segunda a nivel regional. Desde el 2019, se est\u00e1 trabajando en conjunto con 7 pa\u00edses latinoamericanos (Uruguay, Brasil, Chile, Per\u00fa, Colombia y Bolivia), presentando un reporte de Argentina y su comparaci\u00f3n Regional.<\/p>\n<p>[\/et_pb_text][\/et_pb_column][et_pb_column type=\u00bb1_2&#8243; _builder_version=\u00bb3.25&#8243; custom_padding=\u00bb|||\u00bb custom_padding__hover=\u00bb|||\u00bb][et_pb_image src=\u00bbhttps:\/\/centros-investigacion-nv.s3.amazonaws.com\/wp-content\/uploads\/sites\/10\/2020\/11\/encuesta-1.png\u00bb title_text=\u00bbencuesta\u00bb force_fullwidth=\u00bbon\u00bb align_tablet=\u00bbcenter\u00bb align_phone=\u00bb\u00bb align_last_edited=\u00bbon|desktop\u00bb _builder_version=\u00bb4.6.6&#8243; locked=\u00bboff\u00bb][\/et_pb_image][\/et_pb_column][\/et_pb_row][et_pb_row column_structure=\u00bb1_2,1_2&#8243; _builder_version=\u00bb4.6.6&#8243;][et_pb_column type=\u00bb1_2&#8243; _builder_version=\u00bb3.25&#8243; custom_padding=\u00bb|||\u00bb custom_padding__hover=\u00bb|||\u00bb][et_pb_image src=\u00bbhttps:\/\/centros-investigacion-nv.s3.amazonaws.com\/wp-content\/uploads\/sites\/10\/2020\/11\/puerto-de-buenos-aires.jpg\u00bb title_text=\u00bbpuerto-de-buenos-aires\u00bb force_fullwidth=\u00bbon\u00bb align_tablet=\u00bbcenter\u00bb align_phone=\u00bb\u00bb align_last_edited=\u00bbon|desktop\u00bb _builder_version=\u00bb4.6.6&#8243; locked=\u00bboff\u00bb][\/et_pb_image][\/et_pb_column][et_pb_column type=\u00bb1_2&#8243; _builder_version=\u00bb3.25&#8243; custom_padding=\u00bb|||\u00bb custom_padding__hover=\u00bb|||\u00bb][et_pb_text _builder_version=\u00bb4.7.7&#8243; text_font=\u00bb||||||||\u00bb text_font_size=\u00bb15px\u00bb text_line_height=\u00bb1.8em\u00bb custom_padding=\u00bb56px|||||\u00bb custom_padding_tablet=\u00bb|40px||40px||true\u00bb custom_padding_last_edited=\u00bboff|desktop\u00bb animation_style=\u00bbslide\u00bb locked=\u00bboff\u00bb]<\/p>\n<p><strong>Sostenibilidad en Puertos<\/strong><\/p>\n<p>En el a\u00f1o 2017 se realiz\u00f3 un trabajo exploratorio acerca de la situaci\u00f3n actual de la sostenibilidad en el sector portuario argentino. El prop\u00f3sito fue identificar buenas pr\u00e1cticas e iniciativas relacionadas a este tema y proporcionar un punto de partida para desarrollo a futuro. En 2020, se est\u00e1 realizando la actualizaci\u00f3n de la tem\u00e1tica con el objetivo de detectar los avances en buenas pr\u00e1cticas.<\/p>\n<p>[\/et_pb_text][\/et_pb_column][\/et_pb_row][\/et_pb_section]<\/p>\n","protected":false},"excerpt":{"rendered":"<p>Proyectos en curso \u00a0Centro de Log\u00edstica Integrada y Operaciones\u00a0Combustibles Alternativos en Transporte de Carga El proyecto tiene por objetivo relevar la situaci\u00f3n actual a nivelmundial, regional y local de la [&hellip;]<\/p>\n","protected":false},"author":7,"featured_media":0,"parent":0,"menu_order":0,"comment_status":"closed","ping_status":"closed","template":"","meta":{"_et_pb_use_builder":"on","_et_pb_old_content":"","_et_gb_content_width":"","footnotes":""},"class_list":["post-281","page","type-page","status-publish","hentry"],"_links":{"self":[{"href":"https:\/\/www.itba.edu.ar\/centros\/clio\/wp-json\/wp\/v2\/pages\/281","targetHints":{"allow":["GET"]}}],"collection":[{"href":"https:\/\/www.itba.edu.ar\/centros\/clio\/wp-json\/wp\/v2\/pages"}],"about":[{"href":"https:\/\/www.itba.edu.ar\/centros\/clio\/wp-json\/wp\/v2\/types\/page"}],"author":[{"embeddable":true,"href":"https:\/\/www.itba.edu.ar\/centros\/clio\/wp-json\/wp\/v2\/users\/7"}],"replies":[{"embeddable":true,"href":"https:\/\/www.itba.edu.ar\/centros\/clio\/wp-json\/wp\/v2\/comments?post=281"}],"version-history":[{"count":15,"href":"https:\/\/www.itba.edu.ar\/centros\/clio\/wp-json\/wp\/v2\/pages\/281\/revisions"}],"predecessor-version":[{"id":636,"href":"https:\/\/www.itba.edu.ar\/centros\/clio\/wp-json\/wp\/v2\/pages\/281\/revisions\/636"}],"wp:attachment":[{"href":"https:\/\/www.itba.edu.ar\/centros\/clio\/wp-json\/wp\/v2\/media?parent=281"}],"curies":[{"name":"wp","href":"https:\/\/api.w.org\/{rel}","templated":true}]}}