{"id":136,"date":"2020-11-09T19:04:24","date_gmt":"2020-11-09T19:04:24","guid":{"rendered":"https:\/\/www.itba.edu.ar\/centros\/clio\/?page_id=136"},"modified":"2021-04-06T14:23:24","modified_gmt":"2021-04-06T14:23:24","slug":"nuestro-equipo","status":"publish","type":"page","link":"https:\/\/www.itba.edu.ar\/centros\/clio\/nuestro-equipo\/","title":{"rendered":"Nuestro Equipo"},"content":{"rendered":"<p>[et_pb_section fb_built=\u00bb1&#8243; admin_label=\u00bbHero\u00bb _builder_version=\u00bb4.7.7&#8243; use_background_color_gradient=\u00bbon\u00bb background_color_gradient_start=\u00bbrgba(40,40,40,0.79)\u00bb background_color_gradient_end=\u00bbrgba(40,40,40,0.86)\u00bb background_color_gradient_type=\u00bbradial\u00bb background_color_gradient_direction_radial=\u00bbtop left\u00bb background_color_gradient_overlays_image=\u00bbon\u00bb background_image=\u00bbhttps:\/\/centros-investigacion-nv.s3.amazonaws.com\/wp-content\/uploads\/sites\/10\/2020\/11\/clio-nuestro-equipo.jpg\u00bb background_blend=\u00bbhard-light\u00bb max_height=\u00bb400px\u00bb custom_margin=\u00bb||||false\u00bb custom_padding=\u00bb10vw||10vw||true|false\u00bb][et_pb_row column_structure=\u00bb2_3,1_3&#8243; _builder_version=\u00bb4.6.6&#8243; custom_margin=\u00bb-50px||||false|false\u00bb border_color_all=\u00bb#D6D129&#8243;][et_pb_column type=\u00bb2_3&#8243; _builder_version=\u00bb3.25&#8243; custom_padding=\u00bb|||\u00bb custom_padding__hover=\u00bb|||\u00bb][et_pb_text _builder_version=\u00bb4.7.7&#8243; text_font=\u00bb||||||||\u00bb header_font=\u00bbRubik|700|||||||\u00bb header_font_size=\u00bb64px\u00bb header_line_height=\u00bb1.1em\u00bb background_layout=\u00bbdark\u00bb max_width=\u00bb800px\u00bb custom_margin=\u00bb||0px|\u00bb custom_padding=\u00bb|||16px\u00bb text_font_size_tablet=\u00bb14px\u00bb text_font_size_last_edited=\u00bboff|desktop\u00bb header_font_size_tablet=\u00bb44px\u00bb header_font_size_phone=\u00bb32px\u00bb header_font_size_last_edited=\u00bbon|phone\u00bb border_color_all=\u00bb#D6D129&#8243; border_width_left=\u00bb10px\u00bb]<\/p>\n<h1>Nuestro Equipo<\/h1>\n<h2><span style=\"background-color: #d6d129;background-size: auto;line-height: 1.6\">\u00a0Centro de Log\u00edstica Integrada y Operaciones\u00a0<\/span><\/h2>\n<p>[\/et_pb_text][\/et_pb_column][et_pb_column type=\u00bb1_3&#8243; _builder_version=\u00bb3.25&#8243; custom_padding=\u00bb|||\u00bb custom_padding__hover=\u00bb|||\u00bb][\/et_pb_column][\/et_pb_row][\/et_pb_section][et_pb_section fb_built=\u00bb1&#8243; admin_label=\u00bbRelated Services\u00bb _builder_version=\u00bb3.22&#8243; background_color=\u00bb#f7f7f7&#8243;][et_pb_row column_structure=\u00bb1_4,1_4,1_4,1_4&#8243; use_custom_gutter=\u00bbon\u00bb _builder_version=\u00bb4.6.6&#8243; custom_margin=\u00bb|||\u00bb][et_pb_column type=\u00bb1_4&#8243; _builder_version=\u00bb3.25&#8243; custom_padding=\u00bb|||\u00bb custom_padding__hover=\u00bb|||\u00bb][et_pb_image src=\u00bbhttps:\/\/centros-investigacion-nv.s3.amazonaws.com\/wp-content\/uploads\/sites\/10\/2021\/04\/Leopoldo1.jpg\u00bb title_text=\u00bbLeopoldo1&#8243; _builder_version=\u00bb4.9.2&#8243; _module_preset=\u00bbdefault\u00bb hover_enabled=\u00bb0&#8243; sticky_enabled=\u00bb0&#8243;][\/et_pb_image][et_pb_text _builder_version=\u00bb4.7.7&#8243; _module_preset=\u00bbdefault\u00bb text_line_height=\u00bb1.9em\u00bb]<\/p>\n<h4><strong>Leopoldo De Bernandez<\/strong><\/h4>\n<h4><strong>Director del CLIO<\/strong><\/p>\n<\/h4>\n<p><span>Ingeniero Qu\u00edmico y Doctor en Ingenier\u00eda de la Universidad del Litoral. <\/span><\/p>\n<p><span>Profesor Titular en el \u00e1rea de Tecnolog\u00edas del Departamento de Ingenier\u00eda Industrial del ITBA. <\/span><\/p>\n<p>[\/et_pb_text][\/et_pb_column][et_pb_column type=\u00bb1_4&#8243; _builder_version=\u00bb3.25&#8243; custom_padding=\u00bb|||\u00bb custom_padding__hover=\u00bb|||\u00bb][et_pb_image src=\u00bbhttps:\/\/centros-investigacion-nv.s3.amazonaws.com\/wp-content\/uploads\/sites\/10\/2021\/04\/IMG_0294-2.jpg\u00bb title_text=\u00bbIMG_0294&#8243; _builder_version=\u00bb4.9.2&#8243; _module_preset=\u00bbdefault\u00bb hover_enabled=\u00bb0&#8243; sticky_enabled=\u00bb0&#8243;][\/et_pb_image][et_pb_text _builder_version=\u00bb4.6.6&#8243; _module_preset=\u00bbdefault\u00bb]<\/p>\n<h4><strong><span>Teresa Brandi<\/span><\/strong><\/h4>\n<h4><strong><span>Co-directora del CLIO<\/span><\/strong><\/h4>\n<p>Ingeniera Industrial del Instituto Tecnol\u00f3gico de Buenos Aires. Doctorado Profesional en Ingenier\u00eda (TUE Universidad Tecnol\u00f3gica de Eindhoven, Holanda).<br \/>Docente de la C\u00e1tedra de Log\u00edstica del ITBA.<\/p>\n<p>[\/et_pb_text][\/et_pb_column][et_pb_column type=\u00bb1_4&#8243; _builder_version=\u00bb3.25&#8243; custom_padding=\u00bb|||\u00bb custom_padding__hover=\u00bb|||\u00bb][et_pb_image src=\u00bbhttps:\/\/centros-investigacion-nv.s3.amazonaws.com\/wp-content\/uploads\/sites\/10\/2021\/04\/Gonzalo-3.jpeg\u00bb title_text=\u00bbGonzalo 3&#8243; _builder_version=\u00bb4.9.2&#8243; _module_preset=\u00bbdefault\u00bb hover_enabled=\u00bb0&#8243; sticky_enabled=\u00bb0&#8243;][\/et_pb_image][et_pb_text _builder_version=\u00bb4.6.6&#8243; _module_preset=\u00bbdefault\u00bb]<\/p>\n<h4><strong><span>Gonzalo L\u00f3pez Escriv\u00e1<\/span><\/strong><\/h4>\n<h4> <strong><span>Coordinador del CLIO<\/span><\/strong><\/h4>\n<p>Ingeniero Industrial del Instituto Tecnol\u00f3gico de Buenos Aires.<\/p>\n<p>Master en Administraci\u00f3n de Empresas IDEA. <br \/>Docente de la C\u00e1tedra de Log\u00edstica del ITBA.<br \/>Consultor de Log\u00edstica<\/p>\n<p>[\/et_pb_text][\/et_pb_column][et_pb_column type=\u00bb1_4&#8243; _builder_version=\u00bb3.25&#8243; custom_padding=\u00bb|||\u00bb custom_padding__hover=\u00bb|||\u00bb][et_pb_image src=\u00bbhttps:\/\/centros-investigacion-nv.s3.amazonaws.com\/wp-content\/uploads\/sites\/10\/2021\/01\/FOTO-JCLM-F-AGB-3-1-scaled-e1611067404938.jpg\u00bb title_text=\u00bbFOTO JCLM F AGB (3) (1)\u00bb _builder_version=\u00bb4.9.2&#8243; _module_preset=\u00bbdefault\u00bb hover_enabled=\u00bb0&#8243; sticky_enabled=\u00bb0&#8243;][\/et_pb_image][et_pb_text _builder_version=\u00bb4.7.7&#8243; _module_preset=\u00bbdefault\u00bb text_line_height=\u00bb1.6em\u00bb]<\/p>\n<h4><strong><span>Juan Carlos L\u00f3pez Mart\u00ed<\/span><\/strong><\/h4>\n<h4><strong><span>Coordinador del OLS<\/span><\/strong><\/h4>\n<p>Licenciado en Organizaci\u00f3n y Administraci\u00f3n de Empresas UADE.<br \/> Fundador del CLIO.<br \/> Docente y Consultor especializado en temas de SCM y Operaciones. Co Director y<br \/> profesor del Diplomado en Gesti\u00f3n Portuaria y V\u00edas Navegables.<\/p>\n<p>[\/et_pb_text][\/et_pb_column][\/et_pb_row][et_pb_row _builder_version=\u00bb4.6.6&#8243; _module_preset=\u00bbdefault\u00bb][et_pb_column type=\u00bb4_4&#8243; _builder_version=\u00bb4.6.6&#8243; _module_preset=\u00bbdefault\u00bb][et_pb_text _builder_version=\u00bb4.7.7&#8243; _module_preset=\u00bbdefault\u00bb]<\/p>\n<h1><strong><span>Staff Alumnos<\/span><\/strong><\/h1>\n<p><strong><span><\/span><\/strong><\/p>\n<p><strong><span><\/span><\/strong><\/p>\n<p><strong><span>Coordinaci\u00f3n:\u00a0\u00a0<\/span><\/strong><span>Carlos Augusto Coccia &#8211;\u00a0<\/span><span>I\u00f1aki Grehan &#8211;\u00a0<\/span><span>Conrado Valenzuela\u00a0<\/span><\/p>\n<p><span><strong>Proyectos:\u00a0\u00a0<\/strong><\/span><span>Marcos Soria &#8211;\u00a0 Alex Adem &#8211;\u00a0 Nicolas Barbarosch &#8211; Camila Carbone &#8211; Camila del Valle Coltrinari &#8211; Michelle Yassin<\/span><\/p>\n<p><span><\/span><\/p>\n<p><span><\/span><\/p>\n<p>[\/et_pb_text][\/et_pb_column][\/et_pb_row][\/et_pb_section]<\/p>\n","protected":false},"excerpt":{"rendered":"<p>Nuestro Equipo \u00a0Centro de Log\u00edstica Integrada y Operaciones\u00a0Leopoldo De Bernandez Director del CLIO Ingeniero Qu\u00edmico y Doctor en Ingenier\u00eda de la Universidad del Litoral. Profesor Titular en el \u00e1rea de [&hellip;]<\/p>\n","protected":false},"author":7,"featured_media":0,"parent":0,"menu_order":0,"comment_status":"closed","ping_status":"closed","template":"","meta":{"_et_pb_use_builder":"on","_et_pb_old_content":"","_et_gb_content_width":"","footnotes":""},"class_list":["post-136","page","type-page","status-publish","hentry"],"_links":{"self":[{"href":"https:\/\/www.itba.edu.ar\/centros\/clio\/wp-json\/wp\/v2\/pages\/136","targetHints":{"allow":["GET"]}}],"collection":[{"href":"https:\/\/www.itba.edu.ar\/centros\/clio\/wp-json\/wp\/v2\/pages"}],"about":[{"href":"https:\/\/www.itba.edu.ar\/centros\/clio\/wp-json\/wp\/v2\/types\/page"}],"author":[{"embeddable":true,"href":"https:\/\/www.itba.edu.ar\/centros\/clio\/wp-json\/wp\/v2\/users\/7"}],"replies":[{"embeddable":true,"href":"https:\/\/www.itba.edu.ar\/centros\/clio\/wp-json\/wp\/v2\/comments?post=136"}],"version-history":[{"count":17,"href":"https:\/\/www.itba.edu.ar\/centros\/clio\/wp-json\/wp\/v2\/pages\/136\/revisions"}],"predecessor-version":[{"id":696,"href":"https:\/\/www.itba.edu.ar\/centros\/clio\/wp-json\/wp\/v2\/pages\/136\/revisions\/696"}],"wp:attachment":[{"href":"https:\/\/www.itba.edu.ar\/centros\/clio\/wp-json\/wp\/v2\/media?parent=136"}],"curies":[{"name":"wp","href":"https:\/\/api.w.org\/{rel}","templated":true}]}}