{"id":9,"date":"2020-11-11T16:17:01","date_gmt":"2020-11-11T16:17:01","guid":{"rendered":"https:\/\/www.itba.edu.ar\/centros\/cima\/?page_id=9"},"modified":"2020-12-03T15:32:46","modified_gmt":"2020-12-03T15:32:46","slug":"el-centro","status":"publish","type":"page","link":"https:\/\/www.itba.edu.ar\/centros\/cima\/","title":{"rendered":"El Centro"},"content":{"rendered":"<p>[et_pb_section fb_built=\u00bb1&#8243; admin_label=\u00bbHero\u00bb _builder_version=\u00bb4.6.6&#8243; use_background_color_gradient=\u00bbon\u00bb background_color_gradient_start=\u00bbrgba(40,40,40,0.79)\u00bb background_color_gradient_end=\u00bbrgba(40,40,40,0.86)\u00bb background_color_gradient_type=\u00bbradial\u00bb background_color_gradient_direction_radial=\u00bbtop left\u00bb background_color_gradient_overlays_image=\u00bbon\u00bb background_image=\u00bbhttps:\/\/centros-investigacion-nv.s3.amazonaws.com\/wp-content\/uploads\/sites\/8\/2020\/11\/cima-home.jpg\u00bb parallax=\u00bbon\u00bb custom_margin=\u00bb||||false\u00bb custom_padding=\u00bb10vw||10vw||true|false\u00bb][et_pb_row column_structure=\u00bb2_3,1_3&#8243; _builder_version=\u00bb3.25&#8243;][et_pb_column type=\u00bb2_3&#8243; _builder_version=\u00bb3.25&#8243; custom_padding=\u00bb|||\u00bb custom_padding__hover=\u00bb|||\u00bb][et_pb_text _builder_version=\u00bb4.6.6&#8243; text_font=\u00bb||||||||\u00bb header_font=\u00bbRubik|700|||||||\u00bb header_font_size=\u00bb64px\u00bb header_line_height=\u00bb1.1em\u00bb background_layout=\u00bbdark\u00bb max_width=\u00bb800px\u00bb custom_margin=\u00bb||0px|\u00bb custom_padding=\u00bb|||16px\u00bb text_font_size_tablet=\u00bb14px\u00bb text_font_size_last_edited=\u00bboff|desktop\u00bb header_font_size_tablet=\u00bb44px\u00bb header_font_size_phone=\u00bb32px\u00bb header_font_size_last_edited=\u00bbon|phone\u00bb border_color_all=\u00bb#870090&#8243; border_width_left=\u00bb10px\u00bb]<\/p>\n<h1 style=\"font-size: 85px\">CIMA<\/h1>\n<h2><span style=\"background-color: #870090;background-size: auto;line-height: 1.6\">Centro de Ingenier\u00eda en Medio Ambiente <\/span><\/h2>\n<h2>Departamento de Ingenier\u00eda Qu\u00edmica<\/h2>\n<p>[\/et_pb_text][\/et_pb_column][et_pb_column type=\u00bb1_3&#8243; _builder_version=\u00bb3.25&#8243; custom_padding=\u00bb|||\u00bb custom_padding__hover=\u00bb|||\u00bb][\/et_pb_column][\/et_pb_row][\/et_pb_section][et_pb_section fb_built=\u00bb1&#8243; admin_label=\u00bbAbout Us\u00bb _builder_version=\u00bb3.22&#8243;][et_pb_row _builder_version=\u00bb4.6.6&#8243;][et_pb_column type=\u00bb4_4&#8243; _builder_version=\u00bb3.25&#8243; custom_padding=\u00bb|||\u00bb custom_padding__hover=\u00bb|||\u00bb][et_pb_text _builder_version=\u00bb4.6.6&#8243; text_font=\u00bb||||||||\u00bb text_font_size=\u00bb15px\u00bb text_line_height=\u00bb1.8em\u00bb custom_padding=\u00bb|||\u00bb custom_padding_tablet=\u00bb|40px||40px||true\u00bb custom_padding_last_edited=\u00bboff|desktop\u00bb]<\/p>\n<p>El Centro de Ingenier\u00eda en Medio Ambiente fue creado con el objetivo de nuclear y fomentar actividades relacionadas con las ciencias e ingenier\u00edas del medio ambiente dentro del ITBA.<\/p>\n<p>El centro ofrece instalaciones y recursos humanos para el desarrollo de proyectos de investigaci\u00f3n, tesis doctorales, servicios tecnol\u00f3gicos especializados y actividades de extensi\u00f3n en problem\u00e1ticas ambientales.<\/p>\n<p>[\/et_pb_text][\/et_pb_column][\/et_pb_row][et_pb_row _builder_version=\u00bb4.6.6&#8243; min_height=\u00bb371px\u00bb hover_enabled=\u00bb0&#8243; sticky_enabled=\u00bb0&#8243;][et_pb_column type=\u00bb4_4&#8243; _builder_version=\u00bb3.25&#8243; custom_padding=\u00bb|||\u00bb custom_padding__hover=\u00bb|||\u00bb][et_pb_blurb icon_placement=\u00bbleft\u00bb content_max_width=\u00bb1100px\u00bb content_max_width_tablet=\u00bb1100px\u00bb content_max_width_last_edited=\u00bboff|desktop\u00bb _builder_version=\u00bb4.6.6&#8243; header_font=\u00bbRubik|700|||||||\u00bb header_line_height=\u00bb1.4em\u00bb body_font=\u00bb||||||||\u00bb body_text_color=\u00bb#000000&#8243; body_font_size=\u00bb15px\u00bb body_line_height=\u00bb1.8em\u00bb min_height=\u00bb233px\u00bb custom_margin=\u00bb|||\u00bb custom_padding=\u00bb|||\u00bb animation_style=\u00bbslide\u00bb animation_direction=\u00bbright\u00bb animation_intensity_slide=\u00bb10%\u00bb animation=\u00bboff\u00bb locked=\u00bboff\u00bb]<\/p>\n<p><strong>\u00c1rea estrat\u00e9gica y capacidad\/es:<br \/> <\/strong><\/p>\n<p>Sanidad e Ingenier\u00eda ambiental y Qu\u00edmica Aplicada.<\/p>\n<p><strong>\u00c1rea del conocimiento:<\/strong><\/p>\n<p>Ingenier\u00eda ambiental\/Nanotecnolog\u00edas<\/p>\n<p><strong>Sub\u00e1rea: <\/strong><\/p>\n<p>Tratamientos de agua<\/p>\n<p>[\/et_pb_blurb][\/et_pb_column][\/et_pb_row][et_pb_row column_structure=\u00bb1_2,1_2&#8243; use_custom_gutter=\u00bbon\u00bb gutter_width=\u00bb1&#8243; padding_top_bottom_link_1=\u00bbtrue\u00bb padding_top_bottom_link_2=\u00bbtrue\u00bb _builder_version=\u00bb4.6.6&#8243; module_alignment=\u00bbcenter\u00bb custom_margin=\u00bb|||\u00bb custom_padding=\u00bb0px||0px||true\u00bb animation_style=\u00bbslide\u00bb animation_direction=\u00bbtop\u00bb animation_intensity_slide=\u00bb10%\u00bb hover_enabled=\u00bb0&#8243; use_custom_width=\u00bbon\u00bb width_unit=\u00bboff\u00bb custom_width_percent=\u00bb100%\u00bb locked=\u00bboff\u00bb sticky_enabled=\u00bb0&#8243;][et_pb_column type=\u00bb1_2&#8243; _builder_version=\u00bb4.6.6&#8243; background_color=\u00bb#870090&#8243; custom_padding=\u00bb40px||40px|\u00bb custom_padding__hover=\u00bb|||\u00bb][et_pb_button button_text=\u00bbPublicaciones\u00bb button_alignment=\u00bbcenter\u00bb _builder_version=\u00bb4.6.6&#8243; custom_button=\u00bbon\u00bb button_text_size=\u00bb14px\u00bb button_border_width=\u00bb4px\u00bb button_border_radius=\u00bb0px\u00bb button_letter_spacing=\u00bb4px\u00bb button_font=\u00bbArimo|700||on|||||\u00bb button_icon=\u00bb%%3%%\u00bb background_layout=\u00bbdark\u00bb custom_padding=\u00bb12px|30px|12px|30px|true|true\u00bb hover_enabled=\u00bb0&#8243; button_border_color_hover=\u00bb#ffffff\u00bb button_bg_color_hover=\u00bbrgba(0,0,0,0)\u00bb button_text_size__hover_enabled=\u00bboff\u00bb button_one_text_size__hover_enabled=\u00bboff\u00bb button_two_text_size__hover_enabled=\u00bboff\u00bb button_text_color__hover_enabled=\u00bboff\u00bb button_one_text_color__hover_enabled=\u00bboff\u00bb button_two_text_color__hover_enabled=\u00bboff\u00bb button_border_width__hover_enabled=\u00bboff\u00bb button_one_border_width__hover_enabled=\u00bboff\u00bb button_two_border_width__hover_enabled=\u00bboff\u00bb button_border_color__hover_enabled=\u00bbon\u00bb button_border_color__hover=\u00bb#ffffff\u00bb button_one_border_color__hover_enabled=\u00bboff\u00bb button_two_border_color__hover_enabled=\u00bboff\u00bb button_border_radius__hover_enabled=\u00bboff\u00bb button_one_border_radius__hover_enabled=\u00bboff\u00bb button_two_border_radius__hover_enabled=\u00bboff\u00bb button_letter_spacing__hover_enabled=\u00bboff\u00bb button_one_letter_spacing__hover_enabled=\u00bboff\u00bb button_two_letter_spacing__hover_enabled=\u00bboff\u00bb button_bg_color__hover_enabled=\u00bbon\u00bb button_bg_color__hover=\u00bbrgba(0,0,0,0)\u00bb button_one_bg_color__hover_enabled=\u00bboff\u00bb button_two_bg_color__hover_enabled=\u00bboff\u00bb button_url=\u00bbhttps:\/\/www.itba.edu.ar\/centros\/cima\/publicaciones\/\u00bb sticky_enabled=\u00bb0&#8243;][\/et_pb_button][\/et_pb_column][et_pb_column type=\u00bb1_2&#8243; _builder_version=\u00bb4.6.6&#8243; background_color=\u00bb#870090&#8243; custom_padding=\u00bb40px||40px|\u00bb custom_padding__hover=\u00bb|||\u00bb][et_pb_button button_text=\u00bbProyectos\u00bb button_alignment=\u00bbcenter\u00bb _builder_version=\u00bb4.6.6&#8243; custom_button=\u00bbon\u00bb button_text_size=\u00bb14px\u00bb button_border_width=\u00bb4px\u00bb button_border_radius=\u00bb0px\u00bb button_letter_spacing=\u00bb4px\u00bb button_font=\u00bbArimo|700||on|||||\u00bb button_icon=\u00bb%%3%%\u00bb background_layout=\u00bbdark\u00bb custom_padding=\u00bb12px|30px|12px|30px|true|true\u00bb hover_enabled=\u00bb0&#8243; button_border_color_hover=\u00bb#ffffff\u00bb button_bg_color_hover=\u00bbrgba(0,0,0,0)\u00bb locked=\u00bboff\u00bb button_text_size__hover_enabled=\u00bboff\u00bb button_one_text_size__hover_enabled=\u00bboff\u00bb button_two_text_size__hover_enabled=\u00bboff\u00bb button_text_color__hover_enabled=\u00bboff\u00bb button_one_text_color__hover_enabled=\u00bboff\u00bb button_two_text_color__hover_enabled=\u00bboff\u00bb button_border_width__hover_enabled=\u00bboff\u00bb button_one_border_width__hover_enabled=\u00bboff\u00bb button_two_border_width__hover_enabled=\u00bboff\u00bb button_border_color__hover_enabled=\u00bbon\u00bb button_border_color__hover=\u00bb#ffffff\u00bb button_one_border_color__hover_enabled=\u00bboff\u00bb button_two_border_color__hover_enabled=\u00bboff\u00bb button_border_radius__hover_enabled=\u00bboff\u00bb button_one_border_radius__hover_enabled=\u00bboff\u00bb button_two_border_radius__hover_enabled=\u00bboff\u00bb button_letter_spacing__hover_enabled=\u00bboff\u00bb button_one_letter_spacing__hover_enabled=\u00bboff\u00bb button_two_letter_spacing__hover_enabled=\u00bboff\u00bb button_bg_color__hover_enabled=\u00bbon\u00bb button_bg_color__hover=\u00bbrgba(0,0,0,0)\u00bb button_one_bg_color__hover_enabled=\u00bboff\u00bb button_two_bg_color__hover_enabled=\u00bboff\u00bb button_url=\u00bbhttps:\/\/www.itba.edu.ar\/centros\/cima\/proyectos\/\u00bb sticky_enabled=\u00bb0&#8243;][\/et_pb_button][\/et_pb_column][\/et_pb_row][\/et_pb_section]<\/p>\n","protected":false},"excerpt":{"rendered":"<p>CIMA Centro de Ingenier\u00eda en Medio Ambiente Departamento de Ingenier\u00eda Qu\u00edmicaEl Centro de Ingenier\u00eda en Medio Ambiente fue creado con el objetivo de nuclear y fomentar actividades relacionadas con las ciencias e ingenier\u00edas del medio ambiente dentro del ITBA. El centro ofrece instalaciones y recursos humanos para el desarrollo de proyectos de investigaci\u00f3n, tesis doctorales, [&hellip;]<\/p>\n","protected":false},"author":7,"featured_media":0,"parent":0,"menu_order":0,"comment_status":"closed","ping_status":"closed","template":"","meta":{"_et_pb_use_builder":"on","_et_pb_old_content":"","_et_gb_content_width":"","footnotes":""},"class_list":["post-9","page","type-page","status-publish","hentry"],"_links":{"self":[{"href":"https:\/\/www.itba.edu.ar\/centros\/cima\/wp-json\/wp\/v2\/pages\/9","targetHints":{"allow":["GET"]}}],"collection":[{"href":"https:\/\/www.itba.edu.ar\/centros\/cima\/wp-json\/wp\/v2\/pages"}],"about":[{"href":"https:\/\/www.itba.edu.ar\/centros\/cima\/wp-json\/wp\/v2\/types\/page"}],"author":[{"embeddable":true,"href":"https:\/\/www.itba.edu.ar\/centros\/cima\/wp-json\/wp\/v2\/users\/7"}],"replies":[{"embeddable":true,"href":"https:\/\/www.itba.edu.ar\/centros\/cima\/wp-json\/wp\/v2\/comments?post=9"}],"version-history":[{"count":18,"href":"https:\/\/www.itba.edu.ar\/centros\/cima\/wp-json\/wp\/v2\/pages\/9\/revisions"}],"predecessor-version":[{"id":174,"href":"https:\/\/www.itba.edu.ar\/centros\/cima\/wp-json\/wp\/v2\/pages\/9\/revisions\/174"}],"wp:attachment":[{"href":"https:\/\/www.itba.edu.ar\/centros\/cima\/wp-json\/wp\/v2\/media?parent=9"}],"curies":[{"name":"wp","href":"https:\/\/api.w.org\/{rel}","templated":true}]}}