{"id":53,"date":"2020-11-11T17:00:00","date_gmt":"2020-11-11T17:00:00","guid":{"rendered":"https:\/\/www.itba.edu.ar\/centros\/cima\/?page_id=53"},"modified":"2020-12-01T12:21:31","modified_gmt":"2020-12-01T12:21:31","slug":"lineas-de-investigacion","status":"publish","type":"page","link":"https:\/\/www.itba.edu.ar\/centros\/cima\/lineas-de-investigacion\/","title":{"rendered":"L\u00edneas de Investigaci\u00f3n"},"content":{"rendered":"<p>[et_pb_section fb_built=\u00bb1&#8243; admin_label=\u00bbHero\u00bb _builder_version=\u00bb4.6.6&#8243; use_background_color_gradient=\u00bbon\u00bb background_color_gradient_start=\u00bbrgba(40,40,40,0.79)\u00bb background_color_gradient_end=\u00bbrgba(40,40,40,0.86)\u00bb background_color_gradient_type=\u00bbradial\u00bb background_color_gradient_direction_radial=\u00bbtop left\u00bb background_color_gradient_overlays_image=\u00bbon\u00bb background_image=\u00bbhttps:\/\/centros-investigacion-nv.s3.amazonaws.com\/wp-content\/uploads\/sites\/8\/2020\/11\/cabezal-lienas-de-investigacion-cima.jpg\u00bb parallax=\u00bbon\u00bb max_height=\u00bb400px\u00bb custom_margin=\u00bb-50px||||false|false\u00bb custom_padding=\u00bb10vw||10vw||true|false\u00bb][et_pb_row _builder_version=\u00bb4.6.6&#8243; hover_enabled=\u00bb0&#8243; custom_padding=\u00bb0px||||false|false\u00bb sticky_enabled=\u00bb0&#8243;][et_pb_column type=\u00bb4_4&#8243; _builder_version=\u00bb3.25&#8243; custom_padding=\u00bb|||\u00bb custom_padding__hover=\u00bb|||\u00bb][et_pb_text _builder_version=\u00bb4.6.6&#8243; text_font=\u00bb||||||||\u00bb header_font=\u00bbRubik|700|||||||\u00bb header_font_size=\u00bb64px\u00bb header_line_height=\u00bb1.1em\u00bb background_layout=\u00bbdark\u00bb custom_margin=\u00bb||0px|\u00bb custom_padding=\u00bb|||16px\u00bb hover_enabled=\u00bb0&#8243; text_font_size_tablet=\u00bb14px\u00bb text_font_size_last_edited=\u00bboff|desktop\u00bb header_font_size_tablet=\u00bb44px\u00bb header_font_size_phone=\u00bb32px\u00bb header_font_size_last_edited=\u00bbon|phone\u00bb border_color_all=\u00bb#870090&#8243; border_width_left=\u00bb10px\u00bb sticky_enabled=\u00bb0&#8243;]<\/p>\n<h1>L\u00edneas de Investigaci\u00f3n<\/h1>\n<h2><span style=\"background-color: #870090;background-size: auto;line-height: 1.6\">Centro de Ingenier\u00eda en Medio Ambiente <\/span><\/h2>\n<p>[\/et_pb_text][\/et_pb_column][\/et_pb_row][\/et_pb_section][et_pb_section fb_built=\u00bb1&#8243; admin_label=\u00bbAbout Us\u00bb _builder_version=\u00bb3.22&#8243;][et_pb_row _builder_version=\u00bb4.6.6&#8243;][et_pb_column type=\u00bb4_4&#8243; _builder_version=\u00bb3.25&#8243; custom_padding=\u00bb|||\u00bb custom_padding__hover=\u00bb|||\u00bb][et_pb_text _builder_version=\u00bb4.6.6&#8243; text_font=\u00bb||||||||\u00bb text_font_size=\u00bb15px\u00bb text_line_height=\u00bb1.8em\u00bb custom_padding=\u00bb|||\u00bb custom_padding_tablet=\u00bb|40px||40px||true\u00bb custom_padding_last_edited=\u00bboff|desktop\u00bb animation_style=\u00bbslide\u00bb]<\/p>\n<p>Desarrollo de m\u00e9todos de cuantificaci\u00f3n de t\u00f3xicos met\u00e1licos en matrices ambientales. Estudio de procesos de degradaci\u00f3n de contaminantes emergentes aplicados a tratamientos de aguas<\/p>\n<p>Nanotecnolog\u00eda en tratamiento de aguas. Interfases en el medio ambiente; membranas, part\u00edculas y nanotecnolog\u00eda. Fen\u00f3menos de superficie que afectan el transporte y la remoci\u00f3n de coloides naturales, biol\u00f3gicos e ingenieriles en aguas naturales. Micropl\u00e1sticos.<\/p>\n<p>Modificaci\u00f3n qu\u00edmica de pol\u00edmeros para aplicaciones tecnol\u00f3gicas y desarrollo de nuevas metodolog\u00edas para tratamiento de aguas. Desarrollo de sistemas de almacenamiento de energ\u00eda t\u00e9rmica<\/p>\n<p>\u00a0Nanomateriales en sistemas ingenieriles.\u00a0 Impacto de nanopart\u00edculas en plantas de tratamiento de efluentes por lodos activados. Tratamiento de efluentes por lodos activados. Remediaci\u00f3n de suelos utilizando nanopart\u00edculas de s\u00edntesis\u00a0verde.\u00a0<\/p>\n<p>Remoci\u00f3n de compuestos org\u00e1nicos en soluciones acuosas por Fenton Heterog\u00e9neo Tecnolog\u00eda de descarga el\u00e9ctrica de plasma para remediaci\u00f3n de agua. Materiales de Cambio de Fase: Desarrollo y An\u00e1lisis de la Factibilidad de su Implementaci\u00f3n en Sistemas Energ\u00e9ticamente Sustentables<\/p>\n<p>[\/et_pb_text][\/et_pb_column][\/et_pb_row][\/et_pb_section]<\/p>\n","protected":false},"excerpt":{"rendered":"<p>L\u00edneas de Investigaci\u00f3n Centro de Ingenier\u00eda en Medio Ambiente Desarrollo de m\u00e9todos de cuantificaci\u00f3n de t\u00f3xicos met\u00e1licos en matrices ambientales. Estudio de procesos de degradaci\u00f3n de contaminantes emergentes aplicados a tratamientos de aguas Nanotecnolog\u00eda en tratamiento de aguas. Interfases en el medio ambiente; membranas, part\u00edculas y nanotecnolog\u00eda. Fen\u00f3menos de superficie que afectan el transporte y [&hellip;]<\/p>\n","protected":false},"author":7,"featured_media":0,"parent":0,"menu_order":0,"comment_status":"closed","ping_status":"closed","template":"","meta":{"_et_pb_use_builder":"on","_et_pb_old_content":"","_et_gb_content_width":"","footnotes":""},"class_list":["post-53","page","type-page","status-publish","hentry"],"_links":{"self":[{"href":"https:\/\/www.itba.edu.ar\/centros\/cima\/wp-json\/wp\/v2\/pages\/53","targetHints":{"allow":["GET"]}}],"collection":[{"href":"https:\/\/www.itba.edu.ar\/centros\/cima\/wp-json\/wp\/v2\/pages"}],"about":[{"href":"https:\/\/www.itba.edu.ar\/centros\/cima\/wp-json\/wp\/v2\/types\/page"}],"author":[{"embeddable":true,"href":"https:\/\/www.itba.edu.ar\/centros\/cima\/wp-json\/wp\/v2\/users\/7"}],"replies":[{"embeddable":true,"href":"https:\/\/www.itba.edu.ar\/centros\/cima\/wp-json\/wp\/v2\/comments?post=53"}],"version-history":[{"count":9,"href":"https:\/\/www.itba.edu.ar\/centros\/cima\/wp-json\/wp\/v2\/pages\/53\/revisions"}],"predecessor-version":[{"id":148,"href":"https:\/\/www.itba.edu.ar\/centros\/cima\/wp-json\/wp\/v2\/pages\/53\/revisions\/148"}],"wp:attachment":[{"href":"https:\/\/www.itba.edu.ar\/centros\/cima\/wp-json\/wp\/v2\/media?parent=53"}],"curies":[{"name":"wp","href":"https:\/\/api.w.org\/{rel}","templated":true}]}}