{"id":39,"date":"2020-11-11T16:48:12","date_gmt":"2020-11-11T16:48:12","guid":{"rendered":"https:\/\/www.itba.edu.ar\/centros\/cima\/?page_id=39"},"modified":"2020-12-01T12:22:29","modified_gmt":"2020-12-01T12:22:29","slug":"quienes-somos","status":"publish","type":"page","link":"https:\/\/www.itba.edu.ar\/centros\/cima\/quienes-somos\/","title":{"rendered":"Quienes Somos"},"content":{"rendered":"<p>[et_pb_section fb_built=\u00bb1&#8243; admin_label=\u00bbHero\u00bb _builder_version=\u00bb4.6.6&#8243; use_background_color_gradient=\u00bbon\u00bb background_color_gradient_start=\u00bbrgba(40,40,40,0.79)\u00bb background_color_gradient_end=\u00bbrgba(40,40,40,0.86)\u00bb background_color_gradient_type=\u00bbradial\u00bb background_color_gradient_direction_radial=\u00bbtop left\u00bb background_color_gradient_overlays_image=\u00bbon\u00bb background_image=\u00bbhttps:\/\/centros-investigacion-nv.s3.amazonaws.com\/wp-content\/uploads\/sites\/8\/2020\/11\/header-quienes-somos-cima.jpg\u00bb background_blend=\u00bbsoft-light\u00bb max_height=\u00bb400px\u00bb custom_margin=\u00bb-50px||||false|false\u00bb custom_padding=\u00bb8vw||8vw||true|false\u00bb][et_pb_row _builder_version=\u00bb3.25&#8243;][et_pb_column type=\u00bb4_4&#8243; _builder_version=\u00bb3.25&#8243; custom_padding=\u00bb|||\u00bb custom_padding__hover=\u00bb|||\u00bb][et_pb_text _builder_version=\u00bb4.6.6&#8243; text_font=\u00bb||||||||\u00bb header_font=\u00bbRubik|700|||||||\u00bb header_font_size=\u00bb64px\u00bb header_line_height=\u00bb1.1em\u00bb background_layout=\u00bbdark\u00bb max_width=\u00bb800px\u00bb custom_margin=\u00bb||0px|\u00bb custom_padding=\u00bb|||16px\u00bb hover_enabled=\u00bb0&#8243; text_font_size_tablet=\u00bb14px\u00bb text_font_size_last_edited=\u00bboff|desktop\u00bb header_font_size_tablet=\u00bb44px\u00bb header_font_size_phone=\u00bb32px\u00bb header_font_size_last_edited=\u00bbon|phone\u00bb border_color_all=\u00bb#870090&#8243; border_width_left=\u00bb10px\u00bb sticky_enabled=\u00bb0&#8243;]<\/p>\n<h1>Quienes Somos<\/h1>\n<h2><span style=\"background-color: #870090;background-size: auto;line-height: 1.6\">Centro de Ingenier\u00eda en Medio Ambiente <\/span><\/h2>\n<p>[\/et_pb_text][et_pb_divider show_divider=\u00bboff\u00bb _builder_version=\u00bb4.6.6&#8243; _module_preset=\u00bbdefault\u00bb custom_margin=\u00bb60px||||false|false\u00bb][\/et_pb_divider][\/et_pb_column][\/et_pb_row][\/et_pb_section][et_pb_section fb_built=\u00bb1&#8243; admin_label=\u00bbProject Details\u00bb _builder_version=\u00bb4.6.6&#8243; custom_padding=\u00bb10px||10px||true|\u00bb][et_pb_row _builder_version=\u00bb3.25&#8243;][et_pb_column type=\u00bb4_4&#8243; _builder_version=\u00bb3.25&#8243; custom_padding=\u00bb|||\u00bb custom_padding__hover=\u00bb|||\u00bb][et_pb_text _builder_version=\u00bb4.6.6&#8243; text_font=\u00bb||||||||\u00bb text_font_size=\u00bb15px\u00bb text_line_height=\u00bb1.8em\u00bb custom_padding=\u00bb|||\u00bb custom_padding_tablet=\u00bb|40px||40px||true\u00bb custom_padding_last_edited=\u00bboff|desktop\u00bb locked=\u00bboff\u00bb]<\/p>\n<h1 style=\"text-align: center\">Quienes Somos<\/h1>\n<p>[\/et_pb_text][\/et_pb_column][\/et_pb_row][et_pb_row column_structure=\u00bb1_3,1_3,1_3&#8243; _builder_version=\u00bb4.6.6&#8243; _module_preset=\u00bbdefault\u00bb][et_pb_column type=\u00bb1_3&#8243; _builder_version=\u00bb4.6.6&#8243; _module_preset=\u00bbdefault\u00bb][et_pb_text _builder_version=\u00bb4.6.6&#8243; _module_preset=\u00bbdefault\u00bb]<\/p>\n<p>Dr Jorge Daniel Stripeikis<\/p>\n<p>Director, Profesor Titular Tiempo Completo<\/p>\n<p><u><a href=\"mailto:jstripei@itba.edu.ar\">jstripei@itba.edu.ar<\/a><\/u><\/p>\n<p>&nbsp;<\/p>\n<p>Dra Guillermina Gentile<\/p>\n<p>Investigadora, Profesora Adjunta Tiempo Completo)<\/p>\n<p><u><a href=\"mailto:ggentile@itba.edu.ar\">ggentile@itba.edu.ar<\/a><\/u><\/p>\n<p>&nbsp;<\/p>\n<p>Dra Mar\u00eda In\u00e9s Errea<\/p>\n<p>Investigadora, Profesora Titular Tiempo Completo<\/p>\n<p><u><a href=\"mailto:merrea@itba.edu.ar\">merrea@itba.edu.ar<\/a><\/u><\/p>\n<p>&nbsp;<\/p>\n<p>\u00a0Ing. Vergenie Aude Luppi<\/p>\n<p>Investigadora, Profesora Asociada Tiempo Completo<\/p>\n<p><u><a href=\"mailto:vaude@itba.edu.ar\">vaude@itba.edu.ar<\/a><\/u><\/p>\n<p>[\/et_pb_text][\/et_pb_column][et_pb_column type=\u00bb1_3&#8243; _builder_version=\u00bb4.6.6&#8243; _module_preset=\u00bbdefault\u00bb][\/et_pb_column][et_pb_column type=\u00bb1_3&#8243; _builder_version=\u00bb4.6.6&#8243; _module_preset=\u00bbdefault\u00bb][et_pb_text _builder_version=\u00bb4.6.6&#8243; _module_preset=\u00bbdefault\u00bb]<\/p>\n<p>Dra. Lara de Angelis<\/p>\n<p>Investigadora, Profesora Asociada Tiempo Completo<\/p>\n<p><u><a href=\"mailto:ldeangel@itba.edu.ar\">ldeangel@itba.edu.ar<\/a><\/u><\/p>\n<p>&nbsp;<\/p>\n<p>Dr.\u00a0 Ing Ezequiel Rossi<\/p>\n<p>Becario postdoctoral<\/p>\n<p><u><a href=\"mailto:ezrossi@itba.edu.ar\">ezrossi@itba.edu.ar<\/a><\/u><\/p>\n<p>&nbsp;<\/p>\n<p>Dr Ing Jhon Alejandro Avila Ramirez<\/p>\n<p>Becario postdoctoral<\/p>\n<p><u><a href=\"mailto:javila@itba.edu.ar\">javila@itba.edu.ar<\/a><\/u><\/p>\n<p>&nbsp;<\/p>\n<p>Pablo Coviccchioni<\/p>\n<p>T\u00e9cnico, Estudiante de Ingenier\u00eda Qu\u00edmica<\/p>\n<p><u><a href=\"mailto:pcovicchioni@itba.edu.ar\">pcovicchioni@itba.edu.ar<\/a><\/u><\/p>\n<p>&nbsp;<\/p>\n<p>[\/et_pb_text][\/et_pb_column][\/et_pb_row][\/et_pb_section]<\/p>\n","protected":false},"excerpt":{"rendered":"<p>Quienes Somos Centro de Ingenier\u00eda en Medio Ambiente Quienes SomosDr Jorge Daniel Stripeikis Director, Profesor Titular Tiempo Completo jstripei@itba.edu.ar &nbsp; Dra Guillermina Gentile Investigadora, Profesora Adjunta Tiempo Completo) ggentile@itba.edu.ar &nbsp; Dra Mar\u00eda In\u00e9s Errea Investigadora, Profesora Titular Tiempo Completo merrea@itba.edu.ar &nbsp; \u00a0Ing. Vergenie Aude Luppi Investigadora, Profesora Asociada Tiempo Completo vaude@itba.edu.arDra. Lara de Angelis Investigadora, [&hellip;]<\/p>\n","protected":false},"author":7,"featured_media":0,"parent":0,"menu_order":0,"comment_status":"closed","ping_status":"closed","template":"","meta":{"_et_pb_use_builder":"on","_et_pb_old_content":"","_et_gb_content_width":"","footnotes":""},"class_list":["post-39","page","type-page","status-publish","hentry"],"_links":{"self":[{"href":"https:\/\/www.itba.edu.ar\/centros\/cima\/wp-json\/wp\/v2\/pages\/39","targetHints":{"allow":["GET"]}}],"collection":[{"href":"https:\/\/www.itba.edu.ar\/centros\/cima\/wp-json\/wp\/v2\/pages"}],"about":[{"href":"https:\/\/www.itba.edu.ar\/centros\/cima\/wp-json\/wp\/v2\/types\/page"}],"author":[{"embeddable":true,"href":"https:\/\/www.itba.edu.ar\/centros\/cima\/wp-json\/wp\/v2\/users\/7"}],"replies":[{"embeddable":true,"href":"https:\/\/www.itba.edu.ar\/centros\/cima\/wp-json\/wp\/v2\/comments?post=39"}],"version-history":[{"count":7,"href":"https:\/\/www.itba.edu.ar\/centros\/cima\/wp-json\/wp\/v2\/pages\/39\/revisions"}],"predecessor-version":[{"id":154,"href":"https:\/\/www.itba.edu.ar\/centros\/cima\/wp-json\/wp\/v2\/pages\/39\/revisions\/154"}],"wp:attachment":[{"href":"https:\/\/www.itba.edu.ar\/centros\/cima\/wp-json\/wp\/v2\/media?parent=39"}],"curies":[{"name":"wp","href":"https:\/\/api.w.org\/{rel}","templated":true}]}}