{"id":104,"date":"2020-11-11T18:17:54","date_gmt":"2020-11-11T18:17:54","guid":{"rendered":"https:\/\/www.itba.edu.ar\/centros\/cima\/?page_id=104"},"modified":"2020-12-01T12:21:56","modified_gmt":"2020-12-01T12:21:56","slug":"proyectos","status":"publish","type":"page","link":"https:\/\/www.itba.edu.ar\/centros\/cima\/proyectos\/","title":{"rendered":"Proyectos"},"content":{"rendered":"<p>[et_pb_section fb_built=\u00bb1&#8243; admin_label=\u00bbHero\u00bb _builder_version=\u00bb4.6.6&#8243; use_background_color_gradient=\u00bbon\u00bb background_color_gradient_start=\u00bbrgba(40,40,40,0.79)\u00bb background_color_gradient_end=\u00bbrgba(40,40,40,0.86)\u00bb background_color_gradient_type=\u00bbradial\u00bb background_color_gradient_direction_radial=\u00bbtop left\u00bb background_color_gradient_overlays_image=\u00bbon\u00bb background_image=\u00bbhttps:\/\/centros-investigacion-nv.s3.amazonaws.com\/wp-content\/uploads\/sites\/8\/2020\/11\/cabezal-cima-proyectos.jpg\u00bb parallax=\u00bbon\u00bb max_height=\u00bb400px\u00bb custom_margin=\u00bb-50px||||false|false\u00bb custom_padding=\u00bb10vw||10vw||true|false\u00bb][et_pb_row column_structure=\u00bb2_3,1_3&#8243; _builder_version=\u00bb4.6.6&#8243; hover_enabled=\u00bb0&#8243; custom_padding=\u00bb0px||||false|false\u00bb sticky_enabled=\u00bb0&#8243;][et_pb_column type=\u00bb2_3&#8243; _builder_version=\u00bb3.25&#8243; custom_padding=\u00bb|||\u00bb custom_padding__hover=\u00bb|||\u00bb][et_pb_text _builder_version=\u00bb4.6.6&#8243; text_font=\u00bb||||||||\u00bb header_font=\u00bbRubik|700|||||||\u00bb header_font_size=\u00bb64px\u00bb header_line_height=\u00bb1.1em\u00bb background_layout=\u00bbdark\u00bb max_width=\u00bb800px\u00bb custom_margin=\u00bb||0px|\u00bb custom_padding=\u00bb|||16px\u00bb hover_enabled=\u00bb0&#8243; text_font_size_tablet=\u00bb14px\u00bb text_font_size_last_edited=\u00bboff|desktop\u00bb header_font_size_tablet=\u00bb44px\u00bb header_font_size_phone=\u00bb32px\u00bb header_font_size_last_edited=\u00bbon|phone\u00bb border_color_all=\u00bb#870090&#8243; border_width_left=\u00bb10px\u00bb sticky_enabled=\u00bb0&#8243;]<\/p>\n<h1>Proyectos<\/h1>\n<h2><span style=\"background-color: #870090;background-size: auto;line-height: 1.6\">Centro de Ingenier\u00eda en Medio Ambiente <\/span><\/h2>\n<p>[\/et_pb_text][\/et_pb_column][et_pb_column type=\u00bb1_3&#8243; _builder_version=\u00bb3.25&#8243; custom_padding=\u00bb|||\u00bb custom_padding__hover=\u00bb|||\u00bb][\/et_pb_column][\/et_pb_row][\/et_pb_section][et_pb_section fb_built=\u00bb1&#8243; admin_label=\u00bbAbout Us\u00bb _builder_version=\u00bb3.22&#8243;][et_pb_row _builder_version=\u00bb4.6.6&#8243;][et_pb_column type=\u00bb4_4&#8243; _builder_version=\u00bb3.25&#8243; custom_padding=\u00bb|||\u00bb custom_padding__hover=\u00bb|||\u00bb][et_pb_text _builder_version=\u00bb4.6.6&#8243; text_font=\u00bb||||||||\u00bb text_font_size=\u00bb15px\u00bb text_line_height=\u00bb1.8em\u00bb custom_padding=\u00bb|||\u00bb custom_padding_tablet=\u00bb|40px||40px||true\u00bb custom_padding_last_edited=\u00bboff|desktop\u00bb]<\/p>\n<h1 style=\"text-align: center\">Proyectos<\/h1>\n<p>[\/et_pb_text][et_pb_text _builder_version=\u00bb4.6.6&#8243; text_font=\u00bb||||||||\u00bb text_font_size=\u00bb15px\u00bb text_line_height=\u00bb1.8em\u00bb custom_padding=\u00bb|||\u00bb custom_padding_tablet=\u00bb|40px||40px||true\u00bb custom_padding_last_edited=\u00bboff|desktop\u00bb]<\/p>\n<p>El CIMA junto con la ONG Nutrired organiza un conjunto de actividades tendientes a cumplir los objetivos de: concientizar e informar a las comunidades rurales sobre la contaminaci\u00f3n natural de aguas con ars\u00e9nico, ofrecer an\u00e1lisis gratuito del nivel de ars\u00e9nico en aguas de consumo, informar el resultado y brindar asesoramiento gratuito para encontrar soluciones econ\u00f3micamente aceptables y sustentables para cada comunidad.<\/p>\n<p><span style=\"font-weight: 400\">El ars\u00e9nico es un contaminante natural presente en la corteza terrestre de donde puede migrar a cuerpos de agua, particularmente subterr\u00e1neas. En nuestro pa\u00eds, se estima que cuatro millones de personas est\u00e1n expuestas a la posible ingesta de ars\u00e9nico por el uso de estas aguas. La incorporaci\u00f3n cr\u00f3nica en el organismo durante muchos a\u00f1os desencadena una enfermedad caracterizada como HACRE (Hidroarsenicismo Cr\u00f3nico Regional End\u00e9mico), que se manifiesta inicialmente a trav\u00e9s de diversas afecciones en la piel y en un estado m\u00e1s avanzado puede provocar problemas card\u00edacos, hep\u00e1ticos, gastrointestinales, pulmonares y renales\u00a0\u00a0\u00a0\u00a0<\/span><\/p>\n<p><span style=\"font-weight: 400\">Atendiendo a esta preocupante problem\u00e1tica, desde el a\u00f1o 2011, el Instituto Tecnol\u00f3gico de Buenos Aires (ITBA) junto con la ONG NutriRed desarrollan un Mapa colaborativo que permite informarse de los niveles de ars\u00e9nico presentes en aguas de consumo de diferentes locaciones geogr\u00e1ficas de la Rep\u00fablica Argentina.<\/span><\/p>\n<p><span style=\"font-weight: 400\">Las muestras son recibidas en el Centro de Ingenier\u00eda del Medio Ambiente del ITBA\u00a0 y analizadas\u00a0 a trav\u00e9s de la implementaci\u00f3n de metodolog\u00edas anal\u00edticas basadas en espectroscop\u00edas de absorci\u00f3n at\u00f3mica con generaci\u00f3n de hidruros.<\/span><\/p>\n<p><span style=\"font-weight: 400\"> Los resultados obtenidos se vuelcan en un mapa interactivo disponible en la web en el que se asignan tres colores en funci\u00f3n de los valores de concentraci\u00f3n cuantificados: verde (&lt; 10 \u03bcg\/L); amarillo (10 \u2013 50 \u03bcg\/L); rojo (&gt; 50 \u03bcg\/L). Estas magnitudes representan la m\u00e1xima concentraci\u00f3n sugerida por la Organizaci\u00f3n Mundial de la Salud para la ingesta de agua en formas segura, una zona gris que est\u00e1 siendo actualmente discutida cient\u00edfica y legalmente y la m\u00e1xima concentraci\u00f3n permitida en la normativa legal argentina, respectivamente.<\/span><\/p>\n<p><span style=\"font-weight: 400\">Al d\u00eda de hoy se han analizado\u00a0 aproximadamente\u00a0<\/span><span style=\"font-weight: 400\">900 muestras.\u00a0<\/span><\/p>\n<p><span style=\"font-weight: 400\">Seg\u00fan los resultados obtenidos,\u00a0<\/span><span style=\"font-weight: 400\">9 provincias del territorio argentino aparecen como las m\u00e1s comprometidas, a saber:\u00a0 Salta, Jujuy, Tucum\u00e1n, Chaco, Santiago del Estero, C\u00f3rdoba, Santa Fe, La Pampa y Buenos Aires. <\/span><\/p>\n<p>[\/et_pb_text][\/et_pb_column][\/et_pb_row][\/et_pb_section]<\/p>\n","protected":false},"excerpt":{"rendered":"<p>Proyectos Centro de Ingenier\u00eda en Medio Ambiente ProyectosEl CIMA junto con la ONG Nutrired organiza un conjunto de actividades tendientes a cumplir los objetivos de: concientizar e informar a las comunidades rurales sobre la contaminaci\u00f3n natural de aguas con ars\u00e9nico, ofrecer an\u00e1lisis gratuito del nivel de ars\u00e9nico en aguas de consumo, informar el resultado y [&hellip;]<\/p>\n","protected":false},"author":7,"featured_media":0,"parent":0,"menu_order":0,"comment_status":"closed","ping_status":"closed","template":"","meta":{"_et_pb_use_builder":"on","_et_pb_old_content":"","_et_gb_content_width":"","footnotes":""},"class_list":["post-104","page","type-page","status-publish","hentry"],"_links":{"self":[{"href":"https:\/\/www.itba.edu.ar\/centros\/cima\/wp-json\/wp\/v2\/pages\/104","targetHints":{"allow":["GET"]}}],"collection":[{"href":"https:\/\/www.itba.edu.ar\/centros\/cima\/wp-json\/wp\/v2\/pages"}],"about":[{"href":"https:\/\/www.itba.edu.ar\/centros\/cima\/wp-json\/wp\/v2\/types\/page"}],"author":[{"embeddable":true,"href":"https:\/\/www.itba.edu.ar\/centros\/cima\/wp-json\/wp\/v2\/users\/7"}],"replies":[{"embeddable":true,"href":"https:\/\/www.itba.edu.ar\/centros\/cima\/wp-json\/wp\/v2\/comments?post=104"}],"version-history":[{"count":7,"href":"https:\/\/www.itba.edu.ar\/centros\/cima\/wp-json\/wp\/v2\/pages\/104\/revisions"}],"predecessor-version":[{"id":150,"href":"https:\/\/www.itba.edu.ar\/centros\/cima\/wp-json\/wp\/v2\/pages\/104\/revisions\/150"}],"wp:attachment":[{"href":"https:\/\/www.itba.edu.ar\/centros\/cima\/wp-json\/wp\/v2\/media?parent=104"}],"curies":[{"name":"wp","href":"https:\/\/api.w.org\/{rel}","templated":true}]}}