{"id":97,"date":"2020-11-17T17:11:08","date_gmt":"2020-11-17T17:11:08","guid":{"rendered":"https:\/\/www.itba.edu.ar\/centros\/cidim\/?page_id=97"},"modified":"2023-06-23T18:22:42","modified_gmt":"2023-06-23T18:22:42","slug":"publicaciones-laboratorio-de-hidrogeno","status":"publish","type":"page","link":"https:\/\/www.itba.edu.ar\/centros\/cidim\/publicaciones-laboratorio-de-hidrogeno\/","title":{"rendered":"Publicaciones Laboratorio de Hidr\u00f3geno"},"content":{"rendered":"<p>[et_pb_section fb_built=\u00bb1&#8243; admin_label=\u00bbHero\u00bb _builder_version=\u00bb4.21.0&#8243; use_background_color_gradient=\u00bbon\u00bb background_color_gradient_type=\u00bbcircular\u00bb background_color_gradient_direction_radial=\u00bbtop left\u00bb background_color_gradient_stops=\u00bbrgba(40,40,40,0.79) 0%|rgba(40,40,40,0.86) 100%\u00bb background_color_gradient_overlays_image=\u00bbon\u00bb background_color_gradient_start=\u00bbrgba(40,40,40,0.79)\u00bb background_color_gradient_end=\u00bbrgba(40,40,40,0.86)\u00bb background_image=\u00bbhttps:\/\/centros-investigacion-nv.s3.amazonaws.com\/wp-content\/uploads\/sites\/5\/2020\/11\/header-laboratorio-de-hidrogeno.jpg\u00bb background_blend=\u00bbsoft-light\u00bb max_height=\u00bb400px\u00bb custom_margin=\u00bb||||false\u00bb custom_padding=\u00bb10vw||10vw||true|false\u00bb hover_enabled=\u00bb0&#8243; global_colors_info=\u00bb{}\u00bb sticky_enabled=\u00bb0&#8243;][et_pb_row column_structure=\u00bb2_3,1_3&#8243; _builder_version=\u00bb4.16&#8243; custom_margin=\u00bb-50px||||false|false\u00bb locked=\u00bboff\u00bb global_colors_info=\u00bb{}\u00bb][et_pb_column type=\u00bb2_3&#8243; _builder_version=\u00bb4.16&#8243; custom_padding=\u00bb|||\u00bb global_colors_info=\u00bb{}\u00bb custom_padding__hover=\u00bb|||\u00bb][et_pb_text _builder_version=\u00bb4.16&#8243; text_font=\u00bb||||||||\u00bb header_font=\u00bbRubik|700|||||||\u00bb header_font_size=\u00bb64px\u00bb header_line_height=\u00bb1.1em\u00bb background_layout=\u00bbdark\u00bb max_width=\u00bb800px\u00bb custom_margin=\u00bb||0px|\u00bb custom_padding=\u00bb|||16px\u00bb text_font_size_tablet=\u00bb14px\u00bb text_font_size_last_edited=\u00bboff|desktop\u00bb header_font_size_tablet=\u00bb44px\u00bb header_font_size_phone=\u00bb32px\u00bb header_font_size_last_edited=\u00bbon|phone\u00bb border_color_all=\u00bb#FF0000&#8243; border_width_left=\u00bb10px\u00bb global_colors_info=\u00bb{}\u00bb]<\/p>\n<h1>Publicaciones<\/h1>\n<h2>Laboratorio de Hidr\u00f3geno<\/h2>\n<p>[\/et_pb_text][\/et_pb_column][et_pb_column type=\u00bb1_3&#8243; _builder_version=\u00bb4.16&#8243; custom_padding=\u00bb|||\u00bb global_colors_info=\u00bb{}\u00bb custom_padding__hover=\u00bb|||\u00bb][\/et_pb_column][\/et_pb_row][\/et_pb_section][et_pb_section fb_built=\u00bb1&#8243; admin_label=\u00bb Get a Quote\u00bb _builder_version=\u00bb4.16&#8243; background_color=\u00bb#ffffff\u00bb custom_padding=\u00bb|||\u00bb animation_style=\u00bbslide\u00bb animation_direction=\u00bbtop\u00bb animation_intensity_slide=\u00bb10%\u00bb box_shadow_style=\u00bbpreset3&#8243; box_shadow_vertical=\u00bb10px\u00bb box_shadow_blur=\u00bb105px\u00bb box_shadow_spread=\u00bb0px\u00bb box_shadow_color=\u00bbrgba(0,0,0,0.12)\u00bb global_colors_info=\u00bb{}\u00bb][et_pb_row _builder_version=\u00bb4.16&#8243; background_color=\u00bb#ffffff\u00bb max_width=\u00bb80%\u00bb custom_margin=\u00bb|||\u00bb use_custom_width=\u00bbon\u00bb width_unit=\u00bboff\u00bb global_colors_info=\u00bb{}\u00bb][et_pb_column type=\u00bb4_4&#8243; _builder_version=\u00bb4.16&#8243; background_color=\u00bb#ffffff\u00bb custom_padding=\u00bb|||\u00bb global_colors_info=\u00bb{}\u00bb custom_padding__hover=\u00bb|||\u00bb][et_pb_toggle title=\u00bbPublicaciones\u00bb open_toggle_background_color=\u00bb#ffffff\u00bb closed_toggle_background_color=\u00bb#F4F4F4&#8243; disabled_on=\u00bboff|off|on\u00bb _builder_version=\u00bb4.16&#8243; _module_preset=\u00bbdefault\u00bb closed_title_font=\u00bbOpen Sans||||||||\u00bb background_color=\u00bb#ffffff\u00bb global_colors_info=\u00bb{}\u00bb]<\/p>\n<p><strong>T\u00edtulo:\u00a0<\/strong>Dynamic modelling of alkaline self-pressurized electrolyzers: a phenomenological-based semiphysical approach<br \/> <strong>Referencia:<br \/> <\/strong>David, M., Alvarez, H., Ocampo-Martinez, C., &amp; S\u00e1nchez-Pe\u00f1a, R. (2020). Dynamic modelling of alkaline self-pressurized electrolyzers: a phenomenological-based semiphysical approach. International Journal of Hydrogen Energy, 45(43), 22394-22407<\/p>\n<p><strong>T\u00edtulo: <\/strong>\u201cElectrolytic reactors for high pressure hydrogen generation. Design and simulation\u201d<br \/> <strong>Referencia:<br \/> <\/strong>Proceedings of IMECE 2008, ASME International Mechanical Engineering Congress and Exposition, Boston, Massachusetts, USA, October-November 2008<\/p>\n<p><strong>T\u00edtulo: <\/strong>\u201cDesarrollo de tecnolog\u00edas de producci\u00f3n y almacenamiento de hidr\u00f3geno\u201d<br \/> <strong>Referencia:<br \/> <\/strong>Seminario de la TUM (Technische Universit\u00e4t M\u00fcnchen), ITBA, Octubre 2008<\/p>\n<p><strong>T\u00edtulo: <\/strong>\u201cTecnolog\u00edas de producci\u00f3n y almacenamiento de hidr\u00f3geno\u201d<br \/> <strong>Referencia:<br \/> <\/strong>Foro de innovaci\u00f3n, \u201cTecnolog\u00edas sustentables apropiadas para la protecci\u00f3n clim\u00e1tica\u201d, C\u00e1mara de Industria y Comercio Argentino-Alemana, Noviembre 2008<\/p>\n<p><strong>T\u00edtulo: <\/strong>\u201cReactores electrol\u00edticos para producci\u00f3n de hidr\u00f3geno y ox\u00edgeno a alta presi\u00f3n\u201d<br \/> <strong>Referencia:<br \/> <\/strong>HYFUSEN, Hidr\u00f3geno y Fuentes Sustentables de Energ\u00eda, Posadas, Junio de 2007<\/p>\n<p><strong>T\u00edtulo: <\/strong>\u201cAlmacenamiento de hidr\u00f3geno a alta presi\u00f3n\u201d<br \/> <strong>Referencia:<br \/> <\/strong>TALMA, Tecnolog\u00eda del Aluminio y Metales Afines, IFIMAT, Instituto de F\u00edsica de Materiales de Tandil, Tandil, 17-18 Agosto 2006<\/p>\n<p><strong>T\u00edtulo: <\/strong>\u201cProducci\u00f3n y almacenamiento de hidr\u00f3geno a alta presi\u00f3n\u201d<br \/> <strong>Referencia:<br \/> <\/strong>HYFUSEN (Hidr\u00f3geno y Fuentes Sustentables de Energ\u00eda), Bariloche, Junio de 2005<\/p>\n<p>[\/et_pb_toggle][et_pb_toggle title=\u00bbPublicaciones\u00bb open_toggle_background_color=\u00bb#ffffff\u00bb closed_toggle_background_color=\u00bb#F4F4F4&#8243; disabled_on=\u00bbon|off|off\u00bb _builder_version=\u00bb4.16&#8243; _module_preset=\u00bbdefault\u00bb closed_title_font=\u00bbOpen Sans||||||||\u00bb background_color=\u00bb#ffffff\u00bb global_colors_info=\u00bb{}\u00bb]<\/p>\n<table style=\"width: 100%\">\n<tbody>\n<tr>\n<td style=\"width: 503px;text-align: center;background-color: #ccc\"><strong>T\u00edtulo<\/strong><\/td>\n<td style=\"width: 506px;text-align: center;background-color: #ccc\"><strong>Referencia<\/strong><\/td>\n<\/tr>\n<tr>\n<td style=\"width: 503px;text-align: left\">Dynamic modelling of alkaline self-pressurized electrolyzers: a phenomenological-based semiphysical approach<\/td>\n<td style=\"width: 506px;text-align: left\">David, M., Alvarez, H., Ocampo-Martinez, C., &amp; S\u00e1nchez-Pe\u00f1a, R. (2020). Dynamic modelling of alkaline self-pressurized electrolyzers: a phenomenological-based semiphysical approach. International Journal of Hydrogen Energy, 45(43), 22394-22407<\/td>\n<\/tr>\n<tr>\n<td style=\"width: 503px;text-align: left\">\u201cElectrolytic reactors for high pressure hydrogen generation. Design and simulation\u201d<\/td>\n<td style=\"width: 506px;text-align: left\">Proceedings of IMECE 2008, ASME International Mechanical Engineering Congress and Exposition, Boston, Massachusetts, USA, October-November 2008<\/td>\n<\/tr>\n<tr>\n<td style=\"width: 503px;text-align: left\">\u201cDesarrollo de tecnolog\u00edas de producci\u00f3n y almacenamiento de hidr\u00f3geno\u201d<\/td>\n<td style=\"width: 506px;text-align: left\">Seminario de la TUM (Technische Universit\u00e4t M\u00fcnchen), ITBA, Octubre 2008<\/td>\n<\/tr>\n<tr>\n<td style=\"width: 503px;text-align: left\">\u201cTecnolog\u00edas de producci\u00f3n y almacenamiento de hidr\u00f3geno\u201d<\/td>\n<td style=\"width: 506px;text-align: left\">Foro de innovaci\u00f3n, \u201cTecnolog\u00edas sustentables apropiadas para la protecci\u00f3n clim\u00e1tica\u201d, C\u00e1mara de Industria y Comercio Argentino-Alemana, Noviembre 2008<\/td>\n<\/tr>\n<tr>\n<td style=\"width: 503px;text-align: left\">\u201cReactores electrol\u00edticos para producci\u00f3n de hidr\u00f3geno y ox\u00edgeno a alta presi\u00f3n\u201d<\/td>\n<td style=\"width: 506px;text-align: left\">HYFUSEN, Hidr\u00f3geno y Fuentes Sustentables de Energ\u00eda, Posadas, Junio de 2007<\/td>\n<\/tr>\n<tr>\n<td style=\"width: 503px;text-align: left\">\u201cAlmacenamiento de hidr\u00f3geno a alta presi\u00f3n\u201d<\/td>\n<td style=\"width: 506px;text-align: left\">TALMA, Tecnolog\u00eda del Aluminio y Metales Afines, IFIMAT, Instituto de F\u00edsica de Materiales de Tandil, Tandil, 17-18 Agosto 2006<\/td>\n<\/tr>\n<tr>\n<td style=\"width: 503px;text-align: left\">\u201cProducci\u00f3n y almacenamiento de hidr\u00f3geno a alta presi\u00f3n\u201d<\/td>\n<td style=\"width: 506px;text-align: left\">HYFUSEN (Hidr\u00f3geno y Fuentes Sustentables de Energ\u00eda), Bariloche, Junio de 2005<\/td>\n<\/tr>\n<\/tbody>\n<\/table>\n<p>[\/et_pb_toggle][et_pb_text _builder_version=\u00bb4.16&#8243; _module_preset=\u00bbdefault\u00bb background_color=\u00bb#ffffff\u00bb global_colors_info=\u00bb{}\u00bb]<\/p>\n<p><b>Actividad Acad\u00e9mica<\/b><\/p>\n<p>El equipo colabora en la preparaci\u00f3n y dictado de las siguientes materias de grado y posgrado:<\/p>\n<p>Termodin\u00e1mica, Transferencia de Calor, Mec\u00e1nica de Fluidos, Sistemas Mecatr\u00f3nicos, Bioenerg\u00eda e Hidr\u00f3geno, Energ\u00edas alternativas, Mec\u00e1nica de Fluidos Computacional, Energ\u00edas Renovables, Motores de Combusti\u00f3n Interna y Movilidad Sustentable entre otras.<\/p>\n<p>[\/et_pb_text][\/et_pb_column][\/et_pb_row][\/et_pb_section]<\/p>\n","protected":false},"excerpt":{"rendered":"<p>Publicaciones Laboratorio de Hidr\u00f3genoT\u00edtulo:\u00a0Dynamic modelling of alkaline self-pressurized electrolyzers: a phenomenological-based semiphysical approach Referencia: David, M., Alvarez, H., Ocampo-Martinez, C., &amp; S\u00e1nchez-Pe\u00f1a, R. (2020). Dynamic modelling of alkaline self-pressurized electrolyzers: a phenomenological-based semiphysical approach. International Journal of Hydrogen Energy, 45(43), 22394-22407 T\u00edtulo: \u201cElectrolytic reactors for high pressure hydrogen generation. Design and simulation\u201d Referencia: Proceedings of [&hellip;]<\/p>\n","protected":false},"author":7,"featured_media":0,"parent":0,"menu_order":0,"comment_status":"closed","ping_status":"closed","template":"","meta":{"_et_pb_use_builder":"on","_et_pb_old_content":"","_et_gb_content_width":"","footnotes":""},"class_list":["post-97","page","type-page","status-publish","hentry"],"_links":{"self":[{"href":"https:\/\/www.itba.edu.ar\/centros\/cidim\/wp-json\/wp\/v2\/pages\/97","targetHints":{"allow":["GET"]}}],"collection":[{"href":"https:\/\/www.itba.edu.ar\/centros\/cidim\/wp-json\/wp\/v2\/pages"}],"about":[{"href":"https:\/\/www.itba.edu.ar\/centros\/cidim\/wp-json\/wp\/v2\/types\/page"}],"author":[{"embeddable":true,"href":"https:\/\/www.itba.edu.ar\/centros\/cidim\/wp-json\/wp\/v2\/users\/7"}],"replies":[{"embeddable":true,"href":"https:\/\/www.itba.edu.ar\/centros\/cidim\/wp-json\/wp\/v2\/comments?post=97"}],"version-history":[{"count":19,"href":"https:\/\/www.itba.edu.ar\/centros\/cidim\/wp-json\/wp\/v2\/pages\/97\/revisions"}],"predecessor-version":[{"id":571,"href":"https:\/\/www.itba.edu.ar\/centros\/cidim\/wp-json\/wp\/v2\/pages\/97\/revisions\/571"}],"wp:attachment":[{"href":"https:\/\/www.itba.edu.ar\/centros\/cidim\/wp-json\/wp\/v2\/media?parent=97"}],"curies":[{"name":"wp","href":"https:\/\/api.w.org\/{rel}","templated":true}]}}