{"id":393,"date":"2020-11-18T15:27:25","date_gmt":"2020-11-18T15:27:25","guid":{"rendered":"https:\/\/www.itba.edu.ar\/centros\/cidim\/?page_id=393"},"modified":"2023-06-23T15:47:12","modified_gmt":"2023-06-23T15:47:12","slug":"393-2","status":"publish","type":"page","link":"https:\/\/www.itba.edu.ar\/centros\/cidim\/393-2\/","title":{"rendered":"Laboratorio de Ingenier\u00eda Automotriz Proyectos de Alumnos"},"content":{"rendered":"<p>[et_pb_section fb_built=\u00bb1&#8243; admin_label=\u00bbHero\u00bb _builder_version=\u00bb4.21.0&#8243; use_background_color_gradient=\u00bbon\u00bb background_color_gradient_type=\u00bbcircular\u00bb background_color_gradient_direction_radial=\u00bbtop left\u00bb background_color_gradient_stops=\u00bbrgba(40,40,40,0.79) 0%|rgba(40,40,40,0.86) 100%\u00bb background_color_gradient_overlays_image=\u00bbon\u00bb background_color_gradient_start=\u00bbrgba(40,40,40,0.79)\u00bb background_color_gradient_end=\u00bbrgba(40,40,40,0.86)\u00bb background_image=\u00bbhttps:\/\/centros-investigacion-nv.s3.amazonaws.com\/wp-content\/uploads\/sites\/5\/2020\/11\/header-laboratorio-de-tecnologia-automotriz-1.jpg\u00bb background_blend=\u00bbsoft-light\u00bb max_height=\u00bb400px\u00bb custom_margin=\u00bb||||false\u00bb custom_padding=\u00bb10vw||10vw||true|false\u00bb hover_enabled=\u00bb0&#8243; global_colors_info=\u00bb{}\u00bb sticky_enabled=\u00bb0&#8243;][et_pb_row _builder_version=\u00bb4.16&#8243; custom_margin=\u00bb-50px||||false|false\u00bb locked=\u00bboff\u00bb global_colors_info=\u00bb{}\u00bb][et_pb_column type=\u00bb4_4&#8243; _builder_version=\u00bb4.16&#8243; custom_padding=\u00bb|||\u00bb global_colors_info=\u00bb{}\u00bb custom_padding__hover=\u00bb|||\u00bb][et_pb_text _builder_version=\u00bb4.16&#8243; text_font=\u00bb||||||||\u00bb header_font=\u00bbRubik|700|||||||\u00bb header_font_size=\u00bb64px\u00bb header_line_height=\u00bb1.1em\u00bb background_layout=\u00bbdark\u00bb custom_margin=\u00bb||0px|\u00bb custom_padding=\u00bb|||16px\u00bb text_font_size_tablet=\u00bb14px\u00bb text_font_size_last_edited=\u00bboff|desktop\u00bb header_font_size_tablet=\u00bb44px\u00bb header_font_size_phone=\u00bb32px\u00bb header_font_size_last_edited=\u00bbon|phone\u00bb border_color_all=\u00bb#FF0000&#8243; border_width_left=\u00bb10px\u00bb global_colors_info=\u00bb{}\u00bb]<\/p>\n<h1>Proyectos de Alumnos<\/h1>\n<h2>Laboratorio de Ingenier\u00eda Automotriz<\/h2>\n<p>[\/et_pb_text][\/et_pb_column][\/et_pb_row][\/et_pb_section][et_pb_section fb_built=\u00bb1&#8243; admin_label=\u00bb Get a Quote\u00bb _builder_version=\u00bb4.16&#8243; background_color=\u00bb#ffffff\u00bb custom_padding=\u00bb|||\u00bb animation_style=\u00bbslide\u00bb animation_direction=\u00bbtop\u00bb animation_intensity_slide=\u00bb10%\u00bb box_shadow_style=\u00bbpreset3&#8243; box_shadow_vertical=\u00bb10px\u00bb box_shadow_blur=\u00bb105px\u00bb box_shadow_spread=\u00bb0px\u00bb box_shadow_color=\u00bbrgba(0,0,0,0.12)\u00bb global_colors_info=\u00bb{}\u00bb][et_pb_row _builder_version=\u00bb4.16&#8243; background_color=\u00bb#ffffff\u00bb max_width=\u00bb80%\u00bb custom_margin=\u00bb|||\u00bb use_custom_width=\u00bbon\u00bb width_unit=\u00bboff\u00bb global_colors_info=\u00bb{}\u00bb][et_pb_column type=\u00bb4_4&#8243; _builder_version=\u00bb4.16&#8243; background_color=\u00bb#ffffff\u00bb custom_padding=\u00bb|||\u00bb global_colors_info=\u00bb{}\u00bb custom_padding__hover=\u00bb|||\u00bb][et_pb_toggle title=\u00bbPROYECTOS DE ALUMNOS\u00bb open_toggle_background_color=\u00bb#ffffff\u00bb closed_toggle_background_color=\u00bb#F4F4F4&#8243; disabled_on=\u00bboff|off|off\u00bb _builder_version=\u00bb4.16&#8243; _module_preset=\u00bbdefault\u00bb closed_title_font=\u00bbOpen Sans||||||||\u00bb background_color=\u00bb#ffffff\u00bb global_colors_info=\u00bb{}\u00bb]<\/p>\n<p>Courreges F., Zubiri J.I., Raffo F., \u201cValidaci\u00f3n del modelo computacional de ensayo post rig del F\u00f3rmula SAE ITBA\u201d, Proyecto Automotor, Dic. 18<\/p>\n<p>Hojman F., Zubiri J.I., Raffo F., \u201cDise\u00f1o de la transmisi\u00f3n FSAE ITBA 2019\u201d, Proyecto Mec\u00e1nico, Dic. 18<\/p>\n<p>Nomboly M., Zubiri J.I., Raffo F., \u201cSimulaci\u00f3n y validaci\u00f3n motor FSAE ITBA 2019\u201d, Proyecto Automotor, Dic. 18<\/p>\n<p>Delrivo P., Zubiri J.I., Raffo F., \u201cValidaci\u00f3n modelo din\u00e1mica vehicular FSAE 2012\u201d, Proyecto Automotor, Dic. 18<\/p>\n<p>Corazza G., Zubiri J.I., Raffo F., \u201cDise\u00f1o de portamazas FSAE ITBA 2019\u201d, Proyecto Automotor, Dic. 18<\/p>\n<p>Rivera Parejas J., Virgillo A., Zubiri J.I., Raffo F., \u201cDise\u00f1o de mazas y palieres FSAE ITBA 2019\u201d, Proyecto Automotor \/ Proyecto Mec\u00e1nico, Dic. 18<\/p>\n<p>Ciancaglini J., Jin M., Zubiri J.I., Raffo F., \u201cDise\u00f1o de la geometr\u00eda de suspensi\u00f3n y los elementos de suspensi\u00f3n FSAE ITBA 2019\u201d, Proyecto Automotor \/ Proyecto Mec\u00e1nico, Dic. 18<\/p>\n<p>Torrusio I., Zubiri J.I., Raffo F., \u201cDise\u00f1o y construcci\u00f3n de la estructura FSAE ITBA 2019\u201d, Proyecto Automotor, Dic. 18<\/p>\n<p>Bourdieu T., D\u00edaz Biain F, Zubiri J.I., Raffo F., \u201cEsfuerzos en elementos de suspensi\u00f3n FSAE ITBA 2012\u201d, Proyecto Automotor, Dic. 17<\/p>\n<p>Ramos Mej\u00eda M., Zubiri J.I., Raffo F., \u201cModelado y validaci\u00f3n experimental neum\u00e1tico FSAE ITBA 2012\u201d, Proyecto Automotor, Dic. 17<\/p>\n<p>Scomazzon N., Raffo F., \u201cModelo aerodin\u00e1mico FSAE ITBA 2012\u201d, Proyecto Automotor, Dic. 16<\/p>\n<p>Est\u00e9vez J., Raffo F., \u201cInforme reporte costos FSAE ITBA 2012\u201d, Proyecto Automotor, Dic. 15<\/p>\n<p>La Rosa G., Raffo F., \u201cRedise\u00f1o estructural marcos soportes diferencial FSAE ITBA 2012\u201d, Proyecto Automotor, Dic. 15<\/p>\n<p>Casares B., Zubiri J.I., Raffo F., \u201cMedici\u00f3n momentos inercia FSAE ITBA 2012\u201d, Proyecto Automotor, Dic. 15<\/p>\n<p>Calabrese A., Caunedo C., Raffo F., \u201cSimulaci\u00f3n maniobra slalom FSAE ITBA 2012\u201d, Proyecto Automotor, Dic. 15<\/p>\n<p>D\u00edaz Biain A., Zubiri J.I., Raffo F., \u201cValidaci\u00f3n experimental simuladores aceleraci\u00f3n y skidpad sobre el FSAE ITBA 2012\u201d, Proyecto Automotor, Dic. 15<\/p>\n<p>Com\u00edn E., Raffo F., \u201cDise\u00f1o del F\u00f3rmula SAE ITBA 2012\u201d, Proyecto Automotor, Dic. 14<\/p>\n<p>Otaola T., Raffo F., \u201cInforme reporte costos FSAE ITBA 2012\u201d, Proyecto Automotor, Dic. 14<\/p>\n<p>Venturino P., Raffo F., \u201cInforme FEA FSAE ITBA 2012\u201d, Proyecto Automotor, Dic. 14<\/p>\n<p>Miguens M., Raffo F., \u201cInfluencia de la rigidez torsional de la estructura en el comportamiento din\u00e1mico del FSAE ITBA 2012\u201d, Proyecto Automotor, Dic. 14<\/p>\n<p>Miguens M., Raffo F., \u201cEnsayo rigidez torsional FSAE ITBA 2012\u201d, Proyecto Automotor, Dic. 14<\/p>\n<p>Terzian A., Caunedo C., Raffo F., \u201cPuesta a punto de la suspensi\u00f3n de un veh\u00edculo mediante la utilizaci\u00f3n de un post-rig virtual de 4 postes\u201d, Proyecto Automotor, Dic. 14<\/p>\n<p>Ruggirello M., Raffo F., \u201cAn\u00e1lisis geometr\u00eda suspensi\u00f3n FSAE ITBA 2012 \u2013 AD P#4 Ciudad Evita\u201d, Proyecto Automotor, Dic. 14<\/p>\n<p>Ruggirello M., Raffo F., \u201cAn\u00e1lisis geometr\u00eda suspensi\u00f3n FSAE ITBA 2012\u201d, Proyecto Automotor, Dic. 14<\/p>\n<p>Paterlini R., Caunedo C., Raffo F., \u201cSimulaci\u00f3n skidpad FSAE ITBA 2012\u201d, Proyecto Automotor, Dic. 14<\/p>\n<p>Venturino P., Raffo F., \u201cRedise\u00f1o estructural balancines FSAE ITBA 2012\u201d, Proyecto Automotor, Dic. 14<\/p>\n<p>Bauckhage R., Caunedo C., Zubiri J.I., Raffo F., \u201cSimulaci\u00f3n aceleraci\u00f3n FSAE ITBA 2012\u201d, Proyecto Automotor, Dic. 14<\/p>\n<p>Bauckhage R., Raffo F., \u201cDise\u00f1o tanque combustible FSAE ITBA 2012\u201d, Proyecto Automotor, Dic. 14<\/p>\n<p>Com\u00edn E., Raffo F., \u201cRedise\u00f1o soportes motor FSAE ITBA 2012\u201d, Proyecto Automotor, Dic. 14<\/p>\n<p>Salvini J., Zubiri J.I., \u201cMapeo motor y ensayo m\u00faltiple admisi\u00f3n FSAE ITBA 2010\u201d, Proyecto Automotor, Dic. 13<\/p>\n<p>Salvini J., Zubiri J.I., \u201cC\u00e1lculo radiador FSAE ITBA 2010\u201d, Proyecto Automotor, Dic. 13<\/p>\n<p>Prats S., Zubiri J.I., Raffo F., \u201cRedise\u00f1o soportes transmisi\u00f3n FSAE ITBA 2012\u201d, Proyecto Automotor, Dic. 13<\/p>\n<p>Korhasanoglu N., Raffo F., \u201cDise\u00f1o constantes el\u00e1sticas FSAE ITBA 2012\u201d, Proyecto Automotor, Dic. 13<\/p>\n<p>Arretche I., Raffo F., \u201cDise\u00f1o cockpit FSAE ITBA 2012\u201d, Proyecto Automotor, Dic. 13<\/p>\n<p>Luparia F., Raffo F., \u201cDise\u00f1o soportes motor FSAE ITBA 2012\u201d, Proyecto Automotor, Ene. 13<\/p>\n<p>Luparia F., Raffo F., \u201cUbicaci\u00f3n CG motor Yamaha YZF-R6 FSAE ITBA\u201d, Proyecto Automotor, Oct. 12<\/p>\n<p>Papes J., Raffo F., \u201cDise\u00f1o estructural parrillas suspensi\u00f3n delanteras FSAE ITBA 2012\u201d, Proyecto Automotor, Nov. 12<\/p>\n<p>Bruno M., Raffo F., \u201cDise\u00f1o estructural parrillas suspensi\u00f3n traseras FSAE ITBA 2012\u201d, Proyecto Automotor, Nov. 12<\/p>\n<p>Di Bacco G., Raffo F., \u201cRedise\u00f1o soportes transmisi\u00f3n FSAE ITBA 2012\u201d, Proyecto Automotor, Ene. 12<\/p>\n<p>Manzano S., Caunedo C., Raffo F., \u201cAn\u00e1lisis geometr\u00eda suspensi\u00f3n FSAE ITBA 2012\u201d, Proyecto Automotor, Dic. 11<\/p>\n<p>Haas D., Caunedo C., Raffo F., \u201cAn\u00e1lisis geometr\u00eda suspensi\u00f3n FSAE ITBA 2010 \u2013 Comparaci\u00f3n softwares\u201d, Proyecto Automotor, Oct. 11<\/p>\n<p>Ruiz F., Caunedo C., Raffo F., \u201cRedise\u00f1o pedalera FSAE ITBA 2012\u201d, Proyecto Automotor, Jul. 11<\/p>\n<p>Manzano S., Caunedo C., Raffo F., \u201cAn\u00e1lisis geometr\u00eda suspensi\u00f3n FSAE ITBA 2010 &#8211; AD P#4 Ciudad Evita\u201d, Proyecto Automotor, Jun. 11<\/p>\n<p>Luparia J.P., Caunedo C., Raffo F., \u201cEnsayo rigidez torsional FSAE ITBA 2010\u201d, Proyecto Automotor, Dic. 10<\/p>\n<p>Cosso F., Raffo F., \u201cEnsayo amortiguadores FSAE ITBA\u201d, Proyecto Automotor, Oct. 10<\/p>\n<p>Alva A., Caunedo C., Raffo F., \u201cUbicaci\u00f3n CG FSAE ITBA 2010\u201d, Proyecto Automotor, Oct. 10<\/p>\n<p>Scarsi L., Caunedo C., Raffo F., \u201cAn\u00e1lisis geometr\u00eda suspensi\u00f3n FSAE ITBA 2010\u201d, Proyecto Automotor, Feb. 10<\/p>\n<p>Roque S., Raffo F., \u201cDise\u00f1o pedalera \u2013 selecci\u00f3n bombas freno FSAE ITBA 2010\u201d, Proyecto Automotor, Dic. 09<\/p>\n<p>Warszatska F., Raffo F., \u201cDise\u00f1o estructura FSAE ITBA 2010\u201d, Proyecto Automotor, Dic. 09<\/p>\n<p>Arno E., Raffo F., \u201cEstudio FEA portamazas FSAE ITBA 2010\u201d, Proyecto Automotor, Ago. 09<\/p>\n<p>Rivalland B., Raffo F., \u201cEstudio FEA portamazas FSAE ITBA\u201d, Proyecto Automotor, Dic. 08<\/p>\n<p>Simonpietri M., Raffo F., \u201cEstudio FEA mazas FSAE ITBA 2010\u201d, Proyecto Automotor, Dic. 08<\/p>\n<p>St\u00e1bile R., Raffo F., \u201cDise\u00f1o estructural parrillas suspensi\u00f3n FSAE ITBA 2010\u201d, Proyecto Automotor, May. 08<\/p>\n<p>Rivalland B., Raffo F., \u201cEstudio FEA soportes diferencial FSAE ITBA 2010\u201d, Proyecto Automotor, May. 08<\/p>\n<p>De Villafa\u00f1e G., Raffo F., \u201cDise\u00f1o caja direcci\u00f3n FSAE ITBA 2010\u201d, Proyecto Automotor, Abr. 08<\/p>\n<p>Caunedo C., Costantini P., Fern\u00e1ndez D., Oleskow T., Zubiri J.I, Raffo F., \u201cDise\u00f1o del F\u00f3rmula SAE ITBA\u201d, Proyecto Automotor, Dic. 07<\/p>\n<p>Ram\u00edrez Avalos F. J., D\u2019hers S., \u201cAn\u00e1lisis de flujo aerodin\u00e1mico en carrocer\u00eda de TC\u201d, MC AER-01-01A, 18.Jul.05<\/p>\n<p>Fuentes J. M., D\u2019hers S., \u201cCorrelaci\u00f3n de modelo CFD para una placa orificio.\u201d, MC FLJ01-01-A, 24.Feb.03<\/p>\n<p>[\/et_pb_toggle][et_pb_text _builder_version=\u00bb4.16&#8243; _module_preset=\u00bbdefault\u00bb background_color=\u00bb#ffffff\u00bb global_colors_info=\u00bb{}\u00bb]<b>Actividad Acad\u00e9mica<\/b><\/p>\n<p>El equipo colabora en la preparaci\u00f3n y dictado de las siguientes materias de grado y posgrado:<\/p>\n<p>Din\u00e1mica del Autom\u00f3vil, Estructuras Automotrices, Mecatr\u00f3nica del Autom\u00f3vil, Transmisiones Automotrices entre otras.[\/et_pb_text][\/et_pb_column][\/et_pb_row][\/et_pb_section]<\/p>\n","protected":false},"excerpt":{"rendered":"<p>Proyectos de Alumnos Laboratorio de Ingenier\u00eda AutomotrizCourreges F., Zubiri J.I., Raffo F., \u201cValidaci\u00f3n del modelo computacional de ensayo post rig del F\u00f3rmula SAE ITBA\u201d, Proyecto Automotor, Dic. 18 Hojman F., Zubiri J.I., Raffo F., \u201cDise\u00f1o de la transmisi\u00f3n FSAE ITBA 2019\u201d, Proyecto Mec\u00e1nico, Dic. 18 Nomboly M., Zubiri J.I., Raffo F., \u201cSimulaci\u00f3n y validaci\u00f3n motor [&hellip;]<\/p>\n","protected":false},"author":7,"featured_media":0,"parent":0,"menu_order":0,"comment_status":"closed","ping_status":"closed","template":"","meta":{"_et_pb_use_builder":"on","_et_pb_old_content":"","_et_gb_content_width":"","footnotes":""},"class_list":["post-393","page","type-page","status-publish","hentry"],"_links":{"self":[{"href":"https:\/\/www.itba.edu.ar\/centros\/cidim\/wp-json\/wp\/v2\/pages\/393","targetHints":{"allow":["GET"]}}],"collection":[{"href":"https:\/\/www.itba.edu.ar\/centros\/cidim\/wp-json\/wp\/v2\/pages"}],"about":[{"href":"https:\/\/www.itba.edu.ar\/centros\/cidim\/wp-json\/wp\/v2\/types\/page"}],"author":[{"embeddable":true,"href":"https:\/\/www.itba.edu.ar\/centros\/cidim\/wp-json\/wp\/v2\/users\/7"}],"replies":[{"embeddable":true,"href":"https:\/\/www.itba.edu.ar\/centros\/cidim\/wp-json\/wp\/v2\/comments?post=393"}],"version-history":[{"count":4,"href":"https:\/\/www.itba.edu.ar\/centros\/cidim\/wp-json\/wp\/v2\/pages\/393\/revisions"}],"predecessor-version":[{"id":565,"href":"https:\/\/www.itba.edu.ar\/centros\/cidim\/wp-json\/wp\/v2\/pages\/393\/revisions\/565"}],"wp:attachment":[{"href":"https:\/\/www.itba.edu.ar\/centros\/cidim\/wp-json\/wp\/v2\/media?parent=393"}],"curies":[{"name":"wp","href":"https:\/\/api.w.org\/{rel}","templated":true}]}}