{"id":38,"date":"2020-11-17T15:17:54","date_gmt":"2020-11-17T15:17:54","guid":{"rendered":"https:\/\/www.itba.edu.ar\/centros\/cidim\/?page_id=38"},"modified":"2023-06-23T18:21:13","modified_gmt":"2023-06-23T18:21:13","slug":"laboratorio-de-hidrogeno","status":"publish","type":"page","link":"https:\/\/www.itba.edu.ar\/centros\/cidim\/laboratorio-de-hidrogeno\/","title":{"rendered":"Laboratorio de hidrogeno"},"content":{"rendered":"<p>[et_pb_section fb_built=\u00bb1&#8243; admin_label=\u00bbHero\u00bb _builder_version=\u00bb4.21.0&#8243; use_background_color_gradient=\u00bbon\u00bb background_color_gradient_type=\u00bbcircular\u00bb background_color_gradient_direction_radial=\u00bbtop left\u00bb background_color_gradient_stops=\u00bbrgba(40,40,40,0.79) 0%|rgba(40,40,40,0.86) 100%\u00bb background_color_gradient_overlays_image=\u00bbon\u00bb background_color_gradient_start=\u00bbrgba(40,40,40,0.79)\u00bb background_color_gradient_end=\u00bbrgba(40,40,40,0.86)\u00bb background_image=\u00bbhttps:\/\/centros-investigacion-nv.s3.amazonaws.com\/wp-content\/uploads\/sites\/5\/2020\/11\/header-laboratorio-de-hidrogeno.jpg\u00bb background_blend=\u00bbsoft-light\u00bb max_height=\u00bb400px\u00bb custom_margin=\u00bb||||false\u00bb custom_padding=\u00bb10vw||10vw||true|false\u00bb global_colors_info=\u00bb{}\u00bb][et_pb_row _builder_version=\u00bb4.16&#8243; custom_margin=\u00bb-50px||||false|false\u00bb global_colors_info=\u00bb{}\u00bb][et_pb_column type=\u00bb4_4&#8243; _builder_version=\u00bb4.16&#8243; custom_padding=\u00bb|||\u00bb global_colors_info=\u00bb{}\u00bb custom_padding__hover=\u00bb|||\u00bb][et_pb_text _builder_version=\u00bb4.16&#8243; text_font=\u00bb||||||||\u00bb header_font=\u00bbRubik|700|||||||\u00bb header_font_size=\u00bb64px\u00bb header_line_height=\u00bb1.1em\u00bb background_layout=\u00bbdark\u00bb custom_margin=\u00bb||0px|\u00bb custom_padding=\u00bb|||16px\u00bb text_font_size_tablet=\u00bb14px\u00bb text_font_size_last_edited=\u00bboff|desktop\u00bb header_font_size_tablet=\u00bb44px\u00bb header_font_size_phone=\u00bb32px\u00bb header_font_size_last_edited=\u00bbon|phone\u00bb border_color_all=\u00bb#FF0000&#8243; border_width_left=\u00bb10px\u00bb global_colors_info=\u00bb{}\u00bb]<\/p>\n<h1>Laboratorio de Hidr\u00f3geno<\/h1>\n<h2><span style=\"background-color: #ff0000;background-size: auto;line-height: 1.6\"> Centro Integrado de Desarrollo en Ingenier\u00eda Mec\u00e1nica <\/span><\/h2>\n<p>[\/et_pb_text][\/et_pb_column][\/et_pb_row][\/et_pb_section][et_pb_section fb_built=\u00bb1&#8243; admin_label=\u00bbProject Details\u00bb _builder_version=\u00bb4.16&#8243; custom_padding=\u00bb10px||10px||true|\u00bb global_colors_info=\u00bb{}\u00bb][et_pb_row _builder_version=\u00bb4.16&#8243; global_colors_info=\u00bb{}\u00bb][et_pb_column type=\u00bb4_4&#8243; _builder_version=\u00bb4.16&#8243; custom_padding=\u00bb|||\u00bb global_colors_info=\u00bb{}\u00bb custom_padding__hover=\u00bb|||\u00bb][et_pb_text _builder_version=\u00bb4.16&#8243; text_font=\u00bb||||||||\u00bb text_font_size=\u00bb15px\u00bb text_line_height=\u00bb1.8em\u00bb custom_padding=\u00bb|||\u00bb custom_padding_tablet=\u00bb|40px||40px||true\u00bb custom_padding_last_edited=\u00bboff|desktop\u00bb locked=\u00bboff\u00bb global_colors_info=\u00bb{}\u00bb]<\/p>\n<h3><strong>\u00c1reas de estudio globales<\/strong><\/h3>\n<p>Producci\u00f3n, almacenamiento y uso eficiente de la energ\u00eda<\/p>\n<h3><strong>\u00c1reas de estudio espec\u00edficas<\/strong><\/h3>\n<p>Tecnolog\u00edas del Hidr\u00f3geno<\/p>\n<p>Combustibles de baja o nula huella de carbono para motores de combusti\u00f3n interna<\/p>\n<h3><strong><\/strong><\/h3>\n<h3><strong>Objetivos del Laboratorio<\/strong><\/h3>\n<p>El Laboratorio de Energ\u00eda se focaliza en la investigaci\u00f3n y el desarrollo (I+D) de tecnolog\u00edas vinculadas al aprovechamiento eficiente de la energ\u00eda desde su producci\u00f3n hasta su almacenamiento y uso final. Los trabajos de I+D se focalizan en la elaboraci\u00f3n de modelos experimentales y de modelos computacionales en las \u00e1reas de control, transferencia de calor y mec\u00e1nica de fluidos. Algunas de las actividades principales son:<\/p>\n<p>\u25cf Desarrollo de electrolizadores alcalinos de alta presi\u00f3n para la industria y para laboratorios de investigaci\u00f3n.<\/p>\n<p>\u25cf Optimizaci\u00f3n de la operaci\u00f3n de electrolizadores conectados a redes de abastecimiento el\u00e9ctrico e\u00f3licas y\/o solares.<\/p>\n<p>\u25cf Desarrollo y optimizaci\u00f3n de sistemas de calentamiento agua hogare\u00f1os.<\/p>\n<p>&nbsp;<\/p>\n<h3><strong>Metodolog\u00eda<\/strong><\/h3>\n<p>El enfoque del Laboratorio de energ\u00eda se basa en el desarrollo transversal del trabajo experimental y computacional para la realizaci\u00f3n de proyectos de investigaci\u00f3n y desarrollo en \u00e1reas tecnol\u00f3gicas afines a las \u00e1reas de estudio globales. Se aplica una metodolog\u00eda de trabajo que busca abarcar todas las etapas del desarrollo, desde la investigaci\u00f3n b\u00e1sica, hasta la\u00a0construcci\u00f3n y ensayo de prototipos.<\/p>\n<p><strong><\/strong><\/p>\n<p><strong><\/strong><\/p>\n<p><strong>Mail de contacto<\/strong>: Lic. Ricardo Lauretta <a href=\"mailto:rlaure@itba.edu.ar\">rlaure@itba.edu.ar<\/a><\/p>\n<p>[\/et_pb_text][\/et_pb_column][\/et_pb_row][et_pb_row column_structure=\u00bb1_2,1_2&#8243; _builder_version=\u00bb4.16&#8243; _module_preset=\u00bbdefault\u00bb global_colors_info=\u00bb{}\u00bb][et_pb_column type=\u00bb1_2&#8243; _builder_version=\u00bb4.16&#8243; _module_preset=\u00bbdefault\u00bb global_colors_info=\u00bb{}\u00bb][et_pb_image src=\u00bbcentros-investigacion-nv.s3.us-east-1.amazonaws.com\/wp-content\/uploads\/sites\/5\/2020\/11\/laboratorio-de-hidrogeno_1.jpg\u00bb title_text=\u00bblaboratorio-de-hidrogeno_1&#8243; _builder_version=\u00bb4.16&#8243; _module_preset=\u00bbdefault\u00bb global_colors_info=\u00bb{}\u00bb][\/et_pb_image][\/et_pb_column][et_pb_column type=\u00bb1_2&#8243; _builder_version=\u00bb4.16&#8243; _module_preset=\u00bbdefault\u00bb global_colors_info=\u00bb{}\u00bb][et_pb_image src=\u00bbcentros-investigacion-nv.s3.us-east-1.amazonaws.com\/wp-content\/uploads\/sites\/5\/2020\/11\/laboratorio-de-hidrogeno_2.jpg\u00bb title_text=\u00bblaboratorio-de-hidrogeno_2&#8243; _builder_version=\u00bb4.16&#8243; _module_preset=\u00bbdefault\u00bb global_colors_info=\u00bb{}\u00bb][\/et_pb_image][\/et_pb_column][\/et_pb_row][\/et_pb_section]<\/p>\n","protected":false},"excerpt":{"rendered":"<p>Laboratorio de Hidr\u00f3geno Centro Integrado de Desarrollo en Ingenier\u00eda Mec\u00e1nica \u00c1reas de estudio globales Producci\u00f3n, almacenamiento y uso eficiente de la energ\u00eda \u00c1reas de estudio espec\u00edficas Tecnolog\u00edas del Hidr\u00f3geno Combustibles de baja o nula huella de carbono para motores de combusti\u00f3n interna Objetivos del Laboratorio El Laboratorio de Energ\u00eda se focaliza en la investigaci\u00f3n y [&hellip;]<\/p>\n","protected":false},"author":7,"featured_media":0,"parent":0,"menu_order":0,"comment_status":"closed","ping_status":"closed","template":"","meta":{"_et_pb_use_builder":"on","_et_pb_old_content":"","_et_gb_content_width":"","footnotes":""},"class_list":["post-38","page","type-page","status-publish","hentry"],"_links":{"self":[{"href":"https:\/\/www.itba.edu.ar\/centros\/cidim\/wp-json\/wp\/v2\/pages\/38","targetHints":{"allow":["GET"]}}],"collection":[{"href":"https:\/\/www.itba.edu.ar\/centros\/cidim\/wp-json\/wp\/v2\/pages"}],"about":[{"href":"https:\/\/www.itba.edu.ar\/centros\/cidim\/wp-json\/wp\/v2\/types\/page"}],"author":[{"embeddable":true,"href":"https:\/\/www.itba.edu.ar\/centros\/cidim\/wp-json\/wp\/v2\/users\/7"}],"replies":[{"embeddable":true,"href":"https:\/\/www.itba.edu.ar\/centros\/cidim\/wp-json\/wp\/v2\/comments?post=38"}],"version-history":[{"count":11,"href":"https:\/\/www.itba.edu.ar\/centros\/cidim\/wp-json\/wp\/v2\/pages\/38\/revisions"}],"predecessor-version":[{"id":570,"href":"https:\/\/www.itba.edu.ar\/centros\/cidim\/wp-json\/wp\/v2\/pages\/38\/revisions\/570"}],"wp:attachment":[{"href":"https:\/\/www.itba.edu.ar\/centros\/cidim\/wp-json\/wp\/v2\/media?parent=38"}],"curies":[{"name":"wp","href":"https:\/\/api.w.org\/{rel}","templated":true}]}}