{"id":271,"date":"2020-11-18T09:28:21","date_gmt":"2020-11-18T09:28:21","guid":{"rendered":"https:\/\/www.itba.edu.ar\/centros\/cidim\/?page_id=271"},"modified":"2023-06-23T15:43:59","modified_gmt":"2023-06-23T15:43:59","slug":"laboratorio-de-ngenieria-automotriz","status":"publish","type":"page","link":"https:\/\/www.itba.edu.ar\/centros\/cidim\/laboratorio-de-ngenieria-automotriz\/","title":{"rendered":"Laboratorio de Ingenier\u00eda Automotriz"},"content":{"rendered":"<p>[et_pb_section fb_built=\u00bb1&#8243; admin_label=\u00bbHero\u00bb _builder_version=\u00bb4.21.0&#8243; use_background_color_gradient=\u00bbon\u00bb background_color_gradient_type=\u00bbcircular\u00bb background_color_gradient_direction_radial=\u00bbtop left\u00bb background_color_gradient_stops=\u00bbrgba(40,40,40,0.79) 0%|rgba(40,40,40,0.86) 100%\u00bb background_color_gradient_overlays_image=\u00bbon\u00bb background_color_gradient_start=\u00bbrgba(40,40,40,0.79)\u00bb background_color_gradient_end=\u00bbrgba(40,40,40,0.86)\u00bb background_image=\u00bbhttps:\/\/centros-investigacion-nv.s3.amazonaws.com\/wp-content\/uploads\/sites\/5\/2020\/11\/header-laboratorio-de-tecnologia-automotriz-1.jpg\u00bb background_blend=\u00bbsoft-light\u00bb max_height=\u00bb400px\u00bb custom_margin=\u00bb||||false\u00bb custom_padding=\u00bb10vw||10vw||true|false\u00bb hover_enabled=\u00bb0&#8243; global_colors_info=\u00bb{}\u00bb sticky_enabled=\u00bb0&#8243;][et_pb_row _builder_version=\u00bb4.16&#8243; custom_margin=\u00bb-97px||||false|false\u00bb custom_padding=\u00bb25px|||||\u00bb global_colors_info=\u00bb{}\u00bb][et_pb_column type=\u00bb4_4&#8243; _builder_version=\u00bb4.16&#8243; custom_padding=\u00bb|||\u00bb global_colors_info=\u00bb{}\u00bb custom_padding__hover=\u00bb|||\u00bb][et_pb_text _builder_version=\u00bb4.16&#8243; text_font=\u00bb||||||||\u00bb header_font=\u00bbRubik|700|||||||\u00bb header_font_size=\u00bb64px\u00bb header_line_height=\u00bb1.1em\u00bb background_layout=\u00bbdark\u00bb custom_margin=\u00bb||0px|\u00bb custom_padding=\u00bb|||16px\u00bb text_font_size_tablet=\u00bb14px\u00bb text_font_size_last_edited=\u00bboff|desktop\u00bb header_font_size_tablet=\u00bb44px\u00bb header_font_size_phone=\u00bb32px\u00bb header_font_size_last_edited=\u00bbon|phone\u00bb border_color_all=\u00bb#FF0000&#8243; border_width_left=\u00bb10px\u00bb global_colors_info=\u00bb{}\u00bb]<\/p>\n<h1>Laboratorio de Ingenier\u00eda Automotriz<\/h1>\n<h2><span style=\"background-color: #ff0000;background-size: auto;line-height: 1.6\"> Centro Integrado de Desarrollo en Ingenier\u00eda Mec\u00e1nica <\/span><\/h2>\n<p>[\/et_pb_text][\/et_pb_column][\/et_pb_row][\/et_pb_section][et_pb_section fb_built=\u00bb1&#8243; admin_label=\u00bbProject Details\u00bb _builder_version=\u00bb4.16&#8243; custom_padding=\u00bb10px||10px||true|\u00bb global_colors_info=\u00bb{}\u00bb][et_pb_row _builder_version=\u00bb4.16&#8243; global_colors_info=\u00bb{}\u00bb][et_pb_column type=\u00bb4_4&#8243; _builder_version=\u00bb4.16&#8243; custom_padding=\u00bb|||\u00bb global_colors_info=\u00bb{}\u00bb custom_padding__hover=\u00bb|||\u00bb][et_pb_text _builder_version=\u00bb4.16&#8243; text_font=\u00bb||||||||\u00bb text_font_size=\u00bb15px\u00bb text_line_height=\u00bb1.8em\u00bb custom_padding=\u00bb|||\u00bb custom_padding_tablet=\u00bb|40px||40px||true\u00bb custom_padding_last_edited=\u00bboff|desktop\u00bb locked=\u00bboff\u00bb global_colors_info=\u00bb{}\u00bb]<\/p>\n<p>&nbsp;<\/p>\n<p>El Laboratorio de Ingenier\u00eda Automotriz naci\u00f3 hace 20 a\u00f1os con la misi\u00f3n de fortalecer la formaci\u00f3n, la investigaci\u00f3n y el desarrollo tecnol\u00f3gico relacionado con la industria automotriz.<\/p>\n<p>El principal objetivo es proveer el conocimiento base para la ingenier\u00eda automotriz y formar estudiantes que se transformar\u00e1n en los l\u00edderes de la industria automotriz. El trabajo con empresas relacionadas aporta al constante crecimiento y a la necesidad de innovaci\u00f3n en un rubro con constantes cambios.<\/p>\n<p>El Laboratorio de Ingenier\u00eda automotriz contribuye a la formaci\u00f3n de los profesionales que ser\u00e1n los l\u00edderes en una de las industrias m\u00e1s grandes.<\/p>\n<h3><strong><\/strong><\/h3>\n<h3><strong>\u00c1reas de trabajo:<\/strong><\/h3>\n<ul>\n<li>Dise\u00f1o y fabricaci\u00f3n de componentes<\/li>\n<li>Adquisici\u00f3n de datos en veh\u00edculos<\/li>\n<li>Simulaci\u00f3n y an\u00e1lisis de din\u00e1mica vehicular<\/li>\n<li>Detecci\u00f3n y medici\u00f3n de ruidos en veh\u00edculos<\/li>\n<li>Instrumentaci\u00f3n y medici\u00f3n de cargas sobre distintos componentes<\/li>\n<li>Ensayos de durabilidad de sistemas de suspensi\u00f3n de veh\u00edculos<\/li>\n<li>Desarrollo de equipamiento para ensayos vehiculares<\/li>\n<li>Validaci\u00f3n experimental<\/li>\n<\/ul>\n<h3><strong><\/strong><\/h3>\n<h3><strong>Objetivos:<\/strong><\/h3>\n<p>\u2013 Investigaci\u00f3n: ser parte del desarrollo de las nuevas tecnolog\u00edas en una industria que se encuentra en constante evoluci\u00f3n.<\/p>\n<p>\u2013 Servicios Tecnol\u00f3gicos: asistir a la industria automotriz con soporte te\u00f3rico y aplicaci\u00f3n pr\u00e1ctica resolver las problem\u00e1ticas surgidas en el desarrollo de las nuevas tecnolog\u00edas.<\/p>\n<p>\u2013 Acad\u00e9mica: formar estudiantes capaces de liderar a trav\u00e9s de sus capacidades y su compromiso para mejorar las tecnolog\u00edas actuales.<\/p>\n<p>El laboratorio de Ingenier\u00eda Automotriz participa en las materias Din\u00e1mica del Autom\u00f3vil, Transmisiones automotrices, Estructuras automotrices, Sistemas mecatr\u00f3nicos del autom\u00f3vil, Motores de combusti\u00f3n Interna y Proyecto automotor.<\/p>\n<p><strong><\/strong><\/p>\n<p><strong><\/strong><\/p>\n<p><strong>Mail de contacto<\/strong>: <strong>Ing. Federico Raffo <\/strong><u>fraffo@itba.edu.ar<\/u><\/p>\n<p>[\/et_pb_text][\/et_pb_column][\/et_pb_row][et_pb_row column_structure=\u00bb1_2,1_2&#8243; _builder_version=\u00bb4.16&#8243; _module_preset=\u00bbdefault\u00bb global_colors_info=\u00bb{}\u00bb][et_pb_column type=\u00bb1_2&#8243; _builder_version=\u00bb4.16&#8243; _module_preset=\u00bbdefault\u00bb global_colors_info=\u00bb{}\u00bb][et_pb_image src=\u00bbcentros-investigacion-nv.s3.us-east-1.amazonaws.com\/wp-content\/uploads\/sites\/5\/2020\/11\/ingenieria-automotriz_1.jpg\u00bb title_text=\u00bbingenieria-automotriz_1&#8243; _builder_version=\u00bb4.16&#8243; _module_preset=\u00bbdefault\u00bb global_colors_info=\u00bb{}\u00bb][\/et_pb_image][\/et_pb_column][et_pb_column type=\u00bb1_2&#8243; _builder_version=\u00bb4.16&#8243; _module_preset=\u00bbdefault\u00bb global_colors_info=\u00bb{}\u00bb][et_pb_image src=\u00bbcentros-investigacion-nv.s3.us-east-1.amazonaws.com\/wp-content\/uploads\/sites\/5\/2020\/11\/ingenieria-automotriz_2.jpg\u00bb title_text=\u00bbingenieria-automotriz_2&#8243; _builder_version=\u00bb4.16&#8243; _module_preset=\u00bbdefault\u00bb global_colors_info=\u00bb{}\u00bb][\/et_pb_image][\/et_pb_column][\/et_pb_row][\/et_pb_section]<\/p>\n","protected":false},"excerpt":{"rendered":"<p>Laboratorio de Ingenier\u00eda Automotriz Centro Integrado de Desarrollo en Ingenier\u00eda Mec\u00e1nica &nbsp; El Laboratorio de Ingenier\u00eda Automotriz naci\u00f3 hace 20 a\u00f1os con la misi\u00f3n de fortalecer la formaci\u00f3n, la investigaci\u00f3n y el desarrollo tecnol\u00f3gico relacionado con la industria automotriz. El principal objetivo es proveer el conocimiento base para la ingenier\u00eda automotriz y formar estudiantes que [&hellip;]<\/p>\n","protected":false},"author":7,"featured_media":0,"parent":0,"menu_order":0,"comment_status":"closed","ping_status":"closed","template":"","meta":{"_et_pb_use_builder":"on","_et_pb_old_content":"","_et_gb_content_width":"","footnotes":""},"class_list":["post-271","page","type-page","status-publish","hentry"],"_links":{"self":[{"href":"https:\/\/www.itba.edu.ar\/centros\/cidim\/wp-json\/wp\/v2\/pages\/271","targetHints":{"allow":["GET"]}}],"collection":[{"href":"https:\/\/www.itba.edu.ar\/centros\/cidim\/wp-json\/wp\/v2\/pages"}],"about":[{"href":"https:\/\/www.itba.edu.ar\/centros\/cidim\/wp-json\/wp\/v2\/types\/page"}],"author":[{"embeddable":true,"href":"https:\/\/www.itba.edu.ar\/centros\/cidim\/wp-json\/wp\/v2\/users\/7"}],"replies":[{"embeddable":true,"href":"https:\/\/www.itba.edu.ar\/centros\/cidim\/wp-json\/wp\/v2\/comments?post=271"}],"version-history":[{"count":10,"href":"https:\/\/www.itba.edu.ar\/centros\/cidim\/wp-json\/wp\/v2\/pages\/271\/revisions"}],"predecessor-version":[{"id":561,"href":"https:\/\/www.itba.edu.ar\/centros\/cidim\/wp-json\/wp\/v2\/pages\/271\/revisions\/561"}],"wp:attachment":[{"href":"https:\/\/www.itba.edu.ar\/centros\/cidim\/wp-json\/wp\/v2\/media?parent=271"}],"curies":[{"name":"wp","href":"https:\/\/api.w.org\/{rel}","templated":true}]}}