{"id":244,"date":"2020-11-18T09:04:42","date_gmt":"2020-11-18T09:04:42","guid":{"rendered":"https:\/\/www.itba.edu.ar\/centros\/cidim\/?page_id=244"},"modified":"2023-06-23T15:40:50","modified_gmt":"2023-06-23T15:40:50","slug":"actividades-laboratorio-de-desarrollo-y-ensayo-de-motores","status":"publish","type":"page","link":"https:\/\/www.itba.edu.ar\/centros\/cidim\/actividades-laboratorio-de-desarrollo-y-ensayo-de-motores\/","title":{"rendered":"Actividades &#8211; Laboratorio de Desarrollo y Ensayo de Motores"},"content":{"rendered":"<p>[et_pb_section fb_built=\u00bb1&#8243; admin_label=\u00bbHero\u00bb _builder_version=\u00bb4.21.0&#8243; use_background_color_gradient=\u00bbon\u00bb background_color_gradient_type=\u00bbcircular\u00bb background_color_gradient_direction_radial=\u00bbtop left\u00bb background_color_gradient_stops=\u00bbrgba(40,40,40,0.79) 0%|rgba(40,40,40,0.86) 100%\u00bb background_color_gradient_overlays_image=\u00bbon\u00bb background_color_gradient_start=\u00bbrgba(40,40,40,0.79)\u00bb background_color_gradient_end=\u00bbrgba(40,40,40,0.86)\u00bb background_image=\u00bbhttps:\/\/centros-investigacion-nv.s3.amazonaws.com\/wp-content\/uploads\/sites\/5\/2020\/11\/cidim-lab-motores-header-1.jpg\u00bb background_blend=\u00bbsoft-light\u00bb max_height=\u00bb400px\u00bb custom_margin=\u00bb||||false\u00bb custom_padding=\u00bb10vw||10vw||true|false\u00bb hover_enabled=\u00bb0&#8243; global_colors_info=\u00bb{}\u00bb sticky_enabled=\u00bb0&#8243;][et_pb_row column_structure=\u00bb2_3,1_3&#8243; _builder_version=\u00bb4.16&#8243; custom_margin=\u00bb-50px||||false|false\u00bb locked=\u00bboff\u00bb global_colors_info=\u00bb{}\u00bb][et_pb_column type=\u00bb2_3&#8243; _builder_version=\u00bb4.16&#8243; custom_padding=\u00bb|||\u00bb global_colors_info=\u00bb{}\u00bb custom_padding__hover=\u00bb|||\u00bb][et_pb_text _builder_version=\u00bb4.16&#8243; text_font=\u00bb||||||||\u00bb header_font=\u00bbRubik|700|||||||\u00bb header_font_size=\u00bb64px\u00bb header_line_height=\u00bb1.1em\u00bb background_layout=\u00bbdark\u00bb max_width=\u00bb800px\u00bb custom_margin=\u00bb||0px|\u00bb custom_padding=\u00bb|||16px\u00bb text_font_size_tablet=\u00bb14px\u00bb text_font_size_last_edited=\u00bboff|desktop\u00bb header_font_size_tablet=\u00bb44px\u00bb header_font_size_phone=\u00bb32px\u00bb header_font_size_last_edited=\u00bbon|phone\u00bb border_color_all=\u00bb#FF0000&#8243; border_width_left=\u00bb10px\u00bb global_colors_info=\u00bb{}\u00bb]<\/p>\n<h1>Actividades<\/h1>\n<h2>Laboratorio de Desarrollo y Ensayo de Motores<\/h2>\n<p>[\/et_pb_text][\/et_pb_column][et_pb_column type=\u00bb1_3&#8243; _builder_version=\u00bb4.16&#8243; custom_padding=\u00bb|||\u00bb global_colors_info=\u00bb{}\u00bb custom_padding__hover=\u00bb|||\u00bb][\/et_pb_column][\/et_pb_row][\/et_pb_section][et_pb_section fb_built=\u00bb1&#8243; admin_label=\u00bb Get a Quote\u00bb _builder_version=\u00bb4.16&#8243; background_color=\u00bb#ffffff\u00bb custom_padding=\u00bb|||\u00bb animation_style=\u00bbslide\u00bb animation_direction=\u00bbtop\u00bb animation_intensity_slide=\u00bb10%\u00bb box_shadow_style=\u00bbpreset3&#8243; box_shadow_vertical=\u00bb10px\u00bb box_shadow_blur=\u00bb105px\u00bb box_shadow_spread=\u00bb0px\u00bb box_shadow_color=\u00bbrgba(0,0,0,0.12)\u00bb global_colors_info=\u00bb{}\u00bb][et_pb_row _builder_version=\u00bb4.16&#8243; background_color=\u00bb#ffffff\u00bb max_width=\u00bb80%\u00bb custom_margin=\u00bb|||\u00bb use_custom_width=\u00bbon\u00bb width_unit=\u00bboff\u00bb global_colors_info=\u00bb{}\u00bb][et_pb_column type=\u00bb4_4&#8243; _builder_version=\u00bb4.16&#8243; background_color=\u00bb#f5f5f5&#8243; custom_padding=\u00bb|||\u00bb global_colors_info=\u00bb{}\u00bb custom_padding__hover=\u00bb|||\u00bb][et_pb_text _builder_version=\u00bb4.16&#8243; _module_preset=\u00bbdefault\u00bb background_color=\u00bb#ffffff\u00bb global_colors_info=\u00bb{}\u00bb]<\/p>\n<p>Actividades en cooperaci\u00f3n con entidades p\u00fablicas, privadas y universidades nacionales y extranjeras.<\/p>\n<p>[\/et_pb_text][\/et_pb_column][\/et_pb_row][et_pb_row _builder_version=\u00bb4.16&#8243; background_color=\u00bb#ffffff\u00bb max_width=\u00bb80%\u00bb custom_margin=\u00bb|||\u00bb use_custom_width=\u00bbon\u00bb width_unit=\u00bboff\u00bb global_colors_info=\u00bb{}\u00bb][et_pb_column type=\u00bb4_4&#8243; _builder_version=\u00bb4.16&#8243; background_color=\u00bb#ffffff\u00bb custom_padding=\u00bb|||\u00bb global_colors_info=\u00bb{}\u00bb custom_padding__hover=\u00bb|||\u00bb][et_pb_toggle title=\u00bbPer\u00edodo 2019&#8243; closed_toggle_background_color=\u00bb#F4F4F4&#8243; disabled_on=\u00bboff|off|on\u00bb _builder_version=\u00bb4.16&#8243; _module_preset=\u00bbdefault\u00bb global_colors_info=\u00bb{}\u00bb]<\/p>\n<p><strong>Entidad:<\/strong> Y-TEC<br \/> <strong>Tipo de Trabajo y lugar de realizaci\u00f3n:<\/strong> Proyecto de investigaci\u00f3n. ITBA<br \/> <strong>Tema del Trabajo:\u00a0<\/strong><\/p>\n<p>Modelado de motores de combusti\u00f3n interna mediante CFD<\/p>\n<p><strong>Entidad: <\/strong>CIMEC (Argentina)<br \/> <strong>Tipo de Trabajo y lugar de realizaci\u00f3n:<\/strong> Proyecto de investigaci\u00f3n. ITBA-CIMEC<br \/> <strong>Tema del Trabajo:<\/strong><\/p>\n<p>\u00a0Validaci\u00f3n experimental de un modelo de malla din\u00e1mica para motores de combusti\u00f3n interna.<\/p>\n<p>[\/et_pb_toggle][et_pb_toggle title=\u00bbPer\u00edodo 2019&#8243; closed_toggle_background_color=\u00bb#F4F4F4&#8243; disabled_on=\u00bbon|off|off\u00bb _builder_version=\u00bb4.16&#8243; _module_preset=\u00bbdefault\u00bb global_colors_info=\u00bb{}\u00bb]<\/p>\n<table style=\"width: 100%\" border=\"1\">\n<tbody>\n<tr>\n<td style=\"width: 168px;text-align: center\">Entidad<\/td>\n<td style=\"width: 236px;text-align: center\">Tipo de Trabajo y lugar de realizaci\u00f3n<\/td>\n<td style=\"width: 225px;text-align: center\">Tema del Trabajo<\/td>\n<\/tr>\n<tr>\n<td style=\"width: 168px;text-align: center\">Y-TEC<\/td>\n<td style=\"width: 236px;text-align: center\">Proyecto de investigaci\u00f3n. ITBA<\/td>\n<td style=\"width: 225px;text-align: center\">Modelado de motores de combusti\u00f3n interna mediante CFD<\/td>\n<\/tr>\n<tr>\n<td style=\"width: 168px;text-align: center\">CIMEC (Argentina)<\/td>\n<td style=\"width: 236px;text-align: center\">Proyecto de investigaci\u00f3n. ITBA-CIMEC<\/td>\n<td style=\"width: 225px;text-align: center\">Validaci\u00f3n experimental de un modelo de malla din\u00e1mica para motores de combusti\u00f3n interna.<\/td>\n<\/tr>\n<\/tbody>\n<\/table>\n<p>[\/et_pb_toggle][et_pb_toggle title=\u00bbActividades 2012\/2013&#8243; disabled_on=\u00bboff|off|on\u00bb _builder_version=\u00bb4.16&#8243; _module_preset=\u00bbdefault\u00bb global_colors_info=\u00bb{}\u00bb]<\/p>\n<p><strong>Entidad:<\/strong>\u00a0RWTH Aachen (Alemania)<br \/> <strong>Tipo de Trabajo y lugar de realizaci\u00f3n:<\/strong>\u00a0Proyecto final de Maestr\u00eda. Lab Energ\u00eda, ITBA<br \/> <strong>Tema del Trabajo:<\/strong><\/p>\n<p>Desarrollo del modelo te\u00f3rico y simulaci\u00f3n computacional de un motor de combusti\u00f3n interna, utilizando H2 como combustible.<\/p>\n<p>[\/et_pb_toggle][et_pb_toggle title=\u00bbActividades 2012\/2013&#8243; disabled_on=\u00bbon|off|off\u00bb _builder_version=\u00bb4.16&#8243; _module_preset=\u00bbdefault\u00bb global_colors_info=\u00bb{}\u00bb]<\/p>\n<table style=\"width: 100%\" border=\"1\">\n<tbody>\n<tr>\n<td style=\"width: 168px;text-align: center\">Entidad<\/td>\n<td style=\"width: 236px;text-align: center\">Tipo de Trabajo y lugar de realizaci\u00f3n<\/td>\n<td style=\"width: 225px;text-align: center\">Tema del Trabajo<\/td>\n<\/tr>\n<tr>\n<td style=\"width: 168px;text-align: center\">RWTH Aachen<br \/> (Alemania)<\/td>\n<td style=\"width: 236px;text-align: center\">Proyecto final de Maestr\u00eda.<br \/> Lab Energ\u00eda, ITBA<\/td>\n<td style=\"width: 225px;text-align: center\">Desarrollo del modelo te\u00f3rico y simulaci\u00f3n computacional de un motor de combusti\u00f3n interna, utilizando H2 como combustible.<\/td>\n<\/tr>\n<\/tbody>\n<\/table>\n<p>[\/et_pb_toggle][et_pb_text _builder_version=\u00bb4.16&#8243; _module_preset=\u00bbdefault\u00bb background_color=\u00bb#ffffff\u00bb global_colors_info=\u00bb{}\u00bb]<\/p>\n<p><strong>Financiamiento y fondos de investigaci\u00f3n<\/strong><\/p>\n<ul>\n<li>FONCYT, Projects for Research in Science and Technology (PICT-2014-0339), Application area: Energy Technology, Mining mechanics and materials. Spark Ignited Internal Combustion Engines Fuelled with Natural Gas, Synthesis gas, Biogas and Hydrogen. Project Director 2014<\/li>\n<li>FONCYT, Projects for Research in Science and Technology (PICT-2015-1289), Application area: Energy Technology, Mining mechanics and Materials. Development and Experimental Validation of a CFD and Heat Transfer model of the overall power cycle of a Hydrogen fuelled ICE. Project Director. 2015.<\/li>\n<\/ul>\n<p>[\/et_pb_text][\/et_pb_column][\/et_pb_row][\/et_pb_section]<\/p>\n","protected":false},"excerpt":{"rendered":"<p>Actividades Laboratorio de Desarrollo y Ensayo de MotoresActividades en cooperaci\u00f3n con entidades p\u00fablicas, privadas y universidades nacionales y extranjeras.Entidad: Y-TEC Tipo de Trabajo y lugar de realizaci\u00f3n: Proyecto de investigaci\u00f3n. ITBA Tema del Trabajo:\u00a0 Modelado de motores de combusti\u00f3n interna mediante CFD Entidad: CIMEC (Argentina) Tipo de Trabajo y lugar de realizaci\u00f3n: Proyecto de investigaci\u00f3n. [&hellip;]<\/p>\n","protected":false},"author":7,"featured_media":0,"parent":0,"menu_order":0,"comment_status":"closed","ping_status":"closed","template":"","meta":{"_et_pb_use_builder":"on","_et_pb_old_content":"","_et_gb_content_width":"","footnotes":""},"class_list":["post-244","page","type-page","status-publish","hentry"],"_links":{"self":[{"href":"https:\/\/www.itba.edu.ar\/centros\/cidim\/wp-json\/wp\/v2\/pages\/244","targetHints":{"allow":["GET"]}}],"collection":[{"href":"https:\/\/www.itba.edu.ar\/centros\/cidim\/wp-json\/wp\/v2\/pages"}],"about":[{"href":"https:\/\/www.itba.edu.ar\/centros\/cidim\/wp-json\/wp\/v2\/types\/page"}],"author":[{"embeddable":true,"href":"https:\/\/www.itba.edu.ar\/centros\/cidim\/wp-json\/wp\/v2\/users\/7"}],"replies":[{"embeddable":true,"href":"https:\/\/www.itba.edu.ar\/centros\/cidim\/wp-json\/wp\/v2\/comments?post=244"}],"version-history":[{"count":7,"href":"https:\/\/www.itba.edu.ar\/centros\/cidim\/wp-json\/wp\/v2\/pages\/244\/revisions"}],"predecessor-version":[{"id":557,"href":"https:\/\/www.itba.edu.ar\/centros\/cidim\/wp-json\/wp\/v2\/pages\/244\/revisions\/557"}],"wp:attachment":[{"href":"https:\/\/www.itba.edu.ar\/centros\/cidim\/wp-json\/wp\/v2\/media?parent=244"}],"curies":[{"name":"wp","href":"https:\/\/api.w.org\/{rel}","templated":true}]}}