{"id":9,"date":"2020-11-13T12:27:44","date_gmt":"2020-11-13T12:27:44","guid":{"rendered":"https:\/\/www.itba.edu.ar\/centros\/cidei\/?page_id=9"},"modified":"2020-12-01T11:45:26","modified_gmt":"2020-12-01T11:45:26","slug":"el-centro","status":"publish","type":"page","link":"https:\/\/www.itba.edu.ar\/centros\/cidei\/","title":{"rendered":"El Centro"},"content":{"rendered":"<p>[et_pb_section fb_built=\u00bb1&#8243; admin_label=\u00bbHero\u00bb _builder_version=\u00bb4.6.6&#8243; use_background_color_gradient=\u00bbon\u00bb background_color_gradient_start=\u00bbrgba(40,40,40,0.79)\u00bb background_color_gradient_end=\u00bbrgba(40,40,40,0.86)\u00bb background_color_gradient_type=\u00bbradial\u00bb background_color_gradient_direction_radial=\u00bbtop left\u00bb background_color_gradient_overlays_image=\u00bbon\u00bb background_image=\u00bbhttps:\/\/centros-investigacion-nv.s3.amazonaws.com\/wp-content\/uploads\/sites\/4\/2020\/11\/header-cidei-home.jpg\u00bb parallax=\u00bbon\u00bb custom_margin=\u00bb||||false\u00bb custom_padding=\u00bb10vw||10vw||true|false\u00bb][et_pb_row column_structure=\u00bb2_3,1_3&#8243; _builder_version=\u00bb3.25&#8243;][et_pb_column type=\u00bb2_3&#8243; _builder_version=\u00bb3.25&#8243; custom_padding=\u00bb|||\u00bb custom_padding__hover=\u00bb|||\u00bb][et_pb_text _builder_version=\u00bb4.6.6&#8243; text_font=\u00bb||||||||\u00bb header_font=\u00bbRubik|700|||||||\u00bb header_font_size=\u00bb64px\u00bb header_line_height=\u00bb1.1em\u00bb background_layout=\u00bbdark\u00bb max_width=\u00bb800px\u00bb custom_margin=\u00bb||0px|\u00bb custom_padding=\u00bb|||16px\u00bb text_font_size_tablet=\u00bb14px\u00bb text_font_size_last_edited=\u00bboff|desktop\u00bb header_font_size_tablet=\u00bb44px\u00bb header_font_size_phone=\u00bb32px\u00bb header_font_size_last_edited=\u00bbon|phone\u00bb border_color_all=\u00bb#f16c09&#8243; border_width_left=\u00bb10px\u00bb]<\/p>\n<h1 style=\"font-size: 85px\">CIDEI<\/h1>\n<h2><span style=\"background-color: #f16c09;background-size: auto;line-height: 1.6\">Centro de I+D en Electr\u00f3nica Industrial<\/span><\/h2>\n<h2>Departamento de Ingenier\u00eda Electr\u00f3nica<\/h2>\n<p>[\/et_pb_text][\/et_pb_column][et_pb_column type=\u00bb1_3&#8243; _builder_version=\u00bb3.25&#8243; custom_padding=\u00bb|||\u00bb custom_padding__hover=\u00bb|||\u00bb][\/et_pb_column][\/et_pb_row][\/et_pb_section][et_pb_section fb_built=\u00bb1&#8243; admin_label=\u00bbAbout Us\u00bb _builder_version=\u00bb3.22&#8243;][et_pb_row _builder_version=\u00bb4.6.6&#8243;][et_pb_column type=\u00bb4_4&#8243; _builder_version=\u00bb3.25&#8243; custom_padding=\u00bb|||\u00bb custom_padding__hover=\u00bb|||\u00bb][et_pb_text _builder_version=\u00bb4.6.6&#8243; text_font=\u00bb||||||||\u00bb text_font_size=\u00bb15px\u00bb text_line_height=\u00bb1.8em\u00bb custom_padding=\u00bb|||\u00bb custom_padding_tablet=\u00bb|40px||40px||true\u00bb custom_padding_last_edited=\u00bboff|desktop\u00bb]<\/p>\n<p>En el Centro de Investigaci\u00f3n y Desarrollo en Electr\u00f3nica Industrial estudiamos e investigamos tecnolog\u00edas y herramientas de aplicaci\u00f3n en todos los ambientes de la vida moderna, especialmente en las aplicaciones industriales de la tecnolog\u00eda, que permiten una gran velocidad de difusi\u00f3n a la comunidad para su implementaci\u00f3n a toda escala.<\/p>\n<p>Nuestro principal foco de inter\u00e9s est\u00e1 en el manejo seguro y eficiente de la energ\u00eda, dise\u00f1ando y desarrollando herramientas para el estudio, interconexi\u00f3n y control de fuentes renovables, tracci\u00f3n el\u00e9ctrica (en veh\u00edculos de todo tipo), y la transmisi\u00f3n inal\u00e1mbrica de energ\u00eda.<br \/>Trabajamos tambi\u00e9n en los sistemas asociados, como el sensado, monitoreo, seguridad y las herramientas de control que los sistemas de energ\u00eda modernos requieren, haciendo hincapi\u00e9 en t\u00e9cnicas avanzadas de control no lineal y en la utilizaci\u00f3n de herramientas de Inteligencia Artificial.<\/p>\n<p>Ponemos a disposici\u00f3n de la Industria nuestro knowhow y experiencia en la realizaci\u00f3n de servicios de I+D+i para la resoluci\u00f3n de problemas de tecnolog\u00eda aplicada.<br \/>Trabajamos en conjunto con importantes Centros de Universidades Nacionales e internacionales, lo que nos permite una constante actualizaci\u00f3n y la posibilidad de resolver problemas complejos y multidisciplinarios, trabajando en equipo.<\/p>\n<p>[\/et_pb_text][\/et_pb_column][\/et_pb_row][et_pb_row _builder_version=\u00bb4.6.6&#8243; hover_enabled=\u00bb0&#8243; column_structure=\u00bb1_3,1_3,1_3&#8243; animation_style=\u00bbflip\u00bb sticky_enabled=\u00bb0&#8243;][et_pb_column type=\u00bb1_3&#8243; _builder_version=\u00bb3.25&#8243; custom_padding=\u00bb|||\u00bb custom_padding__hover=\u00bb|||\u00bb][et_pb_image src=\u00bbhttps:\/\/centros-investigacion-nv.s3.amazonaws.com\/wp-content\/uploads\/sites\/4\/2020\/12\/centro-cidei1.jpg\u00bb _builder_version=\u00bb4.6.6&#8243; _module_preset=\u00bbdefault\u00bb title_text=\u00bbcentro-cidei1&#8243; hover_enabled=\u00bb0&#8243; sticky_enabled=\u00bb0&#8243;][\/et_pb_image][\/et_pb_column][et_pb_column type=\u00bb1_3&#8243; _builder_version=\u00bb3.25&#8243; custom_padding=\u00bb|||\u00bb custom_padding__hover=\u00bb|||\u00bb][et_pb_image src=\u00bbhttps:\/\/centros-investigacion-nv.s3.amazonaws.com\/wp-content\/uploads\/sites\/4\/2020\/12\/centro-cidei2.jpg\u00bb _builder_version=\u00bb4.6.6&#8243; _module_preset=\u00bbdefault\u00bb title_text=\u00bbcentro-cidei2&#8243; hover_enabled=\u00bb0&#8243; sticky_enabled=\u00bb0&#8243;][\/et_pb_image][\/et_pb_column][et_pb_column type=\u00bb1_3&#8243; _builder_version=\u00bb3.25&#8243; custom_padding=\u00bb|||\u00bb custom_padding__hover=\u00bb|||\u00bb][et_pb_image src=\u00bbhttps:\/\/centros-investigacion-nv.s3.amazonaws.com\/wp-content\/uploads\/sites\/4\/2020\/12\/centro-cidei3.jpg\u00bb _builder_version=\u00bb4.6.6&#8243; _module_preset=\u00bbdefault\u00bb title_text=\u00bbcentro-cidei3&#8243; hover_enabled=\u00bb0&#8243; sticky_enabled=\u00bb0&#8243;][\/et_pb_image][\/et_pb_column][\/et_pb_row][\/et_pb_section]<\/p>\n","protected":false},"excerpt":{"rendered":"<p>CIDEI Centro de I+D en Electr\u00f3nica Industrial Departamento de Ingenier\u00eda Electr\u00f3nicaEn el Centro de Investigaci\u00f3n y Desarrollo en Electr\u00f3nica Industrial estudiamos e investigamos tecnolog\u00edas y herramientas de aplicaci\u00f3n en todos los ambientes de la vida moderna, especialmente en las aplicaciones industriales de la tecnolog\u00eda, que permiten una gran velocidad de difusi\u00f3n a la comunidad para [&hellip;]<\/p>\n","protected":false},"author":7,"featured_media":0,"parent":0,"menu_order":0,"comment_status":"closed","ping_status":"closed","template":"","meta":{"_et_pb_use_builder":"on","_et_pb_old_content":"","_et_gb_content_width":"","footnotes":""},"class_list":["post-9","page","type-page","status-publish","hentry"],"_links":{"self":[{"href":"https:\/\/www.itba.edu.ar\/centros\/cidei\/wp-json\/wp\/v2\/pages\/9","targetHints":{"allow":["GET"]}}],"collection":[{"href":"https:\/\/www.itba.edu.ar\/centros\/cidei\/wp-json\/wp\/v2\/pages"}],"about":[{"href":"https:\/\/www.itba.edu.ar\/centros\/cidei\/wp-json\/wp\/v2\/types\/page"}],"author":[{"embeddable":true,"href":"https:\/\/www.itba.edu.ar\/centros\/cidei\/wp-json\/wp\/v2\/users\/7"}],"replies":[{"embeddable":true,"href":"https:\/\/www.itba.edu.ar\/centros\/cidei\/wp-json\/wp\/v2\/comments?post=9"}],"version-history":[{"count":10,"href":"https:\/\/www.itba.edu.ar\/centros\/cidei\/wp-json\/wp\/v2\/pages\/9\/revisions"}],"predecessor-version":[{"id":107,"href":"https:\/\/www.itba.edu.ar\/centros\/cidei\/wp-json\/wp\/v2\/pages\/9\/revisions\/107"}],"wp:attachment":[{"href":"https:\/\/www.itba.edu.ar\/centros\/cidei\/wp-json\/wp\/v2\/media?parent=9"}],"curies":[{"name":"wp","href":"https:\/\/api.w.org\/{rel}","templated":true}]}}