{"id":57,"date":"2020-11-13T13:27:54","date_gmt":"2020-11-13T13:27:54","guid":{"rendered":"https:\/\/www.itba.edu.ar\/centros\/cidei\/?page_id=57"},"modified":"2021-02-19T14:19:11","modified_gmt":"2021-02-19T14:19:11","slug":"proyectos","status":"publish","type":"page","link":"https:\/\/www.itba.edu.ar\/centros\/cidei\/proyectos\/","title":{"rendered":"Proyectos"},"content":{"rendered":"<p>[et_pb_section fb_built=\u00bb1&#8243; admin_label=\u00bbHero\u00bb _builder_version=\u00bb4.6.6&#8243; use_background_color_gradient=\u00bbon\u00bb background_color_gradient_start=\u00bbrgba(40,40,40,0.79)\u00bb background_color_gradient_end=\u00bbrgba(40,40,40,0.86)\u00bb background_color_gradient_type=\u00bbradial\u00bb background_color_gradient_direction_radial=\u00bbtop left\u00bb background_color_gradient_overlays_image=\u00bbon\u00bb background_image=\u00bbhttps:\/\/centros-investigacion-nv.s3.amazonaws.com\/wp-content\/uploads\/sites\/4\/2020\/11\/header-proyectos.jpg\u00bb max_height=\u00bb400px\u00bb custom_margin=\u00bb-50px||||false|false\u00bb custom_padding=\u00bb88px||88px||true|false\u00bb][et_pb_row column_structure=\u00bb2_3,1_3&#8243; _builder_version=\u00bb4.6.6&#8243; min_height=\u00bb205px\u00bb][et_pb_column type=\u00bb2_3&#8243; _builder_version=\u00bb3.25&#8243; custom_padding=\u00bb|||\u00bb custom_padding__hover=\u00bb|||\u00bb][et_pb_text _builder_version=\u00bb4.7.7&#8243; text_font=\u00bb||||||||\u00bb header_font=\u00bbRubik|700|||||||\u00bb header_font_size=\u00bb64px\u00bb header_line_height=\u00bb1.1em\u00bb background_layout=\u00bbdark\u00bb max_width=\u00bb800px\u00bb custom_margin=\u00bb||0px|\u00bb custom_padding=\u00bb|||16px\u00bb hover_enabled=\u00bb0&#8243; text_font_size_tablet=\u00bb14px\u00bb text_font_size_last_edited=\u00bboff|desktop\u00bb header_font_size_tablet=\u00bb44px\u00bb header_font_size_phone=\u00bb32px\u00bb header_font_size_last_edited=\u00bbon|phone\u00bb border_color_all=\u00bb#E16A12&#8243; border_width_left=\u00bb10px\u00bb sticky_enabled=\u00bb0&#8243;]<\/p>\n<h1>Proyectos y Publicaciones<\/h1>\n<h2><span style=\"background-color: #f16c09;background-size: auto;line-height: 1.6\">Centro de I+D en Electr\u00f3nica Industrial<\/span><\/h2>\n<p>[\/et_pb_text][\/et_pb_column][et_pb_column type=\u00bb1_3&#8243; _builder_version=\u00bb3.25&#8243; custom_padding=\u00bb|||\u00bb custom_padding__hover=\u00bb|||\u00bb][\/et_pb_column][\/et_pb_row][\/et_pb_section][et_pb_section fb_built=\u00bb1&#8243; admin_label=\u00bbProject Details\u00bb _builder_version=\u00bb4.6.6&#8243; custom_padding=\u00bb10px||10px||true|\u00bb][et_pb_row _builder_version=\u00bb4.6.6&#8243;][et_pb_column type=\u00bb4_4&#8243; _builder_version=\u00bb3.25&#8243; custom_padding=\u00bb|||\u00bb custom_padding__hover=\u00bb|||\u00bb][et_pb_text _builder_version=\u00bb4.7.7&#8243; text_font=\u00bb||||||||\u00bb text_font_size=\u00bb15px\u00bb text_line_height=\u00bb1.8em\u00bb custom_padding=\u00bb|||\u00bb custom_padding_tablet=\u00bb|40px||40px||true\u00bb custom_padding_last_edited=\u00bboff|desktop\u00bb animation_style=\u00bbslide\u00bb hover_enabled=\u00bb0&#8243; locked=\u00bboff\u00bb sticky_enabled=\u00bb0&#8243;]<\/p>\n<h3><strong>Convertidor Multinivel Fuente de Corriente (MCSI)<\/strong><\/h3>\n<p>\u25cf Desarrollo, modelado y control de un prototipo MCSI modular con capacidad de funcionamiento tolerante a fallas.\u00a0\u25cf Desarrollo, modelado y control de un prototipo MCSI modular con capacidad de funcionamiento tolerante a fallas.\u00a0Se dispone de una plataforma de desarrollo de convertidores MCSI de distintas topolog\u00edas, con capacidad para trabajar hasta 10kW de potencia y 9 niveles.\u00a0Se dispone adem\u00e1s de toda la electr\u00f3nica asociada para desarrollar complejas t\u00e9cnicas de control sobre convertidores, tanto on-grid como off-grid (conectados o no a la red el\u00e9ctrica), mediante el uso de la microgrid instrumentada interna del CIDEI.<\/p>\n<p>Director: Miguel Aguirre, Co-director: Pablo Cossutta<\/p>\n<p>\u25cf Desarrollo e implementaci\u00f3n de t\u00e9cnicas y algoritmos de alta velocidad en FPGAs para el control y sincronizaci\u00f3n de convertidores<br \/> Director: Pablo Cossutta, Co-director: Miguel Aguirre<\/p>\n<p>[\/et_pb_text][et_pb_toggle title=\u00bbPublicaciones en revistas cient\u00edficas \u00bb _builder_version=\u00bb4.6.6&#8243; _module_preset=\u00bbdefault\u00bb]<\/p>\n<p>1. A. Ghersin, P. Cossutta, and M. P. Aguirre, \u201cLpv control of current source inverter synchronized with the grid,\u201d IEEE Latin America Transactions, Aceptado para su publicaci\u00f3n, June 2020.<\/p>\n<p>2. P. Cossutta, M. P. Aguirre, M. A. Engelhardt, and M. I. Valla, \u201cControl system to balance internal currents of a multilevel current-source inverter,\u201d IEEE Transactions on Industrial Electronics, vol. 65, pp. 2280\u20132288, March 2018.<\/p>\n<p>3. P. Cossutta, M. P. Aguirre, A. Cao, S. Raffo, and M. I. Valla, \u201cSingle-stage fuel cell to grid inter- face with multilevel current-source inverters,\u201d IEEE Transactions on Industrial Electronics, vol. 62, pp. 5256\u20135264, Aug 2015.<\/p>\n<p>4. M. Aguirre, H. Couto, and M. I. Valla, \u201cAnalysis and simulation of a hydrogen based electric system to improve power quality in distributed grids,\u201d International Journal of Hydrogen Energy, vol. 37, no. 19, pp. 14959\u201314965, 2012.<\/p>\n<p>5. M. Aguirre, L. Calvino, and M. Valla, \u201cMultilevel current-source inverter with fpga control,\u201d Industrial Electronics, IEEE Transactions on, vol. 60, pp. 3 \u201310, jan. 2013<\/p>\n<p>[\/et_pb_toggle][et_pb_toggle title=\u00bbPublicaciones en Congresos y Reuniones Cient\u00edficas\u00bb _builder_version=\u00bb4.6.6&#8243; _module_preset=\u00bbdefault\u00bb]<\/p>\n<p>1. J. Mu\u00f1oz, B. Soto, A. Villal\u00f3n, M. Rivera, P. Cossutta, and M. Aguirre, \u201cPredictive control of a 27-level asymmetric multilevel current source inverter,\u201d in 2018 IEEE International Conference on Environment and Electrical Engineering and 2018 IEEE Industrial and Commercial Power Systems Europe (EEEIC \/ I CPS Europe), pp. 1\u20136, June 2018.<\/p>\n<p>2. P. Cossutta, M. Aguirre, J. Mu\u00f1oz, M. Rivera, P. Melin, and J. Rohten, \u201c7-level asymmetric multilevel current source inverter with predictive control,\u201d in 2017 IEEE Southern Power Electronics Conference (SPEC), pp. 1\u20136, Dec 2017.<br \/>3. P. Cossutta, M. A. Engelhardt, M. P. Aguirre, and M. I. Valla, \u201cControl predictivo con restricciones de un convertidor fuente de corriente multinivel ternario de 9 niveles y su fuente de corriente,\u201d in 2017 XVII Workshop on Information Processing and Control (RPIC), Sept 2017.<\/p>\n<p>4. P. Cossutta, M. A. Engelhardt, M. Aguirre, J. Ponce, and M. I. Valla, \u201cModel predictive control of a multilevel current source inverter together with its current source,\u201d in 2017 IEEE 26th International Symposium on Industrial Electronics (ISIE), pp. 762\u2013767, June 2017.<\/p>\n<p>5. E. E. Roussineau, J. L. Matus, P. Cossutta, and M. P. Aguirre, \u201cProtecci\u00f3n contra descargas atmosf\u00e9ricas en sistemas de monitoreo de campo,\u201d in AADECA 2016 &#8211; 25vo. Congreso de la Asociaci\u00f3n Argentina de Control Autom\u00e1tico, Nov 2016.<\/p>\n<p>6. P. Cossutta, M. Rivera, and M. I. Valla, \u201cModel predictive control of a current source inverter together with its current source,\u201d in IECON 2016 &#8211; 42nd Annual Conference of the IEEE Industrial Electronics Society, pp. 5965\u20135970, Oct 2016.<\/p>\n<p>7. P. Cossutta, M. A. Engelhardt, M. P. Aguirre, and M. I. Valla, \u201cControl predictivo de un convertidor multinivel de corriente,\u201d in 2016 IEEE Biennal Congress of Argentina (ARGENCON), June 2016.<\/p>\n<p>8. P. Cossutta, M. A. Engelhardt, F. Ditaranto, E. E. Roussineau, M. P. Aguirre, and M. I. Valla, \u201cImplementaci\u00f3n de un sogi-pll monof\u00e1sico de alta velocidad en fpga,\u201d in 2016 XVI Workshop on Information Processing and Control (RPIC), Oct 2015.<\/p>\n<p>9. P. Cossutta, S. Raffo, A. Cao, F. Ditaranto, M. P. Aguirre, and M. I. Valla, \u201cHigh speed single phasesogi-pll with high resolution implementation on an fpga,\u201d in 2015 IEEE 24th International Symposium on Industrial Electronics (ISIE), pp. 1004\u20131009, June 2015.<\/p>\n<p>10. P. Cossutta, M. P. Aguirre, A. Cao, S. Raffo, and M. I. Valla, \u201cA novel modulation technique for single phase current source inverters with active buffering,\u201d in 2015 IEEE International Conference on Industrial Technology (ICIT), pp. 2036\u20132041, March 2015.<\/p>\n<p>11. P. Cossutta, M. P. Aguirre, A. Cao, M. A. Engelhardt, and M. I. Valla, \u201cImplementaci\u00f3n de un algoritmo dsogi-pll en una fpga para sincronizaci\u00f3n con la red de convertidores de potencia,\u201d in 2014 IEEE Biennal Congress of Argentina (ARGENCON), pp. 651\u2013656, June 2014.<\/p>\n<p>12. P. Cossutta, M. P. Aguirre, M. A. Engelhardt, A. Cao, and M. I. Valla, \u201cHigh speed fixed point dsogi pll implementation on fpga for synchronization of grid connected power converters,\u201d in 2014 IEEE 23rd International Symposium on Industrial Electronics (ISIE), pp. 1372\u20131377, June 2014.<\/p>\n<p>13. H. P. Polenta, P. Cossutta, and A. Ray, \u201cImplementation of fault detection and prediction capabilities in a multilevel current source inverter,\u201d in 2014 IEEE Metrology for Aerospace (MetroAeroSpace), pp. 205\u2013210, May 2014.<\/p>\n<p>14. M. Aguirre, P. Cossutta, J. M. Bracco, and M. I. Valla, \u201cSincronizaci \u0301on con la red el \u0301ectrica de un convertidor multinivel fuente de corriente con control de balance para generaci\u00f3n fotovoltaica,\u201d in 2013 XV Workshop on Information Processing and Control (RPIC), Sept 2013.<\/p>\n<p>15. M. P. Aguirre, P. Cossutta, J. M. Bracco, and M. I. Valla, \u201cSistema de acoplamiento a la red para microgeneraci\u00f3n fotovoltaica distribuida,\u201d in 2013 Congreso Iberoamericano de Hidr\u00f3geno y Fuentes Sustentables de Energ\u00eda (HYFUSEN). C\u00f3rdoba, Argentina, Jun 2013.<\/p>\n<p>16. M. Aguirre, M. Engelhardt, J. Bracco, and M. Valla, \u201cCurrent balance control in a multilevel current source inverter,\u201d in Industrial Technology (ICIT), 2013 IEEE International Conference on, pp. 1567\u2013 1572, 2013.<\/p>\n<p>17. M. Aguirre, M. Ang\u00e9lico, J. Bracco, and M. Valla, \u201cBalance de corrientes en un convertidor multinivel fuente de corriente,\u201d in AADECA2012, XXIII Congreso Argentino de Control Autom\u00e1tico, sep. 2012.<\/p>\n<p>&nbsp;<\/p>\n<p>18. J. Tettamanti, A. Latini, and M. Aguirre, \u201cAn example of rapid design of power electronics control with fpga in matlab\/simulink,\u201d in SPL2011, VII Southern Conference on Programmable Logic, pp. 69\u201374, apr. 2011.<\/p>\n<p>19. M. Aguirre, A. Latini, H. Couto, and M. Valla, \u201cAn\u00e1lisis y simulaci\u00f3n de un sistema ininterrumpido de energ\u00eda mediante almacenamiento de hidr \u0301ogeno,\u201d in HYFUSEN2011, IV Congreso Nacional, III Congreso Iberoamericano Hidr\u00f3geno y Fuentes Sustentables de Energ \u0301\u0131a, vol. 02, jun. 2011.<\/p>\n<p>20. M. Aguirre and M. Valla, \u201cAn environmental friendly alternative for hydrogen production and electric energy generation,\u201d in IECON 2011 &#8211; 37th Annual Conference on IEEE Industrial Electronics Society,pp. 3099 \u20133104, nov. 2011.<\/p>\n<p>21. M. Aguirre, A. Latini, H. Couto, and M. Valla, \u201cConvertidor bidireccional para la producci\u00f3n de hidr\u00f3geno y generaci\u00f3n de electricidad,\u201d in RPIC2011, XIV Reuni\u00f3n de Trabajo en Procesamiento de la Informaci\u00f3n y Control, Nov. 2011.<\/p>\n<p>22. M. Aguirre, C. L., F. Corasaniti, and M. Valla, \u201cFiltro activo de modo corriente multinivel para mejorar la calidad de potencia en sistemas de distribuci\u00f3n,\u201d in AADECA2010, XXII Congreso Argentino de Control Autom\u00e1tico, vol. AF003328, sep. 2010.<\/p>\n<p>23. M. Aguirre, L. Calvi \u0303no, V. Corasaniti, and M. Valla, \u201cMultilevel current source inverter to improve power quality in a distribution network,\u201d in Industrial Electronics (ISIE), 2010 IEEE International Symposium on, pp. 3292 \u20133297, july 2010.<\/p>\n<p>24. M. Aguirre, L. Calvi\u00f1o, and M. Valla, \u201cFault tolerant multilevel current source inverter,\u201d in Industrial Technology (ICIT), 2010 IEEE International Conference on, pp. 1345 \u20131350, march 2010.<br \/>25. M. Aguirre, L. Calvi\u00f1o, L. Slobozian, and M. Valla, \u201cProtecci\u00f3n contra fallas en convertidores de modo corriente,\u201d in RPIC2009, XIII Reuni\u00f3n de Trabajo en Procesamiento de la Informaci\u00f3n y Control, Sep. 2009.<\/p>\n<p>[\/et_pb_toggle][\/et_pb_column][\/et_pb_row][et_pb_row column_structure=\u00bb1_2,1_2&#8243; _builder_version=\u00bb4.6.6&#8243; animation_style=\u00bbflip\u00bb][et_pb_column type=\u00bb1_2&#8243; _builder_version=\u00bb3.25&#8243; custom_padding=\u00bb|||\u00bb custom_padding__hover=\u00bb|||\u00bb][et_pb_image src=\u00bbhttps:\/\/centros-investigacion-nv.s3.amazonaws.com\/wp-content\/uploads\/sites\/4\/2020\/12\/centro-cidei4.jpg\u00bb title_text=\u00bbcentro-cidei4&#8243; _builder_version=\u00bb4.6.6&#8243; _module_preset=\u00bbdefault\u00bb][\/et_pb_image][\/et_pb_column][et_pb_column type=\u00bb1_2&#8243; _builder_version=\u00bb3.25&#8243; custom_padding=\u00bb|||\u00bb custom_padding__hover=\u00bb|||\u00bb][et_pb_image src=\u00bbhttps:\/\/centros-investigacion-nv.s3.amazonaws.com\/wp-content\/uploads\/sites\/4\/2020\/12\/centro-cidei5.jpg\u00bb title_text=\u00bbcentro-cidei5&#8243; _builder_version=\u00bb4.6.6&#8243; _module_preset=\u00bbdefault\u00bb][\/et_pb_image][\/et_pb_column][\/et_pb_row][et_pb_row _builder_version=\u00bb4.6.6&#8243;][et_pb_column type=\u00bb4_4&#8243; _builder_version=\u00bb3.25&#8243; custom_padding=\u00bb|||\u00bb custom_padding__hover=\u00bb|||\u00bb][et_pb_text _builder_version=\u00bb4.7.7&#8243; text_font=\u00bb||||||||\u00bb text_font_size=\u00bb15px\u00bb text_line_height=\u00bb1.8em\u00bb custom_padding=\u00bb|||\u00bb custom_padding_tablet=\u00bb|40px||40px||true\u00bb custom_padding_last_edited=\u00bboff|desktop\u00bb animation_style=\u00bbslide\u00bb hover_enabled=\u00bb0&#8243; locked=\u00bboff\u00bb sticky_enabled=\u00bb0&#8243;]<\/p>\n<h3><strong>Microgrid con alta penetraci\u00f3n de energ\u00eda fotovoltaica<\/strong><\/h3>\n<p>\u2022 Desarrollo, instrumentaci\u00f3n, modelado y control de una microgrid basada en energ\u00eda solar. Se dispone de una instalaci\u00f3n de 12 kW de paneles solares, conectados a una microgrid que a su vez se encuentra conectada a la red de la universidad. Se analizan distintas configuraciones y estrategias de control comparando los resultados de distintos convertidores, tanto comerciales, como prototipos desarrollados ad-hoc.<\/p>\n<p>Director: Miguel Aguirre, Co-director: Pablo Cossutta<\/p>\n<p>&nbsp;<\/p>\n<p>[\/et_pb_text][et_pb_toggle title=\u00bbPublicaciones en Congresos y Reuniones Cient\u00edficas\u00bb _builder_version=\u00bb4.6.6&#8243; _module_preset=\u00bbdefault\u00bb]<\/p>\n<p>1. R. Aliaga, J. Mu\u00f1oz, F. Cadena, P. Cossuta, M. Aguirre, and L. Mor\u00e1n, \u201cExperimental implementation of an electronic load for global maximum power point tracking,\u201d in 2016 IEEE 2nd Annual Southern Power Electronics Conference (SPEC), pp. 1\u20136, 2016<\/p>\n<p>[\/et_pb_toggle][\/et_pb_column][\/et_pb_row][et_pb_row _builder_version=\u00bb4.6.6&#8243;][et_pb_column type=\u00bb4_4&#8243; _builder_version=\u00bb3.25&#8243; custom_padding=\u00bb|||\u00bb custom_padding__hover=\u00bb|||\u00bb][et_pb_text _builder_version=\u00bb4.7.7&#8243; text_font=\u00bb||||||||\u00bb text_font_size=\u00bb15px\u00bb text_line_height=\u00bb1.8em\u00bb custom_padding=\u00bb|||\u00bb custom_padding_tablet=\u00bb|40px||40px||true\u00bb custom_padding_last_edited=\u00bboff|desktop\u00bb animation_style=\u00bbslide\u00bb hover_enabled=\u00bb0&#8243; locked=\u00bboff\u00bb sticky_enabled=\u00bb0&#8243;]<\/p>\n<h3><strong>Carga inal\u00e1mbrica<\/strong><\/h3>\n<p>\u2022 Desarrollo, instrumentaci\u00f3n, modelado y control de una plataforma para carga inal\u00e1mbrica de equipamiento electr\u00f3nico. El proyecto se divide en dos partes, debido a las caracter\u00edsticas especiales de cada aplicaci\u00f3n:<br \/> Alta potencia: especialmente orientado a veh\u00edculos el\u00e9ctricos<br \/> Baja potencia: para equipos y dispositivos electr\u00f3nicos de bajo consumo.<\/p>\n<p>\u2022 Se estudian los aspectos t\u00e9cnicos pr\u00e1cticos de las tecnolog\u00edas involucradas, as\u00ed como t\u00e9cnicas avanzadas de control no lineal, especialmente aptas debido a las caracter\u00edsticas particulares de la transferencia de energ\u00eda a trav\u00e9s del aire.<\/p>\n<p>Director: Pablo Cossutta, Tesista a cargo: Nicol\u00e1s Magliola<\/p>\n<p>&nbsp;<\/p>\n<p>[\/et_pb_text][\/et_pb_column][\/et_pb_row][\/et_pb_section]<\/p>\n","protected":false},"excerpt":{"rendered":"<p>Proyectos y Publicaciones Centro de I+D en Electr\u00f3nica Industrial Convertidor Multinivel Fuente de Corriente (MCSI) \u25cf Desarrollo, modelado y control de un prototipo MCSI modular con capacidad de funcionamiento tolerante a fallas.\u00a0\u25cf Desarrollo, modelado y control de un prototipo MCSI modular con capacidad de funcionamiento tolerante a fallas.\u00a0Se dispone de una plataforma de desarrollo de [&hellip;]<\/p>\n","protected":false},"author":7,"featured_media":0,"parent":0,"menu_order":0,"comment_status":"closed","ping_status":"closed","template":"","meta":{"_et_pb_use_builder":"on","_et_pb_old_content":"","_et_gb_content_width":"","footnotes":""},"class_list":["post-57","page","type-page","status-publish","hentry"],"_links":{"self":[{"href":"https:\/\/www.itba.edu.ar\/centros\/cidei\/wp-json\/wp\/v2\/pages\/57","targetHints":{"allow":["GET"]}}],"collection":[{"href":"https:\/\/www.itba.edu.ar\/centros\/cidei\/wp-json\/wp\/v2\/pages"}],"about":[{"href":"https:\/\/www.itba.edu.ar\/centros\/cidei\/wp-json\/wp\/v2\/types\/page"}],"author":[{"embeddable":true,"href":"https:\/\/www.itba.edu.ar\/centros\/cidei\/wp-json\/wp\/v2\/users\/7"}],"replies":[{"embeddable":true,"href":"https:\/\/www.itba.edu.ar\/centros\/cidei\/wp-json\/wp\/v2\/comments?post=57"}],"version-history":[{"count":18,"href":"https:\/\/www.itba.edu.ar\/centros\/cidei\/wp-json\/wp\/v2\/pages\/57\/revisions"}],"predecessor-version":[{"id":122,"href":"https:\/\/www.itba.edu.ar\/centros\/cidei\/wp-json\/wp\/v2\/pages\/57\/revisions\/122"}],"wp:attachment":[{"href":"https:\/\/www.itba.edu.ar\/centros\/cidei\/wp-json\/wp\/v2\/media?parent=57"}],"curies":[{"name":"wp","href":"https:\/\/api.w.org\/{rel}","templated":true}]}}