{"id":37,"date":"2020-11-20T14:54:22","date_gmt":"2020-11-20T14:54:22","guid":{"rendered":"https:\/\/www.itba.edu.ar\/centros\/cic\/?page_id=37"},"modified":"2021-01-22T17:12:38","modified_gmt":"2021-01-22T17:12:38","slug":"actividades-academicas","status":"publish","type":"page","link":"https:\/\/www.itba.edu.ar\/centros\/cic\/actividades-academicas\/","title":{"rendered":"Actividades Ac\u00e1demicas"},"content":{"rendered":"<p>[et_pb_section fb_built=\u00bb1&#8243; admin_label=\u00bbHero\u00bb _builder_version=\u00bb4.6.6&#8243; use_background_color_gradient=\u00bbon\u00bb background_color_gradient_start=\u00bbrgba(40,40,40,0.79)\u00bb background_color_gradient_end=\u00bbrgba(40,40,40,0.86)\u00bb background_color_gradient_type=\u00bbradial\u00bb background_color_gradient_direction_radial=\u00bbtop left\u00bb background_color_gradient_overlays_image=\u00bbon\u00bb background_image=\u00bbhttps:\/\/centros-investigacion-nv.s3.amazonaws.com\/wp-content\/uploads\/sites\/13\/2020\/11\/cic-header-actividades-academicos.jpg\u00bb background_blend=\u00bbhard-light\u00bb max_height=\u00bb400px\u00bb custom_margin=\u00bb||||false\u00bb custom_padding=\u00bb8vw||8vw||true|false\u00bb][et_pb_row _builder_version=\u00bb4.6.6&#8243; custom_margin=\u00bb-50px||||false|false\u00bb locked=\u00bboff\u00bb][et_pb_column type=\u00bb4_4&#8243; _builder_version=\u00bb3.25&#8243; custom_padding=\u00bb|||\u00bb custom_padding__hover=\u00bb|||\u00bb][et_pb_text _builder_version=\u00bb4.6.6&#8243; text_font=\u00bb||||||||\u00bb header_font=\u00bbRubik|700|||||||\u00bb header_font_size=\u00bb64px\u00bb header_line_height=\u00bb1.1em\u00bb background_layout=\u00bbdark\u00bb width=\u00bb100%\u00bb custom_margin=\u00bb||0px|\u00bb custom_padding=\u00bb|||16px\u00bb text_font_size_tablet=\u00bb14px\u00bb text_font_size_last_edited=\u00bboff|desktop\u00bb header_font_size_tablet=\u00bb44px\u00bb header_font_size_phone=\u00bb32px\u00bb header_font_size_last_edited=\u00bbon|phone\u00bb border_color_all=\u00bb#ADFF30&#8243; border_width_left=\u00bb10px\u00bb]<\/p>\n<h1>Actividades Ac\u00e1demicas<\/h1>\n<h2 style=\"color: #000\"><span style=\"background-color: #adff30;background-size: auto;line-height: 1.6;color: #000000\">Centro de Inteligencia Computacional<\/span><\/h2>\n<p>[\/et_pb_text][\/et_pb_column][\/et_pb_row][\/et_pb_section][et_pb_section fb_built=\u00bb1&#8243; admin_label=\u00bb Get a Quote\u00bb _builder_version=\u00bb4.6.6&#8243; background_color=\u00bb#ffffff\u00bb custom_padding=\u00bb|||\u00bb animation_style=\u00bbslide\u00bb animation_direction=\u00bbtop\u00bb animation_intensity_slide=\u00bb10%\u00bb box_shadow_style=\u00bbpreset3&#8243; box_shadow_vertical=\u00bb10px\u00bb box_shadow_blur=\u00bb105px\u00bb box_shadow_spread=\u00bb0px\u00bb box_shadow_color=\u00bbrgba(0,0,0,0.12)\u00bb][et_pb_row _builder_version=\u00bb4.6.6&#8243; background_color=\u00bb#ffffff\u00bb max_width=\u00bb80%\u00bb custom_margin=\u00bb|||\u00bb use_custom_width=\u00bbon\u00bb width_unit=\u00bboff\u00bb][et_pb_column type=\u00bb4_4&#8243; _builder_version=\u00bb4.6.6&#8243; background_color=\u00bb#ffffff\u00bb custom_padding=\u00bb|||\u00bb custom_padding__hover=\u00bb|||\u00bb][et_pb_text _builder_version=\u00bb4.7.7&#8243; _module_preset=\u00bbdefault\u00bb animation_style=\u00bbflip\u00bb]<\/p>\n<h2><strong>Materias obligatorias o electivas en el \u00e1rea<\/strong><\/h2>\n<p><strong><\/strong><\/p>\n<p><strong><\/strong><\/p>\n<ol>\n<li><span>Sistemas de Inteligencia Artificial<\/span><\/li>\n<li><span>Aprendizaje autom\u00e1tico<\/span><\/li>\n<li><span>An\u00e1lisis y tratamiento de im\u00e1genes<\/span><\/li>\n<li><span>Aprendizaje por refuerzo en rob\u00f3tica<\/span><\/li>\n<\/ol>\n<p><strong>&#8211;\u00a0 <\/strong>aa.it.itba.edu.ar<\/p>\n<p>&nbsp;<\/p>\n<p>&nbsp;<\/p>\n<h2><strong>Direcci\u00f3n de Proyectos Finales de Carrera<\/strong><\/h2>\n<p>[\/et_pb_text][et_pb_toggle title=\u00bbProyectos finales de grado \u00bb open_toggle_background_color=\u00bb#ffffff\u00bb closed_toggle_background_color=\u00bb#F4F4F4&#8243; disabled_on=\u00bboff|off|off\u00bb _builder_version=\u00bb4.7.7&#8243; _module_preset=\u00bbdefault\u00bb closed_title_font=\u00bbOpen Sans||||||||\u00bb background_color=\u00bb#ffffff\u00bb animation_style=\u00bbflip\u00bb]<\/p>\n<ul>\n<li>Entrenamiento de Agentes de videojuegos en base a identificaci\u00f3n de Potenciales de Error de se\u00f1ales de Electroencefalograf\u00eda (en curso).<br \/> Alumnos: Natalia Navas, Francisco Bartolom\u00e9, Juan Moreno, Jos\u00e9 Vitali, Santiago Manganaro Bello, Agust\u00edn Vazquez, Marcos Abelenda.<\/li>\n<li>Desarrollo de un sistema de control para un Robot de asistencia para procedimientos de Rehabilitaci\u00f3n Pulmonar (colaboraci\u00f3n con ALPI)<br \/> Alumno: Luciano Bianchi<\/li>\n<li>Identificaci\u00f3n autom\u00e1tica de Complejos K en registros de EEG en experimentos de Sue\u00f1o (colaboraci\u00f3n Lab. Sue\u00f1o y Memoria ITBA) (en curso).<br \/> Alumnos: Aylin Vazquez Chenlo, Julia Carosi<\/li>\n<li>Sistema de generaci\u00f3n param\u00e9trica de caras artificiales para estudios de memoria (colaboraci\u00f3n Lab. Sue\u00f1o y Memoria ITBA) (en curso).<br \/> Alumnos: Jimena Lozano, Maite Herr\u00e1n<\/li>\n<li>Dispositivo para estimulaci\u00f3n auditivo para disparar OBE basado en an\u00e1lisis de EEG online (colaboraci\u00f3n Lab. Sue\u00f1o y Memoria ITBA) (en curso).<br \/> Alumno: Dante Kienigiel<\/li>\n<li>Desarrollo de una interfaz para estimulaci\u00f3n usando el paradigma RVSP para un Deletreador basado en la detecci\u00f3n de potenciales P300 en se\u00f1ales de EEG (en curso)<br \/> Alumnos: Martin Grabina, Juan Cruz Grethe Borsani<\/li>\n<li>Sistema de AAC para el env\u00edo de comandos basado en el an\u00e1lisis de protocolos para identificar pesta\u00f1eos en base a un dispositivo de EOG comercial de bajo costo (colaboraci\u00f3n con ALPI) (en curso)<br \/> Alumnos: Mat\u00edas Buscaglia, Ezequiel Lynch, Ignacio Cifuentes.<\/li>\n<li>Estudio de la eficacia de un sistema multiagentes simulado de drones para combatir incendios forestales (en curso)<br \/> Alumno: Santiago Camisay<\/li>\n<li>An\u00e1lisis Autom\u00e1tico del Rendimiento de los Jugadores en Partidos de Voley (en curso)<br \/> Alumno: Agust\u00edn Izaguirre.<\/li>\n<li>Detecci\u00f3n de Emociones Faciales, (en curso)<br \/> Alumnos: Francisco Sanmartino, Andr\u00e9s DiGiovani.<\/li>\n<li>Detecci\u00f3n autom\u00e1tica y rastreo de Objetos en tiempo real.<br \/> Alumnos: Alejo Saqu\u00e9s, Julian Benitez, Nicol\u00e1s Marcantonio.<\/li>\n<li>Automated detection of facial expressions using image analysis<br \/> Alumnos: Lucas Casagrande, Nicol\u00e1s Kuyumciyan.<\/li>\n<li>Seguimiento de Objetos utilizando Contonor Activos (Universidad: INSA DE LYON)<br \/> Alumnos: Mat\u00edas Dwek.<\/li>\n<li>Segmentaci\u00f3n de im\u00e1genes por medio del m\u00e9todo Mean Shift,<br \/> Alumno: Ivana Azarola.<\/li>\n<li>Reconocimiento Autom\u00e1tico en Im\u00e1genes SAR,<br \/> Alumnos: Michel Aragopian, Tomas Colloca, Sebasti\u00e1n Di Nucci.<\/li>\n<li>Estudio sobre Reconocimiento Autom\u00e1tico de Objetos en Im\u00e1genes,<br \/> Alumnos: Meola F., Puente J., Strubolini D.<\/li>\n<li>Seguimiento de Objetos en Secuencias de Im\u00e1genes de Eventos Deportivos<br \/> Alumnos: J.P. Civile, A. Crespo, E. Ordano.<\/li>\n<li>M\u00e9todo de Seguimiento de Objetos en Secuencias de Im\u00e1genes,<br \/> Alumnos: P. Ballesty, M. Colotto y E. Sacruli.<\/li>\n<li>An\u00e1lisis de Datos de s\u00edntomas de Pacientes para el diagn\u00f3stico de COVID-19 (en curso) Alumnos: Fermin Gomez, Pedro Remigio Pingarelho, Miguel DiLuca<\/li>\n<li>Interpretaci\u00f3n de Im\u00e1genes de Microscop\u00eda,<br \/> Alumnos: Roc\u00edo dela Sala, Ariel Martinez, Proyecto en Curso.<\/li>\n<li>Estudio comparativo sobre visi\u00f3n est\u00e9reo en tiempo real para c\u00e1maras de recursos limitados.<br \/> Alumnos: Dario Susnisky y Dario Sneidermanis<\/li>\n<li>Robot recolector de residuos<em>,<br \/> <\/em>Alumnos<em>: <\/em>Juan Ignacio Go\u00f1i, Guillermo Campelo, Diego Nul<\/li>\n<li>Desarrollo de un minirobot para uso acad\u00e9mico,<br \/> Alumnos: Gonzalo Rey, Gou Xin We y Augusto Nizzo Mc Intosh<\/li>\n<li>Navegaci\u00f3n con odometr\u00eda y marcas del entorno de robot aut\u00f3nomo,<br \/> Alumnos: Juan Mart\u00edn Carranza y Eric Campbel<\/li>\n<li>Sobre Computaci\u00f3n con Gram\u00e1ticas, Ambig\u00fcedad y Adaptatividad,<br \/> Alumno: Agust\u00edn Golmar<\/li>\n<li>Contribuci\u00f3n al relevamiento y estado del arte en Aprendizaje por Refuerzo,<br \/> Alumno: Lucas Emery<\/li>\n<li>Aprendizaje por Refuerzo con redes neuronales profundas, Alumno: Francisco Delgado (en curso)<\/li>\n<li>Aprendizaje por Refuerzo con opciones. Una aproximaci\u00f3n al uso de funciones de refuerzo universales, Alumno: Giuliano\u00a0 Scaglioni, Mat\u00edas Adriel Heimann y Diego Luciano Bruno Cillia (en curso)<\/li>\n<\/ul>\n<p>&#8211; Varios estudiantes han llevado a cabo su proyecto final de posgrado bajo la tutor\u00eda de miembros del\u00a0 CIC:<\/p>\n<ul>\n<li>Procedimiento para la eliminaci\u00f3n de Artefactos de Se\u00f1ales de EEG basado en t\u00e9cnicas de Separaci\u00f3n de Fuentes (en curso)<br \/> Alumna: Maggie Tobar<\/li>\n<li>Identificaci\u00f3n y experimentaci\u00f3n de disonancia mediante la identificaci\u00f3n autom\u00e1tica de patrones N400 de se\u00f1ales de EEG (en curso)<br \/> Alumna: Roxana Iba\u00f1ez<\/li>\n<li>Predicci\u00f3n de pacientes con enfermedades reum\u00e1ticas en M\u00e9xico,<br \/> Alumna: Karen Roberts<\/li>\n<li>Comparativa de Rendimiento de clasificaci\u00f3n de espectrogramas de ondas gravitaciones mediante la utilizaci\u00f3n de t\u00e9cnicas de Machine Learning.<br \/> Alumno: Ezequiel H. Martinez<\/li>\n<li>Clasificaci\u00f3n Autom\u00e1tica de Im\u00e1genes de G\u00f3ndolas de Supermercados.<br \/> Alumno: Francisco Simone<\/li>\n<li>Detecci\u00f3n de puntos de cambio en la tendencia de la fecundidad en Argentina entre 2011 y 2017.<br \/> Alumno: Carlos Guevel.<\/li>\n<li>Estimaci\u00f3n de la probabilidad de default, metodolog\u00edas alternativas,<br \/> Alumno: M\u00e1ximo Sangi\u00e1como.<\/li>\n<li>Modelo predictivo de pasajeros y movimientos de aeronaves para cada aeropuerto del pa\u00eds,<br \/> Alumno: Tomas R. Hughes. Trabajo en curso.<\/li>\n<li>Clasificaci\u00f3n de Expresiones faciales en Im\u00e1genes<br \/> Alumno: Pablo Markous.<\/li>\n<li>Modelo de diagn\u00f3stico por im\u00e1genes de estudios endosc\u00f3picos capsulares<br \/> Alumno: Lucas Pando.<\/li>\n<li>Aplicaci\u00f3n de Procesamiento de Lenguaje Natural en el Marketing,<br \/> Alumno: Demian Pablo.<\/li>\n<li>Estimaci\u00f3n de tiempos de espera en peajes,<br \/> Alumno: Juli\u00e1n Ail\u00e1n.<\/li>\n<li>Uso de modelado predictivo y tecnolog\u00edas de internet de las cosas en la ense\u00f1anza y aprendizaje de Hockey sobre cesped\u00a8<br \/> Alumno: Marcos Boaglio.<\/li>\n<li>Pron\u00f3stico de demanda de uso de aeropuertos en Argentina al 2022,<br \/> Alumno: Jos\u00e9 Ignacio L\u00f3pez S\u00e1ez.<\/li>\n<li>Clasificaci\u00f3n autom\u00e1tica de spam en comercio electr\u00f3nico,<br \/> Alumno: Agustina Danino.<\/li>\n<\/ul>\n<p>[\/et_pb_toggle][et_pb_toggle title=\u00bbProyectos finales de posgrado \u00bb open_toggle_background_color=\u00bb#ffffff\u00bb closed_toggle_background_color=\u00bb#F4F4F4&#8243; disabled_on=\u00bboff|off|off\u00bb _builder_version=\u00bb4.7.7&#8243; _module_preset=\u00bbdefault\u00bb closed_title_font=\u00bbOpen Sans||||||||\u00bb background_color=\u00bb#ffffff\u00bb animation_style=\u00bbflip\u00bb]<\/p>\n<p>&nbsp;<\/p>\n<ul>\n<li>Procedimiento para la eliminaci\u00f3n de Artefactos de Se\u00f1ales de EEG basado en t\u00e9cnicas de Separaci\u00f3n de Fuentes (en curso)<br \/> Alumna: Maggie Tobar<\/li>\n<li>Identificaci\u00f3n y experimentaci\u00f3n de disonancia mediante la identificaci\u00f3n autom\u00e1tica de patrones N400 de se\u00f1ales de EEG (en curso)<br \/> Alumna: Roxana Iba\u00f1ez<\/li>\n<li>Predicci\u00f3n de pacientes con enfermedades reum\u00e1ticas en M\u00e9xico,<br \/> Alumna: Karen Roberts<\/li>\n<li>Comparativa de Rendimiento de clasificaci\u00f3n de espectrogramas de ondas gravitaciones mediante la utilizaci\u00f3n de t\u00e9cnicas de Machine Learning.<br \/> Alumno: Ezequiel H. Martinez<\/li>\n<li>Clasificaci\u00f3n Autom\u00e1tica de Im\u00e1genes de G\u00f3ndolas de Supermercados.<br \/> Alumno: Francisco Simone<\/li>\n<li>Detecci\u00f3n de puntos de cambio en la tendencia de la fecundidad en Argentina entre 2011 y 2017.<br \/> Alumno: Carlos Guevel.<\/li>\n<li>Estimaci\u00f3n de la probabilidad de default, metodolog\u00edas alternativas,<br \/> Alumno: M\u00e1ximo Sangi\u00e1como.<\/li>\n<li>Modelo predictivo de pasajeros y movimientos de aeronaves para cada aeropuerto del pa\u00eds,<br \/> Alumno: Tomas R. Hughes. Trabajo en curso.<\/li>\n<li>Clasificaci\u00f3n de Expresiones faciales en Im\u00e1genes<br \/> Alumno: Pablo Markous.<\/li>\n<li>Modelo de diagn\u00f3stico por im\u00e1genes de estudios endosc\u00f3picos capsulares<br \/> Alumno: Lucas Pando.<\/li>\n<li>Aplicaci\u00f3n de Procesamiento de Lenguaje Natural en el Marketing,<br \/> Alumno: Demian Pablo.<\/li>\n<li>Estimaci\u00f3n de tiempos de espera en peajes,<br \/> Alumno: Juli\u00e1n Ail\u00e1n.<\/li>\n<li>Uso de modelado predictivo y tecnolog\u00edas de internet de las cosas en la ense\u00f1anza y aprendizaje de Hockey sobre cesped\u00a8<br \/> Alumno: Marcos Boaglio.<\/li>\n<li>Pron\u00f3stico de demanda de uso de aeropuertos en Argentina al 2022,<br \/> Alumno: Jos\u00e9 Ignacio L\u00f3pez S\u00e1ez.<\/li>\n<li>Clasificaci\u00f3n autom\u00e1tica de spam en comercio electr\u00f3nico,<br \/> Alumno: Agustina Danino.<\/li>\n<\/ul>\n<p>[\/et_pb_toggle][et_pb_toggle title=\u00bbTesis de doctorado \u00bb open_toggle_background_color=\u00bb#ffffff\u00bb closed_toggle_background_color=\u00bb#F4F4F4&#8243; disabled_on=\u00bboff|off|off\u00bb _builder_version=\u00bb4.7.7&#8243; _module_preset=\u00bbdefault\u00bb closed_title_font=\u00bbOpen Sans||||||||\u00bb background_color=\u00bb#ffffff\u00bb animation_style=\u00bbflip\u00bb]<\/p>\n<p><strong>En curso:<\/strong><\/p>\n<ul>\n<li>Alumna Marcela Guerrero, Tema: Recuperaci\u00f3n y Clasificaci\u00f3n de Objetos 3D utilizando Atributos Geom\u00e9tricos de Im\u00e1genes. Doctorado en Ingenier\u00eda Inform\u00e1tica, Instituto Tecnol\u00f3gico de Buenos Aires.<\/li>\n<\/ul>\n<p><strong>Finalizadas:<\/strong><\/p>\n<ul>\n<li>Rodrigo Ezequiel Ramele. Tema: <em><\/em>Histogram of gradient orientations of EEG signal plots for brain computer interfaces. Doctorado en Ingenier\u00eda Inform\u00e1tica, Instituto Tecnol\u00f3gico de Buenos Aires.<\/li>\n<li>Mar\u00eda Cristina Parpaglione. Tema: Contribuci\u00f3n al estudio de la ingenier\u00eda inversa de comportamientos emergentes en sistemas multi-agente. Doctorado en Ingenier\u00eda Inform\u00e1tica, Instituto Tecnol\u00f3gico de Buenos Aires.<\/li>\n<\/ul>\n<p>[\/et_pb_toggle][et_pb_text _builder_version=\u00bb4.7.7&#8243; _module_preset=\u00bbdefault\u00bb hover_enabled=\u00bb0&#8243; sticky_enabled=\u00bb0&#8243;]<\/p>\n<h3><strong><\/strong><\/h3>\n<p><strong><\/strong><\/p>\n<p><strong><\/strong><\/p>\n<h2><strong>Impacto institucional<\/strong><\/h2>\n<p><strong><\/strong><\/p>\n<p>&#8211; Posibilidad de obtener subsidios y de realizar servicios tecnol\u00f3gicos.<br \/> &#8211; Formaci\u00f3n de recursos humanos en el \u00e1rea.<br \/> &#8211; Posibilidad de integraci\u00f3n con otras disciplinas (i.e. mec\u00e1nica, electr\u00f3nica,\u00a0 bioingenier\u00eda).<\/p>\n<p>[\/et_pb_text][\/et_pb_column][\/et_pb_row][\/et_pb_section]<\/p>\n","protected":false},"excerpt":{"rendered":"<p>Actividades Ac\u00e1demicas Centro de Inteligencia ComputacionalMaterias obligatorias o electivas en el \u00e1rea Sistemas de Inteligencia Artificial Aprendizaje autom\u00e1tico An\u00e1lisis y tratamiento de im\u00e1genes Aprendizaje por refuerzo en rob\u00f3tica &#8211;\u00a0 aa.it.itba.edu.ar &nbsp; &nbsp; Direcci\u00f3n de Proyectos Finales de Carrera Entrenamiento de Agentes de videojuegos en base a identificaci\u00f3n de Potenciales de Error de se\u00f1ales de Electroencefalograf\u00eda [&hellip;]<\/p>\n","protected":false},"author":7,"featured_media":0,"parent":0,"menu_order":0,"comment_status":"closed","ping_status":"closed","template":"","meta":{"_et_pb_use_builder":"on","_et_pb_old_content":"","_et_gb_content_width":"","footnotes":""},"class_list":["post-37","page","type-page","status-publish","hentry"],"_links":{"self":[{"href":"https:\/\/www.itba.edu.ar\/centros\/cic\/wp-json\/wp\/v2\/pages\/37","targetHints":{"allow":["GET"]}}],"collection":[{"href":"https:\/\/www.itba.edu.ar\/centros\/cic\/wp-json\/wp\/v2\/pages"}],"about":[{"href":"https:\/\/www.itba.edu.ar\/centros\/cic\/wp-json\/wp\/v2\/types\/page"}],"author":[{"embeddable":true,"href":"https:\/\/www.itba.edu.ar\/centros\/cic\/wp-json\/wp\/v2\/users\/7"}],"replies":[{"embeddable":true,"href":"https:\/\/www.itba.edu.ar\/centros\/cic\/wp-json\/wp\/v2\/comments?post=37"}],"version-history":[{"count":10,"href":"https:\/\/www.itba.edu.ar\/centros\/cic\/wp-json\/wp\/v2\/pages\/37\/revisions"}],"predecessor-version":[{"id":71,"href":"https:\/\/www.itba.edu.ar\/centros\/cic\/wp-json\/wp\/v2\/pages\/37\/revisions\/71"}],"wp:attachment":[{"href":"https:\/\/www.itba.edu.ar\/centros\/cic\/wp-json\/wp\/v2\/media?parent=37"}],"curies":[{"name":"wp","href":"https:\/\/api.w.org\/{rel}","templated":true}]}}