{"id":11,"date":"2020-11-20T14:27:52","date_gmt":"2020-11-20T14:27:52","guid":{"rendered":"https:\/\/www.itba.edu.ar\/centros\/cic\/?page_id=11"},"modified":"2020-12-02T15:20:32","modified_gmt":"2020-12-02T15:20:32","slug":"el-centro","status":"publish","type":"page","link":"https:\/\/www.itba.edu.ar\/centros\/cic\/","title":{"rendered":"El Centro"},"content":{"rendered":"<p>[et_pb_section fb_built=\u00bb1&#8243; admin_label=\u00bbHero\u00bb _builder_version=\u00bb4.6.6&#8243; use_background_color_gradient=\u00bbon\u00bb background_color_gradient_start=\u00bbrgba(40,40,40,0.79)\u00bb background_color_gradient_end=\u00bbrgba(40,40,40,0.86)\u00bb background_color_gradient_type=\u00bbradial\u00bb background_color_gradient_direction_radial=\u00bbtop left\u00bb background_color_gradient_overlays_image=\u00bbon\u00bb background_image=\u00bbhttps:\/\/centros-investigacion-nv.s3.amazonaws.com\/wp-content\/uploads\/sites\/13\/2020\/11\/cic-header-inicio.jpg\u00bb background_blend=\u00bbdifference\u00bb custom_margin=\u00bb||||false\u00bb custom_padding=\u00bb10vw||10vw||true|false\u00bb][et_pb_row column_structure=\u00bb2_3,1_3&#8243; _builder_version=\u00bb3.25&#8243;][et_pb_column type=\u00bb2_3&#8243; _builder_version=\u00bb3.25&#8243; custom_padding=\u00bb|||\u00bb custom_padding__hover=\u00bb|||\u00bb][et_pb_text _builder_version=\u00bb4.6.6&#8243; text_font=\u00bb||||||||\u00bb header_font=\u00bbRubik|700|||||||\u00bb header_font_size=\u00bb64px\u00bb header_line_height=\u00bb1.1em\u00bb background_layout=\u00bbdark\u00bb max_width=\u00bb800px\u00bb custom_margin=\u00bb||0px|\u00bb custom_padding=\u00bb|||16px\u00bb text_font_size_tablet=\u00bb14px\u00bb text_font_size_last_edited=\u00bboff|desktop\u00bb header_font_size_tablet=\u00bb44px\u00bb header_font_size_phone=\u00bb32px\u00bb header_font_size_last_edited=\u00bbon|phone\u00bb border_color_all=\u00bb#adff30&#8243; border_width_left=\u00bb10px\u00bb]<\/p>\n<h1>CIC<\/h1>\n<h2 style=\"color: #000\"><span style=\"background-color: #adff30;background-size: auto;line-height: 1.6;color: #000000\">Centro de Inteligencia Computacional<\/span><\/h2>\n<p><span style=\"font-size: 26px\">Departamento de Ingenier\u00eda Inform\u00e1tica<\/span><\/p>\n<p>[\/et_pb_text][\/et_pb_column][et_pb_column type=\u00bb1_3&#8243; _builder_version=\u00bb3.25&#8243; custom_padding=\u00bb|||\u00bb custom_padding__hover=\u00bb|||\u00bb][\/et_pb_column][\/et_pb_row][\/et_pb_section][et_pb_section fb_built=\u00bb1&#8243; admin_label=\u00bbAbout Us\u00bb _builder_version=\u00bb3.22&#8243;][et_pb_row _builder_version=\u00bb4.6.6&#8243;][et_pb_column type=\u00bb4_4&#8243; _builder_version=\u00bb3.25&#8243; custom_padding=\u00bb|||\u00bb custom_padding__hover=\u00bb|||\u00bb][et_pb_text _builder_version=\u00bb4.6.6&#8243; text_font=\u00bb||||||||\u00bb text_font_size=\u00bb15px\u00bb text_line_height=\u00bb1.8em\u00bb custom_padding=\u00bb|||\u00bb custom_padding_tablet=\u00bb|40px||40px||true\u00bb custom_padding_last_edited=\u00bboff|desktop\u00bb animation_style=\u00bbflip\u00bb]<\/p>\n<p><strong>\u00c1rea estrat\u00e9gica y\u00a0Capacidad\/es:<\/strong>\u00a0TICs, inform\u00e1tica y aprendizaje<\/p>\n<p><strong>\u00c1rea del conocimiento:<\/strong> Inform\u00e1tica<\/p>\n<p><strong>Sub-\u00e1rea<\/strong>: Inteligencia Computacional<\/p>\n<p><strong>Dirigido a:<\/strong> todos los<strong>\u00a0<\/strong>sectores gubernamentales, todo tipo de industrias y todo tipo de empresas.<\/p>\n<p><strong><\/strong><\/p>\n<hr \/>\n<p>&nbsp;<\/p>\n<h2><\/h2>\n<p>[\/et_pb_text][et_pb_text _builder_version=\u00bb4.6.6&#8243; text_font=\u00bb||||||||\u00bb text_font_size=\u00bb15px\u00bb text_line_height=\u00bb1.8em\u00bb custom_margin=\u00bb-51px|||||\u00bb custom_padding=\u00bb|||\u00bb custom_padding_tablet=\u00bb|40px||40px||true\u00bb custom_padding_last_edited=\u00bboff|desktop\u00bb animation_style=\u00bbflip\u00bb]<\/p>\n<p><strong>Objetivos:<\/strong><\/p>\n<p>Estudio, investigaci\u00f3n y desarrollo de nuevos m\u00e9todos en el \u00e1rea de la inteligencia computacional con miras a contribuir tanto desde el punto de vista te\u00f3rico como aplicado al avance en el conocimiento como en aplicaciones que ayuden a mejorar la calidad de vida de la sociedad.\u00a0 Esto se materializa a trav\u00e9s de la vinculaci\u00f3n con los sectores productivos, la realizaci\u00f3n de proyectos de investigaci\u00f3n, desarrollo e innovaci\u00f3n, y la formaci\u00f3n de profesionales en dicha \u00e1rea.<\/p>\n<p><strong><\/strong><\/p>\n<hr \/>\n<p>&nbsp;<\/p>\n<h2><\/h2>\n<p>[\/et_pb_text][et_pb_text _builder_version=\u00bb4.6.6&#8243; text_font=\u00bb||||||||\u00bb text_font_size=\u00bb15px\u00bb text_line_height=\u00bb1.8em\u00bb custom_margin=\u00bb-51px|||||\u00bb custom_padding=\u00bb|||\u00bb custom_padding_tablet=\u00bb|40px||40px||true\u00bb custom_padding_last_edited=\u00bboff|desktop\u00bb animation_style=\u00bbflip\u00bb]<\/p>\n<p><strong>Aplicaciones potenciales:<\/strong><\/p>\n<p>Dentro de las actividades y aplicaciones que ya se han desarrollado y de las potenciales que se puedan desarrollar, se encuentran la consultor\u00eda en inteligencia computacional aplicada a la rob\u00f3tica, an\u00e1lisis de se\u00f1ales y\/o im\u00e1genes biom\u00e9dicas, an\u00e1lisis y tratamiento de im\u00e1genes para aplicaciones espec\u00edficas y al dise\u00f1o y desarrollo de prototipos rob\u00f3ticos aut\u00f3nomos para fines espec\u00edficos.<\/p>\n<p><strong><\/strong><\/p>\n<hr \/>\n<p>&nbsp;<\/p>\n<h2><\/h2>\n<p>[\/et_pb_text][et_pb_text _builder_version=\u00bb4.6.6&#8243; text_font=\u00bb||||||||\u00bb text_font_size=\u00bb15px\u00bb text_line_height=\u00bb1.8em\u00bb min_height=\u00bb181px\u00bb custom_margin=\u00bb-51px|||||\u00bb custom_padding=\u00bb|||\u00bb custom_padding_tablet=\u00bb|40px||40px||true\u00bb custom_padding_last_edited=\u00bboff|desktop\u00bb animation_style=\u00bbflip\u00bb]<\/p>\n<p><strong>Ventajas:<\/strong><\/p>\n<p>La inteligencia computacional est\u00e1 presente en una gran variedad de aplicaciones con las que interactuamos a diario, o al menos, que conocemos como usuarios finales. La posibilidad de aplicar t\u00e9cnicas de aprendizaje, reconocimiento de se\u00f1ales, tratamiento de im\u00e1genes y desarrollo de robots, en campos tan variados como la industria, el agro, la medicina, la explotaci\u00f3n petrolera, la inspecci\u00f3n de objetos peligrosos o de lugares de dif\u00edcil, o potencialmente da\u00f1ino, acceso para los humanos, representan ventajas comparativas respecto a otros enfoques tradicionales o menos eficaces o menos eficientes (aa.it.itba.edu.ar).<\/p>\n<p><strong><\/strong><\/p>\n<hr \/>\n<p>&nbsp;<\/p>\n<h2><\/h2>\n<p>[\/et_pb_text][\/et_pb_column][\/et_pb_row][\/et_pb_section]<\/p>\n","protected":false},"excerpt":{"rendered":"<p>CIC Centro de Inteligencia Computacional Departamento de Ingenier\u00eda Inform\u00e1tica\u00c1rea estrat\u00e9gica y\u00a0Capacidad\/es:\u00a0TICs, inform\u00e1tica y aprendizaje \u00c1rea del conocimiento: Inform\u00e1tica Sub-\u00e1rea: Inteligencia Computacional Dirigido a: todos los\u00a0sectores gubernamentales, todo tipo de industrias y todo tipo de empresas. &nbsp; Objetivos: Estudio, investigaci\u00f3n y desarrollo de nuevos m\u00e9todos en el \u00e1rea de la inteligencia computacional con miras a contribuir [&hellip;]<\/p>\n","protected":false},"author":7,"featured_media":0,"parent":0,"menu_order":0,"comment_status":"closed","ping_status":"closed","template":"","meta":{"_et_pb_use_builder":"on","_et_pb_old_content":"","_et_gb_content_width":"","footnotes":""},"class_list":["post-11","page","type-page","status-publish","hentry"],"_links":{"self":[{"href":"https:\/\/www.itba.edu.ar\/centros\/cic\/wp-json\/wp\/v2\/pages\/11","targetHints":{"allow":["GET"]}}],"collection":[{"href":"https:\/\/www.itba.edu.ar\/centros\/cic\/wp-json\/wp\/v2\/pages"}],"about":[{"href":"https:\/\/www.itba.edu.ar\/centros\/cic\/wp-json\/wp\/v2\/types\/page"}],"author":[{"embeddable":true,"href":"https:\/\/www.itba.edu.ar\/centros\/cic\/wp-json\/wp\/v2\/users\/7"}],"replies":[{"embeddable":true,"href":"https:\/\/www.itba.edu.ar\/centros\/cic\/wp-json\/wp\/v2\/comments?post=11"}],"version-history":[{"count":6,"href":"https:\/\/www.itba.edu.ar\/centros\/cic\/wp-json\/wp\/v2\/pages\/11\/revisions"}],"predecessor-version":[{"id":66,"href":"https:\/\/www.itba.edu.ar\/centros\/cic\/wp-json\/wp\/v2\/pages\/11\/revisions\/66"}],"wp:attachment":[{"href":"https:\/\/www.itba.edu.ar\/centros\/cic\/wp-json\/wp\/v2\/media?parent=11"}],"curies":[{"name":"wp","href":"https:\/\/api.w.org\/{rel}","templated":true}]}}